{"id":3057,"date":"2023-11-17T04:23:08","date_gmt":"2023-11-17T04:23:08","guid":{"rendered":"https:\/\/exceladvisor.org\/de\/quadratzahl\/"},"modified":"2023-12-03T13:04:39","modified_gmt":"2023-12-03T13:04:39","slug":"quadratzahl","status":"publish","type":"page","link":"https:\/\/exceladvisor.org\/de\/quadratzahl\/","title":{"rendered":"Wie quadriert man eine zahl in excel?"},"content":{"rendered":"<div class=\"excel-vor-dem-inhalt\" id=\"excel-1083862792\"><script type=\"text\/javascript\">\r\n\tatOptions = {\r\n\t\t'key' : 'c1158f160081d6540a8409e6925dab94',\r\n\t\t'format' : 'iframe',\r\n\t\t'height' : 250,\r\n\t\t'width' : 300,\r\n\t\t'params' : {}\r\n\t};\r\n<\/script>\r\n<script type=\"text\/javascript\" src=\"\/\/www.highperformanceformat.com\/c1158f160081d6540a8409e6925dab94\/invoke.js\"><\/script><\/div> <p>Wenn Sie eine Zahl in Excel quadrieren m\u00f6chten, gibt es zwei einfache M\u00f6glichkeiten, die Methoden anzuwenden, und beide Methoden funktionieren gleich. Sie m\u00fcssen die Zahl angeben, f\u00fcr die Sie das Quadrat berechnen m\u00f6chten, und 2 angeben, da Sie das Quadrat berechnen m\u00f6chten.<\/p><p> Sp\u00e4ter in diesem Tutorial werden wir ein Beispiel verwenden, um es zu verstehen.<\/p><h2 class=\"wp-block-heading\"> Benutze POWER, um das Quadrat zu berechnen<\/h2><ol type=\"1\"><li> Geben Sie die POWER-Funktion in die Zelle ein.<\/li><li> Sehen Sie sich die Zelle an, in der Sie die Zahl haben, f\u00fcr die Sie das Quadrat berechnen m\u00fcssen.<\/li><li> Geben Sie im zweiten Argument 2 ein, da Sie die Potenz auf 2 erh\u00f6hen m\u00fcssen.<\/li><li> Schlie\u00dfen Sie die Funktion und dr\u00fccken Sie die Eingabetaste. <\/li><\/ol><div class=\"wp-block-image\"><figure class=\"aligncenter size-full is-resized\"><img loading=\"lazy\" decoding=\"async\" class=\"wp-image-67624\" src=\"https:\/\/exceladvisor.org\/wp-content\/uploads\/2023\/08\/1-puissance-pour-calculer-le-carre.png\" sizes=\"auto, \" srcset=\"\" alt=\"Kraft zum Quadratrechnen\" width=\"537\" height=\"430\"><\/figure><\/div><p> Sobald Sie die Eingabetaste dr\u00fccken m\u00fcssen, gibt die Funktion das Quadrat zur\u00fcck, wie Sie im obigen Beispiel sehen k\u00f6nnen.<\/p><h2 class=\"wp-block-heading\"> Verwendung des Potenzoperators (^)<\/h2><p> Auf die gleiche Weise verwenden Sie auch den Potenzoperator (^), um das Quadrat einer Zahl in Excel zu berechnen. Und bei dieser Methode m\u00fcssen Sie keine Funktion verwenden. Hier ist die Methode:<\/p><ol type=\"1\"><li> Sehen Sie sich die Zelle an, in der Sie eine Zahl haben, deren Quadrat Sie berechnen m\u00f6chten.<\/li><li> Geben Sie \u00fcber die Tastatur ein ^ ein (Sie finden es auf der Zifferntaste 6).<\/li><li> Typ 2, der Excel anweist, seine Leistung auf 2 zu erh\u00f6hen.<\/li><li> Dr\u00fccken Sie die Eingabetaste, um das Ergebnis zu erhalten. <\/li><\/ol><div class=\"wp-block-image\"><figure class=\"aligncenter size-full is-resized\"><img loading=\"lazy\" decoding=\"async\" class=\"wp-image-67625\" src=\"https:\/\/exceladvisor.org\/wp-content\/uploads\/2023\/08\/2-operateur-de-puissance.png\" sizes=\"auto, \" srcset=\"\" alt=\"Strombetreiber\" width=\"414\" height=\"329\"><\/figure><\/div><p> Wie gesagt, beide Funktionen funktionieren gleich und sind recht einfach zu bedienen. Aber Sie k\u00f6nnen eine nach Ihren Bed\u00fcrfnissen ausw\u00e4hlen. <\/p><div class=\"gb-container gb-container-52dfcee1 gb-container-sample-file\"><h2 class=\"gb-headline gb-headline-e289c143 gb-headline-text gb-headline-4f7959c2\"> Holen Sie sich die Excel-Datei<\/h2> <a class=\"gb-button gb-button-e88d6bee gb-button-text gb-button-button1\" href=\"https:\/\/exceladvisor.org\/wp-content\/uploads\/2023\/08\/mettre-un-nombre-au-carre.xlsx\" rel=\"nofollow\">Herunterladen<\/a><\/div><div class=\"gb-container gb-container-0df56012 gb-container-mt\"> <a class=\"gb-button gb-button-f9f432f4 gb-button-text gb-button-mt-button\" href=\"https:\/\/exceladvisor.org\/de\/formeln\/\">Liste der Excel-Formeln<\/a><h2 class=\"gb-headline gb-headline-233444e8 gb-headline-text gb-headline-mt-heading\"> Verwandte Formeln <\/h2><div class=\"gb-grid-wrapper gb-grid-wrapper-a16fa65c gb-grid-wrapper-mt-grid\"><div class=\"gb-grid-column gb-grid-column-50d07e0d\"><div class=\"gb-container gb-container-50d07e0d\"><ul><li> Kubikwurzel in Excel berechnen<\/li><li> <a href=\"https:\/\/exceladvisor.org\/de\/prozentualer-unterschied\/\">Berechnen Sie die prozentuale Varianz (Differenz) in Excel<\/a><\/li><li> <a href=\"https:\/\/exceladvisor.org\/de\/quadratwurzel\/\">Berechnen Sie die Quadratwurzel in Excel + f\u00fcgen Sie ein Symbol ein<\/a><\/li><li> <a href=\"https:\/\/exceladvisor.org\/de\/ist-nicht-gleich\/\">Entspricht nicht dem Operator in Excel<\/a> <\/li><\/ul><\/div><\/div><div class=\"gb-grid-column gb-grid-column-5b4a0cf9\"><div class=\"gb-container gb-container-5b4a0cf9\"><\/div><\/div><\/div><\/div>","protected":false},"excerpt":{"rendered":"","protected":false},"author":1,"featured_media":0,"parent":0,"menu_order":0,"comment_status":"open","ping_status":"closed","template":"","meta":{"ub_ctt_via":"","footnotes":""},"class_list":["post-3057","page","type-page","status-publish","hentry"],"featured_image_src":null,"yoast_head":"<!-- This site is optimized with the Yoast SEO plugin v25.4 - https:\/\/yoast.com\/wordpress\/plugins\/seo\/ -->\n<title>Wie quadriert man eine Zahl in Excel? - Excel-Berater<\/title>\n<meta name=\"description\" content=\"In diesem Formel-Tutorial lernen wir, wie man eine Zahl in Excel mit einer einfachen, leicht verst\u00e4ndlichen Methode quadriert.\" \/>\n<meta name=\"robots\" content=\"index, follow, max-snippet:-1, max-image-preview:large, max-video-preview:-1\" \/>\n<link rel=\"canonical\" href=\"https:\/\/exceladvisor.org\/de\/quadratzahl\/\" \/>\n<meta property=\"og:locale\" content=\"de_DE\" \/>\n<meta property=\"og:type\" content=\"article\" \/>\n<meta property=\"og:title\" content=\"Wie quadriert man eine Zahl in Excel? - Excel-Berater\" \/>\n<meta property=\"og:description\" content=\"In diesem Formel-Tutorial lernen wir, wie man eine Zahl in Excel mit einer einfachen, leicht verst\u00e4ndlichen Methode quadriert.\" \/>\n<meta property=\"og:url\" content=\"https:\/\/exceladvisor.org\/de\/quadratzahl\/\" \/>\n<meta property=\"og:site_name\" content=\"Excel Advisor\" \/>\n<meta property=\"article:modified_time\" content=\"2023-12-03T13:04:39+00:00\" \/>\n<meta property=\"og:image\" content=\"https:\/\/exceladvisor.org\/wp-content\/uploads\/2023\/08\/1-puissance-pour-calculer-le-carre.png\" \/>\n<meta name=\"twitter:card\" content=\"summary_large_image\" \/>\n<meta name=\"twitter:label1\" content=\"Gesch\u00e4tzte Lesezeit\" \/>\n\t<meta name=\"twitter:data1\" content=\"1\u00a0Minute\" \/>\n<script type=\"application\/ld+json\" class=\"yoast-schema-graph\">{\"@context\":\"https:\/\/schema.org\",\"@graph\":[{\"@type\":\"WebPage\",\"@id\":\"https:\/\/exceladvisor.org\/de\/quadratzahl\/\",\"url\":\"https:\/\/exceladvisor.org\/de\/quadratzahl\/\",\"name\":\"Wie quadriert man eine Zahl in Excel? - Excel-Berater\",\"isPartOf\":{\"@id\":\"https:\/\/exceladvisor.org\/de\/#website\"},\"primaryImageOfPage\":{\"@id\":\"https:\/\/exceladvisor.org\/de\/quadratzahl\/#primaryimage\"},\"image\":{\"@id\":\"https:\/\/exceladvisor.org\/de\/quadratzahl\/#primaryimage\"},\"thumbnailUrl\":\"https:\/\/exceladvisor.org\/wp-content\/uploads\/2023\/08\/1-puissance-pour-calculer-le-carre.png\",\"datePublished\":\"2023-11-17T04:23:08+00:00\",\"dateModified\":\"2023-12-03T13:04:39+00:00\",\"description\":\"In diesem Formel-Tutorial lernen wir, wie man eine Zahl in Excel mit einer einfachen, leicht verst\u00e4ndlichen Methode quadriert.\",\"breadcrumb\":{\"@id\":\"https:\/\/exceladvisor.org\/de\/quadratzahl\/#breadcrumb\"},\"inLanguage\":\"de\",\"potentialAction\":[{\"@type\":\"ReadAction\",\"target\":[\"https:\/\/exceladvisor.org\/de\/quadratzahl\/\"]}]},{\"@type\":\"ImageObject\",\"inLanguage\":\"de\",\"@id\":\"https:\/\/exceladvisor.org\/de\/quadratzahl\/#primaryimage\",\"url\":\"https:\/\/exceladvisor.org\/wp-content\/uploads\/2023\/08\/1-puissance-pour-calculer-le-carre.png\",\"contentUrl\":\"https:\/\/exceladvisor.org\/wp-content\/uploads\/2023\/08\/1-puissance-pour-calculer-le-carre.png\"},{\"@type\":\"BreadcrumbList\",\"@id\":\"https:\/\/exceladvisor.org\/de\/quadratzahl\/#breadcrumb\",\"itemListElement\":[{\"@type\":\"ListItem\",\"position\":1,\"name\":\"Accueil\",\"item\":\"https:\/\/exceladvisor.org\/de\/\"},{\"@type\":\"ListItem\",\"position\":2,\"name\":\"Wie quadriert man eine zahl in excel?\"}]},{\"@type\":\"WebSite\",\"@id\":\"https:\/\/exceladvisor.org\/de\/#website\",\"url\":\"https:\/\/exceladvisor.org\/de\/\",\"name\":\"Excel Advisor\",\"description\":\"Ihr Leitfaden zur Datendominanz\",\"publisher\":{\"@id\":\"https:\/\/exceladvisor.org\/de\/#organization\"},\"potentialAction\":[{\"@type\":\"SearchAction\",\"target\":{\"@type\":\"EntryPoint\",\"urlTemplate\":\"https:\/\/exceladvisor.org\/de\/?s={search_term_string}\"},\"query-input\":{\"@type\":\"PropertyValueSpecification\",\"valueRequired\":true,\"valueName\":\"search_term_string\"}}],\"inLanguage\":\"de\"},{\"@type\":\"Organization\",\"@id\":\"https:\/\/exceladvisor.org\/de\/#organization\",\"name\":\"Excel Advisor\",\"url\":\"https:\/\/exceladvisor.org\/de\/\",\"logo\":{\"@type\":\"ImageObject\",\"inLanguage\":\"de\",\"@id\":\"https:\/\/exceladvisor.org\/de\/#\/schema\/logo\/image\/\",\"url\":\"https:\/\/exceladvisor.org\/de\/wp-content\/uploads\/2023\/11\/exceladvisor.org_.png\",\"contentUrl\":\"https:\/\/exceladvisor.org\/de\/wp-content\/uploads\/2023\/11\/exceladvisor.org_.png\",\"width\":105,\"height\":36,\"caption\":\"Excel Advisor\"},\"image\":{\"@id\":\"https:\/\/exceladvisor.org\/de\/#\/schema\/logo\/image\/\"}}]}<\/script>\n<!-- \/ Yoast SEO plugin. -->","yoast_head_json":{"title":"Wie quadriert man eine Zahl in Excel? - Excel-Berater","description":"In diesem Formel-Tutorial lernen wir, wie man eine Zahl in Excel mit einer einfachen, leicht verst\u00e4ndlichen Methode quadriert.","robots":{"index":"index","follow":"follow","max-snippet":"max-snippet:-1","max-image-preview":"max-image-preview:large","max-video-preview":"max-video-preview:-1"},"canonical":"https:\/\/exceladvisor.org\/de\/quadratzahl\/","og_locale":"de_DE","og_type":"article","og_title":"Wie quadriert man eine Zahl in Excel? - Excel-Berater","og_description":"In diesem Formel-Tutorial lernen wir, wie man eine Zahl in Excel mit einer einfachen, leicht verst\u00e4ndlichen Methode quadriert.","og_url":"https:\/\/exceladvisor.org\/de\/quadratzahl\/","og_site_name":"Excel Advisor","article_modified_time":"2023-12-03T13:04:39+00:00","og_image":[{"url":"https:\/\/exceladvisor.org\/wp-content\/uploads\/2023\/08\/1-puissance-pour-calculer-le-carre.png","type":"","width":"","height":""}],"twitter_card":"summary_large_image","twitter_misc":{"Gesch\u00e4tzte Lesezeit":"1\u00a0Minute"},"schema":{"@context":"https:\/\/schema.org","@graph":[{"@type":"WebPage","@id":"https:\/\/exceladvisor.org\/de\/quadratzahl\/","url":"https:\/\/exceladvisor.org\/de\/quadratzahl\/","name":"Wie quadriert man eine Zahl in Excel? - Excel-Berater","isPartOf":{"@id":"https:\/\/exceladvisor.org\/de\/#website"},"primaryImageOfPage":{"@id":"https:\/\/exceladvisor.org\/de\/quadratzahl\/#primaryimage"},"image":{"@id":"https:\/\/exceladvisor.org\/de\/quadratzahl\/#primaryimage"},"thumbnailUrl":"https:\/\/exceladvisor.org\/wp-content\/uploads\/2023\/08\/1-puissance-pour-calculer-le-carre.png","datePublished":"2023-11-17T04:23:08+00:00","dateModified":"2023-12-03T13:04:39+00:00","description":"In diesem Formel-Tutorial lernen wir, wie man eine Zahl in Excel mit einer einfachen, leicht verst\u00e4ndlichen Methode quadriert.","breadcrumb":{"@id":"https:\/\/exceladvisor.org\/de\/quadratzahl\/#breadcrumb"},"inLanguage":"de","potentialAction":[{"@type":"ReadAction","target":["https:\/\/exceladvisor.org\/de\/quadratzahl\/"]}]},{"@type":"ImageObject","inLanguage":"de","@id":"https:\/\/exceladvisor.org\/de\/quadratzahl\/#primaryimage","url":"https:\/\/exceladvisor.org\/wp-content\/uploads\/2023\/08\/1-puissance-pour-calculer-le-carre.png","contentUrl":"https:\/\/exceladvisor.org\/wp-content\/uploads\/2023\/08\/1-puissance-pour-calculer-le-carre.png"},{"@type":"BreadcrumbList","@id":"https:\/\/exceladvisor.org\/de\/quadratzahl\/#breadcrumb","itemListElement":[{"@type":"ListItem","position":1,"name":"Accueil","item":"https:\/\/exceladvisor.org\/de\/"},{"@type":"ListItem","position":2,"name":"Wie quadriert man eine zahl in excel?"}]},{"@type":"WebSite","@id":"https:\/\/exceladvisor.org\/de\/#website","url":"https:\/\/exceladvisor.org\/de\/","name":"Excel Advisor","description":"Ihr Leitfaden zur Datendominanz","publisher":{"@id":"https:\/\/exceladvisor.org\/de\/#organization"},"potentialAction":[{"@type":"SearchAction","target":{"@type":"EntryPoint","urlTemplate":"https:\/\/exceladvisor.org\/de\/?s={search_term_string}"},"query-input":{"@type":"PropertyValueSpecification","valueRequired":true,"valueName":"search_term_string"}}],"inLanguage":"de"},{"@type":"Organization","@id":"https:\/\/exceladvisor.org\/de\/#organization","name":"Excel Advisor","url":"https:\/\/exceladvisor.org\/de\/","logo":{"@type":"ImageObject","inLanguage":"de","@id":"https:\/\/exceladvisor.org\/de\/#\/schema\/logo\/image\/","url":"https:\/\/exceladvisor.org\/de\/wp-content\/uploads\/2023\/11\/exceladvisor.org_.png","contentUrl":"https:\/\/exceladvisor.org\/de\/wp-content\/uploads\/2023\/11\/exceladvisor.org_.png","width":105,"height":36,"caption":"Excel Advisor"},"image":{"@id":"https:\/\/exceladvisor.org\/de\/#\/schema\/logo\/image\/"}}]}},"yoast_meta":{"yoast_wpseo_title":"","yoast_wpseo_metadesc":"","yoast_wpseo_canonical":""},"_links":{"self":[{"href":"https:\/\/exceladvisor.org\/de\/wp-json\/wp\/v2\/pages\/3057","targetHints":{"allow":["GET"]}}],"collection":[{"href":"https:\/\/exceladvisor.org\/de\/wp-json\/wp\/v2\/pages"}],"about":[{"href":"https:\/\/exceladvisor.org\/de\/wp-json\/wp\/v2\/types\/page"}],"author":[{"embeddable":true,"href":"https:\/\/exceladvisor.org\/de\/wp-json\/wp\/v2\/users\/1"}],"replies":[{"embeddable":true,"href":"https:\/\/exceladvisor.org\/de\/wp-json\/wp\/v2\/comments?post=3057"}],"version-history":[{"count":1,"href":"https:\/\/exceladvisor.org\/de\/wp-json\/wp\/v2\/pages\/3057\/revisions"}],"predecessor-version":[{"id":4169,"href":"https:\/\/exceladvisor.org\/de\/wp-json\/wp\/v2\/pages\/3057\/revisions\/4169"}],"wp:attachment":[{"href":"https:\/\/exceladvisor.org\/de\/wp-json\/wp\/v2\/media?parent=3057"}],"curies":[{"name":"wp","href":"https:\/\/api.w.org\/{rel}","templated":true}]}}