{"id":3058,"date":"2023-11-17T04:20:20","date_gmt":"2023-11-17T04:20:20","guid":{"rendered":"https:\/\/exceladvisor.org\/de\/offener-aktenschrank\/"},"modified":"2023-12-03T13:04:32","modified_gmt":"2023-12-03T13:04:32","slug":"offener-aktenschrank","status":"publish","type":"page","link":"https:\/\/exceladvisor.org\/de\/offener-aktenschrank\/","title":{"rendered":"Wie \u00f6ffne ich eine arbeitsmappe in vba?"},"content":{"rendered":"<div class=\"excel-vor-dem-inhalt\" id=\"excel-849822262\"><script type=\"text\/javascript\">\r\n\tatOptions = {\r\n\t\t'key' : 'c1158f160081d6540a8409e6925dab94',\r\n\t\t'format' : 'iframe',\r\n\t\t'height' : 250,\r\n\t\t'width' : 300,\r\n\t\t'params' : {}\r\n\t};\r\n<\/script>\r\n<script type=\"text\/javascript\" src=\"\/\/www.highperformanceformat.com\/c1158f160081d6540a8409e6925dab94\/invoke.js\"><\/script><\/div> <p>Um eine Arbeitsmappe mit VBA zu \u00f6ffnen, m\u00fcssen Sie die Methode \u201eWorkbook.Open\u201c verwenden und den Dateipfad angeben (stellen Sie sicher, dass Sie den vollst\u00e4ndigen Pfad der Arbeitsmappe mit dem Namen und Typ der Erweiterungsdatei angeben). Diese Methode verf\u00fcgt \u00fcber insgesamt f\u00fcnfzehn optionale Argumente, mit denen Sie verschiedene Dateitypen verarbeiten k\u00f6nnen.<\/p><p> In diesem Tutorial werden wir es im Detail untersuchen und uns eine alternative Methode ansehen, die Sie verwenden k\u00f6nnen.<\/p><h2 class=\"wp-block-heading\"> Schritte zum \u00d6ffnen einer Arbeitsmappe mit VBA<\/h2><ol type=\"1\"><li> Um den Code zu starten, verwenden Sie das Objekt \u201eWorkbooks\u201c.<\/li><li> Geben Sie danach einen Punkt (.) ein und w\u00e4hlen Sie die Methode \u201e\u00d6ffnen\u201c aus der Liste aus.<\/li><li> Geben Sie den Dateipfad im ersten Argument an und achten Sie darauf, ihn in doppelte Anf\u00fchrungszeichen zu setzen.<\/li><li> F\u00fchren Sie am Ende den Code aus, um die Arbeitsmappe zu \u00f6ffnen. <\/li><\/ol><div class=\"wp-block-image\"><figure class=\"aligncenter size-large is-resized\"><img loading=\"lazy\" decoding=\"async\" class=\"wp-image-53463\" src=\"https:\/\/exceladvisor.org\/wp-content\/uploads\/2023\/08\/ouvrir-un-classeur-avec-vba.png\" sizes=\"auto, \" srcset=\"\" alt=\"\u00f6ffne eine Arbeitsmappe mit VBA\" width=\"586\" height=\"193\"><\/figure><\/div><pre class=\"wp-block-code\"> <code class=\"language-visual-basic\" lang=\"visual-basic\">Sub vba_open_workbook() Workbooks.Open \"C:UsersDellDesktopmyFile.xlsx\" End Sub<\/code><\/pre><p class=\"content-box-grey\"> <em>N\u00fctzliche Links: <a href=\"https:\/\/exceladvisor.org\/de\/ein-makro-ausfuhren-2\/\">Ausf\u00fchren eines Makros<\/a> \u2013 <a href=\"https:\/\/exceladvisor.org\/de\/ein-makro-aufzeichnen\/\">Makrorecorder<\/a> \u2013 <a href=\"https:\/\/exceladvisor.org\/de\/einfacher-visueller-editor\/\">Visual Basic Editor<\/a> \u2013 <a href=\"https:\/\/exceladvisor.org\/de\/personliches-makro-notizbuch\/\">Handbuch zu pers\u00f6nlichen Makros<\/a><\/em><\/p><h2 class=\"wp-block-heading\"> Workbook.Open-Syntax<\/h2><p> Jetzt ist es an der Zeit, einen Blick auf die Syntax der Methode zu werfen, die Sie gerade im obigen Beispiel verwendet haben. Wie ich bereits erw\u00e4hnt habe, gibt es f\u00fcnfzehn Argumente, die Sie verwenden k\u00f6nnen:<\/p><pre class=\"wp-block-code\"> <code class=\"language-visual-basic\" lang=\"visual-basic\">expression.Open (FileName, UpdateLinks, _ ReadOnly, Format, Password, WriteResPassword, IgnoreReadOnlyRecommended, Origin, _ Delimiter, Editable, Notify, Converter, AddToMru, Local, CorruptLoad)<\/code><\/pre><p> Sie werden nicht alle dieser Argumente verwenden. Einige davon sind jedoch sehr wichtig und k\u00f6nnten f\u00fcr Sie in der realen Welt n\u00fctzlich sein.<\/p><h2 class=\"wp-block-heading\"> \u00d6ffnen einer passwortgesch\u00fctzten Arbeitsmappe<\/h2><p> Wenn Sie eine passwortgesch\u00fctzte Arbeitsmappe \u00f6ffnen m\u00f6chten, k\u00f6nnen Sie in diesem Fall das Passwort mit dem Passwortargument angeben.<\/p><p> Hier habe ich eine Arbeitsmappe auf dem Desktop mit dem Passwort \u201etest123\u201c und m\u00f6chte sie jetzt gleichzeitig \u00f6ffnen und den Schutz aufheben. Hier ist der Code, den ich verwenden muss.<\/p><pre class=\"wp-block-code\"> <code class=\"language-visual-basic\" lang=\"visual-basic\">Workbooks.Open \"C:UsersDellDesktopmyFile.xlsx\", , , Password:=\"test123\"<\/code><\/pre><h2 class=\"wp-block-heading\"> \u00d6ffnen Sie eine schreibgesch\u00fctzte Arbeitsmappe<\/h2><p> Wenn Sie eine schreibgesch\u00fctzte Arbeitsmappe \u00f6ffnen, k\u00f6nnen Sie keine \u00c4nderungen an derselben Arbeitsmappe vornehmen, m\u00fcssen jedoch eine Kopie davon speichern.<\/p><pre class=\"wp-block-code\"> <code class=\"language-visual-basic\" lang=\"visual-basic\">Workbooks.Open \"C:UsersDellDesktopFolder1.xlsx\", , True<\/code><\/pre><h2 class=\"wp-block-heading\"> \u00d6ffnen Sie alle Arbeitsmappen in einem Ordner<\/h2><pre class=\"wp-block-code\"> <code class=\"language-visual-basic\" lang=\"visual-basic\">Sub vba_open_multiple_workbooks_folder() Dim wb As Workbook Dim strFolder As String Dim strFile As String strFolder = \"C:UsersDellDesktopFolder\" strFile = Dir(strFolder &amp; \"*.xls*\") Do While strFile &lt;&gt; \"\" Set wb = Workbooks.Open(strFolder &amp; strFile) strFile = Dir Loop End Sub<\/code><\/pre><p> Um es gem\u00e4\u00df Ihren Anforderungen zu verwenden, m\u00fcssen Sie unbedingt den Ordnerpfad \u00e4ndern.<\/p><h2 class=\"wp-block-heading\"> Dialogfeld \u201eArbeitsmappendatei \u00f6ffnen\u201c.<\/h2><pre class=\"wp-block-code\"> <code class=\"language-visual-basic\" lang=\"visual-basic\">Sub vba_open_dialog() Dim strFile As String strFile = Application.GetOpenFilename() Workbooks.Open (strFile) End Sub<\/code><\/pre><div class=\"gb-container gb-container-4db6181c gb-container-mt\"> <a class=\"gb-button gb-button-c5897111 gb-button-text gb-button-mt-button\" href=\"https:\/\/exceladvisor.org\/de\/vba\/\">Was ist VBA<\/a><h2 class=\"gb-headline gb-headline-665e5f6b gb-headline-text gb-headline-mt-heading\"> Verwandte Tutorials <\/h2><div class=\"gb-grid-wrapper gb-grid-wrapper-a20baf7c gb-grid-wrapper-mt-grid\"><div class=\"gb-grid-column gb-grid-column-65ddf67e\"><div class=\"gb-container gb-container-65ddf67e\"><ul><li> <a href=\"https:\/\/exceladvisor.org\/de\/excel-datei-kopieren\/\">Kopieren Sie eine Excel-Datei (Arbeitsmappe) mit VBA<\/a><\/li><li> <a href=\"https:\/\/exceladvisor.org\/de\/arbeitsmappe-aktivieren\/\">VBA-Arbeitsmappe aktivieren (Excel-Datei)<\/a><\/li><li> <a href=\"https:\/\/exceladvisor.org\/de\/schliessen-sie-die-arbeitsmappe\/\">VBA-Arbeitsmappe schlie\u00dfen (Excel-Datei)<\/a><\/li><li> <a href=\"https:\/\/exceladvisor.org\/de\/arbeitsmappen-kombinieren\/\">VBA Arbeitsmappen kombinieren (Excel-Dateien)<\/a><\/li><li> <a href=\"https:\/\/exceladvisor.org\/de\/eine-arbeitsmappe-erstellen\/\">VBA Erstellen Sie eine neue Arbeitsmappe (Excel-Datei)<\/a><\/li><\/ul><\/div><\/div><\/div><\/div>","protected":false},"excerpt":{"rendered":"","protected":false},"author":1,"featured_media":0,"parent":0,"menu_order":0,"comment_status":"open","ping_status":"closed","template":"","meta":{"ub_ctt_via":"","footnotes":""},"class_list":["post-3058","page","type-page","status-publish","hentry"],"featured_image_src":null,"yoast_head":"<!-- This site is optimized with the Yoast SEO plugin v25.4 - https:\/\/yoast.com\/wordpress\/plugins\/seo\/ -->\n<title>\u25b7 Wie \u00f6ffne ich eine Arbeitsmappe mit VBA in Excel?<\/title>\n<meta name=\"description\" content=\"Dieses Tutorial zeigt Ihnen, wie Sie eine Excel-Datei (Arbeitsmappe) \u00f6ffnen, die auf Ihrem System in einem bestimmten Ordner gespeichert ist.\" \/>\n<meta name=\"robots\" content=\"index, follow, max-snippet:-1, max-image-preview:large, max-video-preview:-1\" \/>\n<link rel=\"canonical\" href=\"https:\/\/exceladvisor.org\/de\/offener-aktenschrank\/\" \/>\n<meta property=\"og:locale\" content=\"de_DE\" \/>\n<meta property=\"og:type\" content=\"article\" \/>\n<meta property=\"og:title\" content=\"\u25b7 Wie \u00f6ffne ich eine Arbeitsmappe mit VBA in Excel?\" \/>\n<meta property=\"og:description\" content=\"Dieses Tutorial zeigt Ihnen, wie Sie eine Excel-Datei (Arbeitsmappe) \u00f6ffnen, die auf Ihrem System in einem bestimmten Ordner gespeichert ist.\" \/>\n<meta property=\"og:url\" content=\"https:\/\/exceladvisor.org\/de\/offener-aktenschrank\/\" \/>\n<meta property=\"og:site_name\" content=\"Excel Advisor\" \/>\n<meta property=\"article:modified_time\" content=\"2023-12-03T13:04:32+00:00\" \/>\n<meta property=\"og:image\" content=\"https:\/\/exceladvisor.org\/wp-content\/uploads\/2023\/08\/ouvrir-un-classeur-avec-vba.png\" \/>\n<meta name=\"twitter:card\" content=\"summary_large_image\" \/>\n<meta name=\"twitter:label1\" content=\"Gesch\u00e4tzte Lesezeit\" \/>\n\t<meta name=\"twitter:data1\" content=\"2\u00a0Minuten\" \/>\n<script type=\"application\/ld+json\" class=\"yoast-schema-graph\">{\"@context\":\"https:\/\/schema.org\",\"@graph\":[{\"@type\":\"WebPage\",\"@id\":\"https:\/\/exceladvisor.org\/de\/offener-aktenschrank\/\",\"url\":\"https:\/\/exceladvisor.org\/de\/offener-aktenschrank\/\",\"name\":\"\u25b7 Wie \u00f6ffne ich eine Arbeitsmappe mit VBA in Excel?\",\"isPartOf\":{\"@id\":\"https:\/\/exceladvisor.org\/de\/#website\"},\"primaryImageOfPage\":{\"@id\":\"https:\/\/exceladvisor.org\/de\/offener-aktenschrank\/#primaryimage\"},\"image\":{\"@id\":\"https:\/\/exceladvisor.org\/de\/offener-aktenschrank\/#primaryimage\"},\"thumbnailUrl\":\"https:\/\/exceladvisor.org\/wp-content\/uploads\/2023\/08\/ouvrir-un-classeur-avec-vba.png\",\"datePublished\":\"2023-11-17T04:20:20+00:00\",\"dateModified\":\"2023-12-03T13:04:32+00:00\",\"description\":\"Dieses Tutorial zeigt Ihnen, wie Sie eine Excel-Datei (Arbeitsmappe) \u00f6ffnen, die auf Ihrem System in einem bestimmten Ordner gespeichert ist.\",\"breadcrumb\":{\"@id\":\"https:\/\/exceladvisor.org\/de\/offener-aktenschrank\/#breadcrumb\"},\"inLanguage\":\"de\",\"potentialAction\":[{\"@type\":\"ReadAction\",\"target\":[\"https:\/\/exceladvisor.org\/de\/offener-aktenschrank\/\"]}]},{\"@type\":\"ImageObject\",\"inLanguage\":\"de\",\"@id\":\"https:\/\/exceladvisor.org\/de\/offener-aktenschrank\/#primaryimage\",\"url\":\"https:\/\/exceladvisor.org\/wp-content\/uploads\/2023\/08\/ouvrir-un-classeur-avec-vba.png\",\"contentUrl\":\"https:\/\/exceladvisor.org\/wp-content\/uploads\/2023\/08\/ouvrir-un-classeur-avec-vba.png\"},{\"@type\":\"BreadcrumbList\",\"@id\":\"https:\/\/exceladvisor.org\/de\/offener-aktenschrank\/#breadcrumb\",\"itemListElement\":[{\"@type\":\"ListItem\",\"position\":1,\"name\":\"Accueil\",\"item\":\"https:\/\/exceladvisor.org\/de\/\"},{\"@type\":\"ListItem\",\"position\":2,\"name\":\"Wie \u00f6ffne ich eine arbeitsmappe in vba?\"}]},{\"@type\":\"WebSite\",\"@id\":\"https:\/\/exceladvisor.org\/de\/#website\",\"url\":\"https:\/\/exceladvisor.org\/de\/\",\"name\":\"Excel Advisor\",\"description\":\"Ihr Leitfaden zur Datendominanz\",\"publisher\":{\"@id\":\"https:\/\/exceladvisor.org\/de\/#organization\"},\"potentialAction\":[{\"@type\":\"SearchAction\",\"target\":{\"@type\":\"EntryPoint\",\"urlTemplate\":\"https:\/\/exceladvisor.org\/de\/?s={search_term_string}\"},\"query-input\":{\"@type\":\"PropertyValueSpecification\",\"valueRequired\":true,\"valueName\":\"search_term_string\"}}],\"inLanguage\":\"de\"},{\"@type\":\"Organization\",\"@id\":\"https:\/\/exceladvisor.org\/de\/#organization\",\"name\":\"Excel Advisor\",\"url\":\"https:\/\/exceladvisor.org\/de\/\",\"logo\":{\"@type\":\"ImageObject\",\"inLanguage\":\"de\",\"@id\":\"https:\/\/exceladvisor.org\/de\/#\/schema\/logo\/image\/\",\"url\":\"https:\/\/exceladvisor.org\/de\/wp-content\/uploads\/2023\/11\/exceladvisor.org_.png\",\"contentUrl\":\"https:\/\/exceladvisor.org\/de\/wp-content\/uploads\/2023\/11\/exceladvisor.org_.png\",\"width\":105,\"height\":36,\"caption\":\"Excel Advisor\"},\"image\":{\"@id\":\"https:\/\/exceladvisor.org\/de\/#\/schema\/logo\/image\/\"}}]}<\/script>\n<!-- \/ Yoast SEO plugin. -->","yoast_head_json":{"title":"\u25b7 Wie \u00f6ffne ich eine Arbeitsmappe mit VBA in Excel?","description":"Dieses Tutorial zeigt Ihnen, wie Sie eine Excel-Datei (Arbeitsmappe) \u00f6ffnen, die auf Ihrem System in einem bestimmten Ordner gespeichert ist.","robots":{"index":"index","follow":"follow","max-snippet":"max-snippet:-1","max-image-preview":"max-image-preview:large","max-video-preview":"max-video-preview:-1"},"canonical":"https:\/\/exceladvisor.org\/de\/offener-aktenschrank\/","og_locale":"de_DE","og_type":"article","og_title":"\u25b7 Wie \u00f6ffne ich eine Arbeitsmappe mit VBA in Excel?","og_description":"Dieses Tutorial zeigt Ihnen, wie Sie eine Excel-Datei (Arbeitsmappe) \u00f6ffnen, die auf Ihrem System in einem bestimmten Ordner gespeichert ist.","og_url":"https:\/\/exceladvisor.org\/de\/offener-aktenschrank\/","og_site_name":"Excel Advisor","article_modified_time":"2023-12-03T13:04:32+00:00","og_image":[{"url":"https:\/\/exceladvisor.org\/wp-content\/uploads\/2023\/08\/ouvrir-un-classeur-avec-vba.png","type":"","width":"","height":""}],"twitter_card":"summary_large_image","twitter_misc":{"Gesch\u00e4tzte Lesezeit":"2\u00a0Minuten"},"schema":{"@context":"https:\/\/schema.org","@graph":[{"@type":"WebPage","@id":"https:\/\/exceladvisor.org\/de\/offener-aktenschrank\/","url":"https:\/\/exceladvisor.org\/de\/offener-aktenschrank\/","name":"\u25b7 Wie \u00f6ffne ich eine Arbeitsmappe mit VBA in Excel?","isPartOf":{"@id":"https:\/\/exceladvisor.org\/de\/#website"},"primaryImageOfPage":{"@id":"https:\/\/exceladvisor.org\/de\/offener-aktenschrank\/#primaryimage"},"image":{"@id":"https:\/\/exceladvisor.org\/de\/offener-aktenschrank\/#primaryimage"},"thumbnailUrl":"https:\/\/exceladvisor.org\/wp-content\/uploads\/2023\/08\/ouvrir-un-classeur-avec-vba.png","datePublished":"2023-11-17T04:20:20+00:00","dateModified":"2023-12-03T13:04:32+00:00","description":"Dieses Tutorial zeigt Ihnen, wie Sie eine Excel-Datei (Arbeitsmappe) \u00f6ffnen, die auf Ihrem System in einem bestimmten Ordner gespeichert ist.","breadcrumb":{"@id":"https:\/\/exceladvisor.org\/de\/offener-aktenschrank\/#breadcrumb"},"inLanguage":"de","potentialAction":[{"@type":"ReadAction","target":["https:\/\/exceladvisor.org\/de\/offener-aktenschrank\/"]}]},{"@type":"ImageObject","inLanguage":"de","@id":"https:\/\/exceladvisor.org\/de\/offener-aktenschrank\/#primaryimage","url":"https:\/\/exceladvisor.org\/wp-content\/uploads\/2023\/08\/ouvrir-un-classeur-avec-vba.png","contentUrl":"https:\/\/exceladvisor.org\/wp-content\/uploads\/2023\/08\/ouvrir-un-classeur-avec-vba.png"},{"@type":"BreadcrumbList","@id":"https:\/\/exceladvisor.org\/de\/offener-aktenschrank\/#breadcrumb","itemListElement":[{"@type":"ListItem","position":1,"name":"Accueil","item":"https:\/\/exceladvisor.org\/de\/"},{"@type":"ListItem","position":2,"name":"Wie \u00f6ffne ich eine arbeitsmappe in vba?"}]},{"@type":"WebSite","@id":"https:\/\/exceladvisor.org\/de\/#website","url":"https:\/\/exceladvisor.org\/de\/","name":"Excel Advisor","description":"Ihr Leitfaden zur Datendominanz","publisher":{"@id":"https:\/\/exceladvisor.org\/de\/#organization"},"potentialAction":[{"@type":"SearchAction","target":{"@type":"EntryPoint","urlTemplate":"https:\/\/exceladvisor.org\/de\/?s={search_term_string}"},"query-input":{"@type":"PropertyValueSpecification","valueRequired":true,"valueName":"search_term_string"}}],"inLanguage":"de"},{"@type":"Organization","@id":"https:\/\/exceladvisor.org\/de\/#organization","name":"Excel Advisor","url":"https:\/\/exceladvisor.org\/de\/","logo":{"@type":"ImageObject","inLanguage":"de","@id":"https:\/\/exceladvisor.org\/de\/#\/schema\/logo\/image\/","url":"https:\/\/exceladvisor.org\/de\/wp-content\/uploads\/2023\/11\/exceladvisor.org_.png","contentUrl":"https:\/\/exceladvisor.org\/de\/wp-content\/uploads\/2023\/11\/exceladvisor.org_.png","width":105,"height":36,"caption":"Excel Advisor"},"image":{"@id":"https:\/\/exceladvisor.org\/de\/#\/schema\/logo\/image\/"}}]}},"yoast_meta":{"yoast_wpseo_title":"","yoast_wpseo_metadesc":"","yoast_wpseo_canonical":""},"_links":{"self":[{"href":"https:\/\/exceladvisor.org\/de\/wp-json\/wp\/v2\/pages\/3058","targetHints":{"allow":["GET"]}}],"collection":[{"href":"https:\/\/exceladvisor.org\/de\/wp-json\/wp\/v2\/pages"}],"about":[{"href":"https:\/\/exceladvisor.org\/de\/wp-json\/wp\/v2\/types\/page"}],"author":[{"embeddable":true,"href":"https:\/\/exceladvisor.org\/de\/wp-json\/wp\/v2\/users\/1"}],"replies":[{"embeddable":true,"href":"https:\/\/exceladvisor.org\/de\/wp-json\/wp\/v2\/comments?post=3058"}],"version-history":[{"count":1,"href":"https:\/\/exceladvisor.org\/de\/wp-json\/wp\/v2\/pages\/3058\/revisions"}],"predecessor-version":[{"id":4163,"href":"https:\/\/exceladvisor.org\/de\/wp-json\/wp\/v2\/pages\/3058\/revisions\/4163"}],"wp:attachment":[{"href":"https:\/\/exceladvisor.org\/de\/wp-json\/wp\/v2\/media?parent=3058"}],"curies":[{"name":"wp","href":"https:\/\/api.w.org\/{rel}","templated":true}]}}