{"id":3059,"date":"2023-11-16T23:09:10","date_gmt":"2023-11-16T23:09:10","guid":{"rendered":"https:\/\/exceladvisor.org\/de\/excel-datei-kopieren\/"},"modified":"2023-12-03T13:03:57","modified_gmt":"2023-12-03T13:03:57","slug":"excel-datei-kopieren","status":"publish","type":"page","link":"https:\/\/exceladvisor.org\/de\/excel-datei-kopieren\/","title":{"rendered":"Wie kopiere ich eine excel-datei mit vba?"},"content":{"rendered":"<div class=\"excel-vor-dem-inhalt\" id=\"excel-4229520430\"><script type=\"text\/javascript\">\r\n\tatOptions = {\r\n\t\t'key' : 'c1158f160081d6540a8409e6925dab94',\r\n\t\t'format' : 'iframe',\r\n\t\t'height' : 250,\r\n\t\t'width' : 300,\r\n\t\t'params' : {}\r\n\t};\r\n<\/script>\r\n<script type=\"text\/javascript\" src=\"\/\/www.highperformanceformat.com\/c1158f160081d6540a8409e6925dab94\/invoke.js\"><\/script><\/div> <p>Sie k\u00f6nnen VBA-Code verwenden, um eine Datei (Arbeitsmappe) von einem Ordner in einen anderen zu kopieren, oder Sie k\u00f6nnen eine Datei auch unter einem anderen Namen in denselben Ordner kopieren.<\/p><p> In diesem Tutorial erfahren Sie, wie Sie Code in beide Richtungen schreiben. Hier m\u00fcssen Sie das <strong>FileSystemObject<\/strong> verwenden, das den Zugriff auf Dateien und Ordner in Windows erm\u00f6glicht.<\/p><h2 class=\"wp-block-heading\"> Kopieren Sie eine Excel-Datei in einen separaten Ordner<\/h2><pre class=\"wp-block-code\"> <code class=\"language-visual-basic\" lang=\"visual-basic\"><strong>Sub<\/strong> myMacro() <strong>Dim<\/strong> myFile <strong>As<\/strong> Object <strong>Set<\/strong> myFile = CreateObject(\"Scripting.FileSystemObject\") <strong>Call<\/strong> myFile.CopyFile(\"C:\\Users\\admin\\Desktop\\folder\\test-file.xlsx\", \"C:\\Users\\admin\\Desktop\\\", True) <strong>End<\/strong> <strong>Sub<\/strong><\/code><\/pre><p> So schreiben Sie den obigen Code: <\/p><div class=\"wp-block-image\"><figure class=\"aligncenter size-full is-resized\"><img loading=\"lazy\" decoding=\"async\" class=\"alignnone  wp-image-12964\" src=\"https:\/\/exceladvisor.org\/wp-content\/uploads\/2023\/11\/copier-un-fichier-excel-dans-un-dossier.png\" alt=\"Eine Excel-Datei in einen Ordner kopieren\" width=\"583\" height=\"267\" srcset=\"https:\/\/exceladvisor.org\/wp-content\/uploads\/2023\/11\/copier-un-fichier-excel-dans-un-dossier.png 1216w, https:\/\/exceladvisor.org\/wp-content\/uploads\/2023\/11\/copier-un-fichier-excel-dans-un-dossier-300x137.png 300w, https:\/\/exceladvisor.org\/wp-content\/uploads\/2023\/11\/copier-un-fichier-excel-dans-un-dossier-1024x469.png 1024w, https:\/\/exceladvisor.org\/wp-content\/uploads\/2023\/11\/copier-un-fichier-excel-dans-un-dossier-768x352.png 768w\" sizes=\"auto, (max-width: 583px) 100vw, 583px\"><\/figure><\/div><ol type=\"1\"><li> Zuerst m\u00fcssen Sie eine Variable deklarieren.<\/li><li> Als N\u00e4chstes m\u00fcssen Sie das FileSystemObject f\u00fcr die Variable angeben, die Sie gerade definiert haben.<\/li><li> Als n\u00e4chstes m\u00fcssen Sie den Quellspeicherort in der Methode \u201eCopyFile\u201c festlegen.<\/li><li> Legen Sie abschlie\u00dfend den Speicherort des Ordners fest, in den Sie ihn einf\u00fcgen m\u00f6chten.<\/li><\/ol><p> Wenn Sie <a href=\"https:\/\/exceladvisor.org\/de\/ein-makro-ausfuhren-2\/\">dieses Makro ausf\u00fchren<\/a> , kopiert es die \u201eTextdatei\u201c der Excel-Arbeitsmappe aus dem Ordner und f\u00fcgt sie an dem im Code angegebenen Speicherort ein. <\/p><div class=\"wp-block-image\"><figure class=\"aligncenter size-full is-resized\"><img loading=\"lazy\" decoding=\"async\" class=\"wp-image-61234\" src=\"https:\/\/exceladvisor.org\/wp-content\/uploads\/2023\/08\/2-2-specifier-lobjet-systeme-de-fichiers.png\" sizes=\"auto, \" srcset=\"\" alt=\"Dateisystemobjekt angeben\" width=\"475\" height=\"309\"><\/figure><\/div><h2 class=\"wp-block-heading\"> Kopieren Sie eine Datei und benennen Sie sie um<\/h2><p> Wenn Sie versuchen, eine Datei zu kopieren und am selben Speicherort einzuf\u00fcgen, besteht eine gute Chance, dass VBA Ihnen einen Fehler anzeigt. In diesem Fall ist es am besten, die Datei beim Kopieren umzubenennen.<\/p><pre class=\"wp-block-code\"> <code class=\"language-visual-basic\" lang=\"visual-basic\">Call myFile.CopyFile(\"C:\\Users\\admin\\Desktop\\folder\\test-file.xlsx\", \"C:\\Users\\admin\\Desktop\\\", True)<\/code><\/pre><p> Oben ist der Zeilencode, den ich in der vorherigen Methode verwendet habe. Jetzt m\u00fcssen Sie nur noch diese Zeile \u00e4ndern. Als Zielspeicherort m\u00fcssen Sie die Datei hinzuf\u00fcgen, die Sie f\u00fcr die neue Datei verwenden m\u00f6chten.<\/p><pre class=\"wp-block-code\"> <code class=\"language-visual-basic\" lang=\"visual-basic\">Call myFile.CopyFile(\"C:\\Users\\admin\\Desktop\\folder\\test-file.xlsx\", \"C:\\Users\\admin\\Desktop\\folder\\test-file1.xlsx \", True)<\/code><\/pre><p> Wenn Sie diesen Code ausf\u00fchren, kopiert er die Datei (text-file.xlsx) aus dem Ordner und kopiert sie in denselben Ordner mit einem anderen Namen (test-file1.xlsx). <\/p><div class=\"wp-block-image\"><figure class=\"aligncenter size-full is-resized\"><img loading=\"lazy\" decoding=\"async\" class=\"wp-image-61235\" src=\"https:\/\/exceladvisor.org\/wp-content\/uploads\/2023\/08\/3-3-copier-un-fichier-et-renommer.png\" sizes=\"auto, \" srcset=\"\" alt=\"Eine Datei kopieren und umbenennen\" width=\"359\" height=\"284\"><\/figure><\/div><pre class=\"wp-block-code\"> <code class=\"language-visual-basic\" lang=\"visual-basic\"><strong>Dim<\/strong> myFile <strong>As<\/strong> Object <strong>Set<\/strong> myFile = _ CreateObject(\"Scripting.FileSystemObject\") <strong>Call<\/strong> myFile.CopyFile(\"C:\\Users\\admin\\Desktop\\folder\\test-file.xlsx\", _ \"C:\\Users\\admin\\Desktop\\folder\\test-file1.xlsx\", True) <strong>End<\/strong> <strong>Sub<\/strong><\/code><\/pre><div class=\"gb-container gb-container-4db6181c gb-container-mt\"> <a class=\"gb-button gb-button-c5897111 gb-button-text gb-button-mt-button\" href=\"https:\/\/exceladvisor.org\/de\/vba\/\">Was ist VBA<\/a><h2 class=\"gb-headline gb-headline-665e5f6b gb-headline-text gb-headline-mt-heading\"> Verwandte Tutorials <\/h2><div class=\"gb-grid-wrapper gb-grid-wrapper-a20baf7c gb-grid-wrapper-mt-grid\"><div class=\"gb-grid-column gb-grid-column-65ddf67e\"><div class=\"gb-container gb-container-65ddf67e\"><ul><li> <a href=\"https:\/\/exceladvisor.org\/de\/arbeitsmappe-aktivieren\/\">VBA-Arbeitsmappe aktivieren (Excel-Datei)<\/a><\/li><li> <a href=\"https:\/\/exceladvisor.org\/de\/schliessen-sie-die-arbeitsmappe\/\">VBA-Arbeitsmappe schlie\u00dfen (Excel-Datei)<\/a><\/li><li> <a href=\"https:\/\/exceladvisor.org\/de\/arbeitsmappen-kombinieren\/\">VBA Arbeitsmappen kombinieren (Excel-Dateien)<\/a><\/li><li> <a href=\"https:\/\/exceladvisor.org\/de\/eine-arbeitsmappe-erstellen\/\">VBA Erstellen Sie eine neue Arbeitsmappe (Excel-Datei)<\/a><\/li><li> <a href=\"https:\/\/exceladvisor.org\/de\/datei-loschen\/\">VBA Arbeitsmappe l\u00f6schen (Excel-Datei)<\/a><\/li><\/ul><\/div><\/div><\/div><\/div>","protected":false},"excerpt":{"rendered":"","protected":false},"author":1,"featured_media":0,"parent":0,"menu_order":0,"comment_status":"open","ping_status":"closed","template":"","meta":{"ub_ctt_via":"","footnotes":""},"class_list":["post-3059","page","type-page","status-publish","hentry"],"featured_image_src":null,"yoast_head":"<!-- This site is optimized with the Yoast SEO plugin v25.4 - https:\/\/yoast.com\/wordpress\/plugins\/seo\/ -->\n<title>Wie kopiere ich eine Excel-Datei mit VBA? (Tutorial 2023)<\/title>\n<meta name=\"description\" content=\"Sie k\u00f6nnen VBA-Code verwenden, um eine Datei (Arbeitsmappe) von einem Ordner in einen anderen zu kopieren, oder Sie k\u00f6nnen eine Datei auch in den Ordner kopieren\" \/>\n<meta name=\"robots\" content=\"index, follow, max-snippet:-1, max-image-preview:large, max-video-preview:-1\" \/>\n<link rel=\"canonical\" href=\"https:\/\/exceladvisor.org\/de\/excel-datei-kopieren\/\" \/>\n<meta property=\"og:locale\" content=\"de_DE\" \/>\n<meta property=\"og:type\" content=\"article\" \/>\n<meta property=\"og:title\" content=\"Wie kopiere ich eine Excel-Datei mit VBA? (Tutorial 2023)\" \/>\n<meta property=\"og:description\" content=\"Sie k\u00f6nnen VBA-Code verwenden, um eine Datei (Arbeitsmappe) von einem Ordner in einen anderen zu kopieren, oder Sie k\u00f6nnen eine Datei auch in den Ordner kopieren\" \/>\n<meta property=\"og:url\" content=\"https:\/\/exceladvisor.org\/de\/excel-datei-kopieren\/\" \/>\n<meta property=\"og:site_name\" content=\"Excel Advisor\" \/>\n<meta property=\"article:modified_time\" content=\"2023-12-03T13:03:57+00:00\" \/>\n<meta property=\"og:image\" content=\"https:\/\/exceladvisor.org\/wp-content\/uploads\/2023\/11\/copier-un-fichier-excel-dans-un-dossier.png\" \/>\n<meta name=\"twitter:card\" content=\"summary_large_image\" \/>\n<meta name=\"twitter:label1\" content=\"Gesch\u00e4tzte Lesezeit\" \/>\n\t<meta name=\"twitter:data1\" content=\"2\u00a0Minuten\" \/>\n<script type=\"application\/ld+json\" class=\"yoast-schema-graph\">{\"@context\":\"https:\/\/schema.org\",\"@graph\":[{\"@type\":\"WebPage\",\"@id\":\"https:\/\/exceladvisor.org\/de\/excel-datei-kopieren\/\",\"url\":\"https:\/\/exceladvisor.org\/de\/excel-datei-kopieren\/\",\"name\":\"Wie kopiere ich eine Excel-Datei mit VBA? (Tutorial 2023)\",\"isPartOf\":{\"@id\":\"https:\/\/exceladvisor.org\/de\/#website\"},\"primaryImageOfPage\":{\"@id\":\"https:\/\/exceladvisor.org\/de\/excel-datei-kopieren\/#primaryimage\"},\"image\":{\"@id\":\"https:\/\/exceladvisor.org\/de\/excel-datei-kopieren\/#primaryimage\"},\"thumbnailUrl\":\"https:\/\/exceladvisor.org\/wp-content\/uploads\/2023\/11\/copier-un-fichier-excel-dans-un-dossier.png\",\"datePublished\":\"2023-11-16T23:09:10+00:00\",\"dateModified\":\"2023-12-03T13:03:57+00:00\",\"description\":\"Sie k\u00f6nnen VBA-Code verwenden, um eine Datei (Arbeitsmappe) von einem Ordner in einen anderen zu kopieren, oder Sie k\u00f6nnen eine Datei auch in den Ordner kopieren\",\"breadcrumb\":{\"@id\":\"https:\/\/exceladvisor.org\/de\/excel-datei-kopieren\/#breadcrumb\"},\"inLanguage\":\"de\",\"potentialAction\":[{\"@type\":\"ReadAction\",\"target\":[\"https:\/\/exceladvisor.org\/de\/excel-datei-kopieren\/\"]}]},{\"@type\":\"ImageObject\",\"inLanguage\":\"de\",\"@id\":\"https:\/\/exceladvisor.org\/de\/excel-datei-kopieren\/#primaryimage\",\"url\":\"https:\/\/exceladvisor.org\/wp-content\/uploads\/2023\/11\/copier-un-fichier-excel-dans-un-dossier.png\",\"contentUrl\":\"https:\/\/exceladvisor.org\/wp-content\/uploads\/2023\/11\/copier-un-fichier-excel-dans-un-dossier.png\"},{\"@type\":\"BreadcrumbList\",\"@id\":\"https:\/\/exceladvisor.org\/de\/excel-datei-kopieren\/#breadcrumb\",\"itemListElement\":[{\"@type\":\"ListItem\",\"position\":1,\"name\":\"Accueil\",\"item\":\"https:\/\/exceladvisor.org\/de\/\"},{\"@type\":\"ListItem\",\"position\":2,\"name\":\"Wie kopiere ich eine excel-datei mit vba?\"}]},{\"@type\":\"WebSite\",\"@id\":\"https:\/\/exceladvisor.org\/de\/#website\",\"url\":\"https:\/\/exceladvisor.org\/de\/\",\"name\":\"Excel Advisor\",\"description\":\"Ihr Leitfaden zur Datendominanz\",\"publisher\":{\"@id\":\"https:\/\/exceladvisor.org\/de\/#organization\"},\"potentialAction\":[{\"@type\":\"SearchAction\",\"target\":{\"@type\":\"EntryPoint\",\"urlTemplate\":\"https:\/\/exceladvisor.org\/de\/?s={search_term_string}\"},\"query-input\":{\"@type\":\"PropertyValueSpecification\",\"valueRequired\":true,\"valueName\":\"search_term_string\"}}],\"inLanguage\":\"de\"},{\"@type\":\"Organization\",\"@id\":\"https:\/\/exceladvisor.org\/de\/#organization\",\"name\":\"Excel Advisor\",\"url\":\"https:\/\/exceladvisor.org\/de\/\",\"logo\":{\"@type\":\"ImageObject\",\"inLanguage\":\"de\",\"@id\":\"https:\/\/exceladvisor.org\/de\/#\/schema\/logo\/image\/\",\"url\":\"https:\/\/exceladvisor.org\/de\/wp-content\/uploads\/2023\/11\/exceladvisor.org_.png\",\"contentUrl\":\"https:\/\/exceladvisor.org\/de\/wp-content\/uploads\/2023\/11\/exceladvisor.org_.png\",\"width\":105,\"height\":36,\"caption\":\"Excel Advisor\"},\"image\":{\"@id\":\"https:\/\/exceladvisor.org\/de\/#\/schema\/logo\/image\/\"}}]}<\/script>\n<!-- \/ Yoast SEO plugin. -->","yoast_head_json":{"title":"Wie kopiere ich eine Excel-Datei mit VBA? (Tutorial 2023)","description":"Sie k\u00f6nnen VBA-Code verwenden, um eine Datei (Arbeitsmappe) von einem Ordner in einen anderen zu kopieren, oder Sie k\u00f6nnen eine Datei auch in den Ordner kopieren","robots":{"index":"index","follow":"follow","max-snippet":"max-snippet:-1","max-image-preview":"max-image-preview:large","max-video-preview":"max-video-preview:-1"},"canonical":"https:\/\/exceladvisor.org\/de\/excel-datei-kopieren\/","og_locale":"de_DE","og_type":"article","og_title":"Wie kopiere ich eine Excel-Datei mit VBA? (Tutorial 2023)","og_description":"Sie k\u00f6nnen VBA-Code verwenden, um eine Datei (Arbeitsmappe) von einem Ordner in einen anderen zu kopieren, oder Sie k\u00f6nnen eine Datei auch in den Ordner kopieren","og_url":"https:\/\/exceladvisor.org\/de\/excel-datei-kopieren\/","og_site_name":"Excel Advisor","article_modified_time":"2023-12-03T13:03:57+00:00","og_image":[{"url":"https:\/\/exceladvisor.org\/wp-content\/uploads\/2023\/11\/copier-un-fichier-excel-dans-un-dossier.png","type":"","width":"","height":""}],"twitter_card":"summary_large_image","twitter_misc":{"Gesch\u00e4tzte Lesezeit":"2\u00a0Minuten"},"schema":{"@context":"https:\/\/schema.org","@graph":[{"@type":"WebPage","@id":"https:\/\/exceladvisor.org\/de\/excel-datei-kopieren\/","url":"https:\/\/exceladvisor.org\/de\/excel-datei-kopieren\/","name":"Wie kopiere ich eine Excel-Datei mit VBA? (Tutorial 2023)","isPartOf":{"@id":"https:\/\/exceladvisor.org\/de\/#website"},"primaryImageOfPage":{"@id":"https:\/\/exceladvisor.org\/de\/excel-datei-kopieren\/#primaryimage"},"image":{"@id":"https:\/\/exceladvisor.org\/de\/excel-datei-kopieren\/#primaryimage"},"thumbnailUrl":"https:\/\/exceladvisor.org\/wp-content\/uploads\/2023\/11\/copier-un-fichier-excel-dans-un-dossier.png","datePublished":"2023-11-16T23:09:10+00:00","dateModified":"2023-12-03T13:03:57+00:00","description":"Sie k\u00f6nnen VBA-Code verwenden, um eine Datei (Arbeitsmappe) von einem Ordner in einen anderen zu kopieren, oder Sie k\u00f6nnen eine Datei auch in den Ordner kopieren","breadcrumb":{"@id":"https:\/\/exceladvisor.org\/de\/excel-datei-kopieren\/#breadcrumb"},"inLanguage":"de","potentialAction":[{"@type":"ReadAction","target":["https:\/\/exceladvisor.org\/de\/excel-datei-kopieren\/"]}]},{"@type":"ImageObject","inLanguage":"de","@id":"https:\/\/exceladvisor.org\/de\/excel-datei-kopieren\/#primaryimage","url":"https:\/\/exceladvisor.org\/wp-content\/uploads\/2023\/11\/copier-un-fichier-excel-dans-un-dossier.png","contentUrl":"https:\/\/exceladvisor.org\/wp-content\/uploads\/2023\/11\/copier-un-fichier-excel-dans-un-dossier.png"},{"@type":"BreadcrumbList","@id":"https:\/\/exceladvisor.org\/de\/excel-datei-kopieren\/#breadcrumb","itemListElement":[{"@type":"ListItem","position":1,"name":"Accueil","item":"https:\/\/exceladvisor.org\/de\/"},{"@type":"ListItem","position":2,"name":"Wie kopiere ich eine excel-datei mit vba?"}]},{"@type":"WebSite","@id":"https:\/\/exceladvisor.org\/de\/#website","url":"https:\/\/exceladvisor.org\/de\/","name":"Excel Advisor","description":"Ihr Leitfaden zur Datendominanz","publisher":{"@id":"https:\/\/exceladvisor.org\/de\/#organization"},"potentialAction":[{"@type":"SearchAction","target":{"@type":"EntryPoint","urlTemplate":"https:\/\/exceladvisor.org\/de\/?s={search_term_string}"},"query-input":{"@type":"PropertyValueSpecification","valueRequired":true,"valueName":"search_term_string"}}],"inLanguage":"de"},{"@type":"Organization","@id":"https:\/\/exceladvisor.org\/de\/#organization","name":"Excel Advisor","url":"https:\/\/exceladvisor.org\/de\/","logo":{"@type":"ImageObject","inLanguage":"de","@id":"https:\/\/exceladvisor.org\/de\/#\/schema\/logo\/image\/","url":"https:\/\/exceladvisor.org\/de\/wp-content\/uploads\/2023\/11\/exceladvisor.org_.png","contentUrl":"https:\/\/exceladvisor.org\/de\/wp-content\/uploads\/2023\/11\/exceladvisor.org_.png","width":105,"height":36,"caption":"Excel Advisor"},"image":{"@id":"https:\/\/exceladvisor.org\/de\/#\/schema\/logo\/image\/"}}]}},"yoast_meta":{"yoast_wpseo_title":"","yoast_wpseo_metadesc":"","yoast_wpseo_canonical":""},"_links":{"self":[{"href":"https:\/\/exceladvisor.org\/de\/wp-json\/wp\/v2\/pages\/3059","targetHints":{"allow":["GET"]}}],"collection":[{"href":"https:\/\/exceladvisor.org\/de\/wp-json\/wp\/v2\/pages"}],"about":[{"href":"https:\/\/exceladvisor.org\/de\/wp-json\/wp\/v2\/types\/page"}],"author":[{"embeddable":true,"href":"https:\/\/exceladvisor.org\/de\/wp-json\/wp\/v2\/users\/1"}],"replies":[{"embeddable":true,"href":"https:\/\/exceladvisor.org\/de\/wp-json\/wp\/v2\/comments?post=3059"}],"version-history":[{"count":1,"href":"https:\/\/exceladvisor.org\/de\/wp-json\/wp\/v2\/pages\/3059\/revisions"}],"predecessor-version":[{"id":4128,"href":"https:\/\/exceladvisor.org\/de\/wp-json\/wp\/v2\/pages\/3059\/revisions\/4128"}],"wp:attachment":[{"href":"https:\/\/exceladvisor.org\/de\/wp-json\/wp\/v2\/media?parent=3059"}],"curies":[{"name":"wp","href":"https:\/\/api.w.org\/{rel}","templated":true}]}}