{"id":3060,"date":"2023-11-16T16:54:08","date_gmt":"2023-11-16T16:54:08","guid":{"rendered":"https:\/\/exceladvisor.org\/de\/rote-negative-zahlen\/"},"modified":"2023-12-03T13:04:23","modified_gmt":"2023-12-03T13:04:23","slug":"rote-negative-zahlen","status":"publish","type":"page","link":"https:\/\/exceladvisor.org\/de\/rote-negative-zahlen\/","title":{"rendered":"Wie mache ich negative zahlen in excel rot?"},"content":{"rendered":"<div class=\"excel-vor-dem-inhalt\" id=\"excel-1504981814\"><script type=\"text\/javascript\">\r\n\tatOptions = {\r\n\t\t'key' : 'c1158f160081d6540a8409e6925dab94',\r\n\t\t'format' : 'iframe',\r\n\t\t'height' : 250,\r\n\t\t'width' : 300,\r\n\t\t'params' : {}\r\n\t};\r\n<\/script>\r\n<script type=\"text\/javascript\" src=\"\/\/www.highperformanceformat.com\/c1158f160081d6540a8409e6925dab94\/invoke.js\"><\/script><\/div> <p>Wenn man in Excel mit gro\u00dfen Datens\u00e4tzen oder einer langen Reihe von Zahlen arbeitet, wird es f\u00fcr jeden schwierig, die negativen Zahlen einfach und schnell zu finden.<\/p><p> Daher ist es wichtig, negative Zahlen rot hervorzuheben, damit jeder sie leicht und schnell finden und lesen kann.<\/p><p> Excel bietet die M\u00f6glichkeit, negative Zahlen in Rot oder einer anderen gew\u00fcnschten Farbe hervorzuheben. Dies ist ein sehr schneller Vorgang und dauert weniger als ein oder zwei Minuten.<\/p><p> Wir haben einige schnelle und m\u00fchelose Schritte erw\u00e4hnt, um negative Zahlen in Excel rot zu machen.<\/p><h2 class=\"wp-block-heading\"> Machen Sie negative Zahlen mithilfe der bedingten Formatierung rot<\/h2><ol><li> W\u00e4hlen Sie zun\u00e4chst die Zellen oder den Bereich mit den Zahlen aus, gehen Sie zur Registerkarte \u201eStartseite\u201c und klicken Sie auf das Dropdown-Symbol \u201eBedingte Formatierung\u201c.<\/li><li> Klicken Sie anschlie\u00dfend auf die Option \u201eZellenregeln hervorheben\u201c und w\u00e4hlen Sie dann die Option \u201eKleiner als\u201c aus der Liste aus. <br><img loading=\"lazy\" decoding=\"async\" title=\"1-negative-rote-Zahlen-mit-bedingter-Formatierung\" src=\"https:\/\/exceladvisor.org\/wp-content\/uploads\/2023\/08\/1-nombres-negatifs-rouges-en-utilisant-la-mise-en-forme-conditionnelle.png\" sizes=\"auto, \" srcset=\"\" alt=\"negative-numbers-red-using-conditional-formatting\" width=\"648\" height=\"362\"><\/li><li> Sobald Sie die Option \u201eWeniger als\u201c ausw\u00e4hlen, wird das Fenster \u201eWeniger als\u201c ge\u00f6ffnet.<\/li><li> Geben Sie nun 0 (Null) in das Feld \u201eZellen kleiner als formatieren\u201c ein und Sie erhalten die negativen Zahlen rot hervorgehoben.<\/li><li> Klicken Sie am Ende auf OK. <br><img loading=\"lazy\" decoding=\"async\" title=\"Formatierung 2-kleiner als Wert\" src=\"https:\/\/exceladvisor.org\/wp-content\/uploads\/2023\/08\/2-format-inferieur-a-la-valeur.png\" sizes=\"auto, \" srcset=\"\" alt=\"less-than-value-formatting\" width=\"540\" height=\"317\"><\/li><li> Um die Formatierungsfarbe zu \u00e4ndern, w\u00e4hlen Sie das rechte Dropdown-Symbol aus, w\u00e4hlen Sie die gew\u00fcnschte Farbe aus und klicken Sie auf OK. <br><img loading=\"lazy\" decoding=\"async\" title=\"3 Farben f\u00fcr bedingte Formatierung\" src=\"https:\/\/exceladvisor.org\/wp-content\/uploads\/2023\/08\/3-couleurs-pour-la-mise-en-forme-conditionnelle.png\" sizes=\"auto, \" srcset=\"\" alt=\"color-for-conditional-formatting\" width=\"559\" height=\"338\"><\/li><\/ol><h2 class=\"wp-block-heading\"> Machen Sie negative Zahlen mithilfe des Zahlenformats rot<\/h2><ol><li> W\u00e4hlen Sie zun\u00e4chst die Zellen oder den Bereich mit den Zahlen aus, gehen Sie zur Registerkarte \u201eStartseite\u201c und klicken Sie dann auf den Dialogbox-Starter der Gruppe \u201eZahl\u201c.<\/li><li> Sobald Sie auf den Dialogstarter klicken, wird das Fenster \u201eZellen formatieren\u201c ge\u00f6ffnet.<\/li><li> W\u00e4hlen Sie nun die Registerkarte \u201eNummer\u201c und w\u00e4hlen Sie unter \u201eKategorie\u201c die Option \u201eNummer\u201c und dann die letzte rote Negativoption.<\/li><li> Klicken Sie am Ende auf OK und die negativen Zahlen werden rot hervorgehoben. <\/li><\/ol><div class=\"wp-block-image\"><figure class=\"aligncenter size-full is-resized\"><img loading=\"lazy\" decoding=\"async\" class=\"wp-image-65953\" src=\"https:\/\/exceladvisor.org\/wp-content\/uploads\/2023\/08\/4-nombres-negatifs-rouges-en-utilisant-le-format-numerique.png\" sizes=\"auto, \" srcset=\"\" alt=\"negative-rote-zahlen-im-numerischen-format\" width=\"576\" height=\"459\"><\/figure><\/div><p> Wenn Sie Zahlen mit zwei oder mehr Dezimalstellen oder ohne Dezimalwerte w\u00fcnschen, klicken Sie auf die Dropdown-Pfeile \u201eDezimalstellen\u201c im Fenster \u201eZellen formatieren\u201c, um sie auf zwei (2) oder mehr Werte oder Null zu erh\u00f6hen (0 ). ) f\u00fcr keinen Dezimalwert. <\/p><div class=\"wp-block-image\"><figure class=\"aligncenter size-full is-resized\"><img loading=\"lazy\" decoding=\"async\" class=\"wp-image-65954\" src=\"https:\/\/exceladvisor.org\/wp-content\/uploads\/2023\/08\/5-augmenter-diminuer-les-valeurs-decimales.png\" sizes=\"auto, \" srcset=\"\" alt=\"Dezimalwerte erh\u00f6hen-verringern\" width=\"481\" height=\"263\"><\/figure><\/div><h2 class=\"wp-block-heading\"> Machen Sie negative Zahlen mithilfe eines benutzerdefinierten Formats rot<\/h2><ol><li> W\u00e4hlen Sie zun\u00e4chst die Zellen oder den Bereich mit den Zahlen aus, gehen Sie zur Registerkarte \u201eStartseite\u201c und klicken Sie dann auf den Dialogbox-Starter der Gruppe \u201eZahl\u201c.<\/li><li> Sobald Sie auf den Dialogstarter klicken, wird das Fenster \u201eZellen formatieren\u201c ge\u00f6ffnet.<\/li><li> W\u00e4hlen Sie anschlie\u00dfend die Registerkarte \u201eNummer\u201c und w\u00e4hlen Sie unter \u201eKategorie\u201c die Option \u201eBenutzerdefiniert\u201c.<ul><li> Wenn Sie Zahlen mit mindestens zwei Nachkommastellen ben\u00f6tigen <strong>0,00 ;[Rot]-0,00<\/strong><\/li><li> Falls Sie Zahlen ohne Dezimalstellen ben\u00f6tigen <strong>0;[Rot]-0<\/strong> Geben Sie nun den Code unten in die Spalte \u201eTyp\u201c ein oder kopieren Sie ihn und klicken Sie auf OK. <\/li><\/ul><img loading=\"lazy\" decoding=\"async\" title=\"6-negative-rote-Zahlen-mit-benutzerdefinierter-Formatierung\" src=\"https:\/\/exceladvisor.org\/wp-content\/uploads\/2023\/08\/6-nombres-negatifs-rouges-utilisant-un-formatage-personnalise.png\" sizes=\"auto, \" srcset=\"\" alt=\"negative-numbers-red-using-custom-formatting\" width=\"608\" height=\"531\"><\/li><li> An dieser Stelle werden die negativen Zahlen rot hervorgehoben. <br><img loading=\"lazy\" decoding=\"async\" title=\"7-negative-Zahlen-hervorgehoben-rot1\" src=\"https:\/\/exceladvisor.org\/wp-content\/uploads\/2023\/08\/7-nombres-negatifs-surlignes-en-rouge1.png\" sizes=\"auto, \" srcset=\"\" alt=\"negative-numbers-highlighted-redative-numbers-highlighted-negative-numbers-highlighted-redighted-red(1)\" width=\"219\" height=\"251\"><\/li><\/ol><p class=\"qt-tip\"> <strong>Hinweis:<\/strong> Immer wenn Sie die Zahlen \u00e4ndern, beispielsweise positive Zahlen in negative und negative Zahlen in positive \u00e4ndern, nachdem Sie diese Farbformatierung angewendet haben, berechnet Excel diese \u00c4nderungen automatisch und wendet die Hintergrundfarbe entsprechend der bereits definierten bedingten Formatierung auf die ge\u00e4nderten Zellen an.<\/p><div class=\"gb-container gb-container-4db6181c gb-container-mt\"> <a class=\"gb-button gb-button-c5897111 gb-button-text gb-button-mt-button\" href=\"https:\/\/exceladvisor.org\/de\/excel-grundlagen\/\">Microsoft Excel-Grundlagen (Komponenten, Teile und Wissenshinweise)<\/a><h2 class=\"gb-headline gb-headline-665e5f6b gb-headline-text gb-headline-mt-heading\"> Verwandte Tutorials <\/h2><div class=\"gb-grid-wrapper gb-grid-wrapper-a20baf7c gb-grid-wrapper-mt-grid\"><div class=\"gb-grid-column gb-grid-column-65ddf67e\"><div class=\"gb-container gb-container-65ddf67e\"><ul><li> <a href=\"https:\/\/exceladvisor.org\/de\/buchhaltungsnummernformat\/\">Wenden Sie das Buchhaltungsnummernformat in Excel an<\/a><\/li><li> <a href=\"https:\/\/exceladvisor.org\/de\/zellfarbe\/\">Wenden Sie eine Hintergrundfarbe auf eine Zelle oder das gesamte Blatt in Excel an<\/a><\/li><li> <a href=\"https:\/\/exceladvisor.org\/de\/das-gitter\/\">Excel-Gitternetzlinien drucken (l\u00f6schen, k\u00fcrzen und Farbe \u00e4ndern)<\/a><\/li><li> <a href=\"https:\/\/exceladvisor.org\/de\/fugen-sie-eine-seitenzahl-hinzu\/\">F\u00fcgen Sie in Excel eine Seitenzahl hinzu<\/a> <\/li><\/ul><\/div><\/div><div class=\"gb-grid-column gb-grid-column-50067b57\"><div class=\"gb-container gb-container-50067b57\"><\/div><\/div><\/div><\/div>","protected":false},"excerpt":{"rendered":"","protected":false},"author":1,"featured_media":0,"parent":0,"menu_order":0,"comment_status":"open","ping_status":"closed","template":"","meta":{"ub_ctt_via":"","footnotes":""},"class_list":["post-3060","page","type-page","status-publish","hentry"],"featured_image_src":null,"yoast_head":"<!-- This site is optimized with the Yoast SEO plugin v25.4 - https:\/\/yoast.com\/wordpress\/plugins\/seo\/ -->\n<title>Wie mache ich negative Zahlen in Excel rot?<\/title>\n<meta name=\"description\" content=\"In diesem Tutorial lernen Sie verschiedene M\u00f6glichkeiten kennen, negative Zahlen in Excel mit drei einfachen Methoden rot zu machen\" \/>\n<meta name=\"robots\" content=\"index, follow, max-snippet:-1, max-image-preview:large, max-video-preview:-1\" \/>\n<link rel=\"canonical\" href=\"https:\/\/exceladvisor.org\/de\/rote-negative-zahlen\/\" \/>\n<meta property=\"og:locale\" content=\"de_DE\" \/>\n<meta property=\"og:type\" content=\"article\" \/>\n<meta property=\"og:title\" content=\"Wie mache ich negative Zahlen in Excel rot?\" \/>\n<meta property=\"og:description\" content=\"In diesem Tutorial lernen Sie verschiedene M\u00f6glichkeiten kennen, negative Zahlen in Excel mit drei einfachen Methoden rot zu machen\" \/>\n<meta property=\"og:url\" content=\"https:\/\/exceladvisor.org\/de\/rote-negative-zahlen\/\" \/>\n<meta property=\"og:site_name\" content=\"Excel Advisor\" \/>\n<meta property=\"article:modified_time\" content=\"2023-12-03T13:04:23+00:00\" \/>\n<meta property=\"og:image\" content=\"https:\/\/exceladvisor.org\/wp-content\/uploads\/2023\/08\/1-nombres-negatifs-rouges-en-utilisant-la-mise-en-forme-conditionnelle.png\" \/>\n<meta name=\"twitter:card\" content=\"summary_large_image\" \/>\n<meta name=\"twitter:label1\" content=\"Gesch\u00e4tzte Lesezeit\" \/>\n\t<meta name=\"twitter:data1\" content=\"3\u00a0Minuten\" \/>\n<script type=\"application\/ld+json\" class=\"yoast-schema-graph\">{\"@context\":\"https:\/\/schema.org\",\"@graph\":[{\"@type\":\"WebPage\",\"@id\":\"https:\/\/exceladvisor.org\/de\/rote-negative-zahlen\/\",\"url\":\"https:\/\/exceladvisor.org\/de\/rote-negative-zahlen\/\",\"name\":\"Wie mache ich negative Zahlen in Excel rot?\",\"isPartOf\":{\"@id\":\"https:\/\/exceladvisor.org\/de\/#website\"},\"primaryImageOfPage\":{\"@id\":\"https:\/\/exceladvisor.org\/de\/rote-negative-zahlen\/#primaryimage\"},\"image\":{\"@id\":\"https:\/\/exceladvisor.org\/de\/rote-negative-zahlen\/#primaryimage\"},\"thumbnailUrl\":\"https:\/\/exceladvisor.org\/wp-content\/uploads\/2023\/08\/1-nombres-negatifs-rouges-en-utilisant-la-mise-en-forme-conditionnelle.png\",\"datePublished\":\"2023-11-16T16:54:08+00:00\",\"dateModified\":\"2023-12-03T13:04:23+00:00\",\"description\":\"In diesem Tutorial lernen Sie verschiedene M\u00f6glichkeiten kennen, negative Zahlen in Excel mit drei einfachen Methoden rot zu machen\",\"breadcrumb\":{\"@id\":\"https:\/\/exceladvisor.org\/de\/rote-negative-zahlen\/#breadcrumb\"},\"inLanguage\":\"de\",\"potentialAction\":[{\"@type\":\"ReadAction\",\"target\":[\"https:\/\/exceladvisor.org\/de\/rote-negative-zahlen\/\"]}]},{\"@type\":\"ImageObject\",\"inLanguage\":\"de\",\"@id\":\"https:\/\/exceladvisor.org\/de\/rote-negative-zahlen\/#primaryimage\",\"url\":\"https:\/\/exceladvisor.org\/wp-content\/uploads\/2023\/08\/1-nombres-negatifs-rouges-en-utilisant-la-mise-en-forme-conditionnelle.png\",\"contentUrl\":\"https:\/\/exceladvisor.org\/wp-content\/uploads\/2023\/08\/1-nombres-negatifs-rouges-en-utilisant-la-mise-en-forme-conditionnelle.png\"},{\"@type\":\"BreadcrumbList\",\"@id\":\"https:\/\/exceladvisor.org\/de\/rote-negative-zahlen\/#breadcrumb\",\"itemListElement\":[{\"@type\":\"ListItem\",\"position\":1,\"name\":\"Accueil\",\"item\":\"https:\/\/exceladvisor.org\/de\/\"},{\"@type\":\"ListItem\",\"position\":2,\"name\":\"Wie mache ich negative zahlen in excel rot?\"}]},{\"@type\":\"WebSite\",\"@id\":\"https:\/\/exceladvisor.org\/de\/#website\",\"url\":\"https:\/\/exceladvisor.org\/de\/\",\"name\":\"Excel Advisor\",\"description\":\"Ihr Leitfaden zur Datendominanz\",\"publisher\":{\"@id\":\"https:\/\/exceladvisor.org\/de\/#organization\"},\"potentialAction\":[{\"@type\":\"SearchAction\",\"target\":{\"@type\":\"EntryPoint\",\"urlTemplate\":\"https:\/\/exceladvisor.org\/de\/?s={search_term_string}\"},\"query-input\":{\"@type\":\"PropertyValueSpecification\",\"valueRequired\":true,\"valueName\":\"search_term_string\"}}],\"inLanguage\":\"de\"},{\"@type\":\"Organization\",\"@id\":\"https:\/\/exceladvisor.org\/de\/#organization\",\"name\":\"Excel Advisor\",\"url\":\"https:\/\/exceladvisor.org\/de\/\",\"logo\":{\"@type\":\"ImageObject\",\"inLanguage\":\"de\",\"@id\":\"https:\/\/exceladvisor.org\/de\/#\/schema\/logo\/image\/\",\"url\":\"https:\/\/exceladvisor.org\/de\/wp-content\/uploads\/2023\/11\/exceladvisor.org_.png\",\"contentUrl\":\"https:\/\/exceladvisor.org\/de\/wp-content\/uploads\/2023\/11\/exceladvisor.org_.png\",\"width\":105,\"height\":36,\"caption\":\"Excel Advisor\"},\"image\":{\"@id\":\"https:\/\/exceladvisor.org\/de\/#\/schema\/logo\/image\/\"}}]}<\/script>\n<!-- \/ Yoast SEO plugin. -->","yoast_head_json":{"title":"Wie mache ich negative Zahlen in Excel rot?","description":"In diesem Tutorial lernen Sie verschiedene M\u00f6glichkeiten kennen, negative Zahlen in Excel mit drei einfachen Methoden rot zu machen","robots":{"index":"index","follow":"follow","max-snippet":"max-snippet:-1","max-image-preview":"max-image-preview:large","max-video-preview":"max-video-preview:-1"},"canonical":"https:\/\/exceladvisor.org\/de\/rote-negative-zahlen\/","og_locale":"de_DE","og_type":"article","og_title":"Wie mache ich negative Zahlen in Excel rot?","og_description":"In diesem Tutorial lernen Sie verschiedene M\u00f6glichkeiten kennen, negative Zahlen in Excel mit drei einfachen Methoden rot zu machen","og_url":"https:\/\/exceladvisor.org\/de\/rote-negative-zahlen\/","og_site_name":"Excel Advisor","article_modified_time":"2023-12-03T13:04:23+00:00","og_image":[{"url":"https:\/\/exceladvisor.org\/wp-content\/uploads\/2023\/08\/1-nombres-negatifs-rouges-en-utilisant-la-mise-en-forme-conditionnelle.png","type":"","width":"","height":""}],"twitter_card":"summary_large_image","twitter_misc":{"Gesch\u00e4tzte Lesezeit":"3\u00a0Minuten"},"schema":{"@context":"https:\/\/schema.org","@graph":[{"@type":"WebPage","@id":"https:\/\/exceladvisor.org\/de\/rote-negative-zahlen\/","url":"https:\/\/exceladvisor.org\/de\/rote-negative-zahlen\/","name":"Wie mache ich negative Zahlen in Excel rot?","isPartOf":{"@id":"https:\/\/exceladvisor.org\/de\/#website"},"primaryImageOfPage":{"@id":"https:\/\/exceladvisor.org\/de\/rote-negative-zahlen\/#primaryimage"},"image":{"@id":"https:\/\/exceladvisor.org\/de\/rote-negative-zahlen\/#primaryimage"},"thumbnailUrl":"https:\/\/exceladvisor.org\/wp-content\/uploads\/2023\/08\/1-nombres-negatifs-rouges-en-utilisant-la-mise-en-forme-conditionnelle.png","datePublished":"2023-11-16T16:54:08+00:00","dateModified":"2023-12-03T13:04:23+00:00","description":"In diesem Tutorial lernen Sie verschiedene M\u00f6glichkeiten kennen, negative Zahlen in Excel mit drei einfachen Methoden rot zu machen","breadcrumb":{"@id":"https:\/\/exceladvisor.org\/de\/rote-negative-zahlen\/#breadcrumb"},"inLanguage":"de","potentialAction":[{"@type":"ReadAction","target":["https:\/\/exceladvisor.org\/de\/rote-negative-zahlen\/"]}]},{"@type":"ImageObject","inLanguage":"de","@id":"https:\/\/exceladvisor.org\/de\/rote-negative-zahlen\/#primaryimage","url":"https:\/\/exceladvisor.org\/wp-content\/uploads\/2023\/08\/1-nombres-negatifs-rouges-en-utilisant-la-mise-en-forme-conditionnelle.png","contentUrl":"https:\/\/exceladvisor.org\/wp-content\/uploads\/2023\/08\/1-nombres-negatifs-rouges-en-utilisant-la-mise-en-forme-conditionnelle.png"},{"@type":"BreadcrumbList","@id":"https:\/\/exceladvisor.org\/de\/rote-negative-zahlen\/#breadcrumb","itemListElement":[{"@type":"ListItem","position":1,"name":"Accueil","item":"https:\/\/exceladvisor.org\/de\/"},{"@type":"ListItem","position":2,"name":"Wie mache ich negative zahlen in excel rot?"}]},{"@type":"WebSite","@id":"https:\/\/exceladvisor.org\/de\/#website","url":"https:\/\/exceladvisor.org\/de\/","name":"Excel Advisor","description":"Ihr Leitfaden zur Datendominanz","publisher":{"@id":"https:\/\/exceladvisor.org\/de\/#organization"},"potentialAction":[{"@type":"SearchAction","target":{"@type":"EntryPoint","urlTemplate":"https:\/\/exceladvisor.org\/de\/?s={search_term_string}"},"query-input":{"@type":"PropertyValueSpecification","valueRequired":true,"valueName":"search_term_string"}}],"inLanguage":"de"},{"@type":"Organization","@id":"https:\/\/exceladvisor.org\/de\/#organization","name":"Excel Advisor","url":"https:\/\/exceladvisor.org\/de\/","logo":{"@type":"ImageObject","inLanguage":"de","@id":"https:\/\/exceladvisor.org\/de\/#\/schema\/logo\/image\/","url":"https:\/\/exceladvisor.org\/de\/wp-content\/uploads\/2023\/11\/exceladvisor.org_.png","contentUrl":"https:\/\/exceladvisor.org\/de\/wp-content\/uploads\/2023\/11\/exceladvisor.org_.png","width":105,"height":36,"caption":"Excel Advisor"},"image":{"@id":"https:\/\/exceladvisor.org\/de\/#\/schema\/logo\/image\/"}}]}},"yoast_meta":{"yoast_wpseo_title":"","yoast_wpseo_metadesc":"","yoast_wpseo_canonical":""},"_links":{"self":[{"href":"https:\/\/exceladvisor.org\/de\/wp-json\/wp\/v2\/pages\/3060","targetHints":{"allow":["GET"]}}],"collection":[{"href":"https:\/\/exceladvisor.org\/de\/wp-json\/wp\/v2\/pages"}],"about":[{"href":"https:\/\/exceladvisor.org\/de\/wp-json\/wp\/v2\/types\/page"}],"author":[{"embeddable":true,"href":"https:\/\/exceladvisor.org\/de\/wp-json\/wp\/v2\/users\/1"}],"replies":[{"embeddable":true,"href":"https:\/\/exceladvisor.org\/de\/wp-json\/wp\/v2\/comments?post=3060"}],"version-history":[{"count":1,"href":"https:\/\/exceladvisor.org\/de\/wp-json\/wp\/v2\/pages\/3060\/revisions"}],"predecessor-version":[{"id":4153,"href":"https:\/\/exceladvisor.org\/de\/wp-json\/wp\/v2\/pages\/3060\/revisions\/4153"}],"wp:attachment":[{"href":"https:\/\/exceladvisor.org\/de\/wp-json\/wp\/v2\/media?parent=3060"}],"curies":[{"name":"wp","href":"https:\/\/api.w.org\/{rel}","templated":true}]}}