{"id":3061,"date":"2023-11-16T15:11:28","date_gmt":"2023-11-16T15:11:28","guid":{"rendered":"https:\/\/exceladvisor.org\/de\/bereichsverschiebung\/"},"modified":"2023-12-03T13:05:07","modified_gmt":"2023-12-03T13:05:07","slug":"bereichsverschiebung","status":"publish","type":"page","link":"https:\/\/exceladvisor.org\/de\/bereichsverschiebung\/","title":{"rendered":"Wie verwende ich offset mit dem bereichsobjekt in vba?"},"content":{"rendered":"<div class=\"excel-vor-dem-inhalt\" id=\"excel-2340990775\"><script type=\"text\/javascript\">\r\n\tatOptions = {\r\n\t\t'key' : 'c1158f160081d6540a8409e6925dab94',\r\n\t\t'format' : 'iframe',\r\n\t\t'height' : 250,\r\n\t\t'width' : 300,\r\n\t\t'params' : {}\r\n\t};\r\n<\/script>\r\n<script type=\"text\/javascript\" src=\"\/\/www.highperformanceformat.com\/c1158f160081d6540a8409e6925dab94\/invoke.js\"><\/script><\/div> <p>Wenn Sie OFFSET mit dem Bereichsobjekt verwenden, k\u00f6nnen Sie im Arbeitsblatt von Zelle zu Zelle navigieren und auch eine Zelle oder einen Bereich ausw\u00e4hlen. Sie erhalten damit auch Zugriff auf die Eigenschaften und Methoden, die Sie mit dem zu verwendenden Bereichsobjekt haben, Sie m\u00fcssen jedoch die Argumente im OFFSET angeben, um es verwenden zu k\u00f6nnen.<\/p><h2 class=\"wp-block-heading\"> Verwenden von OFFSET mit dem Range-Objekt<\/h2><ol type=\"1\"><li> Geben Sie den Bereich an, in dem Sie beginnen m\u00f6chten.<\/li><li> Geben Sie einen Punkt (.) ein, um eine Liste der Eigenschaften und Methoden zu erhalten.<\/li><li> W\u00e4hlen Sie die Offset-Eigenschaft aus und geben Sie die Argumente (Zeile und Spalte) an.<\/li><li> W\u00e4hlen Sie am Ende die Eigenschaft aus, die mit dem Offset verwendet werden soll. <\/li><\/ol><div class=\"wp-block-image\"><figure class=\"aligncenter size-large is-resized\"><img loading=\"lazy\" decoding=\"async\" class=\"wp-image-53833\" src=\"https:\/\/exceladvisor.org\/wp-content\/uploads\/2023\/08\/1-decalage-avec-lobjet-plage.png\" sizes=\"auto, \" srcset=\"\" alt=\"Offset mit Bereichsobjekt\" width=\"616\" height=\"261\"><\/figure><\/div><h2 class=\"wp-block-heading\"> W\u00e4hlen Sie mit OFFSET einen Bereich aus<\/h2><p> Sie k\u00f6nnen auch einen Bereich ausw\u00e4hlen, der der Anzahl der Zeilen und Spalten entspricht, die von einem Bereich entfernt sind. Nehmen Sie die Codezeile unten, die einen zweizelligen Bereich ausw\u00e4hlt, der aus f\u00fcnf Zeilen unten und drei Spalten rechts besteht. <\/p><pre class=\"wp-block-code\"> <code class=\"language-visual-basic\" lang=\"visual-basic\">Range(\"A1:A2\").Offset(3, 2).Select<\/code><\/pre><div class=\"wp-block-image\"><figure class=\"aligncenter size-large is-resized\"><img loading=\"lazy\" decoding=\"async\" class=\"wp-image-53834\" src=\"https:\/\/exceladvisor.org\/wp-content\/uploads\/2023\/08\/2-selectionner-la-plage-a-laide-du-decalage.png\" sizes=\"auto, \" srcset=\"\" alt=\"W\u00e4hlen Sie den Bereich mithilfe des Offsets aus\" width=\"692\" height=\"335\"><\/figure><\/div><p> Dar\u00fcber hinaus k\u00f6nnen Sie auch Code schreiben, um den Bereich mithilfe einer benutzerdefinierten Gr\u00f6\u00dfe auszuw\u00e4hlen. Betrachten Sie ein Beispiel f\u00fcr den folgenden Code. <\/p><pre class=\"wp-block-code\"> <code class=\"language-visual-basic\" lang=\"visual-basic\">Range(Range(\"A1\").Offset(1, 1), Range(\"A1\").Offset(5, 2)).Select<\/code><\/pre><div class=\"wp-block-image\"><figure class=\"aligncenter size-large is-resized\"><img loading=\"lazy\" decoding=\"async\" class=\"wp-image-53835\" src=\"https:\/\/exceladvisor.org\/wp-content\/uploads\/2023\/08\/3-selectionnez-la-plage-en-utilisant-la-taille-personnalisee.png\" sizes=\"auto, \" srcset=\"\" alt=\"W\u00e4hlen Sie den Bereich mithilfe der benutzerdefinierten Gr\u00f6\u00dfe aus\" width=\"708\" height=\"226\"><\/figure><\/div><p> Um diesen Code zu verstehen, m\u00fcssen Sie ihn in drei Teile unterteilen. <\/p><div class=\"wp-block-image\"><figure class=\"aligncenter size-large is-resized\"><img loading=\"lazy\" decoding=\"async\" class=\"wp-image-53836\" src=\"https:\/\/exceladvisor.org\/wp-content\/uploads\/2023\/08\/4-divise-en-trois-parties.png\" sizes=\"auto, \" srcset=\"\" alt=\"in drei Teile gegliedert\" width=\"684\" height=\"121\"><\/figure><\/div><p> Zun\u00e4chst haben Sie in diesem Bereichsobjekt die M\u00f6glichkeit, die erste und letzte Zelle des Bereichs anzugeben. <\/p><div class=\"wp-block-image\"><figure class=\"aligncenter size-large is-resized\"><img loading=\"lazy\" decoding=\"async\" class=\"wp-image-53837\" src=\"https:\/\/exceladvisor.org\/wp-content\/uploads\/2023\/08\/5-option-pour-specifier-la-premiere-cellule.png\" sizes=\"auto, \" srcset=\"\" alt=\"Option zur Angabe der ersten Zelle\" width=\"215\" height=\"71\"><\/figure><\/div><p> Kehren wir nun zum Beispiel zur\u00fcck:<\/p><ul><li> Im ersten Teil haben Sie das Bereichsobjekt verwendet, um auf die Zelle eine Zeile tiefer und eine Spalte rechts von Zelle A1 zu verweisen.<\/li><li> In Teil ZWEI haben Sie das Bereichsobjekt verwendet, um auf die Zelle f\u00fcnf Zeilen weiter unten und zwei Spalten rechts von Zelle A1 zu verweisen.<\/li><li> Im THRID-Teil haben Sie die Zellen im ersten und zweiten Teil verwendet, um einen Bereich zu referenzieren und auszuw\u00e4hlen.<\/li><\/ul><h2 class=\"wp-block-heading\"> Verwenden von OFFSET mit ActiveCell<\/h2><p> Sie k\u00f6nnen anstelle eines vordefinierten Bereichs auch die aktive Zelle verwenden. Dies bedeutet, dass Sie einen dynamischen Offset erhalten, um eine Zelle auszuw\u00e4hlen, die von der aktiven Zelle aus navigiert.<\/p><pre class=\"wp-block-code\"> <code class=\"language-visual-basic\" lang=\"visual-basic\">ActiveCell.Offset(5, 2).Select<\/code><\/pre><p> Die obige Codezeile w\u00e4hlt die Zelle aus, die f\u00fcnf Zeilen weiter unten und zwei Spalten rechts von der aktiven Zelle liegt.<\/p><h2 class=\"wp-block-heading\"> Verwenden Sie OFFSET mit ActiveCell, um einen Bereich auszuw\u00e4hlen<\/h2><p> Verwenden Sie den folgenden Code, um einen Bereich in der aktiven Zelle auszuw\u00e4hlen.<\/p><pre class=\"wp-block-code\"> <code class=\"language-visual-basic\" lang=\"visual-basic\">Range(ActiveCell.Offset(1, 1), ActiveCell.Offset(5, 2)).Select<\/code><\/pre><p> Um zu verstehen, wie dieser Code funktioniert, lesen Sie unbedingt diese Erkl\u00e4rung.<\/p><h2 class=\"wp-block-heading\"> Kopieren Sie einen Bereich mit OFFSET<\/h2><pre class=\"wp-block-code\"> <code class=\"language-visual-basic\" lang=\"visual-basic\">Range(Range(\"A1\").Offset(1, 1), Range(\"A1\").Offset(5, 2)).Copy Range(ActiveCell.Offset(1, 1), ActiveCell.Offset(5, 2)).Copy<\/code><\/pre><h2 class=\"wp-block-heading\"> Verwenden der Cells-Eigenschaft mit OFFSET<\/h2><p> Sie k\u00f6nnen die OFFSET-Eigenschaft auch mit der CELLS-Eigenschaft verwenden. Betrachten Sie den folgenden Code. <\/p><pre class=\"wp-block-code\"> <code class=\"language-visual-basic\" lang=\"visual-basic\">Cells(1, 3).Offset(2, 3).Select<\/code><\/pre><div class=\"wp-block-image\"><figure class=\"aligncenter size-large is-resized\"><img loading=\"lazy\" decoding=\"async\" class=\"wp-image-53838\" src=\"https:\/\/exceladvisor.org\/wp-content\/uploads\/2023\/08\/Propriete-6-cellules-avec-decalage.png\" sizes=\"auto, \" srcset=\"\" alt=\"Zelleneigenschaft mit Offset\" width=\"656\" height=\"236\"><\/figure><\/div><p> Der obige Code referenziert zun\u00e4chst Zelle A1 (wie von Ihnen angegeben) mit der ersten Zeile und der ersten Spalte unter Verwendung der Eigenschaft \u201eZellen\u201c und verwendet dann die Eigenschaft \u201eOffset\u201c, um die Zelle auszuw\u00e4hlen, die zwei Zeilen weiter unten liegt und drei Spalten hat.<\/p><div class=\"gb-container gb-container-4db6181c gb-container-mt\"> <a class=\"gb-button gb-button-c5897111 gb-button-text gb-button-mt-button\" href=\"https:\/\/exceladvisor.org\/de\/vba\/\">Was ist VBA<\/a><h2 class=\"gb-headline gb-headline-665e5f6b gb-headline-text gb-headline-mt-heading\"> Verwandte Tutorials <\/h2><div class=\"gb-grid-wrapper gb-grid-wrapper-a20baf7c gb-grid-wrapper-mt-grid\"><div class=\"gb-grid-column gb-grid-column-65ddf67e\"><div class=\"gb-container gb-container-65ddf67e\"><ul><li> <a href=\"https:\/\/exceladvisor.org\/de\/anzahl-der-zeilen\/\">Z\u00e4hlen Sie Zeilen mit VBA in Excel<\/a><\/li><li> <a href=\"https:\/\/exceladvisor.org\/de\/zeichenschrift\/\">Excel VBA-Schriftart (Farbe, Gr\u00f6\u00dfe, Typ und Fettdruck)<\/a><\/li><li> <a href=\"https:\/\/exceladvisor.org\/de\/spaltenzeile-ausblenden-und-anzeigen\/\">Excel VBA Eine Spalte oder Zeile ein- und ausblenden<\/a><\/li><li> <a href=\"https:\/\/exceladvisor.org\/de\/bereich-1\/\">Excel VBA-Bereich \u2013 Arbeiten mit Bereichen und Zellen<\/a><\/li><li> <a href=\"https:\/\/exceladvisor.org\/de\/grenzen\/\">Wenden Sie mit VBA in Excel Rahmen auf eine Zelle an<\/a> <\/li><\/ul><\/div><\/div><div class=\"gb-grid-column gb-grid-column-50067b57\"><div class=\"gb-container gb-container-50067b57\"><\/div><\/div><\/div><\/div>","protected":false},"excerpt":{"rendered":"","protected":false},"author":1,"featured_media":0,"parent":0,"menu_order":0,"comment_status":"open","ping_status":"closed","template":"","meta":{"ub_ctt_via":"","footnotes":""},"class_list":["post-3061","page","type-page","status-publish","hentry"],"featured_image_src":null,"yoast_head":"<!-- This site is optimized with the Yoast SEO plugin v25.4 - https:\/\/yoast.com\/wordpress\/plugins\/seo\/ -->\n<title>\u25b7 Wie verwende ich OFFSET mit dem Bereichsobjekt in VBA?<\/title>\n<meta name=\"description\" content=\"Dieses Tutorial zeigt Ihnen, wie Sie VBA OFFSET mit einem Bereich verwenden und wie Sie einen Bereich ausw\u00e4hlen, sogar unter Verwendung der aktiven Zelle.\" \/>\n<meta name=\"robots\" content=\"index, follow, max-snippet:-1, max-image-preview:large, max-video-preview:-1\" \/>\n<link rel=\"canonical\" href=\"https:\/\/exceladvisor.org\/de\/bereichsverschiebung\/\" \/>\n<meta property=\"og:locale\" content=\"de_DE\" \/>\n<meta property=\"og:type\" content=\"article\" \/>\n<meta property=\"og:title\" content=\"\u25b7 Wie verwende ich OFFSET mit dem Bereichsobjekt in VBA?\" \/>\n<meta property=\"og:description\" content=\"Dieses Tutorial zeigt Ihnen, wie Sie VBA OFFSET mit einem Bereich verwenden und wie Sie einen Bereich ausw\u00e4hlen, sogar unter Verwendung der aktiven Zelle.\" \/>\n<meta property=\"og:url\" content=\"https:\/\/exceladvisor.org\/de\/bereichsverschiebung\/\" \/>\n<meta property=\"og:site_name\" content=\"Excel Advisor\" \/>\n<meta property=\"article:modified_time\" content=\"2023-12-03T13:05:07+00:00\" \/>\n<meta property=\"og:image\" content=\"https:\/\/exceladvisor.org\/wp-content\/uploads\/2023\/08\/1-decalage-avec-lobjet-plage.png\" \/>\n<meta name=\"twitter:card\" content=\"summary_large_image\" \/>\n<meta name=\"twitter:label1\" content=\"Gesch\u00e4tzte Lesezeit\" \/>\n\t<meta name=\"twitter:data1\" content=\"3\u00a0Minuten\" \/>\n<script type=\"application\/ld+json\" class=\"yoast-schema-graph\">{\"@context\":\"https:\/\/schema.org\",\"@graph\":[{\"@type\":\"WebPage\",\"@id\":\"https:\/\/exceladvisor.org\/de\/bereichsverschiebung\/\",\"url\":\"https:\/\/exceladvisor.org\/de\/bereichsverschiebung\/\",\"name\":\"\u25b7 Wie verwende ich OFFSET mit dem Bereichsobjekt in VBA?\",\"isPartOf\":{\"@id\":\"https:\/\/exceladvisor.org\/de\/#website\"},\"primaryImageOfPage\":{\"@id\":\"https:\/\/exceladvisor.org\/de\/bereichsverschiebung\/#primaryimage\"},\"image\":{\"@id\":\"https:\/\/exceladvisor.org\/de\/bereichsverschiebung\/#primaryimage\"},\"thumbnailUrl\":\"https:\/\/exceladvisor.org\/wp-content\/uploads\/2023\/08\/1-decalage-avec-lobjet-plage.png\",\"datePublished\":\"2023-11-16T15:11:28+00:00\",\"dateModified\":\"2023-12-03T13:05:07+00:00\",\"description\":\"Dieses Tutorial zeigt Ihnen, wie Sie VBA OFFSET mit einem Bereich verwenden und wie Sie einen Bereich ausw\u00e4hlen, sogar unter Verwendung der aktiven Zelle.\",\"breadcrumb\":{\"@id\":\"https:\/\/exceladvisor.org\/de\/bereichsverschiebung\/#breadcrumb\"},\"inLanguage\":\"de\",\"potentialAction\":[{\"@type\":\"ReadAction\",\"target\":[\"https:\/\/exceladvisor.org\/de\/bereichsverschiebung\/\"]}]},{\"@type\":\"ImageObject\",\"inLanguage\":\"de\",\"@id\":\"https:\/\/exceladvisor.org\/de\/bereichsverschiebung\/#primaryimage\",\"url\":\"https:\/\/exceladvisor.org\/wp-content\/uploads\/2023\/08\/1-decalage-avec-lobjet-plage.png\",\"contentUrl\":\"https:\/\/exceladvisor.org\/wp-content\/uploads\/2023\/08\/1-decalage-avec-lobjet-plage.png\"},{\"@type\":\"BreadcrumbList\",\"@id\":\"https:\/\/exceladvisor.org\/de\/bereichsverschiebung\/#breadcrumb\",\"itemListElement\":[{\"@type\":\"ListItem\",\"position\":1,\"name\":\"Accueil\",\"item\":\"https:\/\/exceladvisor.org\/de\/\"},{\"@type\":\"ListItem\",\"position\":2,\"name\":\"Wie verwende ich offset mit dem bereichsobjekt in vba?\"}]},{\"@type\":\"WebSite\",\"@id\":\"https:\/\/exceladvisor.org\/de\/#website\",\"url\":\"https:\/\/exceladvisor.org\/de\/\",\"name\":\"Excel Advisor\",\"description\":\"Ihr Leitfaden zur Datendominanz\",\"publisher\":{\"@id\":\"https:\/\/exceladvisor.org\/de\/#organization\"},\"potentialAction\":[{\"@type\":\"SearchAction\",\"target\":{\"@type\":\"EntryPoint\",\"urlTemplate\":\"https:\/\/exceladvisor.org\/de\/?s={search_term_string}\"},\"query-input\":{\"@type\":\"PropertyValueSpecification\",\"valueRequired\":true,\"valueName\":\"search_term_string\"}}],\"inLanguage\":\"de\"},{\"@type\":\"Organization\",\"@id\":\"https:\/\/exceladvisor.org\/de\/#organization\",\"name\":\"Excel Advisor\",\"url\":\"https:\/\/exceladvisor.org\/de\/\",\"logo\":{\"@type\":\"ImageObject\",\"inLanguage\":\"de\",\"@id\":\"https:\/\/exceladvisor.org\/de\/#\/schema\/logo\/image\/\",\"url\":\"https:\/\/exceladvisor.org\/de\/wp-content\/uploads\/2023\/11\/exceladvisor.org_.png\",\"contentUrl\":\"https:\/\/exceladvisor.org\/de\/wp-content\/uploads\/2023\/11\/exceladvisor.org_.png\",\"width\":105,\"height\":36,\"caption\":\"Excel Advisor\"},\"image\":{\"@id\":\"https:\/\/exceladvisor.org\/de\/#\/schema\/logo\/image\/\"}}]}<\/script>\n<!-- \/ Yoast SEO plugin. -->","yoast_head_json":{"title":"\u25b7 Wie verwende ich OFFSET mit dem Bereichsobjekt in VBA?","description":"Dieses Tutorial zeigt Ihnen, wie Sie VBA OFFSET mit einem Bereich verwenden und wie Sie einen Bereich ausw\u00e4hlen, sogar unter Verwendung der aktiven Zelle.","robots":{"index":"index","follow":"follow","max-snippet":"max-snippet:-1","max-image-preview":"max-image-preview:large","max-video-preview":"max-video-preview:-1"},"canonical":"https:\/\/exceladvisor.org\/de\/bereichsverschiebung\/","og_locale":"de_DE","og_type":"article","og_title":"\u25b7 Wie verwende ich OFFSET mit dem Bereichsobjekt in VBA?","og_description":"Dieses Tutorial zeigt Ihnen, wie Sie VBA OFFSET mit einem Bereich verwenden und wie Sie einen Bereich ausw\u00e4hlen, sogar unter Verwendung der aktiven Zelle.","og_url":"https:\/\/exceladvisor.org\/de\/bereichsverschiebung\/","og_site_name":"Excel Advisor","article_modified_time":"2023-12-03T13:05:07+00:00","og_image":[{"url":"https:\/\/exceladvisor.org\/wp-content\/uploads\/2023\/08\/1-decalage-avec-lobjet-plage.png","type":"","width":"","height":""}],"twitter_card":"summary_large_image","twitter_misc":{"Gesch\u00e4tzte Lesezeit":"3\u00a0Minuten"},"schema":{"@context":"https:\/\/schema.org","@graph":[{"@type":"WebPage","@id":"https:\/\/exceladvisor.org\/de\/bereichsverschiebung\/","url":"https:\/\/exceladvisor.org\/de\/bereichsverschiebung\/","name":"\u25b7 Wie verwende ich OFFSET mit dem Bereichsobjekt in VBA?","isPartOf":{"@id":"https:\/\/exceladvisor.org\/de\/#website"},"primaryImageOfPage":{"@id":"https:\/\/exceladvisor.org\/de\/bereichsverschiebung\/#primaryimage"},"image":{"@id":"https:\/\/exceladvisor.org\/de\/bereichsverschiebung\/#primaryimage"},"thumbnailUrl":"https:\/\/exceladvisor.org\/wp-content\/uploads\/2023\/08\/1-decalage-avec-lobjet-plage.png","datePublished":"2023-11-16T15:11:28+00:00","dateModified":"2023-12-03T13:05:07+00:00","description":"Dieses Tutorial zeigt Ihnen, wie Sie VBA OFFSET mit einem Bereich verwenden und wie Sie einen Bereich ausw\u00e4hlen, sogar unter Verwendung der aktiven Zelle.","breadcrumb":{"@id":"https:\/\/exceladvisor.org\/de\/bereichsverschiebung\/#breadcrumb"},"inLanguage":"de","potentialAction":[{"@type":"ReadAction","target":["https:\/\/exceladvisor.org\/de\/bereichsverschiebung\/"]}]},{"@type":"ImageObject","inLanguage":"de","@id":"https:\/\/exceladvisor.org\/de\/bereichsverschiebung\/#primaryimage","url":"https:\/\/exceladvisor.org\/wp-content\/uploads\/2023\/08\/1-decalage-avec-lobjet-plage.png","contentUrl":"https:\/\/exceladvisor.org\/wp-content\/uploads\/2023\/08\/1-decalage-avec-lobjet-plage.png"},{"@type":"BreadcrumbList","@id":"https:\/\/exceladvisor.org\/de\/bereichsverschiebung\/#breadcrumb","itemListElement":[{"@type":"ListItem","position":1,"name":"Accueil","item":"https:\/\/exceladvisor.org\/de\/"},{"@type":"ListItem","position":2,"name":"Wie verwende ich offset mit dem bereichsobjekt in vba?"}]},{"@type":"WebSite","@id":"https:\/\/exceladvisor.org\/de\/#website","url":"https:\/\/exceladvisor.org\/de\/","name":"Excel Advisor","description":"Ihr Leitfaden zur Datendominanz","publisher":{"@id":"https:\/\/exceladvisor.org\/de\/#organization"},"potentialAction":[{"@type":"SearchAction","target":{"@type":"EntryPoint","urlTemplate":"https:\/\/exceladvisor.org\/de\/?s={search_term_string}"},"query-input":{"@type":"PropertyValueSpecification","valueRequired":true,"valueName":"search_term_string"}}],"inLanguage":"de"},{"@type":"Organization","@id":"https:\/\/exceladvisor.org\/de\/#organization","name":"Excel Advisor","url":"https:\/\/exceladvisor.org\/de\/","logo":{"@type":"ImageObject","inLanguage":"de","@id":"https:\/\/exceladvisor.org\/de\/#\/schema\/logo\/image\/","url":"https:\/\/exceladvisor.org\/de\/wp-content\/uploads\/2023\/11\/exceladvisor.org_.png","contentUrl":"https:\/\/exceladvisor.org\/de\/wp-content\/uploads\/2023\/11\/exceladvisor.org_.png","width":105,"height":36,"caption":"Excel Advisor"},"image":{"@id":"https:\/\/exceladvisor.org\/de\/#\/schema\/logo\/image\/"}}]}},"yoast_meta":{"yoast_wpseo_title":"","yoast_wpseo_metadesc":"","yoast_wpseo_canonical":""},"_links":{"self":[{"href":"https:\/\/exceladvisor.org\/de\/wp-json\/wp\/v2\/pages\/3061","targetHints":{"allow":["GET"]}}],"collection":[{"href":"https:\/\/exceladvisor.org\/de\/wp-json\/wp\/v2\/pages"}],"about":[{"href":"https:\/\/exceladvisor.org\/de\/wp-json\/wp\/v2\/types\/page"}],"author":[{"embeddable":true,"href":"https:\/\/exceladvisor.org\/de\/wp-json\/wp\/v2\/users\/1"}],"replies":[{"embeddable":true,"href":"https:\/\/exceladvisor.org\/de\/wp-json\/wp\/v2\/comments?post=3061"}],"version-history":[{"count":1,"href":"https:\/\/exceladvisor.org\/de\/wp-json\/wp\/v2\/pages\/3061\/revisions"}],"predecessor-version":[{"id":4375,"href":"https:\/\/exceladvisor.org\/de\/wp-json\/wp\/v2\/pages\/3061\/revisions\/4375"}],"wp:attachment":[{"href":"https:\/\/exceladvisor.org\/de\/wp-json\/wp\/v2\/media?parent=3061"}],"curies":[{"name":"wp","href":"https:\/\/api.w.org\/{rel}","templated":true}]}}