{"id":3062,"date":"2023-11-16T14:56:46","date_gmt":"2023-11-16T14:56:46","guid":{"rendered":"https:\/\/exceladvisor.org\/de\/klarer-inhalt-1\/"},"modified":"2023-12-03T11:13:01","modified_gmt":"2023-12-03T11:13:01","slug":"klarer-inhalt-1","status":"publish","type":"page","link":"https:\/\/exceladvisor.org\/de\/klarer-inhalt-1\/","title":{"rendered":"Vba clearcontents: wie l\u00f6sche ich den inhalt einer zelle?"},"content":{"rendered":"<div class=\"excel-vor-dem-inhalt\" id=\"excel-2182957446\"><script type=\"text\/javascript\">\r\n\tatOptions = {\r\n\t\t'key' : 'c1158f160081d6540a8409e6925dab94',\r\n\t\t'format' : 'iframe',\r\n\t\t'height' : 250,\r\n\t\t'width' : 300,\r\n\t\t'params' : {}\r\n\t};\r\n<\/script>\r\n<script type=\"text\/javascript\" src=\"\/\/www.highperformanceformat.com\/c1158f160081d6540a8409e6925dab94\/invoke.js\"><\/script><\/div> <p class=\"wp-block-heading\"><strong>Wichtige Punkte<\/strong><\/p><ul><li> Um den Inhalt einer Zelle zu l\u00f6schen, m\u00fcssen Sie die ClearContents-Methode verwenden.<\/li><li> Sie k\u00f6nnen es f\u00fcr eine einzelne Zelle, einen Bereich oder ein ganzes Arbeitsblatt verwenden.<\/li><\/ul><h2 class=\"wp-block-heading\"> ClearContents-Methode<\/h2><p> In VBA gibt es eine Methode namens ClearContents, mit der Sie Werte und Formeln aus einer Zelle, einem Zellbereich und dem gesamten Arbeitsblatt l\u00f6schen k\u00f6nnen.<\/p><pre class=\"wp-block-code\"> <code class=\"language-visual-basic\" lang=\"visual-basic\">Expression.ClearContents<\/code><\/pre><p> Um diese Methode zu verwenden, m\u00fcssen Sie den Ausdruck zun\u00e4chst auf eine Stelle setzen, an der Sie den Inhalt l\u00f6schen m\u00f6chten, und dann \u201e.ClearContents\u201c eingeben.<\/p><h2 class=\"wp-block-heading\"> L\u00f6schen Sie den Inhalt einer einzelnen Zelle<\/h2><p> Angenommen, Sie m\u00f6chten die Werte in Zelle A1 l\u00f6schen. Zuerst m\u00fcssen Sie Zelle A1 mithilfe des Range-Objekts und dann der ClearContents-Methode definieren.<\/p><p> Der Code w\u00e4re also: <\/p><pre class=\"wp-block-code\"> <code class=\"language-visual-basic\" lang=\"visual-basic\">Sub ClearContentExamples() Range(\"A1\").ClearContents End Sub<\/code><\/pre><div class=\"wp-block-image\"><figure class=\"aligncenter size-large is-resized\"><img loading=\"lazy\" decoding=\"async\" class=\"wp-image-50555\" src=\"https:\/\/exceladvisor.org\/wp-content\/uploads\/2023\/08\/1-effacer-le-contenu-dune-seule-cellule.png\" sizes=\"auto, \" srcset=\"\" alt=\"Den Inhalt-einer-einzelnen-Zelle l\u00f6schen\" width=\"302\" height=\"148\"><\/figure><\/div><p> Sie k\u00f6nnen auch die Eigenschaft \u201eZellen\u201c verwenden, um eine Zelle zu definieren. Der Code w\u00e4re dann: <\/p><pre class=\"wp-block-code\"> <code class=\"language-visual-basic\" lang=\"visual-basic\">Sub ClearContentExamples() Cells(1, 1).ClearContents End Sub<\/code><\/pre><div class=\"wp-block-image\"><figure class=\"aligncenter size-large is-resized\"><img loading=\"lazy\" decoding=\"async\" class=\"wp-image-50556\" src=\"https:\/\/exceladvisor.org\/wp-content\/uploads\/2023\/08\/2-contenus-clairs-a-partir-dun-exemple-de-cellule-unique.png\" sizes=\"auto, \" srcset=\"\" alt=\"L\u00f6schen Sie den Inhalt eines Einzelzellenbeispiels\" width=\"326\" height=\"147\"><\/figure><\/div><h2 class=\"wp-block-heading\"> L\u00f6schen Sie den Inhalt eines Titels<\/h2><p> Ebenso k\u00f6nnen Sie einen Bereich definieren und dann die ClearContent-Methode verwenden, um Werte und Formeln aus diesem Bereich zu l\u00f6schen. Angenommen, Sie m\u00f6chten die Werte aus dem Bereich A1:A10 l\u00f6schen. In diesem Fall w\u00fcrde der Code etwa wie folgt aussehen. <\/p><pre class=\"wp-block-code\"> <code class=\"language-visual-basic\" lang=\"visual-basic\">Sub ClearContentExamples() Range(\"A1:A10\").ClearContents End Sub<\/code><\/pre><div class=\"wp-block-image\"><figure class=\"aligncenter size-large is-resized\"><img loading=\"lazy\" decoding=\"async\" class=\"wp-image-50557\" src=\"https:\/\/exceladvisor.org\/wp-content\/uploads\/2023\/08\/3-contenus-clairs-de-la-gamme.png\" sizes=\"auto, \" srcset=\"\" alt=\"Klarbereichsinhalte\" width=\"340\" height=\"159\"><\/figure><\/div><h2 class=\"wp-block-heading\"> L\u00f6schen Sie den Inhalt einer gesamten Tabelle<\/h2><p> Um den Inhalt eines <a href=\"https:\/\/exceladvisor.org\/de\/wahlen-sie-alle\/\">gesamten Arbeitsblatts<\/a> zu l\u00f6schen, k\u00f6nnen Sie den folgenden Code verwenden: <\/p><pre class=\"wp-block-code\"> <code class=\"language-visual-basic\" lang=\"visual-basic\">Sub ClearContentExamples() Cells.ClearContents End Sub<\/code><\/pre><div class=\"wp-block-image\"><figure class=\"aligncenter size-large is-resized\"><img loading=\"lazy\" decoding=\"async\" class=\"wp-image-50558\" src=\"https:\/\/exceladvisor.org\/wp-content\/uploads\/2023\/08\/4-contenus-clairs-dune-feuille-entiere.png\" sizes=\"auto, \" srcset=\"\" alt=\"Den-Inhalt-eines-gesamten-Blattes-l\u00f6schen\" width=\"326\" height=\"165\"><\/figure><\/div><p> Und um aus einem bestimmten Arbeitsblatt zu l\u00f6schen:<\/p><pre class=\"wp-block-code\"> <code class=\"language-visual-basic\" lang=\"visual-basic\">Worksheets(\"Sheet1\").Cells.ClearContents<\/code><\/pre><h2 class=\"wp-block-heading\"> Auswahlinhalte l\u00f6schen<\/h2><p> Wenn Sie dynamischen Code schreiben m\u00f6chten, der den Inhalt ausgew\u00e4hlter Zellen l\u00f6schen kann, k\u00f6nnen Sie den folgenden Code verwenden. <\/p><div class=\"wp-block-image\"><figure class=\"aligncenter size-large is-resized\"><img loading=\"lazy\" decoding=\"async\" class=\"wp-image-50559\" src=\"https:\/\/exceladvisor.org\/wp-content\/uploads\/2023\/08\/5-contenus-clairs-de-la-selection.png\" sizes=\"auto, \" srcset=\"\" alt=\"L\u00f6schen Sie den Inhalt der Auswahl\" width=\"320\" height=\"158\"><\/figure><\/div><pre class=\"wp-block-code\"> <code class=\"language-visual-basic\" lang=\"visual-basic\">Sub ClearContentExamples() Selection.ClearContents End Sub<\/code><\/pre><h2 class=\"wp-block-heading\"> Andere Methoden<\/h2><p> Hier sind einige der anderen Methoden, die Sie verwenden k\u00f6nnen:<\/p><pre class=\"wp-block-code\"> <code class=\"language-visual-basic\" lang=\"visual-basic\">Sub ClearContentExamples() Range(\u201cA1\u201d).Clear 'Clears Everything Range(\u201cA1\u201d).ClearComments 'Clear Comments Range(\u201cA1\u201d).ClearFormats 'Clears Formatting Range(\u201cA1\u201d).ClearHyperlinks 'Clear Hyperlinks Range(\u201cA1\u201d).ClearNotes 'Clear Notes Range(\u201cA1\u201d).ClearOutline 'Clears Outline End Sub<\/code><\/pre><div class=\"gb-container gb-container-4db6181c gb-container-mt\"> <a class=\"gb-button gb-button-c5897111 gb-button-text gb-button-mt-button\" href=\"https:\/\/exceladvisor.org\/de\/vba\/\">Was ist VBA<\/a><h2 class=\"gb-headline gb-headline-665e5f6b gb-headline-text gb-headline-mt-heading\"> Verwandte Tutorials <\/h2><div class=\"gb-grid-wrapper gb-grid-wrapper-a20baf7c gb-grid-wrapper-mt-grid\"><div class=\"gb-grid-column gb-grid-column-65ddf67e\"><div class=\"gb-container gb-container-65ddf67e\"><ul><li> <a href=\"https:\/\/exceladvisor.org\/de\/anzahl-der-zeilen\/\">Z\u00e4hlen Sie Zeilen mit VBA in Excel<\/a><\/li><li> <a href=\"https:\/\/exceladvisor.org\/de\/zeichenschrift\/\">Excel VBA-Schriftart (Farbe, Gr\u00f6\u00dfe, Typ und Fett)<\/a><\/li><li> <a href=\"https:\/\/exceladvisor.org\/de\/spaltenzeile-ausblenden-und-anzeigen\/\">Excel VBA Eine Spalte oder Zeile ein- und ausblenden<\/a><\/li><li> <a href=\"https:\/\/exceladvisor.org\/de\/bereich-1\/\">Excel VBA-Bereich \u2013 Arbeiten mit Bereichen und Zellen<\/a><\/li><li> <a href=\"https:\/\/exceladvisor.org\/de\/grenzen\/\">Wenden Sie mit VBA in Excel Rahmen auf eine Zelle an<\/a><\/li><\/ul><\/div><\/div><\/div><\/div>","protected":false},"excerpt":{"rendered":"","protected":false},"author":1,"featured_media":0,"parent":0,"menu_order":0,"comment_status":"open","ping_status":"closed","template":"","meta":{"ub_ctt_via":"","footnotes":""},"class_list":["post-3062","page","type-page","status-publish","hentry"],"featured_image_src":null,"yoast_head":"<!-- This site is optimized with the Yoast SEO plugin v25.4 - https:\/\/yoast.com\/wordpress\/plugins\/seo\/ -->\n<title>VBA ClearContents: Wie l\u00f6sche ich den Inhalt einer Zelle?<\/title>\n<meta name=\"description\" content=\"Mit der VBA-Methode zum L\u00f6schen von Inhalten k\u00f6nnen Sie Werte und Formeln aus einer Zelle, einem Zellbereich und einem Arbeitsblatt l\u00f6schen.\" \/>\n<meta name=\"robots\" content=\"index, follow, max-snippet:-1, max-image-preview:large, max-video-preview:-1\" \/>\n<link rel=\"canonical\" href=\"https:\/\/exceladvisor.org\/de\/klarer-inhalt-1\/\" \/>\n<meta property=\"og:locale\" content=\"de_DE\" \/>\n<meta property=\"og:type\" content=\"article\" \/>\n<meta property=\"og:title\" content=\"VBA ClearContents: Wie l\u00f6sche ich den Inhalt einer Zelle?\" \/>\n<meta property=\"og:description\" content=\"Mit der VBA-Methode zum L\u00f6schen von Inhalten k\u00f6nnen Sie Werte und Formeln aus einer Zelle, einem Zellbereich und einem Arbeitsblatt l\u00f6schen.\" \/>\n<meta property=\"og:url\" content=\"https:\/\/exceladvisor.org\/de\/klarer-inhalt-1\/\" \/>\n<meta property=\"og:site_name\" content=\"Excel Advisor\" \/>\n<meta property=\"article:modified_time\" content=\"2023-12-03T11:13:01+00:00\" \/>\n<meta property=\"og:image\" content=\"https:\/\/exceladvisor.org\/wp-content\/uploads\/2023\/08\/1-effacer-le-contenu-dune-seule-cellule.png\" \/>\n<meta name=\"twitter:card\" content=\"summary_large_image\" \/>\n<meta name=\"twitter:label1\" content=\"Gesch\u00e4tzte Lesezeit\" \/>\n\t<meta name=\"twitter:data1\" content=\"2\u00a0Minuten\" \/>\n<script type=\"application\/ld+json\" class=\"yoast-schema-graph\">{\"@context\":\"https:\/\/schema.org\",\"@graph\":[{\"@type\":\"WebPage\",\"@id\":\"https:\/\/exceladvisor.org\/de\/klarer-inhalt-1\/\",\"url\":\"https:\/\/exceladvisor.org\/de\/klarer-inhalt-1\/\",\"name\":\"VBA ClearContents: Wie l\u00f6sche ich den Inhalt einer Zelle?\",\"isPartOf\":{\"@id\":\"https:\/\/exceladvisor.org\/de\/#website\"},\"primaryImageOfPage\":{\"@id\":\"https:\/\/exceladvisor.org\/de\/klarer-inhalt-1\/#primaryimage\"},\"image\":{\"@id\":\"https:\/\/exceladvisor.org\/de\/klarer-inhalt-1\/#primaryimage\"},\"thumbnailUrl\":\"https:\/\/exceladvisor.org\/wp-content\/uploads\/2023\/08\/1-effacer-le-contenu-dune-seule-cellule.png\",\"datePublished\":\"2023-11-16T14:56:46+00:00\",\"dateModified\":\"2023-12-03T11:13:01+00:00\",\"description\":\"Mit der VBA-Methode zum L\u00f6schen von Inhalten k\u00f6nnen Sie Werte und Formeln aus einer Zelle, einem Zellbereich und einem Arbeitsblatt l\u00f6schen.\",\"breadcrumb\":{\"@id\":\"https:\/\/exceladvisor.org\/de\/klarer-inhalt-1\/#breadcrumb\"},\"inLanguage\":\"de\",\"potentialAction\":[{\"@type\":\"ReadAction\",\"target\":[\"https:\/\/exceladvisor.org\/de\/klarer-inhalt-1\/\"]}]},{\"@type\":\"ImageObject\",\"inLanguage\":\"de\",\"@id\":\"https:\/\/exceladvisor.org\/de\/klarer-inhalt-1\/#primaryimage\",\"url\":\"https:\/\/exceladvisor.org\/wp-content\/uploads\/2023\/08\/1-effacer-le-contenu-dune-seule-cellule.png\",\"contentUrl\":\"https:\/\/exceladvisor.org\/wp-content\/uploads\/2023\/08\/1-effacer-le-contenu-dune-seule-cellule.png\"},{\"@type\":\"BreadcrumbList\",\"@id\":\"https:\/\/exceladvisor.org\/de\/klarer-inhalt-1\/#breadcrumb\",\"itemListElement\":[{\"@type\":\"ListItem\",\"position\":1,\"name\":\"Accueil\",\"item\":\"https:\/\/exceladvisor.org\/de\/\"},{\"@type\":\"ListItem\",\"position\":2,\"name\":\"Vba clearcontents: wie l\u00f6sche ich den inhalt einer zelle?\"}]},{\"@type\":\"WebSite\",\"@id\":\"https:\/\/exceladvisor.org\/de\/#website\",\"url\":\"https:\/\/exceladvisor.org\/de\/\",\"name\":\"Excel Advisor\",\"description\":\"Ihr Leitfaden zur Datendominanz\",\"publisher\":{\"@id\":\"https:\/\/exceladvisor.org\/de\/#organization\"},\"potentialAction\":[{\"@type\":\"SearchAction\",\"target\":{\"@type\":\"EntryPoint\",\"urlTemplate\":\"https:\/\/exceladvisor.org\/de\/?s={search_term_string}\"},\"query-input\":{\"@type\":\"PropertyValueSpecification\",\"valueRequired\":true,\"valueName\":\"search_term_string\"}}],\"inLanguage\":\"de\"},{\"@type\":\"Organization\",\"@id\":\"https:\/\/exceladvisor.org\/de\/#organization\",\"name\":\"Excel Advisor\",\"url\":\"https:\/\/exceladvisor.org\/de\/\",\"logo\":{\"@type\":\"ImageObject\",\"inLanguage\":\"de\",\"@id\":\"https:\/\/exceladvisor.org\/de\/#\/schema\/logo\/image\/\",\"url\":\"https:\/\/exceladvisor.org\/de\/wp-content\/uploads\/2023\/11\/exceladvisor.org_.png\",\"contentUrl\":\"https:\/\/exceladvisor.org\/de\/wp-content\/uploads\/2023\/11\/exceladvisor.org_.png\",\"width\":105,\"height\":36,\"caption\":\"Excel Advisor\"},\"image\":{\"@id\":\"https:\/\/exceladvisor.org\/de\/#\/schema\/logo\/image\/\"}}]}<\/script>\n<!-- \/ Yoast SEO plugin. -->","yoast_head_json":{"title":"VBA ClearContents: Wie l\u00f6sche ich den Inhalt einer Zelle?","description":"Mit der VBA-Methode zum L\u00f6schen von Inhalten k\u00f6nnen Sie Werte und Formeln aus einer Zelle, einem Zellbereich und einem Arbeitsblatt l\u00f6schen.","robots":{"index":"index","follow":"follow","max-snippet":"max-snippet:-1","max-image-preview":"max-image-preview:large","max-video-preview":"max-video-preview:-1"},"canonical":"https:\/\/exceladvisor.org\/de\/klarer-inhalt-1\/","og_locale":"de_DE","og_type":"article","og_title":"VBA ClearContents: Wie l\u00f6sche ich den Inhalt einer Zelle?","og_description":"Mit der VBA-Methode zum L\u00f6schen von Inhalten k\u00f6nnen Sie Werte und Formeln aus einer Zelle, einem Zellbereich und einem Arbeitsblatt l\u00f6schen.","og_url":"https:\/\/exceladvisor.org\/de\/klarer-inhalt-1\/","og_site_name":"Excel Advisor","article_modified_time":"2023-12-03T11:13:01+00:00","og_image":[{"url":"https:\/\/exceladvisor.org\/wp-content\/uploads\/2023\/08\/1-effacer-le-contenu-dune-seule-cellule.png","type":"","width":"","height":""}],"twitter_card":"summary_large_image","twitter_misc":{"Gesch\u00e4tzte Lesezeit":"2\u00a0Minuten"},"schema":{"@context":"https:\/\/schema.org","@graph":[{"@type":"WebPage","@id":"https:\/\/exceladvisor.org\/de\/klarer-inhalt-1\/","url":"https:\/\/exceladvisor.org\/de\/klarer-inhalt-1\/","name":"VBA ClearContents: Wie l\u00f6sche ich den Inhalt einer Zelle?","isPartOf":{"@id":"https:\/\/exceladvisor.org\/de\/#website"},"primaryImageOfPage":{"@id":"https:\/\/exceladvisor.org\/de\/klarer-inhalt-1\/#primaryimage"},"image":{"@id":"https:\/\/exceladvisor.org\/de\/klarer-inhalt-1\/#primaryimage"},"thumbnailUrl":"https:\/\/exceladvisor.org\/wp-content\/uploads\/2023\/08\/1-effacer-le-contenu-dune-seule-cellule.png","datePublished":"2023-11-16T14:56:46+00:00","dateModified":"2023-12-03T11:13:01+00:00","description":"Mit der VBA-Methode zum L\u00f6schen von Inhalten k\u00f6nnen Sie Werte und Formeln aus einer Zelle, einem Zellbereich und einem Arbeitsblatt l\u00f6schen.","breadcrumb":{"@id":"https:\/\/exceladvisor.org\/de\/klarer-inhalt-1\/#breadcrumb"},"inLanguage":"de","potentialAction":[{"@type":"ReadAction","target":["https:\/\/exceladvisor.org\/de\/klarer-inhalt-1\/"]}]},{"@type":"ImageObject","inLanguage":"de","@id":"https:\/\/exceladvisor.org\/de\/klarer-inhalt-1\/#primaryimage","url":"https:\/\/exceladvisor.org\/wp-content\/uploads\/2023\/08\/1-effacer-le-contenu-dune-seule-cellule.png","contentUrl":"https:\/\/exceladvisor.org\/wp-content\/uploads\/2023\/08\/1-effacer-le-contenu-dune-seule-cellule.png"},{"@type":"BreadcrumbList","@id":"https:\/\/exceladvisor.org\/de\/klarer-inhalt-1\/#breadcrumb","itemListElement":[{"@type":"ListItem","position":1,"name":"Accueil","item":"https:\/\/exceladvisor.org\/de\/"},{"@type":"ListItem","position":2,"name":"Vba clearcontents: wie l\u00f6sche ich den inhalt einer zelle?"}]},{"@type":"WebSite","@id":"https:\/\/exceladvisor.org\/de\/#website","url":"https:\/\/exceladvisor.org\/de\/","name":"Excel Advisor","description":"Ihr Leitfaden zur Datendominanz","publisher":{"@id":"https:\/\/exceladvisor.org\/de\/#organization"},"potentialAction":[{"@type":"SearchAction","target":{"@type":"EntryPoint","urlTemplate":"https:\/\/exceladvisor.org\/de\/?s={search_term_string}"},"query-input":{"@type":"PropertyValueSpecification","valueRequired":true,"valueName":"search_term_string"}}],"inLanguage":"de"},{"@type":"Organization","@id":"https:\/\/exceladvisor.org\/de\/#organization","name":"Excel Advisor","url":"https:\/\/exceladvisor.org\/de\/","logo":{"@type":"ImageObject","inLanguage":"de","@id":"https:\/\/exceladvisor.org\/de\/#\/schema\/logo\/image\/","url":"https:\/\/exceladvisor.org\/de\/wp-content\/uploads\/2023\/11\/exceladvisor.org_.png","contentUrl":"https:\/\/exceladvisor.org\/de\/wp-content\/uploads\/2023\/11\/exceladvisor.org_.png","width":105,"height":36,"caption":"Excel Advisor"},"image":{"@id":"https:\/\/exceladvisor.org\/de\/#\/schema\/logo\/image\/"}}]}},"yoast_meta":{"yoast_wpseo_title":"","yoast_wpseo_metadesc":"","yoast_wpseo_canonical":""},"_links":{"self":[{"href":"https:\/\/exceladvisor.org\/de\/wp-json\/wp\/v2\/pages\/3062","targetHints":{"allow":["GET"]}}],"collection":[{"href":"https:\/\/exceladvisor.org\/de\/wp-json\/wp\/v2\/pages"}],"about":[{"href":"https:\/\/exceladvisor.org\/de\/wp-json\/wp\/v2\/types\/page"}],"author":[{"embeddable":true,"href":"https:\/\/exceladvisor.org\/de\/wp-json\/wp\/v2\/users\/1"}],"replies":[{"embeddable":true,"href":"https:\/\/exceladvisor.org\/de\/wp-json\/wp\/v2\/comments?post=3062"}],"version-history":[{"count":1,"href":"https:\/\/exceladvisor.org\/de\/wp-json\/wp\/v2\/pages\/3062\/revisions"}],"predecessor-version":[{"id":3803,"href":"https:\/\/exceladvisor.org\/de\/wp-json\/wp\/v2\/pages\/3062\/revisions\/3803"}],"wp:attachment":[{"href":"https:\/\/exceladvisor.org\/de\/wp-json\/wp\/v2\/media?parent=3062"}],"curies":[{"name":"wp","href":"https:\/\/api.w.org\/{rel}","templated":true}]}}