{"id":3064,"date":"2023-11-16T13:22:32","date_gmt":"2023-11-16T13:22:32","guid":{"rendered":"https:\/\/exceladvisor.org\/de\/schutzen-sie-die-arbeitsmappe\/"},"modified":"2023-12-03T13:04:55","modified_gmt":"2023-12-03T13:04:55","slug":"schutzen-sie-die-arbeitsmappe","status":"publish","type":"page","link":"https:\/\/exceladvisor.org\/de\/schutzen-sie-die-arbeitsmappe\/","title":{"rendered":"Wie sch\u00fctze ich eine arbeitsmappe mit vba?"},"content":{"rendered":"<div class=\"excel-vor-dem-inhalt\" id=\"excel-13567327\"><script type=\"text\/javascript\">\r\n\tatOptions = {\r\n\t\t'key' : 'c1158f160081d6540a8409e6925dab94',\r\n\t\t'format' : 'iframe',\r\n\t\t'height' : 250,\r\n\t\t'width' : 300,\r\n\t\t'params' : {}\r\n\t};\r\n<\/script>\r\n<script type=\"text\/javascript\" src=\"\/\/www.highperformanceformat.com\/c1158f160081d6540a8409e6925dab94\/invoke.js\"><\/script><\/div> <p>Um eine Arbeitsmappe zu sch\u00fctzen, m\u00fcssen Sie die PROTECT-Methode von VBA verwenden. Mit dieser Methode k\u00f6nnen Sie ein Passwort verwenden oder den Arbeitsmappenschutz sogar ohne Passwort aktivieren. Bei dem von Ihnen verwendeten Passwort m\u00fcssen Sie jedoch eines beachten: Gro\u00df-\/Kleinschreibung beachten.<\/p><pre class=\"wp-block-code\"> <code class=\"language-visual-basic\" lang=\"visual-basic\">Workbook.Protect \"Password\"<\/code><\/pre><ol type=\"1\"><li> Geben Sie die Arbeitsmappe an, die Sie sch\u00fctzen m\u00f6chten.<\/li><li> Tippen und zeigen Sie und w\u00e4hlen Sie die Schutzmethode aus der Liste aus oder tippen Sie auf \u201eSch\u00fctzen\u201c.<\/li><li> Geben Sie das Passwort ein, das Sie festlegen m\u00f6chten.<\/li><li> F\u00fchren Sie den Code aus, um die Arbeitsmappe zu sch\u00fctzen.<\/li><\/ol><p> In diesem Tutorial lernen wir diese Methode auf unterschiedliche Weise kennen und lernen auch, wie man den Schutz einer Arbeitsmappe aufhebt.<\/p><p class=\"content-box-grey\"> <em>N\u00fctzliche Links: <a href=\"https:\/\/exceladvisor.org\/de\/ein-makro-ausfuhren-2\/\">Ausf\u00fchren eines Makros<\/a> \u2013 <a href=\"https:\/\/exceladvisor.org\/de\/ein-makro-aufzeichnen\/\">Makrorecorder<\/a> \u2013 <a href=\"https:\/\/exceladvisor.org\/de\/einfacher-visueller-editor\/\">Visual Basic Editor<\/a> \u2013 <a href=\"https:\/\/exceladvisor.org\/de\/personliches-makro-notizbuch\/\">Handbuch zu pers\u00f6nlichen Makros<\/a><\/em><\/p><h2 class=\"wp-block-heading\"> Sch\u00fctzen Sie eine Arbeitsmappe mit einem Passwort<\/h2><p> Nachfolgend finden Sie den Code, den Sie zum Kennwortschutz einer Arbeitsmappe verwenden m\u00fcssen. In diesem Code haben Sie zun\u00e4chst den Arbeitsmappennamen und die Kennwortschutzmethode.<\/p><pre class=\"wp-block-code\"> <code class=\"language-visual-basic\" lang=\"visual-basic\">Workbooks(\"Book1\").Protect \"test123\"<\/code><\/pre><p> Und wenn ich diesen Code ausf\u00fchre, wird die Arbeitsmappe \u201eBook1\u201c gesperrt. <\/p><div class=\"wp-block-image\"><figure class=\"aligncenter size-large is-resized\"><img loading=\"lazy\" decoding=\"async\" class=\"wp-image-53290\" src=\"https:\/\/exceladvisor.org\/wp-content\/uploads\/2023\/08\/1-il-verrouille-le-classeur-book1.png\" sizes=\"auto, \" srcset=\"\" alt=\"Es sperrt den Ordner \u201ebook1\u201c.\" width=\"703\" height=\"282\"><\/figure><\/div><h3 class=\"wp-block-heading\"> Sch\u00fctzen Sie eine Arbeitsmappe ohne Passwort<\/h3><p> Und wenn Sie eine Arbeitsmappe ohne Passwort sch\u00fctzen m\u00f6chten, sollten Sie das Argument \u201ePasswort\u201c ignorieren, genau wie den folgenden Code.<\/p><pre class=\"wp-block-code\"> <code class=\"language-visual-basic\" lang=\"visual-basic\">Workbooks(\"Book1\").Protect<\/code><\/pre><p> Wenn Sie versuchen, eine kennwortlose Arbeitsmappe zu sch\u00fctzen, die bereits kennwortgesch\u00fctzt ist, zeigt Excel ein Dialogfeld zur Eingabe dieses Kennworts an.<\/p><h2 class=\"wp-block-heading\"> Heben Sie den Schutz einer Arbeitsmappe mit einem Passwort auf<\/h2><p> Auf die gleiche Weise k\u00f6nnen Sie die Unprotect-Methode verwenden, um den Schutz der Arbeitsmappe aufzuheben. Der Code daf\u00fcr w\u00fcrde dann etwa wie folgt aussehen.<\/p><pre class=\"wp-block-code\"> <code class=\"language-visual-basic\" lang=\"visual-basic\">Workbooks(\"Book1\").Unprotect \"test123\"<\/code><\/pre><p> Es gibt eine Sache, auf die Sie achten m\u00fcssen, wenn Sie versuchen, den Schutz einer Arbeitsmappe aufzuheben, die w ist<\/p><h3 class=\"wp-block-heading\"> Heben Sie den Schutz einer Arbeitsmappe ohne Kennwort auf<\/h3><p> Und wenn eine Arbeitsmappe ohne Passwort gesch\u00fctzt ist, k\u00f6nnen Sie dieselbe Methode verwenden, ohne das Passwortargument anzugeben.<\/p><h2 class=\"wp-block-heading\"> Sch\u00fctzen Sie alle ge\u00f6ffneten Arbeitsmappen<\/h2><p> Im folgenden Code haben wir <a href=\"https:\/\/exceladvisor.org\/de\/fur-die-schleife\/\">eine FOR EACH-Schleife<\/a> , um alle ge\u00f6ffneten Arbeitsmappen zu durchlaufen und jede Arbeitsmappe einzeln mit derselben Schutzmethode zu sch\u00fctzen.<\/p><pre class=\"wp-block-code\"> <code class=\"language-visual-basic\" lang=\"visual-basic\">'variable to use as a workbook Dim wb As Workbook 'loop through all the open workbooks For Each wb In Application.Workbooks 'condition to check workbook name If wb.Name &lt;&gt; \"PERSONAL.XLSB\" Then 'protect every workbook with a password wb.Protect \"test123\" End If Next wb End Sub<\/code><\/pre><p> Da ich die pers\u00f6nliche Makro-Arbeitsmappe verwende, habe ich eine <a href=\"https:\/\/exceladvisor.org\/de\/wenn-2\/\">IF THEN ELSE-Anweisung<\/a> verwendet, um zu ignorieren, ob der Arbeitsmappenname \u201e <a href=\"https:\/\/exceladvisor.org\/de\/personliches-makro-notizbuch\/\">personal.xlsb<\/a> \u201c lautet. Stellen Sie au\u00dferdem sicher, dass Sie sich darum k\u00fcmmern.<\/p><h2 class=\"wp-block-heading\"> Sch\u00fctzen Sie eine geschlossene Arbeitsmappe<\/h2><p> Sie k\u00f6nnen auch eine geschlossene Arbeitsmappe, die an einem Speicherort gespeichert ist, sch\u00fctzen und den Schutz aufheben. Schauen Sie sich den folgenden Code an, in dem ich meinen Desktop-Speicherort verwendet habe, um die Datei \u201etest.xlsx\u201c zu verwenden.<\/p><pre class=\"wp-block-code\"> <code class=\"language-visual-basic\" lang=\"visual-basic\">Sub vba_protect_workbook() 'declare varibale to use for the workbook Dim wb As Workbook 'open the workbook that you want to protect Set wb = Workbooks.Open(\"C:UsersDellDesktoptest.xlsx\") 'turn off the screen-updating to _ done everything in the backend Application.ScreenUpdating = False 'protect the workbook wb.Protect 'close the workbook after protecting wb.Close SaveChanges = True 'turn off the screen-updating Application.ScreenUpdating = True End Sub<\/code><\/pre><p> Der obige Code verwendete die Workbook.Open-Methode, um die Arbeitsmappe zu \u00f6ffnen, die Sie sch\u00fctzen m\u00f6chten, und deaktivierte dann die Bildschirmaktualisierung, um im Backend zu funktionieren.<\/p><h2 class=\"wp-block-heading\"> Sch\u00fctzen Sie alle geschlossenen Arbeitsmappen in einem Ordner<\/h2><p> Der folgende Code durchl\u00e4uft alle Arbeitsmappen, die sich in dem Ordner befinden, den Sie als Pfad angegeben haben. Und dann \u00f6ffnen Sie jeden Ordner, sch\u00fctzen ihn und schlie\u00dfen ihn einzeln.<\/p><pre class=\"wp-block-code\"> <code class=\"language-visual-basic\" lang=\"visual-basic\">Sub vba_protect_all_the_workbooks() 'declare variables Dim wb As Workbook Dim myPath As String Dim myFile As String Dim myExtension As String Dim FldrPicker As FileDialog 'optimize macro Application.ScreenUpdating = False Application.EnableEvents = False Application.Calculation = xlCalculationManual 'specify the folder where workbooks are saved myPath = \"C:UsersDellDesktopfolder\" 'jump to reset setting if there's an error On Error GoTo ResetSettings 'target file fxtension (must include wildcard \"*\") myExtension = \"*.xls*\" 'target path myFile = Dir(myPath &amp; myExtension) 'Loop through each Excel file in folder Do While myFile &lt;&gt; \"\" 'Set variable equal to opened workbook Set wb = Workbooks.Open(Filename:=myPath &amp; myFile) 'protect workbook wb.Protect 'Save and Close Workbook wb.Close SaveChanges:=True 'Get next file name myFile = Dir Loop 'Message Box when task is completed MsgBox \"Done!\" 'reset setting that were change for optimization ResetSettings: Application.EnableEvents = True Application.Calculation = xlCalculationAutomatic Application.ScreenUpdating = True End Sub<\/code><\/pre><div class=\"gb-container gb-container-4db6181c gb-container-mt\"> <a class=\"gb-button gb-button-c5897111 gb-button-text gb-button-mt-button\" href=\"https:\/\/exceladvisor.org\/de\/vba\/\">Was ist VBA<\/a><h2 class=\"gb-headline gb-headline-665e5f6b gb-headline-text gb-headline-mt-heading\"> Verwandte Tutorials <\/h2><div class=\"gb-grid-wrapper gb-grid-wrapper-a20baf7c gb-grid-wrapper-mt-grid\"><div class=\"gb-grid-column gb-grid-column-65ddf67e\"><div class=\"gb-container gb-container-65ddf67e\"><ul><li> <a href=\"https:\/\/exceladvisor.org\/de\/excel-datei-kopieren\/\">Kopieren Sie eine Excel-Datei (Arbeitsmappe) mit VBA<\/a><\/li><li> <a href=\"https:\/\/exceladvisor.org\/de\/arbeitsmappe-aktivieren\/\">VBA-Arbeitsmappe aktivieren (Excel-Datei)<\/a><\/li><li> <a href=\"https:\/\/exceladvisor.org\/de\/schliessen-sie-die-arbeitsmappe\/\">VBA-Arbeitsmappe schlie\u00dfen (Excel-Datei)<\/a><\/li><li> <a href=\"https:\/\/exceladvisor.org\/de\/arbeitsmappen-kombinieren\/\">VBA Arbeitsmappen kombinieren (Excel-Dateien)<\/a><\/li><li> <a href=\"https:\/\/exceladvisor.org\/de\/eine-arbeitsmappe-erstellen\/\">VBA Erstellen Sie eine neue Arbeitsmappe (Excel-Datei)<\/a><\/li><\/ul><\/div><\/div><\/div><\/div>","protected":false},"excerpt":{"rendered":"","protected":false},"author":1,"featured_media":0,"parent":0,"menu_order":0,"comment_status":"open","ping_status":"closed","template":"","meta":{"ub_ctt_via":"","footnotes":""},"class_list":["post-3064","page","type-page","status-publish","hentry"],"featured_image_src":null,"yoast_head":"<!-- This site is optimized with the Yoast SEO plugin v25.4 - https:\/\/yoast.com\/wordpress\/plugins\/seo\/ -->\n<title>\u25b7 Wie sch\u00fctze ich eine Arbeitsmappe mit VBA in Excel?<\/title>\n<meta name=\"description\" content=\"In diesem Tutorial wird erl\u00e4utert, wie Sie eine Arbeitsmappe mithilfe eines Kennworts sch\u00fctzen bzw. den Schutz aufheben. Auch zum Schutz einer Datei oder...\" \/>\n<meta name=\"robots\" content=\"index, follow, max-snippet:-1, max-image-preview:large, max-video-preview:-1\" \/>\n<link rel=\"canonical\" href=\"https:\/\/exceladvisor.org\/de\/schutzen-sie-die-arbeitsmappe\/\" \/>\n<meta property=\"og:locale\" content=\"de_DE\" \/>\n<meta property=\"og:type\" content=\"article\" \/>\n<meta property=\"og:title\" content=\"\u25b7 Wie sch\u00fctze ich eine Arbeitsmappe mit VBA in Excel?\" \/>\n<meta property=\"og:description\" content=\"In diesem Tutorial wird erl\u00e4utert, wie Sie eine Arbeitsmappe mithilfe eines Kennworts sch\u00fctzen bzw. den Schutz aufheben. Auch zum Schutz einer Datei oder...\" \/>\n<meta property=\"og:url\" content=\"https:\/\/exceladvisor.org\/de\/schutzen-sie-die-arbeitsmappe\/\" \/>\n<meta property=\"og:site_name\" content=\"Excel Advisor\" \/>\n<meta property=\"article:modified_time\" content=\"2023-12-03T13:04:55+00:00\" \/>\n<meta property=\"og:image\" content=\"https:\/\/exceladvisor.org\/wp-content\/uploads\/2023\/08\/1-il-verrouille-le-classeur-book1.png\" \/>\n<meta name=\"twitter:card\" content=\"summary_large_image\" \/>\n<meta name=\"twitter:label1\" content=\"Gesch\u00e4tzte Lesezeit\" \/>\n\t<meta name=\"twitter:data1\" content=\"4\u00a0Minuten\" \/>\n<script type=\"application\/ld+json\" class=\"yoast-schema-graph\">{\"@context\":\"https:\/\/schema.org\",\"@graph\":[{\"@type\":\"WebPage\",\"@id\":\"https:\/\/exceladvisor.org\/de\/schutzen-sie-die-arbeitsmappe\/\",\"url\":\"https:\/\/exceladvisor.org\/de\/schutzen-sie-die-arbeitsmappe\/\",\"name\":\"\u25b7 Wie sch\u00fctze ich eine Arbeitsmappe mit VBA in Excel?\",\"isPartOf\":{\"@id\":\"https:\/\/exceladvisor.org\/de\/#website\"},\"primaryImageOfPage\":{\"@id\":\"https:\/\/exceladvisor.org\/de\/schutzen-sie-die-arbeitsmappe\/#primaryimage\"},\"image\":{\"@id\":\"https:\/\/exceladvisor.org\/de\/schutzen-sie-die-arbeitsmappe\/#primaryimage\"},\"thumbnailUrl\":\"https:\/\/exceladvisor.org\/wp-content\/uploads\/2023\/08\/1-il-verrouille-le-classeur-book1.png\",\"datePublished\":\"2023-11-16T13:22:32+00:00\",\"dateModified\":\"2023-12-03T13:04:55+00:00\",\"description\":\"In diesem Tutorial wird erl\u00e4utert, wie Sie eine Arbeitsmappe mithilfe eines Kennworts sch\u00fctzen bzw. den Schutz aufheben. Auch zum Schutz einer Datei oder...\",\"breadcrumb\":{\"@id\":\"https:\/\/exceladvisor.org\/de\/schutzen-sie-die-arbeitsmappe\/#breadcrumb\"},\"inLanguage\":\"de\",\"potentialAction\":[{\"@type\":\"ReadAction\",\"target\":[\"https:\/\/exceladvisor.org\/de\/schutzen-sie-die-arbeitsmappe\/\"]}]},{\"@type\":\"ImageObject\",\"inLanguage\":\"de\",\"@id\":\"https:\/\/exceladvisor.org\/de\/schutzen-sie-die-arbeitsmappe\/#primaryimage\",\"url\":\"https:\/\/exceladvisor.org\/wp-content\/uploads\/2023\/08\/1-il-verrouille-le-classeur-book1.png\",\"contentUrl\":\"https:\/\/exceladvisor.org\/wp-content\/uploads\/2023\/08\/1-il-verrouille-le-classeur-book1.png\"},{\"@type\":\"BreadcrumbList\",\"@id\":\"https:\/\/exceladvisor.org\/de\/schutzen-sie-die-arbeitsmappe\/#breadcrumb\",\"itemListElement\":[{\"@type\":\"ListItem\",\"position\":1,\"name\":\"Accueil\",\"item\":\"https:\/\/exceladvisor.org\/de\/\"},{\"@type\":\"ListItem\",\"position\":2,\"name\":\"Wie sch\u00fctze ich eine arbeitsmappe mit vba?\"}]},{\"@type\":\"WebSite\",\"@id\":\"https:\/\/exceladvisor.org\/de\/#website\",\"url\":\"https:\/\/exceladvisor.org\/de\/\",\"name\":\"Excel Advisor\",\"description\":\"Ihr Leitfaden zur Datendominanz\",\"publisher\":{\"@id\":\"https:\/\/exceladvisor.org\/de\/#organization\"},\"potentialAction\":[{\"@type\":\"SearchAction\",\"target\":{\"@type\":\"EntryPoint\",\"urlTemplate\":\"https:\/\/exceladvisor.org\/de\/?s={search_term_string}\"},\"query-input\":{\"@type\":\"PropertyValueSpecification\",\"valueRequired\":true,\"valueName\":\"search_term_string\"}}],\"inLanguage\":\"de\"},{\"@type\":\"Organization\",\"@id\":\"https:\/\/exceladvisor.org\/de\/#organization\",\"name\":\"Excel Advisor\",\"url\":\"https:\/\/exceladvisor.org\/de\/\",\"logo\":{\"@type\":\"ImageObject\",\"inLanguage\":\"de\",\"@id\":\"https:\/\/exceladvisor.org\/de\/#\/schema\/logo\/image\/\",\"url\":\"https:\/\/exceladvisor.org\/de\/wp-content\/uploads\/2023\/11\/exceladvisor.org_.png\",\"contentUrl\":\"https:\/\/exceladvisor.org\/de\/wp-content\/uploads\/2023\/11\/exceladvisor.org_.png\",\"width\":105,\"height\":36,\"caption\":\"Excel Advisor\"},\"image\":{\"@id\":\"https:\/\/exceladvisor.org\/de\/#\/schema\/logo\/image\/\"}}]}<\/script>\n<!-- \/ Yoast SEO plugin. -->","yoast_head_json":{"title":"\u25b7 Wie sch\u00fctze ich eine Arbeitsmappe mit VBA in Excel?","description":"In diesem Tutorial wird erl\u00e4utert, wie Sie eine Arbeitsmappe mithilfe eines Kennworts sch\u00fctzen bzw. den Schutz aufheben. Auch zum Schutz einer Datei oder...","robots":{"index":"index","follow":"follow","max-snippet":"max-snippet:-1","max-image-preview":"max-image-preview:large","max-video-preview":"max-video-preview:-1"},"canonical":"https:\/\/exceladvisor.org\/de\/schutzen-sie-die-arbeitsmappe\/","og_locale":"de_DE","og_type":"article","og_title":"\u25b7 Wie sch\u00fctze ich eine Arbeitsmappe mit VBA in Excel?","og_description":"In diesem Tutorial wird erl\u00e4utert, wie Sie eine Arbeitsmappe mithilfe eines Kennworts sch\u00fctzen bzw. den Schutz aufheben. Auch zum Schutz einer Datei oder...","og_url":"https:\/\/exceladvisor.org\/de\/schutzen-sie-die-arbeitsmappe\/","og_site_name":"Excel Advisor","article_modified_time":"2023-12-03T13:04:55+00:00","og_image":[{"url":"https:\/\/exceladvisor.org\/wp-content\/uploads\/2023\/08\/1-il-verrouille-le-classeur-book1.png","type":"","width":"","height":""}],"twitter_card":"summary_large_image","twitter_misc":{"Gesch\u00e4tzte Lesezeit":"4\u00a0Minuten"},"schema":{"@context":"https:\/\/schema.org","@graph":[{"@type":"WebPage","@id":"https:\/\/exceladvisor.org\/de\/schutzen-sie-die-arbeitsmappe\/","url":"https:\/\/exceladvisor.org\/de\/schutzen-sie-die-arbeitsmappe\/","name":"\u25b7 Wie sch\u00fctze ich eine Arbeitsmappe mit VBA in Excel?","isPartOf":{"@id":"https:\/\/exceladvisor.org\/de\/#website"},"primaryImageOfPage":{"@id":"https:\/\/exceladvisor.org\/de\/schutzen-sie-die-arbeitsmappe\/#primaryimage"},"image":{"@id":"https:\/\/exceladvisor.org\/de\/schutzen-sie-die-arbeitsmappe\/#primaryimage"},"thumbnailUrl":"https:\/\/exceladvisor.org\/wp-content\/uploads\/2023\/08\/1-il-verrouille-le-classeur-book1.png","datePublished":"2023-11-16T13:22:32+00:00","dateModified":"2023-12-03T13:04:55+00:00","description":"In diesem Tutorial wird erl\u00e4utert, wie Sie eine Arbeitsmappe mithilfe eines Kennworts sch\u00fctzen bzw. den Schutz aufheben. Auch zum Schutz einer Datei oder...","breadcrumb":{"@id":"https:\/\/exceladvisor.org\/de\/schutzen-sie-die-arbeitsmappe\/#breadcrumb"},"inLanguage":"de","potentialAction":[{"@type":"ReadAction","target":["https:\/\/exceladvisor.org\/de\/schutzen-sie-die-arbeitsmappe\/"]}]},{"@type":"ImageObject","inLanguage":"de","@id":"https:\/\/exceladvisor.org\/de\/schutzen-sie-die-arbeitsmappe\/#primaryimage","url":"https:\/\/exceladvisor.org\/wp-content\/uploads\/2023\/08\/1-il-verrouille-le-classeur-book1.png","contentUrl":"https:\/\/exceladvisor.org\/wp-content\/uploads\/2023\/08\/1-il-verrouille-le-classeur-book1.png"},{"@type":"BreadcrumbList","@id":"https:\/\/exceladvisor.org\/de\/schutzen-sie-die-arbeitsmappe\/#breadcrumb","itemListElement":[{"@type":"ListItem","position":1,"name":"Accueil","item":"https:\/\/exceladvisor.org\/de\/"},{"@type":"ListItem","position":2,"name":"Wie sch\u00fctze ich eine arbeitsmappe mit vba?"}]},{"@type":"WebSite","@id":"https:\/\/exceladvisor.org\/de\/#website","url":"https:\/\/exceladvisor.org\/de\/","name":"Excel Advisor","description":"Ihr Leitfaden zur Datendominanz","publisher":{"@id":"https:\/\/exceladvisor.org\/de\/#organization"},"potentialAction":[{"@type":"SearchAction","target":{"@type":"EntryPoint","urlTemplate":"https:\/\/exceladvisor.org\/de\/?s={search_term_string}"},"query-input":{"@type":"PropertyValueSpecification","valueRequired":true,"valueName":"search_term_string"}}],"inLanguage":"de"},{"@type":"Organization","@id":"https:\/\/exceladvisor.org\/de\/#organization","name":"Excel Advisor","url":"https:\/\/exceladvisor.org\/de\/","logo":{"@type":"ImageObject","inLanguage":"de","@id":"https:\/\/exceladvisor.org\/de\/#\/schema\/logo\/image\/","url":"https:\/\/exceladvisor.org\/de\/wp-content\/uploads\/2023\/11\/exceladvisor.org_.png","contentUrl":"https:\/\/exceladvisor.org\/de\/wp-content\/uploads\/2023\/11\/exceladvisor.org_.png","width":105,"height":36,"caption":"Excel Advisor"},"image":{"@id":"https:\/\/exceladvisor.org\/de\/#\/schema\/logo\/image\/"}}]}},"yoast_meta":{"yoast_wpseo_title":"","yoast_wpseo_metadesc":"","yoast_wpseo_canonical":""},"_links":{"self":[{"href":"https:\/\/exceladvisor.org\/de\/wp-json\/wp\/v2\/pages\/3064","targetHints":{"allow":["GET"]}}],"collection":[{"href":"https:\/\/exceladvisor.org\/de\/wp-json\/wp\/v2\/pages"}],"about":[{"href":"https:\/\/exceladvisor.org\/de\/wp-json\/wp\/v2\/types\/page"}],"author":[{"embeddable":true,"href":"https:\/\/exceladvisor.org\/de\/wp-json\/wp\/v2\/users\/1"}],"replies":[{"embeddable":true,"href":"https:\/\/exceladvisor.org\/de\/wp-json\/wp\/v2\/comments?post=3064"}],"version-history":[{"count":1,"href":"https:\/\/exceladvisor.org\/de\/wp-json\/wp\/v2\/pages\/3064\/revisions"}],"predecessor-version":[{"id":4185,"href":"https:\/\/exceladvisor.org\/de\/wp-json\/wp\/v2\/pages\/3064\/revisions\/4185"}],"wp:attachment":[{"href":"https:\/\/exceladvisor.org\/de\/wp-json\/wp\/v2\/media?parent=3064"}],"curies":[{"name":"wp","href":"https:\/\/api.w.org\/{rel}","templated":true}]}}