{"id":3065,"date":"2023-11-16T13:19:07","date_gmt":"2023-11-16T13:19:07","guid":{"rendered":"https:\/\/exceladvisor.org\/de\/blatt-ausblenden\/"},"modified":"2023-12-03T11:21:49","modified_gmt":"2023-12-03T11:21:49","slug":"blatt-ausblenden","status":"publish","type":"page","link":"https:\/\/exceladvisor.org\/de\/blatt-ausblenden\/","title":{"rendered":"Wie kann ich ein blatt mit vba ein-\/ausblenden?"},"content":{"rendered":"<div class=\"excel-vor-dem-inhalt\" id=\"excel-550012953\"><script type=\"text\/javascript\">\r\n\tatOptions = {\r\n\t\t'key' : 'c1158f160081d6540a8409e6925dab94',\r\n\t\t'format' : 'iframe',\r\n\t\t'height' : 250,\r\n\t\t'width' : 300,\r\n\t\t'params' : {}\r\n\t};\r\n<\/script>\r\n<script type=\"text\/javascript\" src=\"\/\/www.highperformanceformat.com\/c1158f160081d6540a8409e6925dab94\/invoke.js\"><\/script><\/div> <p>Sie k\u00f6nnen VBA-Code verwenden, um ein Blatt in Excel auszublenden oder anzuzeigen. Wenn Sie mit der rechten Maustaste auf die Blattregisterkarte klicken, wird die Option zum Ein- und Ausblenden angezeigt. Das Gleiche k\u00f6nnen Sie auch mit einem VBA-Code tun.<\/p><p> In diesem Artikel werden wir einige der M\u00f6glichkeiten und Methoden betrachten, die wir verwenden k\u00f6nnen.<\/p><h2 class=\"wp-block-heading\"> VBA-Code zum Ausblenden eines Blattes<\/h2><p> Angenommen, Sie m\u00f6chten \u201eBlatt1\u201c aus der aktiven Arbeitsmappe ausblenden. In diesem Fall sollten Sie Code wie diesen verwenden.<\/p><pre class=\"wp-block-code\"> <code class=\"language-visual-basic\" lang=\"visual-basic\">Sheets(\"Sheet1\").Visible = False<\/code><\/pre><p> Im obigen Code haben Sie auf Sheet1 verwiesen, die sichtbare Eigenschaft verwendet und sie in \u201efalse\u201c ge\u00e4ndert.<\/p><h2 class=\"wp-block-heading\"> Machen Sie ein Blatt sehr versteckt<\/h2><p> Es gibt eine weitere Option, mit der Sie ein sehr verstecktes Blatt erstellen k\u00f6nnen, das vom Benutzer nicht einfach ausgeblendet werden kann.<\/p><h2 class=\"wp-block-heading\"> Blenden Sie ein Blatt basierend auf dem Wert einer Zelle aus<\/h2><p> Okay, wenn Sie einen Zellenwert verwenden m\u00f6chten, anstatt direkt den Blattnamen im Code zu verwenden, k\u00f6nnen Sie auf diese Zelle verweisen.<\/p><pre class=\"wp-block-code\"> <code class=\"language-visual-basic\" lang=\"visual-basic\">Sheets(Range(\"A1\").Value).Visible = True<\/code><\/pre><p> Dieser Code verweist auf Zelle A1 und verwendet den dortigen Wert, um auf das Blatt zu verweisen, das Sie ausblenden m\u00f6chten.<\/p><p class=\"content-box-grey\"> <em>N\u00fctzliche Links: <a href=\"https:\/\/exceladvisor.org\/de\/ein-makro-ausfuhren-2\/\">Ausf\u00fchren eines Makros<\/a> \u2013 <a href=\"https:\/\/exceladvisor.org\/de\/ein-makro-aufzeichnen\/\">Makrorecorder<\/a> \u2013 <a href=\"https:\/\/exceladvisor.org\/de\/einfacher-visueller-editor\/\">Visual Basic Editor<\/a> \u2013 <a href=\"https:\/\/exceladvisor.org\/de\/personliches-makro-notizbuch\/\">Handbuch zu pers\u00f6nlichen Makros<\/a><\/em><\/p><h2 class=\"wp-block-heading\"> \u00dcberpr\u00fcfen Sie das Blatt, bevor Sie es verstecken<\/h2><p> Sie k\u00f6nnen auch einen kleinen Code wie diesen verwenden, um das Blatt zu \u00fcberpr\u00fcfen, dessen Ausgaben Sie ausblenden m\u00f6chten oder nicht.<\/p><pre class=\"wp-block-code\"> <code class=\"language-visual-basic\" lang=\"visual-basic\">Sub vba_hide_sheet() Dim sht As Worksheet For Each sht In ThisWorkbook.Worksheets If sht.Name = \"Sheet1\" Then sht.Visible = False Exit Sub End If Next sht MsgBox \"Sheet not found\", vbCritical, \"Error\" End Sub<\/code><\/pre><p> Der obige Code verwendet <a href=\"https:\/\/exceladvisor.org\/de\/fur-die-schleife\/\">FOR EACH LOOP<\/a> + <a href=\"https:\/\/exceladvisor.org\/de\/wenn-2\/\">IF STATEMENT<\/a> , um jedes Blatt in der Arbeitsmappe zu durchlaufen. Und markieren Sie das Blatt, das Sie ausblenden m\u00f6chten.<\/p><h2 class=\"wp-block-heading\"> Alle Bl\u00e4tter ausblenden (au\u00dfer ActiveSheet)<\/h2><p> Nun gibt es eine Sache, die Sie verstehen m\u00fcssen: Sie k\u00f6nnen nicht alle Bl\u00e4tter verstecken. Es sollte immer ein Blatt sichtbar sein.<\/p><pre class=\"wp-block-code\"> <code class=\"language-visual-basic\" lang=\"visual-basic\">Sub vba_hide_sheet() Dim ws As Worksheet For Each ws In ThisWorkbook.Sheets If ActiveSheet.Name &lt;&gt; ws.Name Then ws.Visible = False End If Next ws End Sub<\/code><\/pre><p> Der obige Code durchl\u00e4uft alle Bl\u00e4tter in der Arbeitsmappe, gleicht dann den Namen jedes Blattes mit dem Namen des aktiven Blattes ab und blendet ihn aus, wenn er nicht \u00fcbereinstimmt.<\/p><h2 class=\"wp-block-heading\"> VBA-Code zum Anzeigen eines Blattes<\/h2><p> Um ein Blatt anzuzeigen, m\u00fcssen Sie die sichtbare Eigenschaft auf TRUE \u00e4ndern.<\/p><pre class=\"wp-block-code\"> <code class=\"language-visual-basic\" lang=\"visual-basic\">Sheets(\"Sheet1\").Visible = False<\/code><\/pre><p> Wenn das Blatt, das Sie anzeigen m\u00f6chten, bereits sichtbar ist, zeigt dieser Code keine Fehler an. Wenn dieses Blatt jedoch nicht vorhanden ist, erhalten Sie einen Laufzeitfehler \u201e9\u201c. <\/p><div class=\"wp-block-image\"><figure class=\"aligncenter size-large is-resized\"><img loading=\"lazy\" decoding=\"async\" class=\"wp-image-52343\" src=\"https:\/\/exceladvisor.org\/wp-content\/uploads\/2023\/08\/1-code-vba-pour-afficher-une-feuille.png\" sizes=\"auto, \" srcset=\"\" alt=\"VBA-Code zum Einblenden eines Blattes\" width=\"380\" height=\"214\"><\/figure><\/div><h2 class=\"wp-block-heading\"> Verwenden Sie VBA, um alle ausgeblendeten Bl\u00e4tter anzuzeigen<\/h2><p> Stellen Sie sich vor, Sie haben mehrere ausgeblendete Bl\u00e4tter in einer Arbeitsmappe und wenn Sie diese manuell ausblenden m\u00f6chten, m\u00fcssen Sie dies einzeln tun.<\/p><p> Aber hier ist der Code, der dies auf einmal erledigt.<\/p><pre class=\"wp-block-code\"> <code class=\"language-visual-basic\" lang=\"visual-basic\">Sub vba_unhide_sheet() Dim ws As Worksheet For Each ws In ThisWorkbook.Sheets If ws.Visible = False Then ws.Visible = True End If Next ws End Sub<\/code><\/pre><p> Er geht jedes Blatt durch und entlarvt es.<\/p><div class=\"gb-container gb-container-4db6181c gb-container-mt\"> <a class=\"gb-button gb-button-c5897111 gb-button-text gb-button-mt-button\" href=\"https:\/\/exceladvisor.org\/de\/vba\/\">Was ist VBA<\/a><h2 class=\"gb-headline gb-headline-665e5f6b gb-headline-text gb-headline-mt-heading\"> Verwandte Tutorials <\/h2><div class=\"gb-grid-wrapper gb-grid-wrapper-a20baf7c gb-grid-wrapper-mt-grid\"><div class=\"gb-grid-column gb-grid-column-65ddf67e\"><div class=\"gb-container gb-container-65ddf67e\"><ul><li> <a href=\"https:\/\/exceladvisor.org\/de\/klares-blatt\/\">L\u00d6SCHEN Sie ein ganzes Blatt mit VBA in Excel<\/a><\/li><li> <a href=\"https:\/\/exceladvisor.org\/de\/kopierblatt\/\">Kopieren und verschieben Sie ein Blatt in Excel mit VBA<\/a><\/li><li> <a href=\"https:\/\/exceladvisor.org\/de\/zahle-die-blatter\/\">COUNT Sheets mit VBA in Excel<\/a><\/li><li> <a href=\"https:\/\/exceladvisor.org\/de\/ein-blatt-loschen-1\/\">L\u00d6SCHEN Sie ein BLATT mit VBA in Excel<\/a><\/li><li> <a href=\"https:\/\/exceladvisor.org\/de\/das-blatt-schutzen\/\">Mit VBA in Excel ein Blatt sch\u00fctzen und den Schutz aufheben<\/a> <\/li><\/ul><\/div><\/div><div class=\"gb-grid-column gb-grid-column-50067b57\"><div class=\"gb-container gb-container-50067b57\"><\/div><\/div><\/div><\/div>","protected":false},"excerpt":{"rendered":"","protected":false},"author":1,"featured_media":0,"parent":0,"menu_order":0,"comment_status":"open","ping_status":"closed","template":"","meta":{"ub_ctt_via":"","footnotes":""},"class_list":["post-3065","page","type-page","status-publish","hentry"],"featured_image_src":null,"yoast_head":"<!-- This site is optimized with the Yoast SEO plugin v25.4 - https:\/\/yoast.com\/wordpress\/plugins\/seo\/ -->\n<title>\u25b7 Wie kann ich ein Blatt mit VBA ein-\/ausblenden?<\/title>\n<meta name=\"description\" content=\"Dieses Tutorial zeigt Ihnen, wie Sie ein Arbeitsblatt mithilfe von VBA-Code ein- und ausblenden. Es zeigt Ihnen auch etwas anderes\" \/>\n<meta name=\"robots\" content=\"index, follow, max-snippet:-1, max-image-preview:large, max-video-preview:-1\" \/>\n<link rel=\"canonical\" href=\"https:\/\/exceladvisor.org\/de\/blatt-ausblenden\/\" \/>\n<meta property=\"og:locale\" content=\"de_DE\" \/>\n<meta property=\"og:type\" content=\"article\" \/>\n<meta property=\"og:title\" content=\"\u25b7 Wie kann ich ein Blatt mit VBA ein-\/ausblenden?\" \/>\n<meta property=\"og:description\" content=\"Dieses Tutorial zeigt Ihnen, wie Sie ein Arbeitsblatt mithilfe von VBA-Code ein- und ausblenden. Es zeigt Ihnen auch etwas anderes\" \/>\n<meta property=\"og:url\" content=\"https:\/\/exceladvisor.org\/de\/blatt-ausblenden\/\" \/>\n<meta property=\"og:site_name\" content=\"Excel Advisor\" \/>\n<meta property=\"article:modified_time\" content=\"2023-12-03T11:21:49+00:00\" \/>\n<meta property=\"og:image\" content=\"https:\/\/exceladvisor.org\/wp-content\/uploads\/2023\/08\/1-code-vba-pour-afficher-une-feuille.png\" \/>\n<meta name=\"twitter:card\" content=\"summary_large_image\" \/>\n<meta name=\"twitter:label1\" content=\"Gesch\u00e4tzte Lesezeit\" \/>\n\t<meta name=\"twitter:data1\" content=\"3\u00a0Minuten\" \/>\n<script type=\"application\/ld+json\" class=\"yoast-schema-graph\">{\"@context\":\"https:\/\/schema.org\",\"@graph\":[{\"@type\":\"WebPage\",\"@id\":\"https:\/\/exceladvisor.org\/de\/blatt-ausblenden\/\",\"url\":\"https:\/\/exceladvisor.org\/de\/blatt-ausblenden\/\",\"name\":\"\u25b7 Wie kann ich ein Blatt mit VBA ein-\/ausblenden?\",\"isPartOf\":{\"@id\":\"https:\/\/exceladvisor.org\/de\/#website\"},\"primaryImageOfPage\":{\"@id\":\"https:\/\/exceladvisor.org\/de\/blatt-ausblenden\/#primaryimage\"},\"image\":{\"@id\":\"https:\/\/exceladvisor.org\/de\/blatt-ausblenden\/#primaryimage\"},\"thumbnailUrl\":\"https:\/\/exceladvisor.org\/wp-content\/uploads\/2023\/08\/1-code-vba-pour-afficher-une-feuille.png\",\"datePublished\":\"2023-11-16T13:19:07+00:00\",\"dateModified\":\"2023-12-03T11:21:49+00:00\",\"description\":\"Dieses Tutorial zeigt Ihnen, wie Sie ein Arbeitsblatt mithilfe von VBA-Code ein- und ausblenden. Es zeigt Ihnen auch etwas anderes\",\"breadcrumb\":{\"@id\":\"https:\/\/exceladvisor.org\/de\/blatt-ausblenden\/#breadcrumb\"},\"inLanguage\":\"de\",\"potentialAction\":[{\"@type\":\"ReadAction\",\"target\":[\"https:\/\/exceladvisor.org\/de\/blatt-ausblenden\/\"]}]},{\"@type\":\"ImageObject\",\"inLanguage\":\"de\",\"@id\":\"https:\/\/exceladvisor.org\/de\/blatt-ausblenden\/#primaryimage\",\"url\":\"https:\/\/exceladvisor.org\/wp-content\/uploads\/2023\/08\/1-code-vba-pour-afficher-une-feuille.png\",\"contentUrl\":\"https:\/\/exceladvisor.org\/wp-content\/uploads\/2023\/08\/1-code-vba-pour-afficher-une-feuille.png\"},{\"@type\":\"BreadcrumbList\",\"@id\":\"https:\/\/exceladvisor.org\/de\/blatt-ausblenden\/#breadcrumb\",\"itemListElement\":[{\"@type\":\"ListItem\",\"position\":1,\"name\":\"Accueil\",\"item\":\"https:\/\/exceladvisor.org\/de\/\"},{\"@type\":\"ListItem\",\"position\":2,\"name\":\"Wie kann ich ein blatt mit vba ein-\/ausblenden?\"}]},{\"@type\":\"WebSite\",\"@id\":\"https:\/\/exceladvisor.org\/de\/#website\",\"url\":\"https:\/\/exceladvisor.org\/de\/\",\"name\":\"Excel Advisor\",\"description\":\"Ihr Leitfaden zur Datendominanz\",\"publisher\":{\"@id\":\"https:\/\/exceladvisor.org\/de\/#organization\"},\"potentialAction\":[{\"@type\":\"SearchAction\",\"target\":{\"@type\":\"EntryPoint\",\"urlTemplate\":\"https:\/\/exceladvisor.org\/de\/?s={search_term_string}\"},\"query-input\":{\"@type\":\"PropertyValueSpecification\",\"valueRequired\":true,\"valueName\":\"search_term_string\"}}],\"inLanguage\":\"de\"},{\"@type\":\"Organization\",\"@id\":\"https:\/\/exceladvisor.org\/de\/#organization\",\"name\":\"Excel Advisor\",\"url\":\"https:\/\/exceladvisor.org\/de\/\",\"logo\":{\"@type\":\"ImageObject\",\"inLanguage\":\"de\",\"@id\":\"https:\/\/exceladvisor.org\/de\/#\/schema\/logo\/image\/\",\"url\":\"https:\/\/exceladvisor.org\/de\/wp-content\/uploads\/2023\/11\/exceladvisor.org_.png\",\"contentUrl\":\"https:\/\/exceladvisor.org\/de\/wp-content\/uploads\/2023\/11\/exceladvisor.org_.png\",\"width\":105,\"height\":36,\"caption\":\"Excel Advisor\"},\"image\":{\"@id\":\"https:\/\/exceladvisor.org\/de\/#\/schema\/logo\/image\/\"}}]}<\/script>\n<!-- \/ Yoast SEO plugin. -->","yoast_head_json":{"title":"\u25b7 Wie kann ich ein Blatt mit VBA ein-\/ausblenden?","description":"Dieses Tutorial zeigt Ihnen, wie Sie ein Arbeitsblatt mithilfe von VBA-Code ein- und ausblenden. Es zeigt Ihnen auch etwas anderes","robots":{"index":"index","follow":"follow","max-snippet":"max-snippet:-1","max-image-preview":"max-image-preview:large","max-video-preview":"max-video-preview:-1"},"canonical":"https:\/\/exceladvisor.org\/de\/blatt-ausblenden\/","og_locale":"de_DE","og_type":"article","og_title":"\u25b7 Wie kann ich ein Blatt mit VBA ein-\/ausblenden?","og_description":"Dieses Tutorial zeigt Ihnen, wie Sie ein Arbeitsblatt mithilfe von VBA-Code ein- und ausblenden. Es zeigt Ihnen auch etwas anderes","og_url":"https:\/\/exceladvisor.org\/de\/blatt-ausblenden\/","og_site_name":"Excel Advisor","article_modified_time":"2023-12-03T11:21:49+00:00","og_image":[{"url":"https:\/\/exceladvisor.org\/wp-content\/uploads\/2023\/08\/1-code-vba-pour-afficher-une-feuille.png","type":"","width":"","height":""}],"twitter_card":"summary_large_image","twitter_misc":{"Gesch\u00e4tzte Lesezeit":"3\u00a0Minuten"},"schema":{"@context":"https:\/\/schema.org","@graph":[{"@type":"WebPage","@id":"https:\/\/exceladvisor.org\/de\/blatt-ausblenden\/","url":"https:\/\/exceladvisor.org\/de\/blatt-ausblenden\/","name":"\u25b7 Wie kann ich ein Blatt mit VBA ein-\/ausblenden?","isPartOf":{"@id":"https:\/\/exceladvisor.org\/de\/#website"},"primaryImageOfPage":{"@id":"https:\/\/exceladvisor.org\/de\/blatt-ausblenden\/#primaryimage"},"image":{"@id":"https:\/\/exceladvisor.org\/de\/blatt-ausblenden\/#primaryimage"},"thumbnailUrl":"https:\/\/exceladvisor.org\/wp-content\/uploads\/2023\/08\/1-code-vba-pour-afficher-une-feuille.png","datePublished":"2023-11-16T13:19:07+00:00","dateModified":"2023-12-03T11:21:49+00:00","description":"Dieses Tutorial zeigt Ihnen, wie Sie ein Arbeitsblatt mithilfe von VBA-Code ein- und ausblenden. Es zeigt Ihnen auch etwas anderes","breadcrumb":{"@id":"https:\/\/exceladvisor.org\/de\/blatt-ausblenden\/#breadcrumb"},"inLanguage":"de","potentialAction":[{"@type":"ReadAction","target":["https:\/\/exceladvisor.org\/de\/blatt-ausblenden\/"]}]},{"@type":"ImageObject","inLanguage":"de","@id":"https:\/\/exceladvisor.org\/de\/blatt-ausblenden\/#primaryimage","url":"https:\/\/exceladvisor.org\/wp-content\/uploads\/2023\/08\/1-code-vba-pour-afficher-une-feuille.png","contentUrl":"https:\/\/exceladvisor.org\/wp-content\/uploads\/2023\/08\/1-code-vba-pour-afficher-une-feuille.png"},{"@type":"BreadcrumbList","@id":"https:\/\/exceladvisor.org\/de\/blatt-ausblenden\/#breadcrumb","itemListElement":[{"@type":"ListItem","position":1,"name":"Accueil","item":"https:\/\/exceladvisor.org\/de\/"},{"@type":"ListItem","position":2,"name":"Wie kann ich ein blatt mit vba ein-\/ausblenden?"}]},{"@type":"WebSite","@id":"https:\/\/exceladvisor.org\/de\/#website","url":"https:\/\/exceladvisor.org\/de\/","name":"Excel Advisor","description":"Ihr Leitfaden zur Datendominanz","publisher":{"@id":"https:\/\/exceladvisor.org\/de\/#organization"},"potentialAction":[{"@type":"SearchAction","target":{"@type":"EntryPoint","urlTemplate":"https:\/\/exceladvisor.org\/de\/?s={search_term_string}"},"query-input":{"@type":"PropertyValueSpecification","valueRequired":true,"valueName":"search_term_string"}}],"inLanguage":"de"},{"@type":"Organization","@id":"https:\/\/exceladvisor.org\/de\/#organization","name":"Excel Advisor","url":"https:\/\/exceladvisor.org\/de\/","logo":{"@type":"ImageObject","inLanguage":"de","@id":"https:\/\/exceladvisor.org\/de\/#\/schema\/logo\/image\/","url":"https:\/\/exceladvisor.org\/de\/wp-content\/uploads\/2023\/11\/exceladvisor.org_.png","contentUrl":"https:\/\/exceladvisor.org\/de\/wp-content\/uploads\/2023\/11\/exceladvisor.org_.png","width":105,"height":36,"caption":"Excel Advisor"},"image":{"@id":"https:\/\/exceladvisor.org\/de\/#\/schema\/logo\/image\/"}}]}},"yoast_meta":{"yoast_wpseo_title":"","yoast_wpseo_metadesc":"","yoast_wpseo_canonical":""},"_links":{"self":[{"href":"https:\/\/exceladvisor.org\/de\/wp-json\/wp\/v2\/pages\/3065","targetHints":{"allow":["GET"]}}],"collection":[{"href":"https:\/\/exceladvisor.org\/de\/wp-json\/wp\/v2\/pages"}],"about":[{"href":"https:\/\/exceladvisor.org\/de\/wp-json\/wp\/v2\/types\/page"}],"author":[{"embeddable":true,"href":"https:\/\/exceladvisor.org\/de\/wp-json\/wp\/v2\/users\/1"}],"replies":[{"embeddable":true,"href":"https:\/\/exceladvisor.org\/de\/wp-json\/wp\/v2\/comments?post=3065"}],"version-history":[{"count":1,"href":"https:\/\/exceladvisor.org\/de\/wp-json\/wp\/v2\/pages\/3065\/revisions"}],"predecessor-version":[{"id":4085,"href":"https:\/\/exceladvisor.org\/de\/wp-json\/wp\/v2\/pages\/3065\/revisions\/4085"}],"wp:attachment":[{"href":"https:\/\/exceladvisor.org\/de\/wp-json\/wp\/v2\/media?parent=3065"}],"curies":[{"name":"wp","href":"https:\/\/api.w.org\/{rel}","templated":true}]}}