{"id":3067,"date":"2023-11-16T12:38:56","date_gmt":"2023-11-16T12:38:56","guid":{"rendered":"https:\/\/exceladvisor.org\/de\/arbeitsmappe-umbenennen\/"},"modified":"2023-12-03T11:14:04","modified_gmt":"2023-12-03T11:14:04","slug":"arbeitsmappe-umbenennen","status":"publish","type":"page","link":"https:\/\/exceladvisor.org\/de\/arbeitsmappe-umbenennen\/","title":{"rendered":"Wie benenne ich eine arbeitsmappe in vba um?"},"content":{"rendered":"<div class=\"excel-vor-dem-inhalt\" id=\"excel-3823167242\"><script type=\"text\/javascript\">\r\n\tatOptions = {\r\n\t\t'key' : 'c1158f160081d6540a8409e6925dab94',\r\n\t\t'format' : 'iframe',\r\n\t\t'height' : 250,\r\n\t\t'width' : 300,\r\n\t\t'params' : {}\r\n\t};\r\n<\/script>\r\n<script type=\"text\/javascript\" src=\"\/\/www.highperformanceformat.com\/c1158f160081d6540a8409e6925dab94\/invoke.js\"><\/script><\/div> <p>Um eine auf Ihrem Computer gespeicherte Excel-Datei UMBENENNEN zu k\u00f6nnen, m\u00fcssen Sie die Anweisung \u201eNAME\u201c verwenden. In dieser Anweisung m\u00fcssen Sie den alten Dateinamen und den neuen Namen definieren, den Sie anwenden m\u00f6chten. Aber eines m\u00fcssen Sie bedenken: Die Datei muss geschlossen sein.<\/p><p> Hier habe ich eine Excel-Datei, die im Ordner \u201eData\u201c auf meinem Desktop gespeichert ist und dort in diesem Ordner \u201eSampleFile\u201c, den ich in \u201emyFile\u201c umbenennen m\u00f6chte, und der Code daf\u00fcr w\u00e4re wie folgt.<\/p><pre class=\"wp-block-code\"> <code class=\"language-visual-basic\" lang=\"visual-basic\">Name \"C:\\Users\\Dell\\Desktop\\myFolder\\SampleFile.xlsx\" As _ \"C:\\Users\\Dell\\Desktop\\myFolder\\myNewFile.xlsx\"<\/code><\/pre><h2 class=\"wp-block-heading\"> Schritte zur Verwendung von VBA zum Umbenennen einer Excel-Datei<\/h2><p> Lassen Sie uns nun diese Codezeile im Detail verstehen. <\/p><div class=\"wp-block-image\"><figure class=\"aligncenter size-large is-resized\"><img loading=\"lazy\" decoding=\"async\" class=\"wp-image-52791\" src=\"https:\/\/exceladvisor.org\/wp-content\/uploads\/2023\/08\/1-renommer-un-classeur-en-utilisant-vba.png\" sizes=\"auto, \" srcset=\"\" alt=\"Benennen Sie eine Arbeitsmappe mit VBA um\" width=\"619\" height=\"200\"><\/figure><\/div><ol type=\"1\"><li> Die Namensdeklaration, mit der Sie den Code beginnen sollten.<\/li><li> Dateiadresse mit altem Namen und Dateierweiterung.<\/li><li> \u201eGef\u00e4llt mir\u201c bezieht sich auf den neuen Namen.<\/li><li> Dateiadresse mit neuem Namen und Dateierweiterung.<\/li><\/ol><p class=\"content-box-grey\"> <em>N\u00fctzliche Links: <a href=\"https:\/\/exceladvisor.org\/de\/ein-makro-ausfuhren-2\/\">Ausf\u00fchren eines Makros<\/a> \u2013 <a href=\"https:\/\/exceladvisor.org\/de\/ein-makro-aufzeichnen\/\">Makrorecorder<\/a> \u2013 <a href=\"https:\/\/exceladvisor.org\/de\/einfacher-visueller-editor\/\">Visual Basic Editor<\/a> \u2013 <a href=\"https:\/\/exceladvisor.org\/de\/personliches-makro-notizbuch\/\">Handbuch zu pers\u00f6nlichen Makros<\/a><\/em><\/p><p> Um die Namensaussagen etwas klarer zu machen, k\u00f6nnen Sie Variablen verwenden, genau wie im folgenden Code. <\/p><div class=\"wp-block-image\"><figure class=\"aligncenter size-large is-resized\"><img loading=\"lazy\" decoding=\"async\" class=\"wp-image-52792\" src=\"https:\/\/exceladvisor.org\/wp-content\/uploads\/2023\/08\/2-vous-pouvez-utiliser-une-variable.png\" sizes=\"auto, \" srcset=\"\" alt=\"Sie k\u00f6nnen eine Variable verwenden\" width=\"457\" height=\"315\"><\/figure><\/div><pre class=\"wp-block-code\"> <code class=\"language-visual-basic\" lang=\"visual-basic\">Sub vba_rename_workbook() Dim oldName As String Dim newName As String oldName = \"C:\\Users\\Dell\\Desktop\\myFolder\\SampleFile.xlsx\" newName = \"C:\\Users\\Dell\\Desktop\\myFolder\\myNewFile.xlsx\" Name oldName As newName End Sub<\/code><\/pre><div class=\"gb-container gb-container-4db6181c gb-container-mt\"> <a class=\"gb-button gb-button-c5897111 gb-button-text gb-button-mt-button\" href=\"https:\/\/exceladvisor.org\/de\/vba\/\">Was ist VBA<\/a><h2 class=\"gb-headline gb-headline-665e5f6b gb-headline-text gb-headline-mt-heading\"> Verwandte Tutorials <\/h2><div class=\"gb-grid-wrapper gb-grid-wrapper-a20baf7c gb-grid-wrapper-mt-grid\"><div class=\"gb-grid-column gb-grid-column-65ddf67e\"><div class=\"gb-container gb-container-65ddf67e\"><ul><li> <a href=\"https:\/\/exceladvisor.org\/de\/excel-datei-kopieren\/\">Kopieren Sie eine Excel-Datei (Arbeitsmappe) mit VBA<\/a><\/li><li> <a href=\"https:\/\/exceladvisor.org\/de\/arbeitsmappe-aktivieren\/\">VBA-Arbeitsmappe aktivieren (Excel-Datei)<\/a><\/li><li> <a href=\"https:\/\/exceladvisor.org\/de\/schliessen-sie-die-arbeitsmappe\/\">VBA-Arbeitsmappe schlie\u00dfen (Excel-Datei)<\/a><\/li><li> <a href=\"https:\/\/exceladvisor.org\/de\/arbeitsmappen-kombinieren\/\">VBA Arbeitsmappen kombinieren (Excel-Dateien)<\/a><\/li><li> <a href=\"https:\/\/exceladvisor.org\/de\/eine-arbeitsmappe-erstellen\/\">VBA Erstellen Sie eine neue Arbeitsmappe (Excel-Datei)<\/a><\/li><\/ul><\/div><\/div><\/div><\/div>","protected":false},"excerpt":{"rendered":"","protected":false},"author":1,"featured_media":0,"parent":0,"menu_order":0,"comment_status":"open","ping_status":"closed","template":"","meta":{"ub_ctt_via":"","footnotes":""},"class_list":["post-3067","page","type-page","status-publish","hentry"],"featured_image_src":null,"yoast_head":"<!-- This site is optimized with the Yoast SEO plugin v25.4 - https:\/\/yoast.com\/wordpress\/plugins\/seo\/ -->\n<title>Wie benenne ich eine Arbeitsmappe mit VBA in Excel um?<\/title>\n<meta name=\"description\" content=\"In diesem Tutorial wird erkl\u00e4rt, wie Sie eine auf Ihrem System gespeicherte Datei mithilfe von VBA-Code unter Verwendung des Pfads dieser Datei umbenennen.\" \/>\n<meta name=\"robots\" content=\"index, follow, max-snippet:-1, max-image-preview:large, max-video-preview:-1\" \/>\n<link rel=\"canonical\" href=\"https:\/\/exceladvisor.org\/de\/arbeitsmappe-umbenennen\/\" \/>\n<meta property=\"og:locale\" content=\"de_DE\" \/>\n<meta property=\"og:type\" content=\"article\" \/>\n<meta property=\"og:title\" content=\"Wie benenne ich eine Arbeitsmappe mit VBA in Excel um?\" \/>\n<meta property=\"og:description\" content=\"In diesem Tutorial wird erkl\u00e4rt, wie Sie eine auf Ihrem System gespeicherte Datei mithilfe von VBA-Code unter Verwendung des Pfads dieser Datei umbenennen.\" \/>\n<meta property=\"og:url\" content=\"https:\/\/exceladvisor.org\/de\/arbeitsmappe-umbenennen\/\" \/>\n<meta property=\"og:site_name\" content=\"Excel Advisor\" \/>\n<meta property=\"article:modified_time\" content=\"2023-12-03T11:14:04+00:00\" \/>\n<meta property=\"og:image\" content=\"https:\/\/exceladvisor.org\/wp-content\/uploads\/2023\/08\/1-renommer-un-classeur-en-utilisant-vba.png\" \/>\n<meta name=\"twitter:card\" content=\"summary_large_image\" \/>\n<meta name=\"twitter:label1\" content=\"Gesch\u00e4tzte Lesezeit\" \/>\n\t<meta name=\"twitter:data1\" content=\"1\u00a0Minute\" \/>\n<script type=\"application\/ld+json\" class=\"yoast-schema-graph\">{\"@context\":\"https:\/\/schema.org\",\"@graph\":[{\"@type\":\"WebPage\",\"@id\":\"https:\/\/exceladvisor.org\/de\/arbeitsmappe-umbenennen\/\",\"url\":\"https:\/\/exceladvisor.org\/de\/arbeitsmappe-umbenennen\/\",\"name\":\"Wie benenne ich eine Arbeitsmappe mit VBA in Excel um?\",\"isPartOf\":{\"@id\":\"https:\/\/exceladvisor.org\/de\/#website\"},\"primaryImageOfPage\":{\"@id\":\"https:\/\/exceladvisor.org\/de\/arbeitsmappe-umbenennen\/#primaryimage\"},\"image\":{\"@id\":\"https:\/\/exceladvisor.org\/de\/arbeitsmappe-umbenennen\/#primaryimage\"},\"thumbnailUrl\":\"https:\/\/exceladvisor.org\/wp-content\/uploads\/2023\/08\/1-renommer-un-classeur-en-utilisant-vba.png\",\"datePublished\":\"2023-11-16T12:38:56+00:00\",\"dateModified\":\"2023-12-03T11:14:04+00:00\",\"description\":\"In diesem Tutorial wird erkl\u00e4rt, wie Sie eine auf Ihrem System gespeicherte Datei mithilfe von VBA-Code unter Verwendung des Pfads dieser Datei umbenennen.\",\"breadcrumb\":{\"@id\":\"https:\/\/exceladvisor.org\/de\/arbeitsmappe-umbenennen\/#breadcrumb\"},\"inLanguage\":\"de\",\"potentialAction\":[{\"@type\":\"ReadAction\",\"target\":[\"https:\/\/exceladvisor.org\/de\/arbeitsmappe-umbenennen\/\"]}]},{\"@type\":\"ImageObject\",\"inLanguage\":\"de\",\"@id\":\"https:\/\/exceladvisor.org\/de\/arbeitsmappe-umbenennen\/#primaryimage\",\"url\":\"https:\/\/exceladvisor.org\/wp-content\/uploads\/2023\/08\/1-renommer-un-classeur-en-utilisant-vba.png\",\"contentUrl\":\"https:\/\/exceladvisor.org\/wp-content\/uploads\/2023\/08\/1-renommer-un-classeur-en-utilisant-vba.png\"},{\"@type\":\"BreadcrumbList\",\"@id\":\"https:\/\/exceladvisor.org\/de\/arbeitsmappe-umbenennen\/#breadcrumb\",\"itemListElement\":[{\"@type\":\"ListItem\",\"position\":1,\"name\":\"Accueil\",\"item\":\"https:\/\/exceladvisor.org\/de\/\"},{\"@type\":\"ListItem\",\"position\":2,\"name\":\"Wie benenne ich eine arbeitsmappe in vba um?\"}]},{\"@type\":\"WebSite\",\"@id\":\"https:\/\/exceladvisor.org\/de\/#website\",\"url\":\"https:\/\/exceladvisor.org\/de\/\",\"name\":\"Excel Advisor\",\"description\":\"Ihr Leitfaden zur Datendominanz\",\"publisher\":{\"@id\":\"https:\/\/exceladvisor.org\/de\/#organization\"},\"potentialAction\":[{\"@type\":\"SearchAction\",\"target\":{\"@type\":\"EntryPoint\",\"urlTemplate\":\"https:\/\/exceladvisor.org\/de\/?s={search_term_string}\"},\"query-input\":{\"@type\":\"PropertyValueSpecification\",\"valueRequired\":true,\"valueName\":\"search_term_string\"}}],\"inLanguage\":\"de\"},{\"@type\":\"Organization\",\"@id\":\"https:\/\/exceladvisor.org\/de\/#organization\",\"name\":\"Excel Advisor\",\"url\":\"https:\/\/exceladvisor.org\/de\/\",\"logo\":{\"@type\":\"ImageObject\",\"inLanguage\":\"de\",\"@id\":\"https:\/\/exceladvisor.org\/de\/#\/schema\/logo\/image\/\",\"url\":\"https:\/\/exceladvisor.org\/de\/wp-content\/uploads\/2023\/11\/exceladvisor.org_.png\",\"contentUrl\":\"https:\/\/exceladvisor.org\/de\/wp-content\/uploads\/2023\/11\/exceladvisor.org_.png\",\"width\":105,\"height\":36,\"caption\":\"Excel Advisor\"},\"image\":{\"@id\":\"https:\/\/exceladvisor.org\/de\/#\/schema\/logo\/image\/\"}}]}<\/script>\n<!-- \/ Yoast SEO plugin. -->","yoast_head_json":{"title":"Wie benenne ich eine Arbeitsmappe mit VBA in Excel um?","description":"In diesem Tutorial wird erkl\u00e4rt, wie Sie eine auf Ihrem System gespeicherte Datei mithilfe von VBA-Code unter Verwendung des Pfads dieser Datei umbenennen.","robots":{"index":"index","follow":"follow","max-snippet":"max-snippet:-1","max-image-preview":"max-image-preview:large","max-video-preview":"max-video-preview:-1"},"canonical":"https:\/\/exceladvisor.org\/de\/arbeitsmappe-umbenennen\/","og_locale":"de_DE","og_type":"article","og_title":"Wie benenne ich eine Arbeitsmappe mit VBA in Excel um?","og_description":"In diesem Tutorial wird erkl\u00e4rt, wie Sie eine auf Ihrem System gespeicherte Datei mithilfe von VBA-Code unter Verwendung des Pfads dieser Datei umbenennen.","og_url":"https:\/\/exceladvisor.org\/de\/arbeitsmappe-umbenennen\/","og_site_name":"Excel Advisor","article_modified_time":"2023-12-03T11:14:04+00:00","og_image":[{"url":"https:\/\/exceladvisor.org\/wp-content\/uploads\/2023\/08\/1-renommer-un-classeur-en-utilisant-vba.png","type":"","width":"","height":""}],"twitter_card":"summary_large_image","twitter_misc":{"Gesch\u00e4tzte Lesezeit":"1\u00a0Minute"},"schema":{"@context":"https:\/\/schema.org","@graph":[{"@type":"WebPage","@id":"https:\/\/exceladvisor.org\/de\/arbeitsmappe-umbenennen\/","url":"https:\/\/exceladvisor.org\/de\/arbeitsmappe-umbenennen\/","name":"Wie benenne ich eine Arbeitsmappe mit VBA in Excel um?","isPartOf":{"@id":"https:\/\/exceladvisor.org\/de\/#website"},"primaryImageOfPage":{"@id":"https:\/\/exceladvisor.org\/de\/arbeitsmappe-umbenennen\/#primaryimage"},"image":{"@id":"https:\/\/exceladvisor.org\/de\/arbeitsmappe-umbenennen\/#primaryimage"},"thumbnailUrl":"https:\/\/exceladvisor.org\/wp-content\/uploads\/2023\/08\/1-renommer-un-classeur-en-utilisant-vba.png","datePublished":"2023-11-16T12:38:56+00:00","dateModified":"2023-12-03T11:14:04+00:00","description":"In diesem Tutorial wird erkl\u00e4rt, wie Sie eine auf Ihrem System gespeicherte Datei mithilfe von VBA-Code unter Verwendung des Pfads dieser Datei umbenennen.","breadcrumb":{"@id":"https:\/\/exceladvisor.org\/de\/arbeitsmappe-umbenennen\/#breadcrumb"},"inLanguage":"de","potentialAction":[{"@type":"ReadAction","target":["https:\/\/exceladvisor.org\/de\/arbeitsmappe-umbenennen\/"]}]},{"@type":"ImageObject","inLanguage":"de","@id":"https:\/\/exceladvisor.org\/de\/arbeitsmappe-umbenennen\/#primaryimage","url":"https:\/\/exceladvisor.org\/wp-content\/uploads\/2023\/08\/1-renommer-un-classeur-en-utilisant-vba.png","contentUrl":"https:\/\/exceladvisor.org\/wp-content\/uploads\/2023\/08\/1-renommer-un-classeur-en-utilisant-vba.png"},{"@type":"BreadcrumbList","@id":"https:\/\/exceladvisor.org\/de\/arbeitsmappe-umbenennen\/#breadcrumb","itemListElement":[{"@type":"ListItem","position":1,"name":"Accueil","item":"https:\/\/exceladvisor.org\/de\/"},{"@type":"ListItem","position":2,"name":"Wie benenne ich eine arbeitsmappe in vba um?"}]},{"@type":"WebSite","@id":"https:\/\/exceladvisor.org\/de\/#website","url":"https:\/\/exceladvisor.org\/de\/","name":"Excel Advisor","description":"Ihr Leitfaden zur Datendominanz","publisher":{"@id":"https:\/\/exceladvisor.org\/de\/#organization"},"potentialAction":[{"@type":"SearchAction","target":{"@type":"EntryPoint","urlTemplate":"https:\/\/exceladvisor.org\/de\/?s={search_term_string}"},"query-input":{"@type":"PropertyValueSpecification","valueRequired":true,"valueName":"search_term_string"}}],"inLanguage":"de"},{"@type":"Organization","@id":"https:\/\/exceladvisor.org\/de\/#organization","name":"Excel Advisor","url":"https:\/\/exceladvisor.org\/de\/","logo":{"@type":"ImageObject","inLanguage":"de","@id":"https:\/\/exceladvisor.org\/de\/#\/schema\/logo\/image\/","url":"https:\/\/exceladvisor.org\/de\/wp-content\/uploads\/2023\/11\/exceladvisor.org_.png","contentUrl":"https:\/\/exceladvisor.org\/de\/wp-content\/uploads\/2023\/11\/exceladvisor.org_.png","width":105,"height":36,"caption":"Excel Advisor"},"image":{"@id":"https:\/\/exceladvisor.org\/de\/#\/schema\/logo\/image\/"}}]}},"yoast_meta":{"yoast_wpseo_title":"","yoast_wpseo_metadesc":"","yoast_wpseo_canonical":""},"_links":{"self":[{"href":"https:\/\/exceladvisor.org\/de\/wp-json\/wp\/v2\/pages\/3067","targetHints":{"allow":["GET"]}}],"collection":[{"href":"https:\/\/exceladvisor.org\/de\/wp-json\/wp\/v2\/pages"}],"about":[{"href":"https:\/\/exceladvisor.org\/de\/wp-json\/wp\/v2\/types\/page"}],"author":[{"embeddable":true,"href":"https:\/\/exceladvisor.org\/de\/wp-json\/wp\/v2\/users\/1"}],"replies":[{"embeddable":true,"href":"https:\/\/exceladvisor.org\/de\/wp-json\/wp\/v2\/comments?post=3067"}],"version-history":[{"count":1,"href":"https:\/\/exceladvisor.org\/de\/wp-json\/wp\/v2\/pages\/3067\/revisions"}],"predecessor-version":[{"id":3880,"href":"https:\/\/exceladvisor.org\/de\/wp-json\/wp\/v2\/pages\/3067\/revisions\/3880"}],"wp:attachment":[{"href":"https:\/\/exceladvisor.org\/de\/wp-json\/wp\/v2\/media?parent=3067"}],"curies":[{"name":"wp","href":"https:\/\/api.w.org\/{rel}","templated":true}]}}