{"id":3069,"date":"2023-11-16T11:52:53","date_gmt":"2023-11-16T11:52:53","guid":{"rendered":"https:\/\/exceladvisor.org\/de\/anzahl-der-zeilen\/"},"modified":"2023-12-03T11:19:58","modified_gmt":"2023-12-03T11:19:58","slug":"anzahl-der-zeilen","status":"publish","type":"page","link":"https:\/\/exceladvisor.org\/de\/anzahl-der-zeilen\/","title":{"rendered":"Wie erstelle ich zeilen mit vba in excel?"},"content":{"rendered":"<div class=\"excel-vor-dem-inhalt\" id=\"excel-3189827538\"><script type=\"text\/javascript\">\r\n\tatOptions = {\r\n\t\t'key' : 'c1158f160081d6540a8409e6925dab94',\r\n\t\t'format' : 'iframe',\r\n\t\t'height' : 250,\r\n\t\t'width' : 300,\r\n\t\t'params' : {}\r\n\t};\r\n<\/script>\r\n<script type=\"text\/javascript\" src=\"\/\/www.highperformanceformat.com\/c1158f160081d6540a8409e6925dab94\/invoke.js\"><\/script><\/div> <p>Um Zeilen mit VBA zu z\u00e4hlen, m\u00fcssen Sie den Bereich festlegen, aus dem Sie Zeilen z\u00e4hlen m\u00f6chten, und dann die Eigenschaft \u201ecount and rows\u201c verwenden, um die Anzahl der Zeilen aus diesem Bereich abzurufen. Sie k\u00f6nnen eine Schleife auch verwenden, um Zeilen zu z\u00e4hlen, in denen Sie nur Daten haben.<\/p><h2 class=\"wp-block-heading\"> Verwenden Sie VBA, um Zeilen zu z\u00e4hlen<\/h2><ol type=\"1\"><li> Zun\u00e4chst m\u00fcssen Sie den Bereich definieren, f\u00fcr den Sie Zeilen z\u00e4hlen m\u00f6chten.<\/li><li> Anschlie\u00dfend \u00f6ffnen Sie mit einem Punkt (.) die Liste der Eigenschaften und Methoden.<\/li><li> Geben Sie als N\u00e4chstes die Eigenschaft \u201eLinien\u201c ein oder w\u00e4hlen Sie sie aus.<\/li><li> Verwenden Sie am Ende die Eigenschaft \u201eCount\u201c. <\/li><\/ol><div class=\"wp-block-image\"><figure class=\"aligncenter size-large is-resized\"><img loading=\"lazy\" decoding=\"async\" class=\"wp-image-58865\" src=\"https:\/\/exceladvisor.org\/wp-content\/uploads\/2023\/08\/1-vba-pour-compter-les-lignes.png\" sizes=\"auto, \" srcset=\"\" alt=\"vba-zum-Z\u00e4hlen-von-Zeilen\" width=\"422\" height=\"262\"><\/figure><\/div><p> Wenn Sie nun diesen Code ausf\u00fchren, wird die Anzahl der Zeilen zur\u00fcckgegeben. Um die Anzahl zu erhalten, k\u00f6nnen Sie ein <a href=\"https:\/\/exceladvisor.org\/de\/vba-nachrichtenbox\/\">Meldungsfeld<\/a> verwenden oder <a href=\"https:\/\/exceladvisor.org\/de\/zellenwert\/\">diesen Wert auch direkt in eine Zelle eingeben<\/a> .<\/p><pre class=\"wp-block-code\"> <code class=\"language-visual-basic\" lang=\"visual-basic\">Sub vba_count_rows() Range(\"A1:A10\").Rows.Count End Sub<\/code><\/pre><h2 class=\"wp-block-heading\"> Z\u00e4hlen Sie die Zeilen f\u00fcr den verwendeten Bereich<\/h2><pre class=\"wp-block-code\"> <code class=\"language-visual-basic\" lang=\"visual-basic\">Sub vba_count_rows2()   MsgBox Worksheets(\"Sheet1\").UsedRange.Rows.Count End Sub<\/code><\/pre><h2 class=\"wp-block-heading\"> Z\u00e4hlen Sie Zeilen mit Daten mithilfe von VBA<\/h2><p> Sie k\u00f6nnen auch Zeilen mit Daten z\u00e4hlen und leere Zeilen ignorieren. <\/p><div class=\"wp-block-image\"><figure class=\"aligncenter size-large is-resized\"><img loading=\"lazy\" decoding=\"async\" class=\"wp-image-58866\" src=\"https:\/\/exceladvisor.org\/wp-content\/uploads\/2023\/08\/2-lignes-de-comptage-avec-des-donnees-a-laide-de-vba.png\" sizes=\"auto, \" srcset=\"\" alt=\"count-rows-with-data-using-vba\" width=\"627\" height=\"421\"><\/figure><\/div><p> Der folgende Code verwendet den verwendeten Bereich als Schleifenbereich, geht jede Zeile einzeln durch und pr\u00fcft, ob dort eine nicht leere Zelle vorhanden ist. Wenn sie vorhanden ist, wird sie als Zeile mit Daten betrachtet Am Ende wird ein Meldungsfeld mit der Gesamtzahl der Zeilen angezeigt.<\/p><pre class=\"wp-block-code\"> <code class=\"language-visual-basic\" lang=\"visual-basic\">Sub vba_count_rows_with_data() Dim counter As Long Dim iRange As Range With ActiveSheet.UsedRange    'loop through each row from the used range    For Each iRange In .Rows        'check if the row contains a cell with a value        If Application.CountA(iRange) &gt; 0 Then            'counts the number of rows non-empty Cells            counter = counter + 1        End If    Next End With MsgBox \"Number of used rows is \" &amp; counter End Sub<\/code><\/pre><div class=\"gb-container gb-container-4db6181c gb-container-mt\"> <a class=\"gb-button gb-button-c5897111 gb-button-text gb-button-mt-button\" href=\"https:\/\/exceladvisor.org\/de\/vba\/\">Was ist VBA<\/a><h2 class=\"gb-headline gb-headline-665e5f6b gb-headline-text gb-headline-mt-heading\"> Verwandte Tutorials <\/h2><div class=\"gb-grid-wrapper gb-grid-wrapper-a20baf7c gb-grid-wrapper-mt-grid\"><div class=\"gb-grid-column gb-grid-column-65ddf67e\"><div class=\"gb-container gb-container-65ddf67e\"><ul><li> <a href=\"https:\/\/exceladvisor.org\/de\/zeichenschrift\/\">Excel VBA-Schriftart (Farbe, Gr\u00f6\u00dfe, Typ und Fett)<\/a><\/li><li> <a href=\"https:\/\/exceladvisor.org\/de\/spaltenzeile-ausblenden-und-anzeigen\/\">Excel VBA Eine Spalte oder Zeile ein- und ausblenden<\/a><\/li><li> <a href=\"https:\/\/exceladvisor.org\/de\/bereich-1\/\">Excel VBA-Bereich \u2013 Arbeiten mit Bereichen und Zellen<\/a><\/li><li> <a href=\"https:\/\/exceladvisor.org\/de\/grenzen\/\">Wenden Sie mit VBA in Excel Rahmen auf eine Zelle an<\/a><\/li><li> <a href=\"https:\/\/exceladvisor.org\/de\/finden-sie-die-zelle-der-spalte-der-letzten-zeile\/\">Finden Sie die letzte Zeile, Spalte und Zelle mit VBA in Excel<\/a> <\/li><\/ul><\/div><\/div><div class=\"gb-grid-column gb-grid-column-50067b57\"><div class=\"gb-container gb-container-50067b57\"><\/div><\/div><\/div><\/div>","protected":false},"excerpt":{"rendered":"","protected":false},"author":1,"featured_media":0,"parent":0,"menu_order":0,"comment_status":"open","ping_status":"closed","template":"","meta":{"ub_ctt_via":"","footnotes":""},"class_list":["post-3069","page","type-page","status-publish","hentry"],"featured_image_src":null,"yoast_head":"<!-- This site is optimized with the Yoast SEO plugin v25.4 - https:\/\/yoast.com\/wordpress\/plugins\/seo\/ -->\n<title>\u25b7 Wie erstelle ich Zeilen mit VBA in Excel?<\/title>\n<meta name=\"description\" content=\"In diesem Tutorial erfahren Sie, wie Sie mit VBA die Anzahl der Zeilen in Excel aus einem Zellbereich z\u00e4hlen\" \/>\n<meta name=\"robots\" content=\"index, follow, max-snippet:-1, max-image-preview:large, max-video-preview:-1\" \/>\n<link rel=\"canonical\" href=\"https:\/\/exceladvisor.org\/de\/anzahl-der-zeilen\/\" \/>\n<meta property=\"og:locale\" content=\"de_DE\" \/>\n<meta property=\"og:type\" content=\"article\" \/>\n<meta property=\"og:title\" content=\"\u25b7 Wie erstelle ich Zeilen mit VBA in Excel?\" \/>\n<meta property=\"og:description\" content=\"In diesem Tutorial erfahren Sie, wie Sie mit VBA die Anzahl der Zeilen in Excel aus einem Zellbereich z\u00e4hlen\" \/>\n<meta property=\"og:url\" content=\"https:\/\/exceladvisor.org\/de\/anzahl-der-zeilen\/\" \/>\n<meta property=\"og:site_name\" content=\"Excel Advisor\" \/>\n<meta property=\"article:modified_time\" content=\"2023-12-03T11:19:58+00:00\" \/>\n<meta property=\"og:image\" content=\"https:\/\/exceladvisor.org\/wp-content\/uploads\/2023\/08\/1-vba-pour-compter-les-lignes.png\" \/>\n<meta name=\"twitter:card\" content=\"summary_large_image\" \/>\n<meta name=\"twitter:label1\" content=\"Gesch\u00e4tzte Lesezeit\" \/>\n\t<meta name=\"twitter:data1\" content=\"2\u00a0Minuten\" \/>\n<script type=\"application\/ld+json\" class=\"yoast-schema-graph\">{\"@context\":\"https:\/\/schema.org\",\"@graph\":[{\"@type\":\"WebPage\",\"@id\":\"https:\/\/exceladvisor.org\/de\/anzahl-der-zeilen\/\",\"url\":\"https:\/\/exceladvisor.org\/de\/anzahl-der-zeilen\/\",\"name\":\"\u25b7 Wie erstelle ich Zeilen mit VBA in Excel?\",\"isPartOf\":{\"@id\":\"https:\/\/exceladvisor.org\/de\/#website\"},\"primaryImageOfPage\":{\"@id\":\"https:\/\/exceladvisor.org\/de\/anzahl-der-zeilen\/#primaryimage\"},\"image\":{\"@id\":\"https:\/\/exceladvisor.org\/de\/anzahl-der-zeilen\/#primaryimage\"},\"thumbnailUrl\":\"https:\/\/exceladvisor.org\/wp-content\/uploads\/2023\/08\/1-vba-pour-compter-les-lignes.png\",\"datePublished\":\"2023-11-16T11:52:53+00:00\",\"dateModified\":\"2023-12-03T11:19:58+00:00\",\"description\":\"In diesem Tutorial erfahren Sie, wie Sie mit VBA die Anzahl der Zeilen in Excel aus einem Zellbereich z\u00e4hlen\",\"breadcrumb\":{\"@id\":\"https:\/\/exceladvisor.org\/de\/anzahl-der-zeilen\/#breadcrumb\"},\"inLanguage\":\"de\",\"potentialAction\":[{\"@type\":\"ReadAction\",\"target\":[\"https:\/\/exceladvisor.org\/de\/anzahl-der-zeilen\/\"]}]},{\"@type\":\"ImageObject\",\"inLanguage\":\"de\",\"@id\":\"https:\/\/exceladvisor.org\/de\/anzahl-der-zeilen\/#primaryimage\",\"url\":\"https:\/\/exceladvisor.org\/wp-content\/uploads\/2023\/08\/1-vba-pour-compter-les-lignes.png\",\"contentUrl\":\"https:\/\/exceladvisor.org\/wp-content\/uploads\/2023\/08\/1-vba-pour-compter-les-lignes.png\"},{\"@type\":\"BreadcrumbList\",\"@id\":\"https:\/\/exceladvisor.org\/de\/anzahl-der-zeilen\/#breadcrumb\",\"itemListElement\":[{\"@type\":\"ListItem\",\"position\":1,\"name\":\"Accueil\",\"item\":\"https:\/\/exceladvisor.org\/de\/\"},{\"@type\":\"ListItem\",\"position\":2,\"name\":\"Wie erstelle ich zeilen mit vba in excel?\"}]},{\"@type\":\"WebSite\",\"@id\":\"https:\/\/exceladvisor.org\/de\/#website\",\"url\":\"https:\/\/exceladvisor.org\/de\/\",\"name\":\"Excel Advisor\",\"description\":\"Ihr Leitfaden zur Datendominanz\",\"publisher\":{\"@id\":\"https:\/\/exceladvisor.org\/de\/#organization\"},\"potentialAction\":[{\"@type\":\"SearchAction\",\"target\":{\"@type\":\"EntryPoint\",\"urlTemplate\":\"https:\/\/exceladvisor.org\/de\/?s={search_term_string}\"},\"query-input\":{\"@type\":\"PropertyValueSpecification\",\"valueRequired\":true,\"valueName\":\"search_term_string\"}}],\"inLanguage\":\"de\"},{\"@type\":\"Organization\",\"@id\":\"https:\/\/exceladvisor.org\/de\/#organization\",\"name\":\"Excel Advisor\",\"url\":\"https:\/\/exceladvisor.org\/de\/\",\"logo\":{\"@type\":\"ImageObject\",\"inLanguage\":\"de\",\"@id\":\"https:\/\/exceladvisor.org\/de\/#\/schema\/logo\/image\/\",\"url\":\"https:\/\/exceladvisor.org\/de\/wp-content\/uploads\/2023\/11\/exceladvisor.org_.png\",\"contentUrl\":\"https:\/\/exceladvisor.org\/de\/wp-content\/uploads\/2023\/11\/exceladvisor.org_.png\",\"width\":105,\"height\":36,\"caption\":\"Excel Advisor\"},\"image\":{\"@id\":\"https:\/\/exceladvisor.org\/de\/#\/schema\/logo\/image\/\"}}]}<\/script>\n<!-- \/ Yoast SEO plugin. -->","yoast_head_json":{"title":"\u25b7 Wie erstelle ich Zeilen mit VBA in Excel?","description":"In diesem Tutorial erfahren Sie, wie Sie mit VBA die Anzahl der Zeilen in Excel aus einem Zellbereich z\u00e4hlen","robots":{"index":"index","follow":"follow","max-snippet":"max-snippet:-1","max-image-preview":"max-image-preview:large","max-video-preview":"max-video-preview:-1"},"canonical":"https:\/\/exceladvisor.org\/de\/anzahl-der-zeilen\/","og_locale":"de_DE","og_type":"article","og_title":"\u25b7 Wie erstelle ich Zeilen mit VBA in Excel?","og_description":"In diesem Tutorial erfahren Sie, wie Sie mit VBA die Anzahl der Zeilen in Excel aus einem Zellbereich z\u00e4hlen","og_url":"https:\/\/exceladvisor.org\/de\/anzahl-der-zeilen\/","og_site_name":"Excel Advisor","article_modified_time":"2023-12-03T11:19:58+00:00","og_image":[{"url":"https:\/\/exceladvisor.org\/wp-content\/uploads\/2023\/08\/1-vba-pour-compter-les-lignes.png","type":"","width":"","height":""}],"twitter_card":"summary_large_image","twitter_misc":{"Gesch\u00e4tzte Lesezeit":"2\u00a0Minuten"},"schema":{"@context":"https:\/\/schema.org","@graph":[{"@type":"WebPage","@id":"https:\/\/exceladvisor.org\/de\/anzahl-der-zeilen\/","url":"https:\/\/exceladvisor.org\/de\/anzahl-der-zeilen\/","name":"\u25b7 Wie erstelle ich Zeilen mit VBA in Excel?","isPartOf":{"@id":"https:\/\/exceladvisor.org\/de\/#website"},"primaryImageOfPage":{"@id":"https:\/\/exceladvisor.org\/de\/anzahl-der-zeilen\/#primaryimage"},"image":{"@id":"https:\/\/exceladvisor.org\/de\/anzahl-der-zeilen\/#primaryimage"},"thumbnailUrl":"https:\/\/exceladvisor.org\/wp-content\/uploads\/2023\/08\/1-vba-pour-compter-les-lignes.png","datePublished":"2023-11-16T11:52:53+00:00","dateModified":"2023-12-03T11:19:58+00:00","description":"In diesem Tutorial erfahren Sie, wie Sie mit VBA die Anzahl der Zeilen in Excel aus einem Zellbereich z\u00e4hlen","breadcrumb":{"@id":"https:\/\/exceladvisor.org\/de\/anzahl-der-zeilen\/#breadcrumb"},"inLanguage":"de","potentialAction":[{"@type":"ReadAction","target":["https:\/\/exceladvisor.org\/de\/anzahl-der-zeilen\/"]}]},{"@type":"ImageObject","inLanguage":"de","@id":"https:\/\/exceladvisor.org\/de\/anzahl-der-zeilen\/#primaryimage","url":"https:\/\/exceladvisor.org\/wp-content\/uploads\/2023\/08\/1-vba-pour-compter-les-lignes.png","contentUrl":"https:\/\/exceladvisor.org\/wp-content\/uploads\/2023\/08\/1-vba-pour-compter-les-lignes.png"},{"@type":"BreadcrumbList","@id":"https:\/\/exceladvisor.org\/de\/anzahl-der-zeilen\/#breadcrumb","itemListElement":[{"@type":"ListItem","position":1,"name":"Accueil","item":"https:\/\/exceladvisor.org\/de\/"},{"@type":"ListItem","position":2,"name":"Wie erstelle ich zeilen mit vba in excel?"}]},{"@type":"WebSite","@id":"https:\/\/exceladvisor.org\/de\/#website","url":"https:\/\/exceladvisor.org\/de\/","name":"Excel Advisor","description":"Ihr Leitfaden zur Datendominanz","publisher":{"@id":"https:\/\/exceladvisor.org\/de\/#organization"},"potentialAction":[{"@type":"SearchAction","target":{"@type":"EntryPoint","urlTemplate":"https:\/\/exceladvisor.org\/de\/?s={search_term_string}"},"query-input":{"@type":"PropertyValueSpecification","valueRequired":true,"valueName":"search_term_string"}}],"inLanguage":"de"},{"@type":"Organization","@id":"https:\/\/exceladvisor.org\/de\/#organization","name":"Excel Advisor","url":"https:\/\/exceladvisor.org\/de\/","logo":{"@type":"ImageObject","inLanguage":"de","@id":"https:\/\/exceladvisor.org\/de\/#\/schema\/logo\/image\/","url":"https:\/\/exceladvisor.org\/de\/wp-content\/uploads\/2023\/11\/exceladvisor.org_.png","contentUrl":"https:\/\/exceladvisor.org\/de\/wp-content\/uploads\/2023\/11\/exceladvisor.org_.png","width":105,"height":36,"caption":"Excel Advisor"},"image":{"@id":"https:\/\/exceladvisor.org\/de\/#\/schema\/logo\/image\/"}}]}},"yoast_meta":{"yoast_wpseo_title":"","yoast_wpseo_metadesc":"","yoast_wpseo_canonical":""},"_links":{"self":[{"href":"https:\/\/exceladvisor.org\/de\/wp-json\/wp\/v2\/pages\/3069","targetHints":{"allow":["GET"]}}],"collection":[{"href":"https:\/\/exceladvisor.org\/de\/wp-json\/wp\/v2\/pages"}],"about":[{"href":"https:\/\/exceladvisor.org\/de\/wp-json\/wp\/v2\/types\/page"}],"author":[{"embeddable":true,"href":"https:\/\/exceladvisor.org\/de\/wp-json\/wp\/v2\/users\/1"}],"replies":[{"embeddable":true,"href":"https:\/\/exceladvisor.org\/de\/wp-json\/wp\/v2\/comments?post=3069"}],"version-history":[{"count":1,"href":"https:\/\/exceladvisor.org\/de\/wp-json\/wp\/v2\/pages\/3069\/revisions"}],"predecessor-version":[{"id":3979,"href":"https:\/\/exceladvisor.org\/de\/wp-json\/wp\/v2\/pages\/3069\/revisions\/3979"}],"wp:attachment":[{"href":"https:\/\/exceladvisor.org\/de\/wp-json\/wp\/v2\/media?parent=3069"}],"curies":[{"name":"wp","href":"https:\/\/api.w.org\/{rel}","templated":true}]}}