{"id":3070,"date":"2023-11-16T10:10:02","date_gmt":"2023-11-16T10:10:02","guid":{"rendered":"https:\/\/exceladvisor.org\/de\/fugen-sie-der-zeit-minuten-hinzu\/"},"modified":"2023-12-03T11:13:25","modified_gmt":"2023-12-03T11:13:25","slug":"fugen-sie-der-zeit-minuten-hinzu","status":"publish","type":"page","link":"https:\/\/exceladvisor.org\/de\/fugen-sie-der-zeit-minuten-hinzu\/","title":{"rendered":"Wie addiere ich minuten zur zeit?"},"content":{"rendered":"<div class=\"excel-vor-dem-inhalt\" id=\"excel-3919238937\"><script type=\"text\/javascript\">\r\n\tatOptions = {\r\n\t\t'key' : 'c1158f160081d6540a8409e6925dab94',\r\n\t\t'format' : 'iframe',\r\n\t\t'height' : 250,\r\n\t\t'width' : 300,\r\n\t\t'params' : {}\r\n\t};\r\n<\/script>\r\n<script type=\"text\/javascript\" src=\"\/\/www.highperformanceformat.com\/c1158f160081d6540a8409e6925dab94\/invoke.js\"><\/script><\/div> <p>Es kann vorkommen, dass Sie bestimmte Minuten zu einer Zeit hinzuf\u00fcgen m\u00fcssen, die Sie bereits in einer Zelle in Excel haben.<\/p><p> In Excel wird die Zeit als Bruchteil eines numerischen Werts gespeichert. Ein voller 24-Stunden-Tag ist also gleich 1. Und in diesem Tutorial erfahren wir, wie man das mithilfe einer Formel macht.<\/p><h2 class=\"wp-block-heading\"> F\u00fcgen Sie der Zeit Minuten hinzu<\/h2><p> Stellen Sie sich das jetzt so vor: Ein Tag hat (24*60) insgesamt 1440 Minuten. Wenn Sie also eine Minute zu einem Zeitwert hinzuf\u00fcgen m\u00f6chten, w\u00e4re dies (1\/1440). Im folgenden Beispiel haben Sie in Zelle A1 die Uhrzeit 00:01. <\/p><div class=\"wp-block-image\"><figure class=\"aligncenter size-full is-resized\"><img loading=\"lazy\" decoding=\"async\" class=\"wp-image-64234\" src=\"https:\/\/exceladvisor.org\/wp-content\/uploads\/2023\/08\/1-ajouter-des-minutes-au-temps.png\" sizes=\"auto, \" srcset=\"\" alt=\"Minuten zur Zeit hinzuf\u00fcgen\" width=\"393\" height=\"225\"><\/figure><\/div><pre class=\"wp-block-code\"> <code class=\"language-excel-formula\" lang=\"excel-formula\">=A1+(10\/1440)<\/code><\/pre><p> In Zelle B1 haben wir (1\/1440) Minuten zum Wert in Zelle A1 addiert und erhalten 00:02. Nehmen wir nun an, Sie m\u00f6chten eine neue Minute (zehn Minuten) hinzuf\u00fcgen. In diesem Fall m\u00fcssen Sie (10\/1440) zum Zeitwert hinzuf\u00fcgen. Sehen Sie sich zum Verst\u00e4ndnis das folgende Beispiel an. <\/p><div class=\"wp-block-image\"><figure class=\"aligncenter size-full is-resized\"><img loading=\"lazy\" decoding=\"async\" class=\"wp-image-64235\" src=\"https:\/\/exceladvisor.org\/wp-content\/uploads\/2023\/08\/2-ajouter-plus-dune-minute.png\" sizes=\"auto, \" srcset=\"\" alt=\"mehr als eine Minute hinzuf\u00fcgen\" width=\"392\" height=\"245\"><\/figure><\/div><h2 class=\"wp-block-heading\"> Verwenden Sie die TIME-Funktion, um Zeit hinzuzuf\u00fcgen<\/h2><p> Sie k\u00f6nnen auch die TIME-Funktion verwenden, um Minuten zu einer Stunde hinzuzuf\u00fcgen. Die Verwendung dieser Methode hat gegen\u00fcber der vorherigen Methode einen Vorteil: Sie m\u00fcssen keine Minuten berechnen.<\/p><p> Mit der Zeitfunktion k\u00f6nnen Sie Minuten als Zahl im Argument hinzuf\u00fcgen. Wenn Sie also 15 Minuten oder 30 Minuten hinzuf\u00fcgen m\u00f6chten, k\u00f6nnen Sie diese einfach in die Funktion eingeben.<\/p><p> Es gibt drei Argumente in der TIME-Funktion und Sie m\u00fcssen die Minutenwerte im zweiten Argument angeben. <\/p><div class=\"wp-block-image\"><figure class=\"aligncenter size-full is-resized\"><img loading=\"lazy\" decoding=\"async\" class=\"wp-image-64236\" src=\"https:\/\/exceladvisor.org\/wp-content\/uploads\/2023\/08\/Fonction-3-temps-pour-ajouter-du-temps.png\" sizes=\"auto, \" srcset=\"\" alt=\"Zeitfunktion zum Hinzuf\u00fcgen von Zeit\" width=\"319\" height=\"151\"><\/figure><\/div><p> Nehmen wir zum Verst\u00e4ndnis ein Beispiel. <\/p><div class=\"wp-block-image\"><figure class=\"aligncenter size-full is-resized\"><img loading=\"lazy\" decoding=\"async\" class=\"wp-image-64237\" src=\"https:\/\/exceladvisor.org\/wp-content\/uploads\/2023\/08\/Exemple-de-fonction-4-temps.png\" sizes=\"auto, \" srcset=\"\" alt=\"Beispiel einer Zeitfunktion\" width=\"439\" height=\"242\"><\/figure><\/div><p> Sie haben in Zelle A1 die Zeit 00:01, und mit der Zeitfunktion haben wir 15 Minuten zum Addieren angegeben, und im Ergebnis haben wir 00:16. <\/p><div class=\"gb-container gb-container-52dfcee1 gb-container-sample-file\"><h2 class=\"gb-headline gb-headline-e289c143 gb-headline-text gb-headline-4f7959c2\"> Holen Sie sich die Excel-Datei<\/h2><p> <a class=\"gb-button gb-button-e88d6bee gb-button-text gb-button-button1\" href=\"https:\/\/exceladvisor.org\/wp-content\/uploads\/2023\/11\/ajouter-des-minutes-au-temps-2.xlsx\" rel=\"nofollow\">Herunterladen<\/a> <\/p><\/div><div class=\"wp-block-group more-tutorials is-layout-flow\"><div class=\"wp-block-group__inner-container\"><h2 class=\"wp-block-heading\"> Weitere Formeln <\/h2><div class=\"wp-block-columns is-layout-flex wp-container-11\"><div class=\"wp-block-column is-layout-flow\"><ul><li> <a href=\"https:\/\/exceladvisor.org\/de\/fugen-sie-stunden-hinzu\/\">Addieren Sie Stunden zur Zeit in Excel<\/a><\/li><li> <a href=\"https:\/\/exceladvisor.org\/de\/zeitunterschied-berechnen\/\">Differenz zwischen zwei Zeiten in Excel<\/a><\/li><li> <a href=\"https:\/\/exceladvisor.org\/de\/zeitformat-andern\/\">Zeitformat in Excel \u00e4ndern<\/a><\/li><li> <a href=\"https:\/\/exceladvisor.org\/de\/wehrdienst\/\">Milit\u00e4rzeit (erhalten und subtrahieren) in Excel<\/a><\/li><li> <a href=\"https:\/\/exceladvisor.org\/de\/separates-datum-und-uhrzeit-2\/\">Separates Datum und Uhrzeit in Excel<\/a><\/li><\/ul><\/div><\/div><\/div><\/div>","protected":false},"excerpt":{"rendered":"","protected":false},"author":1,"featured_media":0,"parent":0,"menu_order":0,"comment_status":"open","ping_status":"closed","template":"","meta":{"ub_ctt_via":"","footnotes":""},"class_list":["post-3070","page","type-page","status-publish","hentry"],"featured_image_src":null,"yoast_head":"<!-- This site is optimized with the Yoast SEO plugin v25.4 - https:\/\/yoast.com\/wordpress\/plugins\/seo\/ -->\n<title>\u25b7 Wie addiere ich Minuten zur Zeit in Excel?<\/title>\n<meta name=\"description\" content=\"In diesem Formel-Tutorial lernen Sie alle Methoden kennen, mit denen Sie Minuten zum Zeitwert in Excel hinzuf\u00fcgen k\u00f6nnen\" \/>\n<meta name=\"robots\" content=\"index, follow, max-snippet:-1, max-image-preview:large, max-video-preview:-1\" \/>\n<link rel=\"canonical\" href=\"https:\/\/exceladvisor.org\/de\/fugen-sie-der-zeit-minuten-hinzu\/\" \/>\n<meta property=\"og:locale\" content=\"de_DE\" \/>\n<meta property=\"og:type\" content=\"article\" \/>\n<meta property=\"og:title\" content=\"\u25b7 Wie addiere ich Minuten zur Zeit in Excel?\" \/>\n<meta property=\"og:description\" content=\"In diesem Formel-Tutorial lernen Sie alle Methoden kennen, mit denen Sie Minuten zum Zeitwert in Excel hinzuf\u00fcgen k\u00f6nnen\" \/>\n<meta property=\"og:url\" content=\"https:\/\/exceladvisor.org\/de\/fugen-sie-der-zeit-minuten-hinzu\/\" \/>\n<meta property=\"og:site_name\" content=\"Excel Advisor\" \/>\n<meta property=\"article:modified_time\" content=\"2023-12-03T11:13:25+00:00\" \/>\n<meta property=\"og:image\" content=\"https:\/\/exceladvisor.org\/wp-content\/uploads\/2023\/08\/1-ajouter-des-minutes-au-temps.png\" \/>\n<meta name=\"twitter:card\" content=\"summary_large_image\" \/>\n<meta name=\"twitter:label1\" content=\"Gesch\u00e4tzte Lesezeit\" \/>\n\t<meta name=\"twitter:data1\" content=\"2\u00a0Minuten\" \/>\n<script type=\"application\/ld+json\" class=\"yoast-schema-graph\">{\"@context\":\"https:\/\/schema.org\",\"@graph\":[{\"@type\":\"WebPage\",\"@id\":\"https:\/\/exceladvisor.org\/de\/fugen-sie-der-zeit-minuten-hinzu\/\",\"url\":\"https:\/\/exceladvisor.org\/de\/fugen-sie-der-zeit-minuten-hinzu\/\",\"name\":\"\u25b7 Wie addiere ich Minuten zur Zeit in Excel?\",\"isPartOf\":{\"@id\":\"https:\/\/exceladvisor.org\/de\/#website\"},\"primaryImageOfPage\":{\"@id\":\"https:\/\/exceladvisor.org\/de\/fugen-sie-der-zeit-minuten-hinzu\/#primaryimage\"},\"image\":{\"@id\":\"https:\/\/exceladvisor.org\/de\/fugen-sie-der-zeit-minuten-hinzu\/#primaryimage\"},\"thumbnailUrl\":\"https:\/\/exceladvisor.org\/wp-content\/uploads\/2023\/08\/1-ajouter-des-minutes-au-temps.png\",\"datePublished\":\"2023-11-16T10:10:02+00:00\",\"dateModified\":\"2023-12-03T11:13:25+00:00\",\"description\":\"In diesem Formel-Tutorial lernen Sie alle Methoden kennen, mit denen Sie Minuten zum Zeitwert in Excel hinzuf\u00fcgen k\u00f6nnen\",\"breadcrumb\":{\"@id\":\"https:\/\/exceladvisor.org\/de\/fugen-sie-der-zeit-minuten-hinzu\/#breadcrumb\"},\"inLanguage\":\"de\",\"potentialAction\":[{\"@type\":\"ReadAction\",\"target\":[\"https:\/\/exceladvisor.org\/de\/fugen-sie-der-zeit-minuten-hinzu\/\"]}]},{\"@type\":\"ImageObject\",\"inLanguage\":\"de\",\"@id\":\"https:\/\/exceladvisor.org\/de\/fugen-sie-der-zeit-minuten-hinzu\/#primaryimage\",\"url\":\"https:\/\/exceladvisor.org\/wp-content\/uploads\/2023\/08\/1-ajouter-des-minutes-au-temps.png\",\"contentUrl\":\"https:\/\/exceladvisor.org\/wp-content\/uploads\/2023\/08\/1-ajouter-des-minutes-au-temps.png\"},{\"@type\":\"BreadcrumbList\",\"@id\":\"https:\/\/exceladvisor.org\/de\/fugen-sie-der-zeit-minuten-hinzu\/#breadcrumb\",\"itemListElement\":[{\"@type\":\"ListItem\",\"position\":1,\"name\":\"Accueil\",\"item\":\"https:\/\/exceladvisor.org\/de\/\"},{\"@type\":\"ListItem\",\"position\":2,\"name\":\"Wie addiere ich minuten zur zeit?\"}]},{\"@type\":\"WebSite\",\"@id\":\"https:\/\/exceladvisor.org\/de\/#website\",\"url\":\"https:\/\/exceladvisor.org\/de\/\",\"name\":\"Excel Advisor\",\"description\":\"Ihr Leitfaden zur Datendominanz\",\"publisher\":{\"@id\":\"https:\/\/exceladvisor.org\/de\/#organization\"},\"potentialAction\":[{\"@type\":\"SearchAction\",\"target\":{\"@type\":\"EntryPoint\",\"urlTemplate\":\"https:\/\/exceladvisor.org\/de\/?s={search_term_string}\"},\"query-input\":{\"@type\":\"PropertyValueSpecification\",\"valueRequired\":true,\"valueName\":\"search_term_string\"}}],\"inLanguage\":\"de\"},{\"@type\":\"Organization\",\"@id\":\"https:\/\/exceladvisor.org\/de\/#organization\",\"name\":\"Excel Advisor\",\"url\":\"https:\/\/exceladvisor.org\/de\/\",\"logo\":{\"@type\":\"ImageObject\",\"inLanguage\":\"de\",\"@id\":\"https:\/\/exceladvisor.org\/de\/#\/schema\/logo\/image\/\",\"url\":\"https:\/\/exceladvisor.org\/de\/wp-content\/uploads\/2023\/11\/exceladvisor.org_.png\",\"contentUrl\":\"https:\/\/exceladvisor.org\/de\/wp-content\/uploads\/2023\/11\/exceladvisor.org_.png\",\"width\":105,\"height\":36,\"caption\":\"Excel Advisor\"},\"image\":{\"@id\":\"https:\/\/exceladvisor.org\/de\/#\/schema\/logo\/image\/\"}}]}<\/script>\n<!-- \/ Yoast SEO plugin. -->","yoast_head_json":{"title":"\u25b7 Wie addiere ich Minuten zur Zeit in Excel?","description":"In diesem Formel-Tutorial lernen Sie alle Methoden kennen, mit denen Sie Minuten zum Zeitwert in Excel hinzuf\u00fcgen k\u00f6nnen","robots":{"index":"index","follow":"follow","max-snippet":"max-snippet:-1","max-image-preview":"max-image-preview:large","max-video-preview":"max-video-preview:-1"},"canonical":"https:\/\/exceladvisor.org\/de\/fugen-sie-der-zeit-minuten-hinzu\/","og_locale":"de_DE","og_type":"article","og_title":"\u25b7 Wie addiere ich Minuten zur Zeit in Excel?","og_description":"In diesem Formel-Tutorial lernen Sie alle Methoden kennen, mit denen Sie Minuten zum Zeitwert in Excel hinzuf\u00fcgen k\u00f6nnen","og_url":"https:\/\/exceladvisor.org\/de\/fugen-sie-der-zeit-minuten-hinzu\/","og_site_name":"Excel Advisor","article_modified_time":"2023-12-03T11:13:25+00:00","og_image":[{"url":"https:\/\/exceladvisor.org\/wp-content\/uploads\/2023\/08\/1-ajouter-des-minutes-au-temps.png","type":"","width":"","height":""}],"twitter_card":"summary_large_image","twitter_misc":{"Gesch\u00e4tzte Lesezeit":"2\u00a0Minuten"},"schema":{"@context":"https:\/\/schema.org","@graph":[{"@type":"WebPage","@id":"https:\/\/exceladvisor.org\/de\/fugen-sie-der-zeit-minuten-hinzu\/","url":"https:\/\/exceladvisor.org\/de\/fugen-sie-der-zeit-minuten-hinzu\/","name":"\u25b7 Wie addiere ich Minuten zur Zeit in Excel?","isPartOf":{"@id":"https:\/\/exceladvisor.org\/de\/#website"},"primaryImageOfPage":{"@id":"https:\/\/exceladvisor.org\/de\/fugen-sie-der-zeit-minuten-hinzu\/#primaryimage"},"image":{"@id":"https:\/\/exceladvisor.org\/de\/fugen-sie-der-zeit-minuten-hinzu\/#primaryimage"},"thumbnailUrl":"https:\/\/exceladvisor.org\/wp-content\/uploads\/2023\/08\/1-ajouter-des-minutes-au-temps.png","datePublished":"2023-11-16T10:10:02+00:00","dateModified":"2023-12-03T11:13:25+00:00","description":"In diesem Formel-Tutorial lernen Sie alle Methoden kennen, mit denen Sie Minuten zum Zeitwert in Excel hinzuf\u00fcgen k\u00f6nnen","breadcrumb":{"@id":"https:\/\/exceladvisor.org\/de\/fugen-sie-der-zeit-minuten-hinzu\/#breadcrumb"},"inLanguage":"de","potentialAction":[{"@type":"ReadAction","target":["https:\/\/exceladvisor.org\/de\/fugen-sie-der-zeit-minuten-hinzu\/"]}]},{"@type":"ImageObject","inLanguage":"de","@id":"https:\/\/exceladvisor.org\/de\/fugen-sie-der-zeit-minuten-hinzu\/#primaryimage","url":"https:\/\/exceladvisor.org\/wp-content\/uploads\/2023\/08\/1-ajouter-des-minutes-au-temps.png","contentUrl":"https:\/\/exceladvisor.org\/wp-content\/uploads\/2023\/08\/1-ajouter-des-minutes-au-temps.png"},{"@type":"BreadcrumbList","@id":"https:\/\/exceladvisor.org\/de\/fugen-sie-der-zeit-minuten-hinzu\/#breadcrumb","itemListElement":[{"@type":"ListItem","position":1,"name":"Accueil","item":"https:\/\/exceladvisor.org\/de\/"},{"@type":"ListItem","position":2,"name":"Wie addiere ich minuten zur zeit?"}]},{"@type":"WebSite","@id":"https:\/\/exceladvisor.org\/de\/#website","url":"https:\/\/exceladvisor.org\/de\/","name":"Excel Advisor","description":"Ihr Leitfaden zur Datendominanz","publisher":{"@id":"https:\/\/exceladvisor.org\/de\/#organization"},"potentialAction":[{"@type":"SearchAction","target":{"@type":"EntryPoint","urlTemplate":"https:\/\/exceladvisor.org\/de\/?s={search_term_string}"},"query-input":{"@type":"PropertyValueSpecification","valueRequired":true,"valueName":"search_term_string"}}],"inLanguage":"de"},{"@type":"Organization","@id":"https:\/\/exceladvisor.org\/de\/#organization","name":"Excel Advisor","url":"https:\/\/exceladvisor.org\/de\/","logo":{"@type":"ImageObject","inLanguage":"de","@id":"https:\/\/exceladvisor.org\/de\/#\/schema\/logo\/image\/","url":"https:\/\/exceladvisor.org\/de\/wp-content\/uploads\/2023\/11\/exceladvisor.org_.png","contentUrl":"https:\/\/exceladvisor.org\/de\/wp-content\/uploads\/2023\/11\/exceladvisor.org_.png","width":105,"height":36,"caption":"Excel Advisor"},"image":{"@id":"https:\/\/exceladvisor.org\/de\/#\/schema\/logo\/image\/"}}]}},"yoast_meta":{"yoast_wpseo_title":"","yoast_wpseo_metadesc":"","yoast_wpseo_canonical":""},"_links":{"self":[{"href":"https:\/\/exceladvisor.org\/de\/wp-json\/wp\/v2\/pages\/3070","targetHints":{"allow":["GET"]}}],"collection":[{"href":"https:\/\/exceladvisor.org\/de\/wp-json\/wp\/v2\/pages"}],"about":[{"href":"https:\/\/exceladvisor.org\/de\/wp-json\/wp\/v2\/types\/page"}],"author":[{"embeddable":true,"href":"https:\/\/exceladvisor.org\/de\/wp-json\/wp\/v2\/users\/1"}],"replies":[{"embeddable":true,"href":"https:\/\/exceladvisor.org\/de\/wp-json\/wp\/v2\/comments?post=3070"}],"version-history":[{"count":1,"href":"https:\/\/exceladvisor.org\/de\/wp-json\/wp\/v2\/pages\/3070\/revisions"}],"predecessor-version":[{"id":3833,"href":"https:\/\/exceladvisor.org\/de\/wp-json\/wp\/v2\/pages\/3070\/revisions\/3833"}],"wp:attachment":[{"href":"https:\/\/exceladvisor.org\/de\/wp-json\/wp\/v2\/media?parent=3070"}],"curies":[{"name":"wp","href":"https:\/\/api.w.org\/{rel}","templated":true}]}}