{"id":3071,"date":"2023-11-16T09:57:07","date_gmt":"2023-11-16T09:57:07","guid":{"rendered":"https:\/\/exceladvisor.org\/de\/datumsbereich\/"},"modified":"2023-12-03T11:19:52","modified_gmt":"2023-12-03T11:19:52","slug":"datumsbereich","status":"publish","type":"page","link":"https:\/\/exceladvisor.org\/de\/datumsbereich\/","title":{"rendered":"Wie erstelle ich einen datumsbereich in excel?"},"content":{"rendered":"<div class=\"excel-vor-dem-inhalt\" id=\"excel-752017614\"><script type=\"text\/javascript\">\r\n\tatOptions = {\r\n\t\t'key' : 'c1158f160081d6540a8409e6925dab94',\r\n\t\t'format' : 'iframe',\r\n\t\t'height' : 250,\r\n\t\t'width' : 300,\r\n\t\t'params' : {}\r\n\t};\r\n<\/script>\r\n<script type=\"text\/javascript\" src=\"\/\/www.highperformanceformat.com\/c1158f160081d6540a8409e6925dab94\/invoke.js\"><\/script><\/div> <p>Wenn Sie mit Daten arbeiten, die Datumsangaben enthalten, m\u00fcssen Sie m\u00f6glicherweise einen Datumsbereich erstellen. Ein Bereich hat ein Startdatum und ein Enddatum. In diesem Tutorial erfahren Sie, wie Sie einen Datumsbereich erstellen.<\/p><h2 class=\"wp-block-heading\"> Erstellen Sie einen Datumsbereich ab heute<\/h2><p> Nehmen wir nun an, Sie m\u00f6chten einen Datumsbereich in sieben Tagen ab heute erstellen. Im folgenden Beispiel haben wir in Zelle A1 das heutige Datum, das wir mit der Funktion \u201eHeute\u201c ermittelt haben. <\/p><div class=\"wp-block-image\"><figure class=\"aligncenter size-full is-resized\"><img loading=\"lazy\" decoding=\"async\" class=\"wp-image-64220\" src=\"https:\/\/exceladvisor.org\/wp-content\/uploads\/2023\/08\/1-plage-de-dates-a-partir-daujourdhui.png\" sizes=\"auto, \" srcset=\"\" alt=\"Datumsbereich von heute\" width=\"387\" height=\"284\"><\/figure><\/div><pre class=\"wp-block-code\"> <code class=\"language-excel-formula\" lang=\"excel-formula\">=A1+7<\/code><\/pre><p> Um einen Datumsbereich zu erstellen, befolgen Sie diese einfachen Schritte:<\/p><ol type=\"1\"><li> Geben Sie das \u201e=\u201c in Zelle B1 oder eine andere Zelle ein.<\/li><li> Sehen Sie sich Zelle A1 an, wo Sie das Startdatum des Bereichs haben.<\/li><li> Verwenden Sie das \u201e+\u201c-Zeichen, um Tage zum heutigen Datum hinzuzuf\u00fcgen.<\/li><li> Geben Sie die Anzahl der Tage an, die Sie zum heutigen Datum hinzuf\u00fcgen m\u00f6chten. <\/li><\/ol><div class=\"wp-block-image\"><figure class=\"aligncenter size-full is-resized\"><img loading=\"lazy\" decoding=\"async\" class=\"wp-image-64221\" src=\"https:\/\/exceladvisor.org\/wp-content\/uploads\/2023\/08\/2-creer-une-plage-de-dates.png\" sizes=\"auto, \" srcset=\"\" alt=\"Erstellen Sie einen Datumsbereich\" width=\"395\" height=\"239\"><\/figure><\/div><h2 class=\"wp-block-heading\"> Erstellen Sie einen Datumsbereich in einer einzelnen Zelle<\/h2><p> Gehen wir noch einen Schritt weiter und erstellen einen Datumsbereich in einer einzelnen Zelle. Und dazu m\u00fcssen wir sowohl das Startdatum als auch das Enddatum in einer einzigen Zelle kombinieren. Das Problem besteht jedoch darin, dass beim Versuch, zwei Datumsangaben in einer einzelnen Zelle zu kombinieren, etwas wie das Folgende zur\u00fcckgegeben wird. <\/p><div class=\"wp-block-image\"><figure class=\"aligncenter size-full is-resized\"><img loading=\"lazy\" decoding=\"async\" class=\"wp-image-64222\" src=\"https:\/\/exceladvisor.org\/wp-content\/uploads\/2023\/08\/3-creer-une-plage-de-dates-dans-une-seule-cellule.png\" sizes=\"auto, \" srcset=\"\" alt=\"Erstellen Sie einen Datumsbereich in einer einzelnen Zelle\" width=\"452\" height=\"242\"><\/figure><\/div><p> Um dieses Problem zu l\u00f6sen, m\u00fcssen wir nun die TEXT-Funktion verwenden, um die Datumsangaben in Text umzuwandeln und sie dann in einem Datumsbereich zu kombinieren. Die Formel w\u00fcrde in etwa wie folgt aussehen. <\/p><div class=\"wp-block-image\"><figure class=\"aligncenter size-full is-resized\"><img loading=\"lazy\" decoding=\"async\" class=\"wp-image-64224\" src=\"https:\/\/exceladvisor.org\/wp-content\/uploads\/2023\/08\/4-fonction-de-texte-pour-la-plage-de-dates.png\" sizes=\"auto, \" srcset=\"\" alt=\"Textfunktion f\u00fcr Datumsbereich\" width=\"626\" height=\"268\"><\/figure><\/div><pre class=\"wp-block-code\"> <code class=\"language-excel-formula\" lang=\"excel-formula\">=TEXT(A1,\"dd\/mmm\/yy\")&amp;\" --- \"&amp;TEXT(B1,\"dd\/mmm\/yy\")<\/code><\/pre><p> Wie Sie sehen, haben wir nun in Zelle C1 einen Datumsbereich vom 8. 22. Februar bis zum 15. 22. Februar. Und wenn Sie einen Datumsbereich in einer einzelnen Zelle erstellen m\u00f6chten, k\u00f6nnen Sie die folgende Formel verwenden.<\/p><pre class=\"wp-block-code\"> <code class=\"language-excel-formula\" lang=\"excel-formula\">=TEXT(TODAY(),\"dd\/mmm\/yy\")&amp;\" --- \"&amp;TEXT(A1+7,\"dd\/mmm\/yy\")<\/code><\/pre><p> Im Teil \u00fcber die Verwendung der TEXT-Funktion k\u00f6nnen Sie das Datumsformat nach Ihren W\u00fcnschen \u00e4ndern. <\/p><div class=\"gb-container gb-container-52dfcee1 gb-container-sample-file\"><h2 class=\"gb-headline gb-headline-e289c143 gb-headline-text gb-headline-4f7959c2\"> Holen Sie sich die Excel-Datei<\/h2> <a class=\"gb-button gb-button-e88d6bee gb-button-text gb-button-button1\" href=\"https:\/\/exceladvisor.org\/wp-content\/uploads\/2023\/08\/creer-une-plage-de-dates.xlsx\" rel=\"nofollow\">Herunterladen<\/a><\/div><div class=\"gb-container gb-container-0df56012 gb-container-mt\"> <a class=\"gb-button gb-button-f9f432f4 gb-button-text gb-button-mt-button\" href=\"https:\/\/exceladvisor.org\/de\/formeln\/\">Liste der Excel-Formeln<\/a><h2 class=\"gb-headline gb-headline-233444e8 gb-headline-text gb-headline-mt-heading\"> Verwandte Formeln <\/h2><div class=\"gb-grid-wrapper gb-grid-wrapper-a16fa65c gb-grid-wrapper-mt-grid\"><div class=\"gb-grid-column gb-grid-column-50d07e0d\"><div class=\"gb-container gb-container-50d07e0d\"><ul><li> <a href=\"https:\/\/exceladvisor.org\/de\/vergleichen-sie-zwei-daten\/\">Vergleichen Sie zwei Daten in Excel<\/a><\/li><li> <a href=\"https:\/\/exceladvisor.org\/de\/datum-in-zahl-umwandeln\/\">Konvertieren Sie ein Datum in eine Zahl in Excel<\/a><\/li><li> <a href=\"https:\/\/exceladvisor.org\/de\/text-bis-heute\/\">Konvertieren Sie Text in Excel in ein Datum<\/a><\/li><li> <a href=\"https:\/\/exceladvisor.org\/de\/benutzerdefinierte-datumsformate\/\">Benutzerdefinierte Datumsformate in Excel<\/a> <\/li><\/ul><\/div><\/div><div class=\"gb-grid-column gb-grid-column-5b4a0cf9\"><div class=\"gb-container gb-container-5b4a0cf9\"><ul><li> <a href=\"https:\/\/exceladvisor.org\/de\/hervorhebung-zwischen-zwei-daten\/\">Markieren Sie Daten zwischen zwei Daten in Excel<\/a><\/li><li> <a href=\"https:\/\/exceladvisor.org\/de\/zwei-daten-verketten\/\">Verketten Sie schnell zwei Daten in Excel<\/a><\/li><li> <a href=\"https:\/\/exceladvisor.org\/de\/zufallsdatengenerator\/\">Zufallsdatumsgenerator (Excel-Formel) in Excel<\/a><\/li><li> <a href=\"https:\/\/exceladvisor.org\/de\/kombinieren-sie-datum-und-uhrzeit\/\">Kombinieren Sie Datum und Uhrzeit in Excel<\/a><\/li><\/ul><\/div><\/div><\/div><\/div>","protected":false},"excerpt":{"rendered":"","protected":false},"author":1,"featured_media":0,"parent":0,"menu_order":0,"comment_status":"open","ping_status":"closed","template":"","meta":{"ub_ctt_via":"","footnotes":""},"class_list":["post-3071","page","type-page","status-publish","hentry"],"featured_image_src":null,"yoast_head":"<!-- This site is optimized with the Yoast SEO plugin v25.4 - https:\/\/yoast.com\/wordpress\/plugins\/seo\/ -->\n<title>Wie erstelle ich einen Datumsbereich in Excel? - Excel-Berater<\/title>\n<meta name=\"description\" content=\"In diesem Formel-Tutorial erfahren Sie, wie Sie mit der Textfunktion und dem einen Datumsbereich erstellen\" \/>\n<meta name=\"robots\" content=\"index, follow, max-snippet:-1, max-image-preview:large, max-video-preview:-1\" \/>\n<link rel=\"canonical\" href=\"https:\/\/exceladvisor.org\/de\/datumsbereich\/\" \/>\n<meta property=\"og:locale\" content=\"de_DE\" \/>\n<meta property=\"og:type\" content=\"article\" \/>\n<meta property=\"og:title\" content=\"Wie erstelle ich einen Datumsbereich in Excel? - Excel-Berater\" \/>\n<meta property=\"og:description\" content=\"In diesem Formel-Tutorial erfahren Sie, wie Sie mit der Textfunktion und dem einen Datumsbereich erstellen\" \/>\n<meta property=\"og:url\" content=\"https:\/\/exceladvisor.org\/de\/datumsbereich\/\" \/>\n<meta property=\"og:site_name\" content=\"Excel Advisor\" \/>\n<meta property=\"article:modified_time\" content=\"2023-12-03T11:19:52+00:00\" \/>\n<meta property=\"og:image\" content=\"https:\/\/exceladvisor.org\/wp-content\/uploads\/2023\/08\/1-plage-de-dates-a-partir-daujourdhui.png\" \/>\n<meta name=\"twitter:card\" content=\"summary_large_image\" \/>\n<meta name=\"twitter:label1\" content=\"Gesch\u00e4tzte Lesezeit\" \/>\n\t<meta name=\"twitter:data1\" content=\"2\u00a0Minuten\" \/>\n<script type=\"application\/ld+json\" class=\"yoast-schema-graph\">{\"@context\":\"https:\/\/schema.org\",\"@graph\":[{\"@type\":\"WebPage\",\"@id\":\"https:\/\/exceladvisor.org\/de\/datumsbereich\/\",\"url\":\"https:\/\/exceladvisor.org\/de\/datumsbereich\/\",\"name\":\"Wie erstelle ich einen Datumsbereich in Excel? - Excel-Berater\",\"isPartOf\":{\"@id\":\"https:\/\/exceladvisor.org\/de\/#website\"},\"primaryImageOfPage\":{\"@id\":\"https:\/\/exceladvisor.org\/de\/datumsbereich\/#primaryimage\"},\"image\":{\"@id\":\"https:\/\/exceladvisor.org\/de\/datumsbereich\/#primaryimage\"},\"thumbnailUrl\":\"https:\/\/exceladvisor.org\/wp-content\/uploads\/2023\/08\/1-plage-de-dates-a-partir-daujourdhui.png\",\"datePublished\":\"2023-11-16T09:57:07+00:00\",\"dateModified\":\"2023-12-03T11:19:52+00:00\",\"description\":\"In diesem Formel-Tutorial erfahren Sie, wie Sie mit der Textfunktion und dem einen Datumsbereich erstellen\",\"breadcrumb\":{\"@id\":\"https:\/\/exceladvisor.org\/de\/datumsbereich\/#breadcrumb\"},\"inLanguage\":\"de\",\"potentialAction\":[{\"@type\":\"ReadAction\",\"target\":[\"https:\/\/exceladvisor.org\/de\/datumsbereich\/\"]}]},{\"@type\":\"ImageObject\",\"inLanguage\":\"de\",\"@id\":\"https:\/\/exceladvisor.org\/de\/datumsbereich\/#primaryimage\",\"url\":\"https:\/\/exceladvisor.org\/wp-content\/uploads\/2023\/08\/1-plage-de-dates-a-partir-daujourdhui.png\",\"contentUrl\":\"https:\/\/exceladvisor.org\/wp-content\/uploads\/2023\/08\/1-plage-de-dates-a-partir-daujourdhui.png\"},{\"@type\":\"BreadcrumbList\",\"@id\":\"https:\/\/exceladvisor.org\/de\/datumsbereich\/#breadcrumb\",\"itemListElement\":[{\"@type\":\"ListItem\",\"position\":1,\"name\":\"Accueil\",\"item\":\"https:\/\/exceladvisor.org\/de\/\"},{\"@type\":\"ListItem\",\"position\":2,\"name\":\"Wie erstelle ich einen datumsbereich in excel?\"}]},{\"@type\":\"WebSite\",\"@id\":\"https:\/\/exceladvisor.org\/de\/#website\",\"url\":\"https:\/\/exceladvisor.org\/de\/\",\"name\":\"Excel Advisor\",\"description\":\"Ihr Leitfaden zur Datendominanz\",\"publisher\":{\"@id\":\"https:\/\/exceladvisor.org\/de\/#organization\"},\"potentialAction\":[{\"@type\":\"SearchAction\",\"target\":{\"@type\":\"EntryPoint\",\"urlTemplate\":\"https:\/\/exceladvisor.org\/de\/?s={search_term_string}\"},\"query-input\":{\"@type\":\"PropertyValueSpecification\",\"valueRequired\":true,\"valueName\":\"search_term_string\"}}],\"inLanguage\":\"de\"},{\"@type\":\"Organization\",\"@id\":\"https:\/\/exceladvisor.org\/de\/#organization\",\"name\":\"Excel Advisor\",\"url\":\"https:\/\/exceladvisor.org\/de\/\",\"logo\":{\"@type\":\"ImageObject\",\"inLanguage\":\"de\",\"@id\":\"https:\/\/exceladvisor.org\/de\/#\/schema\/logo\/image\/\",\"url\":\"https:\/\/exceladvisor.org\/de\/wp-content\/uploads\/2023\/11\/exceladvisor.org_.png\",\"contentUrl\":\"https:\/\/exceladvisor.org\/de\/wp-content\/uploads\/2023\/11\/exceladvisor.org_.png\",\"width\":105,\"height\":36,\"caption\":\"Excel Advisor\"},\"image\":{\"@id\":\"https:\/\/exceladvisor.org\/de\/#\/schema\/logo\/image\/\"}}]}<\/script>\n<!-- \/ Yoast SEO plugin. -->","yoast_head_json":{"title":"Wie erstelle ich einen Datumsbereich in Excel? - Excel-Berater","description":"In diesem Formel-Tutorial erfahren Sie, wie Sie mit der Textfunktion und dem einen Datumsbereich erstellen","robots":{"index":"index","follow":"follow","max-snippet":"max-snippet:-1","max-image-preview":"max-image-preview:large","max-video-preview":"max-video-preview:-1"},"canonical":"https:\/\/exceladvisor.org\/de\/datumsbereich\/","og_locale":"de_DE","og_type":"article","og_title":"Wie erstelle ich einen Datumsbereich in Excel? - Excel-Berater","og_description":"In diesem Formel-Tutorial erfahren Sie, wie Sie mit der Textfunktion und dem einen Datumsbereich erstellen","og_url":"https:\/\/exceladvisor.org\/de\/datumsbereich\/","og_site_name":"Excel Advisor","article_modified_time":"2023-12-03T11:19:52+00:00","og_image":[{"url":"https:\/\/exceladvisor.org\/wp-content\/uploads\/2023\/08\/1-plage-de-dates-a-partir-daujourdhui.png","type":"","width":"","height":""}],"twitter_card":"summary_large_image","twitter_misc":{"Gesch\u00e4tzte Lesezeit":"2\u00a0Minuten"},"schema":{"@context":"https:\/\/schema.org","@graph":[{"@type":"WebPage","@id":"https:\/\/exceladvisor.org\/de\/datumsbereich\/","url":"https:\/\/exceladvisor.org\/de\/datumsbereich\/","name":"Wie erstelle ich einen Datumsbereich in Excel? - Excel-Berater","isPartOf":{"@id":"https:\/\/exceladvisor.org\/de\/#website"},"primaryImageOfPage":{"@id":"https:\/\/exceladvisor.org\/de\/datumsbereich\/#primaryimage"},"image":{"@id":"https:\/\/exceladvisor.org\/de\/datumsbereich\/#primaryimage"},"thumbnailUrl":"https:\/\/exceladvisor.org\/wp-content\/uploads\/2023\/08\/1-plage-de-dates-a-partir-daujourdhui.png","datePublished":"2023-11-16T09:57:07+00:00","dateModified":"2023-12-03T11:19:52+00:00","description":"In diesem Formel-Tutorial erfahren Sie, wie Sie mit der Textfunktion und dem einen Datumsbereich erstellen","breadcrumb":{"@id":"https:\/\/exceladvisor.org\/de\/datumsbereich\/#breadcrumb"},"inLanguage":"de","potentialAction":[{"@type":"ReadAction","target":["https:\/\/exceladvisor.org\/de\/datumsbereich\/"]}]},{"@type":"ImageObject","inLanguage":"de","@id":"https:\/\/exceladvisor.org\/de\/datumsbereich\/#primaryimage","url":"https:\/\/exceladvisor.org\/wp-content\/uploads\/2023\/08\/1-plage-de-dates-a-partir-daujourdhui.png","contentUrl":"https:\/\/exceladvisor.org\/wp-content\/uploads\/2023\/08\/1-plage-de-dates-a-partir-daujourdhui.png"},{"@type":"BreadcrumbList","@id":"https:\/\/exceladvisor.org\/de\/datumsbereich\/#breadcrumb","itemListElement":[{"@type":"ListItem","position":1,"name":"Accueil","item":"https:\/\/exceladvisor.org\/de\/"},{"@type":"ListItem","position":2,"name":"Wie erstelle ich einen datumsbereich in excel?"}]},{"@type":"WebSite","@id":"https:\/\/exceladvisor.org\/de\/#website","url":"https:\/\/exceladvisor.org\/de\/","name":"Excel Advisor","description":"Ihr Leitfaden zur Datendominanz","publisher":{"@id":"https:\/\/exceladvisor.org\/de\/#organization"},"potentialAction":[{"@type":"SearchAction","target":{"@type":"EntryPoint","urlTemplate":"https:\/\/exceladvisor.org\/de\/?s={search_term_string}"},"query-input":{"@type":"PropertyValueSpecification","valueRequired":true,"valueName":"search_term_string"}}],"inLanguage":"de"},{"@type":"Organization","@id":"https:\/\/exceladvisor.org\/de\/#organization","name":"Excel Advisor","url":"https:\/\/exceladvisor.org\/de\/","logo":{"@type":"ImageObject","inLanguage":"de","@id":"https:\/\/exceladvisor.org\/de\/#\/schema\/logo\/image\/","url":"https:\/\/exceladvisor.org\/de\/wp-content\/uploads\/2023\/11\/exceladvisor.org_.png","contentUrl":"https:\/\/exceladvisor.org\/de\/wp-content\/uploads\/2023\/11\/exceladvisor.org_.png","width":105,"height":36,"caption":"Excel Advisor"},"image":{"@id":"https:\/\/exceladvisor.org\/de\/#\/schema\/logo\/image\/"}}]}},"yoast_meta":{"yoast_wpseo_title":"","yoast_wpseo_metadesc":"","yoast_wpseo_canonical":""},"_links":{"self":[{"href":"https:\/\/exceladvisor.org\/de\/wp-json\/wp\/v2\/pages\/3071","targetHints":{"allow":["GET"]}}],"collection":[{"href":"https:\/\/exceladvisor.org\/de\/wp-json\/wp\/v2\/pages"}],"about":[{"href":"https:\/\/exceladvisor.org\/de\/wp-json\/wp\/v2\/types\/page"}],"author":[{"embeddable":true,"href":"https:\/\/exceladvisor.org\/de\/wp-json\/wp\/v2\/users\/1"}],"replies":[{"embeddable":true,"href":"https:\/\/exceladvisor.org\/de\/wp-json\/wp\/v2\/comments?post=3071"}],"version-history":[{"count":1,"href":"https:\/\/exceladvisor.org\/de\/wp-json\/wp\/v2\/pages\/3071\/revisions"}],"predecessor-version":[{"id":3970,"href":"https:\/\/exceladvisor.org\/de\/wp-json\/wp\/v2\/pages\/3071\/revisions\/3970"}],"wp:attachment":[{"href":"https:\/\/exceladvisor.org\/de\/wp-json\/wp\/v2\/media?parent=3071"}],"curies":[{"name":"wp","href":"https:\/\/api.w.org\/{rel}","templated":true}]}}