{"id":3072,"date":"2023-11-16T09:48:27","date_gmt":"2023-11-16T09:48:27","guid":{"rendered":"https:\/\/exceladvisor.org\/de\/holen-sie-sich-den-blattnamen\/"},"modified":"2023-12-03T11:19:16","modified_gmt":"2023-12-03T11:19:16","slug":"holen-sie-sich-den-blattnamen","status":"publish","type":"page","link":"https:\/\/exceladvisor.org\/de\/holen-sie-sich-den-blattnamen\/","title":{"rendered":"Wie erhalte ich den blattnamen in excel?"},"content":{"rendered":"<div class=\"excel-vor-dem-inhalt\" id=\"excel-3889594420\"><script type=\"text\/javascript\">\r\n\tatOptions = {\r\n\t\t'key' : 'c1158f160081d6540a8409e6925dab94',\r\n\t\t'format' : 'iframe',\r\n\t\t'height' : 250,\r\n\t\t'width' : 300,\r\n\t\t'params' : {}\r\n\t};\r\n<\/script>\r\n<script type=\"text\/javascript\" src=\"\/\/www.highperformanceformat.com\/c1158f160081d6540a8409e6925dab94\/invoke.js\"><\/script><\/div> <p>In Excel gibt es keine direkte Funktion zum Abrufen des Namens des aktiven Blatts. Die L\u00f6sung f\u00fcr dieses Problem besteht nun darin, eine Formel mit mehreren Funktionen zu erstellen oder eine mit VBA erstellte benutzerdefinierte Funktion zu verwenden.<\/p><p> In diesem Tutorial lernen Sie beide Methoden anhand von Beispielen kennen.<\/p><h2 class=\"wp-block-heading\"> Verwenden Sie eine Formel, um den Arbeitsblattnamen zu erhalten<\/h2><p> Um eine Formel zu erstellen, um den Namen des Arbeitsblatts zu erhalten, m\u00fcssen wir die Funktionen CELLS, FIND und MID verwenden. Hier ist die Funktion, mit der Sie den Blattnamen abrufen k\u00f6nnen.<\/p><pre class=\"wp-block-code\"> <code class=\"language-excel-formula\" lang=\"excel-formula\">=MID(CELL(\"filename\"),FIND(\"]\",CELL(\"filename\"))+1,LEN(CELL(\"filename\")))<\/code><\/pre><p> Sie geben die obige Formel in eine der Zellen des Arbeitsblatts ein, f\u00fcr das Sie den Blattnamen haben m\u00f6chten. Lassen Sie uns nun diese Formel verstehen. Um sie zu verstehen, m\u00fcssen wir sie in vier Teile unterteilen.<\/p><p> Im ersten Teil haben wir eine CELL-Funktion, die die Adresse der Arbeitsmappe mit dem Namen des aktuellen Blatts zur\u00fcckgibt. <\/p><div class=\"wp-block-image\"><figure class=\"aligncenter size-full is-resized\"><img loading=\"lazy\" decoding=\"async\" class=\"wp-image-64178\" src=\"https:\/\/exceladvisor.org\/wp-content\/uploads\/2023\/08\/1-formule-pour-obtenir-le-nom-de-la-feuille-de-calcul.png\" sizes=\"auto, \" srcset=\"\" alt=\"Formel zum Abrufen des Arbeitsblattnamens\" width=\"577\" height=\"129\"><\/figure><\/div><p> Und hier ist die Adresse, die wir aus der Zellfunktion erhalten haben. Hier sehen Sie, dass am Ende der Adresse der Name des Blattes steht und Sie dessen Namen ermitteln m\u00fcssen. <\/p><div class=\"wp-block-image\"><figure class=\"aligncenter size-full is-resized\"><img loading=\"lazy\" decoding=\"async\" class=\"wp-image-64179\" src=\"https:\/\/exceladvisor.org\/wp-content\/uploads\/2023\/08\/2-adresse-de-feuille-de-calcul.png\" sizes=\"auto, \" srcset=\"\" alt=\"Tabellenadresse\" width=\"353\" height=\"41\"><\/figure><\/div><p> Im zweiten Teil haben wir nun die FIND-Funktion, die die Zellenfunktion verwendet, um die Adresse abzurufen und die Position des Zeichens zu finden, das sich genau eine Position vor dem Blattnamen befindet. <\/p><div class=\"wp-block-image\"><figure class=\"aligncenter size-full is-resized\"><img loading=\"lazy\" decoding=\"async\" class=\"wp-image-64180\" src=\"https:\/\/exceladvisor.org\/wp-content\/uploads\/2023\/08\/3-fonction-de-recherche.png\" sizes=\"auto, \" srcset=\"\" alt=\"Suchfunktion\" width=\"559\" height=\"131\"><\/figure><\/div><p> Und sobald Sie die Positionsnummer \u201e]\u201c erhalten haben, m\u00fcssen Sie 1 hinzuf\u00fcgen, um die Position des ersten Zeichens des Blattnamens zu erhalten. <\/p><div class=\"wp-block-image\"><figure class=\"aligncenter size-full is-resized\"><img loading=\"lazy\" decoding=\"async\" class=\"wp-image-64181\" src=\"https:\/\/exceladvisor.org\/wp-content\/uploads\/2023\/08\/4-ajouter-1-pour-obtenir-la-position.png\" sizes=\"auto, \" srcset=\"\" alt=\"add-1-to-get-position\" width=\"451\" height=\"125\"><\/figure><\/div><p> Im dritten Teil haben Sie nun die Funktionen LEN und CELL, um die Zeichen im gesamten Pfad zu z\u00e4hlen. <\/p><div class=\"wp-block-image\"><figure class=\"aligncenter size-full is-resized\"><img loading=\"lazy\" decoding=\"async\" class=\"wp-image-64182\" src=\"https:\/\/exceladvisor.org\/wp-content\/uploads\/2023\/08\/5-fonction-len-et-cellule.png\" sizes=\"auto, \" srcset=\"\" alt=\"Len-and-Cell-Funktion\" width=\"563\" height=\"94\"><\/figure><\/div><p> An diesem Punkt haben wir nun den Adresspfad, die Position des ersten Zeichens des Blattnamens und die Anzahl der Zeichen, die wir im Adresspfad haben. <\/p><div class=\"wp-block-image\"><figure class=\"aligncenter size-full is-resized\"><img loading=\"lazy\" decoding=\"async\" class=\"wp-image-64183\" src=\"https:\/\/exceladvisor.org\/wp-content\/uploads\/2023\/08\/6-chemin-dadresse-de-feuille-de-calcul.png\" sizes=\"auto, \" srcset=\"\" alt=\"Tabellen-Adresspfad\" width=\"495\" height=\"140\"><\/figure><\/div><p> Und im vierten Teil haben Sie mit der MID-Funktion den Blattnamen im Ergebnis.<\/p><h2 class=\"wp-block-heading\"> Erstellen Sie eine benutzerdefinierte Funktion, um den Blattnamen abzurufen<\/h2><p> Der einfachste Weg ist, einen Blattnamen \u00fcber eine UDF zu erhalten. Sie m\u00fcssen keine komplexe Formel erstellen, sondern einfachen Code wie diesen. <\/p><div class=\"wp-block-image\"><figure class=\"aligncenter size-full is-resized\"><img loading=\"lazy\" decoding=\"async\" class=\"wp-image-64184\" src=\"https:\/\/exceladvisor.org\/wp-content\/uploads\/2023\/08\/7-fonction-definie-par-lutilisateur-pour-obtenir-le-nom-de-la-feuille.png\" sizes=\"auto, \" srcset=\"\" alt=\"Benutzerdefinierte Funktion zum Abrufen des Blattnamens\" width=\"540\" height=\"282\"><\/figure><\/div><pre class=\"wp-block-code\"> <code class=\"language-visual-basic line-numbers\" lang=\"visual-basic\">Function mySheetName() mySheetName = ActiveSheet.Name End Function<\/code><\/pre><p> Sehen wir uns nun an, wie Sie mit diesem Code den Namen des aktuellen Arbeitsblatts in eine Zelle extrahieren. F\u00fchren Sie die folgenden Schritte aus:<\/p><ol><li> Gehen Sie zun\u00e4chst zur Registerkarte \u201eEntwickler\u201c und klicken Sie auf \u201eVisual Basic\u201c. <br><img loading=\"lazy\" decoding=\"async\" title=\"8-Tab-Entwickler\" src=\"https:\/\/exceladvisor.org\/wp-content\/uploads\/2023\/08\/8-onglet-developpeur.png\" sizes=\"auto, \" srcset=\"\" alt=\"developer-tab\" width=\"653\" height=\"188\"><\/li><li> Gehen Sie nun im Visual Basic-Editor zur Option \u201eEinf\u00fcgen\u201c und klicken Sie auf \u201eModul\u201c, um ein Modul einzuf\u00fcgen. <br><img loading=\"lazy\" decoding=\"async\" title=\"9 Module zum Einf\u00fcgen\" src=\"https:\/\/exceladvisor.org\/wp-content\/uploads\/2023\/08\/9-module-pour-inserer-le-module.png\" sizes=\"auto, \" srcset=\"\" alt=\"module-to-insert-module\" width=\"221\" height=\"221\"><\/li><li> Gehen Sie danach zum Codefenster und f\u00fcgen Sie dort den obigen Code ein. <br><img loading=\"lazy\" decoding=\"async\" title=\"10 Codefenster\" src=\"https:\/\/exceladvisor.org\/wp-content\/uploads\/2023\/08\/fenetre-de-10-codes.png\" sizes=\"auto, \" srcset=\"\" alt=\"code-window\" width=\"628\" height=\"380\"><\/li><li> Schlie\u00dfen Sie am Ende den Visual Basic-Editor und kehren Sie zur Tabelle zur\u00fcck.<\/li><\/ol><p> W\u00e4hlen Sie nun eine der Zellen im Arbeitsblatt aus, deren Namen Sie erhalten m\u00f6chten, und geben Sie darin die folgende Funktion ein. <\/p><div class=\"wp-block-image\"><figure class=\"aligncenter size-full is-resized\"><img loading=\"lazy\" decoding=\"async\" class=\"wp-image-64188\" src=\"https:\/\/exceladvisor.org\/wp-content\/uploads\/2023\/08\/11-selectionnez-nimporte-quelle-cellule-pour-obtenir-le-nom.png\" sizes=\"auto, \" srcset=\"\" alt=\"W\u00e4hlen Sie eine beliebige Zelle aus, um den Namen zu erhalten\" width=\"442\" height=\"120\"><\/figure><\/div><p> In diesem Tutorial erfahren Sie mehr \u00fcber das Erstellen einer benutzerdefinierten Funktion. <\/p><div class=\"gb-container gb-container-52dfcee1 gb-container-sample-file\"><h2 class=\"gb-headline gb-headline-e289c143 gb-headline-text gb-headline-4f7959c2\"> Holen Sie sich die Excel-Datei<\/h2> <a class=\"gb-button gb-button-e88d6bee gb-button-text gb-button-button1\" href=\"https:\/\/exceladvisor.org\/wp-content\/uploads\/2023\/08\/obtenir-le-nom-de-la-feuille-2.xlsx\" rel=\"nofollow\">Herunterladen<\/a><\/div><div class=\"gb-container gb-container-0df56012 gb-container-mt\"> <a class=\"gb-button gb-button-f9f432f4 gb-button-text gb-button-mt-button\" href=\"https:\/\/exceladvisor.org\/de\/formeln\/\">Liste der Excel-Formeln<\/a><h2 class=\"gb-headline gb-headline-233444e8 gb-headline-text gb-headline-mt-heading\"> Verwandte Formeln <\/h2><div class=\"gb-grid-wrapper gb-grid-wrapper-a16fa65c gb-grid-wrapper-mt-grid\"><div class=\"gb-grid-column gb-grid-column-50d07e0d\"><div class=\"gb-container gb-container-50d07e0d\"><ul><li> <a href=\"https:\/\/exceladvisor.org\/de\/horizontaler-filter\/\">Erstellen Sie in Excel einen horizontalen Filter<\/a><\/li><li> <a href=\"https:\/\/exceladvisor.org\/de\/bewertung-in-sternen\/\">Erstellen Sie eine Sternebewertungsvorlage in Excel<\/a><\/li><li> <a href=\"https:\/\/exceladvisor.org\/de\/dateinamen-abrufen\/\">Dateinamen in Excel abrufen<\/a><\/li><li> <a href=\"https:\/\/exceladvisor.org\/de\/generiere-zufallige-buchstaben\/\">Generieren Sie schnell zuf\u00e4llige Buchstaben in Excel<\/a><\/li><li> <a href=\"https:\/\/exceladvisor.org\/de\/randomisieren-sie-die-liste\/\">Randomisieren Sie eine Liste (zuf\u00e4llige Sortierung) in Excel<\/a> <\/li><\/ul><\/div><\/div><div class=\"gb-grid-column gb-grid-column-5b4a0cf9\"><div class=\"gb-container gb-container-5b4a0cf9\"><\/div><\/div><\/div><\/div>","protected":false},"excerpt":{"rendered":"","protected":false},"author":1,"featured_media":0,"parent":0,"menu_order":0,"comment_status":"open","ping_status":"closed","template":"","meta":{"ub_ctt_via":"","footnotes":""},"class_list":["post-3072","page","type-page","status-publish","hentry"],"featured_image_src":null,"yoast_head":"<!-- This site is optimized with the Yoast SEO plugin v25.4 - https:\/\/yoast.com\/wordpress\/plugins\/seo\/ -->\n<title>Wie erhalte ich den Blattnamen in Excel? - Excel-Berater<\/title>\n<meta name=\"description\" content=\"In diesem Formel-Tutorial erfahren Sie, wie Sie den Blattnamen mithilfe einer Formel und anschlie\u00dfend einer definierten Funktion ermitteln\" \/>\n<meta name=\"robots\" content=\"index, follow, max-snippet:-1, max-image-preview:large, max-video-preview:-1\" \/>\n<link rel=\"canonical\" href=\"https:\/\/exceladvisor.org\/de\/holen-sie-sich-den-blattnamen\/\" \/>\n<meta property=\"og:locale\" content=\"de_DE\" \/>\n<meta property=\"og:type\" content=\"article\" \/>\n<meta property=\"og:title\" content=\"Wie erhalte ich den Blattnamen in Excel? - Excel-Berater\" \/>\n<meta property=\"og:description\" content=\"In diesem Formel-Tutorial erfahren Sie, wie Sie den Blattnamen mithilfe einer Formel und anschlie\u00dfend einer definierten Funktion ermitteln\" \/>\n<meta property=\"og:url\" content=\"https:\/\/exceladvisor.org\/de\/holen-sie-sich-den-blattnamen\/\" \/>\n<meta property=\"og:site_name\" content=\"Excel Advisor\" \/>\n<meta property=\"article:modified_time\" content=\"2023-12-03T11:19:16+00:00\" \/>\n<meta property=\"og:image\" content=\"https:\/\/exceladvisor.org\/wp-content\/uploads\/2023\/08\/1-formule-pour-obtenir-le-nom-de-la-feuille-de-calcul.png\" \/>\n<meta name=\"twitter:card\" content=\"summary_large_image\" \/>\n<meta name=\"twitter:label1\" content=\"Gesch\u00e4tzte Lesezeit\" \/>\n\t<meta name=\"twitter:data1\" content=\"3\u00a0Minuten\" \/>\n<script type=\"application\/ld+json\" class=\"yoast-schema-graph\">{\"@context\":\"https:\/\/schema.org\",\"@graph\":[{\"@type\":\"WebPage\",\"@id\":\"https:\/\/exceladvisor.org\/de\/holen-sie-sich-den-blattnamen\/\",\"url\":\"https:\/\/exceladvisor.org\/de\/holen-sie-sich-den-blattnamen\/\",\"name\":\"Wie erhalte ich den Blattnamen in Excel? - Excel-Berater\",\"isPartOf\":{\"@id\":\"https:\/\/exceladvisor.org\/de\/#website\"},\"primaryImageOfPage\":{\"@id\":\"https:\/\/exceladvisor.org\/de\/holen-sie-sich-den-blattnamen\/#primaryimage\"},\"image\":{\"@id\":\"https:\/\/exceladvisor.org\/de\/holen-sie-sich-den-blattnamen\/#primaryimage\"},\"thumbnailUrl\":\"https:\/\/exceladvisor.org\/wp-content\/uploads\/2023\/08\/1-formule-pour-obtenir-le-nom-de-la-feuille-de-calcul.png\",\"datePublished\":\"2023-11-16T09:48:27+00:00\",\"dateModified\":\"2023-12-03T11:19:16+00:00\",\"description\":\"In diesem Formel-Tutorial erfahren Sie, wie Sie den Blattnamen mithilfe einer Formel und anschlie\u00dfend einer definierten Funktion ermitteln\",\"breadcrumb\":{\"@id\":\"https:\/\/exceladvisor.org\/de\/holen-sie-sich-den-blattnamen\/#breadcrumb\"},\"inLanguage\":\"de\",\"potentialAction\":[{\"@type\":\"ReadAction\",\"target\":[\"https:\/\/exceladvisor.org\/de\/holen-sie-sich-den-blattnamen\/\"]}]},{\"@type\":\"ImageObject\",\"inLanguage\":\"de\",\"@id\":\"https:\/\/exceladvisor.org\/de\/holen-sie-sich-den-blattnamen\/#primaryimage\",\"url\":\"https:\/\/exceladvisor.org\/wp-content\/uploads\/2023\/08\/1-formule-pour-obtenir-le-nom-de-la-feuille-de-calcul.png\",\"contentUrl\":\"https:\/\/exceladvisor.org\/wp-content\/uploads\/2023\/08\/1-formule-pour-obtenir-le-nom-de-la-feuille-de-calcul.png\"},{\"@type\":\"BreadcrumbList\",\"@id\":\"https:\/\/exceladvisor.org\/de\/holen-sie-sich-den-blattnamen\/#breadcrumb\",\"itemListElement\":[{\"@type\":\"ListItem\",\"position\":1,\"name\":\"Accueil\",\"item\":\"https:\/\/exceladvisor.org\/de\/\"},{\"@type\":\"ListItem\",\"position\":2,\"name\":\"Wie erhalte ich den blattnamen in excel?\"}]},{\"@type\":\"WebSite\",\"@id\":\"https:\/\/exceladvisor.org\/de\/#website\",\"url\":\"https:\/\/exceladvisor.org\/de\/\",\"name\":\"Excel Advisor\",\"description\":\"Ihr Leitfaden zur Datendominanz\",\"publisher\":{\"@id\":\"https:\/\/exceladvisor.org\/de\/#organization\"},\"potentialAction\":[{\"@type\":\"SearchAction\",\"target\":{\"@type\":\"EntryPoint\",\"urlTemplate\":\"https:\/\/exceladvisor.org\/de\/?s={search_term_string}\"},\"query-input\":{\"@type\":\"PropertyValueSpecification\",\"valueRequired\":true,\"valueName\":\"search_term_string\"}}],\"inLanguage\":\"de\"},{\"@type\":\"Organization\",\"@id\":\"https:\/\/exceladvisor.org\/de\/#organization\",\"name\":\"Excel Advisor\",\"url\":\"https:\/\/exceladvisor.org\/de\/\",\"logo\":{\"@type\":\"ImageObject\",\"inLanguage\":\"de\",\"@id\":\"https:\/\/exceladvisor.org\/de\/#\/schema\/logo\/image\/\",\"url\":\"https:\/\/exceladvisor.org\/de\/wp-content\/uploads\/2023\/11\/exceladvisor.org_.png\",\"contentUrl\":\"https:\/\/exceladvisor.org\/de\/wp-content\/uploads\/2023\/11\/exceladvisor.org_.png\",\"width\":105,\"height\":36,\"caption\":\"Excel Advisor\"},\"image\":{\"@id\":\"https:\/\/exceladvisor.org\/de\/#\/schema\/logo\/image\/\"}}]}<\/script>\n<!-- \/ Yoast SEO plugin. -->","yoast_head_json":{"title":"Wie erhalte ich den Blattnamen in Excel? - Excel-Berater","description":"In diesem Formel-Tutorial erfahren Sie, wie Sie den Blattnamen mithilfe einer Formel und anschlie\u00dfend einer definierten Funktion ermitteln","robots":{"index":"index","follow":"follow","max-snippet":"max-snippet:-1","max-image-preview":"max-image-preview:large","max-video-preview":"max-video-preview:-1"},"canonical":"https:\/\/exceladvisor.org\/de\/holen-sie-sich-den-blattnamen\/","og_locale":"de_DE","og_type":"article","og_title":"Wie erhalte ich den Blattnamen in Excel? - Excel-Berater","og_description":"In diesem Formel-Tutorial erfahren Sie, wie Sie den Blattnamen mithilfe einer Formel und anschlie\u00dfend einer definierten Funktion ermitteln","og_url":"https:\/\/exceladvisor.org\/de\/holen-sie-sich-den-blattnamen\/","og_site_name":"Excel Advisor","article_modified_time":"2023-12-03T11:19:16+00:00","og_image":[{"url":"https:\/\/exceladvisor.org\/wp-content\/uploads\/2023\/08\/1-formule-pour-obtenir-le-nom-de-la-feuille-de-calcul.png","type":"","width":"","height":""}],"twitter_card":"summary_large_image","twitter_misc":{"Gesch\u00e4tzte Lesezeit":"3\u00a0Minuten"},"schema":{"@context":"https:\/\/schema.org","@graph":[{"@type":"WebPage","@id":"https:\/\/exceladvisor.org\/de\/holen-sie-sich-den-blattnamen\/","url":"https:\/\/exceladvisor.org\/de\/holen-sie-sich-den-blattnamen\/","name":"Wie erhalte ich den Blattnamen in Excel? - Excel-Berater","isPartOf":{"@id":"https:\/\/exceladvisor.org\/de\/#website"},"primaryImageOfPage":{"@id":"https:\/\/exceladvisor.org\/de\/holen-sie-sich-den-blattnamen\/#primaryimage"},"image":{"@id":"https:\/\/exceladvisor.org\/de\/holen-sie-sich-den-blattnamen\/#primaryimage"},"thumbnailUrl":"https:\/\/exceladvisor.org\/wp-content\/uploads\/2023\/08\/1-formule-pour-obtenir-le-nom-de-la-feuille-de-calcul.png","datePublished":"2023-11-16T09:48:27+00:00","dateModified":"2023-12-03T11:19:16+00:00","description":"In diesem Formel-Tutorial erfahren Sie, wie Sie den Blattnamen mithilfe einer Formel und anschlie\u00dfend einer definierten Funktion ermitteln","breadcrumb":{"@id":"https:\/\/exceladvisor.org\/de\/holen-sie-sich-den-blattnamen\/#breadcrumb"},"inLanguage":"de","potentialAction":[{"@type":"ReadAction","target":["https:\/\/exceladvisor.org\/de\/holen-sie-sich-den-blattnamen\/"]}]},{"@type":"ImageObject","inLanguage":"de","@id":"https:\/\/exceladvisor.org\/de\/holen-sie-sich-den-blattnamen\/#primaryimage","url":"https:\/\/exceladvisor.org\/wp-content\/uploads\/2023\/08\/1-formule-pour-obtenir-le-nom-de-la-feuille-de-calcul.png","contentUrl":"https:\/\/exceladvisor.org\/wp-content\/uploads\/2023\/08\/1-formule-pour-obtenir-le-nom-de-la-feuille-de-calcul.png"},{"@type":"BreadcrumbList","@id":"https:\/\/exceladvisor.org\/de\/holen-sie-sich-den-blattnamen\/#breadcrumb","itemListElement":[{"@type":"ListItem","position":1,"name":"Accueil","item":"https:\/\/exceladvisor.org\/de\/"},{"@type":"ListItem","position":2,"name":"Wie erhalte ich den blattnamen in excel?"}]},{"@type":"WebSite","@id":"https:\/\/exceladvisor.org\/de\/#website","url":"https:\/\/exceladvisor.org\/de\/","name":"Excel Advisor","description":"Ihr Leitfaden zur Datendominanz","publisher":{"@id":"https:\/\/exceladvisor.org\/de\/#organization"},"potentialAction":[{"@type":"SearchAction","target":{"@type":"EntryPoint","urlTemplate":"https:\/\/exceladvisor.org\/de\/?s={search_term_string}"},"query-input":{"@type":"PropertyValueSpecification","valueRequired":true,"valueName":"search_term_string"}}],"inLanguage":"de"},{"@type":"Organization","@id":"https:\/\/exceladvisor.org\/de\/#organization","name":"Excel Advisor","url":"https:\/\/exceladvisor.org\/de\/","logo":{"@type":"ImageObject","inLanguage":"de","@id":"https:\/\/exceladvisor.org\/de\/#\/schema\/logo\/image\/","url":"https:\/\/exceladvisor.org\/de\/wp-content\/uploads\/2023\/11\/exceladvisor.org_.png","contentUrl":"https:\/\/exceladvisor.org\/de\/wp-content\/uploads\/2023\/11\/exceladvisor.org_.png","width":105,"height":36,"caption":"Excel Advisor"},"image":{"@id":"https:\/\/exceladvisor.org\/de\/#\/schema\/logo\/image\/"}}]}},"yoast_meta":{"yoast_wpseo_title":"","yoast_wpseo_metadesc":"","yoast_wpseo_canonical":""},"_links":{"self":[{"href":"https:\/\/exceladvisor.org\/de\/wp-json\/wp\/v2\/pages\/3072","targetHints":{"allow":["GET"]}}],"collection":[{"href":"https:\/\/exceladvisor.org\/de\/wp-json\/wp\/v2\/pages"}],"about":[{"href":"https:\/\/exceladvisor.org\/de\/wp-json\/wp\/v2\/types\/page"}],"author":[{"embeddable":true,"href":"https:\/\/exceladvisor.org\/de\/wp-json\/wp\/v2\/users\/1"}],"replies":[{"embeddable":true,"href":"https:\/\/exceladvisor.org\/de\/wp-json\/wp\/v2\/comments?post=3072"}],"version-history":[{"count":1,"href":"https:\/\/exceladvisor.org\/de\/wp-json\/wp\/v2\/pages\/3072\/revisions"}],"predecessor-version":[{"id":3923,"href":"https:\/\/exceladvisor.org\/de\/wp-json\/wp\/v2\/pages\/3072\/revisions\/3923"}],"wp:attachment":[{"href":"https:\/\/exceladvisor.org\/de\/wp-json\/wp\/v2\/media?parent=3072"}],"curies":[{"name":"wp","href":"https:\/\/api.w.org\/{rel}","templated":true}]}}