{"id":3073,"date":"2023-11-16T09:26:42","date_gmt":"2023-11-16T09:26:42","guid":{"rendered":"https:\/\/exceladvisor.org\/de\/wehrdienst\/"},"modified":"2023-12-03T13:04:42","modified_gmt":"2023-12-03T13:04:42","slug":"wehrdienst","status":"publish","type":"page","link":"https:\/\/exceladvisor.org\/de\/wehrdienst\/","title":{"rendered":"Wie rechnet man die standardzeit in die milit\u00e4rzeit um?"},"content":{"rendered":"<div class=\"excel-vor-dem-inhalt\" id=\"excel-796715098\"><script type=\"text\/javascript\">\r\n\tatOptions = {\r\n\t\t'key' : 'c1158f160081d6540a8409e6925dab94',\r\n\t\t'format' : 'iframe',\r\n\t\t'height' : 250,\r\n\t\t'width' : 300,\r\n\t\t'params' : {}\r\n\t};\r\n<\/script>\r\n<script type=\"text\/javascript\" src=\"\/\/www.highperformanceformat.com\/c1158f160081d6540a8409e6925dab94\/invoke.js\"><\/script><\/div> <figure class=\"wp-block-embed is-type-video is-provider-youtube wp-block-embed-youtube wp-embed-aspect-16-9 wp-has-aspect-ratio\"><div class=\"wp-block-embed__wrapper\"><\/div><\/figure><h2 class=\"wp-block-heading\"> Konvertieren Sie die Standardzeit in die Milit\u00e4rzeit<\/h2><p> Mit der TEXT-Funktion k\u00f6nnen Sie in Excel die Standardzeit in die Milit\u00e4rzeit umrechnen. Im folgenden Beispiel haben wir die Zeit in den Zellen A1 und A2. Das erste Mal ist in AM und das zweite Mal in PM. <\/p><div class=\"wp-block-image\"><figure class=\"aligncenter size-full is-resized\"><img loading=\"lazy\" decoding=\"async\" class=\"wp-image-64171\" src=\"https:\/\/exceladvisor.org\/wp-content\/uploads\/2023\/08\/1-convertir-le-temps-normal.png\" sizes=\"auto, \" srcset=\"\" alt=\"Konvertieren-Normalzeit\" width=\"233\" height=\"146\"><\/figure><\/div><p> Mit der Textfunktion k\u00f6nnen Sie nun diese Zeit in Milit\u00e4rzeit umrechnen und die Formel w\u00fcrde wie folgt aussehen. <\/p><pre class=\"wp-block-code\"> <code class=\"language-excel-formula\" lang=\"excel-formula\">=TEXT(A1,\"HHMM\")<\/code><\/pre><div class=\"wp-block-image\"><figure class=\"aligncenter size-full is-resized\"><img loading=\"lazy\" decoding=\"async\" class=\"wp-image-64172\" src=\"https:\/\/exceladvisor.org\/wp-content\/uploads\/2023\/08\/2-temps-militaire.png\" sizes=\"auto, \" srcset=\"\" alt=\"Wehrdienst\" width=\"393\" height=\"149\"><\/figure><\/div><p> Im Formatargument haben Sie das Format \u201eHHMM\u201c, das ohne Doppelpunkt auskommt und die Zeit als Milit\u00e4rzeit anzeigt.<\/p><h2 class=\"wp-block-heading\"> Erhalten Sie Milit\u00e4rzeit mit benutzerdefinierter Formatierung<\/h2><p> Um eine benutzerdefinierte Formatierung zu verwenden, m\u00fcssen Sie die Zelle oder den Zellbereich ausw\u00e4hlen, in der Sie die Milit\u00e4rzeit erhalten m\u00f6chten. <\/p><div class=\"wp-block-image\"><figure class=\"aligncenter size-full is-resized\"><img loading=\"lazy\" decoding=\"async\" class=\"wp-image-64173\" src=\"https:\/\/exceladvisor.org\/wp-content\/uploads\/2023\/08\/3-heures-militaires-utilisant-un-formatage-personnalise.png\" sizes=\"auto, \" srcset=\"\" alt=\"Milit\u00e4rzeit mit benutzerdefinierter Formatierung\" width=\"490\" height=\"484\"><\/figure><\/div><ol type=\"1\"><li> Sobald Sie die Zelle ausgew\u00e4hlt haben, verwenden Sie die Tastenkombination Strg + 1, um die Formatoptionen zu \u00f6ffnen.<\/li><li> Klicken Sie auf \u201eBenutzerdefiniert\u201c, um auf die benutzerdefinierte Formatierungsoption zuzugreifen.<\/li><li> Klicken Sie dort auf das Eingabefeld und das Format, das Sie bereits dort haben.<\/li><li> Geben Sie am Ende \u201eHHMM\u201c als Format ein und klicken Sie auf OK. <\/li><\/ol><div class=\"gb-container gb-container-52dfcee1 gb-container-sample-file\"><h2 class=\"gb-headline gb-headline-e289c143 gb-headline-text gb-headline-4f7959c2\"> Holen Sie sich die Excel-Datei<\/h2><p> <a class=\"gb-button gb-button-e88d6bee gb-button-text gb-button-button1\" href=\"https:\/\/exceladvisor.org\/wp-content\/uploads\/2023\/08\/temps-militaire-2.xlsx\" rel=\"nofollow\">Herunterladen<\/a> <\/p><\/div><div class=\"wp-block-group more-tutorials is-layout-flow\"><div class=\"wp-block-group__inner-container\"><h2 class=\"wp-block-heading\"> Weitere Formeln <\/h2><div class=\"wp-block-columns is-layout-flex wp-container-7\"><div class=\"wp-block-column is-layout-flow\"><ul><li> <a href=\"https:\/\/exceladvisor.org\/de\/fugen-sie-stunden-hinzu\/\">Addieren Sie Stunden zur Zeit in Excel<\/a><\/li><li> <a href=\"https:\/\/exceladvisor.org\/de\/fugen-sie-der-zeit-minuten-hinzu\/\">Addieren Sie Minuten zur Zeit in Excel<\/a><\/li><li> <a href=\"https:\/\/exceladvisor.org\/de\/zeitunterschied-berechnen\/\">Differenz zwischen zwei Zeiten in Excel<\/a><\/li><li> <a href=\"https:\/\/exceladvisor.org\/de\/zeitformat-andern\/\">Zeitformat in Excel \u00e4ndern<\/a><\/li><li> <a href=\"https:\/\/exceladvisor.org\/de\/separates-datum-und-uhrzeit-2\/\">Separates Datum und Uhrzeit in Excel<\/a><\/li><\/ul><\/div><div class=\"wp-block-column is-layout-flow\"><ul><li> <a href=\"https:\/\/exceladvisor.org\/de\/zeit-in-sekunden-2\/\">Konvertieren Sie den Zeitwert in Sekunden<\/a><\/li><li> <a href=\"https:\/\/exceladvisor.org\/de\/aktuelle-uhrzeit-2\/\">Aktuelle Uhrzeit abrufen (Excel-Formel)<\/a><\/li><li> <a href=\"https:\/\/exceladvisor.org\/de\/mittagsschlaf-2\/\">Summenzeit in Excel (Excel-Formel)<\/a><\/li><li> <a href=\"https:\/\/exceladvisor.org\/de\/fugen-sie-der-zeit-sekunden-hinzu\/\">F\u00fcgen Sie der Zeit Sekunden hinzu<\/a><\/li><li> <a href=\"https:\/\/exceladvisor.org\/de\/sekunden-bis-stunden-minuten\/\">Konvertieren Sie Sekunden in Stunden und Minuten<\/a><\/li><\/ul><\/div><\/div><p> \u21e0 Zur\u00fcck zur <a href=\"https:\/\/exceladvisor.org\/de\/formeln\/\">Liste mit \u00fcber 100 Excel-Formeln (Grundkenntnisse + Fortgeschrittene)<\/a><\/p><\/div><\/div>","protected":false},"excerpt":{"rendered":"","protected":false},"author":1,"featured_media":0,"parent":0,"menu_order":0,"comment_status":"open","ping_status":"closed","template":"","meta":{"ub_ctt_via":"","footnotes":""},"class_list":["post-3073","page","type-page","status-publish","hentry"],"featured_image_src":null,"yoast_head":"<!-- This site is optimized with the Yoast SEO plugin v25.4 - https:\/\/yoast.com\/wordpress\/plugins\/seo\/ -->\n<title>\u25b7 Wie konvertiert man die Standardzeit in die Milit\u00e4rzeit?<\/title>\n<meta name=\"description\" content=\"In diesem Formel-Tutorial erfahren Sie, wie Sie die Milit\u00e4rzeit ermitteln und mithilfe von a eine Standardzeit in Milit\u00e4rzeit formatieren\" \/>\n<meta name=\"robots\" content=\"index, follow, max-snippet:-1, max-image-preview:large, max-video-preview:-1\" \/>\n<link rel=\"canonical\" href=\"https:\/\/exceladvisor.org\/de\/wehrdienst\/\" \/>\n<meta property=\"og:locale\" content=\"de_DE\" \/>\n<meta property=\"og:type\" content=\"article\" \/>\n<meta property=\"og:title\" content=\"\u25b7 Wie konvertiert man die Standardzeit in die Milit\u00e4rzeit?\" \/>\n<meta property=\"og:description\" content=\"In diesem Formel-Tutorial erfahren Sie, wie Sie die Milit\u00e4rzeit ermitteln und mithilfe von a eine Standardzeit in Milit\u00e4rzeit formatieren\" \/>\n<meta property=\"og:url\" content=\"https:\/\/exceladvisor.org\/de\/wehrdienst\/\" \/>\n<meta property=\"og:site_name\" content=\"Excel Advisor\" \/>\n<meta property=\"article:modified_time\" content=\"2023-12-03T13:04:42+00:00\" \/>\n<meta property=\"og:image\" content=\"https:\/\/exceladvisor.org\/wp-content\/uploads\/2023\/08\/1-convertir-le-temps-normal.png\" \/>\n<meta name=\"twitter:card\" content=\"summary_large_image\" \/>\n<meta name=\"twitter:label1\" content=\"Gesch\u00e4tzte Lesezeit\" \/>\n\t<meta name=\"twitter:data1\" content=\"1\u00a0Minute\" \/>\n<script type=\"application\/ld+json\" class=\"yoast-schema-graph\">{\"@context\":\"https:\/\/schema.org\",\"@graph\":[{\"@type\":\"WebPage\",\"@id\":\"https:\/\/exceladvisor.org\/de\/wehrdienst\/\",\"url\":\"https:\/\/exceladvisor.org\/de\/wehrdienst\/\",\"name\":\"\u25b7 Wie konvertiert man die Standardzeit in die Milit\u00e4rzeit?\",\"isPartOf\":{\"@id\":\"https:\/\/exceladvisor.org\/de\/#website\"},\"primaryImageOfPage\":{\"@id\":\"https:\/\/exceladvisor.org\/de\/wehrdienst\/#primaryimage\"},\"image\":{\"@id\":\"https:\/\/exceladvisor.org\/de\/wehrdienst\/#primaryimage\"},\"thumbnailUrl\":\"https:\/\/exceladvisor.org\/wp-content\/uploads\/2023\/08\/1-convertir-le-temps-normal.png\",\"datePublished\":\"2023-11-16T09:26:42+00:00\",\"dateModified\":\"2023-12-03T13:04:42+00:00\",\"description\":\"In diesem Formel-Tutorial erfahren Sie, wie Sie die Milit\u00e4rzeit ermitteln und mithilfe von a eine Standardzeit in Milit\u00e4rzeit formatieren\",\"breadcrumb\":{\"@id\":\"https:\/\/exceladvisor.org\/de\/wehrdienst\/#breadcrumb\"},\"inLanguage\":\"de\",\"potentialAction\":[{\"@type\":\"ReadAction\",\"target\":[\"https:\/\/exceladvisor.org\/de\/wehrdienst\/\"]}]},{\"@type\":\"ImageObject\",\"inLanguage\":\"de\",\"@id\":\"https:\/\/exceladvisor.org\/de\/wehrdienst\/#primaryimage\",\"url\":\"https:\/\/exceladvisor.org\/wp-content\/uploads\/2023\/08\/1-convertir-le-temps-normal.png\",\"contentUrl\":\"https:\/\/exceladvisor.org\/wp-content\/uploads\/2023\/08\/1-convertir-le-temps-normal.png\"},{\"@type\":\"BreadcrumbList\",\"@id\":\"https:\/\/exceladvisor.org\/de\/wehrdienst\/#breadcrumb\",\"itemListElement\":[{\"@type\":\"ListItem\",\"position\":1,\"name\":\"Accueil\",\"item\":\"https:\/\/exceladvisor.org\/de\/\"},{\"@type\":\"ListItem\",\"position\":2,\"name\":\"Wie rechnet man die standardzeit in die milit\u00e4rzeit um?\"}]},{\"@type\":\"WebSite\",\"@id\":\"https:\/\/exceladvisor.org\/de\/#website\",\"url\":\"https:\/\/exceladvisor.org\/de\/\",\"name\":\"Excel Advisor\",\"description\":\"Ihr Leitfaden zur Datendominanz\",\"publisher\":{\"@id\":\"https:\/\/exceladvisor.org\/de\/#organization\"},\"potentialAction\":[{\"@type\":\"SearchAction\",\"target\":{\"@type\":\"EntryPoint\",\"urlTemplate\":\"https:\/\/exceladvisor.org\/de\/?s={search_term_string}\"},\"query-input\":{\"@type\":\"PropertyValueSpecification\",\"valueRequired\":true,\"valueName\":\"search_term_string\"}}],\"inLanguage\":\"de\"},{\"@type\":\"Organization\",\"@id\":\"https:\/\/exceladvisor.org\/de\/#organization\",\"name\":\"Excel Advisor\",\"url\":\"https:\/\/exceladvisor.org\/de\/\",\"logo\":{\"@type\":\"ImageObject\",\"inLanguage\":\"de\",\"@id\":\"https:\/\/exceladvisor.org\/de\/#\/schema\/logo\/image\/\",\"url\":\"https:\/\/exceladvisor.org\/de\/wp-content\/uploads\/2023\/11\/exceladvisor.org_.png\",\"contentUrl\":\"https:\/\/exceladvisor.org\/de\/wp-content\/uploads\/2023\/11\/exceladvisor.org_.png\",\"width\":105,\"height\":36,\"caption\":\"Excel Advisor\"},\"image\":{\"@id\":\"https:\/\/exceladvisor.org\/de\/#\/schema\/logo\/image\/\"}}]}<\/script>\n<!-- \/ Yoast SEO plugin. -->","yoast_head_json":{"title":"\u25b7 Wie konvertiert man die Standardzeit in die Milit\u00e4rzeit?","description":"In diesem Formel-Tutorial erfahren Sie, wie Sie die Milit\u00e4rzeit ermitteln und mithilfe von a eine Standardzeit in Milit\u00e4rzeit formatieren","robots":{"index":"index","follow":"follow","max-snippet":"max-snippet:-1","max-image-preview":"max-image-preview:large","max-video-preview":"max-video-preview:-1"},"canonical":"https:\/\/exceladvisor.org\/de\/wehrdienst\/","og_locale":"de_DE","og_type":"article","og_title":"\u25b7 Wie konvertiert man die Standardzeit in die Milit\u00e4rzeit?","og_description":"In diesem Formel-Tutorial erfahren Sie, wie Sie die Milit\u00e4rzeit ermitteln und mithilfe von a eine Standardzeit in Milit\u00e4rzeit formatieren","og_url":"https:\/\/exceladvisor.org\/de\/wehrdienst\/","og_site_name":"Excel Advisor","article_modified_time":"2023-12-03T13:04:42+00:00","og_image":[{"url":"https:\/\/exceladvisor.org\/wp-content\/uploads\/2023\/08\/1-convertir-le-temps-normal.png","type":"","width":"","height":""}],"twitter_card":"summary_large_image","twitter_misc":{"Gesch\u00e4tzte Lesezeit":"1\u00a0Minute"},"schema":{"@context":"https:\/\/schema.org","@graph":[{"@type":"WebPage","@id":"https:\/\/exceladvisor.org\/de\/wehrdienst\/","url":"https:\/\/exceladvisor.org\/de\/wehrdienst\/","name":"\u25b7 Wie konvertiert man die Standardzeit in die Milit\u00e4rzeit?","isPartOf":{"@id":"https:\/\/exceladvisor.org\/de\/#website"},"primaryImageOfPage":{"@id":"https:\/\/exceladvisor.org\/de\/wehrdienst\/#primaryimage"},"image":{"@id":"https:\/\/exceladvisor.org\/de\/wehrdienst\/#primaryimage"},"thumbnailUrl":"https:\/\/exceladvisor.org\/wp-content\/uploads\/2023\/08\/1-convertir-le-temps-normal.png","datePublished":"2023-11-16T09:26:42+00:00","dateModified":"2023-12-03T13:04:42+00:00","description":"In diesem Formel-Tutorial erfahren Sie, wie Sie die Milit\u00e4rzeit ermitteln und mithilfe von a eine Standardzeit in Milit\u00e4rzeit formatieren","breadcrumb":{"@id":"https:\/\/exceladvisor.org\/de\/wehrdienst\/#breadcrumb"},"inLanguage":"de","potentialAction":[{"@type":"ReadAction","target":["https:\/\/exceladvisor.org\/de\/wehrdienst\/"]}]},{"@type":"ImageObject","inLanguage":"de","@id":"https:\/\/exceladvisor.org\/de\/wehrdienst\/#primaryimage","url":"https:\/\/exceladvisor.org\/wp-content\/uploads\/2023\/08\/1-convertir-le-temps-normal.png","contentUrl":"https:\/\/exceladvisor.org\/wp-content\/uploads\/2023\/08\/1-convertir-le-temps-normal.png"},{"@type":"BreadcrumbList","@id":"https:\/\/exceladvisor.org\/de\/wehrdienst\/#breadcrumb","itemListElement":[{"@type":"ListItem","position":1,"name":"Accueil","item":"https:\/\/exceladvisor.org\/de\/"},{"@type":"ListItem","position":2,"name":"Wie rechnet man die standardzeit in die milit\u00e4rzeit um?"}]},{"@type":"WebSite","@id":"https:\/\/exceladvisor.org\/de\/#website","url":"https:\/\/exceladvisor.org\/de\/","name":"Excel Advisor","description":"Ihr Leitfaden zur Datendominanz","publisher":{"@id":"https:\/\/exceladvisor.org\/de\/#organization"},"potentialAction":[{"@type":"SearchAction","target":{"@type":"EntryPoint","urlTemplate":"https:\/\/exceladvisor.org\/de\/?s={search_term_string}"},"query-input":{"@type":"PropertyValueSpecification","valueRequired":true,"valueName":"search_term_string"}}],"inLanguage":"de"},{"@type":"Organization","@id":"https:\/\/exceladvisor.org\/de\/#organization","name":"Excel Advisor","url":"https:\/\/exceladvisor.org\/de\/","logo":{"@type":"ImageObject","inLanguage":"de","@id":"https:\/\/exceladvisor.org\/de\/#\/schema\/logo\/image\/","url":"https:\/\/exceladvisor.org\/de\/wp-content\/uploads\/2023\/11\/exceladvisor.org_.png","contentUrl":"https:\/\/exceladvisor.org\/de\/wp-content\/uploads\/2023\/11\/exceladvisor.org_.png","width":105,"height":36,"caption":"Excel Advisor"},"image":{"@id":"https:\/\/exceladvisor.org\/de\/#\/schema\/logo\/image\/"}}]}},"yoast_meta":{"yoast_wpseo_title":"","yoast_wpseo_metadesc":"","yoast_wpseo_canonical":""},"_links":{"self":[{"href":"https:\/\/exceladvisor.org\/de\/wp-json\/wp\/v2\/pages\/3073","targetHints":{"allow":["GET"]}}],"collection":[{"href":"https:\/\/exceladvisor.org\/de\/wp-json\/wp\/v2\/pages"}],"about":[{"href":"https:\/\/exceladvisor.org\/de\/wp-json\/wp\/v2\/types\/page"}],"author":[{"embeddable":true,"href":"https:\/\/exceladvisor.org\/de\/wp-json\/wp\/v2\/users\/1"}],"replies":[{"embeddable":true,"href":"https:\/\/exceladvisor.org\/de\/wp-json\/wp\/v2\/comments?post=3073"}],"version-history":[{"count":1,"href":"https:\/\/exceladvisor.org\/de\/wp-json\/wp\/v2\/pages\/3073\/revisions"}],"predecessor-version":[{"id":4172,"href":"https:\/\/exceladvisor.org\/de\/wp-json\/wp\/v2\/pages\/3073\/revisions\/4172"}],"wp:attachment":[{"href":"https:\/\/exceladvisor.org\/de\/wp-json\/wp\/v2\/media?parent=3073"}],"curies":[{"name":"wp","href":"https:\/\/api.w.org\/{rel}","templated":true}]}}