{"id":3076,"date":"2023-11-16T09:01:55","date_gmt":"2023-11-16T09:01:55","guid":{"rendered":"https:\/\/exceladvisor.org\/de\/vergleichen-sie-zwei-daten\/"},"modified":"2023-12-03T13:05:22","modified_gmt":"2023-12-03T13:05:22","slug":"vergleichen-sie-zwei-daten","status":"publish","type":"page","link":"https:\/\/exceladvisor.org\/de\/vergleichen-sie-zwei-daten\/","title":{"rendered":"Wie vergleiche ich zwei daten in excel?"},"content":{"rendered":"<div class=\"excel-vor-dem-inhalt\" id=\"excel-2761868667\"><script type=\"text\/javascript\">\r\n\tatOptions = {\r\n\t\t'key' : 'c1158f160081d6540a8409e6925dab94',\r\n\t\t'format' : 'iframe',\r\n\t\t'height' : 250,\r\n\t\t'width' : 300,\r\n\t\t'params' : {}\r\n\t};\r\n<\/script>\r\n<script type=\"text\/javascript\" src=\"\/\/www.highperformanceformat.com\/c1158f160081d6540a8409e6925dab94\/invoke.js\"><\/script><\/div> <p>In Excel k\u00f6nnen Sie zwei Daten mithilfe einer schnellen und einfachen Formel vergleichen, die im Ergebnis WAHR oder FALSCH zur\u00fcckgeben kann. Sie k\u00f6nnen auch die IF-Funktion verwenden, um beim Vergleich zweier Daten die benutzerdefinierte Nachricht im Ergebnis abzurufen.<\/p><p> Im folgenden Beispiel haben wir zwei unterschiedliche Datumsangaben in den Zellen A1 und B1. <\/p><div class=\"wp-block-image\"><figure class=\"aligncenter size-full is-resized\"><img loading=\"lazy\" decoding=\"async\" class=\"wp-image-64884\" src=\"https:\/\/exceladvisor.org\/wp-content\/uploads\/2023\/08\/1-comparer-deux-dates.png\" sizes=\"auto, \" srcset=\"\" alt=\"Vergleiche zwei Daten\" width=\"388\" height=\"274\"><\/figure><\/div><p> Sie k\u00f6nnen die folgenden Schritte verwenden:<\/p><ol type=\"1\"><li> Geben Sie zun\u00e4chst das Gleichheitszeichen \u201e=\u201c in Zelle C1 ein.<\/li><li> Schauen Sie sich nun Zelle A1 an, in der Sie das erste Datum haben.<\/li><li> Geben Sie dann erneut das Gleichheitszeichen \u201e=\u201c ein.<\/li><li> Schauen Sie sich danach Zelle B1 an, in der sich das zweite Datum befindet.<\/li><li> Dr\u00fccken Sie am Ende die Eingabetaste. <\/li><\/ol><pre class=\"wp-block-code\"> <code class=\"language-excel-formula\" lang=\"excel-formula\">=A1=B1<\/code><\/pre><div class=\"wp-block-image\"><figure class=\"aligncenter size-full is-resized\"><img loading=\"lazy\" decoding=\"async\" class=\"wp-image-64885\" src=\"https:\/\/exceladvisor.org\/wp-content\/uploads\/2023\/08\/2-formules-pour-comparer-les-dates.png\" sizes=\"auto, \" srcset=\"\" alt=\"Formel zum Vergleichen von Daten\" width=\"414\" height=\"229\"><\/figure><\/div><p> Sp\u00e4ter in diesem Tutorial werden wir uns einige verschiedene Beispiele ansehen, um es zu verstehen.<\/p><h2 class=\"wp-block-heading\"> Vergleichen Sie, WENN ein Datum gr\u00f6\u00dfer als ein anderes Datum ist<\/h2><p> Im folgenden Beispiel haben wir das erste Datum mit dem zweiten verglichen, wenn das erste Datum gr\u00f6\u00dfer als das zweite Datum ist. <\/p><pre class=\"wp-block-code\"> <code class=\"language-excel-formula\" lang=\"excel-formula\">=A1&gt;B1<\/code><\/pre><div class=\"wp-block-image\"><figure class=\"aligncenter size-full is-resized\"><img loading=\"lazy\" decoding=\"async\" class=\"wp-image-64886\" src=\"https:\/\/exceladvisor.org\/wp-content\/uploads\/2023\/08\/3-comparer-plus-grande-date.png\" sizes=\"auto, \" srcset=\"\" alt=\"vergleichen-gr\u00f6\u00dftes-datum\" width=\"424\" height=\"234\"><\/figure><\/div><p> In der Formel haben wir dazu den Gr\u00f6\u00dfer-als-Operator verwendet.<\/p><h2 class=\"wp-block-heading\"> Vergleichen Sie ein Datum mit dem heutigen Datum<\/h2><p> Wenn Sie ein Datum mit dem heutigen Datum vergleichen m\u00f6chten, k\u00f6nnen Sie ebenfalls die Funktion HEUTE verwenden. Im folgenden Beispiel haben wir die Funktion HEUTE verwendet und sie dann mit einem anderen Datum verglichen. <\/p><div class=\"wp-block-image\"><figure class=\"aligncenter size-full is-resized\"><img loading=\"lazy\" decoding=\"async\" class=\"wp-image-64887\" src=\"https:\/\/exceladvisor.org\/wp-content\/uploads\/2023\/08\/4-comparer-la-date-avec-aujourdhui.png\" sizes=\"auto, \" srcset=\"\" alt=\"Datum-mit-heute vergleichen\" width=\"421\" height=\"263\"><\/figure><\/div><pre class=\"wp-block-code\"> <code class=\"language-excel-formula\" lang=\"excel-formula\">=A5=TODAY()<\/code><\/pre><div class=\"gb-container gb-container-52dfcee1 gb-container-sample-file\"><h2 class=\"gb-headline gb-headline-e289c143 gb-headline-text gb-headline-4f7959c2\"> Holen Sie sich die Excel-Datei<\/h2> <a class=\"gb-button gb-button-e88d6bee gb-button-text gb-button-button1\" href=\"https:\/\/exceladvisor.org\/wp-content\/uploads\/2023\/08\/comparer-les-dates.xlsx\" rel=\"nofollow\">Herunterladen<\/a><\/div><div class=\"gb-container gb-container-0df56012 gb-container-mt\"> <a class=\"gb-button gb-button-f9f432f4 gb-button-text gb-button-mt-button\" href=\"https:\/\/exceladvisor.org\/de\/formeln\/\">Liste der Excel-Formeln<\/a><h2 class=\"gb-headline gb-headline-233444e8 gb-headline-text gb-headline-mt-heading\"> Verwandte Formeln <\/h2><div class=\"gb-grid-wrapper gb-grid-wrapper-a16fa65c gb-grid-wrapper-mt-grid\"><div class=\"gb-grid-column gb-grid-column-50d07e0d\"><div class=\"gb-container gb-container-50d07e0d\"><ul><li> <a href=\"https:\/\/exceladvisor.org\/de\/datum-in-zahl-umwandeln\/\">Konvertieren Sie ein Datum in eine Zahl in Excel<\/a><\/li><li> <a href=\"https:\/\/exceladvisor.org\/de\/text-bis-heute\/\">Konvertieren Sie Text in Excel in ein Datum<\/a><\/li><li> <a href=\"https:\/\/exceladvisor.org\/de\/datumsbereich\/\">Erstellen Sie einen Datumsbereich in Excel<\/a><\/li><li> <a href=\"https:\/\/exceladvisor.org\/de\/benutzerdefinierte-datumsformate\/\">Benutzerdefinierte Datumsformate in Excel<\/a> <\/li><\/ul><\/div><\/div><div class=\"gb-grid-column gb-grid-column-5b4a0cf9\"><div class=\"gb-container gb-container-5b4a0cf9\"><ul><li> <a href=\"https:\/\/exceladvisor.org\/de\/hervorhebung-zwischen-zwei-daten\/\">Markieren Sie Daten zwischen zwei Daten in Excel<\/a><\/li><li> <a href=\"https:\/\/exceladvisor.org\/de\/zwei-daten-verketten\/\">Verketten Sie schnell zwei Daten in Excel<\/a><\/li><li> <a href=\"https:\/\/exceladvisor.org\/de\/zufallsdatengenerator\/\">Zufallsdatumsgenerator (Excel-Formel) in Excel<\/a><\/li><li> <a href=\"https:\/\/exceladvisor.org\/de\/kombinieren-sie-datum-und-uhrzeit\/\">Kombinieren Sie Datum und Uhrzeit in Excel<\/a><\/li><\/ul><\/div><\/div><\/div><\/div>","protected":false},"excerpt":{"rendered":"","protected":false},"author":1,"featured_media":0,"parent":0,"menu_order":0,"comment_status":"open","ping_status":"closed","template":"","meta":{"ub_ctt_via":"","footnotes":""},"class_list":["post-3076","page","type-page","status-publish","hentry"],"featured_image_src":null,"yoast_head":"<!-- This site is optimized with the Yoast SEO plugin v25.4 - https:\/\/yoast.com\/wordpress\/plugins\/seo\/ -->\n<title>\u25b7 Wie vergleiche ich zwei Daten in Excel? (Leitfaden 2023)<\/title>\n<meta name=\"description\" content=\"In diesem Tutorial lernen Sie die einfache Formel kennen, mit der Sie in allen Situationen zwei Datumsangaben in derselben Zelle kombinieren k\u00f6nnen ...\" \/>\n<meta name=\"robots\" content=\"index, follow, max-snippet:-1, max-image-preview:large, max-video-preview:-1\" \/>\n<link rel=\"canonical\" href=\"https:\/\/exceladvisor.org\/de\/vergleichen-sie-zwei-daten\/\" \/>\n<meta property=\"og:locale\" content=\"de_DE\" \/>\n<meta property=\"og:type\" content=\"article\" \/>\n<meta property=\"og:title\" content=\"\u25b7 Wie vergleiche ich zwei Daten in Excel? (Leitfaden 2023)\" \/>\n<meta property=\"og:description\" content=\"In diesem Tutorial lernen Sie die einfache Formel kennen, mit der Sie in allen Situationen zwei Datumsangaben in derselben Zelle kombinieren k\u00f6nnen ...\" \/>\n<meta property=\"og:url\" content=\"https:\/\/exceladvisor.org\/de\/vergleichen-sie-zwei-daten\/\" \/>\n<meta property=\"og:site_name\" content=\"Excel Advisor\" \/>\n<meta property=\"article:modified_time\" content=\"2023-12-03T13:05:22+00:00\" \/>\n<meta property=\"og:image\" content=\"https:\/\/exceladvisor.org\/wp-content\/uploads\/2023\/08\/1-comparer-deux-dates.png\" \/>\n<meta name=\"twitter:card\" content=\"summary_large_image\" \/>\n<meta name=\"twitter:label1\" content=\"Gesch\u00e4tzte Lesezeit\" \/>\n\t<meta name=\"twitter:data1\" content=\"1\u00a0Minute\" \/>\n<script type=\"application\/ld+json\" class=\"yoast-schema-graph\">{\"@context\":\"https:\/\/schema.org\",\"@graph\":[{\"@type\":\"WebPage\",\"@id\":\"https:\/\/exceladvisor.org\/de\/vergleichen-sie-zwei-daten\/\",\"url\":\"https:\/\/exceladvisor.org\/de\/vergleichen-sie-zwei-daten\/\",\"name\":\"\u25b7 Wie vergleiche ich zwei Daten in Excel? (Leitfaden 2023)\",\"isPartOf\":{\"@id\":\"https:\/\/exceladvisor.org\/de\/#website\"},\"primaryImageOfPage\":{\"@id\":\"https:\/\/exceladvisor.org\/de\/vergleichen-sie-zwei-daten\/#primaryimage\"},\"image\":{\"@id\":\"https:\/\/exceladvisor.org\/de\/vergleichen-sie-zwei-daten\/#primaryimage\"},\"thumbnailUrl\":\"https:\/\/exceladvisor.org\/wp-content\/uploads\/2023\/08\/1-comparer-deux-dates.png\",\"datePublished\":\"2023-11-16T09:01:55+00:00\",\"dateModified\":\"2023-12-03T13:05:22+00:00\",\"description\":\"In diesem Tutorial lernen Sie die einfache Formel kennen, mit der Sie in allen Situationen zwei Datumsangaben in derselben Zelle kombinieren k\u00f6nnen ...\",\"breadcrumb\":{\"@id\":\"https:\/\/exceladvisor.org\/de\/vergleichen-sie-zwei-daten\/#breadcrumb\"},\"inLanguage\":\"de\",\"potentialAction\":[{\"@type\":\"ReadAction\",\"target\":[\"https:\/\/exceladvisor.org\/de\/vergleichen-sie-zwei-daten\/\"]}]},{\"@type\":\"ImageObject\",\"inLanguage\":\"de\",\"@id\":\"https:\/\/exceladvisor.org\/de\/vergleichen-sie-zwei-daten\/#primaryimage\",\"url\":\"https:\/\/exceladvisor.org\/wp-content\/uploads\/2023\/08\/1-comparer-deux-dates.png\",\"contentUrl\":\"https:\/\/exceladvisor.org\/wp-content\/uploads\/2023\/08\/1-comparer-deux-dates.png\"},{\"@type\":\"BreadcrumbList\",\"@id\":\"https:\/\/exceladvisor.org\/de\/vergleichen-sie-zwei-daten\/#breadcrumb\",\"itemListElement\":[{\"@type\":\"ListItem\",\"position\":1,\"name\":\"Accueil\",\"item\":\"https:\/\/exceladvisor.org\/de\/\"},{\"@type\":\"ListItem\",\"position\":2,\"name\":\"Wie vergleiche ich zwei daten in excel?\"}]},{\"@type\":\"WebSite\",\"@id\":\"https:\/\/exceladvisor.org\/de\/#website\",\"url\":\"https:\/\/exceladvisor.org\/de\/\",\"name\":\"Excel Advisor\",\"description\":\"Ihr Leitfaden zur Datendominanz\",\"publisher\":{\"@id\":\"https:\/\/exceladvisor.org\/de\/#organization\"},\"potentialAction\":[{\"@type\":\"SearchAction\",\"target\":{\"@type\":\"EntryPoint\",\"urlTemplate\":\"https:\/\/exceladvisor.org\/de\/?s={search_term_string}\"},\"query-input\":{\"@type\":\"PropertyValueSpecification\",\"valueRequired\":true,\"valueName\":\"search_term_string\"}}],\"inLanguage\":\"de\"},{\"@type\":\"Organization\",\"@id\":\"https:\/\/exceladvisor.org\/de\/#organization\",\"name\":\"Excel Advisor\",\"url\":\"https:\/\/exceladvisor.org\/de\/\",\"logo\":{\"@type\":\"ImageObject\",\"inLanguage\":\"de\",\"@id\":\"https:\/\/exceladvisor.org\/de\/#\/schema\/logo\/image\/\",\"url\":\"https:\/\/exceladvisor.org\/de\/wp-content\/uploads\/2023\/11\/exceladvisor.org_.png\",\"contentUrl\":\"https:\/\/exceladvisor.org\/de\/wp-content\/uploads\/2023\/11\/exceladvisor.org_.png\",\"width\":105,\"height\":36,\"caption\":\"Excel Advisor\"},\"image\":{\"@id\":\"https:\/\/exceladvisor.org\/de\/#\/schema\/logo\/image\/\"}}]}<\/script>\n<!-- \/ Yoast SEO plugin. -->","yoast_head_json":{"title":"\u25b7 Wie vergleiche ich zwei Daten in Excel? (Leitfaden 2023)","description":"In diesem Tutorial lernen Sie die einfache Formel kennen, mit der Sie in allen Situationen zwei Datumsangaben in derselben Zelle kombinieren k\u00f6nnen ...","robots":{"index":"index","follow":"follow","max-snippet":"max-snippet:-1","max-image-preview":"max-image-preview:large","max-video-preview":"max-video-preview:-1"},"canonical":"https:\/\/exceladvisor.org\/de\/vergleichen-sie-zwei-daten\/","og_locale":"de_DE","og_type":"article","og_title":"\u25b7 Wie vergleiche ich zwei Daten in Excel? (Leitfaden 2023)","og_description":"In diesem Tutorial lernen Sie die einfache Formel kennen, mit der Sie in allen Situationen zwei Datumsangaben in derselben Zelle kombinieren k\u00f6nnen ...","og_url":"https:\/\/exceladvisor.org\/de\/vergleichen-sie-zwei-daten\/","og_site_name":"Excel Advisor","article_modified_time":"2023-12-03T13:05:22+00:00","og_image":[{"url":"https:\/\/exceladvisor.org\/wp-content\/uploads\/2023\/08\/1-comparer-deux-dates.png","type":"","width":"","height":""}],"twitter_card":"summary_large_image","twitter_misc":{"Gesch\u00e4tzte Lesezeit":"1\u00a0Minute"},"schema":{"@context":"https:\/\/schema.org","@graph":[{"@type":"WebPage","@id":"https:\/\/exceladvisor.org\/de\/vergleichen-sie-zwei-daten\/","url":"https:\/\/exceladvisor.org\/de\/vergleichen-sie-zwei-daten\/","name":"\u25b7 Wie vergleiche ich zwei Daten in Excel? (Leitfaden 2023)","isPartOf":{"@id":"https:\/\/exceladvisor.org\/de\/#website"},"primaryImageOfPage":{"@id":"https:\/\/exceladvisor.org\/de\/vergleichen-sie-zwei-daten\/#primaryimage"},"image":{"@id":"https:\/\/exceladvisor.org\/de\/vergleichen-sie-zwei-daten\/#primaryimage"},"thumbnailUrl":"https:\/\/exceladvisor.org\/wp-content\/uploads\/2023\/08\/1-comparer-deux-dates.png","datePublished":"2023-11-16T09:01:55+00:00","dateModified":"2023-12-03T13:05:22+00:00","description":"In diesem Tutorial lernen Sie die einfache Formel kennen, mit der Sie in allen Situationen zwei Datumsangaben in derselben Zelle kombinieren k\u00f6nnen ...","breadcrumb":{"@id":"https:\/\/exceladvisor.org\/de\/vergleichen-sie-zwei-daten\/#breadcrumb"},"inLanguage":"de","potentialAction":[{"@type":"ReadAction","target":["https:\/\/exceladvisor.org\/de\/vergleichen-sie-zwei-daten\/"]}]},{"@type":"ImageObject","inLanguage":"de","@id":"https:\/\/exceladvisor.org\/de\/vergleichen-sie-zwei-daten\/#primaryimage","url":"https:\/\/exceladvisor.org\/wp-content\/uploads\/2023\/08\/1-comparer-deux-dates.png","contentUrl":"https:\/\/exceladvisor.org\/wp-content\/uploads\/2023\/08\/1-comparer-deux-dates.png"},{"@type":"BreadcrumbList","@id":"https:\/\/exceladvisor.org\/de\/vergleichen-sie-zwei-daten\/#breadcrumb","itemListElement":[{"@type":"ListItem","position":1,"name":"Accueil","item":"https:\/\/exceladvisor.org\/de\/"},{"@type":"ListItem","position":2,"name":"Wie vergleiche ich zwei daten in excel?"}]},{"@type":"WebSite","@id":"https:\/\/exceladvisor.org\/de\/#website","url":"https:\/\/exceladvisor.org\/de\/","name":"Excel Advisor","description":"Ihr Leitfaden zur Datendominanz","publisher":{"@id":"https:\/\/exceladvisor.org\/de\/#organization"},"potentialAction":[{"@type":"SearchAction","target":{"@type":"EntryPoint","urlTemplate":"https:\/\/exceladvisor.org\/de\/?s={search_term_string}"},"query-input":{"@type":"PropertyValueSpecification","valueRequired":true,"valueName":"search_term_string"}}],"inLanguage":"de"},{"@type":"Organization","@id":"https:\/\/exceladvisor.org\/de\/#organization","name":"Excel Advisor","url":"https:\/\/exceladvisor.org\/de\/","logo":{"@type":"ImageObject","inLanguage":"de","@id":"https:\/\/exceladvisor.org\/de\/#\/schema\/logo\/image\/","url":"https:\/\/exceladvisor.org\/de\/wp-content\/uploads\/2023\/11\/exceladvisor.org_.png","contentUrl":"https:\/\/exceladvisor.org\/de\/wp-content\/uploads\/2023\/11\/exceladvisor.org_.png","width":105,"height":36,"caption":"Excel Advisor"},"image":{"@id":"https:\/\/exceladvisor.org\/de\/#\/schema\/logo\/image\/"}}]}},"yoast_meta":{"yoast_wpseo_title":"","yoast_wpseo_metadesc":"","yoast_wpseo_canonical":""},"_links":{"self":[{"href":"https:\/\/exceladvisor.org\/de\/wp-json\/wp\/v2\/pages\/3076","targetHints":{"allow":["GET"]}}],"collection":[{"href":"https:\/\/exceladvisor.org\/de\/wp-json\/wp\/v2\/pages"}],"about":[{"href":"https:\/\/exceladvisor.org\/de\/wp-json\/wp\/v2\/types\/page"}],"author":[{"embeddable":true,"href":"https:\/\/exceladvisor.org\/de\/wp-json\/wp\/v2\/users\/1"}],"replies":[{"embeddable":true,"href":"https:\/\/exceladvisor.org\/de\/wp-json\/wp\/v2\/comments?post=3076"}],"version-history":[{"count":1,"href":"https:\/\/exceladvisor.org\/de\/wp-json\/wp\/v2\/pages\/3076\/revisions"}],"predecessor-version":[{"id":4212,"href":"https:\/\/exceladvisor.org\/de\/wp-json\/wp\/v2\/pages\/3076\/revisions\/4212"}],"wp:attachment":[{"href":"https:\/\/exceladvisor.org\/de\/wp-json\/wp\/v2\/media?parent=3076"}],"curies":[{"name":"wp","href":"https:\/\/api.w.org\/{rel}","templated":true}]}}