{"id":3077,"date":"2023-11-16T08:37:01","date_gmt":"2023-11-16T08:37:01","guid":{"rendered":"https:\/\/exceladvisor.org\/de\/zeitformat-andern\/"},"modified":"2023-12-03T11:13:39","modified_gmt":"2023-12-03T11:13:39","slug":"zeitformat-andern","status":"publish","type":"page","link":"https:\/\/exceladvisor.org\/de\/zeitformat-andern\/","title":{"rendered":"Wie \u00e4ndere ich das zeitformat in excel?"},"content":{"rendered":"<div class=\"excel-vor-dem-inhalt\" id=\"excel-1227393199\"><script type=\"text\/javascript\">\r\n\tatOptions = {\r\n\t\t'key' : 'c1158f160081d6540a8409e6925dab94',\r\n\t\t'format' : 'iframe',\r\n\t\t'height' : 250,\r\n\t\t'width' : 300,\r\n\t\t'params' : {}\r\n\t};\r\n<\/script>\r\n<script type=\"text\/javascript\" src=\"\/\/www.highperformanceformat.com\/c1158f160081d6540a8409e6925dab94\/invoke.js\"><\/script><\/div> <p>Excel speichert die Zeit als Dezimalzahl. (0,412) steht f\u00fcr eine Stunde oder 1\/24. Und um einen Dezimalwert als Zeit zu formatieren, gibt es zwei verschiedene M\u00f6glichkeiten.<\/p><ul><li> Wenden Sie das Zeitformat auf dieselbe Zelle an.<\/li><li> Erstellen Sie in den verschiedenen Zellen einen neuen Zeitwert.<\/li><\/ul><h2 class=\"wp-block-heading\"> \u00c4ndern Sie das Zeitformat mithilfe einer benutzerdefinierten Formatierung<\/h2><p> Im folgenden Beispiel haben Sie einen Dezimalwert in Zelle A1 und m\u00fcssen nun das Zeitformat auf diese Zelle anwenden. <\/p><div class=\"wp-block-image\"><figure class=\"aligncenter size-full is-resized\"><img loading=\"lazy\" decoding=\"async\" class=\"wp-image-65994\" src=\"https:\/\/exceladvisor.org\/wp-content\/uploads\/2023\/08\/1-changer-le-format-de-lheure.png\" sizes=\"auto, \" srcset=\"\" alt=\"Zeitformat \u00e4ndern\" width=\"510\" height=\"340\"><\/figure><\/div><p> Mit den folgenden Schritten k\u00f6nnen Sie das Zeitformat \u00e4ndern. <\/p><div class=\"wp-block-image\"><figure class=\"aligncenter size-full is-resized\"><img loading=\"lazy\" decoding=\"async\" class=\"wp-image-65995\" src=\"https:\/\/exceladvisor.org\/wp-content\/uploads\/2023\/08\/2-categories-de-temps-sous-les-cellules-de-format.png\" sizes=\"auto, \" srcset=\"\" alt=\"Zeitkategorie-Unterformatzellen\" width=\"570\" height=\"495\"><\/figure><\/div><ol type=\"1\"><li> Verwenden Sie zun\u00e4chst die Tastenkombination Strg+1, um die Formatierungsoption zu \u00f6ffnen.<\/li><li> Klicken Sie anschlie\u00dfend in der Liste auf die Zeitoption.<\/li><li> W\u00e4hlen Sie nun auf der rechten Seite des Dialogfelds das Zeitformat aus, das Sie anwenden m\u00f6chten.<\/li><li> Klicken Sie abschlie\u00dfend auf OK, um das Format anzuwenden. <\/li><\/ol><div class=\"wp-block-image\"><figure class=\"aligncenter size-full is-resized\"><img loading=\"lazy\" decoding=\"async\" class=\"wp-image-65996\" src=\"https:\/\/exceladvisor.org\/wp-content\/uploads\/2023\/08\/3-format-dheure-mis-a-jour.png\" sizes=\"auto, \" srcset=\"\" alt=\"aktualisiertes Zeitformat\" width=\"487\" height=\"241\"><\/figure><\/div><p> Sie k\u00f6nnen jedes der Formate aus der Liste der Formate verwenden, die Sie im Dialogfeld \u201eFormatoptionen\u201c haben. <\/p><div class=\"wp-block-image\"><figure class=\"aligncenter size-full is-resized\"><img loading=\"lazy\" decoding=\"async\" class=\"wp-image-65997\" src=\"https:\/\/exceladvisor.org\/wp-content\/uploads\/2023\/08\/4-listes-de-formats-dheure.png\" sizes=\"auto, \" srcset=\"\" alt=\"Zeitlistenformat\" width=\"431\" height=\"291\"><\/figure><\/div><h2 class=\"wp-block-heading\"> Verwenden Sie die TEXT-Funktion, um das Zeitformat zu \u00e4ndern<\/h2><p> In Excel gibt es eine TEXT-Funktion, mit der Sie das Zeitformat \u00e4ndern k\u00f6nnen, um es in eine neue Zelle mit einem neuen Format zu \u00fcbertragen. Im folgenden Beispiel haben Sie einen Dezimalwert in Zelle A1.<\/p><p> Und um das Zeitformat zu \u00e4ndern, m\u00fcssen Sie die TEXT-Funktion verwenden. Sie k\u00f6nnen die folgenden Schritte verwenden: <\/p><div class=\"wp-block-image\"><figure class=\"aligncenter size-full is-resized\"><img loading=\"lazy\" decoding=\"async\" class=\"wp-image-65998\" src=\"https:\/\/exceladvisor.org\/wp-content\/uploads\/2023\/08\/5-fonction-de-texte-pour-le-changement-de-format-dheure.png\" sizes=\"auto, \" srcset=\"\" alt=\"Textfunktion zur Zeitformat\u00e4nderung\" width=\"487\" height=\"259\"><\/figure><\/div><ol type=\"1\"><li> Geben Sie zun\u00e4chst in Zelle B1 die Textfunktion (=TEXT) ein.<\/li><li> Beziehen Sie sich danach auf Zelle A1.<\/li><li> Geben Sie dann im zweiten Argument das Format an, das Sie zu diesem Zeitpunkt anwenden m\u00f6chten. Hier verwenden wir (hh:mm AM\/PM).<\/li><li> Geben Sie am Ende die schlie\u00dfende Klammer ein und dr\u00fccken Sie die Eingabetaste, um das Ergebnis zu erhalten. <\/li><\/ol><pre class=\"wp-block-code\"> <code class=\"language-excel-formula\" lang=\"excel-formula\">=TEXT(A1,\"hh:mm AM\/PM\")<\/code><\/pre><div class=\"gb-container gb-container-52dfcee1 gb-container-sample-file\"><h2 class=\"gb-headline gb-headline-e289c143 gb-headline-text gb-headline-4f7959c2\"> Holen Sie sich die Excel-Datei<\/h2><p> <a class=\"gb-button gb-button-e88d6bee gb-button-text gb-button-button1\" href=\"https:\/\/exceladvisor.org\/wp-content\/uploads\/2023\/08\/changer-le-format-de-lheure-2.xlsx\" rel=\"nofollow\">Herunterladen<\/a> <\/p><\/div><div class=\"wp-block-group more-tutorials is-layout-flow\"><div class=\"wp-block-group__inner-container\"><h2 class=\"wp-block-heading\"> Weitere Formeln <\/h2><div class=\"wp-block-columns is-layout-flex wp-container-3\"><div class=\"wp-block-column is-layout-flow\"><ul><li> <a href=\"https:\/\/exceladvisor.org\/de\/fugen-sie-stunden-hinzu\/\">Addieren Sie Stunden zur Zeit in Excel<\/a><\/li><li> <a href=\"https:\/\/exceladvisor.org\/de\/fugen-sie-der-zeit-minuten-hinzu\/\">Addieren Sie Minuten zur Zeit in Excel<\/a><\/li><li> <a href=\"https:\/\/exceladvisor.org\/de\/zeitunterschied-berechnen\/\">Differenz zwischen zwei Zeiten in Excel<\/a><\/li><li> <a href=\"https:\/\/exceladvisor.org\/de\/wehrdienst\/\">Milit\u00e4rzeit (erhalten und subtrahieren) in Excel<\/a><\/li><\/ul><\/div><div class=\"wp-block-column is-layout-flow\"><ul><li> <a href=\"https:\/\/exceladvisor.org\/de\/zeit-in-minuten-2\/\">Zeitwert in Minuten umrechnen (Excel-Formel)<\/a><\/li><li> <a href=\"https:\/\/exceladvisor.org\/de\/zeit-in-sekunden-2\/\">Konvertieren Sie den Zeitwert in Sekunden<\/a><\/li><li> <a href=\"https:\/\/exceladvisor.org\/de\/aktuelle-uhrzeit-2\/\">Aktuelle Uhrzeit abrufen (Excel-Formel)<\/a><\/li><li> <a href=\"https:\/\/exceladvisor.org\/de\/mittagsschlaf-2\/\">Summenzeit in Excel (Excel-Formel)<\/a><\/li><\/ul><\/div><\/div><p> \u21e0 Zur\u00fcck zur <a href=\"https:\/\/exceladvisor.org\/de\/formeln\/\">Liste mit \u00fcber 100 Excel-Formeln (Grundkenntnisse + Fortgeschrittene)<\/a><\/p><\/div><\/div>","protected":false},"excerpt":{"rendered":"","protected":false},"author":1,"featured_media":0,"parent":0,"menu_order":0,"comment_status":"open","ping_status":"closed","template":"","meta":{"ub_ctt_via":"","footnotes":""},"class_list":["post-3077","page","type-page","status-publish","hentry"],"featured_image_src":null,"yoast_head":"<!-- This site is optimized with the Yoast SEO plugin v25.4 - https:\/\/yoast.com\/wordpress\/plugins\/seo\/ -->\n<title>Wie \u00e4ndere ich das Zeitformat in Excel? (Tutorial 2023)<\/title>\n<meta name=\"description\" content=\"In diesem Tutorial erfahren Sie, wie Sie das Zeitformat mithilfe benutzerdefinierter Formatierung und Verwendung der Funktion \u00e4ndern\" \/>\n<meta name=\"robots\" content=\"index, follow, max-snippet:-1, max-image-preview:large, max-video-preview:-1\" \/>\n<link rel=\"canonical\" href=\"https:\/\/exceladvisor.org\/de\/zeitformat-andern\/\" \/>\n<meta property=\"og:locale\" content=\"de_DE\" \/>\n<meta property=\"og:type\" content=\"article\" \/>\n<meta property=\"og:title\" content=\"Wie \u00e4ndere ich das Zeitformat in Excel? (Tutorial 2023)\" \/>\n<meta property=\"og:description\" content=\"In diesem Tutorial erfahren Sie, wie Sie das Zeitformat mithilfe benutzerdefinierter Formatierung und Verwendung der Funktion \u00e4ndern\" \/>\n<meta property=\"og:url\" content=\"https:\/\/exceladvisor.org\/de\/zeitformat-andern\/\" \/>\n<meta property=\"og:site_name\" content=\"Excel Advisor\" \/>\n<meta property=\"article:modified_time\" content=\"2023-12-03T11:13:39+00:00\" \/>\n<meta property=\"og:image\" content=\"https:\/\/exceladvisor.org\/wp-content\/uploads\/2023\/08\/1-changer-le-format-de-lheure.png\" \/>\n<meta name=\"twitter:card\" content=\"summary_large_image\" \/>\n<meta name=\"twitter:label1\" content=\"Gesch\u00e4tzte Lesezeit\" \/>\n\t<meta name=\"twitter:data1\" content=\"2\u00a0Minuten\" \/>\n<script type=\"application\/ld+json\" class=\"yoast-schema-graph\">{\"@context\":\"https:\/\/schema.org\",\"@graph\":[{\"@type\":\"WebPage\",\"@id\":\"https:\/\/exceladvisor.org\/de\/zeitformat-andern\/\",\"url\":\"https:\/\/exceladvisor.org\/de\/zeitformat-andern\/\",\"name\":\"Wie \u00e4ndere ich das Zeitformat in Excel? (Tutorial 2023)\",\"isPartOf\":{\"@id\":\"https:\/\/exceladvisor.org\/de\/#website\"},\"primaryImageOfPage\":{\"@id\":\"https:\/\/exceladvisor.org\/de\/zeitformat-andern\/#primaryimage\"},\"image\":{\"@id\":\"https:\/\/exceladvisor.org\/de\/zeitformat-andern\/#primaryimage\"},\"thumbnailUrl\":\"https:\/\/exceladvisor.org\/wp-content\/uploads\/2023\/08\/1-changer-le-format-de-lheure.png\",\"datePublished\":\"2023-11-16T08:37:01+00:00\",\"dateModified\":\"2023-12-03T11:13:39+00:00\",\"description\":\"In diesem Tutorial erfahren Sie, wie Sie das Zeitformat mithilfe benutzerdefinierter Formatierung und Verwendung der Funktion \u00e4ndern\",\"breadcrumb\":{\"@id\":\"https:\/\/exceladvisor.org\/de\/zeitformat-andern\/#breadcrumb\"},\"inLanguage\":\"de\",\"potentialAction\":[{\"@type\":\"ReadAction\",\"target\":[\"https:\/\/exceladvisor.org\/de\/zeitformat-andern\/\"]}]},{\"@type\":\"ImageObject\",\"inLanguage\":\"de\",\"@id\":\"https:\/\/exceladvisor.org\/de\/zeitformat-andern\/#primaryimage\",\"url\":\"https:\/\/exceladvisor.org\/wp-content\/uploads\/2023\/08\/1-changer-le-format-de-lheure.png\",\"contentUrl\":\"https:\/\/exceladvisor.org\/wp-content\/uploads\/2023\/08\/1-changer-le-format-de-lheure.png\"},{\"@type\":\"BreadcrumbList\",\"@id\":\"https:\/\/exceladvisor.org\/de\/zeitformat-andern\/#breadcrumb\",\"itemListElement\":[{\"@type\":\"ListItem\",\"position\":1,\"name\":\"Accueil\",\"item\":\"https:\/\/exceladvisor.org\/de\/\"},{\"@type\":\"ListItem\",\"position\":2,\"name\":\"Wie \u00e4ndere ich das zeitformat in excel?\"}]},{\"@type\":\"WebSite\",\"@id\":\"https:\/\/exceladvisor.org\/de\/#website\",\"url\":\"https:\/\/exceladvisor.org\/de\/\",\"name\":\"Excel Advisor\",\"description\":\"Ihr Leitfaden zur Datendominanz\",\"publisher\":{\"@id\":\"https:\/\/exceladvisor.org\/de\/#organization\"},\"potentialAction\":[{\"@type\":\"SearchAction\",\"target\":{\"@type\":\"EntryPoint\",\"urlTemplate\":\"https:\/\/exceladvisor.org\/de\/?s={search_term_string}\"},\"query-input\":{\"@type\":\"PropertyValueSpecification\",\"valueRequired\":true,\"valueName\":\"search_term_string\"}}],\"inLanguage\":\"de\"},{\"@type\":\"Organization\",\"@id\":\"https:\/\/exceladvisor.org\/de\/#organization\",\"name\":\"Excel Advisor\",\"url\":\"https:\/\/exceladvisor.org\/de\/\",\"logo\":{\"@type\":\"ImageObject\",\"inLanguage\":\"de\",\"@id\":\"https:\/\/exceladvisor.org\/de\/#\/schema\/logo\/image\/\",\"url\":\"https:\/\/exceladvisor.org\/de\/wp-content\/uploads\/2023\/11\/exceladvisor.org_.png\",\"contentUrl\":\"https:\/\/exceladvisor.org\/de\/wp-content\/uploads\/2023\/11\/exceladvisor.org_.png\",\"width\":105,\"height\":36,\"caption\":\"Excel Advisor\"},\"image\":{\"@id\":\"https:\/\/exceladvisor.org\/de\/#\/schema\/logo\/image\/\"}}]}<\/script>\n<!-- \/ Yoast SEO plugin. -->","yoast_head_json":{"title":"Wie \u00e4ndere ich das Zeitformat in Excel? (Tutorial 2023)","description":"In diesem Tutorial erfahren Sie, wie Sie das Zeitformat mithilfe benutzerdefinierter Formatierung und Verwendung der Funktion \u00e4ndern","robots":{"index":"index","follow":"follow","max-snippet":"max-snippet:-1","max-image-preview":"max-image-preview:large","max-video-preview":"max-video-preview:-1"},"canonical":"https:\/\/exceladvisor.org\/de\/zeitformat-andern\/","og_locale":"de_DE","og_type":"article","og_title":"Wie \u00e4ndere ich das Zeitformat in Excel? (Tutorial 2023)","og_description":"In diesem Tutorial erfahren Sie, wie Sie das Zeitformat mithilfe benutzerdefinierter Formatierung und Verwendung der Funktion \u00e4ndern","og_url":"https:\/\/exceladvisor.org\/de\/zeitformat-andern\/","og_site_name":"Excel Advisor","article_modified_time":"2023-12-03T11:13:39+00:00","og_image":[{"url":"https:\/\/exceladvisor.org\/wp-content\/uploads\/2023\/08\/1-changer-le-format-de-lheure.png","type":"","width":"","height":""}],"twitter_card":"summary_large_image","twitter_misc":{"Gesch\u00e4tzte Lesezeit":"2\u00a0Minuten"},"schema":{"@context":"https:\/\/schema.org","@graph":[{"@type":"WebPage","@id":"https:\/\/exceladvisor.org\/de\/zeitformat-andern\/","url":"https:\/\/exceladvisor.org\/de\/zeitformat-andern\/","name":"Wie \u00e4ndere ich das Zeitformat in Excel? (Tutorial 2023)","isPartOf":{"@id":"https:\/\/exceladvisor.org\/de\/#website"},"primaryImageOfPage":{"@id":"https:\/\/exceladvisor.org\/de\/zeitformat-andern\/#primaryimage"},"image":{"@id":"https:\/\/exceladvisor.org\/de\/zeitformat-andern\/#primaryimage"},"thumbnailUrl":"https:\/\/exceladvisor.org\/wp-content\/uploads\/2023\/08\/1-changer-le-format-de-lheure.png","datePublished":"2023-11-16T08:37:01+00:00","dateModified":"2023-12-03T11:13:39+00:00","description":"In diesem Tutorial erfahren Sie, wie Sie das Zeitformat mithilfe benutzerdefinierter Formatierung und Verwendung der Funktion \u00e4ndern","breadcrumb":{"@id":"https:\/\/exceladvisor.org\/de\/zeitformat-andern\/#breadcrumb"},"inLanguage":"de","potentialAction":[{"@type":"ReadAction","target":["https:\/\/exceladvisor.org\/de\/zeitformat-andern\/"]}]},{"@type":"ImageObject","inLanguage":"de","@id":"https:\/\/exceladvisor.org\/de\/zeitformat-andern\/#primaryimage","url":"https:\/\/exceladvisor.org\/wp-content\/uploads\/2023\/08\/1-changer-le-format-de-lheure.png","contentUrl":"https:\/\/exceladvisor.org\/wp-content\/uploads\/2023\/08\/1-changer-le-format-de-lheure.png"},{"@type":"BreadcrumbList","@id":"https:\/\/exceladvisor.org\/de\/zeitformat-andern\/#breadcrumb","itemListElement":[{"@type":"ListItem","position":1,"name":"Accueil","item":"https:\/\/exceladvisor.org\/de\/"},{"@type":"ListItem","position":2,"name":"Wie \u00e4ndere ich das zeitformat in excel?"}]},{"@type":"WebSite","@id":"https:\/\/exceladvisor.org\/de\/#website","url":"https:\/\/exceladvisor.org\/de\/","name":"Excel Advisor","description":"Ihr Leitfaden zur Datendominanz","publisher":{"@id":"https:\/\/exceladvisor.org\/de\/#organization"},"potentialAction":[{"@type":"SearchAction","target":{"@type":"EntryPoint","urlTemplate":"https:\/\/exceladvisor.org\/de\/?s={search_term_string}"},"query-input":{"@type":"PropertyValueSpecification","valueRequired":true,"valueName":"search_term_string"}}],"inLanguage":"de"},{"@type":"Organization","@id":"https:\/\/exceladvisor.org\/de\/#organization","name":"Excel Advisor","url":"https:\/\/exceladvisor.org\/de\/","logo":{"@type":"ImageObject","inLanguage":"de","@id":"https:\/\/exceladvisor.org\/de\/#\/schema\/logo\/image\/","url":"https:\/\/exceladvisor.org\/de\/wp-content\/uploads\/2023\/11\/exceladvisor.org_.png","contentUrl":"https:\/\/exceladvisor.org\/de\/wp-content\/uploads\/2023\/11\/exceladvisor.org_.png","width":105,"height":36,"caption":"Excel Advisor"},"image":{"@id":"https:\/\/exceladvisor.org\/de\/#\/schema\/logo\/image\/"}}]}},"yoast_meta":{"yoast_wpseo_title":"","yoast_wpseo_metadesc":"","yoast_wpseo_canonical":""},"_links":{"self":[{"href":"https:\/\/exceladvisor.org\/de\/wp-json\/wp\/v2\/pages\/3077","targetHints":{"allow":["GET"]}}],"collection":[{"href":"https:\/\/exceladvisor.org\/de\/wp-json\/wp\/v2\/pages"}],"about":[{"href":"https:\/\/exceladvisor.org\/de\/wp-json\/wp\/v2\/types\/page"}],"author":[{"embeddable":true,"href":"https:\/\/exceladvisor.org\/de\/wp-json\/wp\/v2\/users\/1"}],"replies":[{"embeddable":true,"href":"https:\/\/exceladvisor.org\/de\/wp-json\/wp\/v2\/comments?post=3077"}],"version-history":[{"count":1,"href":"https:\/\/exceladvisor.org\/de\/wp-json\/wp\/v2\/pages\/3077\/revisions"}],"predecessor-version":[{"id":3848,"href":"https:\/\/exceladvisor.org\/de\/wp-json\/wp\/v2\/pages\/3077\/revisions\/3848"}],"wp:attachment":[{"href":"https:\/\/exceladvisor.org\/de\/wp-json\/wp\/v2\/media?parent=3077"}],"curies":[{"name":"wp","href":"https:\/\/api.w.org\/{rel}","templated":true}]}}