{"id":3078,"date":"2023-11-16T08:18:55","date_gmt":"2023-11-16T08:18:55","guid":{"rendered":"https:\/\/exceladvisor.org\/de\/zwei-daten-verketten\/"},"modified":"2023-12-03T11:22:18","modified_gmt":"2023-12-03T11:22:18","slug":"zwei-daten-verketten","status":"publish","type":"page","link":"https:\/\/exceladvisor.org\/de\/zwei-daten-verketten\/","title":{"rendered":"Wie kann man zwei daten schnell verketten?"},"content":{"rendered":"<div class=\"excel-vor-dem-inhalt\" id=\"excel-3738950118\"><script type=\"text\/javascript\">\r\n\tatOptions = {\r\n\t\t'key' : 'c1158f160081d6540a8409e6925dab94',\r\n\t\t'format' : 'iframe',\r\n\t\t'height' : 250,\r\n\t\t'width' : 300,\r\n\t\t'params' : {}\r\n\t};\r\n<\/script>\r\n<script type=\"text\/javascript\" src=\"\/\/www.highperformanceformat.com\/c1158f160081d6540a8409e6925dab94\/invoke.js\"><\/script><\/div> <p>Wie Sie wissen, wird in Excel ein Datum als fortlaufende Nummer gespeichert. Wenn Sie zwei Daten verketten m\u00f6chten, m\u00fcssen Sie eine bestimmte Formel verwenden.<\/p><p> In diesem Tutorial sehen wir uns alle Methoden an, mit denen Sie zwei Werte in einer einzelnen Zelle kombinieren k\u00f6nnen.<\/p><h2 class=\"wp-block-heading\"> Kombinieren Sie zwei Daten mit der Textfunktion<\/h2><p> Im folgenden Beispiel haben wir zwei Datumsangaben in Zelle A1 und Zelle B1. Und jetzt m\u00fcssen wir diese beiden in Zelle C1 kombinieren. <\/p><div class=\"wp-block-image\"><figure class=\"aligncenter size-full is-resized\"><img loading=\"lazy\" decoding=\"async\" class=\"wp-image-66017\" src=\"https:\/\/exceladvisor.org\/wp-content\/uploads\/2023\/08\/1-combiner-deux-dates-en-utilisant-la-fonction-de-texte.png\" sizes=\"auto, \" srcset=\"\" alt=\"Kombinieren Sie zwei Daten mit der Textfunktion\" width=\"701\" height=\"271\"><\/figure><\/div><p> Gehen Sie folgenderma\u00dfen vor, um eine Formel zum Verketten zweier Datumsangaben zu schreiben:<\/p><ol type=\"1\"><li> Verwenden Sie zun\u00e4chst die Textfunktion. Im Text bezieht sich die Funktion auf Zelle A1 und verwendet das Format \u201ett-mmm-jjjj\u201c, um das erste Datum als Text abzurufen.<\/li><li> Anschlie\u00dfend f\u00fcgen Sie mit einem kaufm\u00e4nnischen Und-Zeichen Text zwischen zwei Datumsangaben ein. Sie ben\u00f6tigen ein kaufm\u00e4nnisches Und, dann etwas Text und nach dem Text ein weiteres kaufm\u00e4nnisches Und.<\/li><li> Dann senden Sie der Funktion erneut einen Text und verweisen in der Textfunktion auf Zelle B1 und verwenden das Format \u201ett-mmm-jjjj\u201c, um das zweite Datum als Text zu erhalten.<\/li><li> Dr\u00fccken Sie am Ende die Eingabetaste, um das Ergebnis in Zelle C1 zu erhalten.<\/li><\/ol><pre class=\"wp-block-code\"> <code class=\"language-excel-formula\" lang=\"excel-formula\">=TEXT(A2,\"dd-mmm-yyyy\")&amp;\" to \"&amp;TEXT(B2,\"dd-mmm-yyyy\")<\/code><\/pre><h2 class=\"wp-block-heading\"> \u00c4ndern Sie das Format, wenn Sie Datumsangaben kombinieren<\/h2><p> Wenn Sie Datumsangaben mit der Textfunktion kombinieren, haben Sie die M\u00f6glichkeit, ein anderes Format zu verwenden. Im folgenden Beispiel k\u00f6nnen Sie sehen, dass wir ein langes Datumsformat verwendet haben. <\/p><div class=\"wp-block-image\"><figure class=\"aligncenter size-full is-resized\"><img loading=\"lazy\" decoding=\"async\" class=\"wp-image-66019\" src=\"https:\/\/exceladvisor.org\/wp-content\/uploads\/2023\/08\/2-formats-de-date-de-changement-dans-la-formule.png\" sizes=\"auto, \" srcset=\"\" alt=\"Datumsformate-in-der-Formel \u00e4ndern\" width=\"771\" height=\"242\"><\/figure><\/div><pre class=\"wp-block-code\"> <code class=\"language-excel-formula\" lang=\"excel-formula\">=TEXT(A2,\"mmmm dd, yyyy\")&amp;\" to \"&amp;TEXT(B2,\"mmmm dd, yyyy\")<\/code><\/pre><p> Ebenso k\u00f6nnen Sie ein anderes Datumsformat verwenden und es dann mit dem kaufm\u00e4nnischen Und kombinieren. <\/p><div class=\"gb-container gb-container-52dfcee1 gb-container-sample-file\"><h2 class=\"gb-headline gb-headline-e289c143 gb-headline-text gb-headline-4f7959c2\"> Holen Sie sich die Excel-Datei<\/h2> <a class=\"gb-button gb-button-e88d6bee gb-button-text gb-button-button1\" href=\"https:\/\/exceladvisor.org\/wp-content\/uploads\/2023\/08\/concatener-deux-dates-2.xlsx\" rel=\"nofollow\">Herunterladen<\/a><\/div><div class=\"gb-container gb-container-0df56012 gb-container-mt\"> <a class=\"gb-button gb-button-f9f432f4 gb-button-text gb-button-mt-button\" href=\"https:\/\/exceladvisor.org\/de\/formeln\/\">Liste der Excel-Formeln<\/a><h2 class=\"gb-headline gb-headline-233444e8 gb-headline-text gb-headline-mt-heading\"> Verwandte Formeln <\/h2><div class=\"gb-grid-wrapper gb-grid-wrapper-a16fa65c gb-grid-wrapper-mt-grid\"><div class=\"gb-grid-column gb-grid-column-50d07e0d\"><div class=\"gb-container gb-container-50d07e0d\"><ul><li> <a href=\"https:\/\/exceladvisor.org\/de\/vergleichen-sie-zwei-daten\/\">Vergleichen Sie zwei Daten in Excel<\/a><\/li><li> <a href=\"https:\/\/exceladvisor.org\/de\/datum-in-zahl-umwandeln\/\">Konvertieren Sie ein Datum in eine Zahl in Excel<\/a><\/li><li> <a href=\"https:\/\/exceladvisor.org\/de\/text-bis-heute\/\">Konvertieren Sie Text in Excel in ein Datum<\/a><\/li><li> <a href=\"https:\/\/exceladvisor.org\/de\/datumsbereich\/\">Erstellen Sie einen Datumsbereich in Excel<\/a> <\/li><\/ul><\/div><\/div><div class=\"gb-grid-column gb-grid-column-5b4a0cf9\"><div class=\"gb-container gb-container-5b4a0cf9\"><ul><li> <a href=\"https:\/\/exceladvisor.org\/de\/hervorhebung-zwischen-zwei-daten\/\">Markieren Sie Daten zwischen zwei Daten in Excel<\/a><\/li><li> <a href=\"https:\/\/exceladvisor.org\/de\/zufallsdatengenerator\/\">Zufallsdatumsgenerator (Excel-Formel) in Excel<\/a><\/li><li> <a href=\"https:\/\/exceladvisor.org\/de\/kombinieren-sie-datum-und-uhrzeit\/\">Kombinieren Sie Datum und Uhrzeit in Excel<\/a><\/li><li> <a href=\"https:\/\/exceladvisor.org\/de\/datum-wenn\/\">DATEDIF-Funktion in Excel<\/a><\/li><\/ul><\/div><\/div><\/div><\/div>","protected":false},"excerpt":{"rendered":"","protected":false},"author":1,"featured_media":0,"parent":0,"menu_order":0,"comment_status":"open","ping_status":"closed","template":"","meta":{"ub_ctt_via":"","footnotes":""},"class_list":["post-3078","page","type-page","status-publish","hentry"],"featured_image_src":null,"yoast_head":"<!-- This site is optimized with the Yoast SEO plugin v25.4 - https:\/\/yoast.com\/wordpress\/plugins\/seo\/ -->\n<title>Wie kann man zwei Daten schnell verketten? - Excel-Berater<\/title>\n<meta name=\"description\" content=\"In diesem Tutorial lernen Sie verschiedene M\u00f6glichkeiten kennen, zwei Datumsangaben in Excel mithilfe zweier einfach zu befolgender Methoden zu verketten.\" \/>\n<meta name=\"robots\" content=\"index, follow, max-snippet:-1, max-image-preview:large, max-video-preview:-1\" \/>\n<link rel=\"canonical\" href=\"https:\/\/exceladvisor.org\/de\/zwei-daten-verketten\/\" \/>\n<meta property=\"og:locale\" content=\"de_DE\" \/>\n<meta property=\"og:type\" content=\"article\" \/>\n<meta property=\"og:title\" content=\"Wie kann man zwei Daten schnell verketten? - Excel-Berater\" \/>\n<meta property=\"og:description\" content=\"In diesem Tutorial lernen Sie verschiedene M\u00f6glichkeiten kennen, zwei Datumsangaben in Excel mithilfe zweier einfach zu befolgender Methoden zu verketten.\" \/>\n<meta property=\"og:url\" content=\"https:\/\/exceladvisor.org\/de\/zwei-daten-verketten\/\" \/>\n<meta property=\"og:site_name\" content=\"Excel Advisor\" \/>\n<meta property=\"article:modified_time\" content=\"2023-12-03T11:22:18+00:00\" \/>\n<meta property=\"og:image\" content=\"https:\/\/exceladvisor.org\/wp-content\/uploads\/2023\/08\/1-combiner-deux-dates-en-utilisant-la-fonction-de-texte.png\" \/>\n<meta name=\"twitter:card\" content=\"summary_large_image\" \/>\n<meta name=\"twitter:label1\" content=\"Gesch\u00e4tzte Lesezeit\" \/>\n\t<meta name=\"twitter:data1\" content=\"2\u00a0Minuten\" \/>\n<script type=\"application\/ld+json\" class=\"yoast-schema-graph\">{\"@context\":\"https:\/\/schema.org\",\"@graph\":[{\"@type\":\"WebPage\",\"@id\":\"https:\/\/exceladvisor.org\/de\/zwei-daten-verketten\/\",\"url\":\"https:\/\/exceladvisor.org\/de\/zwei-daten-verketten\/\",\"name\":\"Wie kann man zwei Daten schnell verketten? - Excel-Berater\",\"isPartOf\":{\"@id\":\"https:\/\/exceladvisor.org\/de\/#website\"},\"primaryImageOfPage\":{\"@id\":\"https:\/\/exceladvisor.org\/de\/zwei-daten-verketten\/#primaryimage\"},\"image\":{\"@id\":\"https:\/\/exceladvisor.org\/de\/zwei-daten-verketten\/#primaryimage\"},\"thumbnailUrl\":\"https:\/\/exceladvisor.org\/wp-content\/uploads\/2023\/08\/1-combiner-deux-dates-en-utilisant-la-fonction-de-texte.png\",\"datePublished\":\"2023-11-16T08:18:55+00:00\",\"dateModified\":\"2023-12-03T11:22:18+00:00\",\"description\":\"In diesem Tutorial lernen Sie verschiedene M\u00f6glichkeiten kennen, zwei Datumsangaben in Excel mithilfe zweier einfach zu befolgender Methoden zu verketten.\",\"breadcrumb\":{\"@id\":\"https:\/\/exceladvisor.org\/de\/zwei-daten-verketten\/#breadcrumb\"},\"inLanguage\":\"de\",\"potentialAction\":[{\"@type\":\"ReadAction\",\"target\":[\"https:\/\/exceladvisor.org\/de\/zwei-daten-verketten\/\"]}]},{\"@type\":\"ImageObject\",\"inLanguage\":\"de\",\"@id\":\"https:\/\/exceladvisor.org\/de\/zwei-daten-verketten\/#primaryimage\",\"url\":\"https:\/\/exceladvisor.org\/wp-content\/uploads\/2023\/08\/1-combiner-deux-dates-en-utilisant-la-fonction-de-texte.png\",\"contentUrl\":\"https:\/\/exceladvisor.org\/wp-content\/uploads\/2023\/08\/1-combiner-deux-dates-en-utilisant-la-fonction-de-texte.png\"},{\"@type\":\"BreadcrumbList\",\"@id\":\"https:\/\/exceladvisor.org\/de\/zwei-daten-verketten\/#breadcrumb\",\"itemListElement\":[{\"@type\":\"ListItem\",\"position\":1,\"name\":\"Accueil\",\"item\":\"https:\/\/exceladvisor.org\/de\/\"},{\"@type\":\"ListItem\",\"position\":2,\"name\":\"Wie kann man zwei daten schnell verketten?\"}]},{\"@type\":\"WebSite\",\"@id\":\"https:\/\/exceladvisor.org\/de\/#website\",\"url\":\"https:\/\/exceladvisor.org\/de\/\",\"name\":\"Excel Advisor\",\"description\":\"Ihr Leitfaden zur Datendominanz\",\"publisher\":{\"@id\":\"https:\/\/exceladvisor.org\/de\/#organization\"},\"potentialAction\":[{\"@type\":\"SearchAction\",\"target\":{\"@type\":\"EntryPoint\",\"urlTemplate\":\"https:\/\/exceladvisor.org\/de\/?s={search_term_string}\"},\"query-input\":{\"@type\":\"PropertyValueSpecification\",\"valueRequired\":true,\"valueName\":\"search_term_string\"}}],\"inLanguage\":\"de\"},{\"@type\":\"Organization\",\"@id\":\"https:\/\/exceladvisor.org\/de\/#organization\",\"name\":\"Excel Advisor\",\"url\":\"https:\/\/exceladvisor.org\/de\/\",\"logo\":{\"@type\":\"ImageObject\",\"inLanguage\":\"de\",\"@id\":\"https:\/\/exceladvisor.org\/de\/#\/schema\/logo\/image\/\",\"url\":\"https:\/\/exceladvisor.org\/de\/wp-content\/uploads\/2023\/11\/exceladvisor.org_.png\",\"contentUrl\":\"https:\/\/exceladvisor.org\/de\/wp-content\/uploads\/2023\/11\/exceladvisor.org_.png\",\"width\":105,\"height\":36,\"caption\":\"Excel Advisor\"},\"image\":{\"@id\":\"https:\/\/exceladvisor.org\/de\/#\/schema\/logo\/image\/\"}}]}<\/script>\n<!-- \/ Yoast SEO plugin. -->","yoast_head_json":{"title":"Wie kann man zwei Daten schnell verketten? - Excel-Berater","description":"In diesem Tutorial lernen Sie verschiedene M\u00f6glichkeiten kennen, zwei Datumsangaben in Excel mithilfe zweier einfach zu befolgender Methoden zu verketten.","robots":{"index":"index","follow":"follow","max-snippet":"max-snippet:-1","max-image-preview":"max-image-preview:large","max-video-preview":"max-video-preview:-1"},"canonical":"https:\/\/exceladvisor.org\/de\/zwei-daten-verketten\/","og_locale":"de_DE","og_type":"article","og_title":"Wie kann man zwei Daten schnell verketten? - Excel-Berater","og_description":"In diesem Tutorial lernen Sie verschiedene M\u00f6glichkeiten kennen, zwei Datumsangaben in Excel mithilfe zweier einfach zu befolgender Methoden zu verketten.","og_url":"https:\/\/exceladvisor.org\/de\/zwei-daten-verketten\/","og_site_name":"Excel Advisor","article_modified_time":"2023-12-03T11:22:18+00:00","og_image":[{"url":"https:\/\/exceladvisor.org\/wp-content\/uploads\/2023\/08\/1-combiner-deux-dates-en-utilisant-la-fonction-de-texte.png","type":"","width":"","height":""}],"twitter_card":"summary_large_image","twitter_misc":{"Gesch\u00e4tzte Lesezeit":"2\u00a0Minuten"},"schema":{"@context":"https:\/\/schema.org","@graph":[{"@type":"WebPage","@id":"https:\/\/exceladvisor.org\/de\/zwei-daten-verketten\/","url":"https:\/\/exceladvisor.org\/de\/zwei-daten-verketten\/","name":"Wie kann man zwei Daten schnell verketten? - Excel-Berater","isPartOf":{"@id":"https:\/\/exceladvisor.org\/de\/#website"},"primaryImageOfPage":{"@id":"https:\/\/exceladvisor.org\/de\/zwei-daten-verketten\/#primaryimage"},"image":{"@id":"https:\/\/exceladvisor.org\/de\/zwei-daten-verketten\/#primaryimage"},"thumbnailUrl":"https:\/\/exceladvisor.org\/wp-content\/uploads\/2023\/08\/1-combiner-deux-dates-en-utilisant-la-fonction-de-texte.png","datePublished":"2023-11-16T08:18:55+00:00","dateModified":"2023-12-03T11:22:18+00:00","description":"In diesem Tutorial lernen Sie verschiedene M\u00f6glichkeiten kennen, zwei Datumsangaben in Excel mithilfe zweier einfach zu befolgender Methoden zu verketten.","breadcrumb":{"@id":"https:\/\/exceladvisor.org\/de\/zwei-daten-verketten\/#breadcrumb"},"inLanguage":"de","potentialAction":[{"@type":"ReadAction","target":["https:\/\/exceladvisor.org\/de\/zwei-daten-verketten\/"]}]},{"@type":"ImageObject","inLanguage":"de","@id":"https:\/\/exceladvisor.org\/de\/zwei-daten-verketten\/#primaryimage","url":"https:\/\/exceladvisor.org\/wp-content\/uploads\/2023\/08\/1-combiner-deux-dates-en-utilisant-la-fonction-de-texte.png","contentUrl":"https:\/\/exceladvisor.org\/wp-content\/uploads\/2023\/08\/1-combiner-deux-dates-en-utilisant-la-fonction-de-texte.png"},{"@type":"BreadcrumbList","@id":"https:\/\/exceladvisor.org\/de\/zwei-daten-verketten\/#breadcrumb","itemListElement":[{"@type":"ListItem","position":1,"name":"Accueil","item":"https:\/\/exceladvisor.org\/de\/"},{"@type":"ListItem","position":2,"name":"Wie kann man zwei daten schnell verketten?"}]},{"@type":"WebSite","@id":"https:\/\/exceladvisor.org\/de\/#website","url":"https:\/\/exceladvisor.org\/de\/","name":"Excel Advisor","description":"Ihr Leitfaden zur Datendominanz","publisher":{"@id":"https:\/\/exceladvisor.org\/de\/#organization"},"potentialAction":[{"@type":"SearchAction","target":{"@type":"EntryPoint","urlTemplate":"https:\/\/exceladvisor.org\/de\/?s={search_term_string}"},"query-input":{"@type":"PropertyValueSpecification","valueRequired":true,"valueName":"search_term_string"}}],"inLanguage":"de"},{"@type":"Organization","@id":"https:\/\/exceladvisor.org\/de\/#organization","name":"Excel Advisor","url":"https:\/\/exceladvisor.org\/de\/","logo":{"@type":"ImageObject","inLanguage":"de","@id":"https:\/\/exceladvisor.org\/de\/#\/schema\/logo\/image\/","url":"https:\/\/exceladvisor.org\/de\/wp-content\/uploads\/2023\/11\/exceladvisor.org_.png","contentUrl":"https:\/\/exceladvisor.org\/de\/wp-content\/uploads\/2023\/11\/exceladvisor.org_.png","width":105,"height":36,"caption":"Excel Advisor"},"image":{"@id":"https:\/\/exceladvisor.org\/de\/#\/schema\/logo\/image\/"}}]}},"yoast_meta":{"yoast_wpseo_title":"","yoast_wpseo_metadesc":"","yoast_wpseo_canonical":""},"_links":{"self":[{"href":"https:\/\/exceladvisor.org\/de\/wp-json\/wp\/v2\/pages\/3078","targetHints":{"allow":["GET"]}}],"collection":[{"href":"https:\/\/exceladvisor.org\/de\/wp-json\/wp\/v2\/pages"}],"about":[{"href":"https:\/\/exceladvisor.org\/de\/wp-json\/wp\/v2\/types\/page"}],"author":[{"embeddable":true,"href":"https:\/\/exceladvisor.org\/de\/wp-json\/wp\/v2\/users\/1"}],"replies":[{"embeddable":true,"href":"https:\/\/exceladvisor.org\/de\/wp-json\/wp\/v2\/comments?post=3078"}],"version-history":[{"count":1,"href":"https:\/\/exceladvisor.org\/de\/wp-json\/wp\/v2\/pages\/3078\/revisions"}],"predecessor-version":[{"id":4112,"href":"https:\/\/exceladvisor.org\/de\/wp-json\/wp\/v2\/pages\/3078\/revisions\/4112"}],"wp:attachment":[{"href":"https:\/\/exceladvisor.org\/de\/wp-json\/wp\/v2\/media?parent=3078"}],"curies":[{"name":"wp","href":"https:\/\/api.w.org\/{rel}","templated":true}]}}