{"id":3079,"date":"2023-11-16T08:05:21","date_gmt":"2023-11-16T08:05:21","guid":{"rendered":"https:\/\/exceladvisor.org\/de\/fugen-sie-die-gesamte-spalte-hinzu\/"},"modified":"2023-12-03T11:20:33","modified_gmt":"2023-12-03T11:20:33","slug":"fugen-sie-die-gesamte-spalte-hinzu","status":"publish","type":"page","link":"https:\/\/exceladvisor.org\/de\/fugen-sie-die-gesamte-spalte-hinzu\/","title":{"rendered":"Wie f\u00fcge ich eine ganze spalte oder zeile hinzu?"},"content":{"rendered":"<div class=\"excel-vor-dem-inhalt\" id=\"excel-31955446\"><script type=\"text\/javascript\">\r\n\tatOptions = {\r\n\t\t'key' : 'c1158f160081d6540a8409e6925dab94',\r\n\t\t'format' : 'iframe',\r\n\t\t'height' : 250,\r\n\t\t'width' : 300,\r\n\t\t'params' : {}\r\n\t};\r\n<\/script>\r\n<script type=\"text\/javascript\" src=\"\/\/www.highperformanceformat.com\/c1158f160081d6540a8409e6925dab94\/invoke.js\"><\/script><\/div> <p>In Excel k\u00f6nnen Sie mit der SUMME-Funktion die Werte einer ganzen Spalte oder Zeile addieren. In diesem Tutorial sehen wir alle Methoden, die wir daf\u00fcr verwenden k\u00f6nnen.<\/p><h2 class=\"wp-block-heading\"> F\u00fcgen Sie eine ganze Spalte hinzu<\/h2><p> Wie gesagt, Sie k\u00f6nnen die SUM-Funktion verwenden, um die Werte einer Spalte zu addieren. Hier sind die folgenden Schritte:<\/p><ol type=\"1\"><li> Geben Sie zun\u00e4chst \u201e=SUM\u201c in die Zelle ein, in der Sie die Summe berechnen m\u00f6chten.<\/li><li> Geben Sie als N\u00e4chstes die Anfangsklammern ein.<\/li><li> Beziehen Sie sich anschlie\u00dfend auf die Spalte, f\u00fcr die Sie die Summe berechnen m\u00f6chten.<\/li><li> Geben Sie am Ende schlie\u00dfende Klammern ein und dr\u00fccken Sie die Eingabetaste, um das Ergebnis zu erhalten. <\/li><\/ol><div class=\"wp-block-image\"><figure class=\"aligncenter size-full is-resized\"><img loading=\"lazy\" decoding=\"async\" class=\"wp-image-66032\" src=\"https:\/\/exceladvisor.org\/wp-content\/uploads\/2023\/08\/1-additionner-une-colonne-entiere.png\" sizes=\"auto, \" srcset=\"\" alt=\"Summe-eine-gesamte-Spalte\" width=\"476\" height=\"380\"><\/figure><\/div><p> Wie Sie im obigen Beispiel sehen k\u00f6nnen, haben wir die Summenfunktion verwendet und auf <strong>Spalte A<\/strong> verwiesen, um die Summe aller Werte in der Spalte zu erhalten. Und wenn Sie eine Zeile vollst\u00e4ndig zusammenfassen m\u00f6chten, m\u00fcssen Sie sich auf die Zeile beziehen, wie wir es im folgenden Beispiel getan haben. <\/p><div class=\"wp-block-image\"><figure class=\"aligncenter size-full is-resized\"><img loading=\"lazy\" decoding=\"async\" class=\"wp-image-66033\" src=\"https:\/\/exceladvisor.org\/wp-content\/uploads\/2023\/08\/2-formule-de-somme-a-la-colonne-de-somme.png\" sizes=\"auto, \" srcset=\"\" alt=\"Summenformel-zu-Summenspalte\" width=\"481\" height=\"351\"><\/figure><\/div><h2 class=\"wp-block-heading\"> Summe mehrerer Spalten und Zeilen<\/h2><p> Es kann vorkommen, dass Sie die Werte mehrerer Spalten oder Zeilen addieren m\u00fcssen. Dazu m\u00fcssen Sie die Methode verwenden, die wir im folgenden Beispiel verwendet haben. F\u00fcr mehrere Spalten: <\/p><div class=\"wp-block-image\"><figure class=\"aligncenter size-full is-resized\"><img loading=\"lazy\" decoding=\"async\" class=\"wp-image-66034\" src=\"https:\/\/exceladvisor.org\/wp-content\/uploads\/2023\/08\/3-additionner-plusieurs-lignes-et-colonnes.png\" sizes=\"auto, \" srcset=\"\" alt=\"Summe-viele-Zeilen-und-Spalten\" width=\"488\" height=\"341\"><\/figure><\/div><p> Bei mehreren Reihen: Reihe 1 und Reihe 2. <\/p><div class=\"wp-block-image\"><figure class=\"aligncenter size-full is-resized\"><img loading=\"lazy\" decoding=\"async\" class=\"wp-image-66035\" src=\"https:\/\/exceladvisor.org\/wp-content\/uploads\/2023\/08\/4-somme-pour-plusieurs-lignes.png\" sizes=\"auto, \" srcset=\"\" alt=\"Summe f\u00fcr mehrere Zeilen\" width=\"486\" height=\"400\"><\/figure><\/div><h2 class=\"wp-block-heading\"> Summe nicht benachbarter Spalten oder Zeilen<\/h2><p> Im folgenden Beispiel verf\u00fcgen Sie nun \u00fcber die Summenfunktion zum Hinzuf\u00fcgen mehrerer nicht benachbarter Spalten und Zeilen. Im folgenden Beispiel haben Sie die Formel zum Hinzuf\u00fcgen der Spalten A und C <\/p><div class=\"wp-block-image\"><figure class=\"aligncenter size-full is-resized\"><img loading=\"lazy\" decoding=\"async\" class=\"wp-image-66036\" src=\"https:\/\/exceladvisor.org\/wp-content\/uploads\/2023\/08\/Somme-de-5-lignes-de-colonnes-non-adjacentes.png\" sizes=\"auto, \" srcset=\"\" alt=\"Summe-nicht-angrenzender-Zeilen-Spalten\" width=\"477\" height=\"343\"><\/figure><\/div><p> Und in diesem Beispiel haben Sie die Formel verwendet, um nicht benachbarte Zeilen hinzuzuf\u00fcgen. <\/p><div class=\"wp-block-image\"><figure class=\"aligncenter size-full is-resized\"><img loading=\"lazy\" decoding=\"async\" class=\"wp-image-66037\" src=\"https:\/\/exceladvisor.org\/wp-content\/uploads\/2023\/08\/Formule-a-6-lignes-non-adjacentes.png\" sizes=\"auto, \" srcset=\"\" alt=\"Formel f\u00fcr die Summe nicht benachbarter Zeilen\" width=\"522\" height=\"429\"><\/figure><\/div><p> Im obigen Beispiel haben wir uns auf die Zeilen 1, 3 und 5 bezogen. Also wenn Sie m\u00f6chten.<\/p><h2 class=\"wp-block-heading\"> Wichtiger Punkt<\/h2><p> Es w\u00e4re besser zu bedenken, dass bei der Bezugnahme auf eine ganze Spalte oder Zeile immer die M\u00f6glichkeit einer falschen Summe besteht. Im folgenden Beispiel haben Sie Werte von Zelle A1 bis A16, beziehen sich aber auf die gesamte Spalte.<\/p><p> Wenn Sie einen Wert in eine der Zellen eingeben (auch aus Versehen), ber\u00fccksichtigt die Formel diesen Wert. <\/p><div class=\"wp-block-image\"><figure class=\"aligncenter size-full is-resized\"><img loading=\"lazy\" decoding=\"async\" class=\"wp-image-84437\" src=\"https:\/\/exceladvisor.org\/wp-content\/uploads\/2023\/08\/3-somme-incorrecte.png\" sizes=\"auto, \" srcset=\"\" alt=\"Falsche Summe\" width=\"405\" height=\"499\"><\/figure><\/div><p> Wenn Sie den Wert irgendwo in einer Zelle unter A16 haben, wird dieser Wert auch in die Summe einbezogen. <\/p><div class=\"gb-container gb-container-52dfcee1 gb-container-sample-file\"><h2 class=\"gb-headline gb-headline-e289c143 gb-headline-text gb-headline-4f7959c2\"> Holen Sie sich die Excel-Datei<\/h2> <a class=\"gb-button gb-button-e88d6bee gb-button-text gb-button-button1\" href=\"https:\/\/exceladvisor.org\/wp-content\/uploads\/2023\/11\/somme-toute-la-colonne-3.xlsx\" rel=\"nofollow\">Herunterladen<\/a><\/div><div class=\"gb-container gb-container-0df56012 gb-container-mt\"> <a class=\"gb-button gb-button-f9f432f4 gb-button-text gb-button-mt-button\" href=\"https:\/\/exceladvisor.org\/de\/formeln\/\">Liste der Excel-Formeln<\/a><h2 class=\"gb-headline gb-headline-233444e8 gb-headline-text gb-headline-mt-heading\"> Verwandte Formeln <\/h2><div class=\"gb-grid-wrapper gb-grid-wrapper-a16fa65c gb-grid-wrapper-mt-grid\"><div class=\"gb-grid-column gb-grid-column-50d07e0d\"><div class=\"gb-container gb-container-50d07e0d\"><ul><li> <a href=\"https:\/\/exceladvisor.org\/de\/fugen-sie-nur-sichtbare-zellen-hinzu\/\">Summieren Sie nur sichtbare Zellen in Excel<\/a><\/li><li> <a href=\"https:\/\/exceladvisor.org\/de\/fugen-sie-zufallige-zellen-hinzu\/\">Summe zuf\u00e4lliger Zellen in Excel<\/a><\/li><li> <a href=\"https:\/\/exceladvisor.org\/de\/gesamtlinie\/\">F\u00fcgen Sie in Excel eine Gesamtzeile hinzu<\/a><\/li><li> <a href=\"https:\/\/exceladvisor.org\/de\/autosumme-1\/\">Verwenden Sie AutoSumme schnell in Excel<\/a> <\/li><\/ul><\/div><\/div><div class=\"gb-grid-column gb-grid-column-5b4a0cf9\"><div class=\"gb-container gb-container-5b4a0cf9\"><\/div><\/div><\/div><\/div>","protected":false},"excerpt":{"rendered":"","protected":false},"author":1,"featured_media":0,"parent":0,"menu_order":0,"comment_status":"open","ping_status":"closed","template":"","meta":{"ub_ctt_via":"","footnotes":""},"class_list":["post-3079","page","type-page","status-publish","hentry"],"featured_image_src":null,"yoast_head":"<!-- This site is optimized with the Yoast SEO plugin v25.4 - https:\/\/yoast.com\/wordpress\/plugins\/seo\/ -->\n<title>\u25b7 Wie f\u00fcge ich eine ganze Spalte oder Zeile hinzu?<\/title>\n<meta name=\"description\" content=\"In diesem Tutorial erfahren Sie, wie Sie mithilfe einer einfachen Formel eine ganze Spalte oder Zeile in Excel hinzuf\u00fcgen\" \/>\n<meta name=\"robots\" content=\"index, follow, max-snippet:-1, max-image-preview:large, max-video-preview:-1\" \/>\n<link rel=\"canonical\" href=\"https:\/\/exceladvisor.org\/de\/fugen-sie-die-gesamte-spalte-hinzu\/\" \/>\n<meta property=\"og:locale\" content=\"de_DE\" \/>\n<meta property=\"og:type\" content=\"article\" \/>\n<meta property=\"og:title\" content=\"\u25b7 Wie f\u00fcge ich eine ganze Spalte oder Zeile hinzu?\" \/>\n<meta property=\"og:description\" content=\"In diesem Tutorial erfahren Sie, wie Sie mithilfe einer einfachen Formel eine ganze Spalte oder Zeile in Excel hinzuf\u00fcgen\" \/>\n<meta property=\"og:url\" content=\"https:\/\/exceladvisor.org\/de\/fugen-sie-die-gesamte-spalte-hinzu\/\" \/>\n<meta property=\"og:site_name\" content=\"Excel Advisor\" \/>\n<meta property=\"article:modified_time\" content=\"2023-12-03T11:20:33+00:00\" \/>\n<meta property=\"og:image\" content=\"https:\/\/exceladvisor.org\/wp-content\/uploads\/2023\/08\/1-additionner-une-colonne-entiere.png\" \/>\n<meta name=\"twitter:card\" content=\"summary_large_image\" \/>\n<meta name=\"twitter:label1\" content=\"Gesch\u00e4tzte Lesezeit\" \/>\n\t<meta name=\"twitter:data1\" content=\"2\u00a0Minuten\" \/>\n<script type=\"application\/ld+json\" class=\"yoast-schema-graph\">{\"@context\":\"https:\/\/schema.org\",\"@graph\":[{\"@type\":\"WebPage\",\"@id\":\"https:\/\/exceladvisor.org\/de\/fugen-sie-die-gesamte-spalte-hinzu\/\",\"url\":\"https:\/\/exceladvisor.org\/de\/fugen-sie-die-gesamte-spalte-hinzu\/\",\"name\":\"\u25b7 Wie f\u00fcge ich eine ganze Spalte oder Zeile hinzu?\",\"isPartOf\":{\"@id\":\"https:\/\/exceladvisor.org\/de\/#website\"},\"primaryImageOfPage\":{\"@id\":\"https:\/\/exceladvisor.org\/de\/fugen-sie-die-gesamte-spalte-hinzu\/#primaryimage\"},\"image\":{\"@id\":\"https:\/\/exceladvisor.org\/de\/fugen-sie-die-gesamte-spalte-hinzu\/#primaryimage\"},\"thumbnailUrl\":\"https:\/\/exceladvisor.org\/wp-content\/uploads\/2023\/08\/1-additionner-une-colonne-entiere.png\",\"datePublished\":\"2023-11-16T08:05:21+00:00\",\"dateModified\":\"2023-12-03T11:20:33+00:00\",\"description\":\"In diesem Tutorial erfahren Sie, wie Sie mithilfe einer einfachen Formel eine ganze Spalte oder Zeile in Excel hinzuf\u00fcgen\",\"breadcrumb\":{\"@id\":\"https:\/\/exceladvisor.org\/de\/fugen-sie-die-gesamte-spalte-hinzu\/#breadcrumb\"},\"inLanguage\":\"de\",\"potentialAction\":[{\"@type\":\"ReadAction\",\"target\":[\"https:\/\/exceladvisor.org\/de\/fugen-sie-die-gesamte-spalte-hinzu\/\"]}]},{\"@type\":\"ImageObject\",\"inLanguage\":\"de\",\"@id\":\"https:\/\/exceladvisor.org\/de\/fugen-sie-die-gesamte-spalte-hinzu\/#primaryimage\",\"url\":\"https:\/\/exceladvisor.org\/wp-content\/uploads\/2023\/08\/1-additionner-une-colonne-entiere.png\",\"contentUrl\":\"https:\/\/exceladvisor.org\/wp-content\/uploads\/2023\/08\/1-additionner-une-colonne-entiere.png\"},{\"@type\":\"BreadcrumbList\",\"@id\":\"https:\/\/exceladvisor.org\/de\/fugen-sie-die-gesamte-spalte-hinzu\/#breadcrumb\",\"itemListElement\":[{\"@type\":\"ListItem\",\"position\":1,\"name\":\"Accueil\",\"item\":\"https:\/\/exceladvisor.org\/de\/\"},{\"@type\":\"ListItem\",\"position\":2,\"name\":\"Wie f\u00fcge ich eine ganze spalte oder zeile hinzu?\"}]},{\"@type\":\"WebSite\",\"@id\":\"https:\/\/exceladvisor.org\/de\/#website\",\"url\":\"https:\/\/exceladvisor.org\/de\/\",\"name\":\"Excel Advisor\",\"description\":\"Ihr Leitfaden zur Datendominanz\",\"publisher\":{\"@id\":\"https:\/\/exceladvisor.org\/de\/#organization\"},\"potentialAction\":[{\"@type\":\"SearchAction\",\"target\":{\"@type\":\"EntryPoint\",\"urlTemplate\":\"https:\/\/exceladvisor.org\/de\/?s={search_term_string}\"},\"query-input\":{\"@type\":\"PropertyValueSpecification\",\"valueRequired\":true,\"valueName\":\"search_term_string\"}}],\"inLanguage\":\"de\"},{\"@type\":\"Organization\",\"@id\":\"https:\/\/exceladvisor.org\/de\/#organization\",\"name\":\"Excel Advisor\",\"url\":\"https:\/\/exceladvisor.org\/de\/\",\"logo\":{\"@type\":\"ImageObject\",\"inLanguage\":\"de\",\"@id\":\"https:\/\/exceladvisor.org\/de\/#\/schema\/logo\/image\/\",\"url\":\"https:\/\/exceladvisor.org\/de\/wp-content\/uploads\/2023\/11\/exceladvisor.org_.png\",\"contentUrl\":\"https:\/\/exceladvisor.org\/de\/wp-content\/uploads\/2023\/11\/exceladvisor.org_.png\",\"width\":105,\"height\":36,\"caption\":\"Excel Advisor\"},\"image\":{\"@id\":\"https:\/\/exceladvisor.org\/de\/#\/schema\/logo\/image\/\"}}]}<\/script>\n<!-- \/ Yoast SEO plugin. -->","yoast_head_json":{"title":"\u25b7 Wie f\u00fcge ich eine ganze Spalte oder Zeile hinzu?","description":"In diesem Tutorial erfahren Sie, wie Sie mithilfe einer einfachen Formel eine ganze Spalte oder Zeile in Excel hinzuf\u00fcgen","robots":{"index":"index","follow":"follow","max-snippet":"max-snippet:-1","max-image-preview":"max-image-preview:large","max-video-preview":"max-video-preview:-1"},"canonical":"https:\/\/exceladvisor.org\/de\/fugen-sie-die-gesamte-spalte-hinzu\/","og_locale":"de_DE","og_type":"article","og_title":"\u25b7 Wie f\u00fcge ich eine ganze Spalte oder Zeile hinzu?","og_description":"In diesem Tutorial erfahren Sie, wie Sie mithilfe einer einfachen Formel eine ganze Spalte oder Zeile in Excel hinzuf\u00fcgen","og_url":"https:\/\/exceladvisor.org\/de\/fugen-sie-die-gesamte-spalte-hinzu\/","og_site_name":"Excel Advisor","article_modified_time":"2023-12-03T11:20:33+00:00","og_image":[{"url":"https:\/\/exceladvisor.org\/wp-content\/uploads\/2023\/08\/1-additionner-une-colonne-entiere.png","type":"","width":"","height":""}],"twitter_card":"summary_large_image","twitter_misc":{"Gesch\u00e4tzte Lesezeit":"2\u00a0Minuten"},"schema":{"@context":"https:\/\/schema.org","@graph":[{"@type":"WebPage","@id":"https:\/\/exceladvisor.org\/de\/fugen-sie-die-gesamte-spalte-hinzu\/","url":"https:\/\/exceladvisor.org\/de\/fugen-sie-die-gesamte-spalte-hinzu\/","name":"\u25b7 Wie f\u00fcge ich eine ganze Spalte oder Zeile hinzu?","isPartOf":{"@id":"https:\/\/exceladvisor.org\/de\/#website"},"primaryImageOfPage":{"@id":"https:\/\/exceladvisor.org\/de\/fugen-sie-die-gesamte-spalte-hinzu\/#primaryimage"},"image":{"@id":"https:\/\/exceladvisor.org\/de\/fugen-sie-die-gesamte-spalte-hinzu\/#primaryimage"},"thumbnailUrl":"https:\/\/exceladvisor.org\/wp-content\/uploads\/2023\/08\/1-additionner-une-colonne-entiere.png","datePublished":"2023-11-16T08:05:21+00:00","dateModified":"2023-12-03T11:20:33+00:00","description":"In diesem Tutorial erfahren Sie, wie Sie mithilfe einer einfachen Formel eine ganze Spalte oder Zeile in Excel hinzuf\u00fcgen","breadcrumb":{"@id":"https:\/\/exceladvisor.org\/de\/fugen-sie-die-gesamte-spalte-hinzu\/#breadcrumb"},"inLanguage":"de","potentialAction":[{"@type":"ReadAction","target":["https:\/\/exceladvisor.org\/de\/fugen-sie-die-gesamte-spalte-hinzu\/"]}]},{"@type":"ImageObject","inLanguage":"de","@id":"https:\/\/exceladvisor.org\/de\/fugen-sie-die-gesamte-spalte-hinzu\/#primaryimage","url":"https:\/\/exceladvisor.org\/wp-content\/uploads\/2023\/08\/1-additionner-une-colonne-entiere.png","contentUrl":"https:\/\/exceladvisor.org\/wp-content\/uploads\/2023\/08\/1-additionner-une-colonne-entiere.png"},{"@type":"BreadcrumbList","@id":"https:\/\/exceladvisor.org\/de\/fugen-sie-die-gesamte-spalte-hinzu\/#breadcrumb","itemListElement":[{"@type":"ListItem","position":1,"name":"Accueil","item":"https:\/\/exceladvisor.org\/de\/"},{"@type":"ListItem","position":2,"name":"Wie f\u00fcge ich eine ganze spalte oder zeile hinzu?"}]},{"@type":"WebSite","@id":"https:\/\/exceladvisor.org\/de\/#website","url":"https:\/\/exceladvisor.org\/de\/","name":"Excel Advisor","description":"Ihr Leitfaden zur Datendominanz","publisher":{"@id":"https:\/\/exceladvisor.org\/de\/#organization"},"potentialAction":[{"@type":"SearchAction","target":{"@type":"EntryPoint","urlTemplate":"https:\/\/exceladvisor.org\/de\/?s={search_term_string}"},"query-input":{"@type":"PropertyValueSpecification","valueRequired":true,"valueName":"search_term_string"}}],"inLanguage":"de"},{"@type":"Organization","@id":"https:\/\/exceladvisor.org\/de\/#organization","name":"Excel Advisor","url":"https:\/\/exceladvisor.org\/de\/","logo":{"@type":"ImageObject","inLanguage":"de","@id":"https:\/\/exceladvisor.org\/de\/#\/schema\/logo\/image\/","url":"https:\/\/exceladvisor.org\/de\/wp-content\/uploads\/2023\/11\/exceladvisor.org_.png","contentUrl":"https:\/\/exceladvisor.org\/de\/wp-content\/uploads\/2023\/11\/exceladvisor.org_.png","width":105,"height":36,"caption":"Excel Advisor"},"image":{"@id":"https:\/\/exceladvisor.org\/de\/#\/schema\/logo\/image\/"}}]}},"yoast_meta":{"yoast_wpseo_title":"","yoast_wpseo_metadesc":"","yoast_wpseo_canonical":""},"_links":{"self":[{"href":"https:\/\/exceladvisor.org\/de\/wp-json\/wp\/v2\/pages\/3079","targetHints":{"allow":["GET"]}}],"collection":[{"href":"https:\/\/exceladvisor.org\/de\/wp-json\/wp\/v2\/pages"}],"about":[{"href":"https:\/\/exceladvisor.org\/de\/wp-json\/wp\/v2\/types\/page"}],"author":[{"embeddable":true,"href":"https:\/\/exceladvisor.org\/de\/wp-json\/wp\/v2\/users\/1"}],"replies":[{"embeddable":true,"href":"https:\/\/exceladvisor.org\/de\/wp-json\/wp\/v2\/comments?post=3079"}],"version-history":[{"count":1,"href":"https:\/\/exceladvisor.org\/de\/wp-json\/wp\/v2\/pages\/3079\/revisions"}],"predecessor-version":[{"id":4013,"href":"https:\/\/exceladvisor.org\/de\/wp-json\/wp\/v2\/pages\/3079\/revisions\/4013"}],"wp:attachment":[{"href":"https:\/\/exceladvisor.org\/de\/wp-json\/wp\/v2\/media?parent=3079"}],"curies":[{"name":"wp","href":"https:\/\/api.w.org\/{rel}","templated":true}]}}