{"id":3080,"date":"2023-11-16T06:38:44","date_gmt":"2023-11-16T06:38:44","guid":{"rendered":"https:\/\/exceladvisor.org\/de\/zeile-loschen\/"},"modified":"2023-12-03T13:04:20","modified_gmt":"2023-12-03T13:04:20","slug":"zeile-loschen","status":"publish","type":"page","link":"https:\/\/exceladvisor.org\/de\/zeile-loschen\/","title":{"rendered":"Wie l\u00f6sche ich zeilen mit einer excel-verkn\u00fcpfung?"},"content":{"rendered":"<div class=\"excel-vor-dem-inhalt\" id=\"excel-243929799\"><script type=\"text\/javascript\">\r\n\tatOptions = {\r\n\t\t'key' : 'c1158f160081d6540a8409e6925dab94',\r\n\t\t'format' : 'iframe',\r\n\t\t'height' : 250,\r\n\t\t'width' : 300,\r\n\t\t'params' : {}\r\n\t};\r\n<\/script>\r\n<script type=\"text\/javascript\" src=\"\/\/www.highperformanceformat.com\/c1158f160081d6540a8409e6925dab94\/invoke.js\"><\/script><\/div> <p>Beim Arbeiten in Excel m\u00f6chten Benutzer h\u00e4ufig unn\u00f6tige oder unerw\u00fcnschte Zeilen entfernen, um die Daten klar und sauber zu machen. Hierzu bietet Excel jederzeit die M\u00f6glichkeit, Zeilen zu l\u00f6schen.<\/p><p> Das L\u00f6schen der Zeile ist so einfach wie das Hinzuf\u00fcgen der Zeile in Excel und die Zeile kann manuell oder \u00fcber Tastaturk\u00fcrzel gel\u00f6scht werden.<\/p><h2 class=\"wp-block-heading\"> Tastenkombination zum L\u00f6schen einer Zeile in Excel<\/h2><p> Die Tastenkombination zum L\u00f6schen von Zeilen ist wie folgt und kann auf zwei Arten verwendet werden. <\/p><div class=\"wp-block-image\"><figure class=\"aligncenter size-full is-resized\"><img loading=\"lazy\" decoding=\"async\" class=\"wp-image-67529\" src=\"https:\/\/exceladvisor.org\/wp-content\/uploads\/2023\/08\/1-raccourci-pour-supprimer-la-ligne.png\" sizes=\"auto, \" srcset=\"\" alt=\"Verkn\u00fcpfung zum L\u00f6schen einer Zeile\" width=\"816\" height=\"320\"><\/figure><\/div><p> Strg + Minuszeichen (-)<\/p><h2 class=\"wp-block-heading\"> Schritte zum L\u00f6schen von Zeilen mithilfe einer Tastenkombination<\/h2><ol><li> Dr\u00fccken Sie zun\u00e4chst die Tastenkombination \u201eUmschalt + Leertaste\u201c, um die gesamte Zeile auszuw\u00e4hlen, und dr\u00fccken Sie dann einfach \u201eStrg + Minuszeichen (-), um die ausgew\u00e4hlte Zeile zu l\u00f6schen.\u201c<\/li><li> Oder klicken Sie auf eine beliebige Zelle in der Zeile, die Sie l\u00f6schen m\u00f6chten, und dr\u00fccken Sie die Tastenkombination \u201eStrg + Minuszeichen (-)\u201c.<\/li><li> Falls Sie mehrere nicht aufeinanderfolgende Zeilen l\u00f6schen m\u00f6chten, halten Sie die \u201eStrg\u201c-Taste gedr\u00fcckt und klicken Sie nacheinander auf eine beliebige Zelle in jeder Zeile, die Sie l\u00f6schen m\u00f6chten. Dr\u00fccken Sie dann die Tastenkombination \u201eStrg + Vorzeichen weniger (-)\u201c. . <br><img loading=\"lazy\" decoding=\"async\" title=\"2-mehrere-Zellen ausw\u00e4hlen\" src=\"https:\/\/exceladvisor.org\/wp-content\/uploads\/2023\/08\/2-selectionner-les-multiples-cellules.png\" sizes=\"auto, \" srcset=\"\" alt=\"select-the-multiple-cells\" width=\"544\" height=\"235\"><\/li><li> Danach \u00f6ffnet sich das Dialogfeld \u201eL\u00f6schen\u201c und w\u00e4hlen Sie mit der Abw\u00e4rtspfeiltaste das Optionsfeld \u201eAlle Zeilen\u201c aus.<\/li><li> Dr\u00fccken Sie nun die \u201eEnter\u201c-Taste und Sie l\u00f6schen diese Zeilen. <br><img decoding=\"async\" title=\"3-Gesamte-Zeile ausw\u00e4hlen\" src=\"https:\/\/exceladvisor.org\/wp-content\/uploads\/2023\/08\/3-selectionner-la-ligne-entiere.png\" sizes=\"\" srcset=\"\" alt=\"select-entire-row\"><\/li><\/ol><div class=\"wp-block-group more-tutorials is-layout-flow\"><div class=\"wp-block-group__inner-container\"><h2 class=\"wp-block-heading\"> Weitere Tutorials <\/h2><div class=\"wp-block-columns is-layout-flex wp-container-79\"><div class=\"wp-block-column is-layout-flow\"><ul><li> <a href=\"https:\/\/exceladvisor.org\/de\/spalte-1-hinzufugen\/\">F\u00fcgen Sie eine Spalte hinzu<\/a><\/li><li> <a href=\"https:\/\/exceladvisor.org\/de\/zelle-loschen\/\">Zelle l\u00f6schen<\/a><\/li><li> <a href=\"https:\/\/exceladvisor.org\/de\/zelle-bearbeiten\/\">Zelle bearbeiten<\/a><\/li><li> <a href=\"https:\/\/exceladvisor.org\/de\/spalten-anzeigen\/\">Spalten anzeigen<\/a><\/li><\/ul><\/div><div class=\"wp-block-column is-layout-flow\"><ul><li> <a href=\"https:\/\/exceladvisor.org\/de\/eine-zelle-einfugen\/\">F\u00fcgen Sie eine Zelle ein<\/a><\/li><li> <a href=\"https:\/\/exceladvisor.org\/de\/eine-zeile-einfugen\/\">Einf\u00fcgen \u2013 Zeilen hinzuf\u00fcgen<\/a><\/li><li> <a href=\"https:\/\/exceladvisor.org\/de\/zellen-verschmelzen-dissoziieren-1\/\">Zellen zusammenf\u00fchren und wieder aufheben<\/a><\/li><\/ul><\/div><\/div><p> \u21e0 Zur\u00fcck zu <a href=\"https:\/\/exceladvisor.org\/de\/tastaturkurzel\/\">Excel-Verkn\u00fcpfungen (PDF-Spickzettel)<\/a><\/p><\/div><\/div>","protected":false},"excerpt":{"rendered":"","protected":false},"author":1,"featured_media":0,"parent":0,"menu_order":0,"comment_status":"open","ping_status":"closed","template":"","meta":{"ub_ctt_via":"","footnotes":""},"class_list":["post-3080","page","type-page","status-publish","hentry"],"featured_image_src":null,"yoast_head":"<!-- This site is optimized with the Yoast SEO plugin v25.4 - https:\/\/yoast.com\/wordpress\/plugins\/seo\/ -->\n<title>\u25b7 Wie l\u00f6sche ich Zeilen mit einer Excel-Verkn\u00fcpfung?<\/title>\n<meta name=\"description\" content=\"In diesem Tutorial erfahren Sie, wie Sie mithilfe einer Tastenkombination Zeilen in einem Arbeitsblatt in Excel l\u00f6schen.\" \/>\n<meta name=\"robots\" content=\"index, follow, max-snippet:-1, max-image-preview:large, max-video-preview:-1\" \/>\n<link rel=\"canonical\" href=\"https:\/\/exceladvisor.org\/de\/zeile-loschen\/\" \/>\n<meta property=\"og:locale\" content=\"de_DE\" \/>\n<meta property=\"og:type\" content=\"article\" \/>\n<meta property=\"og:title\" content=\"\u25b7 Wie l\u00f6sche ich Zeilen mit einer Excel-Verkn\u00fcpfung?\" \/>\n<meta property=\"og:description\" content=\"In diesem Tutorial erfahren Sie, wie Sie mithilfe einer Tastenkombination Zeilen in einem Arbeitsblatt in Excel l\u00f6schen.\" \/>\n<meta property=\"og:url\" content=\"https:\/\/exceladvisor.org\/de\/zeile-loschen\/\" \/>\n<meta property=\"og:site_name\" content=\"Excel Advisor\" \/>\n<meta property=\"article:modified_time\" content=\"2023-12-03T13:04:20+00:00\" \/>\n<meta property=\"og:image\" content=\"https:\/\/exceladvisor.org\/wp-content\/uploads\/2023\/08\/1-raccourci-pour-supprimer-la-ligne.png\" \/>\n<meta name=\"twitter:card\" content=\"summary_large_image\" \/>\n<meta name=\"twitter:label1\" content=\"Gesch\u00e4tzte Lesezeit\" \/>\n\t<meta name=\"twitter:data1\" content=\"1\u00a0Minute\" \/>\n<script type=\"application\/ld+json\" class=\"yoast-schema-graph\">{\"@context\":\"https:\/\/schema.org\",\"@graph\":[{\"@type\":\"WebPage\",\"@id\":\"https:\/\/exceladvisor.org\/de\/zeile-loschen\/\",\"url\":\"https:\/\/exceladvisor.org\/de\/zeile-loschen\/\",\"name\":\"\u25b7 Wie l\u00f6sche ich Zeilen mit einer Excel-Verkn\u00fcpfung?\",\"isPartOf\":{\"@id\":\"https:\/\/exceladvisor.org\/de\/#website\"},\"primaryImageOfPage\":{\"@id\":\"https:\/\/exceladvisor.org\/de\/zeile-loschen\/#primaryimage\"},\"image\":{\"@id\":\"https:\/\/exceladvisor.org\/de\/zeile-loschen\/#primaryimage\"},\"thumbnailUrl\":\"https:\/\/exceladvisor.org\/wp-content\/uploads\/2023\/08\/1-raccourci-pour-supprimer-la-ligne.png\",\"datePublished\":\"2023-11-16T06:38:44+00:00\",\"dateModified\":\"2023-12-03T13:04:20+00:00\",\"description\":\"In diesem Tutorial erfahren Sie, wie Sie mithilfe einer Tastenkombination Zeilen in einem Arbeitsblatt in Excel l\u00f6schen.\",\"breadcrumb\":{\"@id\":\"https:\/\/exceladvisor.org\/de\/zeile-loschen\/#breadcrumb\"},\"inLanguage\":\"de\",\"potentialAction\":[{\"@type\":\"ReadAction\",\"target\":[\"https:\/\/exceladvisor.org\/de\/zeile-loschen\/\"]}]},{\"@type\":\"ImageObject\",\"inLanguage\":\"de\",\"@id\":\"https:\/\/exceladvisor.org\/de\/zeile-loschen\/#primaryimage\",\"url\":\"https:\/\/exceladvisor.org\/wp-content\/uploads\/2023\/08\/1-raccourci-pour-supprimer-la-ligne.png\",\"contentUrl\":\"https:\/\/exceladvisor.org\/wp-content\/uploads\/2023\/08\/1-raccourci-pour-supprimer-la-ligne.png\"},{\"@type\":\"BreadcrumbList\",\"@id\":\"https:\/\/exceladvisor.org\/de\/zeile-loschen\/#breadcrumb\",\"itemListElement\":[{\"@type\":\"ListItem\",\"position\":1,\"name\":\"Accueil\",\"item\":\"https:\/\/exceladvisor.org\/de\/\"},{\"@type\":\"ListItem\",\"position\":2,\"name\":\"Wie l\u00f6sche ich zeilen mit einer excel-verkn\u00fcpfung?\"}]},{\"@type\":\"WebSite\",\"@id\":\"https:\/\/exceladvisor.org\/de\/#website\",\"url\":\"https:\/\/exceladvisor.org\/de\/\",\"name\":\"Excel Advisor\",\"description\":\"Ihr Leitfaden zur Datendominanz\",\"publisher\":{\"@id\":\"https:\/\/exceladvisor.org\/de\/#organization\"},\"potentialAction\":[{\"@type\":\"SearchAction\",\"target\":{\"@type\":\"EntryPoint\",\"urlTemplate\":\"https:\/\/exceladvisor.org\/de\/?s={search_term_string}\"},\"query-input\":{\"@type\":\"PropertyValueSpecification\",\"valueRequired\":true,\"valueName\":\"search_term_string\"}}],\"inLanguage\":\"de\"},{\"@type\":\"Organization\",\"@id\":\"https:\/\/exceladvisor.org\/de\/#organization\",\"name\":\"Excel Advisor\",\"url\":\"https:\/\/exceladvisor.org\/de\/\",\"logo\":{\"@type\":\"ImageObject\",\"inLanguage\":\"de\",\"@id\":\"https:\/\/exceladvisor.org\/de\/#\/schema\/logo\/image\/\",\"url\":\"https:\/\/exceladvisor.org\/de\/wp-content\/uploads\/2023\/11\/exceladvisor.org_.png\",\"contentUrl\":\"https:\/\/exceladvisor.org\/de\/wp-content\/uploads\/2023\/11\/exceladvisor.org_.png\",\"width\":105,\"height\":36,\"caption\":\"Excel Advisor\"},\"image\":{\"@id\":\"https:\/\/exceladvisor.org\/de\/#\/schema\/logo\/image\/\"}}]}<\/script>\n<!-- \/ Yoast SEO plugin. -->","yoast_head_json":{"title":"\u25b7 Wie l\u00f6sche ich Zeilen mit einer Excel-Verkn\u00fcpfung?","description":"In diesem Tutorial erfahren Sie, wie Sie mithilfe einer Tastenkombination Zeilen in einem Arbeitsblatt in Excel l\u00f6schen.","robots":{"index":"index","follow":"follow","max-snippet":"max-snippet:-1","max-image-preview":"max-image-preview:large","max-video-preview":"max-video-preview:-1"},"canonical":"https:\/\/exceladvisor.org\/de\/zeile-loschen\/","og_locale":"de_DE","og_type":"article","og_title":"\u25b7 Wie l\u00f6sche ich Zeilen mit einer Excel-Verkn\u00fcpfung?","og_description":"In diesem Tutorial erfahren Sie, wie Sie mithilfe einer Tastenkombination Zeilen in einem Arbeitsblatt in Excel l\u00f6schen.","og_url":"https:\/\/exceladvisor.org\/de\/zeile-loschen\/","og_site_name":"Excel Advisor","article_modified_time":"2023-12-03T13:04:20+00:00","og_image":[{"url":"https:\/\/exceladvisor.org\/wp-content\/uploads\/2023\/08\/1-raccourci-pour-supprimer-la-ligne.png","type":"","width":"","height":""}],"twitter_card":"summary_large_image","twitter_misc":{"Gesch\u00e4tzte Lesezeit":"1\u00a0Minute"},"schema":{"@context":"https:\/\/schema.org","@graph":[{"@type":"WebPage","@id":"https:\/\/exceladvisor.org\/de\/zeile-loschen\/","url":"https:\/\/exceladvisor.org\/de\/zeile-loschen\/","name":"\u25b7 Wie l\u00f6sche ich Zeilen mit einer Excel-Verkn\u00fcpfung?","isPartOf":{"@id":"https:\/\/exceladvisor.org\/de\/#website"},"primaryImageOfPage":{"@id":"https:\/\/exceladvisor.org\/de\/zeile-loschen\/#primaryimage"},"image":{"@id":"https:\/\/exceladvisor.org\/de\/zeile-loschen\/#primaryimage"},"thumbnailUrl":"https:\/\/exceladvisor.org\/wp-content\/uploads\/2023\/08\/1-raccourci-pour-supprimer-la-ligne.png","datePublished":"2023-11-16T06:38:44+00:00","dateModified":"2023-12-03T13:04:20+00:00","description":"In diesem Tutorial erfahren Sie, wie Sie mithilfe einer Tastenkombination Zeilen in einem Arbeitsblatt in Excel l\u00f6schen.","breadcrumb":{"@id":"https:\/\/exceladvisor.org\/de\/zeile-loschen\/#breadcrumb"},"inLanguage":"de","potentialAction":[{"@type":"ReadAction","target":["https:\/\/exceladvisor.org\/de\/zeile-loschen\/"]}]},{"@type":"ImageObject","inLanguage":"de","@id":"https:\/\/exceladvisor.org\/de\/zeile-loschen\/#primaryimage","url":"https:\/\/exceladvisor.org\/wp-content\/uploads\/2023\/08\/1-raccourci-pour-supprimer-la-ligne.png","contentUrl":"https:\/\/exceladvisor.org\/wp-content\/uploads\/2023\/08\/1-raccourci-pour-supprimer-la-ligne.png"},{"@type":"BreadcrumbList","@id":"https:\/\/exceladvisor.org\/de\/zeile-loschen\/#breadcrumb","itemListElement":[{"@type":"ListItem","position":1,"name":"Accueil","item":"https:\/\/exceladvisor.org\/de\/"},{"@type":"ListItem","position":2,"name":"Wie l\u00f6sche ich zeilen mit einer excel-verkn\u00fcpfung?"}]},{"@type":"WebSite","@id":"https:\/\/exceladvisor.org\/de\/#website","url":"https:\/\/exceladvisor.org\/de\/","name":"Excel Advisor","description":"Ihr Leitfaden zur Datendominanz","publisher":{"@id":"https:\/\/exceladvisor.org\/de\/#organization"},"potentialAction":[{"@type":"SearchAction","target":{"@type":"EntryPoint","urlTemplate":"https:\/\/exceladvisor.org\/de\/?s={search_term_string}"},"query-input":{"@type":"PropertyValueSpecification","valueRequired":true,"valueName":"search_term_string"}}],"inLanguage":"de"},{"@type":"Organization","@id":"https:\/\/exceladvisor.org\/de\/#organization","name":"Excel Advisor","url":"https:\/\/exceladvisor.org\/de\/","logo":{"@type":"ImageObject","inLanguage":"de","@id":"https:\/\/exceladvisor.org\/de\/#\/schema\/logo\/image\/","url":"https:\/\/exceladvisor.org\/de\/wp-content\/uploads\/2023\/11\/exceladvisor.org_.png","contentUrl":"https:\/\/exceladvisor.org\/de\/wp-content\/uploads\/2023\/11\/exceladvisor.org_.png","width":105,"height":36,"caption":"Excel Advisor"},"image":{"@id":"https:\/\/exceladvisor.org\/de\/#\/schema\/logo\/image\/"}}]}},"yoast_meta":{"yoast_wpseo_title":"","yoast_wpseo_metadesc":"","yoast_wpseo_canonical":""},"_links":{"self":[{"href":"https:\/\/exceladvisor.org\/de\/wp-json\/wp\/v2\/pages\/3080","targetHints":{"allow":["GET"]}}],"collection":[{"href":"https:\/\/exceladvisor.org\/de\/wp-json\/wp\/v2\/pages"}],"about":[{"href":"https:\/\/exceladvisor.org\/de\/wp-json\/wp\/v2\/types\/page"}],"author":[{"embeddable":true,"href":"https:\/\/exceladvisor.org\/de\/wp-json\/wp\/v2\/users\/1"}],"replies":[{"embeddable":true,"href":"https:\/\/exceladvisor.org\/de\/wp-json\/wp\/v2\/comments?post=3080"}],"version-history":[{"count":1,"href":"https:\/\/exceladvisor.org\/de\/wp-json\/wp\/v2\/pages\/3080\/revisions"}],"predecessor-version":[{"id":4150,"href":"https:\/\/exceladvisor.org\/de\/wp-json\/wp\/v2\/pages\/3080\/revisions\/4150"}],"wp:attachment":[{"href":"https:\/\/exceladvisor.org\/de\/wp-json\/wp\/v2\/media?parent=3080"}],"curies":[{"name":"wp","href":"https:\/\/api.w.org\/{rel}","templated":true}]}}