{"id":3081,"date":"2023-11-16T04:16:08","date_gmt":"2023-11-16T04:16:08","guid":{"rendered":"https:\/\/exceladvisor.org\/de\/kopieren-einfugen\/"},"modified":"2023-12-03T13:04:01","modified_gmt":"2023-12-03T13:04:01","slug":"kopieren-einfugen","status":"publish","type":"page","link":"https:\/\/exceladvisor.org\/de\/kopieren-einfugen\/","title":{"rendered":"Wie kopiere und f\u00fcge ich \u00fcber eine excel-verkn\u00fcpfung ein?"},"content":{"rendered":"<div class=\"excel-vor-dem-inhalt\" id=\"excel-2294519913\"><script type=\"text\/javascript\">\r\n\tatOptions = {\r\n\t\t'key' : 'c1158f160081d6540a8409e6925dab94',\r\n\t\t'format' : 'iframe',\r\n\t\t'height' : 250,\r\n\t\t'width' : 300,\r\n\t\t'params' : {}\r\n\t};\r\n<\/script>\r\n<script type=\"text\/javascript\" src=\"\/\/www.highperformanceformat.com\/c1158f160081d6540a8409e6925dab94\/invoke.js\"><\/script><\/div> <p>Kopieren und Einf\u00fcgen ist die am h\u00e4ufigsten verwendete Funktion von Excel. Mit dieser Funktion k\u00f6nnen Sie Daten von einem Ort an einen anderen kopieren und einf\u00fcgen. Benutzer k\u00f6nnen mehrere Kopien kopierter Daten an verschiedenen Stellen auf demselben Blatt, auf verschiedenen Bl\u00e4ttern oder in mehreren Arbeitsmappen erstellen.<\/p><p> Wie andere Excel-Funktionen verf\u00fcgt auch diese Funktion \u00fcber eine Tastenkombination. Wenn Sie Tastaturk\u00fcrzel lieben, m\u00fcssen Sie diese Tastenkombination zum Kopieren und Einf\u00fcgen kennen.<\/p><h2 class=\"wp-block-heading\"> Tastenkombination zum Kopieren und Einf\u00fcgen in Excel<\/h2><p> <kbd>Strg<\/kbd> + <kbd>C<\/kbd> <\/p><div class=\"wp-block-image\"><figure class=\"aligncenter size-full is-resized\"><img loading=\"lazy\" decoding=\"async\" class=\"wp-image-69421\" src=\"https:\/\/exceladvisor.org\/wp-content\/uploads\/2023\/08\/1-copie-de-raccourci-clavier.png\" sizes=\"auto, \" srcset=\"\" alt=\"Tastaturk\u00fcrzel-Kopieren\" width=\"809\" height=\"317\"><\/figure><\/div><p> <kbd>Strg<\/kbd> + <kbd>V<\/kbd> oder <kbd>Eingabetaste<\/kbd> <\/p><div class=\"wp-block-image\"><figure class=\"aligncenter size-full is-resized\"><img loading=\"lazy\" decoding=\"async\" class=\"wp-image-69422\" src=\"https:\/\/exceladvisor.org\/wp-content\/uploads\/2023\/08\/2-raccourci-clavier-coller.png\" sizes=\"auto, \" srcset=\"\" alt=\"Tastaturk\u00fcrzel-Einf\u00fcgen\" width=\"813\" height=\"319\"><\/figure><\/div><h2 class=\"wp-block-heading\"> Schritte zum Kopieren und Einf\u00fcgen mithilfe einer Tastenkombination<\/h2><ul><li> Gehen Sie zun\u00e4chst zu der Zelle oder w\u00e4hlen Sie den Zellbereich aus, aus dem Sie die Daten kopieren m\u00f6chten, und dr\u00fccken Sie dann die Tasten \u201eStrg + C\u201c. <br><img decoding=\"async\" title=\"3-Kopiere-den-Bereich\" src=\"https:\/\/exceladvisor.org\/wp-content\/uploads\/2023\/08\/3-copier-la-plage.png\" sizes=\"\" srcset=\"\" alt=\"copy-the-range\"><\/li><li> Gehen Sie anschlie\u00dfend zu der Zelle, in die Sie die kopierten Daten einf\u00fcgen m\u00f6chten, und dr\u00fccken Sie die Eingabetaste oder die Tasten \u201eStrg + V\u201c. Ihre Daten werden dort eingef\u00fcgt\/kopiert. <br><img decoding=\"async\" title=\"4-F\u00fcgen Sie die Daten ein\" src=\"https:\/\/exceladvisor.org\/wp-content\/uploads\/2023\/08\/4-coller-les-donnees.png\" sizes=\"\" srcset=\"\" alt=\"paste-the-data\"><\/li><\/ul><p> Im Bild oben sehen Sie, dass wir in der Zelle \u201eF1\u201c \u201eStrg + V\u201c gedr\u00fcckt haben und die kopierten Daten dort eingef\u00fcgt wurden.<\/p><h2 class=\"wp-block-heading\"> Imbissbuden<\/h2><ul><li> Um die Daten an einer Stelle einzuf\u00fcgen, k\u00f6nnen Sie die Daten mit der \u201eEnter\u201c-Taste einf\u00fcgen.<\/li><li> Um die kopierten Daten an mehreren Stellen einzuf\u00fcgen, m\u00fcssen Sie die Tasten \u201eStrg + V\u201c verwenden. Andernfalls m\u00fcssen Sie die Daten immer wieder kopieren, um sie an mehreren Stellen einzuf\u00fcgen.<\/li><li> Um die Daten mit der Sonderoption \u201eEinf\u00fcgen\u201c (nur Wert, Formel oder Format) einzuf\u00fcgen, m\u00fcssen Sie die Tasten \u201eStrg + Alt + V\u201c verwenden, um die kopierten Daten einzuf\u00fcgen. <\/li><\/ul><div class=\"wp-block-group more-tutorials is-layout-flow\"><div class=\"wp-block-group__inner-container\"><h2 class=\"wp-block-heading\"> Weitere Verkn\u00fcpfungen <\/h2><div class=\"wp-block-columns is-layout-flex wp-container-51\"><div class=\"wp-block-column is-layout-flow\"><ul><li> <a href=\"https:\/\/exceladvisor.org\/de\/absolute-referenz\/\">Absolute Referenz<\/a><\/li><li> <a href=\"https:\/\/exceladvisor.org\/de\/ausschneiden-und-einfugen\/\">Ausschneiden und Einf\u00fcgen<\/a><\/li><li> Zellen sperren<\/li><\/ul><\/div><div class=\"wp-block-column is-layout-flow\"><ul><li> <a href=\"https:\/\/exceladvisor.org\/de\/werte-einfugen\/\">Werte einf\u00fcgen<\/a><\/li><li> <a href=\"https:\/\/exceladvisor.org\/de\/wahlen-sie-eine-zeile-aus\/\">W\u00e4hlen Sie eine Zeile aus<\/a><\/li><li> <a href=\"https:\/\/exceladvisor.org\/de\/transponieren-2\/\">Transponieren<\/a><\/li><\/ul><\/div><\/div><\/div><\/div>","protected":false},"excerpt":{"rendered":"","protected":false},"author":1,"featured_media":0,"parent":0,"menu_order":0,"comment_status":"open","ping_status":"closed","template":"","meta":{"ub_ctt_via":"","footnotes":""},"class_list":["post-3081","page","type-page","status-publish","hentry"],"featured_image_src":null,"yoast_head":"<!-- This site is optimized with the Yoast SEO plugin v25.4 - https:\/\/yoast.com\/wordpress\/plugins\/seo\/ -->\n<title>Wie kopiere und f\u00fcge ich \u00fcber eine Excel-Verkn\u00fcpfung ein? - Excel-Berater<\/title>\n<meta name=\"description\" content=\"In diesem Tutorial erfahren Sie, wie Sie eine Tastenkombination zum Kopieren und Einf\u00fcgen in Excel verwenden. Nun diese Tastenkombination\" \/>\n<meta name=\"robots\" content=\"index, follow, max-snippet:-1, max-image-preview:large, max-video-preview:-1\" \/>\n<link rel=\"canonical\" href=\"https:\/\/exceladvisor.org\/de\/kopieren-einfugen\/\" \/>\n<meta property=\"og:locale\" content=\"de_DE\" \/>\n<meta property=\"og:type\" content=\"article\" \/>\n<meta property=\"og:title\" content=\"Wie kopiere und f\u00fcge ich \u00fcber eine Excel-Verkn\u00fcpfung ein? - Excel-Berater\" \/>\n<meta property=\"og:description\" content=\"In diesem Tutorial erfahren Sie, wie Sie eine Tastenkombination zum Kopieren und Einf\u00fcgen in Excel verwenden. Nun diese Tastenkombination\" \/>\n<meta property=\"og:url\" content=\"https:\/\/exceladvisor.org\/de\/kopieren-einfugen\/\" \/>\n<meta property=\"og:site_name\" content=\"Excel Advisor\" \/>\n<meta property=\"article:modified_time\" content=\"2023-12-03T13:04:01+00:00\" \/>\n<meta property=\"og:image\" content=\"https:\/\/exceladvisor.org\/wp-content\/uploads\/2023\/08\/1-copie-de-raccourci-clavier.png\" \/>\n<meta name=\"twitter:card\" content=\"summary_large_image\" \/>\n<meta name=\"twitter:label1\" content=\"Gesch\u00e4tzte Lesezeit\" \/>\n\t<meta name=\"twitter:data1\" content=\"1\u00a0Minute\" \/>\n<script type=\"application\/ld+json\" class=\"yoast-schema-graph\">{\"@context\":\"https:\/\/schema.org\",\"@graph\":[{\"@type\":\"WebPage\",\"@id\":\"https:\/\/exceladvisor.org\/de\/kopieren-einfugen\/\",\"url\":\"https:\/\/exceladvisor.org\/de\/kopieren-einfugen\/\",\"name\":\"Wie kopiere und f\u00fcge ich \u00fcber eine Excel-Verkn\u00fcpfung ein? - Excel-Berater\",\"isPartOf\":{\"@id\":\"https:\/\/exceladvisor.org\/de\/#website\"},\"primaryImageOfPage\":{\"@id\":\"https:\/\/exceladvisor.org\/de\/kopieren-einfugen\/#primaryimage\"},\"image\":{\"@id\":\"https:\/\/exceladvisor.org\/de\/kopieren-einfugen\/#primaryimage\"},\"thumbnailUrl\":\"https:\/\/exceladvisor.org\/wp-content\/uploads\/2023\/08\/1-copie-de-raccourci-clavier.png\",\"datePublished\":\"2023-11-16T04:16:08+00:00\",\"dateModified\":\"2023-12-03T13:04:01+00:00\",\"description\":\"In diesem Tutorial erfahren Sie, wie Sie eine Tastenkombination zum Kopieren und Einf\u00fcgen in Excel verwenden. Nun diese Tastenkombination\",\"breadcrumb\":{\"@id\":\"https:\/\/exceladvisor.org\/de\/kopieren-einfugen\/#breadcrumb\"},\"inLanguage\":\"de\",\"potentialAction\":[{\"@type\":\"ReadAction\",\"target\":[\"https:\/\/exceladvisor.org\/de\/kopieren-einfugen\/\"]}]},{\"@type\":\"ImageObject\",\"inLanguage\":\"de\",\"@id\":\"https:\/\/exceladvisor.org\/de\/kopieren-einfugen\/#primaryimage\",\"url\":\"https:\/\/exceladvisor.org\/wp-content\/uploads\/2023\/08\/1-copie-de-raccourci-clavier.png\",\"contentUrl\":\"https:\/\/exceladvisor.org\/wp-content\/uploads\/2023\/08\/1-copie-de-raccourci-clavier.png\"},{\"@type\":\"BreadcrumbList\",\"@id\":\"https:\/\/exceladvisor.org\/de\/kopieren-einfugen\/#breadcrumb\",\"itemListElement\":[{\"@type\":\"ListItem\",\"position\":1,\"name\":\"Accueil\",\"item\":\"https:\/\/exceladvisor.org\/de\/\"},{\"@type\":\"ListItem\",\"position\":2,\"name\":\"Wie kopiere und f\u00fcge ich \u00fcber eine excel-verkn\u00fcpfung ein?\"}]},{\"@type\":\"WebSite\",\"@id\":\"https:\/\/exceladvisor.org\/de\/#website\",\"url\":\"https:\/\/exceladvisor.org\/de\/\",\"name\":\"Excel Advisor\",\"description\":\"Ihr Leitfaden zur Datendominanz\",\"publisher\":{\"@id\":\"https:\/\/exceladvisor.org\/de\/#organization\"},\"potentialAction\":[{\"@type\":\"SearchAction\",\"target\":{\"@type\":\"EntryPoint\",\"urlTemplate\":\"https:\/\/exceladvisor.org\/de\/?s={search_term_string}\"},\"query-input\":{\"@type\":\"PropertyValueSpecification\",\"valueRequired\":true,\"valueName\":\"search_term_string\"}}],\"inLanguage\":\"de\"},{\"@type\":\"Organization\",\"@id\":\"https:\/\/exceladvisor.org\/de\/#organization\",\"name\":\"Excel Advisor\",\"url\":\"https:\/\/exceladvisor.org\/de\/\",\"logo\":{\"@type\":\"ImageObject\",\"inLanguage\":\"de\",\"@id\":\"https:\/\/exceladvisor.org\/de\/#\/schema\/logo\/image\/\",\"url\":\"https:\/\/exceladvisor.org\/de\/wp-content\/uploads\/2023\/11\/exceladvisor.org_.png\",\"contentUrl\":\"https:\/\/exceladvisor.org\/de\/wp-content\/uploads\/2023\/11\/exceladvisor.org_.png\",\"width\":105,\"height\":36,\"caption\":\"Excel Advisor\"},\"image\":{\"@id\":\"https:\/\/exceladvisor.org\/de\/#\/schema\/logo\/image\/\"}}]}<\/script>\n<!-- \/ Yoast SEO plugin. -->","yoast_head_json":{"title":"Wie kopiere und f\u00fcge ich \u00fcber eine Excel-Verkn\u00fcpfung ein? - Excel-Berater","description":"In diesem Tutorial erfahren Sie, wie Sie eine Tastenkombination zum Kopieren und Einf\u00fcgen in Excel verwenden. Nun diese Tastenkombination","robots":{"index":"index","follow":"follow","max-snippet":"max-snippet:-1","max-image-preview":"max-image-preview:large","max-video-preview":"max-video-preview:-1"},"canonical":"https:\/\/exceladvisor.org\/de\/kopieren-einfugen\/","og_locale":"de_DE","og_type":"article","og_title":"Wie kopiere und f\u00fcge ich \u00fcber eine Excel-Verkn\u00fcpfung ein? - Excel-Berater","og_description":"In diesem Tutorial erfahren Sie, wie Sie eine Tastenkombination zum Kopieren und Einf\u00fcgen in Excel verwenden. Nun diese Tastenkombination","og_url":"https:\/\/exceladvisor.org\/de\/kopieren-einfugen\/","og_site_name":"Excel Advisor","article_modified_time":"2023-12-03T13:04:01+00:00","og_image":[{"url":"https:\/\/exceladvisor.org\/wp-content\/uploads\/2023\/08\/1-copie-de-raccourci-clavier.png","type":"","width":"","height":""}],"twitter_card":"summary_large_image","twitter_misc":{"Gesch\u00e4tzte Lesezeit":"1\u00a0Minute"},"schema":{"@context":"https:\/\/schema.org","@graph":[{"@type":"WebPage","@id":"https:\/\/exceladvisor.org\/de\/kopieren-einfugen\/","url":"https:\/\/exceladvisor.org\/de\/kopieren-einfugen\/","name":"Wie kopiere und f\u00fcge ich \u00fcber eine Excel-Verkn\u00fcpfung ein? - Excel-Berater","isPartOf":{"@id":"https:\/\/exceladvisor.org\/de\/#website"},"primaryImageOfPage":{"@id":"https:\/\/exceladvisor.org\/de\/kopieren-einfugen\/#primaryimage"},"image":{"@id":"https:\/\/exceladvisor.org\/de\/kopieren-einfugen\/#primaryimage"},"thumbnailUrl":"https:\/\/exceladvisor.org\/wp-content\/uploads\/2023\/08\/1-copie-de-raccourci-clavier.png","datePublished":"2023-11-16T04:16:08+00:00","dateModified":"2023-12-03T13:04:01+00:00","description":"In diesem Tutorial erfahren Sie, wie Sie eine Tastenkombination zum Kopieren und Einf\u00fcgen in Excel verwenden. Nun diese Tastenkombination","breadcrumb":{"@id":"https:\/\/exceladvisor.org\/de\/kopieren-einfugen\/#breadcrumb"},"inLanguage":"de","potentialAction":[{"@type":"ReadAction","target":["https:\/\/exceladvisor.org\/de\/kopieren-einfugen\/"]}]},{"@type":"ImageObject","inLanguage":"de","@id":"https:\/\/exceladvisor.org\/de\/kopieren-einfugen\/#primaryimage","url":"https:\/\/exceladvisor.org\/wp-content\/uploads\/2023\/08\/1-copie-de-raccourci-clavier.png","contentUrl":"https:\/\/exceladvisor.org\/wp-content\/uploads\/2023\/08\/1-copie-de-raccourci-clavier.png"},{"@type":"BreadcrumbList","@id":"https:\/\/exceladvisor.org\/de\/kopieren-einfugen\/#breadcrumb","itemListElement":[{"@type":"ListItem","position":1,"name":"Accueil","item":"https:\/\/exceladvisor.org\/de\/"},{"@type":"ListItem","position":2,"name":"Wie kopiere und f\u00fcge ich \u00fcber eine excel-verkn\u00fcpfung ein?"}]},{"@type":"WebSite","@id":"https:\/\/exceladvisor.org\/de\/#website","url":"https:\/\/exceladvisor.org\/de\/","name":"Excel Advisor","description":"Ihr Leitfaden zur Datendominanz","publisher":{"@id":"https:\/\/exceladvisor.org\/de\/#organization"},"potentialAction":[{"@type":"SearchAction","target":{"@type":"EntryPoint","urlTemplate":"https:\/\/exceladvisor.org\/de\/?s={search_term_string}"},"query-input":{"@type":"PropertyValueSpecification","valueRequired":true,"valueName":"search_term_string"}}],"inLanguage":"de"},{"@type":"Organization","@id":"https:\/\/exceladvisor.org\/de\/#organization","name":"Excel Advisor","url":"https:\/\/exceladvisor.org\/de\/","logo":{"@type":"ImageObject","inLanguage":"de","@id":"https:\/\/exceladvisor.org\/de\/#\/schema\/logo\/image\/","url":"https:\/\/exceladvisor.org\/de\/wp-content\/uploads\/2023\/11\/exceladvisor.org_.png","contentUrl":"https:\/\/exceladvisor.org\/de\/wp-content\/uploads\/2023\/11\/exceladvisor.org_.png","width":105,"height":36,"caption":"Excel Advisor"},"image":{"@id":"https:\/\/exceladvisor.org\/de\/#\/schema\/logo\/image\/"}}]}},"yoast_meta":{"yoast_wpseo_title":"","yoast_wpseo_metadesc":"","yoast_wpseo_canonical":""},"_links":{"self":[{"href":"https:\/\/exceladvisor.org\/de\/wp-json\/wp\/v2\/pages\/3081","targetHints":{"allow":["GET"]}}],"collection":[{"href":"https:\/\/exceladvisor.org\/de\/wp-json\/wp\/v2\/pages"}],"about":[{"href":"https:\/\/exceladvisor.org\/de\/wp-json\/wp\/v2\/types\/page"}],"author":[{"embeddable":true,"href":"https:\/\/exceladvisor.org\/de\/wp-json\/wp\/v2\/users\/1"}],"replies":[{"embeddable":true,"href":"https:\/\/exceladvisor.org\/de\/wp-json\/wp\/v2\/comments?post=3081"}],"version-history":[{"count":1,"href":"https:\/\/exceladvisor.org\/de\/wp-json\/wp\/v2\/pages\/3081\/revisions"}],"predecessor-version":[{"id":4132,"href":"https:\/\/exceladvisor.org\/de\/wp-json\/wp\/v2\/pages\/3081\/revisions\/4132"}],"wp:attachment":[{"href":"https:\/\/exceladvisor.org\/de\/wp-json\/wp\/v2\/media?parent=3081"}],"curies":[{"name":"wp","href":"https:\/\/api.w.org\/{rel}","templated":true}]}}