{"id":3082,"date":"2023-11-16T01:47:03","date_gmt":"2023-11-16T01:47:03","guid":{"rendered":"https:\/\/exceladvisor.org\/de\/wahlen-sie-nicht-zusammenhangende-zellen-aus\/"},"modified":"2023-12-03T13:05:30","modified_gmt":"2023-12-03T13:05:30","slug":"wahlen-sie-nicht-zusammenhangende-zellen-aus","status":"publish","type":"page","link":"https:\/\/exceladvisor.org\/de\/wahlen-sie-nicht-zusammenhangende-zellen-aus\/","title":{"rendered":"Wie w\u00e4hle ich nicht zusammenh\u00e4ngende zellen in excel aus?"},"content":{"rendered":"<div class=\"excel-vor-dem-inhalt\" id=\"excel-3227752113\"><script type=\"text\/javascript\">\r\n\tatOptions = {\r\n\t\t'key' : 'c1158f160081d6540a8409e6925dab94',\r\n\t\t'format' : 'iframe',\r\n\t\t'height' : 250,\r\n\t\t'width' : 300,\r\n\t\t'params' : {}\r\n\t};\r\n<\/script>\r\n<script type=\"text\/javascript\" src=\"\/\/www.highperformanceformat.com\/c1158f160081d6540a8409e6925dab94\/invoke.js\"><\/script><\/div> <p>Wenn Sie mehrere Zellen ausw\u00e4hlen m\u00fcssen, die nicht fortgesetzt werden k\u00f6nnen, halten Sie normalerweise die Strg-Taste gedr\u00fcckt und w\u00e4hlen dann jede Zelle mit der Maus aus.<\/p><p> RECHTS?<\/p><p> Dies ist die einfache Methode. Aber ich wette, Sie haben noch nie davon geh\u00f6rt, nicht zusammenh\u00e4ngende Zellen ohne Verwendung einer Maus auszuw\u00e4hlen.<\/p><p> Der Grund daf\u00fcr ist, dass noch nie jemand diese Methode gefunden hat. Ich Gl\u00fcckspilz.<\/p><p> <strong>Aber hier ist der Clou:<\/strong> Es gibt auch eine M\u00f6glichkeit, nicht zusammenh\u00e4ngende [nicht benachbarte] Zellen auszuw\u00e4hlen, ohne die Steuertaste zu verwenden.<\/p><p> Aber im heutigen Beitrag zeige ich Ihnen genau zwei verschiedene M\u00f6glichkeiten, alle nicht benachbarten Zellen auszuw\u00e4hlen.<\/p><h2 class=\"wp-block-heading\"> 1. Ohne die Strg-Taste zu verwenden<\/h2><p> Befolgen Sie dazu einfach diese einfachen Schritte.<\/p><ol><li> W\u00e4hlen Sie die Zelle aus, von der aus Sie mit der Auswahl beginnen m\u00f6chten.<\/li><li> Dr\u00fccken Sie Umschalt+F8 oz.<\/li><li> Sie erhalten die Meldung \u201eZur Auswahl hinzuf\u00fcgen\u201c in Ihrer <a href=\"http:\/\/www.excel-easy.com\/examples\/status-bar.html\" target=\"_blank\" rel=\"noopener noreferrer\">Statusleiste<\/a> \u2013 <em>am unteren Rand Ihres Excel-Fensters.<\/em> <br><img loading=\"lazy\" decoding=\"async\" title=\"W\u00e4hlen Sie nicht benachbarte Zellen aus, ohne die Strg-Taste 1 gedr\u00fcckt zu halten\" src=\"https:\/\/exceladvisor.org\/wp-content\/uploads\/2023\/08\/Selectionnez-les-cellules-non-adjacentes-sans-maintenir-la-touche-Ctrl-1.png\" sizes=\"auto, \" srcset=\"\" alt=\"Select Non-Adjacent Cells Without Holding Ctrl Key\" width=\"126\" height=\"25\"><\/li><li> Jetzt k\u00f6nnen Sie Ihre Zellen ausw\u00e4hlen, indem Sie einfach darauf klicken. <br><img decoding=\"async\" title=\"Select-Non-Adjacent-Cells-Without-Holding-Strg-Key-2.gif\" src=\"https:\/\/exceladvisor.org\/wp-content\/uploads\/2023\/08\/Selectionnez-les-cellules-non-adjacentes-sans-maintenir-la-touche-Ctrl-2.gif\" sizes=\"\" srcset=\"\" alt=\"select non continues cells in excel\"><\/li><li> Sie k\u00f6nnen also mit Ihrer Auswahl alles machen (Formatieren, L\u00f6schen usw.).<\/li><li> Dr\u00fccken Sie einfach ESC, um Ihre Auswahl freizugeben.<\/li><\/ol><h2 class=\"wp-block-heading\"> 2. Ohne Verwendung einer Maus<\/h2><p> Befolgen Sie diese einfachen Schritte, um nicht zusammenh\u00e4ngende Zellen auszuw\u00e4hlen, ohne Ihre Tastatur zu verwenden.<\/p><ol><li> Dr\u00fccken Sie Umschalt+F8, um den Modus \u201eZur Auswahl hinzuf\u00fcgen\u201c zu aktivieren.<\/li><li> Navigieren Sie zu dem Bereich, den Sie in Ihre Auswahl einschlie\u00dfen m\u00f6chten, und dr\u00fccken Sie erneut Umschalt+F8.<\/li><li> Und so weiter. <br><img decoding=\"async\" title=\"Select-Non-Adjacent-Cells-Without-Holding-Strg-Key-3.gif\" src=\"https:\/\/exceladvisor.org\/wp-content\/uploads\/2023\/08\/Selectionnez-les-cellules-non-adjacentes-sans-maintenir-la-touche-Ctrl-3.gif\" sizes=\"\" srcset=\"\" alt=\"select no-adjacent cell without using mouse\"><\/li><\/ol><p class=\"has-text-align-left qt-tip\"> Hinweis: Beim Versuch, einen nicht benachbarten Titel ohne Tastatur auszuw\u00e4hlen. Wenn Sie versuchen, Ihrer Auswahl einzelne Zellen hinzuzuf\u00fcgen, funktioniert diese Methode nicht.<\/p><div class=\"gb-container gb-container-4db6181c gb-container-mt\"> <a class=\"gb-button gb-button-c5897111 gb-button-text gb-button-mt-button\" href=\"https:\/\/exceladvisor.org\/de\/excel-grundlagen\/\">Microsoft Excel-Grundlagen (Komponenten, Teile und Wissenshinweise)<\/a><h2 class=\"gb-headline gb-headline-665e5f6b gb-headline-text gb-headline-mt-heading\"> Verwandte Tutorials <\/h2><div class=\"gb-grid-wrapper gb-grid-wrapper-a20baf7c gb-grid-wrapper-mt-grid\"><div class=\"gb-grid-column gb-grid-column-65ddf67e\"><div class=\"gb-container gb-container-65ddf67e\"><ul><li> <a href=\"https:\/\/exceladvisor.org\/de\/hyperlinks-hinzufugen-und-entfernen\/\">F\u00fcgen Sie Hyperlinks in Excel hinzu und entfernen Sie sie<\/a><\/li><li> <a href=\"https:\/\/exceladvisor.org\/de\/wasserzeichen-hinzufugen\/\">F\u00fcgen Sie in Excel ein Wasserzeichen hinzu<\/a><\/li><li> <a href=\"https:\/\/exceladvisor.org\/de\/entfernen-sie-ausgeblendete-zeilenspalten\/\">L\u00f6schen Sie ausgeblendete Zeilen in Excel<\/a><\/li><li> <a href=\"https:\/\/exceladvisor.org\/de\/zellen-abwahlen\/\">Zellen in Excel abw\u00e4hlen<\/a> <\/li><\/ul><\/div><\/div><div class=\"gb-grid-column gb-grid-column-50067b57\"><div class=\"gb-container gb-container-50067b57\"><ul><li> <a href=\"https:\/\/exceladvisor.org\/de\/zeilen-loschen\/\">L\u00f6schen Sie eine Zeile oder mehrere Zeilen in Excel<\/a><\/li><li> <a href=\"https:\/\/exceladvisor.org\/de\/spalte-kopieren\/\">Kopieren Sie eine Spalte und f\u00fcgen Sie sie in Excel ein<\/a><\/li><li> <a href=\"https:\/\/exceladvisor.org\/de\/zeilenspalte-verschieben\/\">Verschieben Sie eine Zeile und Spalte in Excel<\/a><\/li><li> <a href=\"https:\/\/exceladvisor.org\/de\/spaltenbreite\/\">So \u00e4ndern Sie die Spaltenbreite in Excel<\/a><\/li><\/ul><\/div><\/div><\/div><\/div>","protected":false},"excerpt":{"rendered":"","protected":false},"author":1,"featured_media":0,"parent":0,"menu_order":0,"comment_status":"open","ping_status":"closed","template":"","meta":{"ub_ctt_via":"","footnotes":""},"class_list":["post-3082","page","type-page","status-publish","hentry"],"featured_image_src":null,"yoast_head":"<!-- This site is optimized with the Yoast SEO plugin v25.4 - https:\/\/yoast.com\/wordpress\/plugins\/seo\/ -->\n<title>Wie w\u00e4hle ich nicht zusammenh\u00e4ngende Zellen in Excel aus?<\/title>\n<meta name=\"description\" content=\"Meistens verwenden wir STRG + Klicken, um nicht benachbarte Zellen in unserem Excel-Arbeitsblatt auszuw\u00e4hlen.\" \/>\n<meta name=\"robots\" content=\"index, follow, max-snippet:-1, max-image-preview:large, max-video-preview:-1\" \/>\n<link rel=\"canonical\" href=\"https:\/\/exceladvisor.org\/de\/wahlen-sie-nicht-zusammenhangende-zellen-aus\/\" \/>\n<meta property=\"og:locale\" content=\"de_DE\" \/>\n<meta property=\"og:type\" content=\"article\" \/>\n<meta property=\"og:title\" content=\"Wie w\u00e4hle ich nicht zusammenh\u00e4ngende Zellen in Excel aus?\" \/>\n<meta property=\"og:description\" content=\"Meistens verwenden wir STRG + Klicken, um nicht benachbarte Zellen in unserem Excel-Arbeitsblatt auszuw\u00e4hlen.\" \/>\n<meta property=\"og:url\" content=\"https:\/\/exceladvisor.org\/de\/wahlen-sie-nicht-zusammenhangende-zellen-aus\/\" \/>\n<meta property=\"og:site_name\" content=\"Excel Advisor\" \/>\n<meta property=\"article:modified_time\" content=\"2023-12-03T13:05:30+00:00\" \/>\n<meta property=\"og:image\" content=\"https:\/\/exceladvisor.org\/wp-content\/uploads\/2023\/08\/Selectionnez-les-cellules-non-adjacentes-sans-maintenir-la-touche-Ctrl-1.png\" \/>\n<meta name=\"twitter:card\" content=\"summary_large_image\" \/>\n<meta name=\"twitter:label1\" content=\"Gesch\u00e4tzte Lesezeit\" \/>\n\t<meta name=\"twitter:data1\" content=\"2\u00a0Minuten\" \/>\n<script type=\"application\/ld+json\" class=\"yoast-schema-graph\">{\"@context\":\"https:\/\/schema.org\",\"@graph\":[{\"@type\":\"WebPage\",\"@id\":\"https:\/\/exceladvisor.org\/de\/wahlen-sie-nicht-zusammenhangende-zellen-aus\/\",\"url\":\"https:\/\/exceladvisor.org\/de\/wahlen-sie-nicht-zusammenhangende-zellen-aus\/\",\"name\":\"Wie w\u00e4hle ich nicht zusammenh\u00e4ngende Zellen in Excel aus?\",\"isPartOf\":{\"@id\":\"https:\/\/exceladvisor.org\/de\/#website\"},\"primaryImageOfPage\":{\"@id\":\"https:\/\/exceladvisor.org\/de\/wahlen-sie-nicht-zusammenhangende-zellen-aus\/#primaryimage\"},\"image\":{\"@id\":\"https:\/\/exceladvisor.org\/de\/wahlen-sie-nicht-zusammenhangende-zellen-aus\/#primaryimage\"},\"thumbnailUrl\":\"https:\/\/exceladvisor.org\/wp-content\/uploads\/2023\/08\/Selectionnez-les-cellules-non-adjacentes-sans-maintenir-la-touche-Ctrl-1.png\",\"datePublished\":\"2023-11-16T01:47:03+00:00\",\"dateModified\":\"2023-12-03T13:05:30+00:00\",\"description\":\"Meistens verwenden wir STRG + Klicken, um nicht benachbarte Zellen in unserem Excel-Arbeitsblatt auszuw\u00e4hlen.\",\"breadcrumb\":{\"@id\":\"https:\/\/exceladvisor.org\/de\/wahlen-sie-nicht-zusammenhangende-zellen-aus\/#breadcrumb\"},\"inLanguage\":\"de\",\"potentialAction\":[{\"@type\":\"ReadAction\",\"target\":[\"https:\/\/exceladvisor.org\/de\/wahlen-sie-nicht-zusammenhangende-zellen-aus\/\"]}]},{\"@type\":\"ImageObject\",\"inLanguage\":\"de\",\"@id\":\"https:\/\/exceladvisor.org\/de\/wahlen-sie-nicht-zusammenhangende-zellen-aus\/#primaryimage\",\"url\":\"https:\/\/exceladvisor.org\/wp-content\/uploads\/2023\/08\/Selectionnez-les-cellules-non-adjacentes-sans-maintenir-la-touche-Ctrl-1.png\",\"contentUrl\":\"https:\/\/exceladvisor.org\/wp-content\/uploads\/2023\/08\/Selectionnez-les-cellules-non-adjacentes-sans-maintenir-la-touche-Ctrl-1.png\"},{\"@type\":\"BreadcrumbList\",\"@id\":\"https:\/\/exceladvisor.org\/de\/wahlen-sie-nicht-zusammenhangende-zellen-aus\/#breadcrumb\",\"itemListElement\":[{\"@type\":\"ListItem\",\"position\":1,\"name\":\"Accueil\",\"item\":\"https:\/\/exceladvisor.org\/de\/\"},{\"@type\":\"ListItem\",\"position\":2,\"name\":\"Wie w\u00e4hle ich nicht zusammenh\u00e4ngende zellen in excel aus?\"}]},{\"@type\":\"WebSite\",\"@id\":\"https:\/\/exceladvisor.org\/de\/#website\",\"url\":\"https:\/\/exceladvisor.org\/de\/\",\"name\":\"Excel Advisor\",\"description\":\"Ihr Leitfaden zur Datendominanz\",\"publisher\":{\"@id\":\"https:\/\/exceladvisor.org\/de\/#organization\"},\"potentialAction\":[{\"@type\":\"SearchAction\",\"target\":{\"@type\":\"EntryPoint\",\"urlTemplate\":\"https:\/\/exceladvisor.org\/de\/?s={search_term_string}\"},\"query-input\":{\"@type\":\"PropertyValueSpecification\",\"valueRequired\":true,\"valueName\":\"search_term_string\"}}],\"inLanguage\":\"de\"},{\"@type\":\"Organization\",\"@id\":\"https:\/\/exceladvisor.org\/de\/#organization\",\"name\":\"Excel Advisor\",\"url\":\"https:\/\/exceladvisor.org\/de\/\",\"logo\":{\"@type\":\"ImageObject\",\"inLanguage\":\"de\",\"@id\":\"https:\/\/exceladvisor.org\/de\/#\/schema\/logo\/image\/\",\"url\":\"https:\/\/exceladvisor.org\/de\/wp-content\/uploads\/2023\/11\/exceladvisor.org_.png\",\"contentUrl\":\"https:\/\/exceladvisor.org\/de\/wp-content\/uploads\/2023\/11\/exceladvisor.org_.png\",\"width\":105,\"height\":36,\"caption\":\"Excel Advisor\"},\"image\":{\"@id\":\"https:\/\/exceladvisor.org\/de\/#\/schema\/logo\/image\/\"}}]}<\/script>\n<!-- \/ Yoast SEO plugin. -->","yoast_head_json":{"title":"Wie w\u00e4hle ich nicht zusammenh\u00e4ngende Zellen in Excel aus?","description":"Meistens verwenden wir STRG + Klicken, um nicht benachbarte Zellen in unserem Excel-Arbeitsblatt auszuw\u00e4hlen.","robots":{"index":"index","follow":"follow","max-snippet":"max-snippet:-1","max-image-preview":"max-image-preview:large","max-video-preview":"max-video-preview:-1"},"canonical":"https:\/\/exceladvisor.org\/de\/wahlen-sie-nicht-zusammenhangende-zellen-aus\/","og_locale":"de_DE","og_type":"article","og_title":"Wie w\u00e4hle ich nicht zusammenh\u00e4ngende Zellen in Excel aus?","og_description":"Meistens verwenden wir STRG + Klicken, um nicht benachbarte Zellen in unserem Excel-Arbeitsblatt auszuw\u00e4hlen.","og_url":"https:\/\/exceladvisor.org\/de\/wahlen-sie-nicht-zusammenhangende-zellen-aus\/","og_site_name":"Excel Advisor","article_modified_time":"2023-12-03T13:05:30+00:00","og_image":[{"url":"https:\/\/exceladvisor.org\/wp-content\/uploads\/2023\/08\/Selectionnez-les-cellules-non-adjacentes-sans-maintenir-la-touche-Ctrl-1.png","type":"","width":"","height":""}],"twitter_card":"summary_large_image","twitter_misc":{"Gesch\u00e4tzte Lesezeit":"2\u00a0Minuten"},"schema":{"@context":"https:\/\/schema.org","@graph":[{"@type":"WebPage","@id":"https:\/\/exceladvisor.org\/de\/wahlen-sie-nicht-zusammenhangende-zellen-aus\/","url":"https:\/\/exceladvisor.org\/de\/wahlen-sie-nicht-zusammenhangende-zellen-aus\/","name":"Wie w\u00e4hle ich nicht zusammenh\u00e4ngende Zellen in Excel aus?","isPartOf":{"@id":"https:\/\/exceladvisor.org\/de\/#website"},"primaryImageOfPage":{"@id":"https:\/\/exceladvisor.org\/de\/wahlen-sie-nicht-zusammenhangende-zellen-aus\/#primaryimage"},"image":{"@id":"https:\/\/exceladvisor.org\/de\/wahlen-sie-nicht-zusammenhangende-zellen-aus\/#primaryimage"},"thumbnailUrl":"https:\/\/exceladvisor.org\/wp-content\/uploads\/2023\/08\/Selectionnez-les-cellules-non-adjacentes-sans-maintenir-la-touche-Ctrl-1.png","datePublished":"2023-11-16T01:47:03+00:00","dateModified":"2023-12-03T13:05:30+00:00","description":"Meistens verwenden wir STRG + Klicken, um nicht benachbarte Zellen in unserem Excel-Arbeitsblatt auszuw\u00e4hlen.","breadcrumb":{"@id":"https:\/\/exceladvisor.org\/de\/wahlen-sie-nicht-zusammenhangende-zellen-aus\/#breadcrumb"},"inLanguage":"de","potentialAction":[{"@type":"ReadAction","target":["https:\/\/exceladvisor.org\/de\/wahlen-sie-nicht-zusammenhangende-zellen-aus\/"]}]},{"@type":"ImageObject","inLanguage":"de","@id":"https:\/\/exceladvisor.org\/de\/wahlen-sie-nicht-zusammenhangende-zellen-aus\/#primaryimage","url":"https:\/\/exceladvisor.org\/wp-content\/uploads\/2023\/08\/Selectionnez-les-cellules-non-adjacentes-sans-maintenir-la-touche-Ctrl-1.png","contentUrl":"https:\/\/exceladvisor.org\/wp-content\/uploads\/2023\/08\/Selectionnez-les-cellules-non-adjacentes-sans-maintenir-la-touche-Ctrl-1.png"},{"@type":"BreadcrumbList","@id":"https:\/\/exceladvisor.org\/de\/wahlen-sie-nicht-zusammenhangende-zellen-aus\/#breadcrumb","itemListElement":[{"@type":"ListItem","position":1,"name":"Accueil","item":"https:\/\/exceladvisor.org\/de\/"},{"@type":"ListItem","position":2,"name":"Wie w\u00e4hle ich nicht zusammenh\u00e4ngende zellen in excel aus?"}]},{"@type":"WebSite","@id":"https:\/\/exceladvisor.org\/de\/#website","url":"https:\/\/exceladvisor.org\/de\/","name":"Excel Advisor","description":"Ihr Leitfaden zur Datendominanz","publisher":{"@id":"https:\/\/exceladvisor.org\/de\/#organization"},"potentialAction":[{"@type":"SearchAction","target":{"@type":"EntryPoint","urlTemplate":"https:\/\/exceladvisor.org\/de\/?s={search_term_string}"},"query-input":{"@type":"PropertyValueSpecification","valueRequired":true,"valueName":"search_term_string"}}],"inLanguage":"de"},{"@type":"Organization","@id":"https:\/\/exceladvisor.org\/de\/#organization","name":"Excel Advisor","url":"https:\/\/exceladvisor.org\/de\/","logo":{"@type":"ImageObject","inLanguage":"de","@id":"https:\/\/exceladvisor.org\/de\/#\/schema\/logo\/image\/","url":"https:\/\/exceladvisor.org\/de\/wp-content\/uploads\/2023\/11\/exceladvisor.org_.png","contentUrl":"https:\/\/exceladvisor.org\/de\/wp-content\/uploads\/2023\/11\/exceladvisor.org_.png","width":105,"height":36,"caption":"Excel Advisor"},"image":{"@id":"https:\/\/exceladvisor.org\/de\/#\/schema\/logo\/image\/"}}]}},"yoast_meta":{"yoast_wpseo_title":"","yoast_wpseo_metadesc":"","yoast_wpseo_canonical":""},"_links":{"self":[{"href":"https:\/\/exceladvisor.org\/de\/wp-json\/wp\/v2\/pages\/3082","targetHints":{"allow":["GET"]}}],"collection":[{"href":"https:\/\/exceladvisor.org\/de\/wp-json\/wp\/v2\/pages"}],"about":[{"href":"https:\/\/exceladvisor.org\/de\/wp-json\/wp\/v2\/types\/page"}],"author":[{"embeddable":true,"href":"https:\/\/exceladvisor.org\/de\/wp-json\/wp\/v2\/users\/1"}],"replies":[{"embeddable":true,"href":"https:\/\/exceladvisor.org\/de\/wp-json\/wp\/v2\/comments?post=3082"}],"version-history":[{"count":1,"href":"https:\/\/exceladvisor.org\/de\/wp-json\/wp\/v2\/pages\/3082\/revisions"}],"predecessor-version":[{"id":4398,"href":"https:\/\/exceladvisor.org\/de\/wp-json\/wp\/v2\/pages\/3082\/revisions\/4398"}],"wp:attachment":[{"href":"https:\/\/exceladvisor.org\/de\/wp-json\/wp\/v2\/media?parent=3082"}],"curies":[{"name":"wp","href":"https:\/\/api.w.org\/{rel}","templated":true}]}}