{"id":3083,"date":"2023-11-16T01:36:42","date_gmt":"2023-11-16T01:36:42","guid":{"rendered":"https:\/\/exceladvisor.org\/de\/transponieren-2\/"},"modified":"2023-12-03T13:05:12","modified_gmt":"2023-12-03T13:05:12","slug":"transponieren-2","status":"publish","type":"page","link":"https:\/\/exceladvisor.org\/de\/transponieren-2\/","title":{"rendered":"Wie transponiere ich daten \u00fcber eine excel-verkn\u00fcpfung?"},"content":{"rendered":"<div class=\"excel-vor-dem-inhalt\" id=\"excel-3172477160\"><script type=\"text\/javascript\">\r\n\tatOptions = {\r\n\t\t'key' : 'c1158f160081d6540a8409e6925dab94',\r\n\t\t'format' : 'iframe',\r\n\t\t'height' : 250,\r\n\t\t'width' : 300,\r\n\t\t'params' : {}\r\n\t};\r\n<\/script>\r\n<script type=\"text\/javascript\" src=\"\/\/www.highperformanceformat.com\/c1158f160081d6540a8409e6925dab94\/invoke.js\"><\/script><\/div> <p>Transponieren ist eine Funktion und Formel in Excel, mit der Sie Daten von Zeilen in Spalten und umgekehrt transponieren k\u00f6nnen.<\/p><p> Wenn Sie mit Daten arbeiten, m\u00fcssen Sie h\u00e4ufig Daten von Zeilen in Spalten oder von Spalten in Zeilen transponieren. Die beste M\u00f6glichkeit hierf\u00fcr ist die Verwendung der Tastenkombination \u201eTransponieren\u201c.<\/p><p> Es gibt mehrere M\u00f6glichkeiten, Daten zu transponieren. In diesem Tutorial haben wir jedoch beide M\u00f6glichkeiten erkl\u00e4rt, wie Sie Daten mithilfe von Tastenkombinationen zum Transponieren transponieren k\u00f6nnen.<\/p><h2 class=\"wp-block-heading\"> Tastenkombination zum Transponieren von Daten in Excel<\/h2><p> <kbd>Alt<\/kbd> \u2192 <kbd>H<\/kbd> \u2192 <kbd>V<\/kbd> \u2192 <kbd>T<\/kbd> <strong>(empfohlen)<\/strong> <\/p><div class=\"wp-block-image\"><figure class=\"aligncenter size-full is-resized\"><img loading=\"lazy\" decoding=\"async\" class=\"wp-image-70471\" src=\"https:\/\/exceladvisor.org\/wp-content\/uploads\/2023\/08\/1-raccourci-pour-transposer.png\" sizes=\"auto, \" srcset=\"\" alt=\"Abk\u00fcrzung zum Transponieren\" width=\"845\" height=\"331\"><\/figure><\/div><ul><li> <kbd>Strg<\/kbd> + <kbd>Alt<\/kbd> + <kbd>V<\/kbd> , dann <kbd>E<\/kbd> \u2192 <kbd>Eingabetaste<\/kbd> (zum Transponieren einschlie\u00dflich Zellformatierung)<\/li><li> <kbd>Strg<\/kbd> + <kbd>Alt<\/kbd> + <kbd>V<\/kbd> , dann <kbd>E<\/kbd> \u2192 <kbd>V<\/kbd> \u2192 <kbd>Eingabetaste<\/kbd> (nur um Daten in Werte umzuwandeln)<\/li><\/ul><h2 class=\"wp-block-heading\"> Schritte zum Transponieren von Daten mithilfe einer Tastenkombination<\/h2><ol><li> W\u00e4hlen Sie zun\u00e4chst die Daten aus, die Sie transponieren m\u00f6chten, und dr\u00fccken Sie dann die Tasten \u201eStrg + C\u201c, um die ausgew\u00e4hlten Daten zu kopieren. <br><img loading=\"lazy\" decoding=\"async\" title=\"3-Daten ausw\u00e4hlen\" src=\"https:\/\/exceladvisor.org\/wp-content\/uploads\/2023\/08\/3-selectionnez-les-donnees.png\" sizes=\"auto, \" srcset=\"\" alt=\"select-the-data\" width=\"567\" height=\"134\"><\/li><li> Gehen Sie danach zu der Zelle, in die Sie die kopierten Daten transponieren m\u00f6chten, dr\u00fccken Sie dann nacheinander die Tasten \u201eAlt \u2192 H \u2192 V \u2192 T\u201c und Ihre Daten werden als Transponierte eingef\u00fcgt. <br><img loading=\"lazy\" decoding=\"async\" title=\"5-transponierte Daten\" src=\"https:\/\/exceladvisor.org\/wp-content\/uploads\/2023\/08\/5-donnees-transposees.png\" sizes=\"auto, \" srcset=\"\" alt=\"transposed-data\" width=\"583\" height=\"248\"><\/li><li> Oder dr\u00fccken Sie die Tasten \u201eStrg + Alt + V\u201c, um das Dialogfeld \u201eInhalte einf\u00fcgen\u201c zu \u00f6ffnen.<\/li><li> Dr\u00fccken Sie nun \u201eE\u201c, um die Option \u201eTransponieren\u201c zu aktivieren, und dr\u00fccken Sie dann die \u201eEnter\u201c-Taste. <em>(Wenn Sie die Daten nur als Werte transponieren m\u00f6chten, dr\u00fccken Sie \u201eV\u201c, nachdem Sie \u201eE\u201c gedr\u00fcckt haben, und dr\u00fccken Sie dann \u201eEnter\u201c). <br><img loading=\"lazy\" decoding=\"async\" title=\"Spezieller 4-Einf\u00fcgedialog\" src=\"https:\/\/exceladvisor.org\/wp-content\/uploads\/2023\/08\/4-coller-la-boite-de-dialogue-speciale.png\" sizes=\"auto, \" srcset=\"\" alt=\"paste-special-dialog-box\" width=\"620\" height=\"422\"><\/em> <\/li><\/ol><div class=\"wp-block-group more-tutorials is-layout-flow\"><div class=\"wp-block-group__inner-container\"><h2 class=\"wp-block-heading\"> Weitere Tutorials <\/h2><div class=\"wp-block-columns is-layout-flex wp-container-23\"><div class=\"wp-block-column is-layout-flow\"><ul><li> <a href=\"https:\/\/exceladvisor.org\/de\/absolute-referenz\/\">Absolute Referenz<\/a><\/li><li> <a href=\"https:\/\/exceladvisor.org\/de\/kopieren-einfugen\/\">Kopieren und Einf\u00fcgen<\/a><\/li><li> <a href=\"https:\/\/exceladvisor.org\/de\/ausschneiden-und-einfugen\/\">Ausschneiden und Einf\u00fcgen<\/a><\/li><\/ul><\/div><div class=\"wp-block-column is-layout-flow\"><ul><li> <a href=\"https:\/\/exceladvisor.org\/de\/werte-einfugen\/\">Werte einf\u00fcgen<\/a><\/li><li> <a href=\"https:\/\/exceladvisor.org\/de\/wahlen-sie-eine-zeile-aus\/\">W\u00e4hlen Sie eine Zeile aus<\/a><\/li><li> <a href=\"https:\/\/exceladvisor.org\/de\/gehe-zu\/\">\u00d6ffnen Sie die Option \u201eGehe zu\u201c.<\/a><\/li><\/ul><\/div><\/div><p> \u21e0 Zur\u00fcck zu <a href=\"https:\/\/exceladvisor.org\/de\/tastaturkurzel\/\">Excel-Verkn\u00fcpfungen (PDF-Spickzettel)<\/a><\/p><\/div><\/div>","protected":false},"excerpt":{"rendered":"","protected":false},"author":1,"featured_media":0,"parent":0,"menu_order":0,"comment_status":"open","ping_status":"closed","template":"","meta":{"ub_ctt_via":"","footnotes":""},"class_list":["post-3083","page","type-page","status-publish","hentry"],"featured_image_src":null,"yoast_head":"<!-- This site is optimized with the Yoast SEO plugin v25.4 - https:\/\/yoast.com\/wordpress\/plugins\/seo\/ -->\n<title>\u25b7 Wie transponiere ich Daten \u00fcber eine Excel-Verkn\u00fcpfung?<\/title>\n<meta name=\"description\" content=\"In diesem Tutorial erfahren Sie, wie Sie eine Tastenkombination zum Transponieren in Excel verwenden und erfahren alle Informationen, die mit Tastenkombinationen verbunden sind.\" \/>\n<meta name=\"robots\" content=\"index, follow, max-snippet:-1, max-image-preview:large, max-video-preview:-1\" \/>\n<link rel=\"canonical\" href=\"https:\/\/exceladvisor.org\/de\/transponieren-2\/\" \/>\n<meta property=\"og:locale\" content=\"de_DE\" \/>\n<meta property=\"og:type\" content=\"article\" \/>\n<meta property=\"og:title\" content=\"\u25b7 Wie transponiere ich Daten \u00fcber eine Excel-Verkn\u00fcpfung?\" \/>\n<meta property=\"og:description\" content=\"In diesem Tutorial erfahren Sie, wie Sie eine Tastenkombination zum Transponieren in Excel verwenden und erfahren alle Informationen, die mit Tastenkombinationen verbunden sind.\" \/>\n<meta property=\"og:url\" content=\"https:\/\/exceladvisor.org\/de\/transponieren-2\/\" \/>\n<meta property=\"og:site_name\" content=\"Excel Advisor\" \/>\n<meta property=\"article:modified_time\" content=\"2023-12-03T13:05:12+00:00\" \/>\n<meta property=\"og:image\" content=\"https:\/\/exceladvisor.org\/wp-content\/uploads\/2023\/08\/1-raccourci-pour-transposer.png\" \/>\n<meta name=\"twitter:card\" content=\"summary_large_image\" \/>\n<meta name=\"twitter:label1\" content=\"Gesch\u00e4tzte Lesezeit\" \/>\n\t<meta name=\"twitter:data1\" content=\"1\u00a0Minute\" \/>\n<script type=\"application\/ld+json\" class=\"yoast-schema-graph\">{\"@context\":\"https:\/\/schema.org\",\"@graph\":[{\"@type\":\"WebPage\",\"@id\":\"https:\/\/exceladvisor.org\/de\/transponieren-2\/\",\"url\":\"https:\/\/exceladvisor.org\/de\/transponieren-2\/\",\"name\":\"\u25b7 Wie transponiere ich Daten \u00fcber eine Excel-Verkn\u00fcpfung?\",\"isPartOf\":{\"@id\":\"https:\/\/exceladvisor.org\/de\/#website\"},\"primaryImageOfPage\":{\"@id\":\"https:\/\/exceladvisor.org\/de\/transponieren-2\/#primaryimage\"},\"image\":{\"@id\":\"https:\/\/exceladvisor.org\/de\/transponieren-2\/#primaryimage\"},\"thumbnailUrl\":\"https:\/\/exceladvisor.org\/wp-content\/uploads\/2023\/08\/1-raccourci-pour-transposer.png\",\"datePublished\":\"2023-11-16T01:36:42+00:00\",\"dateModified\":\"2023-12-03T13:05:12+00:00\",\"description\":\"In diesem Tutorial erfahren Sie, wie Sie eine Tastenkombination zum Transponieren in Excel verwenden und erfahren alle Informationen, die mit Tastenkombinationen verbunden sind.\",\"breadcrumb\":{\"@id\":\"https:\/\/exceladvisor.org\/de\/transponieren-2\/#breadcrumb\"},\"inLanguage\":\"de\",\"potentialAction\":[{\"@type\":\"ReadAction\",\"target\":[\"https:\/\/exceladvisor.org\/de\/transponieren-2\/\"]}]},{\"@type\":\"ImageObject\",\"inLanguage\":\"de\",\"@id\":\"https:\/\/exceladvisor.org\/de\/transponieren-2\/#primaryimage\",\"url\":\"https:\/\/exceladvisor.org\/wp-content\/uploads\/2023\/08\/1-raccourci-pour-transposer.png\",\"contentUrl\":\"https:\/\/exceladvisor.org\/wp-content\/uploads\/2023\/08\/1-raccourci-pour-transposer.png\"},{\"@type\":\"BreadcrumbList\",\"@id\":\"https:\/\/exceladvisor.org\/de\/transponieren-2\/#breadcrumb\",\"itemListElement\":[{\"@type\":\"ListItem\",\"position\":1,\"name\":\"Accueil\",\"item\":\"https:\/\/exceladvisor.org\/de\/\"},{\"@type\":\"ListItem\",\"position\":2,\"name\":\"Wie transponiere ich daten \u00fcber eine excel-verkn\u00fcpfung?\"}]},{\"@type\":\"WebSite\",\"@id\":\"https:\/\/exceladvisor.org\/de\/#website\",\"url\":\"https:\/\/exceladvisor.org\/de\/\",\"name\":\"Excel Advisor\",\"description\":\"Ihr Leitfaden zur Datendominanz\",\"publisher\":{\"@id\":\"https:\/\/exceladvisor.org\/de\/#organization\"},\"potentialAction\":[{\"@type\":\"SearchAction\",\"target\":{\"@type\":\"EntryPoint\",\"urlTemplate\":\"https:\/\/exceladvisor.org\/de\/?s={search_term_string}\"},\"query-input\":{\"@type\":\"PropertyValueSpecification\",\"valueRequired\":true,\"valueName\":\"search_term_string\"}}],\"inLanguage\":\"de\"},{\"@type\":\"Organization\",\"@id\":\"https:\/\/exceladvisor.org\/de\/#organization\",\"name\":\"Excel Advisor\",\"url\":\"https:\/\/exceladvisor.org\/de\/\",\"logo\":{\"@type\":\"ImageObject\",\"inLanguage\":\"de\",\"@id\":\"https:\/\/exceladvisor.org\/de\/#\/schema\/logo\/image\/\",\"url\":\"https:\/\/exceladvisor.org\/de\/wp-content\/uploads\/2023\/11\/exceladvisor.org_.png\",\"contentUrl\":\"https:\/\/exceladvisor.org\/de\/wp-content\/uploads\/2023\/11\/exceladvisor.org_.png\",\"width\":105,\"height\":36,\"caption\":\"Excel Advisor\"},\"image\":{\"@id\":\"https:\/\/exceladvisor.org\/de\/#\/schema\/logo\/image\/\"}}]}<\/script>\n<!-- \/ Yoast SEO plugin. -->","yoast_head_json":{"title":"\u25b7 Wie transponiere ich Daten \u00fcber eine Excel-Verkn\u00fcpfung?","description":"In diesem Tutorial erfahren Sie, wie Sie eine Tastenkombination zum Transponieren in Excel verwenden und erfahren alle Informationen, die mit Tastenkombinationen verbunden sind.","robots":{"index":"index","follow":"follow","max-snippet":"max-snippet:-1","max-image-preview":"max-image-preview:large","max-video-preview":"max-video-preview:-1"},"canonical":"https:\/\/exceladvisor.org\/de\/transponieren-2\/","og_locale":"de_DE","og_type":"article","og_title":"\u25b7 Wie transponiere ich Daten \u00fcber eine Excel-Verkn\u00fcpfung?","og_description":"In diesem Tutorial erfahren Sie, wie Sie eine Tastenkombination zum Transponieren in Excel verwenden und erfahren alle Informationen, die mit Tastenkombinationen verbunden sind.","og_url":"https:\/\/exceladvisor.org\/de\/transponieren-2\/","og_site_name":"Excel Advisor","article_modified_time":"2023-12-03T13:05:12+00:00","og_image":[{"url":"https:\/\/exceladvisor.org\/wp-content\/uploads\/2023\/08\/1-raccourci-pour-transposer.png","type":"","width":"","height":""}],"twitter_card":"summary_large_image","twitter_misc":{"Gesch\u00e4tzte Lesezeit":"1\u00a0Minute"},"schema":{"@context":"https:\/\/schema.org","@graph":[{"@type":"WebPage","@id":"https:\/\/exceladvisor.org\/de\/transponieren-2\/","url":"https:\/\/exceladvisor.org\/de\/transponieren-2\/","name":"\u25b7 Wie transponiere ich Daten \u00fcber eine Excel-Verkn\u00fcpfung?","isPartOf":{"@id":"https:\/\/exceladvisor.org\/de\/#website"},"primaryImageOfPage":{"@id":"https:\/\/exceladvisor.org\/de\/transponieren-2\/#primaryimage"},"image":{"@id":"https:\/\/exceladvisor.org\/de\/transponieren-2\/#primaryimage"},"thumbnailUrl":"https:\/\/exceladvisor.org\/wp-content\/uploads\/2023\/08\/1-raccourci-pour-transposer.png","datePublished":"2023-11-16T01:36:42+00:00","dateModified":"2023-12-03T13:05:12+00:00","description":"In diesem Tutorial erfahren Sie, wie Sie eine Tastenkombination zum Transponieren in Excel verwenden und erfahren alle Informationen, die mit Tastenkombinationen verbunden sind.","breadcrumb":{"@id":"https:\/\/exceladvisor.org\/de\/transponieren-2\/#breadcrumb"},"inLanguage":"de","potentialAction":[{"@type":"ReadAction","target":["https:\/\/exceladvisor.org\/de\/transponieren-2\/"]}]},{"@type":"ImageObject","inLanguage":"de","@id":"https:\/\/exceladvisor.org\/de\/transponieren-2\/#primaryimage","url":"https:\/\/exceladvisor.org\/wp-content\/uploads\/2023\/08\/1-raccourci-pour-transposer.png","contentUrl":"https:\/\/exceladvisor.org\/wp-content\/uploads\/2023\/08\/1-raccourci-pour-transposer.png"},{"@type":"BreadcrumbList","@id":"https:\/\/exceladvisor.org\/de\/transponieren-2\/#breadcrumb","itemListElement":[{"@type":"ListItem","position":1,"name":"Accueil","item":"https:\/\/exceladvisor.org\/de\/"},{"@type":"ListItem","position":2,"name":"Wie transponiere ich daten \u00fcber eine excel-verkn\u00fcpfung?"}]},{"@type":"WebSite","@id":"https:\/\/exceladvisor.org\/de\/#website","url":"https:\/\/exceladvisor.org\/de\/","name":"Excel Advisor","description":"Ihr Leitfaden zur Datendominanz","publisher":{"@id":"https:\/\/exceladvisor.org\/de\/#organization"},"potentialAction":[{"@type":"SearchAction","target":{"@type":"EntryPoint","urlTemplate":"https:\/\/exceladvisor.org\/de\/?s={search_term_string}"},"query-input":{"@type":"PropertyValueSpecification","valueRequired":true,"valueName":"search_term_string"}}],"inLanguage":"de"},{"@type":"Organization","@id":"https:\/\/exceladvisor.org\/de\/#organization","name":"Excel Advisor","url":"https:\/\/exceladvisor.org\/de\/","logo":{"@type":"ImageObject","inLanguage":"de","@id":"https:\/\/exceladvisor.org\/de\/#\/schema\/logo\/image\/","url":"https:\/\/exceladvisor.org\/de\/wp-content\/uploads\/2023\/11\/exceladvisor.org_.png","contentUrl":"https:\/\/exceladvisor.org\/de\/wp-content\/uploads\/2023\/11\/exceladvisor.org_.png","width":105,"height":36,"caption":"Excel Advisor"},"image":{"@id":"https:\/\/exceladvisor.org\/de\/#\/schema\/logo\/image\/"}}]}},"yoast_meta":{"yoast_wpseo_title":"","yoast_wpseo_metadesc":"","yoast_wpseo_canonical":""},"_links":{"self":[{"href":"https:\/\/exceladvisor.org\/de\/wp-json\/wp\/v2\/pages\/3083","targetHints":{"allow":["GET"]}}],"collection":[{"href":"https:\/\/exceladvisor.org\/de\/wp-json\/wp\/v2\/pages"}],"about":[{"href":"https:\/\/exceladvisor.org\/de\/wp-json\/wp\/v2\/types\/page"}],"author":[{"embeddable":true,"href":"https:\/\/exceladvisor.org\/de\/wp-json\/wp\/v2\/users\/1"}],"replies":[{"embeddable":true,"href":"https:\/\/exceladvisor.org\/de\/wp-json\/wp\/v2\/comments?post=3083"}],"version-history":[{"count":1,"href":"https:\/\/exceladvisor.org\/de\/wp-json\/wp\/v2\/pages\/3083\/revisions"}],"predecessor-version":[{"id":4202,"href":"https:\/\/exceladvisor.org\/de\/wp-json\/wp\/v2\/pages\/3083\/revisions\/4202"}],"wp:attachment":[{"href":"https:\/\/exceladvisor.org\/de\/wp-json\/wp\/v2\/media?parent=3083"}],"curies":[{"name":"wp","href":"https:\/\/api.w.org\/{rel}","templated":true}]}}