{"id":3084,"date":"2023-11-15T23:33:52","date_gmt":"2023-11-15T23:33:52","guid":{"rendered":"https:\/\/exceladvisor.org\/de\/ein-blatt-loschen\/"},"modified":"2023-12-03T13:04:11","modified_gmt":"2023-12-03T13:04:11","slug":"ein-blatt-loschen","status":"publish","type":"page","link":"https:\/\/exceladvisor.org\/de\/ein-blatt-loschen\/","title":{"rendered":"Wie l\u00f6sche ich ein blatt mit einer excel-verkn\u00fcpfung?"},"content":{"rendered":"<div class=\"excel-vor-dem-inhalt\" id=\"excel-1274470942\"><script type=\"text\/javascript\">\r\n\tatOptions = {\r\n\t\t'key' : 'c1158f160081d6540a8409e6925dab94',\r\n\t\t'format' : 'iframe',\r\n\t\t'height' : 250,\r\n\t\t'width' : 300,\r\n\t\t'params' : {}\r\n\t};\r\n<\/script>\r\n<script type=\"text\/javascript\" src=\"\/\/www.highperformanceformat.com\/c1158f160081d6540a8409e6925dab94\/invoke.js\"><\/script><\/div> <p>Wie Sie alle wissen, handelt es sich bei einer Arbeitsmappe um eine Datei, die aus Tabellenkalkulationen besteht, mit denen Sie arbeiten und die darin enthaltenen Daten erfassen und verwalten k\u00f6nnen. Standardm\u00e4\u00dfig finden Sie in \u00e4lteren Excel-Versionen von 2013 und 2016 drei Arbeitsbl\u00e4tter und in Excel 2019 und anderen neueren Versionen ein einzelnes Blatt.<\/p><p> Benutzer k\u00f6nnen jedoch mehrere Arbeitsbl\u00e4tter in einer einzigen Arbeitsmappe erstellen und diese bei Bedarf auch l\u00f6schen. Wenn Benutzer also einige der vorhandenen Arbeitsbl\u00e4tter in der Arbeitsmappe nicht ben\u00f6tigen, k\u00f6nnen sie diese l\u00f6schen, um die Arbeitsmappe zu bereinigen.<\/p><h2 class=\"wp-block-heading\"> Tastenkombination zum L\u00f6schen eines Blatts in Excel<\/h2><p> <kbd>Alt<\/kbd> \u2192 <kbd>H<\/kbd> \u2192 <kbd>D<\/kbd> \u2192 <kbd>S<\/kbd> (empfohlen) <\/p><div class=\"wp-block-image\"><figure class=\"aligncenter size-full is-resized\"><img loading=\"lazy\" decoding=\"async\" class=\"wp-image-70429\" src=\"https:\/\/exceladvisor.org\/wp-content\/uploads\/2023\/08\/1-raccourci-pour-supprimer-la-feuille.png\" sizes=\"auto, \" srcset=\"\" alt=\"Verkn\u00fcpfung zum L\u00f6schen eines Blatts\" width=\"770\" height=\"302\"><\/figure><\/div><p> <kbd>Alt<\/kbd> \u2192 <kbd>E<\/kbd> \u2192 <kbd>L<\/kbd> <\/p><div class=\"wp-block-image\"><figure class=\"aligncenter size-full is-resized\"><img loading=\"lazy\" decoding=\"async\" class=\"wp-image-70430\" src=\"https:\/\/exceladvisor.org\/wp-content\/uploads\/2023\/08\/2-anciens-raccourcis-pour-supprimer-la-feuille.png\" sizes=\"auto, \" srcset=\"\" alt=\"alte-Verkn\u00fcpfung-zum-L\u00f6schen-Blatt\" width=\"766\" height=\"300\"><\/figure><\/div><h2 class=\"wp-block-heading\"> Schritte zum L\u00f6schen eines Blatts mithilfe einer Tastenkombination<\/h2><ol><li> Gehen Sie zum Arbeitsblatt oder w\u00e4hlen Sie Registerkarten aus mehreren Arbeitsbl\u00e4ttern gleichzeitig aus, wenn Sie die ausgew\u00e4hlten Bl\u00e4tter auf einmal l\u00f6schen m\u00f6chten.<\/li><li> Dr\u00fccken Sie anschlie\u00dfend nacheinander die Tasten \u201eAlt \u2192 H \u2192 D \u2192 S\u201c oder \u201eAlt \u2192 E \u2192 L\u201c und Sie erhalten die gel\u00f6schten Bl\u00e4tter.<\/li><li> Wenn Sie in einem der ausgew\u00e4hlten Bl\u00e4tter oder in dem einzelnen Blatt einen Wert haben, den Sie l\u00f6schen m\u00f6chten, wird Ihnen das Popup-Fenster zur Best\u00e4tigung des L\u00f6schvorgangs angezeigt und Sie m\u00fcssen zur Best\u00e4tigung nur die Eingabetaste dr\u00fccken. <\/li><\/ol><div class=\"wp-block-image\"><figure class=\"aligncenter size-full is-resized\"><img loading=\"lazy\" decoding=\"async\" class=\"wp-image-70431\" src=\"https:\/\/exceladvisor.org\/wp-content\/uploads\/2023\/08\/3-feuille-de-suppression-pop-up.png\" sizes=\"auto, \" srcset=\"\" alt=\"Popup-Fenster zum L\u00f6schen von Tabellenbl\u00e4ttern\" width=\"477\" height=\"133\"><\/figure><\/div><div class=\"wp-block-group more-tutorials is-layout-flow\"><div class=\"wp-block-group__inner-container\"><h2 class=\"wp-block-heading\"> Weitere Tutorials <\/h2><div class=\"wp-block-columns is-layout-flex wp-container-7\"><div class=\"wp-block-column is-layout-flow\"><ul><li> <a href=\"https:\/\/exceladvisor.org\/de\/ein-neues-blatt-hinzufugen\/\">F\u00fcgen Sie ein neues Blatt hinzu<\/a><\/li><li> <a href=\"https:\/\/exceladvisor.org\/de\/finde-ersetzen-1\/\">Suchen und Ersetzen<\/a><\/li><li> <a href=\"https:\/\/exceladvisor.org\/de\/hineinzoomen-herauszoomen\/\">Hineinzoomen herauszoomen<\/a><\/li><\/ul><\/div><div class=\"wp-block-column is-layout-flow\"><ul><li> <a href=\"https:\/\/exceladvisor.org\/de\/den-verschluss-einfrieren\/\">Die Pfanne einfrieren<\/a><\/li><li> <a href=\"https:\/\/exceladvisor.org\/de\/hyperlink-2\/\">Hyperlink<\/a><\/li><\/ul><\/div><\/div><p> \u21e0 Zur\u00fcck zu <a href=\"https:\/\/exceladvisor.org\/de\/tastaturkurzel\/\">Excel-Verkn\u00fcpfungen (PDF-Spickzettel)<\/a><\/p><\/div><\/div>","protected":false},"excerpt":{"rendered":"","protected":false},"author":1,"featured_media":0,"parent":0,"menu_order":0,"comment_status":"open","ping_status":"closed","template":"","meta":{"ub_ctt_via":"","footnotes":""},"class_list":["post-3084","page","type-page","status-publish","hentry"],"featured_image_src":null,"yoast_head":"<!-- This site is optimized with the Yoast SEO plugin v25.4 - https:\/\/yoast.com\/wordpress\/plugins\/seo\/ -->\n<title>\u25b7 Wie l\u00f6sche ich ein Blatt mit einer Excel-Verkn\u00fcpfung?<\/title>\n<meta name=\"description\" content=\"In diesem Tutorial erfahren Sie, wie Sie mit einer Tastenkombination ein Blatt in Excel und alle Informationen l\u00f6schen\" \/>\n<meta name=\"robots\" content=\"index, follow, max-snippet:-1, max-image-preview:large, max-video-preview:-1\" \/>\n<link rel=\"canonical\" href=\"https:\/\/exceladvisor.org\/de\/ein-blatt-loschen\/\" \/>\n<meta property=\"og:locale\" content=\"de_DE\" \/>\n<meta property=\"og:type\" content=\"article\" \/>\n<meta property=\"og:title\" content=\"\u25b7 Wie l\u00f6sche ich ein Blatt mit einer Excel-Verkn\u00fcpfung?\" \/>\n<meta property=\"og:description\" content=\"In diesem Tutorial erfahren Sie, wie Sie mit einer Tastenkombination ein Blatt in Excel und alle Informationen l\u00f6schen\" \/>\n<meta property=\"og:url\" content=\"https:\/\/exceladvisor.org\/de\/ein-blatt-loschen\/\" \/>\n<meta property=\"og:site_name\" content=\"Excel Advisor\" \/>\n<meta property=\"article:modified_time\" content=\"2023-12-03T13:04:11+00:00\" \/>\n<meta property=\"og:image\" content=\"https:\/\/exceladvisor.org\/wp-content\/uploads\/2023\/08\/1-raccourci-pour-supprimer-la-feuille.png\" \/>\n<meta name=\"twitter:card\" content=\"summary_large_image\" \/>\n<meta name=\"twitter:label1\" content=\"Gesch\u00e4tzte Lesezeit\" \/>\n\t<meta name=\"twitter:data1\" content=\"1\u00a0Minute\" \/>\n<script type=\"application\/ld+json\" class=\"yoast-schema-graph\">{\"@context\":\"https:\/\/schema.org\",\"@graph\":[{\"@type\":\"WebPage\",\"@id\":\"https:\/\/exceladvisor.org\/de\/ein-blatt-loschen\/\",\"url\":\"https:\/\/exceladvisor.org\/de\/ein-blatt-loschen\/\",\"name\":\"\u25b7 Wie l\u00f6sche ich ein Blatt mit einer Excel-Verkn\u00fcpfung?\",\"isPartOf\":{\"@id\":\"https:\/\/exceladvisor.org\/de\/#website\"},\"primaryImageOfPage\":{\"@id\":\"https:\/\/exceladvisor.org\/de\/ein-blatt-loschen\/#primaryimage\"},\"image\":{\"@id\":\"https:\/\/exceladvisor.org\/de\/ein-blatt-loschen\/#primaryimage\"},\"thumbnailUrl\":\"https:\/\/exceladvisor.org\/wp-content\/uploads\/2023\/08\/1-raccourci-pour-supprimer-la-feuille.png\",\"datePublished\":\"2023-11-15T23:33:52+00:00\",\"dateModified\":\"2023-12-03T13:04:11+00:00\",\"description\":\"In diesem Tutorial erfahren Sie, wie Sie mit einer Tastenkombination ein Blatt in Excel und alle Informationen l\u00f6schen\",\"breadcrumb\":{\"@id\":\"https:\/\/exceladvisor.org\/de\/ein-blatt-loschen\/#breadcrumb\"},\"inLanguage\":\"de\",\"potentialAction\":[{\"@type\":\"ReadAction\",\"target\":[\"https:\/\/exceladvisor.org\/de\/ein-blatt-loschen\/\"]}]},{\"@type\":\"ImageObject\",\"inLanguage\":\"de\",\"@id\":\"https:\/\/exceladvisor.org\/de\/ein-blatt-loschen\/#primaryimage\",\"url\":\"https:\/\/exceladvisor.org\/wp-content\/uploads\/2023\/08\/1-raccourci-pour-supprimer-la-feuille.png\",\"contentUrl\":\"https:\/\/exceladvisor.org\/wp-content\/uploads\/2023\/08\/1-raccourci-pour-supprimer-la-feuille.png\"},{\"@type\":\"BreadcrumbList\",\"@id\":\"https:\/\/exceladvisor.org\/de\/ein-blatt-loschen\/#breadcrumb\",\"itemListElement\":[{\"@type\":\"ListItem\",\"position\":1,\"name\":\"Accueil\",\"item\":\"https:\/\/exceladvisor.org\/de\/\"},{\"@type\":\"ListItem\",\"position\":2,\"name\":\"Wie l\u00f6sche ich ein blatt mit einer excel-verkn\u00fcpfung?\"}]},{\"@type\":\"WebSite\",\"@id\":\"https:\/\/exceladvisor.org\/de\/#website\",\"url\":\"https:\/\/exceladvisor.org\/de\/\",\"name\":\"Excel Advisor\",\"description\":\"Ihr Leitfaden zur Datendominanz\",\"publisher\":{\"@id\":\"https:\/\/exceladvisor.org\/de\/#organization\"},\"potentialAction\":[{\"@type\":\"SearchAction\",\"target\":{\"@type\":\"EntryPoint\",\"urlTemplate\":\"https:\/\/exceladvisor.org\/de\/?s={search_term_string}\"},\"query-input\":{\"@type\":\"PropertyValueSpecification\",\"valueRequired\":true,\"valueName\":\"search_term_string\"}}],\"inLanguage\":\"de\"},{\"@type\":\"Organization\",\"@id\":\"https:\/\/exceladvisor.org\/de\/#organization\",\"name\":\"Excel Advisor\",\"url\":\"https:\/\/exceladvisor.org\/de\/\",\"logo\":{\"@type\":\"ImageObject\",\"inLanguage\":\"de\",\"@id\":\"https:\/\/exceladvisor.org\/de\/#\/schema\/logo\/image\/\",\"url\":\"https:\/\/exceladvisor.org\/de\/wp-content\/uploads\/2023\/11\/exceladvisor.org_.png\",\"contentUrl\":\"https:\/\/exceladvisor.org\/de\/wp-content\/uploads\/2023\/11\/exceladvisor.org_.png\",\"width\":105,\"height\":36,\"caption\":\"Excel Advisor\"},\"image\":{\"@id\":\"https:\/\/exceladvisor.org\/de\/#\/schema\/logo\/image\/\"}}]}<\/script>\n<!-- \/ Yoast SEO plugin. -->","yoast_head_json":{"title":"\u25b7 Wie l\u00f6sche ich ein Blatt mit einer Excel-Verkn\u00fcpfung?","description":"In diesem Tutorial erfahren Sie, wie Sie mit einer Tastenkombination ein Blatt in Excel und alle Informationen l\u00f6schen","robots":{"index":"index","follow":"follow","max-snippet":"max-snippet:-1","max-image-preview":"max-image-preview:large","max-video-preview":"max-video-preview:-1"},"canonical":"https:\/\/exceladvisor.org\/de\/ein-blatt-loschen\/","og_locale":"de_DE","og_type":"article","og_title":"\u25b7 Wie l\u00f6sche ich ein Blatt mit einer Excel-Verkn\u00fcpfung?","og_description":"In diesem Tutorial erfahren Sie, wie Sie mit einer Tastenkombination ein Blatt in Excel und alle Informationen l\u00f6schen","og_url":"https:\/\/exceladvisor.org\/de\/ein-blatt-loschen\/","og_site_name":"Excel Advisor","article_modified_time":"2023-12-03T13:04:11+00:00","og_image":[{"url":"https:\/\/exceladvisor.org\/wp-content\/uploads\/2023\/08\/1-raccourci-pour-supprimer-la-feuille.png","type":"","width":"","height":""}],"twitter_card":"summary_large_image","twitter_misc":{"Gesch\u00e4tzte Lesezeit":"1\u00a0Minute"},"schema":{"@context":"https:\/\/schema.org","@graph":[{"@type":"WebPage","@id":"https:\/\/exceladvisor.org\/de\/ein-blatt-loschen\/","url":"https:\/\/exceladvisor.org\/de\/ein-blatt-loschen\/","name":"\u25b7 Wie l\u00f6sche ich ein Blatt mit einer Excel-Verkn\u00fcpfung?","isPartOf":{"@id":"https:\/\/exceladvisor.org\/de\/#website"},"primaryImageOfPage":{"@id":"https:\/\/exceladvisor.org\/de\/ein-blatt-loschen\/#primaryimage"},"image":{"@id":"https:\/\/exceladvisor.org\/de\/ein-blatt-loschen\/#primaryimage"},"thumbnailUrl":"https:\/\/exceladvisor.org\/wp-content\/uploads\/2023\/08\/1-raccourci-pour-supprimer-la-feuille.png","datePublished":"2023-11-15T23:33:52+00:00","dateModified":"2023-12-03T13:04:11+00:00","description":"In diesem Tutorial erfahren Sie, wie Sie mit einer Tastenkombination ein Blatt in Excel und alle Informationen l\u00f6schen","breadcrumb":{"@id":"https:\/\/exceladvisor.org\/de\/ein-blatt-loschen\/#breadcrumb"},"inLanguage":"de","potentialAction":[{"@type":"ReadAction","target":["https:\/\/exceladvisor.org\/de\/ein-blatt-loschen\/"]}]},{"@type":"ImageObject","inLanguage":"de","@id":"https:\/\/exceladvisor.org\/de\/ein-blatt-loschen\/#primaryimage","url":"https:\/\/exceladvisor.org\/wp-content\/uploads\/2023\/08\/1-raccourci-pour-supprimer-la-feuille.png","contentUrl":"https:\/\/exceladvisor.org\/wp-content\/uploads\/2023\/08\/1-raccourci-pour-supprimer-la-feuille.png"},{"@type":"BreadcrumbList","@id":"https:\/\/exceladvisor.org\/de\/ein-blatt-loschen\/#breadcrumb","itemListElement":[{"@type":"ListItem","position":1,"name":"Accueil","item":"https:\/\/exceladvisor.org\/de\/"},{"@type":"ListItem","position":2,"name":"Wie l\u00f6sche ich ein blatt mit einer excel-verkn\u00fcpfung?"}]},{"@type":"WebSite","@id":"https:\/\/exceladvisor.org\/de\/#website","url":"https:\/\/exceladvisor.org\/de\/","name":"Excel Advisor","description":"Ihr Leitfaden zur Datendominanz","publisher":{"@id":"https:\/\/exceladvisor.org\/de\/#organization"},"potentialAction":[{"@type":"SearchAction","target":{"@type":"EntryPoint","urlTemplate":"https:\/\/exceladvisor.org\/de\/?s={search_term_string}"},"query-input":{"@type":"PropertyValueSpecification","valueRequired":true,"valueName":"search_term_string"}}],"inLanguage":"de"},{"@type":"Organization","@id":"https:\/\/exceladvisor.org\/de\/#organization","name":"Excel Advisor","url":"https:\/\/exceladvisor.org\/de\/","logo":{"@type":"ImageObject","inLanguage":"de","@id":"https:\/\/exceladvisor.org\/de\/#\/schema\/logo\/image\/","url":"https:\/\/exceladvisor.org\/de\/wp-content\/uploads\/2023\/11\/exceladvisor.org_.png","contentUrl":"https:\/\/exceladvisor.org\/de\/wp-content\/uploads\/2023\/11\/exceladvisor.org_.png","width":105,"height":36,"caption":"Excel Advisor"},"image":{"@id":"https:\/\/exceladvisor.org\/de\/#\/schema\/logo\/image\/"}}]}},"yoast_meta":{"yoast_wpseo_title":"","yoast_wpseo_metadesc":"","yoast_wpseo_canonical":""},"_links":{"self":[{"href":"https:\/\/exceladvisor.org\/de\/wp-json\/wp\/v2\/pages\/3084","targetHints":{"allow":["GET"]}}],"collection":[{"href":"https:\/\/exceladvisor.org\/de\/wp-json\/wp\/v2\/pages"}],"about":[{"href":"https:\/\/exceladvisor.org\/de\/wp-json\/wp\/v2\/types\/page"}],"author":[{"embeddable":true,"href":"https:\/\/exceladvisor.org\/de\/wp-json\/wp\/v2\/users\/1"}],"replies":[{"embeddable":true,"href":"https:\/\/exceladvisor.org\/de\/wp-json\/wp\/v2\/comments?post=3084"}],"version-history":[{"count":1,"href":"https:\/\/exceladvisor.org\/de\/wp-json\/wp\/v2\/pages\/3084\/revisions"}],"predecessor-version":[{"id":4141,"href":"https:\/\/exceladvisor.org\/de\/wp-json\/wp\/v2\/pages\/3084\/revisions\/4141"}],"wp:attachment":[{"href":"https:\/\/exceladvisor.org\/de\/wp-json\/wp\/v2\/media?parent=3084"}],"curies":[{"name":"wp","href":"https:\/\/api.w.org\/{rel}","templated":true}]}}