{"id":3085,"date":"2023-11-15T21:59:40","date_gmt":"2023-11-15T21:59:40","guid":{"rendered":"https:\/\/exceladvisor.org\/de\/fullfarbe\/"},"modified":"2023-12-03T11:21:35","modified_gmt":"2023-12-03T11:21:35","slug":"fullfarbe","status":"publish","type":"page","link":"https:\/\/exceladvisor.org\/de\/fullfarbe\/","title":{"rendered":"Wie f\u00fclle ich excel mit farbe aus?"},"content":{"rendered":"<div class=\"excel-vor-dem-inhalt\" id=\"excel-2340351938\"><script type=\"text\/javascript\">\r\n\tatOptions = {\r\n\t\t'key' : 'c1158f160081d6540a8409e6925dab94',\r\n\t\t'format' : 'iframe',\r\n\t\t'height' : 250,\r\n\t\t'width' : 300,\r\n\t\t'params' : {}\r\n\t};\r\n<\/script>\r\n<script type=\"text\/javascript\" src=\"\/\/www.highperformanceformat.com\/c1158f160081d6540a8409e6925dab94\/invoke.js\"><\/script><\/div> <p>H\u00e4ufig m\u00f6chten Benutzer bestimmte Zellen f\u00fcr alle gut sichtbar machen und ziehen es daher vor, diese Zellen hervorzuheben, indem sie ihnen mithilfe der Option \u201eF\u00fcllfarbe\u201c Farbe hinzuf\u00fcgen. F\u00fcllfarbe in Excel wird zum F\u00fcllen von Zellen mit Farbe verwendet. Benutzer k\u00f6nnen eine beliebige Farbe aus den verf\u00fcgbaren ausw\u00e4hlen und die Zellen f\u00fcllen.<\/p><h2 class=\"wp-block-heading\"> Tastenkombination zum F\u00fcllen von Farben in Excel<\/h2><p> <kbd>Alt<\/kbd> \u2192 <kbd>H<\/kbd> \u2192 <kbd>H<\/kbd> <\/p><div class=\"wp-block-image\"><figure class=\"aligncenter size-full is-resized\"><img loading=\"lazy\" decoding=\"async\" class=\"wp-image-72789\" src=\"https:\/\/exceladvisor.org\/wp-content\/uploads\/2023\/08\/1-raccourci-de-couleur-de-remplissage.png\" sizes=\"auto, \" srcset=\"\" alt=\"F\u00fcllfarbenverkn\u00fcpfung\" width=\"774\" height=\"303\"><\/figure><\/div><p> Es gibt keine direkte Tastenkombination zum Ausw\u00e4hlen, Ausw\u00e4hlen und F\u00fcllen der Zellenfarbe, aber der Benutzer kann dennoch Zeit sparen, indem er direkt zum Farbauswahlmen\u00fc geht und dort die gew\u00fcnschte Farbe ausw\u00e4hlt.<\/p><h2 class=\"wp-block-heading\"> Schritte zum F\u00fcllen von Farben mithilfe einer Tastenkombination<\/h2><ol><li> W\u00e4hlen Sie zun\u00e4chst die Zellen aus, in die Sie die Farbe f\u00fcllen m\u00f6chten.<\/li><li> Dr\u00fccken Sie anschlie\u00dfend der Reihe nach die Tasten <kbd>Alt<\/kbd> \u2192 <kbd>H<\/kbd> \u2192 <kbd>H.<\/kbd> Das Men\u00fc \u201eThemenfarben\u201c wird ge\u00f6ffnet, in dem Sie die Farbe ausw\u00e4hlen k\u00f6nnen.<\/li><li> Bewegen Sie nun mit den Pfeiltasten \u201eLinks, Rechts, Oben und Unten\u201c auf der Tastatur die Auswahl auf die Farbe, die Sie f\u00fcllen m\u00f6chten, und dr\u00fccken Sie dann die Eingabetaste. <br><img loading=\"lazy\" decoding=\"async\" title=\"2-Farbe ausw\u00e4hlen\" src=\"https:\/\/exceladvisor.org\/wp-content\/uploads\/2023\/08\/2-selectionnez-la-couleur.png\" sizes=\"auto, \" srcset=\"\" alt=\"select-the-color\" width=\"482\" height=\"361\"><\/li><li> Sobald Sie die Eingabetaste dr\u00fccken, werden die ausgew\u00e4hlten Zellen mit dieser Farbe gef\u00fcllt. <br><img loading=\"lazy\" decoding=\"async\" title=\"3 Zellen mit ausgew\u00e4hlter Farbe\" src=\"https:\/\/exceladvisor.org\/wp-content\/uploads\/2023\/08\/3-cellules-avec-la-couleur-selectionnee.png\" sizes=\"auto, \" srcset=\"\" alt=\"cells-with-selected-color\" width=\"438\" height=\"188\"><\/li><\/ol><h2 class=\"wp-block-heading\"> Imbissbuden<\/h2><ol><li> Die Farbe, die Sie mit der Option \u201eF\u00fcllfarbe\u201c hinzugef\u00fcgt haben, wird nicht ge\u00e4ndert\/entfernt, es sei denn, Sie \u00e4ndern\/entfernen die Farbe absichtlich. Wenn Sie also m\u00f6chten, dass sich die Farbe mit der Wert\u00e4nderung \u00e4ndert, m\u00fcssen Sie die Option \u201eBedingte Formatierung\u201c verwenden. um die Farbe zu f\u00fcllen.<\/li><li> Um Farbe aus einer Zelle zu entfernen, w\u00e4hlen Sie die Zelle aus und dr\u00fccken Sie <kbd>Alt<\/kbd> \u2192 <kbd>H<\/kbd> \u2192 <kbd>H<\/kbd> \u2192 <kbd>N.<\/kbd> Die Farbe wird dann entfernt.<\/li><li> Um weitere Farboptionen zur Auswahl zu finden, dr\u00fccken Sie <kbd>Alt<\/kbd> \u2192 <kbd>H<\/kbd> \u2192 <kbd>H<\/kbd> \u2192 <kbd>M.<\/kbd> Das Dialogfeld \u201eFarben\u201c wird ge\u00f6ffnet. <\/li><\/ol><div class=\"wp-block-image\"><figure class=\"aligncenter size-full is-resized\"><img loading=\"lazy\" decoding=\"async\" class=\"wp-image-72792\" src=\"https:\/\/exceladvisor.org\/wp-content\/uploads\/2023\/08\/Boite-de-dialogue-4-couleurs.png\" sizes=\"auto, \" srcset=\"\" alt=\"Dialogfeld \u201eFarben\u201c.\" width=\"316\" height=\"342\"><\/figure><\/div><div class=\"gb-container gb-container-2116538e gb-container-mt\"> <a class=\"gb-button gb-button-f7d2c131 gb-button-text gb-button-mt-button\" href=\"https:\/\/exceladvisor.org\/de\/tastaturkurzel\/\">Tastenkombinationen f\u00fcr Excel-PDFs<\/a><h2 class=\"gb-headline gb-headline-7ed68554 gb-headline-text gb-headline-mt-heading\"> Weitere Verkn\u00fcpfungen <\/h2><div class=\"gb-grid-wrapper gb-grid-wrapper-edeef538 gb-grid-wrapper-mt-grid\"><div class=\"gb-grid-column gb-grid-column-6ab6fbc6\"><div class=\"gb-container gb-container-6ab6fbc6\"><ul><li> <a href=\"https:\/\/exceladvisor.org\/de\/optionen-zum-offnen-von-zellenformaten\/\">Option zum \u00d6ffnen von Formatzellen<\/a><\/li><li> <a href=\"https:\/\/exceladvisor.org\/de\/automatische-anpassung\/\">Automatische Anpassung<\/a><\/li><li> <a href=\"https:\/\/exceladvisor.org\/de\/malerformat-1\/\">Malerformat<\/a><\/li><li> Zeilenumbruch<\/li><li> <a href=\"https:\/\/exceladvisor.org\/de\/fuge-kommentare-hinzu\/\">F\u00fcge Kommentare hinzu<\/a> <\/li><\/ul><\/div><\/div><div class=\"gb-grid-column gb-grid-column-766d598b\"><div class=\"gb-container gb-container-766d598b\"><\/div><\/div><\/div><\/div>","protected":false},"excerpt":{"rendered":"","protected":false},"author":1,"featured_media":0,"parent":0,"menu_order":0,"comment_status":"open","ping_status":"closed","template":"","meta":{"ub_ctt_via":"","footnotes":""},"class_list":["post-3085","page","type-page","status-publish","hentry"],"featured_image_src":null,"yoast_head":"<!-- This site is optimized with the Yoast SEO plugin v25.4 - https:\/\/yoast.com\/wordpress\/plugins\/seo\/ -->\n<title>\u25b7Wie f\u00fclle ich Farben in Excel aus? (Excel-Verkn\u00fcpfung)<\/title>\n<meta name=\"description\" content=\"In diesem Tutorial erfahren Sie, wie Sie eine Tastenkombination verwenden, mit der Sie in Excel eine Zelle einf\u00e4rben und vergr\u00f6\u00dfern k\u00f6nnen\" \/>\n<meta name=\"robots\" content=\"index, follow, max-snippet:-1, max-image-preview:large, max-video-preview:-1\" \/>\n<link rel=\"canonical\" href=\"https:\/\/exceladvisor.org\/de\/fullfarbe\/\" \/>\n<meta property=\"og:locale\" content=\"de_DE\" \/>\n<meta property=\"og:type\" content=\"article\" \/>\n<meta property=\"og:title\" content=\"\u25b7Wie f\u00fclle ich Farben in Excel aus? (Excel-Verkn\u00fcpfung)\" \/>\n<meta property=\"og:description\" content=\"In diesem Tutorial erfahren Sie, wie Sie eine Tastenkombination verwenden, mit der Sie in Excel eine Zelle einf\u00e4rben und vergr\u00f6\u00dfern k\u00f6nnen\" \/>\n<meta property=\"og:url\" content=\"https:\/\/exceladvisor.org\/de\/fullfarbe\/\" \/>\n<meta property=\"og:site_name\" content=\"Excel Advisor\" \/>\n<meta property=\"article:modified_time\" content=\"2023-12-03T11:21:35+00:00\" \/>\n<meta property=\"og:image\" content=\"https:\/\/exceladvisor.org\/wp-content\/uploads\/2023\/08\/1-raccourci-de-couleur-de-remplissage.png\" \/>\n<meta name=\"twitter:card\" content=\"summary_large_image\" \/>\n<meta name=\"twitter:label1\" content=\"Gesch\u00e4tzte Lesezeit\" \/>\n\t<meta name=\"twitter:data1\" content=\"2\u00a0Minuten\" \/>\n<script type=\"application\/ld+json\" class=\"yoast-schema-graph\">{\"@context\":\"https:\/\/schema.org\",\"@graph\":[{\"@type\":\"WebPage\",\"@id\":\"https:\/\/exceladvisor.org\/de\/fullfarbe\/\",\"url\":\"https:\/\/exceladvisor.org\/de\/fullfarbe\/\",\"name\":\"\u25b7Wie f\u00fclle ich Farben in Excel aus? (Excel-Verkn\u00fcpfung)\",\"isPartOf\":{\"@id\":\"https:\/\/exceladvisor.org\/de\/#website\"},\"primaryImageOfPage\":{\"@id\":\"https:\/\/exceladvisor.org\/de\/fullfarbe\/#primaryimage\"},\"image\":{\"@id\":\"https:\/\/exceladvisor.org\/de\/fullfarbe\/#primaryimage\"},\"thumbnailUrl\":\"https:\/\/exceladvisor.org\/wp-content\/uploads\/2023\/08\/1-raccourci-de-couleur-de-remplissage.png\",\"datePublished\":\"2023-11-15T21:59:40+00:00\",\"dateModified\":\"2023-12-03T11:21:35+00:00\",\"description\":\"In diesem Tutorial erfahren Sie, wie Sie eine Tastenkombination verwenden, mit der Sie in Excel eine Zelle einf\u00e4rben und vergr\u00f6\u00dfern k\u00f6nnen\",\"breadcrumb\":{\"@id\":\"https:\/\/exceladvisor.org\/de\/fullfarbe\/#breadcrumb\"},\"inLanguage\":\"de\",\"potentialAction\":[{\"@type\":\"ReadAction\",\"target\":[\"https:\/\/exceladvisor.org\/de\/fullfarbe\/\"]}]},{\"@type\":\"ImageObject\",\"inLanguage\":\"de\",\"@id\":\"https:\/\/exceladvisor.org\/de\/fullfarbe\/#primaryimage\",\"url\":\"https:\/\/exceladvisor.org\/wp-content\/uploads\/2023\/08\/1-raccourci-de-couleur-de-remplissage.png\",\"contentUrl\":\"https:\/\/exceladvisor.org\/wp-content\/uploads\/2023\/08\/1-raccourci-de-couleur-de-remplissage.png\"},{\"@type\":\"BreadcrumbList\",\"@id\":\"https:\/\/exceladvisor.org\/de\/fullfarbe\/#breadcrumb\",\"itemListElement\":[{\"@type\":\"ListItem\",\"position\":1,\"name\":\"Accueil\",\"item\":\"https:\/\/exceladvisor.org\/de\/\"},{\"@type\":\"ListItem\",\"position\":2,\"name\":\"Wie f\u00fclle ich excel mit farbe aus?\"}]},{\"@type\":\"WebSite\",\"@id\":\"https:\/\/exceladvisor.org\/de\/#website\",\"url\":\"https:\/\/exceladvisor.org\/de\/\",\"name\":\"Excel Advisor\",\"description\":\"Ihr Leitfaden zur Datendominanz\",\"publisher\":{\"@id\":\"https:\/\/exceladvisor.org\/de\/#organization\"},\"potentialAction\":[{\"@type\":\"SearchAction\",\"target\":{\"@type\":\"EntryPoint\",\"urlTemplate\":\"https:\/\/exceladvisor.org\/de\/?s={search_term_string}\"},\"query-input\":{\"@type\":\"PropertyValueSpecification\",\"valueRequired\":true,\"valueName\":\"search_term_string\"}}],\"inLanguage\":\"de\"},{\"@type\":\"Organization\",\"@id\":\"https:\/\/exceladvisor.org\/de\/#organization\",\"name\":\"Excel Advisor\",\"url\":\"https:\/\/exceladvisor.org\/de\/\",\"logo\":{\"@type\":\"ImageObject\",\"inLanguage\":\"de\",\"@id\":\"https:\/\/exceladvisor.org\/de\/#\/schema\/logo\/image\/\",\"url\":\"https:\/\/exceladvisor.org\/de\/wp-content\/uploads\/2023\/11\/exceladvisor.org_.png\",\"contentUrl\":\"https:\/\/exceladvisor.org\/de\/wp-content\/uploads\/2023\/11\/exceladvisor.org_.png\",\"width\":105,\"height\":36,\"caption\":\"Excel Advisor\"},\"image\":{\"@id\":\"https:\/\/exceladvisor.org\/de\/#\/schema\/logo\/image\/\"}}]}<\/script>\n<!-- \/ Yoast SEO plugin. -->","yoast_head_json":{"title":"\u25b7Wie f\u00fclle ich Farben in Excel aus? (Excel-Verkn\u00fcpfung)","description":"In diesem Tutorial erfahren Sie, wie Sie eine Tastenkombination verwenden, mit der Sie in Excel eine Zelle einf\u00e4rben und vergr\u00f6\u00dfern k\u00f6nnen","robots":{"index":"index","follow":"follow","max-snippet":"max-snippet:-1","max-image-preview":"max-image-preview:large","max-video-preview":"max-video-preview:-1"},"canonical":"https:\/\/exceladvisor.org\/de\/fullfarbe\/","og_locale":"de_DE","og_type":"article","og_title":"\u25b7Wie f\u00fclle ich Farben in Excel aus? (Excel-Verkn\u00fcpfung)","og_description":"In diesem Tutorial erfahren Sie, wie Sie eine Tastenkombination verwenden, mit der Sie in Excel eine Zelle einf\u00e4rben und vergr\u00f6\u00dfern k\u00f6nnen","og_url":"https:\/\/exceladvisor.org\/de\/fullfarbe\/","og_site_name":"Excel Advisor","article_modified_time":"2023-12-03T11:21:35+00:00","og_image":[{"url":"https:\/\/exceladvisor.org\/wp-content\/uploads\/2023\/08\/1-raccourci-de-couleur-de-remplissage.png","type":"","width":"","height":""}],"twitter_card":"summary_large_image","twitter_misc":{"Gesch\u00e4tzte Lesezeit":"2\u00a0Minuten"},"schema":{"@context":"https:\/\/schema.org","@graph":[{"@type":"WebPage","@id":"https:\/\/exceladvisor.org\/de\/fullfarbe\/","url":"https:\/\/exceladvisor.org\/de\/fullfarbe\/","name":"\u25b7Wie f\u00fclle ich Farben in Excel aus? (Excel-Verkn\u00fcpfung)","isPartOf":{"@id":"https:\/\/exceladvisor.org\/de\/#website"},"primaryImageOfPage":{"@id":"https:\/\/exceladvisor.org\/de\/fullfarbe\/#primaryimage"},"image":{"@id":"https:\/\/exceladvisor.org\/de\/fullfarbe\/#primaryimage"},"thumbnailUrl":"https:\/\/exceladvisor.org\/wp-content\/uploads\/2023\/08\/1-raccourci-de-couleur-de-remplissage.png","datePublished":"2023-11-15T21:59:40+00:00","dateModified":"2023-12-03T11:21:35+00:00","description":"In diesem Tutorial erfahren Sie, wie Sie eine Tastenkombination verwenden, mit der Sie in Excel eine Zelle einf\u00e4rben und vergr\u00f6\u00dfern k\u00f6nnen","breadcrumb":{"@id":"https:\/\/exceladvisor.org\/de\/fullfarbe\/#breadcrumb"},"inLanguage":"de","potentialAction":[{"@type":"ReadAction","target":["https:\/\/exceladvisor.org\/de\/fullfarbe\/"]}]},{"@type":"ImageObject","inLanguage":"de","@id":"https:\/\/exceladvisor.org\/de\/fullfarbe\/#primaryimage","url":"https:\/\/exceladvisor.org\/wp-content\/uploads\/2023\/08\/1-raccourci-de-couleur-de-remplissage.png","contentUrl":"https:\/\/exceladvisor.org\/wp-content\/uploads\/2023\/08\/1-raccourci-de-couleur-de-remplissage.png"},{"@type":"BreadcrumbList","@id":"https:\/\/exceladvisor.org\/de\/fullfarbe\/#breadcrumb","itemListElement":[{"@type":"ListItem","position":1,"name":"Accueil","item":"https:\/\/exceladvisor.org\/de\/"},{"@type":"ListItem","position":2,"name":"Wie f\u00fclle ich excel mit farbe aus?"}]},{"@type":"WebSite","@id":"https:\/\/exceladvisor.org\/de\/#website","url":"https:\/\/exceladvisor.org\/de\/","name":"Excel Advisor","description":"Ihr Leitfaden zur Datendominanz","publisher":{"@id":"https:\/\/exceladvisor.org\/de\/#organization"},"potentialAction":[{"@type":"SearchAction","target":{"@type":"EntryPoint","urlTemplate":"https:\/\/exceladvisor.org\/de\/?s={search_term_string}"},"query-input":{"@type":"PropertyValueSpecification","valueRequired":true,"valueName":"search_term_string"}}],"inLanguage":"de"},{"@type":"Organization","@id":"https:\/\/exceladvisor.org\/de\/#organization","name":"Excel Advisor","url":"https:\/\/exceladvisor.org\/de\/","logo":{"@type":"ImageObject","inLanguage":"de","@id":"https:\/\/exceladvisor.org\/de\/#\/schema\/logo\/image\/","url":"https:\/\/exceladvisor.org\/de\/wp-content\/uploads\/2023\/11\/exceladvisor.org_.png","contentUrl":"https:\/\/exceladvisor.org\/de\/wp-content\/uploads\/2023\/11\/exceladvisor.org_.png","width":105,"height":36,"caption":"Excel Advisor"},"image":{"@id":"https:\/\/exceladvisor.org\/de\/#\/schema\/logo\/image\/"}}]}},"yoast_meta":{"yoast_wpseo_title":"","yoast_wpseo_metadesc":"","yoast_wpseo_canonical":""},"_links":{"self":[{"href":"https:\/\/exceladvisor.org\/de\/wp-json\/wp\/v2\/pages\/3085","targetHints":{"allow":["GET"]}}],"collection":[{"href":"https:\/\/exceladvisor.org\/de\/wp-json\/wp\/v2\/pages"}],"about":[{"href":"https:\/\/exceladvisor.org\/de\/wp-json\/wp\/v2\/types\/page"}],"author":[{"embeddable":true,"href":"https:\/\/exceladvisor.org\/de\/wp-json\/wp\/v2\/users\/1"}],"replies":[{"embeddable":true,"href":"https:\/\/exceladvisor.org\/de\/wp-json\/wp\/v2\/comments?post=3085"}],"version-history":[{"count":1,"href":"https:\/\/exceladvisor.org\/de\/wp-json\/wp\/v2\/pages\/3085\/revisions"}],"predecessor-version":[{"id":4073,"href":"https:\/\/exceladvisor.org\/de\/wp-json\/wp\/v2\/pages\/3085\/revisions\/4073"}],"wp:attachment":[{"href":"https:\/\/exceladvisor.org\/de\/wp-json\/wp\/v2\/media?parent=3085"}],"curies":[{"name":"wp","href":"https:\/\/api.w.org\/{rel}","templated":true}]}}