{"id":3086,"date":"2023-11-15T21:48:44","date_gmt":"2023-11-15T21:48:44","guid":{"rendered":"https:\/\/exceladvisor.org\/de\/zelle-loschen\/"},"modified":"2023-12-03T11:14:27","modified_gmt":"2023-12-03T11:14:27","slug":"zelle-loschen","status":"publish","type":"page","link":"https:\/\/exceladvisor.org\/de\/zelle-loschen\/","title":{"rendered":"Wie entferne ich eine excel-verkn\u00fcpfung aus einer zelle?"},"content":{"rendered":"<div class=\"excel-vor-dem-inhalt\" id=\"excel-1077046882\"><script type=\"text\/javascript\">\r\n\tatOptions = {\r\n\t\t'key' : 'c1158f160081d6540a8409e6925dab94',\r\n\t\t'format' : 'iframe',\r\n\t\t'height' : 250,\r\n\t\t'width' : 300,\r\n\t\t'params' : {}\r\n\t};\r\n<\/script>\r\n<script type=\"text\/javascript\" src=\"\/\/www.highperformanceformat.com\/c1158f160081d6540a8409e6925dab94\/invoke.js\"><\/script><\/div> <p>Wie der Name schon sagt, bezieht sich \u201eZelle l\u00f6schen\u201c auf das L\u00f6schen der Zelle.<\/p><p> Excel bietet auch die M\u00f6glichkeit, eine bestimmte Zelle oder einen bestimmten Zellbereich zu l\u00f6schen, anstatt die gesamte Zeile oder Spalte zu l\u00f6schen.<\/p><p> Wenn der Benutzer also eine Zelle aus dem Arbeitsblatt entfernen oder l\u00f6schen m\u00f6chte, kann er diese bestimmte Zelle l\u00f6schen und die Daten anpassen.<\/p><h2 class=\"wp-block-heading\"> Tastenkombination zum L\u00f6schen einer Zelle in Excel<\/h2><p> Die Tastenkombination zum L\u00f6schen einer bestimmten Zelle oder eines bestimmten Zellbereichs lautet wie folgt:<\/p><p> <kbd>Strg<\/kbd> + <kbd>-<\/kbd> <\/p><div class=\"wp-block-image\"><figure class=\"aligncenter size-full is-resized\"><img loading=\"lazy\" decoding=\"async\" class=\"wp-image-72783\" src=\"https:\/\/exceladvisor.org\/wp-content\/uploads\/2023\/08\/1-supprimer-le-raccourci-de-cellule.png\" sizes=\"auto, \" srcset=\"\" alt=\"Verkn\u00fcpfung-Zelle l\u00f6schen\" width=\"748\" height=\"293\"><\/figure><\/div><h2 class=\"wp-block-heading\"> Schritte zum L\u00f6schen einer Zelle mithilfe einer Tastenkombination<\/h2><ol><li> W\u00e4hlen Sie zun\u00e4chst die Zelle(n) aus, die Sie aus dem Arbeitsblatt entfernen oder entfernen m\u00f6chten.<\/li><li> Danach dr\u00fccken Sie einfach gleichzeitig die Tasten <kbd>Strg<\/kbd> + <kbd>-<\/kbd> und das Dialogfeld \u201eL\u00f6schen\u201c wird ge\u00f6ffnet.<\/li><li> W\u00e4hlen Sie nun die Option aus, an die Sie die restlichen Zellen verschieben m\u00f6chten, um die ausgew\u00e4hlte Zelle zu ersetzen und an die Daten im Arbeitsblatt anzupassen.<\/li><li> Dr\u00fccken Sie nach der Auswahl die Eingabetaste. Ihre ausgew\u00e4hlte Zelle wird gel\u00f6scht und die Daten werden angepasst. <\/li><\/ol><div class=\"wp-block-image\"><figure class=\"aligncenter size-full\"><img loading=\"lazy\" decoding=\"async\" class=\"wp-image-72784\" src=\"https:\/\/exceladvisor.org\/wp-content\/uploads\/2023\/08\/2-supprimer-la-boite-de-dialogue.png\" sizes=\"auto, \" srcset=\"\" alt=\"Dialog l\u00f6schen\" width=\"216\" height=\"228\"><\/figure><\/div><p class=\"qt-tip\"> Hinweis: Wenn Ihre Daten im Tabellenbereichsformat vorliegen und Sie eine bestimmte Zelle ausw\u00e4hlen und <kbd>Strg<\/kbd> + <kbd>-<\/kbd> dr\u00fccken, wird die gesamte Zeile und nicht nur diese bestimmte Zelle gel\u00f6scht. <\/p><div class=\"wp-block-group more-tutorials is-layout-flow\"><div class=\"wp-block-group__inner-container\"><h2 class=\"wp-block-heading\"> Weitere Tutorials <\/h2><div class=\"wp-block-columns is-layout-flex wp-container-139\"><div class=\"wp-block-column is-layout-flow\"><ul><li> <a href=\"https:\/\/exceladvisor.org\/de\/spalte-1-hinzufugen\/\">F\u00fcgen Sie eine Spalte hinzu<\/a><\/li><li> <a href=\"https:\/\/exceladvisor.org\/de\/zeile-loschen\/\">Zeilen l\u00f6schen<\/a><\/li><li> <a href=\"https:\/\/exceladvisor.org\/de\/zelle-bearbeiten\/\">Zelle bearbeiten<\/a><\/li><li> <a href=\"https:\/\/exceladvisor.org\/de\/spalten-anzeigen\/\">Spalten anzeigen<\/a><\/li><\/ul><\/div><div class=\"wp-block-column is-layout-flow\"><ul><li> <a href=\"https:\/\/exceladvisor.org\/de\/eine-zelle-einfugen\/\">F\u00fcgen Sie eine Zelle ein<\/a><\/li><li> <a href=\"https:\/\/exceladvisor.org\/de\/eine-zeile-einfugen\/\">Einf\u00fcgen \u2013 Zeilen hinzuf\u00fcgen<\/a><\/li><li> <a href=\"https:\/\/exceladvisor.org\/de\/zellen-verschmelzen-dissoziieren-1\/\">Zellen zusammenf\u00fchren und wieder aufheben<\/a><\/li><\/ul><\/div><\/div><p> \u21e0 Zur\u00fcck zu <a href=\"https:\/\/exceladvisor.org\/de\/tastaturkurzel\/\">Excel-Verkn\u00fcpfungen (PDF-Spickzettel)<\/a><\/p><\/div><\/div>","protected":false},"excerpt":{"rendered":"","protected":false},"author":1,"featured_media":0,"parent":0,"menu_order":0,"comment_status":"open","ping_status":"closed","template":"","meta":{"ub_ctt_via":"","footnotes":""},"class_list":["post-3086","page","type-page","status-publish","hentry"],"featured_image_src":null,"yoast_head":"<!-- This site is optimized with the Yoast SEO plugin v25.4 - https:\/\/yoast.com\/wordpress\/plugins\/seo\/ -->\n<title>Wie l\u00f6sche ich eine Zelle in Excel? (Excel-Verkn\u00fcpfung)<\/title>\n<meta name=\"description\" content=\"In diesem Tutorial erfahren Sie, wie Sie eine Tastenkombination verwenden, mit der Sie in Excel eine Zelle l\u00f6schen und gewinnen k\u00f6nnen\" \/>\n<meta name=\"robots\" content=\"index, follow, max-snippet:-1, max-image-preview:large, max-video-preview:-1\" \/>\n<link rel=\"canonical\" href=\"https:\/\/exceladvisor.org\/de\/zelle-loschen\/\" \/>\n<meta property=\"og:locale\" content=\"de_DE\" \/>\n<meta property=\"og:type\" content=\"article\" \/>\n<meta property=\"og:title\" content=\"Wie l\u00f6sche ich eine Zelle in Excel? (Excel-Verkn\u00fcpfung)\" \/>\n<meta property=\"og:description\" content=\"In diesem Tutorial erfahren Sie, wie Sie eine Tastenkombination verwenden, mit der Sie in Excel eine Zelle l\u00f6schen und gewinnen k\u00f6nnen\" \/>\n<meta property=\"og:url\" content=\"https:\/\/exceladvisor.org\/de\/zelle-loschen\/\" \/>\n<meta property=\"og:site_name\" content=\"Excel Advisor\" \/>\n<meta property=\"article:modified_time\" content=\"2023-12-03T11:14:27+00:00\" \/>\n<meta property=\"og:image\" content=\"https:\/\/exceladvisor.org\/wp-content\/uploads\/2023\/08\/1-supprimer-le-raccourci-de-cellule.png\" \/>\n<meta name=\"twitter:card\" content=\"summary_large_image\" \/>\n<meta name=\"twitter:label1\" content=\"Gesch\u00e4tzte Lesezeit\" \/>\n\t<meta name=\"twitter:data1\" content=\"1\u00a0Minute\" \/>\n<script type=\"application\/ld+json\" class=\"yoast-schema-graph\">{\"@context\":\"https:\/\/schema.org\",\"@graph\":[{\"@type\":\"WebPage\",\"@id\":\"https:\/\/exceladvisor.org\/de\/zelle-loschen\/\",\"url\":\"https:\/\/exceladvisor.org\/de\/zelle-loschen\/\",\"name\":\"Wie l\u00f6sche ich eine Zelle in Excel? (Excel-Verkn\u00fcpfung)\",\"isPartOf\":{\"@id\":\"https:\/\/exceladvisor.org\/de\/#website\"},\"primaryImageOfPage\":{\"@id\":\"https:\/\/exceladvisor.org\/de\/zelle-loschen\/#primaryimage\"},\"image\":{\"@id\":\"https:\/\/exceladvisor.org\/de\/zelle-loschen\/#primaryimage\"},\"thumbnailUrl\":\"https:\/\/exceladvisor.org\/wp-content\/uploads\/2023\/08\/1-supprimer-le-raccourci-de-cellule.png\",\"datePublished\":\"2023-11-15T21:48:44+00:00\",\"dateModified\":\"2023-12-03T11:14:27+00:00\",\"description\":\"In diesem Tutorial erfahren Sie, wie Sie eine Tastenkombination verwenden, mit der Sie in Excel eine Zelle l\u00f6schen und gewinnen k\u00f6nnen\",\"breadcrumb\":{\"@id\":\"https:\/\/exceladvisor.org\/de\/zelle-loschen\/#breadcrumb\"},\"inLanguage\":\"de\",\"potentialAction\":[{\"@type\":\"ReadAction\",\"target\":[\"https:\/\/exceladvisor.org\/de\/zelle-loschen\/\"]}]},{\"@type\":\"ImageObject\",\"inLanguage\":\"de\",\"@id\":\"https:\/\/exceladvisor.org\/de\/zelle-loschen\/#primaryimage\",\"url\":\"https:\/\/exceladvisor.org\/wp-content\/uploads\/2023\/08\/1-supprimer-le-raccourci-de-cellule.png\",\"contentUrl\":\"https:\/\/exceladvisor.org\/wp-content\/uploads\/2023\/08\/1-supprimer-le-raccourci-de-cellule.png\"},{\"@type\":\"BreadcrumbList\",\"@id\":\"https:\/\/exceladvisor.org\/de\/zelle-loschen\/#breadcrumb\",\"itemListElement\":[{\"@type\":\"ListItem\",\"position\":1,\"name\":\"Accueil\",\"item\":\"https:\/\/exceladvisor.org\/de\/\"},{\"@type\":\"ListItem\",\"position\":2,\"name\":\"Wie entferne ich eine excel-verkn\u00fcpfung aus einer zelle?\"}]},{\"@type\":\"WebSite\",\"@id\":\"https:\/\/exceladvisor.org\/de\/#website\",\"url\":\"https:\/\/exceladvisor.org\/de\/\",\"name\":\"Excel Advisor\",\"description\":\"Ihr Leitfaden zur Datendominanz\",\"publisher\":{\"@id\":\"https:\/\/exceladvisor.org\/de\/#organization\"},\"potentialAction\":[{\"@type\":\"SearchAction\",\"target\":{\"@type\":\"EntryPoint\",\"urlTemplate\":\"https:\/\/exceladvisor.org\/de\/?s={search_term_string}\"},\"query-input\":{\"@type\":\"PropertyValueSpecification\",\"valueRequired\":true,\"valueName\":\"search_term_string\"}}],\"inLanguage\":\"de\"},{\"@type\":\"Organization\",\"@id\":\"https:\/\/exceladvisor.org\/de\/#organization\",\"name\":\"Excel Advisor\",\"url\":\"https:\/\/exceladvisor.org\/de\/\",\"logo\":{\"@type\":\"ImageObject\",\"inLanguage\":\"de\",\"@id\":\"https:\/\/exceladvisor.org\/de\/#\/schema\/logo\/image\/\",\"url\":\"https:\/\/exceladvisor.org\/de\/wp-content\/uploads\/2023\/11\/exceladvisor.org_.png\",\"contentUrl\":\"https:\/\/exceladvisor.org\/de\/wp-content\/uploads\/2023\/11\/exceladvisor.org_.png\",\"width\":105,\"height\":36,\"caption\":\"Excel Advisor\"},\"image\":{\"@id\":\"https:\/\/exceladvisor.org\/de\/#\/schema\/logo\/image\/\"}}]}<\/script>\n<!-- \/ Yoast SEO plugin. -->","yoast_head_json":{"title":"Wie l\u00f6sche ich eine Zelle in Excel? (Excel-Verkn\u00fcpfung)","description":"In diesem Tutorial erfahren Sie, wie Sie eine Tastenkombination verwenden, mit der Sie in Excel eine Zelle l\u00f6schen und gewinnen k\u00f6nnen","robots":{"index":"index","follow":"follow","max-snippet":"max-snippet:-1","max-image-preview":"max-image-preview:large","max-video-preview":"max-video-preview:-1"},"canonical":"https:\/\/exceladvisor.org\/de\/zelle-loschen\/","og_locale":"de_DE","og_type":"article","og_title":"Wie l\u00f6sche ich eine Zelle in Excel? (Excel-Verkn\u00fcpfung)","og_description":"In diesem Tutorial erfahren Sie, wie Sie eine Tastenkombination verwenden, mit der Sie in Excel eine Zelle l\u00f6schen und gewinnen k\u00f6nnen","og_url":"https:\/\/exceladvisor.org\/de\/zelle-loschen\/","og_site_name":"Excel Advisor","article_modified_time":"2023-12-03T11:14:27+00:00","og_image":[{"url":"https:\/\/exceladvisor.org\/wp-content\/uploads\/2023\/08\/1-supprimer-le-raccourci-de-cellule.png","type":"","width":"","height":""}],"twitter_card":"summary_large_image","twitter_misc":{"Gesch\u00e4tzte Lesezeit":"1\u00a0Minute"},"schema":{"@context":"https:\/\/schema.org","@graph":[{"@type":"WebPage","@id":"https:\/\/exceladvisor.org\/de\/zelle-loschen\/","url":"https:\/\/exceladvisor.org\/de\/zelle-loschen\/","name":"Wie l\u00f6sche ich eine Zelle in Excel? (Excel-Verkn\u00fcpfung)","isPartOf":{"@id":"https:\/\/exceladvisor.org\/de\/#website"},"primaryImageOfPage":{"@id":"https:\/\/exceladvisor.org\/de\/zelle-loschen\/#primaryimage"},"image":{"@id":"https:\/\/exceladvisor.org\/de\/zelle-loschen\/#primaryimage"},"thumbnailUrl":"https:\/\/exceladvisor.org\/wp-content\/uploads\/2023\/08\/1-supprimer-le-raccourci-de-cellule.png","datePublished":"2023-11-15T21:48:44+00:00","dateModified":"2023-12-03T11:14:27+00:00","description":"In diesem Tutorial erfahren Sie, wie Sie eine Tastenkombination verwenden, mit der Sie in Excel eine Zelle l\u00f6schen und gewinnen k\u00f6nnen","breadcrumb":{"@id":"https:\/\/exceladvisor.org\/de\/zelle-loschen\/#breadcrumb"},"inLanguage":"de","potentialAction":[{"@type":"ReadAction","target":["https:\/\/exceladvisor.org\/de\/zelle-loschen\/"]}]},{"@type":"ImageObject","inLanguage":"de","@id":"https:\/\/exceladvisor.org\/de\/zelle-loschen\/#primaryimage","url":"https:\/\/exceladvisor.org\/wp-content\/uploads\/2023\/08\/1-supprimer-le-raccourci-de-cellule.png","contentUrl":"https:\/\/exceladvisor.org\/wp-content\/uploads\/2023\/08\/1-supprimer-le-raccourci-de-cellule.png"},{"@type":"BreadcrumbList","@id":"https:\/\/exceladvisor.org\/de\/zelle-loschen\/#breadcrumb","itemListElement":[{"@type":"ListItem","position":1,"name":"Accueil","item":"https:\/\/exceladvisor.org\/de\/"},{"@type":"ListItem","position":2,"name":"Wie entferne ich eine excel-verkn\u00fcpfung aus einer zelle?"}]},{"@type":"WebSite","@id":"https:\/\/exceladvisor.org\/de\/#website","url":"https:\/\/exceladvisor.org\/de\/","name":"Excel Advisor","description":"Ihr Leitfaden zur Datendominanz","publisher":{"@id":"https:\/\/exceladvisor.org\/de\/#organization"},"potentialAction":[{"@type":"SearchAction","target":{"@type":"EntryPoint","urlTemplate":"https:\/\/exceladvisor.org\/de\/?s={search_term_string}"},"query-input":{"@type":"PropertyValueSpecification","valueRequired":true,"valueName":"search_term_string"}}],"inLanguage":"de"},{"@type":"Organization","@id":"https:\/\/exceladvisor.org\/de\/#organization","name":"Excel Advisor","url":"https:\/\/exceladvisor.org\/de\/","logo":{"@type":"ImageObject","inLanguage":"de","@id":"https:\/\/exceladvisor.org\/de\/#\/schema\/logo\/image\/","url":"https:\/\/exceladvisor.org\/de\/wp-content\/uploads\/2023\/11\/exceladvisor.org_.png","contentUrl":"https:\/\/exceladvisor.org\/de\/wp-content\/uploads\/2023\/11\/exceladvisor.org_.png","width":105,"height":36,"caption":"Excel Advisor"},"image":{"@id":"https:\/\/exceladvisor.org\/de\/#\/schema\/logo\/image\/"}}]}},"yoast_meta":{"yoast_wpseo_title":"","yoast_wpseo_metadesc":"","yoast_wpseo_canonical":""},"_links":{"self":[{"href":"https:\/\/exceladvisor.org\/de\/wp-json\/wp\/v2\/pages\/3086","targetHints":{"allow":["GET"]}}],"collection":[{"href":"https:\/\/exceladvisor.org\/de\/wp-json\/wp\/v2\/pages"}],"about":[{"href":"https:\/\/exceladvisor.org\/de\/wp-json\/wp\/v2\/types\/page"}],"author":[{"embeddable":true,"href":"https:\/\/exceladvisor.org\/de\/wp-json\/wp\/v2\/users\/1"}],"replies":[{"embeddable":true,"href":"https:\/\/exceladvisor.org\/de\/wp-json\/wp\/v2\/comments?post=3086"}],"version-history":[{"count":1,"href":"https:\/\/exceladvisor.org\/de\/wp-json\/wp\/v2\/pages\/3086\/revisions"}],"predecessor-version":[{"id":3912,"href":"https:\/\/exceladvisor.org\/de\/wp-json\/wp\/v2\/pages\/3086\/revisions\/3912"}],"wp:attachment":[{"href":"https:\/\/exceladvisor.org\/de\/wp-json\/wp\/v2\/media?parent=3086"}],"curies":[{"name":"wp","href":"https:\/\/api.w.org\/{rel}","templated":true}]}}