{"id":3087,"date":"2023-11-15T20:03:44","date_gmt":"2023-11-15T20:03:44","guid":{"rendered":"https:\/\/exceladvisor.org\/de\/loschen\/"},"modified":"2023-12-03T13:04:21","modified_gmt":"2023-12-03T13:04:21","slug":"loschen","status":"publish","type":"page","link":"https:\/\/exceladvisor.org\/de\/loschen\/","title":{"rendered":"Wie l\u00f6sche ich zellwerte in excel?"},"content":{"rendered":"<div class=\"excel-vor-dem-inhalt\" id=\"excel-2343427602\"><script type=\"text\/javascript\">\r\n\tatOptions = {\r\n\t\t'key' : 'c1158f160081d6540a8409e6925dab94',\r\n\t\t'format' : 'iframe',\r\n\t\t'height' : 250,\r\n\t\t'width' : 300,\r\n\t\t'params' : {}\r\n\t};\r\n<\/script>\r\n<script type=\"text\/javascript\" src=\"\/\/www.highperformanceformat.com\/c1158f160081d6540a8409e6925dab94\/invoke.js\"><\/script><\/div> <p>Der schnellste Weg, Zellwerte zu l\u00f6schen, ist die Verwendung der \u201eEntf\u201c-Taste auf der Tastatur. Benutzer k\u00f6nnen die in den Zellen eingegebenen Werte mithilfe der Tastenkombination \u201eL\u00f6schen\u201c vollst\u00e4ndig l\u00f6schen und die Zellen leer machen.<\/p><p> Oder manchmal stellen Benutzer fest, dass der in die Zelle eingegebene Wert falsch geschrieben oder mit einem zus\u00e4tzlichen Wert eingegeben wurde, und um diese zus\u00e4tzlichen Zeichen oder Werte zu entfernen, k\u00f6nnen sie die Tastenkombination \u201eL\u00f6schen\u201c verwenden, um den Wert zu korrigieren.<\/p><h2 class=\"wp-block-heading\"> Tastenkombination zum L\u00f6schen in Excel<\/h2><p> Die Tastenkombination zum L\u00f6schen von Werten wird unten erw\u00e4hnt:<\/p><p> <kbd>L\u00d6SCHEN<\/kbd> <\/p><div class=\"wp-block-image\"><figure class=\"aligncenter size-full is-resized\"><img loading=\"lazy\" decoding=\"async\" class=\"wp-image-74576\" src=\"https:\/\/exceladvisor.org\/wp-content\/uploads\/2023\/08\/1-touche-de-suppression-du-clavier.png\" sizes=\"auto, \" srcset=\"\" alt=\"Tastatur l\u00f6schen\" width=\"839\" height=\"329\"><\/figure><\/div><h2 class=\"wp-block-heading\"> Schritte zum L\u00f6schen von Werten mithilfe einer Tastenkombination<\/h2><ol><li> W\u00e4hlen Sie zun\u00e4chst die Zelle(n) aus, deren Werte Sie entfernen m\u00f6chten. <br><img decoding=\"async\" title=\"2-Zellen-Auswahl\" src=\"https:\/\/exceladvisor.org\/wp-content\/uploads\/2023\/08\/2-selection-de-cellules.png\" sizes=\"\" srcset=\"\" alt=\"selection-of-cells\"><\/li><li> Nach der Auswahl dr\u00fccken Sie einfach die \u201eEntf\u201c-Taste auf der Tastatur. Die Werte werden gel\u00f6scht und die Zellen werden leer. <br><img decoding=\"async\" title=\"3-Werte-Zellen l\u00f6schen\" src=\"https:\/\/exceladvisor.org\/wp-content\/uploads\/2023\/08\/3-valeurs-supprimees-des-cellules.png\" sizes=\"\" srcset=\"\" alt=\"values-delete-from-cells\"><\/li><li> Oder w\u00e4hlen Sie die Zelle im Bearbeitungsmodus mit den Tasten \u201eFn + F2\u201c aus und bewegen Sie den Cursor links neben das Zeichen, das Sie l\u00f6schen m\u00f6chten. <br><img loading=\"lazy\" decoding=\"async\" title=\"4 Zellen im Bearbeitungsmodus\" src=\"https:\/\/exceladvisor.org\/wp-content\/uploads\/2023\/08\/4-cellules-en-mode-edition.png\" sizes=\"auto, \" srcset=\"\" alt=\"cell-in-edit-mode\" width=\"539\" height=\"229\"><\/li><li> Wenn Sie fertig sind, dr\u00fccken Sie die Taste \u201eL\u00f6schen\u201c. Dadurch wird ein einzelnes Zeichen gel\u00f6scht, das rechts vom Cursor eingegeben wurde.<\/li><li> Dr\u00fccken Sie mehrmals die \u201eL\u00f6schen\u201c-Taste, um mehrere Zeichen zu l\u00f6schen. <br><img loading=\"lazy\" decoding=\"async\" title=\"5-Wert-Zeichen entfernen\" src=\"https:\/\/exceladvisor.org\/wp-content\/uploads\/2023\/08\/5-supprimer-le-caractere-de-la-valeur.png\" sizes=\"auto, \" srcset=\"\" alt=\"delete-character-from-value\" width=\"547\" height=\"234\"><\/li><\/ol><p> Im Bild oben k\u00f6nnen Sie sehen, dass Excel beim Dr\u00fccken der \u201eEntf\u201c-Taste das \u201et\u201c-Zeichen gel\u00f6scht hat, das rechts vom Cursor platziert war. <\/p><div class=\"wp-block-group more-tutorials is-layout-flow\"><div class=\"wp-block-group__inner-container\"><h2 class=\"wp-block-heading\"> Weitere Verkn\u00fcpfungen <\/h2><div class=\"wp-block-columns is-layout-flex wp-container-122\"><div class=\"wp-block-column is-layout-flow\"><ul><li> <a href=\"https:\/\/exceladvisor.org\/de\/filter-1\/\">Filter anwenden und entfernen<\/a><\/li><li> <a href=\"https:\/\/exceladvisor.org\/de\/autosumme-2\/\">Automatische Summe<\/a><\/li><li> <a href=\"https:\/\/exceladvisor.org\/de\/klarer-inhalt\/\">Klarer Inhalt<\/a><\/li><\/ul><\/div><div class=\"wp-block-column is-layout-flow\"><ul><li> <a href=\"https:\/\/exceladvisor.org\/de\/herunterrutschen\/\">Wischen Sie nach unten<\/a><\/li><li> <a href=\"https:\/\/exceladvisor.org\/de\/formeln-anzeigen\/\">Formeln anzeigen<\/a><\/li><\/ul><\/div><\/div><p> \u21e0 Zur\u00fcck zu <a href=\"https:\/\/exceladvisor.org\/de\/tastaturkurzel\/\">Excel-Verkn\u00fcpfungen (PDF-Spickzettel)<\/a><\/p><\/div><\/div>","protected":false},"excerpt":{"rendered":"","protected":false},"author":1,"featured_media":0,"parent":0,"menu_order":0,"comment_status":"open","ping_status":"closed","template":"","meta":{"ub_ctt_via":"","footnotes":""},"class_list":["post-3087","page","type-page","status-publish","hentry"],"featured_image_src":null,"yoast_head":"<!-- This site is optimized with the Yoast SEO plugin v25.4 - https:\/\/yoast.com\/wordpress\/plugins\/seo\/ -->\n<title>\u25b7 Wie l\u00f6sche ich Zellwerte in Excel?<\/title>\n<meta name=\"description\" content=\"In diesem Tutorial erfahren Sie, wie Sie mit einer Tastenkombination Werte aus einer Zelle oder einem Bereich aus mehreren l\u00f6schen\" \/>\n<meta name=\"robots\" content=\"index, follow, max-snippet:-1, max-image-preview:large, max-video-preview:-1\" \/>\n<link rel=\"canonical\" href=\"https:\/\/exceladvisor.org\/de\/loschen\/\" \/>\n<meta property=\"og:locale\" content=\"de_DE\" \/>\n<meta property=\"og:type\" content=\"article\" \/>\n<meta property=\"og:title\" content=\"\u25b7 Wie l\u00f6sche ich Zellwerte in Excel?\" \/>\n<meta property=\"og:description\" content=\"In diesem Tutorial erfahren Sie, wie Sie mit einer Tastenkombination Werte aus einer Zelle oder einem Bereich aus mehreren l\u00f6schen\" \/>\n<meta property=\"og:url\" content=\"https:\/\/exceladvisor.org\/de\/loschen\/\" \/>\n<meta property=\"og:site_name\" content=\"Excel Advisor\" \/>\n<meta property=\"article:modified_time\" content=\"2023-12-03T13:04:21+00:00\" \/>\n<meta property=\"og:image\" content=\"https:\/\/exceladvisor.org\/wp-content\/uploads\/2023\/08\/1-touche-de-suppression-du-clavier.png\" \/>\n<meta name=\"twitter:card\" content=\"summary_large_image\" \/>\n<meta name=\"twitter:label1\" content=\"Gesch\u00e4tzte Lesezeit\" \/>\n\t<meta name=\"twitter:data1\" content=\"1\u00a0Minute\" \/>\n<script type=\"application\/ld+json\" class=\"yoast-schema-graph\">{\"@context\":\"https:\/\/schema.org\",\"@graph\":[{\"@type\":\"WebPage\",\"@id\":\"https:\/\/exceladvisor.org\/de\/loschen\/\",\"url\":\"https:\/\/exceladvisor.org\/de\/loschen\/\",\"name\":\"\u25b7 Wie l\u00f6sche ich Zellwerte in Excel?\",\"isPartOf\":{\"@id\":\"https:\/\/exceladvisor.org\/de\/#website\"},\"primaryImageOfPage\":{\"@id\":\"https:\/\/exceladvisor.org\/de\/loschen\/#primaryimage\"},\"image\":{\"@id\":\"https:\/\/exceladvisor.org\/de\/loschen\/#primaryimage\"},\"thumbnailUrl\":\"https:\/\/exceladvisor.org\/wp-content\/uploads\/2023\/08\/1-touche-de-suppression-du-clavier.png\",\"datePublished\":\"2023-11-15T20:03:44+00:00\",\"dateModified\":\"2023-12-03T13:04:21+00:00\",\"description\":\"In diesem Tutorial erfahren Sie, wie Sie mit einer Tastenkombination Werte aus einer Zelle oder einem Bereich aus mehreren l\u00f6schen\",\"breadcrumb\":{\"@id\":\"https:\/\/exceladvisor.org\/de\/loschen\/#breadcrumb\"},\"inLanguage\":\"de\",\"potentialAction\":[{\"@type\":\"ReadAction\",\"target\":[\"https:\/\/exceladvisor.org\/de\/loschen\/\"]}]},{\"@type\":\"ImageObject\",\"inLanguage\":\"de\",\"@id\":\"https:\/\/exceladvisor.org\/de\/loschen\/#primaryimage\",\"url\":\"https:\/\/exceladvisor.org\/wp-content\/uploads\/2023\/08\/1-touche-de-suppression-du-clavier.png\",\"contentUrl\":\"https:\/\/exceladvisor.org\/wp-content\/uploads\/2023\/08\/1-touche-de-suppression-du-clavier.png\"},{\"@type\":\"BreadcrumbList\",\"@id\":\"https:\/\/exceladvisor.org\/de\/loschen\/#breadcrumb\",\"itemListElement\":[{\"@type\":\"ListItem\",\"position\":1,\"name\":\"Accueil\",\"item\":\"https:\/\/exceladvisor.org\/de\/\"},{\"@type\":\"ListItem\",\"position\":2,\"name\":\"Wie l\u00f6sche ich zellwerte in excel?\"}]},{\"@type\":\"WebSite\",\"@id\":\"https:\/\/exceladvisor.org\/de\/#website\",\"url\":\"https:\/\/exceladvisor.org\/de\/\",\"name\":\"Excel Advisor\",\"description\":\"Ihr Leitfaden zur Datendominanz\",\"publisher\":{\"@id\":\"https:\/\/exceladvisor.org\/de\/#organization\"},\"potentialAction\":[{\"@type\":\"SearchAction\",\"target\":{\"@type\":\"EntryPoint\",\"urlTemplate\":\"https:\/\/exceladvisor.org\/de\/?s={search_term_string}\"},\"query-input\":{\"@type\":\"PropertyValueSpecification\",\"valueRequired\":true,\"valueName\":\"search_term_string\"}}],\"inLanguage\":\"de\"},{\"@type\":\"Organization\",\"@id\":\"https:\/\/exceladvisor.org\/de\/#organization\",\"name\":\"Excel Advisor\",\"url\":\"https:\/\/exceladvisor.org\/de\/\",\"logo\":{\"@type\":\"ImageObject\",\"inLanguage\":\"de\",\"@id\":\"https:\/\/exceladvisor.org\/de\/#\/schema\/logo\/image\/\",\"url\":\"https:\/\/exceladvisor.org\/de\/wp-content\/uploads\/2023\/11\/exceladvisor.org_.png\",\"contentUrl\":\"https:\/\/exceladvisor.org\/de\/wp-content\/uploads\/2023\/11\/exceladvisor.org_.png\",\"width\":105,\"height\":36,\"caption\":\"Excel Advisor\"},\"image\":{\"@id\":\"https:\/\/exceladvisor.org\/de\/#\/schema\/logo\/image\/\"}}]}<\/script>\n<!-- \/ Yoast SEO plugin. -->","yoast_head_json":{"title":"\u25b7 Wie l\u00f6sche ich Zellwerte in Excel?","description":"In diesem Tutorial erfahren Sie, wie Sie mit einer Tastenkombination Werte aus einer Zelle oder einem Bereich aus mehreren l\u00f6schen","robots":{"index":"index","follow":"follow","max-snippet":"max-snippet:-1","max-image-preview":"max-image-preview:large","max-video-preview":"max-video-preview:-1"},"canonical":"https:\/\/exceladvisor.org\/de\/loschen\/","og_locale":"de_DE","og_type":"article","og_title":"\u25b7 Wie l\u00f6sche ich Zellwerte in Excel?","og_description":"In diesem Tutorial erfahren Sie, wie Sie mit einer Tastenkombination Werte aus einer Zelle oder einem Bereich aus mehreren l\u00f6schen","og_url":"https:\/\/exceladvisor.org\/de\/loschen\/","og_site_name":"Excel Advisor","article_modified_time":"2023-12-03T13:04:21+00:00","og_image":[{"url":"https:\/\/exceladvisor.org\/wp-content\/uploads\/2023\/08\/1-touche-de-suppression-du-clavier.png","type":"","width":"","height":""}],"twitter_card":"summary_large_image","twitter_misc":{"Gesch\u00e4tzte Lesezeit":"1\u00a0Minute"},"schema":{"@context":"https:\/\/schema.org","@graph":[{"@type":"WebPage","@id":"https:\/\/exceladvisor.org\/de\/loschen\/","url":"https:\/\/exceladvisor.org\/de\/loschen\/","name":"\u25b7 Wie l\u00f6sche ich Zellwerte in Excel?","isPartOf":{"@id":"https:\/\/exceladvisor.org\/de\/#website"},"primaryImageOfPage":{"@id":"https:\/\/exceladvisor.org\/de\/loschen\/#primaryimage"},"image":{"@id":"https:\/\/exceladvisor.org\/de\/loschen\/#primaryimage"},"thumbnailUrl":"https:\/\/exceladvisor.org\/wp-content\/uploads\/2023\/08\/1-touche-de-suppression-du-clavier.png","datePublished":"2023-11-15T20:03:44+00:00","dateModified":"2023-12-03T13:04:21+00:00","description":"In diesem Tutorial erfahren Sie, wie Sie mit einer Tastenkombination Werte aus einer Zelle oder einem Bereich aus mehreren l\u00f6schen","breadcrumb":{"@id":"https:\/\/exceladvisor.org\/de\/loschen\/#breadcrumb"},"inLanguage":"de","potentialAction":[{"@type":"ReadAction","target":["https:\/\/exceladvisor.org\/de\/loschen\/"]}]},{"@type":"ImageObject","inLanguage":"de","@id":"https:\/\/exceladvisor.org\/de\/loschen\/#primaryimage","url":"https:\/\/exceladvisor.org\/wp-content\/uploads\/2023\/08\/1-touche-de-suppression-du-clavier.png","contentUrl":"https:\/\/exceladvisor.org\/wp-content\/uploads\/2023\/08\/1-touche-de-suppression-du-clavier.png"},{"@type":"BreadcrumbList","@id":"https:\/\/exceladvisor.org\/de\/loschen\/#breadcrumb","itemListElement":[{"@type":"ListItem","position":1,"name":"Accueil","item":"https:\/\/exceladvisor.org\/de\/"},{"@type":"ListItem","position":2,"name":"Wie l\u00f6sche ich zellwerte in excel?"}]},{"@type":"WebSite","@id":"https:\/\/exceladvisor.org\/de\/#website","url":"https:\/\/exceladvisor.org\/de\/","name":"Excel Advisor","description":"Ihr Leitfaden zur Datendominanz","publisher":{"@id":"https:\/\/exceladvisor.org\/de\/#organization"},"potentialAction":[{"@type":"SearchAction","target":{"@type":"EntryPoint","urlTemplate":"https:\/\/exceladvisor.org\/de\/?s={search_term_string}"},"query-input":{"@type":"PropertyValueSpecification","valueRequired":true,"valueName":"search_term_string"}}],"inLanguage":"de"},{"@type":"Organization","@id":"https:\/\/exceladvisor.org\/de\/#organization","name":"Excel Advisor","url":"https:\/\/exceladvisor.org\/de\/","logo":{"@type":"ImageObject","inLanguage":"de","@id":"https:\/\/exceladvisor.org\/de\/#\/schema\/logo\/image\/","url":"https:\/\/exceladvisor.org\/de\/wp-content\/uploads\/2023\/11\/exceladvisor.org_.png","contentUrl":"https:\/\/exceladvisor.org\/de\/wp-content\/uploads\/2023\/11\/exceladvisor.org_.png","width":105,"height":36,"caption":"Excel Advisor"},"image":{"@id":"https:\/\/exceladvisor.org\/de\/#\/schema\/logo\/image\/"}}]}},"yoast_meta":{"yoast_wpseo_title":"","yoast_wpseo_metadesc":"","yoast_wpseo_canonical":""},"_links":{"self":[{"href":"https:\/\/exceladvisor.org\/de\/wp-json\/wp\/v2\/pages\/3087","targetHints":{"allow":["GET"]}}],"collection":[{"href":"https:\/\/exceladvisor.org\/de\/wp-json\/wp\/v2\/pages"}],"about":[{"href":"https:\/\/exceladvisor.org\/de\/wp-json\/wp\/v2\/types\/page"}],"author":[{"embeddable":true,"href":"https:\/\/exceladvisor.org\/de\/wp-json\/wp\/v2\/users\/1"}],"replies":[{"embeddable":true,"href":"https:\/\/exceladvisor.org\/de\/wp-json\/wp\/v2\/comments?post=3087"}],"version-history":[{"count":1,"href":"https:\/\/exceladvisor.org\/de\/wp-json\/wp\/v2\/pages\/3087\/revisions"}],"predecessor-version":[{"id":4151,"href":"https:\/\/exceladvisor.org\/de\/wp-json\/wp\/v2\/pages\/3087\/revisions\/4151"}],"wp:attachment":[{"href":"https:\/\/exceladvisor.org\/de\/wp-json\/wp\/v2\/media?parent=3087"}],"curies":[{"name":"wp","href":"https:\/\/api.w.org\/{rel}","templated":true}]}}