{"id":3088,"date":"2023-11-15T18:44:47","date_gmt":"2023-11-15T18:44:47","guid":{"rendered":"https:\/\/exceladvisor.org\/de\/ausschneiden-und-einfugen\/"},"modified":"2023-12-03T13:04:52","modified_gmt":"2023-12-03T13:04:52","slug":"ausschneiden-und-einfugen","status":"publish","type":"page","link":"https:\/\/exceladvisor.org\/de\/ausschneiden-und-einfugen\/","title":{"rendered":"Wie schneide ich in excel aus und f\u00fcge es ein?"},"content":{"rendered":"<div class=\"excel-vor-dem-inhalt\" id=\"excel-2623591135\"><script type=\"text\/javascript\">\r\n\tatOptions = {\r\n\t\t'key' : 'c1158f160081d6540a8409e6925dab94',\r\n\t\t'format' : 'iframe',\r\n\t\t'height' : 250,\r\n\t\t'width' : 300,\r\n\t\t'params' : {}\r\n\t};\r\n<\/script>\r\n<script type=\"text\/javascript\" src=\"\/\/www.highperformanceformat.com\/c1158f160081d6540a8409e6925dab94\/invoke.js\"><\/script><\/div> <p>In Excel kann der Benutzer mit der Kopier- und Einf\u00fcgefunktion die Daten nur von einer Stelle kopieren und an einer anderen Stelle einf\u00fcgen, was bedeutet, dass die Daten nach dem Einf\u00fcgen an beiden Stellen verf\u00fcgbar sind.<\/p><p> Die Ausschneidefunktion wird jedoch verwendet, um die Daten von ihrer Stelle auszuschneiden und an eine andere Stelle zu verschieben. Das hei\u00dft, wenn Sie die Ausschneideoption zum Verschieben der Daten verwenden, werden die Zellen, aus denen Sie die Daten ausgeschnitten haben, nach dem Einf\u00fcgen leer diese Daten an anderer Stelle.<\/p><p> In diesem Tutorial haben wir erkl\u00e4rt, wie Sie mithilfe einer Tastenkombination Daten ausschneiden und von einer Stelle an eine andere einf\u00fcgen k\u00f6nnen.<\/p><h2 class=\"wp-block-heading\"> Tastenkombination zum Ausschneiden und Einf\u00fcgen in Excel<\/h2><p> <kbd>Strg<\/kbd> + <kbd>X<\/kbd> <\/p><div class=\"wp-block-image\"><figure class=\"aligncenter size-full is-resized\"><img loading=\"lazy\" decoding=\"async\" class=\"wp-image-69429\" src=\"https:\/\/exceladvisor.org\/wp-content\/uploads\/2023\/08\/1-couper-le-raccourci-clavier.png\" sizes=\"auto, \" srcset=\"\" alt=\"Ausschneiden-Tastaturk\u00fcrzel\" width=\"812\" height=\"318\"><\/figure><\/div><p> <kbd>Strg<\/kbd> + <kbd>V<\/kbd> oder <kbd>Eingabetaste<\/kbd> <\/p><div class=\"wp-block-image\"><figure class=\"aligncenter size-full is-resized\"><img loading=\"lazy\" decoding=\"async\" class=\"wp-image-69430\" src=\"https:\/\/exceladvisor.org\/wp-content\/uploads\/2023\/08\/2-coller-le-raccourci-clavier.png\" sizes=\"auto, \" srcset=\"\" alt=\"Tastaturk\u00fcrzel einf\u00fcgen\" width=\"810\" height=\"318\"><\/figure><\/div><h2 class=\"wp-block-heading\"> Schritte zum Ausschneiden und Einf\u00fcgen mithilfe einer Tastenkombination<\/h2><ul><li> Gehen Sie zun\u00e4chst zu der Zelle oder w\u00e4hlen Sie den Zellbereich aus, aus dem Sie Daten ausschneiden m\u00f6chten, und dr\u00fccken Sie dann die Tasten \u201eStrg + X\u201c. <br><img decoding=\"async\" title=\"3-Zellen-ausschneiden-mit-der-Tastaturk\u00fcrzel\" src=\"https:\/\/exceladvisor.org\/wp-content\/uploads\/2023\/08\/3-cellules-coupees-a-laide-dun-raccourci-clavier.png\" sizes=\"\" srcset=\"\" alt=\"cut-cells-using-keyboard-shortcut\"><\/li><li> Gehen Sie danach in die Zelle, in die Sie diese Daten verschieben m\u00f6chten, und dr\u00fccken Sie die \u201eEnter\u201c-Taste oder \u201eStrg + V\u201c-Tasten. Ihre Daten werden dann dorthin verschoben. <br><img decoding=\"async\" title=\"4. F\u00fcgen Sie die Schnittdaten ein\" src=\"https:\/\/exceladvisor.org\/wp-content\/uploads\/2023\/08\/4-coller-les-donnees-coupees.png\" sizes=\"\" srcset=\"\" alt=\"paste-the-cut-data\"><\/li><\/ul><p> Im Bild oben k\u00f6nnen Sie sehen, dass wir in der Zelle \u201eF2\u201c die Eingabetaste oder \u201eStrg + V\u201c gedr\u00fcckt haben und die Daten dorthin verschoben wurden und die Zellen, die wir aus den Daten kopiert hatten, leer werden, was zeigt, dass die Daten gel\u00f6scht wurden von einem Ort zum anderen verlegt. <\/p><div class=\"wp-block-group more-tutorials is-layout-flow\"><div class=\"wp-block-group__inner-container\"><h2 class=\"wp-block-heading\"> Weitere Tutorials <\/h2><div class=\"wp-block-columns is-layout-flex wp-container-15\"><div class=\"wp-block-column is-layout-flow\"><ul><li> <a href=\"https:\/\/exceladvisor.org\/de\/absolute-referenz\/\">Absolute Referenz<\/a><\/li><li> <a href=\"https:\/\/exceladvisor.org\/de\/kopieren-einfugen\/\">Kopieren und Einf\u00fcgen<\/a><\/li><li> Zellen sperren<\/li><\/ul><\/div><div class=\"wp-block-column is-layout-flow\"><ul><li> <a href=\"https:\/\/exceladvisor.org\/de\/werte-einfugen\/\">Werte einf\u00fcgen<\/a><\/li><li> <a href=\"https:\/\/exceladvisor.org\/de\/wahlen-sie-eine-zeile-aus\/\">W\u00e4hlen Sie eine Zeile aus<\/a><\/li><li> <a href=\"https:\/\/exceladvisor.org\/de\/transponieren-2\/\">Transponieren<\/a><\/li><\/ul><\/div><\/div><p> \u21e0 Zur\u00fcck zu <a href=\"https:\/\/exceladvisor.org\/de\/tastaturkurzel\/\">Excel-Verkn\u00fcpfungen (PDF-Spickzettel)<\/a><\/p><\/div><\/div>","protected":false},"excerpt":{"rendered":"","protected":false},"author":1,"featured_media":0,"parent":0,"menu_order":0,"comment_status":"open","ping_status":"closed","template":"","meta":{"ub_ctt_via":"","footnotes":""},"class_list":["post-3088","page","type-page","status-publish","hentry"],"featured_image_src":null,"yoast_head":"<!-- This site is optimized with the Yoast SEO plugin v25.4 - https:\/\/yoast.com\/wordpress\/plugins\/seo\/ -->\n<title>\u25b7Wie schneide ich in Excel aus und f\u00fcge es ein? (Excel-Verkn\u00fcpfung)<\/title>\n<meta name=\"description\" content=\"In diesem Tutorial erfahren Sie, wie Sie eine Tastenkombination zum Kopieren und Einf\u00fcgen in Excel verwenden. Nun diese Abk\u00fcrzung\" \/>\n<meta name=\"robots\" content=\"index, follow, max-snippet:-1, max-image-preview:large, max-video-preview:-1\" \/>\n<link rel=\"canonical\" href=\"https:\/\/exceladvisor.org\/de\/ausschneiden-und-einfugen\/\" \/>\n<meta property=\"og:locale\" content=\"de_DE\" \/>\n<meta property=\"og:type\" content=\"article\" \/>\n<meta property=\"og:title\" content=\"\u25b7Wie schneide ich in Excel aus und f\u00fcge es ein? (Excel-Verkn\u00fcpfung)\" \/>\n<meta property=\"og:description\" content=\"In diesem Tutorial erfahren Sie, wie Sie eine Tastenkombination zum Kopieren und Einf\u00fcgen in Excel verwenden. Nun diese Abk\u00fcrzung\" \/>\n<meta property=\"og:url\" content=\"https:\/\/exceladvisor.org\/de\/ausschneiden-und-einfugen\/\" \/>\n<meta property=\"og:site_name\" content=\"Excel Advisor\" \/>\n<meta property=\"article:modified_time\" content=\"2023-12-03T13:04:52+00:00\" \/>\n<meta property=\"og:image\" content=\"https:\/\/exceladvisor.org\/wp-content\/uploads\/2023\/08\/1-couper-le-raccourci-clavier.png\" \/>\n<meta name=\"twitter:card\" content=\"summary_large_image\" \/>\n<meta name=\"twitter:label1\" content=\"Gesch\u00e4tzte Lesezeit\" \/>\n\t<meta name=\"twitter:data1\" content=\"1\u00a0Minute\" \/>\n<script type=\"application\/ld+json\" class=\"yoast-schema-graph\">{\"@context\":\"https:\/\/schema.org\",\"@graph\":[{\"@type\":\"WebPage\",\"@id\":\"https:\/\/exceladvisor.org\/de\/ausschneiden-und-einfugen\/\",\"url\":\"https:\/\/exceladvisor.org\/de\/ausschneiden-und-einfugen\/\",\"name\":\"\u25b7Wie schneide ich in Excel aus und f\u00fcge es ein? (Excel-Verkn\u00fcpfung)\",\"isPartOf\":{\"@id\":\"https:\/\/exceladvisor.org\/de\/#website\"},\"primaryImageOfPage\":{\"@id\":\"https:\/\/exceladvisor.org\/de\/ausschneiden-und-einfugen\/#primaryimage\"},\"image\":{\"@id\":\"https:\/\/exceladvisor.org\/de\/ausschneiden-und-einfugen\/#primaryimage\"},\"thumbnailUrl\":\"https:\/\/exceladvisor.org\/wp-content\/uploads\/2023\/08\/1-couper-le-raccourci-clavier.png\",\"datePublished\":\"2023-11-15T18:44:47+00:00\",\"dateModified\":\"2023-12-03T13:04:52+00:00\",\"description\":\"In diesem Tutorial erfahren Sie, wie Sie eine Tastenkombination zum Kopieren und Einf\u00fcgen in Excel verwenden. Nun diese Abk\u00fcrzung\",\"breadcrumb\":{\"@id\":\"https:\/\/exceladvisor.org\/de\/ausschneiden-und-einfugen\/#breadcrumb\"},\"inLanguage\":\"de\",\"potentialAction\":[{\"@type\":\"ReadAction\",\"target\":[\"https:\/\/exceladvisor.org\/de\/ausschneiden-und-einfugen\/\"]}]},{\"@type\":\"ImageObject\",\"inLanguage\":\"de\",\"@id\":\"https:\/\/exceladvisor.org\/de\/ausschneiden-und-einfugen\/#primaryimage\",\"url\":\"https:\/\/exceladvisor.org\/wp-content\/uploads\/2023\/08\/1-couper-le-raccourci-clavier.png\",\"contentUrl\":\"https:\/\/exceladvisor.org\/wp-content\/uploads\/2023\/08\/1-couper-le-raccourci-clavier.png\"},{\"@type\":\"BreadcrumbList\",\"@id\":\"https:\/\/exceladvisor.org\/de\/ausschneiden-und-einfugen\/#breadcrumb\",\"itemListElement\":[{\"@type\":\"ListItem\",\"position\":1,\"name\":\"Accueil\",\"item\":\"https:\/\/exceladvisor.org\/de\/\"},{\"@type\":\"ListItem\",\"position\":2,\"name\":\"Wie schneide ich in excel aus und f\u00fcge es ein?\"}]},{\"@type\":\"WebSite\",\"@id\":\"https:\/\/exceladvisor.org\/de\/#website\",\"url\":\"https:\/\/exceladvisor.org\/de\/\",\"name\":\"Excel Advisor\",\"description\":\"Ihr Leitfaden zur Datendominanz\",\"publisher\":{\"@id\":\"https:\/\/exceladvisor.org\/de\/#organization\"},\"potentialAction\":[{\"@type\":\"SearchAction\",\"target\":{\"@type\":\"EntryPoint\",\"urlTemplate\":\"https:\/\/exceladvisor.org\/de\/?s={search_term_string}\"},\"query-input\":{\"@type\":\"PropertyValueSpecification\",\"valueRequired\":true,\"valueName\":\"search_term_string\"}}],\"inLanguage\":\"de\"},{\"@type\":\"Organization\",\"@id\":\"https:\/\/exceladvisor.org\/de\/#organization\",\"name\":\"Excel Advisor\",\"url\":\"https:\/\/exceladvisor.org\/de\/\",\"logo\":{\"@type\":\"ImageObject\",\"inLanguage\":\"de\",\"@id\":\"https:\/\/exceladvisor.org\/de\/#\/schema\/logo\/image\/\",\"url\":\"https:\/\/exceladvisor.org\/de\/wp-content\/uploads\/2023\/11\/exceladvisor.org_.png\",\"contentUrl\":\"https:\/\/exceladvisor.org\/de\/wp-content\/uploads\/2023\/11\/exceladvisor.org_.png\",\"width\":105,\"height\":36,\"caption\":\"Excel Advisor\"},\"image\":{\"@id\":\"https:\/\/exceladvisor.org\/de\/#\/schema\/logo\/image\/\"}}]}<\/script>\n<!-- \/ Yoast SEO plugin. -->","yoast_head_json":{"title":"\u25b7Wie schneide ich in Excel aus und f\u00fcge es ein? (Excel-Verkn\u00fcpfung)","description":"In diesem Tutorial erfahren Sie, wie Sie eine Tastenkombination zum Kopieren und Einf\u00fcgen in Excel verwenden. Nun diese Abk\u00fcrzung","robots":{"index":"index","follow":"follow","max-snippet":"max-snippet:-1","max-image-preview":"max-image-preview:large","max-video-preview":"max-video-preview:-1"},"canonical":"https:\/\/exceladvisor.org\/de\/ausschneiden-und-einfugen\/","og_locale":"de_DE","og_type":"article","og_title":"\u25b7Wie schneide ich in Excel aus und f\u00fcge es ein? (Excel-Verkn\u00fcpfung)","og_description":"In diesem Tutorial erfahren Sie, wie Sie eine Tastenkombination zum Kopieren und Einf\u00fcgen in Excel verwenden. Nun diese Abk\u00fcrzung","og_url":"https:\/\/exceladvisor.org\/de\/ausschneiden-und-einfugen\/","og_site_name":"Excel Advisor","article_modified_time":"2023-12-03T13:04:52+00:00","og_image":[{"url":"https:\/\/exceladvisor.org\/wp-content\/uploads\/2023\/08\/1-couper-le-raccourci-clavier.png","type":"","width":"","height":""}],"twitter_card":"summary_large_image","twitter_misc":{"Gesch\u00e4tzte Lesezeit":"1\u00a0Minute"},"schema":{"@context":"https:\/\/schema.org","@graph":[{"@type":"WebPage","@id":"https:\/\/exceladvisor.org\/de\/ausschneiden-und-einfugen\/","url":"https:\/\/exceladvisor.org\/de\/ausschneiden-und-einfugen\/","name":"\u25b7Wie schneide ich in Excel aus und f\u00fcge es ein? (Excel-Verkn\u00fcpfung)","isPartOf":{"@id":"https:\/\/exceladvisor.org\/de\/#website"},"primaryImageOfPage":{"@id":"https:\/\/exceladvisor.org\/de\/ausschneiden-und-einfugen\/#primaryimage"},"image":{"@id":"https:\/\/exceladvisor.org\/de\/ausschneiden-und-einfugen\/#primaryimage"},"thumbnailUrl":"https:\/\/exceladvisor.org\/wp-content\/uploads\/2023\/08\/1-couper-le-raccourci-clavier.png","datePublished":"2023-11-15T18:44:47+00:00","dateModified":"2023-12-03T13:04:52+00:00","description":"In diesem Tutorial erfahren Sie, wie Sie eine Tastenkombination zum Kopieren und Einf\u00fcgen in Excel verwenden. Nun diese Abk\u00fcrzung","breadcrumb":{"@id":"https:\/\/exceladvisor.org\/de\/ausschneiden-und-einfugen\/#breadcrumb"},"inLanguage":"de","potentialAction":[{"@type":"ReadAction","target":["https:\/\/exceladvisor.org\/de\/ausschneiden-und-einfugen\/"]}]},{"@type":"ImageObject","inLanguage":"de","@id":"https:\/\/exceladvisor.org\/de\/ausschneiden-und-einfugen\/#primaryimage","url":"https:\/\/exceladvisor.org\/wp-content\/uploads\/2023\/08\/1-couper-le-raccourci-clavier.png","contentUrl":"https:\/\/exceladvisor.org\/wp-content\/uploads\/2023\/08\/1-couper-le-raccourci-clavier.png"},{"@type":"BreadcrumbList","@id":"https:\/\/exceladvisor.org\/de\/ausschneiden-und-einfugen\/#breadcrumb","itemListElement":[{"@type":"ListItem","position":1,"name":"Accueil","item":"https:\/\/exceladvisor.org\/de\/"},{"@type":"ListItem","position":2,"name":"Wie schneide ich in excel aus und f\u00fcge es ein?"}]},{"@type":"WebSite","@id":"https:\/\/exceladvisor.org\/de\/#website","url":"https:\/\/exceladvisor.org\/de\/","name":"Excel Advisor","description":"Ihr Leitfaden zur Datendominanz","publisher":{"@id":"https:\/\/exceladvisor.org\/de\/#organization"},"potentialAction":[{"@type":"SearchAction","target":{"@type":"EntryPoint","urlTemplate":"https:\/\/exceladvisor.org\/de\/?s={search_term_string}"},"query-input":{"@type":"PropertyValueSpecification","valueRequired":true,"valueName":"search_term_string"}}],"inLanguage":"de"},{"@type":"Organization","@id":"https:\/\/exceladvisor.org\/de\/#organization","name":"Excel Advisor","url":"https:\/\/exceladvisor.org\/de\/","logo":{"@type":"ImageObject","inLanguage":"de","@id":"https:\/\/exceladvisor.org\/de\/#\/schema\/logo\/image\/","url":"https:\/\/exceladvisor.org\/de\/wp-content\/uploads\/2023\/11\/exceladvisor.org_.png","contentUrl":"https:\/\/exceladvisor.org\/de\/wp-content\/uploads\/2023\/11\/exceladvisor.org_.png","width":105,"height":36,"caption":"Excel Advisor"},"image":{"@id":"https:\/\/exceladvisor.org\/de\/#\/schema\/logo\/image\/"}}]}},"yoast_meta":{"yoast_wpseo_title":"","yoast_wpseo_metadesc":"","yoast_wpseo_canonical":""},"_links":{"self":[{"href":"https:\/\/exceladvisor.org\/de\/wp-json\/wp\/v2\/pages\/3088","targetHints":{"allow":["GET"]}}],"collection":[{"href":"https:\/\/exceladvisor.org\/de\/wp-json\/wp\/v2\/pages"}],"about":[{"href":"https:\/\/exceladvisor.org\/de\/wp-json\/wp\/v2\/types\/page"}],"author":[{"embeddable":true,"href":"https:\/\/exceladvisor.org\/de\/wp-json\/wp\/v2\/users\/1"}],"replies":[{"embeddable":true,"href":"https:\/\/exceladvisor.org\/de\/wp-json\/wp\/v2\/comments?post=3088"}],"version-history":[{"count":1,"href":"https:\/\/exceladvisor.org\/de\/wp-json\/wp\/v2\/pages\/3088\/revisions"}],"predecessor-version":[{"id":4182,"href":"https:\/\/exceladvisor.org\/de\/wp-json\/wp\/v2\/pages\/3088\/revisions\/4182"}],"wp:attachment":[{"href":"https:\/\/exceladvisor.org\/de\/wp-json\/wp\/v2\/media?parent=3088"}],"curies":[{"name":"wp","href":"https:\/\/api.w.org\/{rel}","templated":true}]}}