{"id":3089,"date":"2023-11-15T15:30:00","date_gmt":"2023-11-15T15:30:00","guid":{"rendered":"https:\/\/exceladvisor.org\/de\/duplikate-entfernen\/"},"modified":"2023-12-03T11:14:26","modified_gmt":"2023-12-03T11:14:26","slug":"duplikate-entfernen","status":"publish","type":"page","link":"https:\/\/exceladvisor.org\/de\/duplikate-entfernen\/","title":{"rendered":"Wie entferne ich duplikate mit power query?"},"content":{"rendered":"<div class=\"excel-vor-dem-inhalt\" id=\"excel-1286480362\"><script type=\"text\/javascript\">\r\n\tatOptions = {\r\n\t\t'key' : 'c1158f160081d6540a8409e6925dab94',\r\n\t\t'format' : 'iframe',\r\n\t\t'height' : 250,\r\n\t\t'width' : 300,\r\n\t\t'params' : {}\r\n\t};\r\n<\/script>\r\n<script type=\"text\/javascript\" src=\"\/\/www.highperformanceformat.com\/c1158f160081d6540a8409e6925dab94\/invoke.js\"><\/script><\/div> <p>Mit Power Query k\u00f6nnen Sie Duplikate aus Daten entfernen, genau wie in Excel. Und in diesem Tutorial erfahren Sie, wie Sie doppelte Werte aus Daten entfernen.<\/p><h2 class=\"wp-block-heading\"> Schritte zum Entfernen von Duplikaten mit Power Query<\/h2><p> Unten finden Sie eine Liste mit Namen, bei denen wir doppelte Namen haben. Jetzt m\u00fcssen Sie PowerQuery verwenden, um diese doppelten Werte zu entfernen. <\/p><div class=\"wp-block-image\"><figure class=\"aligncenter size-full is-resized\"><img loading=\"lazy\" decoding=\"async\" class=\"wp-image-88958\" src=\"https:\/\/exceladvisor.org\/wp-content\/uploads\/2023\/08\/1-supprimer-les-doublons-a-laide-de-power-query.png\" sizes=\"auto, \" srcset=\"\" alt=\"Entfernen Sie Duplikate mithilfe der Power-Abfrage\" width=\"446\" height=\"261\"><\/figure><\/div><p> Sie k\u00f6nnen die folgenden Schritte ausf\u00fchren:<\/p><ol><li> W\u00e4hlen Sie zun\u00e4chst die Daten aus und gehen Sie dann zur Registerkarte \u201eDaten\u201c &gt; \u201eDaten abrufen und transformieren\u201c &gt; \u201eDaten abrufen\u201c &gt; \u201eAus anderen Quellen\u201c &gt; \u201eAus Tabelle\/Bereich\u201c. <br><img loading=\"lazy\" decoding=\"async\" title=\"2-get-data-from-table-range\" src=\"https:\/\/exceladvisor.org\/wp-content\/uploads\/2023\/08\/2-obtenir-des-donnees-a-partir-de-la-plage-de-la-table.png\" sizes=\"auto, \" srcset=\"\" alt=\"get-data-from-table-range\" width=\"507\" height=\"342\"><\/li><li> Klicken Sie anschlie\u00dfend auf OK, um Ihre Daten in eine Excel-Tabelle zu konvertieren (sofern es sich noch nicht um eine Excel-Tabelle handelt). <br><img loading=\"lazy\" decoding=\"async\" title=\"3-Daten-in-Excel-Tabelle konvertieren\" src=\"https:\/\/exceladvisor.org\/wp-content\/uploads\/2023\/08\/3-convertir-les-donnees-en-tableau-excel.png\" sizes=\"auto, \" srcset=\"\" alt=\"convert-the-data-into-excel-table\" width=\"425\" height=\"159\"><\/li><li> Wenn Sie nun auf \u201eOK\u201c klicken, wird der Power Query-Editor ge\u00f6ffnet und die Daten werden dort geladen. <br><img loading=\"lazy\" decoding=\"async\" title=\"4-Daten-in-den-Power-Query-Editor laden\" src=\"https:\/\/exceladvisor.org\/wp-content\/uploads\/2023\/08\/4-chargez-les-donnees-dans-lediteur-de-requetes-puissant.png\" sizes=\"auto, \" srcset=\"\" alt=\"load-the-data-into-power-query-editor\" width=\"718\" height=\"304\"><\/li><li> Klicken Sie anschlie\u00dfend auf der Registerkarte \u201eStartseite\u201c auf das Dropdown-Men\u00fc \u201eZeilen l\u00f6schen\u201c und dann auf die Option \u201eDuplikate entfernen\u201c. <br><img loading=\"lazy\" decoding=\"async\" title=\"5-W\u00e4hlen Sie die Option zum Entfernen von Duplikaten\" src=\"https:\/\/exceladvisor.org\/wp-content\/uploads\/2023\/08\/5-choisissez-loption-de-suppression-des-doublons.png\" sizes=\"auto, \" srcset=\"\" alt=\"choose-remove-duplicates-option\" width=\"562\" height=\"280\"><\/li><\/ol><p> Wenn Sie darauf klicken, werden doppelte Namen aus der Liste entfernt und Sie haben nur noch eindeutige Namen. <\/p><div class=\"wp-block-image\"><figure class=\"aligncenter size-full is-resized\"><img loading=\"lazy\" decoding=\"async\" class=\"wp-image-88963\" src=\"https:\/\/exceladvisor.org\/wp-content\/uploads\/2023\/08\/6-ne-laisse-que-les-valeurs-uniques.png\" sizes=\"auto, \" srcset=\"\" alt=\"Belassen Sie nur die eindeutigen Werte\" width=\"490\" height=\"289\"><\/figure><\/div><p> Oben zeigt die Statusleiste die Anzahl der Zeilen mit Duplikaten und ohne Duplikatwerte an. Neben der Registerkarte \u201eStartseite\u201c k\u00f6nnen Sie auch mit der rechten Maustaste auf die Spalten\u00fcberschrift klicken und auf die Option \u201eDuplikate entfernen\u201c klicken. <\/p><div class=\"wp-block-image\"><figure class=\"aligncenter size-full is-resized\"><img loading=\"lazy\" decoding=\"async\" class=\"wp-image-88964\" src=\"https:\/\/exceladvisor.org\/wp-content\/uploads\/2023\/08\/7-la-barre-detat-affiche-le-nombre-de-lignes-avec-et-sans-valeurs-en-double.png\" sizes=\"auto, \" srcset=\"\" alt=\"Die Statusleiste zeigt die Anzahl der Zeilen mit und ohne doppelte Werte an\" width=\"420\" height=\"256\"><\/figure><\/div><p> Dies ist dieselbe Option, die Sie in den obigen Schritten verwendet haben, und genau das bewirkt sie.<\/p><h2 class=\"wp-block-heading\"> Entfernen von Duplikaten, wenn Sie mehrere Spalten haben<\/h2><p> Wenn Sie \u00fcber mehrere Datenspalten verf\u00fcgen, bietet Ihnen Advanced Query zwei verschiedene M\u00f6glichkeiten, doppelte Werte zu entfernen.<\/p><p> Im folgenden Beispiel haben Sie zwei Spalten, Namen und Bewertungen. <\/p><div class=\"wp-block-image\"><figure class=\"aligncenter size-full is-resized\"><img loading=\"lazy\" decoding=\"async\" class=\"wp-image-88965\" src=\"https:\/\/exceladvisor.org\/wp-content\/uploads\/2023\/08\/8-supprimer-les-doublons-lorsquil-y-a-plusieurs-colonnes.png\" sizes=\"auto, \" srcset=\"\" alt=\"Duplikate entfernen, wenn sie mehrere Spalten haben\" width=\"488\" height=\"244\"><\/figure><\/div><p> Wenn Sie nun Duplikate entfernen m\u00f6chten, indem Sie Duplikate beider Spalten ber\u00fccksichtigen, m\u00fcssen Sie beide Spalten ausw\u00e4hlen und die Option \u201eDuplikat entfernen\u201c verwenden. <\/p><div class=\"wp-block-image\"><figure class=\"aligncenter size-full is-resized\"><img loading=\"lazy\" decoding=\"async\" class=\"wp-image-88966\" src=\"https:\/\/exceladvisor.org\/wp-content\/uploads\/2023\/08\/9-selectionnez-les-deux-colonnes-et-cliquez-sur-supprimer-les-colonnes-en-double.png\" sizes=\"auto, \" srcset=\"\" alt=\"W\u00e4hlen Sie beide Spalten aus und klicken Sie auf \u201eDoppelte Spalten l\u00f6schen\u201c.\" width=\"770\" height=\"361\"><\/figure><\/div><p> Und Sie k\u00f6nnen nur eine doppelte Zeile sehen, wenn wir sie durch Auswahl von Spalten betrachten.<\/p><h2 class=\"wp-block-heading\"> Informationen zu doppelten Werten<\/h2><p> In Power Query k\u00f6nnen Sie auch die Datenanzeige \u00e4ndern, um die Anzahl der doppelten Werte zu erhalten. Gehen Sie zur Registerkarte \u201eAnsicht\u201c &gt; \u201eSpaltenaufschl\u00fcsselung\u201c. <\/p><div class=\"wp-block-image\"><figure class=\"aligncenter size-full is-resized\"><img loading=\"lazy\" decoding=\"async\" class=\"wp-image-88967\" src=\"https:\/\/exceladvisor.org\/wp-content\/uploads\/2023\/08\/10-informations-sur-les-valeurs-en-double.png\" sizes=\"auto, \" srcset=\"\" alt=\"Informationen zu doppelten Werten\" width=\"618\" height=\"322\"><\/figure><\/div><p> Oben k\u00f6nnen Sie sehen, wie viele eindeutige und unterschiedliche Werte Sie in jeder Spalte haben.<\/p><h2 class=\"wp-block-heading\"> Behalten Sie doppelte Werte bei<\/h2><p> Es gibt eine Option, mit der Sie Duplikate behalten und eindeutige Werte entfernen k\u00f6nnen. Registerkarte \u201eStartseite\u201c &gt; \u201eZeilen behalten\u201c &gt; \u201eDuplikate behalten\u201c. <\/p><div class=\"wp-block-image\"><figure class=\"aligncenter size-full is-resized\"><img loading=\"lazy\" decoding=\"async\" class=\"wp-image-88968\" src=\"https:\/\/exceladvisor.org\/wp-content\/uploads\/2023\/08\/11-conserver-les-valeurs-en-double.png\" sizes=\"auto, \" srcset=\"\" alt=\"Behalten Sie doppelte Werte bei\" width=\"548\" height=\"273\"><\/figure><\/div><div class=\"gb-container gb-container-9e2850fe gb-container-mt\"> <a class=\"gb-button gb-button-71636faa gb-button-text gb-button-mt-button\" href=\"https:\/\/exceladvisor.org\/de\/leistungsanforderung\/\">Power Query in Excel (Tutorial)<\/a><h2 class=\"gb-headline gb-headline-c566b2ed gb-headline-text gb-headline-mt-heading\"> Verwandte Tutorials <\/h2><div class=\"gb-grid-wrapper gb-grid-wrapper-b15ed1bf gb-grid-wrapper-mt-grid\"><div class=\"gb-grid-column gb-grid-column-6e9de105\"><div class=\"gb-container gb-container-6e9de105\"><ul><li> <a href=\"https:\/\/exceladvisor.org\/de\/suchev-2\/\">F\u00fchren Sie SVERWEIS in Power Query in Excel durch<\/a><\/li><li> <a href=\"https:\/\/exceladvisor.org\/de\/kette\/\">Power Query: Werte verketten (Text und Zahlen)<\/a><\/li><li> <a href=\"https:\/\/exceladvisor.org\/de\/unterschied-in-den-daten\/\">Power Query: Datumsunterschied<\/a> <\/li><\/ul><\/div><\/div><div class=\"gb-grid-column gb-grid-column-4eaecde3\"><div class=\"gb-container gb-container-4eaecde3\"><ul><li> <a href=\"https:\/\/exceladvisor.org\/de\/funktionsformeln\/\">Power Query: Funktionen und Formeln<\/a><\/li><li> <a href=\"https:\/\/exceladvisor.org\/de\/der-text-enthalt\/\">Power Query: WENN der Text enth\u00e4lt<\/a><\/li><li> <a href=\"https:\/\/exceladvisor.org\/de\/das-datum-heute\/\">Power Query: Holen Sie sich das heutige Datum<\/a><\/li><\/ul><\/div><\/div><\/div><\/div>","protected":false},"excerpt":{"rendered":"","protected":false},"author":1,"featured_media":0,"parent":0,"menu_order":0,"comment_status":"open","ping_status":"closed","template":"","meta":{"ub_ctt_via":"","footnotes":""},"class_list":["post-3089","page","type-page","status-publish","hentry"],"featured_image_src":null,"yoast_head":"<!-- This site is optimized with the Yoast SEO plugin v25.4 - https:\/\/yoast.com\/wordpress\/plugins\/seo\/ -->\n<title>\u25b7 Wie entferne ich Duplikate mit Power Query?<\/title>\n<meta name=\"description\" content=\"Mit Power Query k\u00f6nnen Sie Duplikate aus Daten entfernen, genau wie in Excel. Und in diesem Tutorial lernen wir, wie man...\" \/>\n<meta name=\"robots\" content=\"index, follow, max-snippet:-1, max-image-preview:large, max-video-preview:-1\" \/>\n<link rel=\"canonical\" href=\"https:\/\/exceladvisor.org\/de\/duplikate-entfernen\/\" \/>\n<meta property=\"og:locale\" content=\"de_DE\" \/>\n<meta property=\"og:type\" content=\"article\" \/>\n<meta property=\"og:title\" content=\"\u25b7 Wie entferne ich Duplikate mit Power Query?\" \/>\n<meta property=\"og:description\" content=\"Mit Power Query k\u00f6nnen Sie Duplikate aus Daten entfernen, genau wie in Excel. Und in diesem Tutorial lernen wir, wie man...\" \/>\n<meta property=\"og:url\" content=\"https:\/\/exceladvisor.org\/de\/duplikate-entfernen\/\" \/>\n<meta property=\"og:site_name\" content=\"Excel Advisor\" \/>\n<meta property=\"article:modified_time\" content=\"2023-12-03T11:14:26+00:00\" \/>\n<meta property=\"og:image\" content=\"https:\/\/exceladvisor.org\/wp-content\/uploads\/2023\/08\/1-supprimer-les-doublons-a-laide-de-power-query.png\" \/>\n<meta name=\"twitter:card\" content=\"summary_large_image\" \/>\n<meta name=\"twitter:label1\" content=\"Gesch\u00e4tzte Lesezeit\" \/>\n\t<meta name=\"twitter:data1\" content=\"2\u00a0Minuten\" \/>\n<script type=\"application\/ld+json\" class=\"yoast-schema-graph\">{\"@context\":\"https:\/\/schema.org\",\"@graph\":[{\"@type\":\"WebPage\",\"@id\":\"https:\/\/exceladvisor.org\/de\/duplikate-entfernen\/\",\"url\":\"https:\/\/exceladvisor.org\/de\/duplikate-entfernen\/\",\"name\":\"\u25b7 Wie entferne ich Duplikate mit Power Query?\",\"isPartOf\":{\"@id\":\"https:\/\/exceladvisor.org\/de\/#website\"},\"primaryImageOfPage\":{\"@id\":\"https:\/\/exceladvisor.org\/de\/duplikate-entfernen\/#primaryimage\"},\"image\":{\"@id\":\"https:\/\/exceladvisor.org\/de\/duplikate-entfernen\/#primaryimage\"},\"thumbnailUrl\":\"https:\/\/exceladvisor.org\/wp-content\/uploads\/2023\/08\/1-supprimer-les-doublons-a-laide-de-power-query.png\",\"datePublished\":\"2023-11-15T15:30:00+00:00\",\"dateModified\":\"2023-12-03T11:14:26+00:00\",\"description\":\"Mit Power Query k\u00f6nnen Sie Duplikate aus Daten entfernen, genau wie in Excel. Und in diesem Tutorial lernen wir, wie man...\",\"breadcrumb\":{\"@id\":\"https:\/\/exceladvisor.org\/de\/duplikate-entfernen\/#breadcrumb\"},\"inLanguage\":\"de\",\"potentialAction\":[{\"@type\":\"ReadAction\",\"target\":[\"https:\/\/exceladvisor.org\/de\/duplikate-entfernen\/\"]}]},{\"@type\":\"ImageObject\",\"inLanguage\":\"de\",\"@id\":\"https:\/\/exceladvisor.org\/de\/duplikate-entfernen\/#primaryimage\",\"url\":\"https:\/\/exceladvisor.org\/wp-content\/uploads\/2023\/08\/1-supprimer-les-doublons-a-laide-de-power-query.png\",\"contentUrl\":\"https:\/\/exceladvisor.org\/wp-content\/uploads\/2023\/08\/1-supprimer-les-doublons-a-laide-de-power-query.png\"},{\"@type\":\"BreadcrumbList\",\"@id\":\"https:\/\/exceladvisor.org\/de\/duplikate-entfernen\/#breadcrumb\",\"itemListElement\":[{\"@type\":\"ListItem\",\"position\":1,\"name\":\"Accueil\",\"item\":\"https:\/\/exceladvisor.org\/de\/\"},{\"@type\":\"ListItem\",\"position\":2,\"name\":\"Wie entferne ich duplikate mit power query?\"}]},{\"@type\":\"WebSite\",\"@id\":\"https:\/\/exceladvisor.org\/de\/#website\",\"url\":\"https:\/\/exceladvisor.org\/de\/\",\"name\":\"Excel Advisor\",\"description\":\"Ihr Leitfaden zur Datendominanz\",\"publisher\":{\"@id\":\"https:\/\/exceladvisor.org\/de\/#organization\"},\"potentialAction\":[{\"@type\":\"SearchAction\",\"target\":{\"@type\":\"EntryPoint\",\"urlTemplate\":\"https:\/\/exceladvisor.org\/de\/?s={search_term_string}\"},\"query-input\":{\"@type\":\"PropertyValueSpecification\",\"valueRequired\":true,\"valueName\":\"search_term_string\"}}],\"inLanguage\":\"de\"},{\"@type\":\"Organization\",\"@id\":\"https:\/\/exceladvisor.org\/de\/#organization\",\"name\":\"Excel Advisor\",\"url\":\"https:\/\/exceladvisor.org\/de\/\",\"logo\":{\"@type\":\"ImageObject\",\"inLanguage\":\"de\",\"@id\":\"https:\/\/exceladvisor.org\/de\/#\/schema\/logo\/image\/\",\"url\":\"https:\/\/exceladvisor.org\/de\/wp-content\/uploads\/2023\/11\/exceladvisor.org_.png\",\"contentUrl\":\"https:\/\/exceladvisor.org\/de\/wp-content\/uploads\/2023\/11\/exceladvisor.org_.png\",\"width\":105,\"height\":36,\"caption\":\"Excel Advisor\"},\"image\":{\"@id\":\"https:\/\/exceladvisor.org\/de\/#\/schema\/logo\/image\/\"}}]}<\/script>\n<!-- \/ Yoast SEO plugin. -->","yoast_head_json":{"title":"\u25b7 Wie entferne ich Duplikate mit Power Query?","description":"Mit Power Query k\u00f6nnen Sie Duplikate aus Daten entfernen, genau wie in Excel. Und in diesem Tutorial lernen wir, wie man...","robots":{"index":"index","follow":"follow","max-snippet":"max-snippet:-1","max-image-preview":"max-image-preview:large","max-video-preview":"max-video-preview:-1"},"canonical":"https:\/\/exceladvisor.org\/de\/duplikate-entfernen\/","og_locale":"de_DE","og_type":"article","og_title":"\u25b7 Wie entferne ich Duplikate mit Power Query?","og_description":"Mit Power Query k\u00f6nnen Sie Duplikate aus Daten entfernen, genau wie in Excel. Und in diesem Tutorial lernen wir, wie man...","og_url":"https:\/\/exceladvisor.org\/de\/duplikate-entfernen\/","og_site_name":"Excel Advisor","article_modified_time":"2023-12-03T11:14:26+00:00","og_image":[{"url":"https:\/\/exceladvisor.org\/wp-content\/uploads\/2023\/08\/1-supprimer-les-doublons-a-laide-de-power-query.png","type":"","width":"","height":""}],"twitter_card":"summary_large_image","twitter_misc":{"Gesch\u00e4tzte Lesezeit":"2\u00a0Minuten"},"schema":{"@context":"https:\/\/schema.org","@graph":[{"@type":"WebPage","@id":"https:\/\/exceladvisor.org\/de\/duplikate-entfernen\/","url":"https:\/\/exceladvisor.org\/de\/duplikate-entfernen\/","name":"\u25b7 Wie entferne ich Duplikate mit Power Query?","isPartOf":{"@id":"https:\/\/exceladvisor.org\/de\/#website"},"primaryImageOfPage":{"@id":"https:\/\/exceladvisor.org\/de\/duplikate-entfernen\/#primaryimage"},"image":{"@id":"https:\/\/exceladvisor.org\/de\/duplikate-entfernen\/#primaryimage"},"thumbnailUrl":"https:\/\/exceladvisor.org\/wp-content\/uploads\/2023\/08\/1-supprimer-les-doublons-a-laide-de-power-query.png","datePublished":"2023-11-15T15:30:00+00:00","dateModified":"2023-12-03T11:14:26+00:00","description":"Mit Power Query k\u00f6nnen Sie Duplikate aus Daten entfernen, genau wie in Excel. Und in diesem Tutorial lernen wir, wie man...","breadcrumb":{"@id":"https:\/\/exceladvisor.org\/de\/duplikate-entfernen\/#breadcrumb"},"inLanguage":"de","potentialAction":[{"@type":"ReadAction","target":["https:\/\/exceladvisor.org\/de\/duplikate-entfernen\/"]}]},{"@type":"ImageObject","inLanguage":"de","@id":"https:\/\/exceladvisor.org\/de\/duplikate-entfernen\/#primaryimage","url":"https:\/\/exceladvisor.org\/wp-content\/uploads\/2023\/08\/1-supprimer-les-doublons-a-laide-de-power-query.png","contentUrl":"https:\/\/exceladvisor.org\/wp-content\/uploads\/2023\/08\/1-supprimer-les-doublons-a-laide-de-power-query.png"},{"@type":"BreadcrumbList","@id":"https:\/\/exceladvisor.org\/de\/duplikate-entfernen\/#breadcrumb","itemListElement":[{"@type":"ListItem","position":1,"name":"Accueil","item":"https:\/\/exceladvisor.org\/de\/"},{"@type":"ListItem","position":2,"name":"Wie entferne ich duplikate mit power query?"}]},{"@type":"WebSite","@id":"https:\/\/exceladvisor.org\/de\/#website","url":"https:\/\/exceladvisor.org\/de\/","name":"Excel Advisor","description":"Ihr Leitfaden zur Datendominanz","publisher":{"@id":"https:\/\/exceladvisor.org\/de\/#organization"},"potentialAction":[{"@type":"SearchAction","target":{"@type":"EntryPoint","urlTemplate":"https:\/\/exceladvisor.org\/de\/?s={search_term_string}"},"query-input":{"@type":"PropertyValueSpecification","valueRequired":true,"valueName":"search_term_string"}}],"inLanguage":"de"},{"@type":"Organization","@id":"https:\/\/exceladvisor.org\/de\/#organization","name":"Excel Advisor","url":"https:\/\/exceladvisor.org\/de\/","logo":{"@type":"ImageObject","inLanguage":"de","@id":"https:\/\/exceladvisor.org\/de\/#\/schema\/logo\/image\/","url":"https:\/\/exceladvisor.org\/de\/wp-content\/uploads\/2023\/11\/exceladvisor.org_.png","contentUrl":"https:\/\/exceladvisor.org\/de\/wp-content\/uploads\/2023\/11\/exceladvisor.org_.png","width":105,"height":36,"caption":"Excel Advisor"},"image":{"@id":"https:\/\/exceladvisor.org\/de\/#\/schema\/logo\/image\/"}}]}},"yoast_meta":{"yoast_wpseo_title":"","yoast_wpseo_metadesc":"","yoast_wpseo_canonical":""},"_links":{"self":[{"href":"https:\/\/exceladvisor.org\/de\/wp-json\/wp\/v2\/pages\/3089","targetHints":{"allow":["GET"]}}],"collection":[{"href":"https:\/\/exceladvisor.org\/de\/wp-json\/wp\/v2\/pages"}],"about":[{"href":"https:\/\/exceladvisor.org\/de\/wp-json\/wp\/v2\/types\/page"}],"author":[{"embeddable":true,"href":"https:\/\/exceladvisor.org\/de\/wp-json\/wp\/v2\/users\/1"}],"replies":[{"embeddable":true,"href":"https:\/\/exceladvisor.org\/de\/wp-json\/wp\/v2\/comments?post=3089"}],"version-history":[{"count":1,"href":"https:\/\/exceladvisor.org\/de\/wp-json\/wp\/v2\/pages\/3089\/revisions"}],"predecessor-version":[{"id":3910,"href":"https:\/\/exceladvisor.org\/de\/wp-json\/wp\/v2\/pages\/3089\/revisions\/3910"}],"wp:attachment":[{"href":"https:\/\/exceladvisor.org\/de\/wp-json\/wp\/v2\/media?parent=3089"}],"curies":[{"name":"wp","href":"https:\/\/api.w.org\/{rel}","templated":true}]}}