{"id":3090,"date":"2023-11-15T14:55:11","date_gmt":"2023-11-15T14:55:11","guid":{"rendered":"https:\/\/exceladvisor.org\/de\/blatt-umbenennen\/"},"modified":"2023-12-03T11:14:03","modified_gmt":"2023-12-03T11:14:03","slug":"blatt-umbenennen","status":"publish","type":"page","link":"https:\/\/exceladvisor.org\/de\/blatt-umbenennen\/","title":{"rendered":"Wie benenne ich ein blatt mit vba in excel um?"},"content":{"rendered":"<div class=\"excel-vor-dem-inhalt\" id=\"excel-3704140212\"><script type=\"text\/javascript\">\r\n\tatOptions = {\r\n\t\t'key' : 'c1158f160081d6540a8409e6925dab94',\r\n\t\t'format' : 'iframe',\r\n\t\t'height' : 250,\r\n\t\t'width' : 300,\r\n\t\t'params' : {}\r\n\t};\r\n<\/script>\r\n<script type=\"text\/javascript\" src=\"\/\/www.highperformanceformat.com\/c1158f160081d6540a8409e6925dab94\/invoke.js\"><\/script><\/div> <p>Wenn Sie einer Arbeitsmappe ein neues Blatt hinzuf\u00fcgen, haben Sie die M\u00f6glichkeit, es zu benennen. Sie k\u00f6nnen es aber auch jederzeit \u00fcber die Namenseigenschaft des Arbeitsblatts umbenennen. In diesem Tutorial werden wir uns verschiedene M\u00f6glichkeiten zum Umbenennen eines Blatts oder mehrerer Bl\u00e4tter mithilfe von VBA-Code ansehen.<\/p><h2 class=\"wp-block-heading\"> Schritte zum Umbenennen eines Blatts mithilfe von VBA-Code<\/h2><ol type=\"1\"><li> Definieren Sie zun\u00e4chst das Blatt, das Sie umbenennen m\u00f6chten, mithilfe des Arbeitsblattobjekts.<\/li><li> Danach m\u00fcssen Sie (.Name) verwenden, um auf die Namenseigenschaft zuzugreifen, die Sie \u00e4ndern m\u00f6chten.<\/li><li> Geben Sie als N\u00e4chstes ein Gleichheitszeichen ein, um VBA den Wert mitzuteilen, den Sie zum Umbenennen des Blatts verwenden m\u00f6chten.<\/li><li> Geben Sie am Ende den Namen des Blatts ein, das Sie verwenden m\u00f6chten. <\/li><\/ol><div class=\"wp-block-image\"><figure class=\"aligncenter size-large is-resized\"><img loading=\"lazy\" decoding=\"async\" class=\"wp-image-52084\" src=\"https:\/\/exceladvisor.org\/wp-content\/uploads\/2023\/08\/1-definir-la-feuille-que-vous-souhaitez-renommer.png\" sizes=\"auto, \" srcset=\"\" alt=\"Definieren Sie das Blatt, das Sie umbenennen m\u00f6chten\" width=\"448\" height=\"220\"><\/figure><\/div><p class=\"content-box-grey\"> <em>N\u00fctzliche Links: <a href=\"https:\/\/exceladvisor.org\/de\/ein-makro-ausfuhren-2\/\">Ausf\u00fchren eines Makros<\/a> \u2013 <a href=\"https:\/\/exceladvisor.org\/de\/ein-makro-aufzeichnen\/\">Makrorecorder<\/a> \u2013 <a href=\"https:\/\/exceladvisor.org\/de\/einfacher-visueller-editor\/\">Visual Basic Editor<\/a> \u2013 <a href=\"https:\/\/exceladvisor.org\/de\/personliches-makro-notizbuch\/\">Handbuch zu pers\u00f6nlichen Makros<\/a><\/em><\/p><h2 class=\"wp-block-heading\"> Aktives Blatt umbenennen<\/h2><p> Wenn Sie das aktive Blatt umbenennen m\u00f6chten, m\u00fcssen Sie in diesem Fall nicht den Blattnamen festlegen, sondern m\u00fcssen stattdessen das ActiveSheet-Objekt verwenden, das VBA anweist, in diesem Moment auf das aktive Blatt zu verweisen. Hier ist der Code. <\/p><pre class=\"wp-block-code\"> <code class=\"language-visual-basic\" lang=\"visual-basic\">Activesheet.Name = \"mySheet\"<\/code><\/pre><div class=\"wp-block-image\"><figure class=\"aligncenter size-large is-resized\"><img loading=\"lazy\" decoding=\"async\" class=\"wp-image-52085\" src=\"https:\/\/exceladvisor.org\/wp-content\/uploads\/2023\/08\/2-renommer-la-feuille-active.png\" sizes=\"auto, \" srcset=\"\" alt=\"Aktives-Blatt umbenennen\" width=\"319\" height=\"166\"><\/figure><\/div><p class=\"qt-tip\"> <strong>Hinweis:<\/strong> Um ein Blatt umzubenennen, m\u00fcssen Sie es nicht aktivieren.<\/p><h2 class=\"wp-block-heading\"> Benennen Sie ein Blatt anhand der Blattnummer um<\/h2><p> Wie Sie wissen, hat jedes Blatt eine Nummer, abh\u00e4ngig von seiner Position in der Arbeitsmappe. Nehmen wir an, Sie m\u00f6chten das Blatt, das Sie haben, in die f\u00fcnfte Zahl umbenennen, der Code w\u00e4re. <\/p><pre class=\"wp-block-code\"> <code class=\"language-visual-basic\" lang=\"visual-basic\">Sheets(5).Name = \"mySheet5\"<\/code><\/pre><div class=\"wp-block-image\"><figure class=\"aligncenter size-large is-resized\"><img loading=\"lazy\" decoding=\"async\" class=\"wp-image-52086\" src=\"https:\/\/exceladvisor.org\/wp-content\/uploads\/2023\/08\/3-renommer-une-feuille-en-utilisant-le-numero-de-feuille.png\" sizes=\"auto, \" srcset=\"\" alt=\"Benennen Sie ein Blatt anhand der Blattnummer um\" width=\"335\" height=\"169\"><\/figure><\/div><p> Wenn Sie <a href=\"https:\/\/exceladvisor.org\/de\/ein-makro-ausfuhren-2\/\">das obige Makro ausf\u00fchren<\/a> , wird das Blatt auf der f\u00fcnften Nummer umbenannt. <\/p><div class=\"wp-block-image\"><figure class=\"aligncenter size-large is-resized\"><img loading=\"lazy\" decoding=\"async\" class=\"wp-image-52087\" src=\"https:\/\/exceladvisor.org\/wp-content\/uploads\/2023\/08\/4-renommer-la-feuille-selon-le-numero.png\" sizes=\"auto, \" srcset=\"\" alt=\"Blatt nach Nummer umbenennen\" width=\"322\" height=\"43\"><\/figure><\/div><h2 class=\"wp-block-heading\"> \u00dcberpr\u00fcfen Sie vor dem Umbenennen, ob das Blatt vorhanden ist<\/h2><p> Wenn Sie versuchen, ein nicht vorhandenes Arbeitsblatt umzubenennen, zeigt Ihnen VBA eine Fehlermeldung wie unten an. <\/p><div class=\"wp-block-image\"><figure class=\"aligncenter size-large is-resized\"><img loading=\"lazy\" decoding=\"async\" class=\"wp-image-52088\" src=\"https:\/\/exceladvisor.org\/wp-content\/uploads\/2023\/08\/5-verifier-si-la-feuille-existe-avant-de-renommer.png\" sizes=\"auto, \" srcset=\"\" alt=\"\u00dcberpr\u00fcfen Sie vor dem Umbenennen, ob das Blatt vorhanden ist\" width=\"572\" height=\"394\"><\/figure><\/div><p> Die L\u00f6sung f\u00fcr dieses Problem ist der folgende Code, der <a href=\"https:\/\/exceladvisor.org\/de\/fur-die-schleife\/\">FOR EACH<\/a> verwendet und <a href=\"https:\/\/exceladvisor.org\/de\/schleifenblatter\/\">alle Arbeitsbl\u00e4tter durchlaufen<\/a> kann, um das von Ihnen definierte Blatt zu finden und dieses Blatt dann umzubenennen.<\/p><pre class=\"wp-block-code\"> <code class=\"language-visual-basic\" lang=\"visual-basic\">Sub check_sheet_rename() Dim ws As Worksheet Dim mySheet As String Dim SheetName As String mySheet = InputBox(\"enter the name of the sheet that you want to rename.\") SheetName = InputBox(\"Enter new name for the sheet.\") For Each ws In ThisWorkbook.Worksheets If mySheet = ws.Name Then ws.Name = SheetName End If Next ws End Sub<\/code><\/pre><h2 class=\"wp-block-heading\"> Benennen Sie ein Blatt um, indem Sie den Wert einer Zelle oder eines Bereichs verwenden<\/h2><p> Sie k\u00f6nnen ein Blatt auch umbenennen, indem Sie den Wert einer Zelle \u00fcbernehmen. Nehmen wir an, der Wert befindet sich in Zelle A1.<\/p><pre class=\"wp-block-code\"> <code class=\"language-visual-basic\" lang=\"visual-basic\">Sheets(\"Sheet1\").name = Range(\"A1\").Value<\/code><\/pre><p> Nehmen wir jedoch an, Sie m\u00f6chten mehrere Bl\u00e4tter basierend auf den Werten in einem Zellbereich benennen. In diesem Fall sollten Sie Code wie diesen haben.<\/p><pre class=\"wp-block-code\"> <code class=\"language-visual-basic\" lang=\"visual-basic\">Sub vba_sheet_rename_multiple() Dim wsCount As Long Dim rCount As Long Dim ws As Worksheet Dim name As Range Dim i As Long wsCount = ThisWorkbook.Worksheets.Count rCount = Range(\"A1:A10\").Rows.Count 'Checks if the count of the names provided is less _ or more than the sheets in the workbook If wsCount &lt;&gt; rCount Then MsgBox \"There's some problem with the names provided.\" Exit Sub Else 'Check if any of the cells in the name range is empty. For Each name In Range(\"A1:A10\") If IsEmpty(name) = True Then i = i + 1 End If Next name If i &gt; 0 Then MsgBox \"There's is a blank cell in the names range.\" Exit Sub End If End If 'rename each sheet using the value from the range cell by cell. i = 1 For Each ws In ThisWorkbook.Worksheets ws.name = Range(\"A1:A10\").Cells(i, 1).Value i = 1 + i Next ws End Sub<\/code><\/pre><p> Wenn Sie diesen VBA-Code ausf\u00fchren, pr\u00fcft er zun\u00e4chst, ob die Zellen im Bereich der Anzahl der Bl\u00e4tter in der Arbeitsmappe entsprechen. Anschlie\u00dfend wird gepr\u00fcft, ob alle Zellen in dem von Ihnen angegebenen Bereich Werte haben oder nicht. Und am Ende benennen Sie alle Bl\u00e4tter mit diesen Namen um.<\/p><p> Es pr\u00fcft zwei Bedingungen mit <a href=\"https:\/\/exceladvisor.org\/de\/wenn-2\/\">IF THEN ELSE<\/a> und benennt dann alle Bl\u00e4tter um.<\/p><div class=\"gb-container gb-container-4db6181c gb-container-mt\"> <a class=\"gb-button gb-button-c5897111 gb-button-text gb-button-mt-button\" href=\"https:\/\/exceladvisor.org\/de\/vba\/\">Was ist VBA<\/a><h2 class=\"gb-headline gb-headline-665e5f6b gb-headline-text gb-headline-mt-heading\"> Verwandte Tutorials <\/h2><div class=\"gb-grid-wrapper gb-grid-wrapper-a20baf7c gb-grid-wrapper-mt-grid\"><div class=\"gb-grid-column gb-grid-column-65ddf67e\"><div class=\"gb-container gb-container-65ddf67e\"><ul><li> <a href=\"https:\/\/exceladvisor.org\/de\/klares-blatt\/\">L\u00d6SCHEN Sie ein ganzes Blatt mit VBA in Excel<\/a><\/li><li> <a href=\"https:\/\/exceladvisor.org\/de\/kopierblatt\/\">Kopieren und verschieben Sie ein Blatt in Excel mit VBA<\/a><\/li><li> <a href=\"https:\/\/exceladvisor.org\/de\/zahle-die-blatter\/\">COUNT Sheets mit VBA in Excel<\/a><\/li><li> <a href=\"https:\/\/exceladvisor.org\/de\/ein-blatt-loschen-1\/\">L\u00d6SCHEN Sie ein BLATT mit VBA in Excel<\/a><\/li><li> <a href=\"https:\/\/exceladvisor.org\/de\/blatt-ausblenden\/\">Blenden Sie ein Blatt mit VBA in Excel ein und aus<\/a> <\/li><\/ul><\/div><\/div><div class=\"gb-grid-column gb-grid-column-50067b57\"><div class=\"gb-container gb-container-50067b57\"><\/div><\/div><\/div><\/div>","protected":false},"excerpt":{"rendered":"","protected":false},"author":1,"featured_media":0,"parent":0,"menu_order":0,"comment_status":"open","ping_status":"closed","template":"","meta":{"ub_ctt_via":"","footnotes":""},"class_list":["post-3090","page","type-page","status-publish","hentry"],"featured_image_src":null,"yoast_head":"<!-- This site is optimized with the Yoast SEO plugin v25.4 - https:\/\/yoast.com\/wordpress\/plugins\/seo\/ -->\n<title>Wie benenne ich ein Blatt mit VBA in Excel um?<\/title>\n<meta name=\"description\" content=\"In diesem Tutorial lernen Sie, wie Sie ein Blatt in Excel mithilfe von VBA-Code umbenennen. Sie haben die M\u00f6glichkeit, einen Wert zu verwenden\" \/>\n<meta name=\"robots\" content=\"index, follow, max-snippet:-1, max-image-preview:large, max-video-preview:-1\" \/>\n<link rel=\"canonical\" href=\"https:\/\/exceladvisor.org\/de\/blatt-umbenennen\/\" \/>\n<meta property=\"og:locale\" content=\"de_DE\" \/>\n<meta property=\"og:type\" content=\"article\" \/>\n<meta property=\"og:title\" content=\"Wie benenne ich ein Blatt mit VBA in Excel um?\" \/>\n<meta property=\"og:description\" content=\"In diesem Tutorial lernen Sie, wie Sie ein Blatt in Excel mithilfe von VBA-Code umbenennen. Sie haben die M\u00f6glichkeit, einen Wert zu verwenden\" \/>\n<meta property=\"og:url\" content=\"https:\/\/exceladvisor.org\/de\/blatt-umbenennen\/\" \/>\n<meta property=\"og:site_name\" content=\"Excel Advisor\" \/>\n<meta property=\"article:modified_time\" content=\"2023-12-03T11:14:03+00:00\" \/>\n<meta property=\"og:image\" content=\"https:\/\/exceladvisor.org\/wp-content\/uploads\/2023\/08\/1-definir-la-feuille-que-vous-souhaitez-renommer.png\" \/>\n<meta name=\"twitter:card\" content=\"summary_large_image\" \/>\n<meta name=\"twitter:label1\" content=\"Gesch\u00e4tzte Lesezeit\" \/>\n\t<meta name=\"twitter:data1\" content=\"4\u00a0Minuten\" \/>\n<script type=\"application\/ld+json\" class=\"yoast-schema-graph\">{\"@context\":\"https:\/\/schema.org\",\"@graph\":[{\"@type\":\"WebPage\",\"@id\":\"https:\/\/exceladvisor.org\/de\/blatt-umbenennen\/\",\"url\":\"https:\/\/exceladvisor.org\/de\/blatt-umbenennen\/\",\"name\":\"Wie benenne ich ein Blatt mit VBA in Excel um?\",\"isPartOf\":{\"@id\":\"https:\/\/exceladvisor.org\/de\/#website\"},\"primaryImageOfPage\":{\"@id\":\"https:\/\/exceladvisor.org\/de\/blatt-umbenennen\/#primaryimage\"},\"image\":{\"@id\":\"https:\/\/exceladvisor.org\/de\/blatt-umbenennen\/#primaryimage\"},\"thumbnailUrl\":\"https:\/\/exceladvisor.org\/wp-content\/uploads\/2023\/08\/1-definir-la-feuille-que-vous-souhaitez-renommer.png\",\"datePublished\":\"2023-11-15T14:55:11+00:00\",\"dateModified\":\"2023-12-03T11:14:03+00:00\",\"description\":\"In diesem Tutorial lernen Sie, wie Sie ein Blatt in Excel mithilfe von VBA-Code umbenennen. Sie haben die M\u00f6glichkeit, einen Wert zu verwenden\",\"breadcrumb\":{\"@id\":\"https:\/\/exceladvisor.org\/de\/blatt-umbenennen\/#breadcrumb\"},\"inLanguage\":\"de\",\"potentialAction\":[{\"@type\":\"ReadAction\",\"target\":[\"https:\/\/exceladvisor.org\/de\/blatt-umbenennen\/\"]}]},{\"@type\":\"ImageObject\",\"inLanguage\":\"de\",\"@id\":\"https:\/\/exceladvisor.org\/de\/blatt-umbenennen\/#primaryimage\",\"url\":\"https:\/\/exceladvisor.org\/wp-content\/uploads\/2023\/08\/1-definir-la-feuille-que-vous-souhaitez-renommer.png\",\"contentUrl\":\"https:\/\/exceladvisor.org\/wp-content\/uploads\/2023\/08\/1-definir-la-feuille-que-vous-souhaitez-renommer.png\"},{\"@type\":\"BreadcrumbList\",\"@id\":\"https:\/\/exceladvisor.org\/de\/blatt-umbenennen\/#breadcrumb\",\"itemListElement\":[{\"@type\":\"ListItem\",\"position\":1,\"name\":\"Accueil\",\"item\":\"https:\/\/exceladvisor.org\/de\/\"},{\"@type\":\"ListItem\",\"position\":2,\"name\":\"Wie benenne ich ein blatt mit vba in excel um?\"}]},{\"@type\":\"WebSite\",\"@id\":\"https:\/\/exceladvisor.org\/de\/#website\",\"url\":\"https:\/\/exceladvisor.org\/de\/\",\"name\":\"Excel Advisor\",\"description\":\"Ihr Leitfaden zur Datendominanz\",\"publisher\":{\"@id\":\"https:\/\/exceladvisor.org\/de\/#organization\"},\"potentialAction\":[{\"@type\":\"SearchAction\",\"target\":{\"@type\":\"EntryPoint\",\"urlTemplate\":\"https:\/\/exceladvisor.org\/de\/?s={search_term_string}\"},\"query-input\":{\"@type\":\"PropertyValueSpecification\",\"valueRequired\":true,\"valueName\":\"search_term_string\"}}],\"inLanguage\":\"de\"},{\"@type\":\"Organization\",\"@id\":\"https:\/\/exceladvisor.org\/de\/#organization\",\"name\":\"Excel Advisor\",\"url\":\"https:\/\/exceladvisor.org\/de\/\",\"logo\":{\"@type\":\"ImageObject\",\"inLanguage\":\"de\",\"@id\":\"https:\/\/exceladvisor.org\/de\/#\/schema\/logo\/image\/\",\"url\":\"https:\/\/exceladvisor.org\/de\/wp-content\/uploads\/2023\/11\/exceladvisor.org_.png\",\"contentUrl\":\"https:\/\/exceladvisor.org\/de\/wp-content\/uploads\/2023\/11\/exceladvisor.org_.png\",\"width\":105,\"height\":36,\"caption\":\"Excel Advisor\"},\"image\":{\"@id\":\"https:\/\/exceladvisor.org\/de\/#\/schema\/logo\/image\/\"}}]}<\/script>\n<!-- \/ Yoast SEO plugin. -->","yoast_head_json":{"title":"Wie benenne ich ein Blatt mit VBA in Excel um?","description":"In diesem Tutorial lernen Sie, wie Sie ein Blatt in Excel mithilfe von VBA-Code umbenennen. Sie haben die M\u00f6glichkeit, einen Wert zu verwenden","robots":{"index":"index","follow":"follow","max-snippet":"max-snippet:-1","max-image-preview":"max-image-preview:large","max-video-preview":"max-video-preview:-1"},"canonical":"https:\/\/exceladvisor.org\/de\/blatt-umbenennen\/","og_locale":"de_DE","og_type":"article","og_title":"Wie benenne ich ein Blatt mit VBA in Excel um?","og_description":"In diesem Tutorial lernen Sie, wie Sie ein Blatt in Excel mithilfe von VBA-Code umbenennen. Sie haben die M\u00f6glichkeit, einen Wert zu verwenden","og_url":"https:\/\/exceladvisor.org\/de\/blatt-umbenennen\/","og_site_name":"Excel Advisor","article_modified_time":"2023-12-03T11:14:03+00:00","og_image":[{"url":"https:\/\/exceladvisor.org\/wp-content\/uploads\/2023\/08\/1-definir-la-feuille-que-vous-souhaitez-renommer.png","type":"","width":"","height":""}],"twitter_card":"summary_large_image","twitter_misc":{"Gesch\u00e4tzte Lesezeit":"4\u00a0Minuten"},"schema":{"@context":"https:\/\/schema.org","@graph":[{"@type":"WebPage","@id":"https:\/\/exceladvisor.org\/de\/blatt-umbenennen\/","url":"https:\/\/exceladvisor.org\/de\/blatt-umbenennen\/","name":"Wie benenne ich ein Blatt mit VBA in Excel um?","isPartOf":{"@id":"https:\/\/exceladvisor.org\/de\/#website"},"primaryImageOfPage":{"@id":"https:\/\/exceladvisor.org\/de\/blatt-umbenennen\/#primaryimage"},"image":{"@id":"https:\/\/exceladvisor.org\/de\/blatt-umbenennen\/#primaryimage"},"thumbnailUrl":"https:\/\/exceladvisor.org\/wp-content\/uploads\/2023\/08\/1-definir-la-feuille-que-vous-souhaitez-renommer.png","datePublished":"2023-11-15T14:55:11+00:00","dateModified":"2023-12-03T11:14:03+00:00","description":"In diesem Tutorial lernen Sie, wie Sie ein Blatt in Excel mithilfe von VBA-Code umbenennen. Sie haben die M\u00f6glichkeit, einen Wert zu verwenden","breadcrumb":{"@id":"https:\/\/exceladvisor.org\/de\/blatt-umbenennen\/#breadcrumb"},"inLanguage":"de","potentialAction":[{"@type":"ReadAction","target":["https:\/\/exceladvisor.org\/de\/blatt-umbenennen\/"]}]},{"@type":"ImageObject","inLanguage":"de","@id":"https:\/\/exceladvisor.org\/de\/blatt-umbenennen\/#primaryimage","url":"https:\/\/exceladvisor.org\/wp-content\/uploads\/2023\/08\/1-definir-la-feuille-que-vous-souhaitez-renommer.png","contentUrl":"https:\/\/exceladvisor.org\/wp-content\/uploads\/2023\/08\/1-definir-la-feuille-que-vous-souhaitez-renommer.png"},{"@type":"BreadcrumbList","@id":"https:\/\/exceladvisor.org\/de\/blatt-umbenennen\/#breadcrumb","itemListElement":[{"@type":"ListItem","position":1,"name":"Accueil","item":"https:\/\/exceladvisor.org\/de\/"},{"@type":"ListItem","position":2,"name":"Wie benenne ich ein blatt mit vba in excel um?"}]},{"@type":"WebSite","@id":"https:\/\/exceladvisor.org\/de\/#website","url":"https:\/\/exceladvisor.org\/de\/","name":"Excel Advisor","description":"Ihr Leitfaden zur Datendominanz","publisher":{"@id":"https:\/\/exceladvisor.org\/de\/#organization"},"potentialAction":[{"@type":"SearchAction","target":{"@type":"EntryPoint","urlTemplate":"https:\/\/exceladvisor.org\/de\/?s={search_term_string}"},"query-input":{"@type":"PropertyValueSpecification","valueRequired":true,"valueName":"search_term_string"}}],"inLanguage":"de"},{"@type":"Organization","@id":"https:\/\/exceladvisor.org\/de\/#organization","name":"Excel Advisor","url":"https:\/\/exceladvisor.org\/de\/","logo":{"@type":"ImageObject","inLanguage":"de","@id":"https:\/\/exceladvisor.org\/de\/#\/schema\/logo\/image\/","url":"https:\/\/exceladvisor.org\/de\/wp-content\/uploads\/2023\/11\/exceladvisor.org_.png","contentUrl":"https:\/\/exceladvisor.org\/de\/wp-content\/uploads\/2023\/11\/exceladvisor.org_.png","width":105,"height":36,"caption":"Excel Advisor"},"image":{"@id":"https:\/\/exceladvisor.org\/de\/#\/schema\/logo\/image\/"}}]}},"yoast_meta":{"yoast_wpseo_title":"","yoast_wpseo_metadesc":"","yoast_wpseo_canonical":""},"_links":{"self":[{"href":"https:\/\/exceladvisor.org\/de\/wp-json\/wp\/v2\/pages\/3090","targetHints":{"allow":["GET"]}}],"collection":[{"href":"https:\/\/exceladvisor.org\/de\/wp-json\/wp\/v2\/pages"}],"about":[{"href":"https:\/\/exceladvisor.org\/de\/wp-json\/wp\/v2\/types\/page"}],"author":[{"embeddable":true,"href":"https:\/\/exceladvisor.org\/de\/wp-json\/wp\/v2\/users\/1"}],"replies":[{"embeddable":true,"href":"https:\/\/exceladvisor.org\/de\/wp-json\/wp\/v2\/comments?post=3090"}],"version-history":[{"count":1,"href":"https:\/\/exceladvisor.org\/de\/wp-json\/wp\/v2\/pages\/3090\/revisions"}],"predecessor-version":[{"id":3879,"href":"https:\/\/exceladvisor.org\/de\/wp-json\/wp\/v2\/pages\/3090\/revisions\/3879"}],"wp:attachment":[{"href":"https:\/\/exceladvisor.org\/de\/wp-json\/wp\/v2\/media?parent=3090"}],"curies":[{"name":"wp","href":"https:\/\/api.w.org\/{rel}","templated":true}]}}