{"id":3091,"date":"2023-11-15T14:20:43","date_gmt":"2023-11-15T14:20:43","guid":{"rendered":"https:\/\/exceladvisor.org\/de\/wenn-und-1\/"},"modified":"2023-12-03T13:03:42","modified_gmt":"2023-12-03T13:03:42","slug":"wenn-und-1","status":"publish","type":"page","link":"https:\/\/exceladvisor.org\/de\/wenn-und-1\/","title":{"rendered":"Wie kombiniere ich wenn- und und-funktionen in excel?"},"content":{"rendered":"<div class=\"excel-vor-dem-inhalt\" id=\"excel-3898718272\"><script type=\"text\/javascript\">\r\n\tatOptions = {\r\n\t\t'key' : 'c1158f160081d6540a8409e6925dab94',\r\n\t\t'format' : 'iframe',\r\n\t\t'height' : 250,\r\n\t\t'width' : 300,\r\n\t\t'params' : {}\r\n\t};\r\n<\/script>\r\n<script type=\"text\/javascript\" src=\"\/\/www.highperformanceformat.com\/c1158f160081d6540a8409e6925dab94\/invoke.js\"><\/script><\/div> <p>Wie ich Ihnen bereits sagte, k\u00f6nnen Sie durch die Kombination von IF mit anderen Funktionen seine Leistung steigern. Die UND-Funktion ist eine der n\u00fctzlichsten Funktionen zur Kombination mit der WENN-Funktion.<\/p><p> Wenn Sie <a href=\"https:\/\/exceladvisor.org\/de\/wenn-oder-1\/\">WENN- und ODER-<\/a> Funktionen kombinieren, um mehrere Bedingungen zu testen. Auf die gleiche Weise k\u00f6nnen Sie die WENN- und UND-Funktionen kombinieren.<\/p><p> Es gibt einen kleinen Unterschied bei der Verwendung von OR- und AND-Funktionen mit IF. In diesem Artikel erfahren Sie, wie Sie WENN- und UND-Funktionen kombinieren und warum wir beide kombinieren m\u00fcssen.<\/p><h2 id=\"1\" class=\"wp-block-heading\"> Kurze Einf\u00fchrung<\/h2><p> Beide Funktionen sind n\u00fctzlich, aber wenn Sie sie zusammen verwenden, k\u00f6nnen Sie einige reale Probleme l\u00f6sen. Hier finden Sie eine kurze Einf\u00fchrung in beide.<\/p><ol><li> <strong>IF-Funktion<\/strong> \u2013 Zum Testen einer Bedingung und zum Zur\u00fcckgeben eines bestimmten Werts, wenn diese Bedingung wahr ist, oder eines anderen spezifischen Werts, wenn diese Bedingung falsch ist.<\/li><li> <strong>UND-Funktion<\/strong> \u2013 Zum Testen mehrerer Bedingungen. Wenn alle Bedingungen wahr sind, wird \u201etrue\u201c zur\u00fcckgegeben, und wenn eine der Bedingungen falsch ist, wird \u201efalse\u201c zur\u00fcckgegeben.<\/li><\/ol><h2 class=\"wp-block-heading\"> <strong>Warum ist das wichtig?<\/strong><\/h2><ol><li> Mit der IF-Funktion k\u00f6nnen Sie mehrere Bedingungen testen.<\/li><li> Es wird ein bestimmter Wert zur\u00fcckgegeben, wenn alle Bedingungen erf\u00fcllt sind.<\/li><li> Oder es wird ein anderer spezifischer Wert zur\u00fcckgegeben, wenn eine der Bedingungen falsch ist.<\/li><\/ol><h2 class=\"wp-block-heading\"> Wie funktionieren die WENN- und UND-Funktionen?<\/h2><p> Um die IF- und AND-Funktionen zu kombinieren, ersetzen Sie einfach das Argument logical_test in der IF-Funktion durch die AND-Funktion. Mit der UND-Funktion k\u00f6nnen Sie mehrere Bedingungen angeben. <\/p><div class=\"wp-block-image\"><figure class=\"aligncenter\"><img loading=\"lazy\" decoding=\"async\" class=\"wp-image-9625\" src=\"https:\/\/exceladvisor.org\/wp-content\/uploads\/2023\/08\/comment-combiner-si-et-et-les-fonctions-remplacent-le-test-logique-1.png\" sizes=\"auto, \" srcset=\"\" alt=\"wie man if- und und-Funktionen kombiniert, um den Logiktest zu ersetzen\" width=\"486\" height=\"140\"><\/figure><\/div><p> <span style=\"font-size: inherit; background-color: initial;\">Jetzt testet die UND-Funktion hier alle Ihre Bedingungen.<\/span> <span style=\"font-size: inherit; background-color: initial;\">Wenn alle Bedingungen wahr sind, gibt die UND-Funktion \u201ewahr\u201c zur\u00fcck und die WENN-Funktion gibt den Wert zur\u00fcck, den Sie f\u00fcr \u201ewahr\u201c angegeben haben.<\/span><\/p><p> <span style=\"font-size: inherit; background-color: initial;\">Und wenn eine der Bedingungen falsch ist, gibt die UND-Funktion \u201efalsch\u201c zur\u00fcck und die WENN-Funktion gibt den Wert zur\u00fcck, den Sie f\u00fcr \u201efalsch\u201c angegeben haben.<\/span> <span style=\"font-size: inherit; background-color: initial;\">Lassen Sie mich Ihnen ein konkretes Beispiel zeigen.<\/span><\/p><h2 id=\"3\" class=\"wp-block-heading\"> Beispiele<\/h2><p> Hier habe ich ein Notenblatt f\u00fcr Sch\u00fcler. Und ich m\u00f6chte dem Blatt noch ein paar Notizen hinzuf\u00fcgen. <\/p><div class=\"wp-block-image\"><figure class=\"aligncenter\"><img loading=\"lazy\" decoding=\"async\" class=\"wp-image-9630\" src=\"https:\/\/exceladvisor.org\/wp-content\/uploads\/2023\/08\/comment-combiner-si-et-et-la-table-des-fonctions-pour-ajouter-un-statut-1.png\" sizes=\"auto, \" srcset=\"\" alt=\"wie man if und und eine Funktionstabelle kombiniert, um den Status hinzuzuf\u00fcgen\" width=\"569\" height=\"221\"><\/figure><\/div><p> Besteht ein Student beide F\u00e4cher mit 40 oder mehr Punkten, muss der Status \u201eBestanden\u201c lauten. Und wenn ein Student in beiden F\u00e4chern oder sogar in einem Fach weniger als 40 Punkte hat, sollte der Status \u201eNicht bestanden\u201c lauten. Die Formel wird sein. <\/p><pre class=\"wp-block-code\"> <code class=\"language-excel-formula\" lang=\"excel-formula\">=IF(AND(B2&gt;=40,C2&gt;=40),\"Pass\",\"Fail\")<\/code><\/pre><div class=\"wp-block-image\"><figure class=\"aligncenter\"><img loading=\"lazy\" decoding=\"async\" class=\"wp-image-9631\" src=\"https:\/\/exceladvisor.org\/wp-content\/uploads\/2023\/08\/comment-combiner-si-et-et-fonctions-inserer-une-formule-1.png\" sizes=\"auto, \" srcset=\"\" alt=\"So kombinieren Sie if- und and-Funktionen und f\u00fcgen eine Formel ein\" width=\"572\" height=\"267\"><\/figure><\/div><p> Wenn in der obigen Formel in einer der Zellen (B2 und C2) ein Wert gr\u00f6\u00dfer oder gleich 40 vorhanden ist, gibt die AND-Funktion \u201etrue\u201c zur\u00fcck und IF gibt den Wert \u201ePass\u201c zur\u00fcck. Das bedeutet, dass ein Student bestanden hat, wenn er beide F\u00e4cher bestanden hat.<\/p><p> Wenn jedoch beide Zellen einen Wert kleiner als 40 haben, gibt AND den Wert \u201eFalsch\u201c und IF den Wert \u201eFehlgeschlagen\u201c zur\u00fcck. Wenn ein Student in einem der F\u00e4cher durchf\u00e4llt, wird er scheitern. <\/p><div class=\"wp-block-group download-box is-layout-constrained\"><div class=\"wp-block-group__inner-container\"><h2 class=\"wp-block-heading\"> Laden Sie eine Beispieldatei herunter <\/h2><ul id=\"ub_styled_list-da8638b8-2d76-405d-a27d-456029ffc773\" class=\"ub_styled_list\"><li class=\"ub_styled_list_item\"> <a href=\"https:\/\/exceladvisor.org\/wp-content\/uploads\/2023\/11\/si-la-cellule-est-vide-2.xlsx\" rel=\"nofollow\">Beispieldatei<\/a><\/li><\/ul><\/div><\/div><div class=\"gb-container gb-container-0df56012 gb-container-mt\"> <a class=\"gb-button gb-button-f9f432f4 gb-button-text gb-button-mt-button\" href=\"https:\/\/exceladvisor.org\/de\/formeln\/\">Liste der Excel-Formeln<\/a><h2 class=\"gb-headline gb-headline-233444e8 gb-headline-text gb-headline-mt-heading\"> Verwandte Formeln <\/h2><div class=\"gb-grid-wrapper gb-grid-wrapper-a16fa65c gb-grid-wrapper-mt-grid\"><div class=\"gb-grid-column gb-grid-column-50d07e0d\"><div class=\"gb-container gb-container-50d07e0d\"><ul><li> <a href=\"https:\/\/exceladvisor.org\/de\/wenn-null-dann-leer\/\">\u00dcberpr\u00fcfen Sie, ob 0 (Null) ist, und leeren Sie es dann in Excel<\/a><\/li><li> <a href=\"https:\/\/exceladvisor.org\/de\/uberprufen-sie-ob-ein-wert-in-einem-bereich-vorhanden-ist\/\">\u00dcberpr\u00fcfen Sie, ob in einem Bereich in Excel ein Wert vorhanden ist<\/a><\/li><li> <a href=\"https:\/\/exceladvisor.org\/de\/wenn-oder-1\/\">Kombinieren Sie WENN- und ODER-Funktionen in Excel<\/a><\/li><li> <a href=\"https:\/\/exceladvisor.org\/de\/wenn-die-zelle-leer-ist\/\">IF Zelle ist leer (leer) mit IF + ISBLANK in Excel<\/a><\/li><li> <a href=\"https:\/\/exceladvisor.org\/de\/wenn-negativ-dann-null\/\">WENN negativ, dann Null (0) in Excel<\/a> <\/li><\/ul><\/div><\/div><div class=\"gb-grid-column gb-grid-column-5b4a0cf9\"><div class=\"gb-container gb-container-5b4a0cf9\"><\/div><\/div><\/div><\/div>","protected":false},"excerpt":{"rendered":"","protected":false},"author":1,"featured_media":0,"parent":0,"menu_order":0,"comment_status":"open","ping_status":"closed","template":"","meta":{"ub_ctt_via":"","footnotes":""},"class_list":["post-3091","page","type-page","status-publish","hentry"],"featured_image_src":null,"yoast_head":"<!-- This site is optimized with the Yoast SEO plugin v25.4 - https:\/\/yoast.com\/wordpress\/plugins\/seo\/ -->\n<title>So verwenden Sie die Kombination von WENN- und UND-Funktionen in Excel<\/title>\n<meta name=\"description\" content=\"In diesem Artikel erfahren Sie, wie Sie WENN- und UND-Funktionen kombinieren. Sie k\u00f6nnen AND verwenden, um mehrere Bedingungen und IF zu testen\" \/>\n<meta name=\"robots\" content=\"index, follow, max-snippet:-1, max-image-preview:large, max-video-preview:-1\" \/>\n<link rel=\"canonical\" href=\"https:\/\/exceladvisor.org\/de\/wenn-und-1\/\" \/>\n<meta property=\"og:locale\" content=\"de_DE\" \/>\n<meta property=\"og:type\" content=\"article\" \/>\n<meta property=\"og:title\" content=\"So verwenden Sie die Kombination von WENN- und UND-Funktionen in Excel\" \/>\n<meta property=\"og:description\" content=\"In diesem Artikel erfahren Sie, wie Sie WENN- und UND-Funktionen kombinieren. Sie k\u00f6nnen AND verwenden, um mehrere Bedingungen und IF zu testen\" \/>\n<meta property=\"og:url\" content=\"https:\/\/exceladvisor.org\/de\/wenn-und-1\/\" \/>\n<meta property=\"og:site_name\" content=\"Excel Advisor\" \/>\n<meta property=\"article:modified_time\" content=\"2023-12-03T13:03:42+00:00\" \/>\n<meta property=\"og:image\" content=\"https:\/\/exceladvisor.org\/wp-content\/uploads\/2023\/08\/comment-combiner-si-et-et-les-fonctions-remplacent-le-test-logique-1.png\" \/>\n<meta name=\"twitter:card\" content=\"summary_large_image\" \/>\n<meta name=\"twitter:label1\" content=\"Gesch\u00e4tzte Lesezeit\" \/>\n\t<meta name=\"twitter:data1\" content=\"3\u00a0Minuten\" \/>\n<script type=\"application\/ld+json\" class=\"yoast-schema-graph\">{\"@context\":\"https:\/\/schema.org\",\"@graph\":[{\"@type\":\"WebPage\",\"@id\":\"https:\/\/exceladvisor.org\/de\/wenn-und-1\/\",\"url\":\"https:\/\/exceladvisor.org\/de\/wenn-und-1\/\",\"name\":\"So verwenden Sie die Kombination von WENN- und UND-Funktionen in Excel\",\"isPartOf\":{\"@id\":\"https:\/\/exceladvisor.org\/de\/#website\"},\"primaryImageOfPage\":{\"@id\":\"https:\/\/exceladvisor.org\/de\/wenn-und-1\/#primaryimage\"},\"image\":{\"@id\":\"https:\/\/exceladvisor.org\/de\/wenn-und-1\/#primaryimage\"},\"thumbnailUrl\":\"https:\/\/exceladvisor.org\/wp-content\/uploads\/2023\/08\/comment-combiner-si-et-et-les-fonctions-remplacent-le-test-logique-1.png\",\"datePublished\":\"2023-11-15T14:20:43+00:00\",\"dateModified\":\"2023-12-03T13:03:42+00:00\",\"description\":\"In diesem Artikel erfahren Sie, wie Sie WENN- und UND-Funktionen kombinieren. Sie k\u00f6nnen AND verwenden, um mehrere Bedingungen und IF zu testen\",\"breadcrumb\":{\"@id\":\"https:\/\/exceladvisor.org\/de\/wenn-und-1\/#breadcrumb\"},\"inLanguage\":\"de\",\"potentialAction\":[{\"@type\":\"ReadAction\",\"target\":[\"https:\/\/exceladvisor.org\/de\/wenn-und-1\/\"]}]},{\"@type\":\"ImageObject\",\"inLanguage\":\"de\",\"@id\":\"https:\/\/exceladvisor.org\/de\/wenn-und-1\/#primaryimage\",\"url\":\"https:\/\/exceladvisor.org\/wp-content\/uploads\/2023\/08\/comment-combiner-si-et-et-les-fonctions-remplacent-le-test-logique-1.png\",\"contentUrl\":\"https:\/\/exceladvisor.org\/wp-content\/uploads\/2023\/08\/comment-combiner-si-et-et-les-fonctions-remplacent-le-test-logique-1.png\"},{\"@type\":\"BreadcrumbList\",\"@id\":\"https:\/\/exceladvisor.org\/de\/wenn-und-1\/#breadcrumb\",\"itemListElement\":[{\"@type\":\"ListItem\",\"position\":1,\"name\":\"Accueil\",\"item\":\"https:\/\/exceladvisor.org\/de\/\"},{\"@type\":\"ListItem\",\"position\":2,\"name\":\"Wie kombiniere ich wenn- und und-funktionen in excel?\"}]},{\"@type\":\"WebSite\",\"@id\":\"https:\/\/exceladvisor.org\/de\/#website\",\"url\":\"https:\/\/exceladvisor.org\/de\/\",\"name\":\"Excel Advisor\",\"description\":\"Ihr Leitfaden zur Datendominanz\",\"publisher\":{\"@id\":\"https:\/\/exceladvisor.org\/de\/#organization\"},\"potentialAction\":[{\"@type\":\"SearchAction\",\"target\":{\"@type\":\"EntryPoint\",\"urlTemplate\":\"https:\/\/exceladvisor.org\/de\/?s={search_term_string}\"},\"query-input\":{\"@type\":\"PropertyValueSpecification\",\"valueRequired\":true,\"valueName\":\"search_term_string\"}}],\"inLanguage\":\"de\"},{\"@type\":\"Organization\",\"@id\":\"https:\/\/exceladvisor.org\/de\/#organization\",\"name\":\"Excel Advisor\",\"url\":\"https:\/\/exceladvisor.org\/de\/\",\"logo\":{\"@type\":\"ImageObject\",\"inLanguage\":\"de\",\"@id\":\"https:\/\/exceladvisor.org\/de\/#\/schema\/logo\/image\/\",\"url\":\"https:\/\/exceladvisor.org\/de\/wp-content\/uploads\/2023\/11\/exceladvisor.org_.png\",\"contentUrl\":\"https:\/\/exceladvisor.org\/de\/wp-content\/uploads\/2023\/11\/exceladvisor.org_.png\",\"width\":105,\"height\":36,\"caption\":\"Excel Advisor\"},\"image\":{\"@id\":\"https:\/\/exceladvisor.org\/de\/#\/schema\/logo\/image\/\"}}]}<\/script>\n<!-- \/ Yoast SEO plugin. -->","yoast_head_json":{"title":"So verwenden Sie die Kombination von WENN- und UND-Funktionen in Excel","description":"In diesem Artikel erfahren Sie, wie Sie WENN- und UND-Funktionen kombinieren. Sie k\u00f6nnen AND verwenden, um mehrere Bedingungen und IF zu testen","robots":{"index":"index","follow":"follow","max-snippet":"max-snippet:-1","max-image-preview":"max-image-preview:large","max-video-preview":"max-video-preview:-1"},"canonical":"https:\/\/exceladvisor.org\/de\/wenn-und-1\/","og_locale":"de_DE","og_type":"article","og_title":"So verwenden Sie die Kombination von WENN- und UND-Funktionen in Excel","og_description":"In diesem Artikel erfahren Sie, wie Sie WENN- und UND-Funktionen kombinieren. Sie k\u00f6nnen AND verwenden, um mehrere Bedingungen und IF zu testen","og_url":"https:\/\/exceladvisor.org\/de\/wenn-und-1\/","og_site_name":"Excel Advisor","article_modified_time":"2023-12-03T13:03:42+00:00","og_image":[{"url":"https:\/\/exceladvisor.org\/wp-content\/uploads\/2023\/08\/comment-combiner-si-et-et-les-fonctions-remplacent-le-test-logique-1.png","type":"","width":"","height":""}],"twitter_card":"summary_large_image","twitter_misc":{"Gesch\u00e4tzte Lesezeit":"3\u00a0Minuten"},"schema":{"@context":"https:\/\/schema.org","@graph":[{"@type":"WebPage","@id":"https:\/\/exceladvisor.org\/de\/wenn-und-1\/","url":"https:\/\/exceladvisor.org\/de\/wenn-und-1\/","name":"So verwenden Sie die Kombination von WENN- und UND-Funktionen in Excel","isPartOf":{"@id":"https:\/\/exceladvisor.org\/de\/#website"},"primaryImageOfPage":{"@id":"https:\/\/exceladvisor.org\/de\/wenn-und-1\/#primaryimage"},"image":{"@id":"https:\/\/exceladvisor.org\/de\/wenn-und-1\/#primaryimage"},"thumbnailUrl":"https:\/\/exceladvisor.org\/wp-content\/uploads\/2023\/08\/comment-combiner-si-et-et-les-fonctions-remplacent-le-test-logique-1.png","datePublished":"2023-11-15T14:20:43+00:00","dateModified":"2023-12-03T13:03:42+00:00","description":"In diesem Artikel erfahren Sie, wie Sie WENN- und UND-Funktionen kombinieren. Sie k\u00f6nnen AND verwenden, um mehrere Bedingungen und IF zu testen","breadcrumb":{"@id":"https:\/\/exceladvisor.org\/de\/wenn-und-1\/#breadcrumb"},"inLanguage":"de","potentialAction":[{"@type":"ReadAction","target":["https:\/\/exceladvisor.org\/de\/wenn-und-1\/"]}]},{"@type":"ImageObject","inLanguage":"de","@id":"https:\/\/exceladvisor.org\/de\/wenn-und-1\/#primaryimage","url":"https:\/\/exceladvisor.org\/wp-content\/uploads\/2023\/08\/comment-combiner-si-et-et-les-fonctions-remplacent-le-test-logique-1.png","contentUrl":"https:\/\/exceladvisor.org\/wp-content\/uploads\/2023\/08\/comment-combiner-si-et-et-les-fonctions-remplacent-le-test-logique-1.png"},{"@type":"BreadcrumbList","@id":"https:\/\/exceladvisor.org\/de\/wenn-und-1\/#breadcrumb","itemListElement":[{"@type":"ListItem","position":1,"name":"Accueil","item":"https:\/\/exceladvisor.org\/de\/"},{"@type":"ListItem","position":2,"name":"Wie kombiniere ich wenn- und und-funktionen in excel?"}]},{"@type":"WebSite","@id":"https:\/\/exceladvisor.org\/de\/#website","url":"https:\/\/exceladvisor.org\/de\/","name":"Excel Advisor","description":"Ihr Leitfaden zur Datendominanz","publisher":{"@id":"https:\/\/exceladvisor.org\/de\/#organization"},"potentialAction":[{"@type":"SearchAction","target":{"@type":"EntryPoint","urlTemplate":"https:\/\/exceladvisor.org\/de\/?s={search_term_string}"},"query-input":{"@type":"PropertyValueSpecification","valueRequired":true,"valueName":"search_term_string"}}],"inLanguage":"de"},{"@type":"Organization","@id":"https:\/\/exceladvisor.org\/de\/#organization","name":"Excel Advisor","url":"https:\/\/exceladvisor.org\/de\/","logo":{"@type":"ImageObject","inLanguage":"de","@id":"https:\/\/exceladvisor.org\/de\/#\/schema\/logo\/image\/","url":"https:\/\/exceladvisor.org\/de\/wp-content\/uploads\/2023\/11\/exceladvisor.org_.png","contentUrl":"https:\/\/exceladvisor.org\/de\/wp-content\/uploads\/2023\/11\/exceladvisor.org_.png","width":105,"height":36,"caption":"Excel Advisor"},"image":{"@id":"https:\/\/exceladvisor.org\/de\/#\/schema\/logo\/image\/"}}]}},"yoast_meta":{"yoast_wpseo_title":"","yoast_wpseo_metadesc":"","yoast_wpseo_canonical":""},"_links":{"self":[{"href":"https:\/\/exceladvisor.org\/de\/wp-json\/wp\/v2\/pages\/3091","targetHints":{"allow":["GET"]}}],"collection":[{"href":"https:\/\/exceladvisor.org\/de\/wp-json\/wp\/v2\/pages"}],"about":[{"href":"https:\/\/exceladvisor.org\/de\/wp-json\/wp\/v2\/types\/page"}],"author":[{"embeddable":true,"href":"https:\/\/exceladvisor.org\/de\/wp-json\/wp\/v2\/users\/1"}],"replies":[{"embeddable":true,"href":"https:\/\/exceladvisor.org\/de\/wp-json\/wp\/v2\/comments?post=3091"}],"version-history":[{"count":1,"href":"https:\/\/exceladvisor.org\/de\/wp-json\/wp\/v2\/pages\/3091\/revisions"}],"predecessor-version":[{"id":4116,"href":"https:\/\/exceladvisor.org\/de\/wp-json\/wp\/v2\/pages\/3091\/revisions\/4116"}],"wp:attachment":[{"href":"https:\/\/exceladvisor.org\/de\/wp-json\/wp\/v2\/media?parent=3091"}],"curies":[{"name":"wp","href":"https:\/\/api.w.org\/{rel}","templated":true}]}}