{"id":3092,"date":"2023-11-15T14:06:42","date_gmt":"2023-11-15T14:06:42","guid":{"rendered":"https:\/\/exceladvisor.org\/de\/bidirektionale-suche\/"},"modified":"2023-12-03T11:21:33","modified_gmt":"2023-12-03T11:21:33","slug":"bidirektionale-suche","status":"publish","type":"page","link":"https:\/\/exceladvisor.org\/de\/bidirektionale-suche\/","title":{"rendered":"Wie f\u00fchrt man eine bidirektionale suche in excel durch?"},"content":{"rendered":"<div class=\"excel-vor-dem-inhalt\" id=\"excel-3678902675\"><script type=\"text\/javascript\">\r\n\tatOptions = {\r\n\t\t'key' : 'c1158f160081d6540a8409e6925dab94',\r\n\t\t'format' : 'iframe',\r\n\t\t'height' : 250,\r\n\t\t'width' : 300,\r\n\t\t'params' : {}\r\n\t};\r\n<\/script>\r\n<script type=\"text\/javascript\" src=\"\/\/www.highperformanceformat.com\/c1158f160081d6540a8409e6925dab94\/invoke.js\"><\/script><\/div> <p class=\"has-text-align-left\">Dies passiert manchmal, wenn wir in einer Tabelle anhand der Zeilen\u00fcberschrift und der Spalten\u00fcberschrift nach einem Wert suchen m\u00fcssen. <\/p><div class=\"wp-block-image\"><figure class=\"aligncenter\"><img decoding=\"async\" src=\"https:\/\/exceladvisor.org\/wp-content\/uploads\/2023\/08\/comment-effectuer-une-recherche-bidirectionnelle-dans-un-tableau-a-deux-dimensions-Excel-1.png\" sizes=\"\" srcset=\"\" alt=\"So f\u00fchren Sie eine bidirektionale Suche in einer zweidimensionalen Tabelle in Excel durch\"><\/figure><\/div><p> Angenommen, Sie m\u00fcssen die Werte aus der obigen Tabelle f\u00fcr einen bestimmten Monat und eine bestimmte Zone abrufen. Hier k\u00f6nnen Sie in dieser Situation eine Zwei-Wege-Suche verwenden.<\/p><p> Bei einer bidirektionalen Suche wird ein Wert aus einer zweidimensionalen Tabelle abgerufen. Das bedeutet, dass Sie aus jeder Zelle einer Tabelle einen Wert erhalten k\u00f6nnen.<\/p><p> Und daf\u00fcr m\u00fcssen Sie <a style=\"outline: none;\" href=\"https:\/\/exceladvisor.org\/de\/vsearch-ubereinstimmung\/\">die Match-Funktion mit VLOOKUP kombinieren<\/a> .<\/p><p> Wie Sie wissen, kann ein normaler VLOOKUP nur einen Wert zur\u00fcckgeben, indem er sich jeweils eine Spalte ansieht.<\/p><p> Der Grund daf\u00fcr ist, dass das Argument col_index von VLOOKUP ein statischer Wert ist. Aber wenn Sie die Match-Funktion mit VLOOKUP kombinieren, k\u00f6nnen Sie es dynamisch machen.<\/p><h2 id=\"h-how-to-use-vlookup-match-for-a-two-way-lookup\" class=\"wp-block-heading\"> So verwenden Sie VLOOKUP + MATCH f\u00fcr die bidirektionale Suche<\/h2><p> Kehren wir zu unserem Beispiel zur\u00fcck. Wir haben eine Tabelle mit den monatlichen Verkaufsmengen f\u00fcr vier verschiedene Bereiche eines Unternehmens. <\/p><div class=\"wp-block-image\"><figure class=\"aligncenter\"><img decoding=\"async\" src=\"https:\/\/exceladvisor.org\/wp-content\/uploads\/2023\/08\/comment-effectuer-une-recherche-bidirectionnelle-dans-un-tableau-a-deux-dimensions-Excel-1.png\" sizes=\"\" srcset=\"\" alt=\"So f\u00fchren Sie eine bidirektionale Suche in einer zweidimensionalen Tabelle in Excel durch\"><\/figure><\/div><p> Angenommen, Ihr Chef m\u00f6chte die Menge einer Zone f\u00fcr einen bestimmten Monat \u00fcberpr\u00fcfen (zum Beispiel: September und die n\u00f6rdliche Zone). Und daf\u00fcr schaut er nicht gern auf die Tabelle, und hier ist die Formel: <\/p><pre class=\"wp-block-code\"> <code class=\"language-excel-formula\" lang=\"excel-formula\">=VLOOKUP(month,table,MATCH(zone,heading_row,0),0)<\/code><\/pre><div class=\"wp-block-image\"><figure class=\"aligncenter\"><img decoding=\"async\" src=\"https:\/\/exceladvisor.org\/wp-content\/uploads\/2023\/08\/comment-effectuer-une-recherche-bidirectionnelle-dans-la-formule-Excel-dans-le-tableau-1.png\" sizes=\"\" srcset=\"\" alt=\"So f\u00fchren Sie eine Zwei-Wege-Suche in einer Excel-Formel in einer Tabelle durch\"><\/figure><\/div><h3 id=\"h-how-it-works\" class=\"wp-block-heading\"> Wie es funktioniert<\/h3><p> Wie ich bereits sagte, ben\u00f6tigen wir eine Match-Funktion, um col_index dynamisch zu machen. Diese Formel besteht aus zwei Teilen. Wenn Sie das Feld ausw\u00e4hlen, gibt die Match-Funktion die Position des Feldes in der Kopfzeile zur\u00fcck. <\/p><div class=\"wp-block-image\"><figure class=\"aligncenter\"><img decoding=\"async\" src=\"https:\/\/exceladvisor.org\/wp-content\/uploads\/2023\/08\/comment-effectuer-une-recherche-bidirectionnelle-fonction-de-correspondance-inexcel-pour-lindex-col-1.gif\" sizes=\"\" srcset=\"\" alt=\"So f\u00fchren Sie eine bidirektionale Suche in der Excel-Match-Funktion f\u00fcr den Spaltenindex durch\"><\/figure><\/div><p> Und dann verwendet VLOOKUP diese Position, um den Wert dieser Spalte abzurufen. <\/p><div class=\"wp-block-image\"><figure class=\"aligncenter\"><img decoding=\"async\" src=\"https:\/\/exceladvisor.org\/wp-content\/uploads\/2023\/08\/comment-effectuer-une-recherche-bidirectionnelle-dans-excel-comment-ca-marche-1.png\" sizes=\"\" srcset=\"\" alt=\"So f\u00fchren Sie eine bidirektionale Suche in Excel durch, wie es funktioniert\"><\/figure><\/div><p> Jedes Mal, wenn Sie den Monat und die Zone ausw\u00e4hlen, wird der Wert zur\u00fcckgegeben, der am Schnittpunkt von Zeile und Spalte liegt. Der Punkt ist, dass Sie \u00fcber einen dynamischen col_index verf\u00fcgen, der es Ihnen erm\u00f6glicht, mit VLOOKUP Werte aus verschiedenen Spalten abzurufen. <\/p><div class=\"gb-container gb-container-bafb25cc gb-container-download-2\"><div class=\"gb-grid-wrapper gb-grid-wrapper-91201309\"><div class=\"gb-grid-column gb-grid-column-15a917ef\"><div class=\"gb-container gb-container-15a917ef\"><h2 class=\"gb-headline gb-headline-f2deb261 gb-headline-text gb-headline-download-2\"> Holen Sie sich die Excel-Datei <\/h2><\/div><\/div><div class=\"gb-grid-column gb-grid-column-18357188\"><div class=\"gb-container gb-container-18357188\"><div class=\"gb-container gb-container-76cbe15e\"> <a class=\"gb-button gb-button-cb63d00a gb-button-text gb-button-download-2\" href=\"https:\/\/exceladvisor.org\/wp-content\/uploads\/2023\/11\/recherche-bidirectionnelle-dans-excel.xlsx\" rel=\"nofollow\">Herunterladen<\/a><\/div><\/div><\/div><\/div><\/div><div class=\"gb-container gb-container-0df56012 gb-container-mt\"> <a class=\"gb-button gb-button-f9f432f4 gb-button-text gb-button-mt-button\" href=\"https:\/\/exceladvisor.org\/de\/formeln\/\">Liste der Excel-Formeln<\/a><h2 class=\"gb-headline gb-headline-233444e8 gb-headline-text gb-headline-mt-heading\"> Verwandte Formeln <\/h2><div class=\"gb-grid-wrapper gb-grid-wrapper-a16fa65c gb-grid-wrapper-mt-grid\"><div class=\"gb-grid-column gb-grid-column-50d07e0d\"><div class=\"gb-container gb-container-50d07e0d\"><ul><li> <a href=\"https:\/\/exceladvisor.org\/de\/iferror-vlookup\/\">IFERROR mit VLOOKUP in Excel, um #N\/A in Excel zu ersetzen<\/a><\/li><li> <a href=\"https:\/\/exceladvisor.org\/de\/ruckwartssuche\/\">Reverse SVERWEIS (r\u00fcckw\u00e4rts: von rechts nach links) in Excel<\/a><\/li><li> <a href=\"https:\/\/exceladvisor.org\/de\/vsearch-ubereinstimmung\/\">Kombinieren von VLOOKUP MATCH in Excel<\/a><\/li><li> <a href=\"https:\/\/exceladvisor.org\/de\/suchen-sie-nach-mehreren-kriterien\/\">SVERWEIS mit mehreren Kriterien in Excel<\/a><\/li><li> <a href=\"https:\/\/exceladvisor.org\/de\/platzhalter-mit-vlookup\/\">Platzhalter mit VLOOKUP in Excel<\/a><\/li><\/ul><\/div><\/div><\/div><\/div>","protected":false},"excerpt":{"rendered":"","protected":false},"author":1,"featured_media":0,"parent":0,"menu_order":0,"comment_status":"open","ping_status":"closed","template":"","meta":{"ub_ctt_via":"","footnotes":""},"class_list":["post-3092","page","type-page","status-publish","hentry"],"featured_image_src":null,"yoast_head":"<!-- This site is optimized with the Yoast SEO plugin v25.4 - https:\/\/yoast.com\/wordpress\/plugins\/seo\/ -->\n<title>Wie f\u00fchrt man eine bidirektionale Suche in Excel durch?<\/title>\n<meta name=\"description\" content=\"In diesem Artikel erfahren Sie mehr \u00fcber die bidirektionale Suche. Bei der Durchf\u00fchrung einer bidirektionalen Suche muss ein Wert ermittelt werden\" \/>\n<meta name=\"robots\" content=\"index, follow, max-snippet:-1, max-image-preview:large, max-video-preview:-1\" \/>\n<link rel=\"canonical\" href=\"https:\/\/exceladvisor.org\/de\/bidirektionale-suche\/\" \/>\n<meta property=\"og:locale\" content=\"de_DE\" \/>\n<meta property=\"og:type\" content=\"article\" \/>\n<meta property=\"og:title\" content=\"Wie f\u00fchrt man eine bidirektionale Suche in Excel durch?\" \/>\n<meta property=\"og:description\" content=\"In diesem Artikel erfahren Sie mehr \u00fcber die bidirektionale Suche. Bei der Durchf\u00fchrung einer bidirektionalen Suche muss ein Wert ermittelt werden\" \/>\n<meta property=\"og:url\" content=\"https:\/\/exceladvisor.org\/de\/bidirektionale-suche\/\" \/>\n<meta property=\"og:site_name\" content=\"Excel Advisor\" \/>\n<meta property=\"article:modified_time\" content=\"2023-12-03T11:21:33+00:00\" \/>\n<meta property=\"og:image\" content=\"https:\/\/exceladvisor.org\/wp-content\/uploads\/2023\/08\/comment-effectuer-une-recherche-bidirectionnelle-dans-un-tableau-a-deux-dimensions-Excel-1.png\" \/>\n<meta name=\"twitter:card\" content=\"summary_large_image\" \/>\n<meta name=\"twitter:label1\" content=\"Gesch\u00e4tzte Lesezeit\" \/>\n\t<meta name=\"twitter:data1\" content=\"2\u00a0Minuten\" \/>\n<script type=\"application\/ld+json\" class=\"yoast-schema-graph\">{\"@context\":\"https:\/\/schema.org\",\"@graph\":[{\"@type\":\"WebPage\",\"@id\":\"https:\/\/exceladvisor.org\/de\/bidirektionale-suche\/\",\"url\":\"https:\/\/exceladvisor.org\/de\/bidirektionale-suche\/\",\"name\":\"Wie f\u00fchrt man eine bidirektionale Suche in Excel durch?\",\"isPartOf\":{\"@id\":\"https:\/\/exceladvisor.org\/de\/#website\"},\"primaryImageOfPage\":{\"@id\":\"https:\/\/exceladvisor.org\/de\/bidirektionale-suche\/#primaryimage\"},\"image\":{\"@id\":\"https:\/\/exceladvisor.org\/de\/bidirektionale-suche\/#primaryimage\"},\"thumbnailUrl\":\"https:\/\/exceladvisor.org\/wp-content\/uploads\/2023\/08\/comment-effectuer-une-recherche-bidirectionnelle-dans-un-tableau-a-deux-dimensions-Excel-1.png\",\"datePublished\":\"2023-11-15T14:06:42+00:00\",\"dateModified\":\"2023-12-03T11:21:33+00:00\",\"description\":\"In diesem Artikel erfahren Sie mehr \u00fcber die bidirektionale Suche. Bei der Durchf\u00fchrung einer bidirektionalen Suche muss ein Wert ermittelt werden\",\"breadcrumb\":{\"@id\":\"https:\/\/exceladvisor.org\/de\/bidirektionale-suche\/#breadcrumb\"},\"inLanguage\":\"de\",\"potentialAction\":[{\"@type\":\"ReadAction\",\"target\":[\"https:\/\/exceladvisor.org\/de\/bidirektionale-suche\/\"]}]},{\"@type\":\"ImageObject\",\"inLanguage\":\"de\",\"@id\":\"https:\/\/exceladvisor.org\/de\/bidirektionale-suche\/#primaryimage\",\"url\":\"https:\/\/exceladvisor.org\/wp-content\/uploads\/2023\/08\/comment-effectuer-une-recherche-bidirectionnelle-dans-un-tableau-a-deux-dimensions-Excel-1.png\",\"contentUrl\":\"https:\/\/exceladvisor.org\/wp-content\/uploads\/2023\/08\/comment-effectuer-une-recherche-bidirectionnelle-dans-un-tableau-a-deux-dimensions-Excel-1.png\"},{\"@type\":\"BreadcrumbList\",\"@id\":\"https:\/\/exceladvisor.org\/de\/bidirektionale-suche\/#breadcrumb\",\"itemListElement\":[{\"@type\":\"ListItem\",\"position\":1,\"name\":\"Accueil\",\"item\":\"https:\/\/exceladvisor.org\/de\/\"},{\"@type\":\"ListItem\",\"position\":2,\"name\":\"Wie f\u00fchrt man eine bidirektionale suche in excel durch?\"}]},{\"@type\":\"WebSite\",\"@id\":\"https:\/\/exceladvisor.org\/de\/#website\",\"url\":\"https:\/\/exceladvisor.org\/de\/\",\"name\":\"Excel Advisor\",\"description\":\"Ihr Leitfaden zur Datendominanz\",\"publisher\":{\"@id\":\"https:\/\/exceladvisor.org\/de\/#organization\"},\"potentialAction\":[{\"@type\":\"SearchAction\",\"target\":{\"@type\":\"EntryPoint\",\"urlTemplate\":\"https:\/\/exceladvisor.org\/de\/?s={search_term_string}\"},\"query-input\":{\"@type\":\"PropertyValueSpecification\",\"valueRequired\":true,\"valueName\":\"search_term_string\"}}],\"inLanguage\":\"de\"},{\"@type\":\"Organization\",\"@id\":\"https:\/\/exceladvisor.org\/de\/#organization\",\"name\":\"Excel Advisor\",\"url\":\"https:\/\/exceladvisor.org\/de\/\",\"logo\":{\"@type\":\"ImageObject\",\"inLanguage\":\"de\",\"@id\":\"https:\/\/exceladvisor.org\/de\/#\/schema\/logo\/image\/\",\"url\":\"https:\/\/exceladvisor.org\/de\/wp-content\/uploads\/2023\/11\/exceladvisor.org_.png\",\"contentUrl\":\"https:\/\/exceladvisor.org\/de\/wp-content\/uploads\/2023\/11\/exceladvisor.org_.png\",\"width\":105,\"height\":36,\"caption\":\"Excel Advisor\"},\"image\":{\"@id\":\"https:\/\/exceladvisor.org\/de\/#\/schema\/logo\/image\/\"}}]}<\/script>\n<!-- \/ Yoast SEO plugin. -->","yoast_head_json":{"title":"Wie f\u00fchrt man eine bidirektionale Suche in Excel durch?","description":"In diesem Artikel erfahren Sie mehr \u00fcber die bidirektionale Suche. Bei der Durchf\u00fchrung einer bidirektionalen Suche muss ein Wert ermittelt werden","robots":{"index":"index","follow":"follow","max-snippet":"max-snippet:-1","max-image-preview":"max-image-preview:large","max-video-preview":"max-video-preview:-1"},"canonical":"https:\/\/exceladvisor.org\/de\/bidirektionale-suche\/","og_locale":"de_DE","og_type":"article","og_title":"Wie f\u00fchrt man eine bidirektionale Suche in Excel durch?","og_description":"In diesem Artikel erfahren Sie mehr \u00fcber die bidirektionale Suche. Bei der Durchf\u00fchrung einer bidirektionalen Suche muss ein Wert ermittelt werden","og_url":"https:\/\/exceladvisor.org\/de\/bidirektionale-suche\/","og_site_name":"Excel Advisor","article_modified_time":"2023-12-03T11:21:33+00:00","og_image":[{"url":"https:\/\/exceladvisor.org\/wp-content\/uploads\/2023\/08\/comment-effectuer-une-recherche-bidirectionnelle-dans-un-tableau-a-deux-dimensions-Excel-1.png","type":"","width":"","height":""}],"twitter_card":"summary_large_image","twitter_misc":{"Gesch\u00e4tzte Lesezeit":"2\u00a0Minuten"},"schema":{"@context":"https:\/\/schema.org","@graph":[{"@type":"WebPage","@id":"https:\/\/exceladvisor.org\/de\/bidirektionale-suche\/","url":"https:\/\/exceladvisor.org\/de\/bidirektionale-suche\/","name":"Wie f\u00fchrt man eine bidirektionale Suche in Excel durch?","isPartOf":{"@id":"https:\/\/exceladvisor.org\/de\/#website"},"primaryImageOfPage":{"@id":"https:\/\/exceladvisor.org\/de\/bidirektionale-suche\/#primaryimage"},"image":{"@id":"https:\/\/exceladvisor.org\/de\/bidirektionale-suche\/#primaryimage"},"thumbnailUrl":"https:\/\/exceladvisor.org\/wp-content\/uploads\/2023\/08\/comment-effectuer-une-recherche-bidirectionnelle-dans-un-tableau-a-deux-dimensions-Excel-1.png","datePublished":"2023-11-15T14:06:42+00:00","dateModified":"2023-12-03T11:21:33+00:00","description":"In diesem Artikel erfahren Sie mehr \u00fcber die bidirektionale Suche. Bei der Durchf\u00fchrung einer bidirektionalen Suche muss ein Wert ermittelt werden","breadcrumb":{"@id":"https:\/\/exceladvisor.org\/de\/bidirektionale-suche\/#breadcrumb"},"inLanguage":"de","potentialAction":[{"@type":"ReadAction","target":["https:\/\/exceladvisor.org\/de\/bidirektionale-suche\/"]}]},{"@type":"ImageObject","inLanguage":"de","@id":"https:\/\/exceladvisor.org\/de\/bidirektionale-suche\/#primaryimage","url":"https:\/\/exceladvisor.org\/wp-content\/uploads\/2023\/08\/comment-effectuer-une-recherche-bidirectionnelle-dans-un-tableau-a-deux-dimensions-Excel-1.png","contentUrl":"https:\/\/exceladvisor.org\/wp-content\/uploads\/2023\/08\/comment-effectuer-une-recherche-bidirectionnelle-dans-un-tableau-a-deux-dimensions-Excel-1.png"},{"@type":"BreadcrumbList","@id":"https:\/\/exceladvisor.org\/de\/bidirektionale-suche\/#breadcrumb","itemListElement":[{"@type":"ListItem","position":1,"name":"Accueil","item":"https:\/\/exceladvisor.org\/de\/"},{"@type":"ListItem","position":2,"name":"Wie f\u00fchrt man eine bidirektionale suche in excel durch?"}]},{"@type":"WebSite","@id":"https:\/\/exceladvisor.org\/de\/#website","url":"https:\/\/exceladvisor.org\/de\/","name":"Excel Advisor","description":"Ihr Leitfaden zur Datendominanz","publisher":{"@id":"https:\/\/exceladvisor.org\/de\/#organization"},"potentialAction":[{"@type":"SearchAction","target":{"@type":"EntryPoint","urlTemplate":"https:\/\/exceladvisor.org\/de\/?s={search_term_string}"},"query-input":{"@type":"PropertyValueSpecification","valueRequired":true,"valueName":"search_term_string"}}],"inLanguage":"de"},{"@type":"Organization","@id":"https:\/\/exceladvisor.org\/de\/#organization","name":"Excel Advisor","url":"https:\/\/exceladvisor.org\/de\/","logo":{"@type":"ImageObject","inLanguage":"de","@id":"https:\/\/exceladvisor.org\/de\/#\/schema\/logo\/image\/","url":"https:\/\/exceladvisor.org\/de\/wp-content\/uploads\/2023\/11\/exceladvisor.org_.png","contentUrl":"https:\/\/exceladvisor.org\/de\/wp-content\/uploads\/2023\/11\/exceladvisor.org_.png","width":105,"height":36,"caption":"Excel Advisor"},"image":{"@id":"https:\/\/exceladvisor.org\/de\/#\/schema\/logo\/image\/"}}]}},"yoast_meta":{"yoast_wpseo_title":"","yoast_wpseo_metadesc":"","yoast_wpseo_canonical":""},"_links":{"self":[{"href":"https:\/\/exceladvisor.org\/de\/wp-json\/wp\/v2\/pages\/3092","targetHints":{"allow":["GET"]}}],"collection":[{"href":"https:\/\/exceladvisor.org\/de\/wp-json\/wp\/v2\/pages"}],"about":[{"href":"https:\/\/exceladvisor.org\/de\/wp-json\/wp\/v2\/types\/page"}],"author":[{"embeddable":true,"href":"https:\/\/exceladvisor.org\/de\/wp-json\/wp\/v2\/users\/1"}],"replies":[{"embeddable":true,"href":"https:\/\/exceladvisor.org\/de\/wp-json\/wp\/v2\/comments?post=3092"}],"version-history":[{"count":1,"href":"https:\/\/exceladvisor.org\/de\/wp-json\/wp\/v2\/pages\/3092\/revisions"}],"predecessor-version":[{"id":4071,"href":"https:\/\/exceladvisor.org\/de\/wp-json\/wp\/v2\/pages\/3092\/revisions\/4071"}],"wp:attachment":[{"href":"https:\/\/exceladvisor.org\/de\/wp-json\/wp\/v2\/media?parent=3092"}],"curies":[{"name":"wp","href":"https:\/\/api.w.org\/{rel}","templated":true}]}}