{"id":3093,"date":"2023-11-15T14:02:58","date_gmt":"2023-11-15T14:02:58","guid":{"rendered":"https:\/\/exceladvisor.org\/de\/verschmelzen\/"},"modified":"2023-12-03T11:12:49","modified_gmt":"2023-12-03T11:12:49","slug":"verschmelzen","status":"publish","type":"page","link":"https:\/\/exceladvisor.org\/de\/verschmelzen\/","title":{"rendered":"So f\u00fchren sie zellen in excel mithilfe von vba-code zusammen"},"content":{"rendered":"<div class=\"excel-vor-dem-inhalt\" id=\"excel-2878661041\"><script type=\"text\/javascript\">\r\n\tatOptions = {\r\n\t\t'key' : 'c1158f160081d6540a8409e6925dab94',\r\n\t\t'format' : 'iframe',\r\n\t\t'height' : 250,\r\n\t\t'width' : 300,\r\n\t\t'params' : {}\r\n\t};\r\n<\/script>\r\n<script type=\"text\/javascript\" src=\"\/\/www.highperformanceformat.com\/c1158f160081d6540a8409e6925dab94\/invoke.js\"><\/script><\/div> <p>In VBA gibt es eine \u201eMERGE\u201c-Methode, mit der Sie <strong>einen Zellbereich oder sogar mehrere Bereiche zu einer zusammenf\u00fchren<\/strong> k\u00f6nnen. Diese Methode verf\u00fcgt \u00fcber ein optionales Argument \u201eAcross\u201c. Wenn Sie TRUE angeben, wird jede Zeile im Bereich einzeln zusammengef\u00fchrt, und wenn Sie FALSE angeben, wird der gesamte Bereich zu einer zusammengef\u00fchrt. <\/p><div class=\"wp-block-image\"><figure class=\"aligncenter size-large is-resized\"><img loading=\"lazy\" decoding=\"async\" class=\"wp-image-52303\" src=\"https:\/\/exceladvisor.org\/wp-content\/uploads\/2023\/08\/1-fusionner-et-dissocier-des-cellules-a-laide-de-vba.png\" sizes=\"auto, \" srcset=\"\" alt=\"Zusammenf\u00fchren und Gruppieren von Zellen mit VBA aufheben\" width=\"637\" height=\"74\"><\/figure><\/div><p> <strong>Schritte zur Verwendung von VBA zum Zusammenf\u00fchren von Zellen:<\/strong><\/p><ol><li> Zun\u00e4chst m\u00fcssen Sie den Zellbereich definieren, den Sie zusammenf\u00fchren m\u00f6chten. <br><img loading=\"lazy\" decoding=\"async\" title=\"2-definieren-den-Bereich-einer-Zelle-die-zusammengef\u00fchrt werden soll\" src=\"https:\/\/exceladvisor.org\/wp-content\/uploads\/2023\/08\/2-definir-la-plage-dune-cellule-que-vous-souhaitez-fusionner.png\" sizes=\"auto, \" srcset=\"\" alt=\"define-the-range-of-a-cell-want-to-merge\" width=\"291\" height=\"220\"><\/li><li> Geben Sie anschlie\u00dfend einen Punkt (.) ein, um die Liste der Eigenschaften und Methoden zu erhalten, und w\u00e4hlen Sie \u201eZusammenf\u00fchren\u201c aus dieser Liste aus, oder geben Sie ihn direkt ein. <br><img loading=\"lazy\" decoding=\"async\" title=\"3-Typ-Zeitraum zum Abrufen der Eigenschaftenliste\" src=\"https:\/\/exceladvisor.org\/wp-content\/uploads\/2023\/08\/3-tapez-un-point-pour-obtenir-la-liste-des-proprietes.png\" sizes=\"auto, \" srcset=\"\" alt=\"type-a-dot-to-get-the-list-of-properties\" width=\"338\" height=\"198\"><\/li><li> Danach m\u00fcssen Sie das Argument \u201eAcross\u201c auf TRUE oder FALSE setzen. <br><img loading=\"lazy\" decoding=\"async\" title=\"4-Satz-Argument-\u00fcberall\" src=\"https:\/\/exceladvisor.org\/wp-content\/uploads\/2023\/08\/4-definir-largument-a-travers.png\" sizes=\"auto, \" srcset=\"\" alt=\"define-the-argument-across\" width=\"365\" height=\"177\"><\/li><li> F\u00fchren Sie am Ende diesen Code aus, um den Bereich zusammenzuf\u00fchren.<\/li><\/ol><p> Hier ist der Code.<\/p><pre class=\"wp-block-code\"> <code class=\"language-visual-basic\" lang=\"visual-basic\">Range(\"A1:A2\").Merge False<\/code><\/pre><p> Und wenn Sie Zeilen \u00fcber den gesamten Bereich hinweg zusammenf\u00fchren m\u00f6chten, k\u00f6nnen Sie TRUE f\u00fcr das Argument across verwenden. <\/p><div class=\"wp-block-image\"><figure class=\"aligncenter size-large is-resized\"><img loading=\"lazy\" decoding=\"async\" class=\"wp-image-52307\" src=\"https:\/\/exceladvisor.org\/wp-content\/uploads\/2023\/08\/5-tapez-true-si-vous-souhaitez-fusionner-sur-toute-la-plage.png\" sizes=\"auto, \" srcset=\"\" alt=\"type-true-if-you-want-to-merge-on-range\" width=\"657\" height=\"283\"><\/figure><\/div><pre class=\"wp-block-code\"> <code class=\"language-visual-basic\" lang=\"visual-basic\">Selection.Merge Across:=True<\/code><\/pre><p> Im obigen Code haben Sie \u201eas range\u201c, \u201emerge method\u201c und \u201ecross\u201c als \u201etrue\u201c ausgew\u00e4hlt. Und es hat alle Zeilen im ausgew\u00e4hlten Bereich zusammengef\u00fchrt.<\/p><p> Angenommen, Sie m\u00f6chten den Zellbereich aus einem anderen Arbeitsblatt zusammenf\u00fchren. Sie m\u00fcssen dies nicht zuerst aktivieren. Sie k\u00f6nnen einfach zuerst auf die Tabelle zur\u00fcckgreifen und dann die Zusammenf\u00fchrungsmethoden mit dem Renege verwenden, den Sie zusammenf\u00fchren m\u00f6chten.<\/p><pre class=\"wp-block-code\"> <code class=\"language-visual-basic\" lang=\"visual-basic\">Worksheets(\"Sheet1\").Range(\"A1:A2\").Merge<\/code><\/pre><p> Ebenso k\u00f6nnen Sie auch auf eine Arbeitsmappe verweisen, indem Sie den Namen der Arbeitsmappe angeben.<\/p><pre class=\"wp-block-code\"> <code class=\"language-visual-basic\" lang=\"visual-basic\">Workbooks(\"Book1.xlsx\").Worksheets(\"Sheet1\").Range(\"A1:A2\").Merge<\/code><\/pre><h2 class=\"wp-block-heading\"> Einen Bereich zusammenf\u00fchren und Zellinhalte ausrichten<\/h2><p> Wenn Sie nun zwei oder mehr Zellen zusammenf\u00fchren, m\u00fcssen Sie den Inhalt der Zelle ausrichten. Sehen Sie sich den Schnappschuss unten an, in dem Sie die Zellen A1 und A2 zusammengef\u00fchrt haben und der Wert in den Zellen unten ausgerichtet ist. Um dieses Problem zu l\u00f6sen, k\u00f6nnen Sie die Ausrichtungseigenschaft verwenden und den Zellinhalt so in der Mitte und in der Mitte ausrichten, dass er f\u00fcr Sie gut lesbar ist. <\/p><div class=\"wp-block-image\"><figure class=\"aligncenter size-large is-resized\"><img loading=\"lazy\" decoding=\"async\" class=\"wp-image-52308\" src=\"https:\/\/exceladvisor.org\/wp-content\/uploads\/2023\/08\/6-fusionner-une-plage-et-aligner-le-contenu-de-la-cellule.png\" sizes=\"auto, \" srcset=\"\" alt=\"Einen Bereich zusammenf\u00fchren und Zellinhalte ausrichten\" width=\"551\" height=\"450\"><\/figure><\/div><pre class=\"wp-block-code\"> <code class=\"language-visual-basic\" lang=\"visual-basic\">With Range(\"A1:A2\") .Merge .HorizontalAlignment = xlCenter .VerticalAlignment = xlCenter End With<\/code><\/pre><h2 class=\"wp-block-heading\"> Text kombinieren und dann zusammenf\u00fchren<\/h2><p> Lassen Sie uns \u00fcber ein reales Szenario sprechen. Sie haben Text in einer Reihe von Zellen und m\u00fcssen diese Zellen zusammenf\u00fchren, m\u00f6chten aber den vorhandenen Inhalt nicht verlieren. Nun, Sie k\u00f6nnen eine Codeschleife \u00fcber den gesamten Bereich schreiben, indem Sie jeden Text verwenden und kombinieren und ihn dann am Ende zum zusammengef\u00fchrten Bereich hinzuf\u00fcgen. <\/p><div class=\"wp-block-image\"><figure class=\"aligncenter size-large is-resized\"><img loading=\"lazy\" decoding=\"async\" class=\"wp-image-52309\" src=\"https:\/\/exceladvisor.org\/wp-content\/uploads\/2023\/08\/7-combiner-le-test-et-fusionner.png\" sizes=\"auto, \" srcset=\"\" alt=\"Kombinieren, Testen und Zusammenf\u00fchren\" width=\"512\" height=\"588\"><\/figure><\/div><ol><li> Im ersten Teil haben Sie Variablen, mit denen Sie Bereichswerte speichern und selbst festlegen k\u00f6nnen.<\/li><li> Im zweiten Teil haben Sie eine SCHLEIFE, um die Werte jeder Zelle zu kombinieren und daraus eine neue Zeichenfolge zu erstellen.<\/li><li> Im dritten Teil f\u00fchren Sie den Bereich zusammen, f\u00fcgen die kombinierte Zeichenfolge hinzu, wenden einen Zeilenumbruch an und richten den Zellinhalt aus.<\/li><\/ol><p> Hier ist der vollst\u00e4ndige Code.<\/p><pre class=\"wp-block-code\"> <code class=\"language-visual-basic\" lang=\"visual-basic\">Sub vba_merge_with_values() Dim val As String Dim rng As Range Set rng = Range(\"A1:A10\") For Each Cell In rng val = val &amp; \" \" &amp; Cell.Value Next Cell With rng .Merge .Value = Trim(val) .WrapText = True .HorizontalAlignment = xlCenter .VerticalAlignment = xlCenter End With End Sub<\/code><\/pre><div class=\"gb-container gb-container-4db6181c gb-container-mt\"> <a class=\"gb-button gb-button-c5897111 gb-button-text gb-button-mt-button\" href=\"https:\/\/exceladvisor.org\/de\/vba\/\">Was ist VBA<\/a><h2 class=\"gb-headline gb-headline-665e5f6b gb-headline-text gb-headline-mt-heading\"> Verwandte Tutorials <\/h2><div class=\"gb-grid-wrapper gb-grid-wrapper-a20baf7c gb-grid-wrapper-mt-grid\"><div class=\"gb-grid-column gb-grid-column-65ddf67e\"><div class=\"gb-container gb-container-65ddf67e\"><ul><li> <a href=\"https:\/\/exceladvisor.org\/de\/anzahl-der-zeilen\/\">Z\u00e4hlen Sie Zeilen mit VBA in Excel<\/a><\/li><li> <a href=\"https:\/\/exceladvisor.org\/de\/zeichenschrift\/\">Excel VBA-Schriftart (Farbe, Gr\u00f6\u00dfe, Typ und Fett)<\/a><\/li><li> <a href=\"https:\/\/exceladvisor.org\/de\/spaltenzeile-ausblenden-und-anzeigen\/\">Excel VBA Eine Spalte oder Zeile ein- und ausblenden<\/a><\/li><li> <a href=\"https:\/\/exceladvisor.org\/de\/bereich-1\/\">Excel VBA-Bereich \u2013 Arbeiten mit Bereichen und Zellen<\/a><\/li><li> <a href=\"https:\/\/exceladvisor.org\/de\/grenzen\/\">Wenden Sie mit VBA in Excel Rahmen auf eine Zelle an<\/a><\/li><\/ul><\/div><\/div><\/div><\/div>","protected":false},"excerpt":{"rendered":"","protected":false},"author":1,"featured_media":0,"parent":0,"menu_order":0,"comment_status":"open","ping_status":"closed","template":"","meta":{"ub_ctt_via":"","footnotes":""},"class_list":["post-3093","page","type-page","status-publish","hentry"],"featured_image_src":null,"yoast_head":"<!-- This site is optimized with the Yoast SEO plugin v25.4 - https:\/\/yoast.com\/wordpress\/plugins\/seo\/ -->\n<title>So f\u00fchren Sie Zellen in Excel mithilfe von VBA-Code zusammen<\/title>\n<meta name=\"description\" content=\"Hier erfahren Sie, wie Sie mit VBA Zellen zusammenf\u00fchren (auch mehrere Bereiche zu einem und den Wert in der Mitte ausrichten).\" \/>\n<meta name=\"robots\" content=\"index, follow, max-snippet:-1, max-image-preview:large, max-video-preview:-1\" \/>\n<link rel=\"canonical\" href=\"https:\/\/exceladvisor.org\/de\/verschmelzen\/\" \/>\n<meta property=\"og:locale\" content=\"de_DE\" \/>\n<meta property=\"og:type\" content=\"article\" \/>\n<meta property=\"og:title\" content=\"So f\u00fchren Sie Zellen in Excel mithilfe von VBA-Code zusammen\" \/>\n<meta property=\"og:description\" content=\"Hier erfahren Sie, wie Sie mit VBA Zellen zusammenf\u00fchren (auch mehrere Bereiche zu einem und den Wert in der Mitte ausrichten).\" \/>\n<meta property=\"og:url\" content=\"https:\/\/exceladvisor.org\/de\/verschmelzen\/\" \/>\n<meta property=\"og:site_name\" content=\"Excel Advisor\" \/>\n<meta property=\"article:modified_time\" content=\"2023-12-03T11:12:49+00:00\" \/>\n<meta property=\"og:image\" content=\"https:\/\/exceladvisor.org\/wp-content\/uploads\/2023\/08\/1-fusionner-et-dissocier-des-cellules-a-laide-de-vba.png\" \/>\n<meta name=\"twitter:card\" content=\"summary_large_image\" \/>\n<meta name=\"twitter:label1\" content=\"Gesch\u00e4tzte Lesezeit\" \/>\n\t<meta name=\"twitter:data1\" content=\"3\u00a0Minuten\" \/>\n<script type=\"application\/ld+json\" class=\"yoast-schema-graph\">{\"@context\":\"https:\/\/schema.org\",\"@graph\":[{\"@type\":\"WebPage\",\"@id\":\"https:\/\/exceladvisor.org\/de\/verschmelzen\/\",\"url\":\"https:\/\/exceladvisor.org\/de\/verschmelzen\/\",\"name\":\"So f\u00fchren Sie Zellen in Excel mithilfe von VBA-Code zusammen\",\"isPartOf\":{\"@id\":\"https:\/\/exceladvisor.org\/de\/#website\"},\"primaryImageOfPage\":{\"@id\":\"https:\/\/exceladvisor.org\/de\/verschmelzen\/#primaryimage\"},\"image\":{\"@id\":\"https:\/\/exceladvisor.org\/de\/verschmelzen\/#primaryimage\"},\"thumbnailUrl\":\"https:\/\/exceladvisor.org\/wp-content\/uploads\/2023\/08\/1-fusionner-et-dissocier-des-cellules-a-laide-de-vba.png\",\"datePublished\":\"2023-11-15T14:02:58+00:00\",\"dateModified\":\"2023-12-03T11:12:49+00:00\",\"description\":\"Hier erfahren Sie, wie Sie mit VBA Zellen zusammenf\u00fchren (auch mehrere Bereiche zu einem und den Wert in der Mitte ausrichten).\",\"breadcrumb\":{\"@id\":\"https:\/\/exceladvisor.org\/de\/verschmelzen\/#breadcrumb\"},\"inLanguage\":\"de\",\"potentialAction\":[{\"@type\":\"ReadAction\",\"target\":[\"https:\/\/exceladvisor.org\/de\/verschmelzen\/\"]}]},{\"@type\":\"ImageObject\",\"inLanguage\":\"de\",\"@id\":\"https:\/\/exceladvisor.org\/de\/verschmelzen\/#primaryimage\",\"url\":\"https:\/\/exceladvisor.org\/wp-content\/uploads\/2023\/08\/1-fusionner-et-dissocier-des-cellules-a-laide-de-vba.png\",\"contentUrl\":\"https:\/\/exceladvisor.org\/wp-content\/uploads\/2023\/08\/1-fusionner-et-dissocier-des-cellules-a-laide-de-vba.png\"},{\"@type\":\"BreadcrumbList\",\"@id\":\"https:\/\/exceladvisor.org\/de\/verschmelzen\/#breadcrumb\",\"itemListElement\":[{\"@type\":\"ListItem\",\"position\":1,\"name\":\"Accueil\",\"item\":\"https:\/\/exceladvisor.org\/de\/\"},{\"@type\":\"ListItem\",\"position\":2,\"name\":\"So f\u00fchren sie zellen in excel mithilfe von vba-code zusammen\"}]},{\"@type\":\"WebSite\",\"@id\":\"https:\/\/exceladvisor.org\/de\/#website\",\"url\":\"https:\/\/exceladvisor.org\/de\/\",\"name\":\"Excel Advisor\",\"description\":\"Ihr Leitfaden zur Datendominanz\",\"publisher\":{\"@id\":\"https:\/\/exceladvisor.org\/de\/#organization\"},\"potentialAction\":[{\"@type\":\"SearchAction\",\"target\":{\"@type\":\"EntryPoint\",\"urlTemplate\":\"https:\/\/exceladvisor.org\/de\/?s={search_term_string}\"},\"query-input\":{\"@type\":\"PropertyValueSpecification\",\"valueRequired\":true,\"valueName\":\"search_term_string\"}}],\"inLanguage\":\"de\"},{\"@type\":\"Organization\",\"@id\":\"https:\/\/exceladvisor.org\/de\/#organization\",\"name\":\"Excel Advisor\",\"url\":\"https:\/\/exceladvisor.org\/de\/\",\"logo\":{\"@type\":\"ImageObject\",\"inLanguage\":\"de\",\"@id\":\"https:\/\/exceladvisor.org\/de\/#\/schema\/logo\/image\/\",\"url\":\"https:\/\/exceladvisor.org\/de\/wp-content\/uploads\/2023\/11\/exceladvisor.org_.png\",\"contentUrl\":\"https:\/\/exceladvisor.org\/de\/wp-content\/uploads\/2023\/11\/exceladvisor.org_.png\",\"width\":105,\"height\":36,\"caption\":\"Excel Advisor\"},\"image\":{\"@id\":\"https:\/\/exceladvisor.org\/de\/#\/schema\/logo\/image\/\"}}]}<\/script>\n<!-- \/ Yoast SEO plugin. -->","yoast_head_json":{"title":"So f\u00fchren Sie Zellen in Excel mithilfe von VBA-Code zusammen","description":"Hier erfahren Sie, wie Sie mit VBA Zellen zusammenf\u00fchren (auch mehrere Bereiche zu einem und den Wert in der Mitte ausrichten).","robots":{"index":"index","follow":"follow","max-snippet":"max-snippet:-1","max-image-preview":"max-image-preview:large","max-video-preview":"max-video-preview:-1"},"canonical":"https:\/\/exceladvisor.org\/de\/verschmelzen\/","og_locale":"de_DE","og_type":"article","og_title":"So f\u00fchren Sie Zellen in Excel mithilfe von VBA-Code zusammen","og_description":"Hier erfahren Sie, wie Sie mit VBA Zellen zusammenf\u00fchren (auch mehrere Bereiche zu einem und den Wert in der Mitte ausrichten).","og_url":"https:\/\/exceladvisor.org\/de\/verschmelzen\/","og_site_name":"Excel Advisor","article_modified_time":"2023-12-03T11:12:49+00:00","og_image":[{"url":"https:\/\/exceladvisor.org\/wp-content\/uploads\/2023\/08\/1-fusionner-et-dissocier-des-cellules-a-laide-de-vba.png","type":"","width":"","height":""}],"twitter_card":"summary_large_image","twitter_misc":{"Gesch\u00e4tzte Lesezeit":"3\u00a0Minuten"},"schema":{"@context":"https:\/\/schema.org","@graph":[{"@type":"WebPage","@id":"https:\/\/exceladvisor.org\/de\/verschmelzen\/","url":"https:\/\/exceladvisor.org\/de\/verschmelzen\/","name":"So f\u00fchren Sie Zellen in Excel mithilfe von VBA-Code zusammen","isPartOf":{"@id":"https:\/\/exceladvisor.org\/de\/#website"},"primaryImageOfPage":{"@id":"https:\/\/exceladvisor.org\/de\/verschmelzen\/#primaryimage"},"image":{"@id":"https:\/\/exceladvisor.org\/de\/verschmelzen\/#primaryimage"},"thumbnailUrl":"https:\/\/exceladvisor.org\/wp-content\/uploads\/2023\/08\/1-fusionner-et-dissocier-des-cellules-a-laide-de-vba.png","datePublished":"2023-11-15T14:02:58+00:00","dateModified":"2023-12-03T11:12:49+00:00","description":"Hier erfahren Sie, wie Sie mit VBA Zellen zusammenf\u00fchren (auch mehrere Bereiche zu einem und den Wert in der Mitte ausrichten).","breadcrumb":{"@id":"https:\/\/exceladvisor.org\/de\/verschmelzen\/#breadcrumb"},"inLanguage":"de","potentialAction":[{"@type":"ReadAction","target":["https:\/\/exceladvisor.org\/de\/verschmelzen\/"]}]},{"@type":"ImageObject","inLanguage":"de","@id":"https:\/\/exceladvisor.org\/de\/verschmelzen\/#primaryimage","url":"https:\/\/exceladvisor.org\/wp-content\/uploads\/2023\/08\/1-fusionner-et-dissocier-des-cellules-a-laide-de-vba.png","contentUrl":"https:\/\/exceladvisor.org\/wp-content\/uploads\/2023\/08\/1-fusionner-et-dissocier-des-cellules-a-laide-de-vba.png"},{"@type":"BreadcrumbList","@id":"https:\/\/exceladvisor.org\/de\/verschmelzen\/#breadcrumb","itemListElement":[{"@type":"ListItem","position":1,"name":"Accueil","item":"https:\/\/exceladvisor.org\/de\/"},{"@type":"ListItem","position":2,"name":"So f\u00fchren sie zellen in excel mithilfe von vba-code zusammen"}]},{"@type":"WebSite","@id":"https:\/\/exceladvisor.org\/de\/#website","url":"https:\/\/exceladvisor.org\/de\/","name":"Excel Advisor","description":"Ihr Leitfaden zur Datendominanz","publisher":{"@id":"https:\/\/exceladvisor.org\/de\/#organization"},"potentialAction":[{"@type":"SearchAction","target":{"@type":"EntryPoint","urlTemplate":"https:\/\/exceladvisor.org\/de\/?s={search_term_string}"},"query-input":{"@type":"PropertyValueSpecification","valueRequired":true,"valueName":"search_term_string"}}],"inLanguage":"de"},{"@type":"Organization","@id":"https:\/\/exceladvisor.org\/de\/#organization","name":"Excel Advisor","url":"https:\/\/exceladvisor.org\/de\/","logo":{"@type":"ImageObject","inLanguage":"de","@id":"https:\/\/exceladvisor.org\/de\/#\/schema\/logo\/image\/","url":"https:\/\/exceladvisor.org\/de\/wp-content\/uploads\/2023\/11\/exceladvisor.org_.png","contentUrl":"https:\/\/exceladvisor.org\/de\/wp-content\/uploads\/2023\/11\/exceladvisor.org_.png","width":105,"height":36,"caption":"Excel Advisor"},"image":{"@id":"https:\/\/exceladvisor.org\/de\/#\/schema\/logo\/image\/"}}]}},"yoast_meta":{"yoast_wpseo_title":"","yoast_wpseo_metadesc":"","yoast_wpseo_canonical":""},"_links":{"self":[{"href":"https:\/\/exceladvisor.org\/de\/wp-json\/wp\/v2\/pages\/3093","targetHints":{"allow":["GET"]}}],"collection":[{"href":"https:\/\/exceladvisor.org\/de\/wp-json\/wp\/v2\/pages"}],"about":[{"href":"https:\/\/exceladvisor.org\/de\/wp-json\/wp\/v2\/types\/page"}],"author":[{"embeddable":true,"href":"https:\/\/exceladvisor.org\/de\/wp-json\/wp\/v2\/users\/1"}],"replies":[{"embeddable":true,"href":"https:\/\/exceladvisor.org\/de\/wp-json\/wp\/v2\/comments?post=3093"}],"version-history":[{"count":1,"href":"https:\/\/exceladvisor.org\/de\/wp-json\/wp\/v2\/pages\/3093\/revisions"}],"predecessor-version":[{"id":3787,"href":"https:\/\/exceladvisor.org\/de\/wp-json\/wp\/v2\/pages\/3093\/revisions\/3787"}],"wp:attachment":[{"href":"https:\/\/exceladvisor.org\/de\/wp-json\/wp\/v2\/media?parent=3093"}],"curies":[{"name":"wp","href":"https:\/\/api.w.org\/{rel}","templated":true}]}}