{"id":3094,"date":"2023-11-15T13:53:32","date_gmt":"2023-11-15T13:53:32","guid":{"rendered":"https:\/\/exceladvisor.org\/de\/generiere-zufallige-buchstaben\/"},"modified":"2023-12-03T11:19:59","modified_gmt":"2023-12-03T11:19:59","slug":"generiere-zufallige-buchstaben","status":"publish","type":"page","link":"https:\/\/exceladvisor.org\/de\/generiere-zufallige-buchstaben\/","title":{"rendered":"Wie erstelle ich zuf\u00e4llige buchstaben in excel?"},"content":{"rendered":"<div class=\"excel-vor-dem-inhalt\" id=\"excel-1599478923\"><script type=\"text\/javascript\">\r\n\tatOptions = {\r\n\t\t'key' : 'c1158f160081d6540a8409e6925dab94',\r\n\t\t'format' : 'iframe',\r\n\t\t'height' : 250,\r\n\t\t'width' : 300,\r\n\t\t'params' : {}\r\n\t};\r\n<\/script>\r\n<script type=\"text\/javascript\" src=\"\/\/www.highperformanceformat.com\/c1158f160081d6540a8409e6925dab94\/invoke.js\"><\/script><\/div> <p>Waren Sie schon einmal mit der Situation konfrontiert, dass Sie zuf\u00e4llige Buchstaben generieren mussten? Nun, manchmal muss man zuf\u00e4llige Alphabete generieren.<\/p><p> RECHTS? In Excel gibt es Funktionen wie RAND und RANDBETWEEN zum Generieren von Zufallszahlen, wir haben jedoch keine spezielle Funktion zum Generieren von Buchstaben.<\/p><p> Heute m\u00f6chte ich Ihnen einen erstaunlichen Formeltrick vorstellen, mit dem Sie in Excel zuf\u00e4llige Buchstaben generieren k\u00f6nnen. Und das Beste daran ist, dass es einfach und benutzerfreundlich ist.<\/p><h2 id=\"so-what-s-the-formula-to-generate-random-letters-in-excel\" class=\"wp-block-heading\"> Wie lautet also die Formel zum Generieren zuf\u00e4lliger Buchstaben in Excel?<\/h2><p> Wie gesagt, es gibt in Excel keine direkte Funktion, die Ihnen dabei helfen kann, zuf\u00e4llige Buchstaben\/Alphabete zu erhalten. Sie k\u00f6nnen jedoch eine <strong><span style=\"color: #000000;\">Kombination aus RANDBETWEEN und CHAR<\/span><\/strong> verwenden, um eine Formel zu erstellen, um zuf\u00e4llige Buchstaben zu erhalten.<\/p><h2 id=\"if-you-want-to-generate-capital-random-letters\" class=\"wp-block-heading\"> Wenn Sie zuf\u00e4llige Gro\u00dfbuchstaben generieren m\u00f6chten<\/h2><p> In dieser Formel m\u00fcssen Sie 65 und 90 verwenden, um den zuf\u00e4lligen Buchstaben gro\u00df zu schreiben. <\/p><pre class=\"wp-block-code\"> <code class=\"language-excel-formula\" lang=\"excel-formula\">=CHAR(RANDBETWEEN(65,90))<\/code><\/pre><div class=\"wp-block-image\"><figure class=\"aligncenter\"><img decoding=\"async\" src=\"https:\/\/exceladvisor.org\/wp-content\/uploads\/2023\/08\/generer-des-lettres-aleatoires-avec-des-majuscules-1.gif\" sizes=\"\" srcset=\"\" alt=\"Generieren Sie zuf\u00e4llige Buchstaben mit Gro\u00dfbuchstaben\"><\/figure><\/div><h2 id=\"or-if-you-want-to-generate-small-random-letters\" class=\"wp-block-heading\"> Oder wenn Sie kleine Zufallsbuchstaben generieren m\u00f6chten:<\/h2><p> In dieser Formel m\u00fcssen Sie 97 und 122 verwenden, um den zuf\u00e4lligen Buchstaben gro\u00df zu schreiben. <\/p><pre class=\"wp-block-code\"> <code class=\"language-excel-formula\" lang=\"excel-formula\">=CHAR(RANDBETWEEN(97,122))<\/code><\/pre><div class=\"wp-block-image\"><figure class=\"aligncenter\"><img decoding=\"async\" src=\"https:\/\/exceladvisor.org\/wp-content\/uploads\/2023\/08\/generer-des-lettres-aleatoires-avec-des-petites-lettres-1.gif\" sizes=\"\" srcset=\"\" alt=\"Generieren Sie zuf\u00e4llige Buchstaben mit Kleinbuchstaben\"><\/figure><\/div><h2 id=\"how-this-formula-works\" class=\"wp-block-heading\"> Wie funktioniert diese Formel?<\/h2><p> Lassen Sie mich Ihnen nun erkl\u00e4ren, wie diese Formel diese Buchstaben generiert. <strong><span style=\"color: #000000;\">Zun\u00e4chst m\u00fcssen Sie verstehen,<\/span><\/strong> dass diese Formel in zwei verschiedenen Teilen funktioniert. <\/p><div class=\"wp-block-image\"><figure class=\"aligncenter\"><img decoding=\"async\" src=\"https:\/\/exceladvisor.org\/wp-content\/uploads\/2023\/08\/comment-cette-formule-genere-des-lettres-aleatoires-1.png\" sizes=\"\" srcset=\"\" alt=\"wie diese Formel zuf\u00e4llige Buchstaben generiert\"><\/figure><\/div><p> <span style=\"color: #000000;\">Im <strong>ersten Teil<\/strong> haben Sie die Funktion RANDBETWEEN, die Zufallszahlen f\u00fcr Sie generieren kann.<\/span> <span style=\"color: #000000;\">Sie m\u00fcssen lediglich die niedrigste und die h\u00f6chste Zahl angeben und es wird eine Zufallszahl aus diesem Bereich zur\u00fcckgegeben.<\/span> <span style=\"color: #000000;\">Kurz gesagt, Sie erhalten als Ergebnis im Bereich eine Zufallszahl.<\/span> <\/p><div class=\"wp-block-image\"><figure class=\"aligncenter\"><img decoding=\"async\" src=\"https:\/\/exceladvisor.org\/wp-content\/uploads\/2023\/08\/generer-des-lettres-aleatoires-modifier-randbetween-1.gif\" sizes=\"\" srcset=\"\" alt=\"Generiere zuf\u00e4llige Buchstaben und bearbeite Randbetween\"><\/figure><\/div><p> Im <strong><span style=\"color: #000000;\">zweiten Teil<\/span><\/strong> haben Sie nun die CHAR-Funktion, die ein bestimmtes Zeichen zur\u00fcckgeben kann, wenn Sie darin eine Zahl angeben. Das bedeutet, dass es f\u00fcr jedes Zeichen eine bestimmte Zahl gibt, die Sie in die CHAR-Funktion einf\u00fcgen m\u00fcssen. Und die Zahlen 65 bis 90 stehen f\u00fcr Gro\u00dfbuchstaben und 97 bis 122 f\u00fcr Kleinbuchstaben. <\/p><div class=\"wp-block-image\"><figure class=\"aligncenter\"><img decoding=\"async\" src=\"https:\/\/exceladvisor.org\/wp-content\/uploads\/2023\/08\/generer-des-lettres-aleatoires-modifier-le-caractere-1.gif\" sizes=\"\" srcset=\"\" alt=\"Erzeuge zuf\u00e4llige Buchstaben und \u00e4ndere den Charakter\"><\/figure><\/div><p> Wenn Sie in CHAR 65 eingeben, wird \u201eA\u201c zur\u00fcckgegeben, bei 97 wird \u201ea\u201c zur\u00fcckgegeben.<\/p><h2 id=\"the-bottom-line-is\" class=\"wp-block-heading\"> <strong>Das Endergebnis ist:<\/strong><\/h2><ul><li> Wenn Sie einen der oben genannten Bereiche angeben, gibt RANDBETWEEN eine Zufallszahl zur\u00fcck.<\/li><li> Und danach gibt CHAR ein Zeichen f\u00fcr diese Zahl zur\u00fcck. <\/li><\/ul><div class=\"wp-block-image\"><figure class=\"aligncenter\"><img decoding=\"async\" src=\"https:\/\/exceladvisor.org\/wp-content\/uploads\/2023\/08\/generer-des-lettres-aleatoires-deroulantes-1.gif\" sizes=\"\" srcset=\"\" alt=\"Generieren Sie zuf\u00e4llige Dropdown-Buchstaben\"><\/figure><\/div><p> Das ist die ganze Geschichte.<\/p><h2 id=\"in-the-end\" class=\"wp-block-heading\"> Am Ende,<\/h2><p> Die Formel, die Sie oben verwendet haben, ist zweifellos einfach und leicht anzuwenden. Die beste praktische Anwendung dieser Methode, die ich gefunden habe, besteht darin, dass Sie zuf\u00e4llige Gruppen f\u00fcr Teilnehmer basierend auf dem Alphabet erstellen k\u00f6nnen.<\/p><p> <em><strong>Haben Sie eine andere Methode zum Erstellen zuf\u00e4lliger Buchstaben?<\/strong><\/em><\/p><p> Teilen Sie mir unbedingt Ihre Meinung im Kommentarbereich mit. Ich w\u00fcrde gerne von Ihnen h\u00f6ren und vergessen Sie bitte nicht, diesen Beitrag mit Ihren Freunden zu teilen. Ich bin mir sicher, dass sie das tun werden. Wird sch\u00e4tzen. <\/p><div class=\"gb-container gb-container-bafb25cc gb-container-download-2\"><div class=\"gb-grid-wrapper gb-grid-wrapper-91201309\"><div class=\"gb-grid-column gb-grid-column-15a917ef\"><div class=\"gb-container gb-container-15a917ef\"><h2 class=\"gb-headline gb-headline-f2deb261 gb-headline-text gb-headline-download-2\"> Holen Sie sich die Excel-Datei <\/h2><\/div><\/div><div class=\"gb-grid-column gb-grid-column-18357188\"><div class=\"gb-container gb-container-18357188\"><div class=\"gb-container gb-container-76cbe15e\"> <a class=\"gb-button gb-button-cb63d00a gb-button-text gb-button-download-2\" href=\"https:\/\/exceladvisor.org\/wp-content\/uploads\/2023\/11\/lettres-aleatoires.xlsx\" rel=\"nofollow\">Herunterladen<\/a><\/div><\/div><\/div><\/div><\/div><div class=\"gb-container gb-container-0df56012 gb-container-mt\"> <a class=\"gb-button gb-button-f9f432f4 gb-button-text gb-button-mt-button\" href=\"https:\/\/exceladvisor.org\/de\/formeln\/\">Liste der Excel-Formeln<\/a><h2 class=\"gb-headline gb-headline-233444e8 gb-headline-text gb-headline-mt-heading\"> Verwandte Formeln <\/h2><div class=\"gb-grid-wrapper gb-grid-wrapper-a16fa65c gb-grid-wrapper-mt-grid\"><div class=\"gb-grid-column gb-grid-column-50d07e0d\"><div class=\"gb-container gb-container-50d07e0d\"><ul><li> <a href=\"https:\/\/exceladvisor.org\/de\/horizontaler-filter\/\">Erstellen Sie in Excel einen horizontalen Filter<\/a><\/li><li> <a href=\"https:\/\/exceladvisor.org\/de\/bewertung-in-sternen\/\">Erstellen Sie eine Sternebewertungsvorlage in Excel<\/a><\/li><li> <a href=\"https:\/\/exceladvisor.org\/de\/dateinamen-abrufen\/\">Dateinamen in Excel abrufen<\/a><\/li><li> <a href=\"https:\/\/exceladvisor.org\/de\/holen-sie-sich-den-blattnamen\/\">Blattnamen in Excel abrufen<\/a><\/li><li> <a href=\"https:\/\/exceladvisor.org\/de\/randomisieren-sie-die-liste\/\">Randomisieren Sie eine Liste (zuf\u00e4llige Sortierung) in Excel<\/a> <\/li><\/ul><\/div><\/div><div class=\"gb-grid-column gb-grid-column-5b4a0cf9\"><div class=\"gb-container gb-container-5b4a0cf9\"><\/div><\/div><\/div><\/div>","protected":false},"excerpt":{"rendered":"","protected":false},"author":1,"featured_media":0,"parent":0,"menu_order":0,"comment_status":"open","ping_status":"closed","template":"","meta":{"ub_ctt_via":"","footnotes":""},"class_list":["post-3094","page","type-page","status-publish","hentry"],"featured_image_src":null,"yoast_head":"<!-- This site is optimized with the Yoast SEO plugin v25.4 - https:\/\/yoast.com\/wordpress\/plugins\/seo\/ -->\n<title>Wie erstelle ich zuf\u00e4llige Buchstaben in Excel? (2023)<\/title>\n<meta name=\"description\" content=\"Heute werde ich Ihnen einen erstaunlichen Formeltrick vorstellen, mit dem Sie in Excel zuf\u00e4llige Buchstaben generieren k\u00f6nnen. Und das Beste\" \/>\n<meta name=\"robots\" content=\"index, follow, max-snippet:-1, max-image-preview:large, max-video-preview:-1\" \/>\n<link rel=\"canonical\" href=\"https:\/\/exceladvisor.org\/de\/generiere-zufallige-buchstaben\/\" \/>\n<meta property=\"og:locale\" content=\"de_DE\" \/>\n<meta property=\"og:type\" content=\"article\" \/>\n<meta property=\"og:title\" content=\"Wie erstelle ich zuf\u00e4llige Buchstaben in Excel? (2023)\" \/>\n<meta property=\"og:description\" content=\"Heute werde ich Ihnen einen erstaunlichen Formeltrick vorstellen, mit dem Sie in Excel zuf\u00e4llige Buchstaben generieren k\u00f6nnen. Und das Beste\" \/>\n<meta property=\"og:url\" content=\"https:\/\/exceladvisor.org\/de\/generiere-zufallige-buchstaben\/\" \/>\n<meta property=\"og:site_name\" content=\"Excel Advisor\" \/>\n<meta property=\"article:modified_time\" content=\"2023-12-03T11:19:59+00:00\" \/>\n<meta property=\"og:image\" content=\"https:\/\/exceladvisor.org\/wp-content\/uploads\/2023\/08\/generer-des-lettres-aleatoires-avec-des-majuscules-1.gif\" \/>\n<meta name=\"twitter:card\" content=\"summary_large_image\" \/>\n<meta name=\"twitter:label1\" content=\"Gesch\u00e4tzte Lesezeit\" \/>\n\t<meta name=\"twitter:data1\" content=\"3\u00a0Minuten\" \/>\n<script type=\"application\/ld+json\" class=\"yoast-schema-graph\">{\"@context\":\"https:\/\/schema.org\",\"@graph\":[{\"@type\":\"WebPage\",\"@id\":\"https:\/\/exceladvisor.org\/de\/generiere-zufallige-buchstaben\/\",\"url\":\"https:\/\/exceladvisor.org\/de\/generiere-zufallige-buchstaben\/\",\"name\":\"Wie erstelle ich zuf\u00e4llige Buchstaben in Excel? (2023)\",\"isPartOf\":{\"@id\":\"https:\/\/exceladvisor.org\/de\/#website\"},\"primaryImageOfPage\":{\"@id\":\"https:\/\/exceladvisor.org\/de\/generiere-zufallige-buchstaben\/#primaryimage\"},\"image\":{\"@id\":\"https:\/\/exceladvisor.org\/de\/generiere-zufallige-buchstaben\/#primaryimage\"},\"thumbnailUrl\":\"https:\/\/exceladvisor.org\/wp-content\/uploads\/2023\/08\/generer-des-lettres-aleatoires-avec-des-majuscules-1.gif\",\"datePublished\":\"2023-11-15T13:53:32+00:00\",\"dateModified\":\"2023-12-03T11:19:59+00:00\",\"description\":\"Heute werde ich Ihnen einen erstaunlichen Formeltrick vorstellen, mit dem Sie in Excel zuf\u00e4llige Buchstaben generieren k\u00f6nnen. Und das Beste\",\"breadcrumb\":{\"@id\":\"https:\/\/exceladvisor.org\/de\/generiere-zufallige-buchstaben\/#breadcrumb\"},\"inLanguage\":\"de\",\"potentialAction\":[{\"@type\":\"ReadAction\",\"target\":[\"https:\/\/exceladvisor.org\/de\/generiere-zufallige-buchstaben\/\"]}]},{\"@type\":\"ImageObject\",\"inLanguage\":\"de\",\"@id\":\"https:\/\/exceladvisor.org\/de\/generiere-zufallige-buchstaben\/#primaryimage\",\"url\":\"https:\/\/exceladvisor.org\/wp-content\/uploads\/2023\/08\/generer-des-lettres-aleatoires-avec-des-majuscules-1.gif\",\"contentUrl\":\"https:\/\/exceladvisor.org\/wp-content\/uploads\/2023\/08\/generer-des-lettres-aleatoires-avec-des-majuscules-1.gif\"},{\"@type\":\"BreadcrumbList\",\"@id\":\"https:\/\/exceladvisor.org\/de\/generiere-zufallige-buchstaben\/#breadcrumb\",\"itemListElement\":[{\"@type\":\"ListItem\",\"position\":1,\"name\":\"Accueil\",\"item\":\"https:\/\/exceladvisor.org\/de\/\"},{\"@type\":\"ListItem\",\"position\":2,\"name\":\"Wie erstelle ich zuf\u00e4llige buchstaben in excel?\"}]},{\"@type\":\"WebSite\",\"@id\":\"https:\/\/exceladvisor.org\/de\/#website\",\"url\":\"https:\/\/exceladvisor.org\/de\/\",\"name\":\"Excel Advisor\",\"description\":\"Ihr Leitfaden zur Datendominanz\",\"publisher\":{\"@id\":\"https:\/\/exceladvisor.org\/de\/#organization\"},\"potentialAction\":[{\"@type\":\"SearchAction\",\"target\":{\"@type\":\"EntryPoint\",\"urlTemplate\":\"https:\/\/exceladvisor.org\/de\/?s={search_term_string}\"},\"query-input\":{\"@type\":\"PropertyValueSpecification\",\"valueRequired\":true,\"valueName\":\"search_term_string\"}}],\"inLanguage\":\"de\"},{\"@type\":\"Organization\",\"@id\":\"https:\/\/exceladvisor.org\/de\/#organization\",\"name\":\"Excel Advisor\",\"url\":\"https:\/\/exceladvisor.org\/de\/\",\"logo\":{\"@type\":\"ImageObject\",\"inLanguage\":\"de\",\"@id\":\"https:\/\/exceladvisor.org\/de\/#\/schema\/logo\/image\/\",\"url\":\"https:\/\/exceladvisor.org\/de\/wp-content\/uploads\/2023\/11\/exceladvisor.org_.png\",\"contentUrl\":\"https:\/\/exceladvisor.org\/de\/wp-content\/uploads\/2023\/11\/exceladvisor.org_.png\",\"width\":105,\"height\":36,\"caption\":\"Excel Advisor\"},\"image\":{\"@id\":\"https:\/\/exceladvisor.org\/de\/#\/schema\/logo\/image\/\"}}]}<\/script>\n<!-- \/ Yoast SEO plugin. -->","yoast_head_json":{"title":"Wie erstelle ich zuf\u00e4llige Buchstaben in Excel? (2023)","description":"Heute werde ich Ihnen einen erstaunlichen Formeltrick vorstellen, mit dem Sie in Excel zuf\u00e4llige Buchstaben generieren k\u00f6nnen. Und das Beste","robots":{"index":"index","follow":"follow","max-snippet":"max-snippet:-1","max-image-preview":"max-image-preview:large","max-video-preview":"max-video-preview:-1"},"canonical":"https:\/\/exceladvisor.org\/de\/generiere-zufallige-buchstaben\/","og_locale":"de_DE","og_type":"article","og_title":"Wie erstelle ich zuf\u00e4llige Buchstaben in Excel? (2023)","og_description":"Heute werde ich Ihnen einen erstaunlichen Formeltrick vorstellen, mit dem Sie in Excel zuf\u00e4llige Buchstaben generieren k\u00f6nnen. Und das Beste","og_url":"https:\/\/exceladvisor.org\/de\/generiere-zufallige-buchstaben\/","og_site_name":"Excel Advisor","article_modified_time":"2023-12-03T11:19:59+00:00","og_image":[{"url":"https:\/\/exceladvisor.org\/wp-content\/uploads\/2023\/08\/generer-des-lettres-aleatoires-avec-des-majuscules-1.gif","type":"","width":"","height":""}],"twitter_card":"summary_large_image","twitter_misc":{"Gesch\u00e4tzte Lesezeit":"3\u00a0Minuten"},"schema":{"@context":"https:\/\/schema.org","@graph":[{"@type":"WebPage","@id":"https:\/\/exceladvisor.org\/de\/generiere-zufallige-buchstaben\/","url":"https:\/\/exceladvisor.org\/de\/generiere-zufallige-buchstaben\/","name":"Wie erstelle ich zuf\u00e4llige Buchstaben in Excel? (2023)","isPartOf":{"@id":"https:\/\/exceladvisor.org\/de\/#website"},"primaryImageOfPage":{"@id":"https:\/\/exceladvisor.org\/de\/generiere-zufallige-buchstaben\/#primaryimage"},"image":{"@id":"https:\/\/exceladvisor.org\/de\/generiere-zufallige-buchstaben\/#primaryimage"},"thumbnailUrl":"https:\/\/exceladvisor.org\/wp-content\/uploads\/2023\/08\/generer-des-lettres-aleatoires-avec-des-majuscules-1.gif","datePublished":"2023-11-15T13:53:32+00:00","dateModified":"2023-12-03T11:19:59+00:00","description":"Heute werde ich Ihnen einen erstaunlichen Formeltrick vorstellen, mit dem Sie in Excel zuf\u00e4llige Buchstaben generieren k\u00f6nnen. Und das Beste","breadcrumb":{"@id":"https:\/\/exceladvisor.org\/de\/generiere-zufallige-buchstaben\/#breadcrumb"},"inLanguage":"de","potentialAction":[{"@type":"ReadAction","target":["https:\/\/exceladvisor.org\/de\/generiere-zufallige-buchstaben\/"]}]},{"@type":"ImageObject","inLanguage":"de","@id":"https:\/\/exceladvisor.org\/de\/generiere-zufallige-buchstaben\/#primaryimage","url":"https:\/\/exceladvisor.org\/wp-content\/uploads\/2023\/08\/generer-des-lettres-aleatoires-avec-des-majuscules-1.gif","contentUrl":"https:\/\/exceladvisor.org\/wp-content\/uploads\/2023\/08\/generer-des-lettres-aleatoires-avec-des-majuscules-1.gif"},{"@type":"BreadcrumbList","@id":"https:\/\/exceladvisor.org\/de\/generiere-zufallige-buchstaben\/#breadcrumb","itemListElement":[{"@type":"ListItem","position":1,"name":"Accueil","item":"https:\/\/exceladvisor.org\/de\/"},{"@type":"ListItem","position":2,"name":"Wie erstelle ich zuf\u00e4llige buchstaben in excel?"}]},{"@type":"WebSite","@id":"https:\/\/exceladvisor.org\/de\/#website","url":"https:\/\/exceladvisor.org\/de\/","name":"Excel Advisor","description":"Ihr Leitfaden zur Datendominanz","publisher":{"@id":"https:\/\/exceladvisor.org\/de\/#organization"},"potentialAction":[{"@type":"SearchAction","target":{"@type":"EntryPoint","urlTemplate":"https:\/\/exceladvisor.org\/de\/?s={search_term_string}"},"query-input":{"@type":"PropertyValueSpecification","valueRequired":true,"valueName":"search_term_string"}}],"inLanguage":"de"},{"@type":"Organization","@id":"https:\/\/exceladvisor.org\/de\/#organization","name":"Excel Advisor","url":"https:\/\/exceladvisor.org\/de\/","logo":{"@type":"ImageObject","inLanguage":"de","@id":"https:\/\/exceladvisor.org\/de\/#\/schema\/logo\/image\/","url":"https:\/\/exceladvisor.org\/de\/wp-content\/uploads\/2023\/11\/exceladvisor.org_.png","contentUrl":"https:\/\/exceladvisor.org\/de\/wp-content\/uploads\/2023\/11\/exceladvisor.org_.png","width":105,"height":36,"caption":"Excel Advisor"},"image":{"@id":"https:\/\/exceladvisor.org\/de\/#\/schema\/logo\/image\/"}}]}},"yoast_meta":{"yoast_wpseo_title":"","yoast_wpseo_metadesc":"","yoast_wpseo_canonical":""},"_links":{"self":[{"href":"https:\/\/exceladvisor.org\/de\/wp-json\/wp\/v2\/pages\/3094","targetHints":{"allow":["GET"]}}],"collection":[{"href":"https:\/\/exceladvisor.org\/de\/wp-json\/wp\/v2\/pages"}],"about":[{"href":"https:\/\/exceladvisor.org\/de\/wp-json\/wp\/v2\/types\/page"}],"author":[{"embeddable":true,"href":"https:\/\/exceladvisor.org\/de\/wp-json\/wp\/v2\/users\/1"}],"replies":[{"embeddable":true,"href":"https:\/\/exceladvisor.org\/de\/wp-json\/wp\/v2\/comments?post=3094"}],"version-history":[{"count":1,"href":"https:\/\/exceladvisor.org\/de\/wp-json\/wp\/v2\/pages\/3094\/revisions"}],"predecessor-version":[{"id":3980,"href":"https:\/\/exceladvisor.org\/de\/wp-json\/wp\/v2\/pages\/3094\/revisions\/3980"}],"wp:attachment":[{"href":"https:\/\/exceladvisor.org\/de\/wp-json\/wp\/v2\/media?parent=3094"}],"curies":[{"name":"wp","href":"https:\/\/api.w.org\/{rel}","templated":true}]}}