{"id":3096,"date":"2023-11-15T13:06:05","date_gmt":"2023-11-15T13:06:05","guid":{"rendered":"https:\/\/exceladvisor.org\/de\/name-des-monats\/"},"modified":"2023-12-03T11:14:02","modified_gmt":"2023-12-03T11:14:02","slug":"name-des-monats","status":"publish","type":"page","link":"https:\/\/exceladvisor.org\/de\/name-des-monats\/","title":{"rendered":"Wie bekomme ich einen monat aus einem datum?"},"content":{"rendered":"<div class=\"excel-vor-dem-inhalt\" id=\"excel-3345095803\"><script type=\"text\/javascript\">\r\n\tatOptions = {\r\n\t\t'key' : 'c1158f160081d6540a8409e6925dab94',\r\n\t\t'format' : 'iframe',\r\n\t\t'height' : 250,\r\n\t\t'width' : 300,\r\n\t\t'params' : {}\r\n\t};\r\n<\/script>\r\n<script type=\"text\/javascript\" src=\"\/\/www.highperformanceformat.com\/c1158f160081d6540a8409e6925dab94\/invoke.js\"><\/script><\/div> <p>Daten sind ein wichtiger Teil von Daten. Es gibt einige F\u00e4lle, in denen wir nur einen Teil eines Datums verwenden m\u00fcssen. Nehmen wir ein Beispiel aus dem Monat. Manchmal braucht man von einem Datum nur einen Monat.<\/p><p> Ein Monat ist eine der n\u00fctzlichen Komponenten eines Datums, die Sie zum Zusammenfassen von Daten verwenden k\u00f6nnen. Wenn es um Excel geht, haben wir verschiedene Methoden, um aus einem Datum einen Monat zu ermitteln.<\/p><p> Ich habe daf\u00fcr insgesamt 5 Methoden gefunden. Und heute m\u00f6chte ich Ihnen in diesem Artikel alle diese Methoden vorstellen, um den Monat aus einem Datum zu ermitteln bzw. zu extrahieren. Kommen wir also zur Sache.<\/p><h2 id=\"tab-con-4\" class=\"wp-block-heading\"> 1. MONAT-Funktion<\/h2><p> Die Verwendung der MONTH-Funktion ist die einfachste Methode, einen Monat aus einem Datum zu extrahieren. Alles, was Sie tun m\u00fcssen, ist einfach auf ein g\u00fcltiges Datum in dieser Funktion zu verweisen und es wird die Monatszahl im Bereich von 1 bis 12 zur\u00fcckgegeben. <\/p><pre class=\"wp-block-preformatted\"> = <a href=\"https:\/\/exceladvisor.org\/fonctions-de-date-excel\/\">MONTH<\/a> (A2) <\/pre><p class=\"has-text-align-center\"><img loading=\"lazy\" decoding=\"async\" src=\"https:\/\/exceladvisor.org\/wp-content\/uploads\/2023\/08\/obtenir-le-mois-a-partir-dune-date-avec-la-fonction-mois-min-1.png\" sizes=\"auto, \" srcset=\"\" alt=\"Holen Sie sich den Monat aus einem Datum mit der Monatsfunktion\" width=\"348\" height=\"348\" data-id=\"11843\"><\/p><p> Sie k\u00f6nnen ein Datum auch direkt in die Funktion einf\u00fcgen, indem Sie das <a href=\"https:\/\/exceladvisor.org\/de\/text-bis-heute\/\">richtige Datumsformat<\/a> verwenden. <\/p><figure class=\"wp-block-table\"><table class=\"mtr-table mtr-thead-th\"><thead><tr><th class=\"mtr-th-tag\" data-mtr-content=\"Pro\"><div class=\"mtr-cell-content\"> Profi<\/div><\/th><th class=\"mtr-th-tag\" data-mtr-content=\"Con\"><div class=\"mtr-cell-content\"> Arschloch <\/div><\/th><\/tr><\/thead><tbody><tr><td class=\"mtr-td-tag\" data-mtr-content=\"Pro\"><div class=\"mtr-cell-content\">Die Anwendung ist einfach und eine Kombination mit anderen Funktionen ist nicht erforderlich.<\/div><\/td><td class=\"mtr-td-tag\" data-mtr-content=\"Con\"><div class=\"mtr-cell-content\"> Die Verwendung von Monatsnummern ist begrenzt. In den meisten F\u00e4llen ist es besser, den Monatsnamen anstelle von Zahlen anzugeben. Wenn Sie einen Monatsnamen w\u00fcnschen, ben\u00f6tigen Sie eine andere Methode.<\/div><\/td><\/tr><\/tbody><\/table><\/figure><h2 id=\"tab-con-2\" class=\"wp-block-heading\"> 2. TEXT-Funktion<\/h2><p> Wie gesagt, es ist besser, einen Monatsnamen anstelle einer Monatsnummer zu verwenden. Die Verwendung der TEXT-Funktion ist eine perfekte Methode, um den Monatsnamen aus einem Datum zu extrahieren. Die grundlegende Aufgabe der Textfunktion besteht hier darin, ein Datum mithilfe eines bestimmten Formats in einen Monat umzuwandeln. <\/p><pre class=\"wp-block-preformatted\"> <span style=\"font-family: 'Courier New', Courier, monospace;\">=<\/span> <span style=\"font-family: 'Courier New', Courier, monospace;\">TEXT<\/span> <span style=\"font-family: 'Courier New', Courier, monospace;\">(A2,\"MMM\")<\/span> <\/pre><div class=\"wp-block-image\"><figure class=\"aligncenter is-resized\"><img loading=\"lazy\" decoding=\"async\" src=\"https:\/\/exceladvisor.org\/wp-content\/uploads\/2023\/08\/obtenir-le-mois-a-partir-dune-date-avec-la-fonction-de-texte-min-1.png\" sizes=\"auto, \" srcset=\"\" alt=\"Holen Sie sich den Monat aus einem Datum mit der Textfunktion\" width=\"421\" height=\"383\"><\/figure><\/div><p> Standardm\u00e4\u00dfig stehen Ihnen <a href=\"https:\/\/support.office.com\/en-us\/article\/TEXT-function-20d5ac4d-7b94-49fd-bb38-93d29371225c\" target=\"_blank\" rel=\"noopener noreferrer\">5 verschiedene Datumsformate<\/a> zur Verf\u00fcgung, die Sie in der Textfunktion verwenden k\u00f6nnen. Diese Formate geben den Monatsnamen als Text zur\u00fcck. Sie m\u00fcssen lediglich auf ein Datum in der Funktion verweisen und ein Format angeben. Ja, das ist alles. Stellen Sie au\u00dferdem sicher, dass das von Ihnen verwendete Datum ein <a style=\"outline: none;\" href=\"https:\/\/exceladvisor.org\/de\/text-bis-heute\/\">g\u00fcltiges Datum<\/a> gem\u00e4\u00df dem Datumssystem von Excel ist. <\/p><figure class=\"wp-block-table\"><table class=\"has-fixed-layout mtr-table mtr-thead-th\"><thead><tr><th class=\"mtr-th-tag\" data-mtr-content=\"Pros\"><div class=\"mtr-cell-content\"> Vorteile<\/div><\/th><th class=\"mtr-th-tag\" data-mtr-content=\"Cons\"><div class=\"mtr-cell-content\"> Die Nachteile <\/div><\/th><\/tr><\/thead><tbody><tr><td class=\"mtr-td-tag\" data-mtr-content=\"Pros\"><div class=\"mtr-cell-content\"> Sie haben die M\u00f6glichkeit, ein Format aus 5 verschiedenen Formaten auszuw\u00e4hlen und die urspr\u00fcngliche Datumsspalte bleibt gleich.<\/div><\/td><td class=\"mtr-td-tag\" data-mtr-content=\"Cons\"><div class=\"mtr-cell-content\"> Der Monatsname wird als Text zur\u00fcckgegeben. Die Verwendung einer benutzerdefinierten Abk\u00fcrzung f\u00fcr den Monatsnamen ist nicht m\u00f6glich.<\/div><\/td><\/tr><\/tbody><\/table><\/figure><h2 id=\"tab-con-3\" class=\"wp-block-heading\"> 3. W\u00c4HLEN Sie die Funktion<\/h2><p> Nehmen wir an, Sie m\u00f6chten anstelle einer normalen Zahl oder eines normalen Namens einen benutzerdefinierten Monatsnamen oder vielleicht einen Namen in einer anderen Sprache erhalten. In dieser Situation kann Ihnen die CHOOSE-Funktion helfen. Sie m\u00fcssen in der Funktion einen benutzerdefinierten Namen f\u00fcr die 12 Monate angeben und die Monatsfunktion verwenden, um die Monatsnummer aus dem Datum abzurufen. <\/p><pre class=\"wp-block-preformatted\"> =CHOOSE(MONTH(A1),\"Jan\",\"Feb\",\"Mar\",\"Apr\",\"May\",\"Jun\",\"Jul\",\"Aug\",\"Sep\",\"Oct\",\"Nov \",\"Dec\") <\/pre><div class=\"wp-block-image\"><figure class=\"aligncenter\"><img decoding=\"async\" src=\"https:\/\/exceladvisor.org\/wp-content\/uploads\/2023\/08\/obtenir-le-mois-a-partir-dune-date-avec-choisir-la-fonction-min-1.png\" sizes=\"\" srcset=\"\" alt=\"Daten mit Monatsnamen aus einem Datum\"><\/figure><\/div><p> Wenn die Monatsfunktion eine Monatszahl aus dem Datum zur\u00fcckgibt, wird bei Auswahl der Funktion der benutzerdefinierte Monatsname anstelle dieser Zahl zur\u00fcckgegeben.<\/p><p> <strong>Verwandt:<\/strong> <a href=\"https:\/\/exceladvisor.org\/de\/excel-formelleiste\/\">Formelleiste<\/a> <\/p><figure class=\"wp-block-table\"><table class=\"has-fixed-layout mtr-table mtr-thead-th\"><thead><tr><th class=\"mtr-th-tag\" data-mtr-content=\"Pros\"><div class=\"mtr-cell-content\"> Vorteile<\/div><\/th><th class=\"mtr-th-tag\" data-mtr-content=\"Cons\"><div class=\"mtr-cell-content\"> Die Nachteile <\/div><\/th><\/tr><\/thead><tbody><tr><td class=\"mtr-td-tag\" data-mtr-content=\"Pros\"><div class=\"mtr-cell-content\"> Dies bietet Ihnen mehr Flexibilit\u00e4t und Sie k\u00f6nnen f\u00fcr jeden Monat einen benutzerdefinierten Monatsnamen angeben.<\/div><\/td><td class=\"mtr-td-tag\" data-mtr-content=\"Cons\"><div class=\"mtr-cell-content\"> Es ist ein zeitaufw\u00e4ndiger Prozess, alle Werte der Funktion einzeln hinzuzuf\u00fcgen.<\/div><\/td><\/tr><\/tbody><\/table><\/figure><h2 id=\"tab-con-1\" class=\"wp-block-heading\"> 4. PowerQuery<\/h2><p> Wenn Sie auf intelligente Weise den Namen eines Monats aus einem Datum ermitteln m\u00f6chten, ist Power Query genau das Richtige f\u00fcr Sie. Damit k\u00f6nnen Sie ein Datum in einen Monat umwandeln und auch eine Monatsnummer oder einen Monatsnamen aus einem Datum extrahieren. Power Query ist ein Komplettpaket, mit dem Sie mit Datumsangaben arbeiten k\u00f6nnen. Hier haben Sie die folgenden Daten und hier ben\u00f6tigen Sie Monate ab Daten.<\/p><ul><li> Konvertieren Sie zun\u00e4chst Ihre Daten in eine Tabelle.<\/li><li> W\u00e4hlen Sie anschlie\u00dfend eine der Tabellenzellen aus und wechseln Sie zur Registerkarte Daten.<\/li><li> Klicken Sie auf der Registerkarte \u201eDaten\u201c auf \u201eAus Tabelle\u201c. <\/li><\/ul><div class=\"wp-block-image\"><figure class=\"aligncenter\"><img decoding=\"async\" src=\"https:\/\/exceladvisor.org\/wp-content\/uploads\/2023\/08\/cliquez-sur-le-tableau-pour-obtenir-le-mois-a-partir-de-la-date-avec-la-requete-de-puissance-min-1.png\" sizes=\"\" srcset=\"\" alt=\"Klicken Sie auf die Tabelle, um den Monat ab Datum mit Stromabfrage anzuzeigen\"><\/figure><\/div><ul><li> Dadurch wird Ihre Tabelle in den Power Query-Editor geladen.<\/li><\/ul><p> Von hier aus haben Sie zwei verschiedene M\u00f6glichkeiten: Eine besteht darin, eine neue Spalte mit Monatsnamen oder Monatsnummer hinzuzuf\u00fcgen oder Ihre Daten in einen Monatsnamen oder eine Monatsnummer umzuwandeln. \u00dcberspringen Sie die n\u00e4chsten beiden Schritte, wenn Sie Ihre Daten einfach in Monate umwandeln m\u00f6chten, ohne eine neue Spalte hinzuzuf\u00fcgen.<\/p><ul><li> Klicken Sie zun\u00e4chst mit der rechten Maustaste auf die Spalten\u00fcberschrift.<\/li><li> Klicken Sie anschlie\u00dfend auf \u201eSpalte duplizieren\u201c. <\/li><\/ul><div class=\"wp-block-image\"><figure class=\"aligncenter\"><img decoding=\"async\" src=\"https:\/\/exceladvisor.org\/wp-content\/uploads\/2023\/08\/ajouter-une-colonne-en-double-pour-obtenir-le-mois-a-partir-dune-date-min-1.png\" sizes=\"\" srcset=\"\" alt=\"F\u00fcgen Sie eine doppelte Spalte hinzu, um den Monat aus einem Datum zu erhalten\"><\/figure><\/div><ul><li> W\u00e4hlen Sie die neue Spalte in der Kopfzeile aus und klicken Sie mit der rechten Maustaste darauf.<\/li><li> Gehen Sie zu Transformieren \u279c Monat \u279c Name des Monats oder Monats. <\/li><\/ul><div class=\"wp-block-image\"><figure class=\"aligncenter\"><img decoding=\"async\" src=\"https:\/\/exceladvisor.org\/wp-content\/uploads\/2023\/08\/selectionnez-le-nom-du-mois-pour-obtenir-le-mois-min-1.png\" sizes=\"\" srcset=\"\" alt=\"W\u00e4hlen Sie den Monatsnamen aus, um den Monat zu erhalten\"><\/figure><\/div><ul><li> Datumsangaben werden sofort in Monate umgewandelt. <\/li><\/ul><div class=\"wp-block-image\"><figure class=\"aligncenter\"><img decoding=\"async\" src=\"https:\/\/exceladvisor.org\/wp-content\/uploads\/2023\/08\/cliquez-sur-fermer-et-chargez-pour-obtenir-le-mois-a-partir-dune-date-min-1.png\" sizes=\"\" srcset=\"\" alt=\"Klicken Sie auf \u201eSchlie\u00dfen und laden\u201c, um den Monat aus einem Datum abzurufen\"><\/figure><\/div><ul><li> Noch etwas: Klicken Sie mit der rechten Maustaste auf die Spalten\u00fcberschrift und benennen Sie die Spalte in \u201eMonat\u201c um.<\/li><li> Klicken Sie am Ende auf \u201eSchlie\u00dfen und laden\u201c und Ihre Daten werden in eine Tabelle geladen. <\/li><\/ul><div class=\"wp-block-image\"><figure class=\"aligncenter\"><img decoding=\"async\" src=\"https:\/\/exceladvisor.org\/wp-content\/uploads\/2023\/08\/donnees-avec-le-nom-du-mois-a-partir-dune-date-min-1.png\" sizes=\"\" srcset=\"\" alt=\"Daten mit Monatsnamen aus einem Datum\"><\/figure><\/div><figure class=\"wp-block-table\"><table class=\"has-fixed-layout mtr-table mtr-thead-th\"><thead><tr><th class=\"mtr-th-tag\" data-mtr-content=\"Pro\"><div class=\"mtr-cell-content\"> Profi<\/div><\/th><th class=\"mtr-th-tag\" data-mtr-content=\"Con\"><div class=\"mtr-cell-content\"> Arschloch <\/div><\/th><\/tr><\/thead><tbody><tr><td class=\"mtr-td-tag\" data-mtr-content=\"Pro\"><div class=\"mtr-cell-content\">Es handelt sich um eine dynamische und p\u00fcnktliche Konfiguration. Ihre Originaldaten sind davon nicht betroffen.<\/div><\/td><td class=\"mtr-td-tag\" data-mtr-content=\"Con\"><div class=\"mtr-cell-content\"> In Ihrer Excel-Version sollte eine Leistungsabfrage vorhanden sein und der Monatsname wird ein vollst\u00e4ndiger Name sein.<\/div><\/td><\/tr><\/tbody><\/table><\/figure><h2 id=\"tab-con-0\" class=\"wp-block-heading\"> 5. Benutzerdefinierte Formatierung<\/h2><p> Wenn Sie sich nicht mit einer Formelmethode befassen m\u00f6chten, k\u00f6nnen Sie diese ganz einfach zum Konvertieren eines Datums in einen Monat verwenden, indem <a href=\"https:\/\/support.office.com\/en-us\/article\/Create-or-delete-a-custom-number-format-78f2a361-936b-4c03-8772-09fab54be7f4?ui=en-US&amp;rs=en-US&amp;ad=US&amp;fromAR=1\" target=\"_blank\" rel=\"noopener noreferrer\">Sie eine benutzerdefinierte Formatierung anwenden<\/a> . Befolgen Sie diese einfachen Schritte.<\/p><ol><li> W\u00e4hlen Sie den Zellbereich oder die Spalte aus.<\/li><li> Dr\u00fccken Sie die Tastenkombination Strg + 1.<\/li><li> Gehen Sie in der Formatoption auf \u201eBenutzerdefiniert\u201c.<\/li><li> Geben Sie nun in der Eingabeleiste \u201eTyp\u201c \u201eMM\u201c, \u201eMMM\u201c oder \u201eMMMMMM\u201c ein.<\/li><li> OK klicken. <\/li><\/ol><div class=\"wp-block-image\"><figure class=\"aligncenter is-resized\"><img loading=\"lazy\" decoding=\"async\" src=\"https:\/\/exceladvisor.org\/wp-content\/uploads\/2023\/08\/obtenir-le-mois-a-partir-dune-date-avec-des-options-de-mise-en-forme-ouvertes-de-mise-en-forme-conditionnelle-min-1.png\" sizes=\"auto, \" srcset=\"\" alt=\"Holen Sie sich den Monat aus einem Datum mit bedingter Formatierung und offenen Formatierungsoptionen\" width=\"534\" height=\"466\"><\/figure><\/div><figure class=\"wp-block-table\"><table class=\"has-fixed-layout mtr-table mtr-thead-th\"><thead><tr><th class=\"mtr-th-tag\" data-mtr-content=\"Pros\"><div class=\"mtr-cell-content\"> Vorteile<\/div><\/th><th class=\"mtr-th-tag\" data-mtr-content=\"Cons\"><div class=\"mtr-cell-content\"> Die Nachteile <\/div><\/th><\/tr><\/thead><tbody><tr><td class=\"mtr-td-tag\" data-mtr-content=\"Pros\"><div class=\"mtr-cell-content\"> Es ist einfach anzuwenden und \u00e4ndert nicht das Datum, sondern sein Format.<\/div><\/td><td class=\"mtr-td-tag\" data-mtr-content=\"Cons\"><div class=\"mtr-cell-content\"> Da es sich bei dem Wert um ein Datum handelt, handelt es sich beim Kopieren und Einf\u00fcgen an anderer Stelle als Wert um ein Datum und nicht um Text. Wenn jemand das Format \u00e4ndert, geht der Monatsname verloren.<\/div><\/td><\/tr><\/tbody><\/table><\/figure><h2 class=\"wp-block-heading\"> Abschluss<\/h2><p> Alle oben genannten Methoden k\u00f6nnen in verschiedenen Situationen verwendet werden. Einige von ihnen werden jedoch h\u00e4ufiger verwendet.<\/p><p> Die TEXT-Funktion ist in den meisten Situationen anwendbar. Andererseits haben Sie auch eine Leistungsabfrage, um mit nur wenigen Klicks Monate zu erhalten. Wenn Sie mich fragen, verwende ich die Textfunktion, aber heutzutage bin ich mehr in die Leistungsabfrage verliebt, deshalb w\u00fcrde ich sie auch gerne verwenden.<\/p><p> Abschlie\u00dfend m\u00f6chte ich nur sagen, dass Sie je nach Bedarf jede dieser Methoden verwenden k\u00f6nnen. Aber eines musst du mir sagen.<\/p><p> <strong>Was ist Ihre bevorzugte Methode?<\/strong><\/p><p> Bitte teilen Sie es mir im Kommentarbereich mit, ich w\u00fcrde mich freuen, von Ihnen zu h\u00f6ren. Und vergessen Sie nicht, es mit Ihren Freunden zu teilen. <\/p><div class=\"gb-container gb-container-52dfcee1 gb-container-sample-file\"><h2 class=\"gb-headline gb-headline-e289c143 gb-headline-text gb-headline-4f7959c2\"> Holen Sie sich die Excel-Datei<\/h2><p> <a class=\"gb-button gb-button-e88d6bee gb-button-text gb-button-button1\" href=\"https:\/\/exceladvisor.org\/wp-content\/uploads\/2023\/08\/obtenir-le-mois-a-partir-de-la-date-2.xlsx\" rel=\"nofollow\">Herunterladen<\/a><\/p><\/div><div class=\"gb-container gb-container-0df56012 gb-container-mt\"> <a class=\"gb-button gb-button-f9f432f4 gb-button-text gb-button-mt-button\" href=\"https:\/\/exceladvisor.org\/de\/formeln\/\">Liste der Excel-Formeln<\/a><h2 class=\"gb-headline gb-headline-233444e8 gb-headline-text gb-headline-mt-heading\"> Verwandte Formeln <\/h2><div class=\"gb-grid-wrapper gb-grid-wrapper-a16fa65c gb-grid-wrapper-mt-grid\"><div class=\"gb-grid-column gb-grid-column-50d07e0d\"><div class=\"gb-container gb-container-50d07e0d\"><ul><li> <a href=\"https:\/\/exceladvisor.org\/de\/einem-datum-einen-monat-hinzufugen-2\/\">F\u00fcgen Sie einem Datum in Excel einen Monat hinzu<\/a><\/li><li> <a href=\"https:\/\/exceladvisor.org\/de\/ende-des-monats\/\">Holen Sie sich das Enddatum des Monats in Excel<\/a><\/li><li> <a href=\"https:\/\/exceladvisor.org\/de\/erster-tag-des-2.-monats\/\">Erhalten Sie den ersten Tag des Monats in Excel (Monatsanfang)<\/a><\/li><li> <a href=\"https:\/\/exceladvisor.org\/de\/quartal\/\">Erhalten Sie ein Quartal aus einem Datum [Fiskal + Kalender] in Excel<\/a><\/li><li> <a href=\"https:\/\/exceladvisor.org\/de\/monat-zwischen-zwei-daten\/\">Anzahl der Monate zwischen zwei Daten in Excel<\/a> <\/li><\/ul><\/div><\/div><div class=\"gb-grid-column gb-grid-column-5b4a0cf9\"><div class=\"gb-container gb-container-5b4a0cf9\"><\/div><\/div><\/div><\/div>","protected":false},"excerpt":{"rendered":"","protected":false},"author":1,"featured_media":0,"parent":0,"menu_order":0,"comment_status":"open","ping_status":"closed","template":"","meta":{"ub_ctt_via":"","footnotes":""},"class_list":["post-3096","page","type-page","status-publish","hentry"],"featured_image_src":null,"yoast_head":"<!-- This site is optimized with the Yoast SEO plugin v25.4 - https:\/\/yoast.com\/wordpress\/plugins\/seo\/ -->\n<title>Wie bekomme ich einen Monat aus einem Datum? (Leitfaden 2023)<\/title>\n<meta name=\"description\" content=\"In diesem Tutorial erfahren Sie, wie Sie mit f\u00fcnf verschiedenen Methoden den Monatsnamen aus einem Datum in Excel abrufen\/extrahieren\" \/>\n<meta name=\"robots\" content=\"index, follow, max-snippet:-1, max-image-preview:large, max-video-preview:-1\" \/>\n<link rel=\"canonical\" href=\"https:\/\/exceladvisor.org\/de\/name-des-monats\/\" \/>\n<meta property=\"og:locale\" content=\"de_DE\" \/>\n<meta property=\"og:type\" content=\"article\" \/>\n<meta property=\"og:title\" content=\"Wie bekomme ich einen Monat aus einem Datum? (Leitfaden 2023)\" \/>\n<meta property=\"og:description\" content=\"In diesem Tutorial erfahren Sie, wie Sie mit f\u00fcnf verschiedenen Methoden den Monatsnamen aus einem Datum in Excel abrufen\/extrahieren\" \/>\n<meta property=\"og:url\" content=\"https:\/\/exceladvisor.org\/de\/name-des-monats\/\" \/>\n<meta property=\"og:site_name\" content=\"Excel Advisor\" \/>\n<meta property=\"article:modified_time\" content=\"2023-12-03T11:14:02+00:00\" \/>\n<meta property=\"og:image\" content=\"https:\/\/exceladvisor.org\/wp-content\/uploads\/2023\/08\/obtenir-le-mois-a-partir-dune-date-avec-la-fonction-mois-min-1.png\" \/>\n<meta name=\"twitter:card\" content=\"summary_large_image\" \/>\n<meta name=\"twitter:label1\" content=\"Gesch\u00e4tzte Lesezeit\" \/>\n\t<meta name=\"twitter:data1\" content=\"6\u00a0Minuten\" \/>\n<script type=\"application\/ld+json\" class=\"yoast-schema-graph\">{\"@context\":\"https:\/\/schema.org\",\"@graph\":[{\"@type\":\"WebPage\",\"@id\":\"https:\/\/exceladvisor.org\/de\/name-des-monats\/\",\"url\":\"https:\/\/exceladvisor.org\/de\/name-des-monats\/\",\"name\":\"Wie bekomme ich einen Monat aus einem Datum? (Leitfaden 2023)\",\"isPartOf\":{\"@id\":\"https:\/\/exceladvisor.org\/de\/#website\"},\"primaryImageOfPage\":{\"@id\":\"https:\/\/exceladvisor.org\/de\/name-des-monats\/#primaryimage\"},\"image\":{\"@id\":\"https:\/\/exceladvisor.org\/de\/name-des-monats\/#primaryimage\"},\"thumbnailUrl\":\"https:\/\/exceladvisor.org\/wp-content\/uploads\/2023\/08\/obtenir-le-mois-a-partir-dune-date-avec-la-fonction-mois-min-1.png\",\"datePublished\":\"2023-11-15T13:06:05+00:00\",\"dateModified\":\"2023-12-03T11:14:02+00:00\",\"description\":\"In diesem Tutorial erfahren Sie, wie Sie mit f\u00fcnf verschiedenen Methoden den Monatsnamen aus einem Datum in Excel abrufen\/extrahieren\",\"breadcrumb\":{\"@id\":\"https:\/\/exceladvisor.org\/de\/name-des-monats\/#breadcrumb\"},\"inLanguage\":\"de\",\"potentialAction\":[{\"@type\":\"ReadAction\",\"target\":[\"https:\/\/exceladvisor.org\/de\/name-des-monats\/\"]}]},{\"@type\":\"ImageObject\",\"inLanguage\":\"de\",\"@id\":\"https:\/\/exceladvisor.org\/de\/name-des-monats\/#primaryimage\",\"url\":\"https:\/\/exceladvisor.org\/wp-content\/uploads\/2023\/08\/obtenir-le-mois-a-partir-dune-date-avec-la-fonction-mois-min-1.png\",\"contentUrl\":\"https:\/\/exceladvisor.org\/wp-content\/uploads\/2023\/08\/obtenir-le-mois-a-partir-dune-date-avec-la-fonction-mois-min-1.png\"},{\"@type\":\"BreadcrumbList\",\"@id\":\"https:\/\/exceladvisor.org\/de\/name-des-monats\/#breadcrumb\",\"itemListElement\":[{\"@type\":\"ListItem\",\"position\":1,\"name\":\"Accueil\",\"item\":\"https:\/\/exceladvisor.org\/de\/\"},{\"@type\":\"ListItem\",\"position\":2,\"name\":\"Wie bekomme ich einen monat aus einem datum?\"}]},{\"@type\":\"WebSite\",\"@id\":\"https:\/\/exceladvisor.org\/de\/#website\",\"url\":\"https:\/\/exceladvisor.org\/de\/\",\"name\":\"Excel Advisor\",\"description\":\"Ihr Leitfaden zur Datendominanz\",\"publisher\":{\"@id\":\"https:\/\/exceladvisor.org\/de\/#organization\"},\"potentialAction\":[{\"@type\":\"SearchAction\",\"target\":{\"@type\":\"EntryPoint\",\"urlTemplate\":\"https:\/\/exceladvisor.org\/de\/?s={search_term_string}\"},\"query-input\":{\"@type\":\"PropertyValueSpecification\",\"valueRequired\":true,\"valueName\":\"search_term_string\"}}],\"inLanguage\":\"de\"},{\"@type\":\"Organization\",\"@id\":\"https:\/\/exceladvisor.org\/de\/#organization\",\"name\":\"Excel Advisor\",\"url\":\"https:\/\/exceladvisor.org\/de\/\",\"logo\":{\"@type\":\"ImageObject\",\"inLanguage\":\"de\",\"@id\":\"https:\/\/exceladvisor.org\/de\/#\/schema\/logo\/image\/\",\"url\":\"https:\/\/exceladvisor.org\/de\/wp-content\/uploads\/2023\/11\/exceladvisor.org_.png\",\"contentUrl\":\"https:\/\/exceladvisor.org\/de\/wp-content\/uploads\/2023\/11\/exceladvisor.org_.png\",\"width\":105,\"height\":36,\"caption\":\"Excel Advisor\"},\"image\":{\"@id\":\"https:\/\/exceladvisor.org\/de\/#\/schema\/logo\/image\/\"}}]}<\/script>\n<!-- \/ Yoast SEO plugin. -->","yoast_head_json":{"title":"Wie bekomme ich einen Monat aus einem Datum? (Leitfaden 2023)","description":"In diesem Tutorial erfahren Sie, wie Sie mit f\u00fcnf verschiedenen Methoden den Monatsnamen aus einem Datum in Excel abrufen\/extrahieren","robots":{"index":"index","follow":"follow","max-snippet":"max-snippet:-1","max-image-preview":"max-image-preview:large","max-video-preview":"max-video-preview:-1"},"canonical":"https:\/\/exceladvisor.org\/de\/name-des-monats\/","og_locale":"de_DE","og_type":"article","og_title":"Wie bekomme ich einen Monat aus einem Datum? (Leitfaden 2023)","og_description":"In diesem Tutorial erfahren Sie, wie Sie mit f\u00fcnf verschiedenen Methoden den Monatsnamen aus einem Datum in Excel abrufen\/extrahieren","og_url":"https:\/\/exceladvisor.org\/de\/name-des-monats\/","og_site_name":"Excel Advisor","article_modified_time":"2023-12-03T11:14:02+00:00","og_image":[{"url":"https:\/\/exceladvisor.org\/wp-content\/uploads\/2023\/08\/obtenir-le-mois-a-partir-dune-date-avec-la-fonction-mois-min-1.png","type":"","width":"","height":""}],"twitter_card":"summary_large_image","twitter_misc":{"Gesch\u00e4tzte Lesezeit":"6\u00a0Minuten"},"schema":{"@context":"https:\/\/schema.org","@graph":[{"@type":"WebPage","@id":"https:\/\/exceladvisor.org\/de\/name-des-monats\/","url":"https:\/\/exceladvisor.org\/de\/name-des-monats\/","name":"Wie bekomme ich einen Monat aus einem Datum? (Leitfaden 2023)","isPartOf":{"@id":"https:\/\/exceladvisor.org\/de\/#website"},"primaryImageOfPage":{"@id":"https:\/\/exceladvisor.org\/de\/name-des-monats\/#primaryimage"},"image":{"@id":"https:\/\/exceladvisor.org\/de\/name-des-monats\/#primaryimage"},"thumbnailUrl":"https:\/\/exceladvisor.org\/wp-content\/uploads\/2023\/08\/obtenir-le-mois-a-partir-dune-date-avec-la-fonction-mois-min-1.png","datePublished":"2023-11-15T13:06:05+00:00","dateModified":"2023-12-03T11:14:02+00:00","description":"In diesem Tutorial erfahren Sie, wie Sie mit f\u00fcnf verschiedenen Methoden den Monatsnamen aus einem Datum in Excel abrufen\/extrahieren","breadcrumb":{"@id":"https:\/\/exceladvisor.org\/de\/name-des-monats\/#breadcrumb"},"inLanguage":"de","potentialAction":[{"@type":"ReadAction","target":["https:\/\/exceladvisor.org\/de\/name-des-monats\/"]}]},{"@type":"ImageObject","inLanguage":"de","@id":"https:\/\/exceladvisor.org\/de\/name-des-monats\/#primaryimage","url":"https:\/\/exceladvisor.org\/wp-content\/uploads\/2023\/08\/obtenir-le-mois-a-partir-dune-date-avec-la-fonction-mois-min-1.png","contentUrl":"https:\/\/exceladvisor.org\/wp-content\/uploads\/2023\/08\/obtenir-le-mois-a-partir-dune-date-avec-la-fonction-mois-min-1.png"},{"@type":"BreadcrumbList","@id":"https:\/\/exceladvisor.org\/de\/name-des-monats\/#breadcrumb","itemListElement":[{"@type":"ListItem","position":1,"name":"Accueil","item":"https:\/\/exceladvisor.org\/de\/"},{"@type":"ListItem","position":2,"name":"Wie bekomme ich einen monat aus einem datum?"}]},{"@type":"WebSite","@id":"https:\/\/exceladvisor.org\/de\/#website","url":"https:\/\/exceladvisor.org\/de\/","name":"Excel Advisor","description":"Ihr Leitfaden zur Datendominanz","publisher":{"@id":"https:\/\/exceladvisor.org\/de\/#organization"},"potentialAction":[{"@type":"SearchAction","target":{"@type":"EntryPoint","urlTemplate":"https:\/\/exceladvisor.org\/de\/?s={search_term_string}"},"query-input":{"@type":"PropertyValueSpecification","valueRequired":true,"valueName":"search_term_string"}}],"inLanguage":"de"},{"@type":"Organization","@id":"https:\/\/exceladvisor.org\/de\/#organization","name":"Excel Advisor","url":"https:\/\/exceladvisor.org\/de\/","logo":{"@type":"ImageObject","inLanguage":"de","@id":"https:\/\/exceladvisor.org\/de\/#\/schema\/logo\/image\/","url":"https:\/\/exceladvisor.org\/de\/wp-content\/uploads\/2023\/11\/exceladvisor.org_.png","contentUrl":"https:\/\/exceladvisor.org\/de\/wp-content\/uploads\/2023\/11\/exceladvisor.org_.png","width":105,"height":36,"caption":"Excel Advisor"},"image":{"@id":"https:\/\/exceladvisor.org\/de\/#\/schema\/logo\/image\/"}}]}},"yoast_meta":{"yoast_wpseo_title":"","yoast_wpseo_metadesc":"","yoast_wpseo_canonical":""},"_links":{"self":[{"href":"https:\/\/exceladvisor.org\/de\/wp-json\/wp\/v2\/pages\/3096","targetHints":{"allow":["GET"]}}],"collection":[{"href":"https:\/\/exceladvisor.org\/de\/wp-json\/wp\/v2\/pages"}],"about":[{"href":"https:\/\/exceladvisor.org\/de\/wp-json\/wp\/v2\/types\/page"}],"author":[{"embeddable":true,"href":"https:\/\/exceladvisor.org\/de\/wp-json\/wp\/v2\/users\/1"}],"replies":[{"embeddable":true,"href":"https:\/\/exceladvisor.org\/de\/wp-json\/wp\/v2\/comments?post=3096"}],"version-history":[{"count":1,"href":"https:\/\/exceladvisor.org\/de\/wp-json\/wp\/v2\/pages\/3096\/revisions"}],"predecessor-version":[{"id":3877,"href":"https:\/\/exceladvisor.org\/de\/wp-json\/wp\/v2\/pages\/3096\/revisions\/3877"}],"wp:attachment":[{"href":"https:\/\/exceladvisor.org\/de\/wp-json\/wp\/v2\/media?parent=3096"}],"curies":[{"name":"wp","href":"https:\/\/api.w.org\/{rel}","templated":true}]}}