{"id":3099,"date":"2023-11-15T12:20:42","date_gmt":"2023-11-15T12:20:42","guid":{"rendered":"https:\/\/exceladvisor.org\/de\/schreiben-sie-den-ersten-buchstaben-gross\/"},"modified":"2023-12-03T13:04:54","modified_gmt":"2023-12-03T13:04:54","slug":"schreiben-sie-den-ersten-buchstaben-gross","status":"publish","type":"page","link":"https:\/\/exceladvisor.org\/de\/schreiben-sie-den-ersten-buchstaben-gross\/","title":{"rendered":"Wie schreibt man den ersten buchstaben in excel gro\u00df?"},"content":{"rendered":"<div class=\"excel-vor-dem-inhalt\" id=\"excel-2644793959\"><script type=\"text\/javascript\">\r\n\tatOptions = {\r\n\t\t'key' : 'c1158f160081d6540a8409e6925dab94',\r\n\t\t'format' : 'iframe',\r\n\t\t'height' : 250,\r\n\t\t'width' : 300,\r\n\t\t'params' : {}\r\n\t};\r\n<\/script>\r\n<script type=\"text\/javascript\" src=\"\/\/www.highperformanceformat.com\/c1158f160081d6540a8409e6925dab94\/invoke.js\"><\/script><\/div> <p>Nehmen wir an, Sie haben eine Liste mit Textwerten und m\u00f6chten den ersten Buchstaben jedes Textes gro\u00dfschreiben.<\/p><p> Dies l\u00e4sst sich ganz einfach mit einer einfachen Formel bewerkstelligen. Und in diesem Tutorial lernen wir, wie man diese Formel schreibt, um den ersten Buchstaben eines Wortes gro\u00df zu schreiben.<\/p><h2 id=\"proper-function-to-capitalize-first-letter\" class=\"wp-block-heading\"> RICHTIGE Funktion zur Gro\u00dfschreibung des ersten Buchstabens<\/h2><p> Im folgenden Beispiel haben Sie eine Liste mit Namen, und alle diese Namen sind in Kleinbuchstaben geschrieben. Jetzt m\u00fcssen Sie den ersten Buchstaben in einen Gro\u00dfbuchstaben umwandeln. <\/p><div class=\"wp-block-image\"><figure class=\"aligncenter size-full is-resized\"><img loading=\"lazy\" decoding=\"async\" class=\"wp-image-64150\" src=\"https:\/\/exceladvisor.org\/wp-content\/uploads\/2023\/08\/1-premiere-lettre-en-majuscule.png\" sizes=\"auto, \" srcset=\"\" alt=\"Gro\u00dfbuchstabe\" width=\"230\" height=\"299\"><\/figure><\/div><p> F\u00fchren Sie die folgenden Schritte aus, um den ersten Buchstaben gro\u00df zu schreiben.<\/p><ol type=\"1\"><li> Geben Sie gleich in Zelle B2 ein.<\/li><li> Geben Sie die TEXT-Funktion ein und geben Sie die f\u00fchrenden Klammern ein.<\/li><li> Sehen Sie sich Zelle A2 an, in der Sie Text haben, f\u00fcr den Sie den ersten Buchstaben gro\u00dfschreiben.<\/li><li> Geben Sie am Ende schlie\u00dfende Klammern ein und dr\u00fccken Sie die Eingabetaste, um das Ergebnis anzuzeigen. <\/li><\/ol><div class=\"wp-block-image\"><figure class=\"aligncenter size-full is-resized\"><img loading=\"lazy\" decoding=\"async\" class=\"wp-image-64151\" src=\"https:\/\/exceladvisor.org\/wp-content\/uploads\/2023\/08\/2-bon-fonctionnement.png\" sizes=\"auto, \" srcset=\"\" alt=\"eigene Funktion\" width=\"463\" height=\"404\"><\/figure><\/div><h2 id=\"only-capitalize-first-letter-of-the-first-word\" class=\"wp-block-heading\"> Schreiben Sie nur den ersten Buchstaben des ersten Wortes gro\u00df<\/h2><p> Nehmen wir nun eine andere Situation, in der Sie nur den ersten Buchstaben des ersten Wortes gro\u00dfschreiben m\u00fcssen und nicht die restlichen W\u00f6rter. Hierzu k\u00f6nnen Sie die folgende Formel verwenden. <\/p><pre class=\"wp-block-code\"> <code class=\"language-excel-formula\" lang=\"excel-formula\">=UPPER(LEFT(A2,1))&amp;LOWER(RIGHT(A2,LEN(A2)-1))<\/code><\/pre><div class=\"wp-block-image\"><figure class=\"aligncenter size-full is-resized\"><img loading=\"lazy\" decoding=\"async\" class=\"wp-image-64152\" src=\"https:\/\/exceladvisor.org\/wp-content\/uploads\/2023\/08\/3-ne-mettre-en-majuscule-que-la-premiere-lettre.png\" sizes=\"auto, \" srcset=\"\" alt=\"Schreiben Sie nur den ersten Buchstaben gro\u00df\" width=\"536\" height=\"377\"><\/figure><\/div><p> Um diese Formel zu verstehen, m\u00fcssen wir sie in zwei Teile teilen.<\/p><p> Der erste Teil der Formel verwendet die Funktionen UPPER und LEFT, die den ersten Buchstaben aus dem Text extrahieren und ihn in Gro\u00dfbuchstaben umwandeln. <\/p><div class=\"wp-block-image\"><figure class=\"aligncenter size-full is-resized\"><img loading=\"lazy\" decoding=\"async\" class=\"wp-image-64153\" src=\"https:\/\/exceladvisor.org\/wp-content\/uploads\/2023\/08\/4-fonction-superieure.png\" sizes=\"auto, \" srcset=\"\" alt=\"\u00fcberlegene Funktion\" width=\"259\" height=\"61\"><\/figure><\/div><p> Und der zweite Teil der Formel verwendet die Funktionen RECHTS, UNTEN und LINKS. Diese Funktionen nehmen den Rest des Textteils und wandeln diesen Teil in Kleinbuchstaben um. <\/p><div class=\"wp-block-image\"><figure class=\"aligncenter size-full is-resized\"><img loading=\"lazy\" decoding=\"async\" class=\"wp-image-64154\" src=\"https:\/\/exceladvisor.org\/wp-content\/uploads\/2023\/08\/5-fonction-inferieure.png\" sizes=\"auto, \" srcset=\"\" alt=\"untere Funktion\" width=\"392\" height=\"62\"><\/figure><\/div><p> Wenn Sie jedoch den ersten Buchstaben gro\u00dfschreiben und den Rest des Teils unver\u00e4ndert lassen m\u00f6chten, k\u00f6nnen Sie die obige Formel \u00e4ndern. Sehen Sie, was folgt.<\/p><pre class=\"wp-block-code\"> <code class=\"language-excel-formula\" lang=\"excel-formula\">=UPPER(LEFT(A2,1))&amp;RIGHT(A2,LEN(A2)-1)<\/code><\/pre><p> Mit dieser Formel werden keine \u00c4nderungen am Text vorgenommen, mit Ausnahme des ersten Buchstabens des ersten Wortes. <\/p><div class=\"gb-container gb-container-52dfcee1 gb-container-sample-file\"><h2 class=\"gb-headline gb-headline-e289c143 gb-headline-text gb-headline-4f7959c2\"> Holen Sie sich die Excel-Datei<\/h2> <a class=\"gb-button gb-button-e88d6bee gb-button-text gb-button-button1\" href=\"https:\/\/exceladvisor.org\/wp-content\/uploads\/2023\/08\/mettre-la-premiere-lettre-en-majuscule-2.xlsx\" rel=\"nofollow\">Herunterladen<\/a><\/div><div class=\"gb-container gb-container-0df56012 gb-container-mt\"> <a class=\"gb-button gb-button-f9f432f4 gb-button-text gb-button-mt-button\" href=\"https:\/\/exceladvisor.org\/de\/formeln\/\">Liste der Excel-Formeln<\/a><h2 class=\"gb-headline gb-headline-233444e8 gb-headline-text gb-headline-mt-heading\"> Verwandte Formeln <\/h2><div class=\"gb-grid-wrapper gb-grid-wrapper-a16fa65c gb-grid-wrapper-mt-grid\"><div class=\"gb-grid-column gb-grid-column-50d07e0d\"><div class=\"gb-container gb-container-50d07e0d\"><ul><li> <a href=\"https:\/\/exceladvisor.org\/de\/spalte-zu-zeile\/\">\u00c4ndern Sie in Excel die Spalte in die Zeile (umgekehrt).<\/a><\/li><li> <a href=\"https:\/\/exceladvisor.org\/de\/satzfall\/\">Wechseln Sie in Excel zur Gro\u00df-\/Kleinschreibung<\/a><\/li><li> <a href=\"https:\/\/exceladvisor.org\/de\/geben-sie-die-vornamen-mit-komma-dazwischen-zuruck\/\">Geben Sie den Vor- und Nachnamen zur\u00fcck und f\u00fcgen Sie dazwischen ein Komma ein<\/a><\/li><li> <a href=\"https:\/\/exceladvisor.org\/de\/andern-sie-die-gross-kleinschreibung-des-textes\/\">\u00c4ndern Sie die Gro\u00df- und Kleinschreibung des Textes (Gro\u00df-, Klein- und Kleinschreibung).<\/a> <\/li><\/ul><\/div><\/div><div class=\"gb-grid-column gb-grid-column-5b4a0cf9\"><div class=\"gb-container gb-container-5b4a0cf9\"><\/div><\/div><\/div><\/div>","protected":false},"excerpt":{"rendered":"","protected":false},"author":1,"featured_media":0,"parent":0,"menu_order":0,"comment_status":"open","ping_status":"closed","template":"","meta":{"ub_ctt_via":"","footnotes":""},"class_list":["post-3099","page","type-page","status-publish","hentry"],"featured_image_src":null,"yoast_head":"<!-- This site is optimized with the Yoast SEO plugin v25.4 - https:\/\/yoast.com\/wordpress\/plugins\/seo\/ -->\n<title>Wie schreibt man den ersten Buchstaben in Excel gro\u00df?<\/title>\n<meta name=\"description\" content=\"In diesem Formel-Tutorial erfahren Sie, wie Sie mithilfe einer Kombination von Funktionen den ersten Buchstaben eines Textes in einer Zelle gro\u00dfschreiben.\" \/>\n<meta name=\"robots\" content=\"index, follow, max-snippet:-1, max-image-preview:large, max-video-preview:-1\" \/>\n<link rel=\"canonical\" href=\"https:\/\/exceladvisor.org\/de\/schreiben-sie-den-ersten-buchstaben-gross\/\" \/>\n<meta property=\"og:locale\" content=\"de_DE\" \/>\n<meta property=\"og:type\" content=\"article\" \/>\n<meta property=\"og:title\" content=\"Wie schreibt man den ersten Buchstaben in Excel gro\u00df?\" \/>\n<meta property=\"og:description\" content=\"In diesem Formel-Tutorial erfahren Sie, wie Sie mithilfe einer Kombination von Funktionen den ersten Buchstaben eines Textes in einer Zelle gro\u00dfschreiben.\" \/>\n<meta property=\"og:url\" content=\"https:\/\/exceladvisor.org\/de\/schreiben-sie-den-ersten-buchstaben-gross\/\" \/>\n<meta property=\"og:site_name\" content=\"Excel Advisor\" \/>\n<meta property=\"article:modified_time\" content=\"2023-12-03T13:04:54+00:00\" \/>\n<meta property=\"og:image\" content=\"https:\/\/exceladvisor.org\/wp-content\/uploads\/2023\/08\/1-premiere-lettre-en-majuscule.png\" \/>\n<meta name=\"twitter:card\" content=\"summary_large_image\" \/>\n<meta name=\"twitter:label1\" content=\"Gesch\u00e4tzte Lesezeit\" \/>\n\t<meta name=\"twitter:data1\" content=\"2\u00a0Minuten\" \/>\n<script type=\"application\/ld+json\" class=\"yoast-schema-graph\">{\"@context\":\"https:\/\/schema.org\",\"@graph\":[{\"@type\":\"WebPage\",\"@id\":\"https:\/\/exceladvisor.org\/de\/schreiben-sie-den-ersten-buchstaben-gross\/\",\"url\":\"https:\/\/exceladvisor.org\/de\/schreiben-sie-den-ersten-buchstaben-gross\/\",\"name\":\"Wie schreibt man den ersten Buchstaben in Excel gro\u00df?\",\"isPartOf\":{\"@id\":\"https:\/\/exceladvisor.org\/de\/#website\"},\"primaryImageOfPage\":{\"@id\":\"https:\/\/exceladvisor.org\/de\/schreiben-sie-den-ersten-buchstaben-gross\/#primaryimage\"},\"image\":{\"@id\":\"https:\/\/exceladvisor.org\/de\/schreiben-sie-den-ersten-buchstaben-gross\/#primaryimage\"},\"thumbnailUrl\":\"https:\/\/exceladvisor.org\/wp-content\/uploads\/2023\/08\/1-premiere-lettre-en-majuscule.png\",\"datePublished\":\"2023-11-15T12:20:42+00:00\",\"dateModified\":\"2023-12-03T13:04:54+00:00\",\"description\":\"In diesem Formel-Tutorial erfahren Sie, wie Sie mithilfe einer Kombination von Funktionen den ersten Buchstaben eines Textes in einer Zelle gro\u00dfschreiben.\",\"breadcrumb\":{\"@id\":\"https:\/\/exceladvisor.org\/de\/schreiben-sie-den-ersten-buchstaben-gross\/#breadcrumb\"},\"inLanguage\":\"de\",\"potentialAction\":[{\"@type\":\"ReadAction\",\"target\":[\"https:\/\/exceladvisor.org\/de\/schreiben-sie-den-ersten-buchstaben-gross\/\"]}]},{\"@type\":\"ImageObject\",\"inLanguage\":\"de\",\"@id\":\"https:\/\/exceladvisor.org\/de\/schreiben-sie-den-ersten-buchstaben-gross\/#primaryimage\",\"url\":\"https:\/\/exceladvisor.org\/wp-content\/uploads\/2023\/08\/1-premiere-lettre-en-majuscule.png\",\"contentUrl\":\"https:\/\/exceladvisor.org\/wp-content\/uploads\/2023\/08\/1-premiere-lettre-en-majuscule.png\"},{\"@type\":\"BreadcrumbList\",\"@id\":\"https:\/\/exceladvisor.org\/de\/schreiben-sie-den-ersten-buchstaben-gross\/#breadcrumb\",\"itemListElement\":[{\"@type\":\"ListItem\",\"position\":1,\"name\":\"Accueil\",\"item\":\"https:\/\/exceladvisor.org\/de\/\"},{\"@type\":\"ListItem\",\"position\":2,\"name\":\"Wie schreibt man den ersten buchstaben in excel gro\u00df?\"}]},{\"@type\":\"WebSite\",\"@id\":\"https:\/\/exceladvisor.org\/de\/#website\",\"url\":\"https:\/\/exceladvisor.org\/de\/\",\"name\":\"Excel Advisor\",\"description\":\"Ihr Leitfaden zur Datendominanz\",\"publisher\":{\"@id\":\"https:\/\/exceladvisor.org\/de\/#organization\"},\"potentialAction\":[{\"@type\":\"SearchAction\",\"target\":{\"@type\":\"EntryPoint\",\"urlTemplate\":\"https:\/\/exceladvisor.org\/de\/?s={search_term_string}\"},\"query-input\":{\"@type\":\"PropertyValueSpecification\",\"valueRequired\":true,\"valueName\":\"search_term_string\"}}],\"inLanguage\":\"de\"},{\"@type\":\"Organization\",\"@id\":\"https:\/\/exceladvisor.org\/de\/#organization\",\"name\":\"Excel Advisor\",\"url\":\"https:\/\/exceladvisor.org\/de\/\",\"logo\":{\"@type\":\"ImageObject\",\"inLanguage\":\"de\",\"@id\":\"https:\/\/exceladvisor.org\/de\/#\/schema\/logo\/image\/\",\"url\":\"https:\/\/exceladvisor.org\/de\/wp-content\/uploads\/2023\/11\/exceladvisor.org_.png\",\"contentUrl\":\"https:\/\/exceladvisor.org\/de\/wp-content\/uploads\/2023\/11\/exceladvisor.org_.png\",\"width\":105,\"height\":36,\"caption\":\"Excel Advisor\"},\"image\":{\"@id\":\"https:\/\/exceladvisor.org\/de\/#\/schema\/logo\/image\/\"}}]}<\/script>\n<!-- \/ Yoast SEO plugin. -->","yoast_head_json":{"title":"Wie schreibt man den ersten Buchstaben in Excel gro\u00df?","description":"In diesem Formel-Tutorial erfahren Sie, wie Sie mithilfe einer Kombination von Funktionen den ersten Buchstaben eines Textes in einer Zelle gro\u00dfschreiben.","robots":{"index":"index","follow":"follow","max-snippet":"max-snippet:-1","max-image-preview":"max-image-preview:large","max-video-preview":"max-video-preview:-1"},"canonical":"https:\/\/exceladvisor.org\/de\/schreiben-sie-den-ersten-buchstaben-gross\/","og_locale":"de_DE","og_type":"article","og_title":"Wie schreibt man den ersten Buchstaben in Excel gro\u00df?","og_description":"In diesem Formel-Tutorial erfahren Sie, wie Sie mithilfe einer Kombination von Funktionen den ersten Buchstaben eines Textes in einer Zelle gro\u00dfschreiben.","og_url":"https:\/\/exceladvisor.org\/de\/schreiben-sie-den-ersten-buchstaben-gross\/","og_site_name":"Excel Advisor","article_modified_time":"2023-12-03T13:04:54+00:00","og_image":[{"url":"https:\/\/exceladvisor.org\/wp-content\/uploads\/2023\/08\/1-premiere-lettre-en-majuscule.png","type":"","width":"","height":""}],"twitter_card":"summary_large_image","twitter_misc":{"Gesch\u00e4tzte Lesezeit":"2\u00a0Minuten"},"schema":{"@context":"https:\/\/schema.org","@graph":[{"@type":"WebPage","@id":"https:\/\/exceladvisor.org\/de\/schreiben-sie-den-ersten-buchstaben-gross\/","url":"https:\/\/exceladvisor.org\/de\/schreiben-sie-den-ersten-buchstaben-gross\/","name":"Wie schreibt man den ersten Buchstaben in Excel gro\u00df?","isPartOf":{"@id":"https:\/\/exceladvisor.org\/de\/#website"},"primaryImageOfPage":{"@id":"https:\/\/exceladvisor.org\/de\/schreiben-sie-den-ersten-buchstaben-gross\/#primaryimage"},"image":{"@id":"https:\/\/exceladvisor.org\/de\/schreiben-sie-den-ersten-buchstaben-gross\/#primaryimage"},"thumbnailUrl":"https:\/\/exceladvisor.org\/wp-content\/uploads\/2023\/08\/1-premiere-lettre-en-majuscule.png","datePublished":"2023-11-15T12:20:42+00:00","dateModified":"2023-12-03T13:04:54+00:00","description":"In diesem Formel-Tutorial erfahren Sie, wie Sie mithilfe einer Kombination von Funktionen den ersten Buchstaben eines Textes in einer Zelle gro\u00dfschreiben.","breadcrumb":{"@id":"https:\/\/exceladvisor.org\/de\/schreiben-sie-den-ersten-buchstaben-gross\/#breadcrumb"},"inLanguage":"de","potentialAction":[{"@type":"ReadAction","target":["https:\/\/exceladvisor.org\/de\/schreiben-sie-den-ersten-buchstaben-gross\/"]}]},{"@type":"ImageObject","inLanguage":"de","@id":"https:\/\/exceladvisor.org\/de\/schreiben-sie-den-ersten-buchstaben-gross\/#primaryimage","url":"https:\/\/exceladvisor.org\/wp-content\/uploads\/2023\/08\/1-premiere-lettre-en-majuscule.png","contentUrl":"https:\/\/exceladvisor.org\/wp-content\/uploads\/2023\/08\/1-premiere-lettre-en-majuscule.png"},{"@type":"BreadcrumbList","@id":"https:\/\/exceladvisor.org\/de\/schreiben-sie-den-ersten-buchstaben-gross\/#breadcrumb","itemListElement":[{"@type":"ListItem","position":1,"name":"Accueil","item":"https:\/\/exceladvisor.org\/de\/"},{"@type":"ListItem","position":2,"name":"Wie schreibt man den ersten buchstaben in excel gro\u00df?"}]},{"@type":"WebSite","@id":"https:\/\/exceladvisor.org\/de\/#website","url":"https:\/\/exceladvisor.org\/de\/","name":"Excel Advisor","description":"Ihr Leitfaden zur Datendominanz","publisher":{"@id":"https:\/\/exceladvisor.org\/de\/#organization"},"potentialAction":[{"@type":"SearchAction","target":{"@type":"EntryPoint","urlTemplate":"https:\/\/exceladvisor.org\/de\/?s={search_term_string}"},"query-input":{"@type":"PropertyValueSpecification","valueRequired":true,"valueName":"search_term_string"}}],"inLanguage":"de"},{"@type":"Organization","@id":"https:\/\/exceladvisor.org\/de\/#organization","name":"Excel Advisor","url":"https:\/\/exceladvisor.org\/de\/","logo":{"@type":"ImageObject","inLanguage":"de","@id":"https:\/\/exceladvisor.org\/de\/#\/schema\/logo\/image\/","url":"https:\/\/exceladvisor.org\/de\/wp-content\/uploads\/2023\/11\/exceladvisor.org_.png","contentUrl":"https:\/\/exceladvisor.org\/de\/wp-content\/uploads\/2023\/11\/exceladvisor.org_.png","width":105,"height":36,"caption":"Excel Advisor"},"image":{"@id":"https:\/\/exceladvisor.org\/de\/#\/schema\/logo\/image\/"}}]}},"yoast_meta":{"yoast_wpseo_title":"","yoast_wpseo_metadesc":"","yoast_wpseo_canonical":""},"_links":{"self":[{"href":"https:\/\/exceladvisor.org\/de\/wp-json\/wp\/v2\/pages\/3099","targetHints":{"allow":["GET"]}}],"collection":[{"href":"https:\/\/exceladvisor.org\/de\/wp-json\/wp\/v2\/pages"}],"about":[{"href":"https:\/\/exceladvisor.org\/de\/wp-json\/wp\/v2\/types\/page"}],"author":[{"embeddable":true,"href":"https:\/\/exceladvisor.org\/de\/wp-json\/wp\/v2\/users\/1"}],"replies":[{"embeddable":true,"href":"https:\/\/exceladvisor.org\/de\/wp-json\/wp\/v2\/comments?post=3099"}],"version-history":[{"count":1,"href":"https:\/\/exceladvisor.org\/de\/wp-json\/wp\/v2\/pages\/3099\/revisions"}],"predecessor-version":[{"id":4184,"href":"https:\/\/exceladvisor.org\/de\/wp-json\/wp\/v2\/pages\/3099\/revisions\/4184"}],"wp:attachment":[{"href":"https:\/\/exceladvisor.org\/de\/wp-json\/wp\/v2\/media?parent=3099"}],"curies":[{"name":"wp","href":"https:\/\/api.w.org\/{rel}","templated":true}]}}