{"id":3100,"date":"2023-11-15T12:06:15","date_gmt":"2023-11-15T12:06:15","guid":{"rendered":"https:\/\/exceladvisor.org\/de\/fugen-sie-das-wochendatum-hinzu\/"},"modified":"2023-12-03T11:13:28","modified_gmt":"2023-12-03T11:13:28","slug":"fugen-sie-das-wochendatum-hinzu","status":"publish","type":"page","link":"https:\/\/exceladvisor.org\/de\/fugen-sie-das-wochendatum-hinzu\/","title":{"rendered":"Wie addiere\/subtrahiere ich eine woche zu einem datum?"},"content":{"rendered":"<div class=\"excel-vor-dem-inhalt\" id=\"excel-3446682848\"><script type=\"text\/javascript\">\r\n\tatOptions = {\r\n\t\t'key' : 'c1158f160081d6540a8409e6925dab94',\r\n\t\t'format' : 'iframe',\r\n\t\t'height' : 250,\r\n\t\t'width' : 300,\r\n\t\t'params' : {}\r\n\t};\r\n<\/script>\r\n<script type=\"text\/javascript\" src=\"\/\/www.highperformanceformat.com\/c1158f160081d6540a8409e6925dab94\/invoke.js\"><\/script><\/div> <p>Um ein Datum in Excel zu addieren oder zu subtrahieren, gibt es eine einfache arithmetische Methode, die Sie verwenden k\u00f6nnen. Aber abgesehen davon gibt es noch ein paar andere M\u00f6glichkeiten, die Sie nutzen k\u00f6nnen. In diesem Tutorial werden wir alle diese Methoden einzeln betrachten.<\/p><h2 id=\"add-a-week-in-a-date\" class=\"wp-block-heading\"> F\u00fcgen Sie einem Datum eine Woche hinzu<\/h2><p> Im folgenden Beispiel haben Sie ein Datum in Zelle A1 und m\u00fcssen nun eine Woche zum Datum hinzuf\u00fcgen. <\/p><div class=\"wp-block-image\"><figure class=\"aligncenter size-full is-resized\"><img loading=\"lazy\" decoding=\"async\" class=\"wp-image-64159\" src=\"https:\/\/exceladvisor.org\/wp-content\/uploads\/2023\/08\/1-ajouter-une-semaine-dans-une-date.png\" sizes=\"auto, \" srcset=\"\" alt=\"F\u00fcgen Sie einem Datum eine Woche hinzu\" width=\"414\" height=\"271\"><\/figure><\/div><ol type=\"1\"><li> Geben Sie zun\u00e4chst \u201e=\u201c in Zelle B1 ein.<\/li><li> Schauen Sie sich als N\u00e4chstes die Zelle an, in der Sie das Datum haben.<\/li><li> Geben Sie nun zum Hinzuf\u00fcgen \u201e+\u201c ein.<\/li><li> Geben Sie am Ende 7 ein, um dem Datum eine einzelne Woche hinzuzuf\u00fcgen. <\/li><\/ol><div class=\"wp-block-image\"><figure class=\"aligncenter size-full is-resized\"><img loading=\"lazy\" decoding=\"async\" class=\"wp-image-64160\" src=\"https:\/\/exceladvisor.org\/wp-content\/uploads\/2023\/08\/2-semaine-et-date-dans-une-colonne.png\" sizes=\"auto, \" srcset=\"\" alt=\"Wochenende und Datum in einer Spalte\" width=\"507\" height=\"286\"><\/figure><\/div><p> Wie Sie sehen k\u00f6nnen, erhielten Sie nach der Addition von sieben Tagen zu den Daten den 8. <sup>Dezember<\/sup> , genau eine Woche nach dem <sup>1.<\/sup> Dezember. Wenn Sie nun mehr als eine Woche zu einem Datum hinzuf\u00fcgen m\u00f6chten, k\u00f6nnen Sie die 7 mit dieser Zahl multiplizieren. . <\/p><div class=\"wp-block-image\"><figure class=\"aligncenter size-full is-resized\"><img loading=\"lazy\" decoding=\"async\" class=\"wp-image-64161\" src=\"https:\/\/exceladvisor.org\/wp-content\/uploads\/2023\/08\/3-ajouter-des-nombres-dans-la-date-de-la-semaine.png\" sizes=\"auto, \" srcset=\"\" alt=\"F\u00fcgen Sie Zahlen zum Wochendatum hinzu\" width=\"520\" height=\"249\"><\/figure><\/div><p> Im obigen Beispiel multiplizieren Sie (7*3), um die 21 Tage zu addieren, was 3 Wochen entspricht.<\/p><h2 id=\"subtract-week-from-a-data\" class=\"wp-block-heading\"> Subtrahieren Sie eine Woche von den Daten<\/h2><p> Mit genau der gleichen Methode k\u00f6nnen Sie auch eine Woche oder mehrere Wochen von einem Datum abziehen. Sie sollten Subtraktion statt Addition verwenden. <\/p><div class=\"wp-block-image\"><figure class=\"aligncenter size-full is-resized\"><img loading=\"lazy\" decoding=\"async\" class=\"wp-image-64162\" src=\"https:\/\/exceladvisor.org\/wp-content\/uploads\/2023\/08\/4-soustraire-une-semaine-a-une-date.png\" sizes=\"auto, \" srcset=\"\" alt=\"Woche von einem Datum subtrahieren\" width=\"517\" height=\"286\"><\/figure><\/div><p> Und wenn Sie mehr als eine Woche von einem Datum abziehen m\u00f6chten, k\u00f6nnen Sie 7 mit dieser Zahl multiplizieren. <\/p><div class=\"wp-block-image\"><figure class=\"aligncenter size-full is-resized\"><img loading=\"lazy\" decoding=\"async\" class=\"wp-image-64163\" src=\"https:\/\/exceladvisor.org\/wp-content\/uploads\/2023\/08\/5-soustraire-une-semaine-de-la-date-de-la-semaine.png\" sizes=\"auto, \" srcset=\"\" alt=\"Subtrahieren Sie eine Woche vom Wochendatum\" width=\"536\" height=\"276\"><\/figure><\/div><h2 id=\"other-methods-sum-function\" class=\"wp-block-heading\"> Andere Methoden (SUM-Funktion)<\/h2><p> Es gibt eine andere Methode, mit der Sie Wochen zu einem Datum addieren oder davon subtrahieren k\u00f6nnen. Anstatt einen Additions- oder Subtraktionsoperator zu verwenden, k\u00f6nnen Sie die Summenfunktion verwenden.<\/p><p> Im folgenden Beispiel haben Sie die Summenfunktion, bei der das erste Argument das Datum ist und im zweiten Argument wir 7 haben, um eine Woche zum Datum hinzuzuf\u00fcgen. <\/p><pre class=\"wp-block-code\"> <code class=\"language-excel-formula\" lang=\"excel-formula\">=SUM(A1,7)<\/code><\/pre><div class=\"wp-block-image\"><figure class=\"aligncenter size-full is-resized\"><img loading=\"lazy\" decoding=\"async\" class=\"wp-image-64164\" src=\"https:\/\/exceladvisor.org\/wp-content\/uploads\/2023\/08\/6-fonction-de-somme-ajouter-supprimer-la-date-de-la-semaine.png\" sizes=\"auto, \" srcset=\"\" alt=\"Summenfunktion-Hinzuf\u00fcgen-L\u00f6schen-Wochendatum\" width=\"531\" height=\"293\"><\/figure><\/div><p> Und das \u00fcber mehrere Wochen. <\/p><pre class=\"wp-block-code\"> <code class=\"language-excel-formula\" lang=\"excel-formula\">=SUM(A1,7*3)<\/code><\/pre><div class=\"wp-block-image\"><figure class=\"aligncenter size-full is-resized\"><img loading=\"lazy\" decoding=\"async\" class=\"wp-image-64165\" src=\"https:\/\/exceladvisor.org\/wp-content\/uploads\/2023\/08\/7-ajouter-plusieurs-semaines-dans-la-date-de-la-semaine.png\" sizes=\"auto, \" srcset=\"\" alt=\"Add-multiple-weeks-in-week-date\" width=\"549\" height=\"261\"><\/figure><\/div><div class=\"gb-container gb-container-52dfcee1 gb-container-sample-file\"><h2 class=\"gb-headline gb-headline-e289c143 gb-headline-text gb-headline-4f7959c2\"> Holen Sie sich die Excel-Datei<\/h2><p> <a class=\"gb-button gb-button-e88d6bee gb-button-text gb-button-button1\" href=\"https:\/\/exceladvisor.org\/wp-content\/uploads\/2023\/11\/ajouter-une-semaine-a-une-date-2.xlsx\" rel=\"nofollow\">Herunterladen<\/a><\/p><\/div><div class=\"gb-container gb-container-0df56012 gb-container-mt\"> <a class=\"gb-button gb-button-f9f432f4 gb-button-text gb-button-mt-button\" href=\"https:\/\/exceladvisor.org\/de\/formeln\/\">Liste der Excel-Formeln<\/a><h2 class=\"gb-headline gb-headline-233444e8 gb-headline-text gb-headline-mt-heading\"> Verwandte Formeln <\/h2><div class=\"gb-grid-wrapper gb-grid-wrapper-a16fa65c gb-grid-wrapper-mt-grid\"><div class=\"gb-grid-column gb-grid-column-50d07e0d\"><div class=\"gb-container gb-container-50d07e0d\"><ul><li> <a href=\"https:\/\/exceladvisor.org\/de\/holen-sie-sich-den-namen-des-tages\/\">Erhalten Sie den Tagesnamen aus einem Datum in Excel<\/a><\/li><li> <a href=\"https:\/\/exceladvisor.org\/de\/tage-des-monats\/\">Ermitteln Sie die Gesamtzahl der Tage oder Monate in Excel<\/a><\/li><li> <a href=\"https:\/\/exceladvisor.org\/de\/monate-arbeitstage\/\">Arbeitstage im Monat<\/a><\/li><li> <a href=\"https:\/\/exceladvisor.org\/de\/datum-zu-text-2\/\">Datum in Text umwandeln<\/a> <\/li><\/ul><\/div><\/div><div class=\"gb-grid-column gb-grid-column-5b4a0cf9\"><div class=\"gb-container gb-container-5b4a0cf9\"><\/div><\/div><\/div><\/div>","protected":false},"excerpt":{"rendered":"","protected":false},"author":1,"featured_media":0,"parent":0,"menu_order":0,"comment_status":"open","ping_status":"closed","template":"","meta":{"ub_ctt_via":"","footnotes":""},"class_list":["post-3100","page","type-page","status-publish","hentry"],"featured_image_src":null,"yoast_head":"<!-- This site is optimized with the Yoast SEO plugin v25.4 - https:\/\/yoast.com\/wordpress\/plugins\/seo\/ -->\n<title>\u25b7 Wie addiere\/subtrahiere ich eine Woche zu einem Datum?<\/title>\n<meta name=\"description\" content=\"In diesem Formel-Tutorial erfahren Sie, wie Sie einem Datum eine oder mehrere Wochen hinzuf\u00fcgen. Und Sie lernen auch das Subtrahieren\" \/>\n<meta name=\"robots\" content=\"index, follow, max-snippet:-1, max-image-preview:large, max-video-preview:-1\" \/>\n<link rel=\"canonical\" href=\"https:\/\/exceladvisor.org\/de\/fugen-sie-das-wochendatum-hinzu\/\" \/>\n<meta property=\"og:locale\" content=\"de_DE\" \/>\n<meta property=\"og:type\" content=\"article\" \/>\n<meta property=\"og:title\" content=\"\u25b7 Wie addiere\/subtrahiere ich eine Woche zu einem Datum?\" \/>\n<meta property=\"og:description\" content=\"In diesem Formel-Tutorial erfahren Sie, wie Sie einem Datum eine oder mehrere Wochen hinzuf\u00fcgen. Und Sie lernen auch das Subtrahieren\" \/>\n<meta property=\"og:url\" content=\"https:\/\/exceladvisor.org\/de\/fugen-sie-das-wochendatum-hinzu\/\" \/>\n<meta property=\"og:site_name\" content=\"Excel Advisor\" \/>\n<meta property=\"article:modified_time\" content=\"2023-12-03T11:13:28+00:00\" \/>\n<meta property=\"og:image\" content=\"https:\/\/exceladvisor.org\/wp-content\/uploads\/2023\/08\/1-ajouter-une-semaine-dans-une-date.png\" \/>\n<meta name=\"twitter:card\" content=\"summary_large_image\" \/>\n<meta name=\"twitter:label1\" content=\"Gesch\u00e4tzte Lesezeit\" \/>\n\t<meta name=\"twitter:data1\" content=\"2\u00a0Minuten\" \/>\n<script type=\"application\/ld+json\" class=\"yoast-schema-graph\">{\"@context\":\"https:\/\/schema.org\",\"@graph\":[{\"@type\":\"WebPage\",\"@id\":\"https:\/\/exceladvisor.org\/de\/fugen-sie-das-wochendatum-hinzu\/\",\"url\":\"https:\/\/exceladvisor.org\/de\/fugen-sie-das-wochendatum-hinzu\/\",\"name\":\"\u25b7 Wie addiere\/subtrahiere ich eine Woche zu einem Datum?\",\"isPartOf\":{\"@id\":\"https:\/\/exceladvisor.org\/de\/#website\"},\"primaryImageOfPage\":{\"@id\":\"https:\/\/exceladvisor.org\/de\/fugen-sie-das-wochendatum-hinzu\/#primaryimage\"},\"image\":{\"@id\":\"https:\/\/exceladvisor.org\/de\/fugen-sie-das-wochendatum-hinzu\/#primaryimage\"},\"thumbnailUrl\":\"https:\/\/exceladvisor.org\/wp-content\/uploads\/2023\/08\/1-ajouter-une-semaine-dans-une-date.png\",\"datePublished\":\"2023-11-15T12:06:15+00:00\",\"dateModified\":\"2023-12-03T11:13:28+00:00\",\"description\":\"In diesem Formel-Tutorial erfahren Sie, wie Sie einem Datum eine oder mehrere Wochen hinzuf\u00fcgen. Und Sie lernen auch das Subtrahieren\",\"breadcrumb\":{\"@id\":\"https:\/\/exceladvisor.org\/de\/fugen-sie-das-wochendatum-hinzu\/#breadcrumb\"},\"inLanguage\":\"de\",\"potentialAction\":[{\"@type\":\"ReadAction\",\"target\":[\"https:\/\/exceladvisor.org\/de\/fugen-sie-das-wochendatum-hinzu\/\"]}]},{\"@type\":\"ImageObject\",\"inLanguage\":\"de\",\"@id\":\"https:\/\/exceladvisor.org\/de\/fugen-sie-das-wochendatum-hinzu\/#primaryimage\",\"url\":\"https:\/\/exceladvisor.org\/wp-content\/uploads\/2023\/08\/1-ajouter-une-semaine-dans-une-date.png\",\"contentUrl\":\"https:\/\/exceladvisor.org\/wp-content\/uploads\/2023\/08\/1-ajouter-une-semaine-dans-une-date.png\"},{\"@type\":\"BreadcrumbList\",\"@id\":\"https:\/\/exceladvisor.org\/de\/fugen-sie-das-wochendatum-hinzu\/#breadcrumb\",\"itemListElement\":[{\"@type\":\"ListItem\",\"position\":1,\"name\":\"Accueil\",\"item\":\"https:\/\/exceladvisor.org\/de\/\"},{\"@type\":\"ListItem\",\"position\":2,\"name\":\"Wie addiere\/subtrahiere ich eine woche zu einem datum?\"}]},{\"@type\":\"WebSite\",\"@id\":\"https:\/\/exceladvisor.org\/de\/#website\",\"url\":\"https:\/\/exceladvisor.org\/de\/\",\"name\":\"Excel Advisor\",\"description\":\"Ihr Leitfaden zur Datendominanz\",\"publisher\":{\"@id\":\"https:\/\/exceladvisor.org\/de\/#organization\"},\"potentialAction\":[{\"@type\":\"SearchAction\",\"target\":{\"@type\":\"EntryPoint\",\"urlTemplate\":\"https:\/\/exceladvisor.org\/de\/?s={search_term_string}\"},\"query-input\":{\"@type\":\"PropertyValueSpecification\",\"valueRequired\":true,\"valueName\":\"search_term_string\"}}],\"inLanguage\":\"de\"},{\"@type\":\"Organization\",\"@id\":\"https:\/\/exceladvisor.org\/de\/#organization\",\"name\":\"Excel Advisor\",\"url\":\"https:\/\/exceladvisor.org\/de\/\",\"logo\":{\"@type\":\"ImageObject\",\"inLanguage\":\"de\",\"@id\":\"https:\/\/exceladvisor.org\/de\/#\/schema\/logo\/image\/\",\"url\":\"https:\/\/exceladvisor.org\/de\/wp-content\/uploads\/2023\/11\/exceladvisor.org_.png\",\"contentUrl\":\"https:\/\/exceladvisor.org\/de\/wp-content\/uploads\/2023\/11\/exceladvisor.org_.png\",\"width\":105,\"height\":36,\"caption\":\"Excel Advisor\"},\"image\":{\"@id\":\"https:\/\/exceladvisor.org\/de\/#\/schema\/logo\/image\/\"}}]}<\/script>\n<!-- \/ Yoast SEO plugin. -->","yoast_head_json":{"title":"\u25b7 Wie addiere\/subtrahiere ich eine Woche zu einem Datum?","description":"In diesem Formel-Tutorial erfahren Sie, wie Sie einem Datum eine oder mehrere Wochen hinzuf\u00fcgen. Und Sie lernen auch das Subtrahieren","robots":{"index":"index","follow":"follow","max-snippet":"max-snippet:-1","max-image-preview":"max-image-preview:large","max-video-preview":"max-video-preview:-1"},"canonical":"https:\/\/exceladvisor.org\/de\/fugen-sie-das-wochendatum-hinzu\/","og_locale":"de_DE","og_type":"article","og_title":"\u25b7 Wie addiere\/subtrahiere ich eine Woche zu einem Datum?","og_description":"In diesem Formel-Tutorial erfahren Sie, wie Sie einem Datum eine oder mehrere Wochen hinzuf\u00fcgen. Und Sie lernen auch das Subtrahieren","og_url":"https:\/\/exceladvisor.org\/de\/fugen-sie-das-wochendatum-hinzu\/","og_site_name":"Excel Advisor","article_modified_time":"2023-12-03T11:13:28+00:00","og_image":[{"url":"https:\/\/exceladvisor.org\/wp-content\/uploads\/2023\/08\/1-ajouter-une-semaine-dans-une-date.png","type":"","width":"","height":""}],"twitter_card":"summary_large_image","twitter_misc":{"Gesch\u00e4tzte Lesezeit":"2\u00a0Minuten"},"schema":{"@context":"https:\/\/schema.org","@graph":[{"@type":"WebPage","@id":"https:\/\/exceladvisor.org\/de\/fugen-sie-das-wochendatum-hinzu\/","url":"https:\/\/exceladvisor.org\/de\/fugen-sie-das-wochendatum-hinzu\/","name":"\u25b7 Wie addiere\/subtrahiere ich eine Woche zu einem Datum?","isPartOf":{"@id":"https:\/\/exceladvisor.org\/de\/#website"},"primaryImageOfPage":{"@id":"https:\/\/exceladvisor.org\/de\/fugen-sie-das-wochendatum-hinzu\/#primaryimage"},"image":{"@id":"https:\/\/exceladvisor.org\/de\/fugen-sie-das-wochendatum-hinzu\/#primaryimage"},"thumbnailUrl":"https:\/\/exceladvisor.org\/wp-content\/uploads\/2023\/08\/1-ajouter-une-semaine-dans-une-date.png","datePublished":"2023-11-15T12:06:15+00:00","dateModified":"2023-12-03T11:13:28+00:00","description":"In diesem Formel-Tutorial erfahren Sie, wie Sie einem Datum eine oder mehrere Wochen hinzuf\u00fcgen. Und Sie lernen auch das Subtrahieren","breadcrumb":{"@id":"https:\/\/exceladvisor.org\/de\/fugen-sie-das-wochendatum-hinzu\/#breadcrumb"},"inLanguage":"de","potentialAction":[{"@type":"ReadAction","target":["https:\/\/exceladvisor.org\/de\/fugen-sie-das-wochendatum-hinzu\/"]}]},{"@type":"ImageObject","inLanguage":"de","@id":"https:\/\/exceladvisor.org\/de\/fugen-sie-das-wochendatum-hinzu\/#primaryimage","url":"https:\/\/exceladvisor.org\/wp-content\/uploads\/2023\/08\/1-ajouter-une-semaine-dans-une-date.png","contentUrl":"https:\/\/exceladvisor.org\/wp-content\/uploads\/2023\/08\/1-ajouter-une-semaine-dans-une-date.png"},{"@type":"BreadcrumbList","@id":"https:\/\/exceladvisor.org\/de\/fugen-sie-das-wochendatum-hinzu\/#breadcrumb","itemListElement":[{"@type":"ListItem","position":1,"name":"Accueil","item":"https:\/\/exceladvisor.org\/de\/"},{"@type":"ListItem","position":2,"name":"Wie addiere\/subtrahiere ich eine woche zu einem datum?"}]},{"@type":"WebSite","@id":"https:\/\/exceladvisor.org\/de\/#website","url":"https:\/\/exceladvisor.org\/de\/","name":"Excel Advisor","description":"Ihr Leitfaden zur Datendominanz","publisher":{"@id":"https:\/\/exceladvisor.org\/de\/#organization"},"potentialAction":[{"@type":"SearchAction","target":{"@type":"EntryPoint","urlTemplate":"https:\/\/exceladvisor.org\/de\/?s={search_term_string}"},"query-input":{"@type":"PropertyValueSpecification","valueRequired":true,"valueName":"search_term_string"}}],"inLanguage":"de"},{"@type":"Organization","@id":"https:\/\/exceladvisor.org\/de\/#organization","name":"Excel Advisor","url":"https:\/\/exceladvisor.org\/de\/","logo":{"@type":"ImageObject","inLanguage":"de","@id":"https:\/\/exceladvisor.org\/de\/#\/schema\/logo\/image\/","url":"https:\/\/exceladvisor.org\/de\/wp-content\/uploads\/2023\/11\/exceladvisor.org_.png","contentUrl":"https:\/\/exceladvisor.org\/de\/wp-content\/uploads\/2023\/11\/exceladvisor.org_.png","width":105,"height":36,"caption":"Excel Advisor"},"image":{"@id":"https:\/\/exceladvisor.org\/de\/#\/schema\/logo\/image\/"}}]}},"yoast_meta":{"yoast_wpseo_title":"","yoast_wpseo_metadesc":"","yoast_wpseo_canonical":""},"_links":{"self":[{"href":"https:\/\/exceladvisor.org\/de\/wp-json\/wp\/v2\/pages\/3100","targetHints":{"allow":["GET"]}}],"collection":[{"href":"https:\/\/exceladvisor.org\/de\/wp-json\/wp\/v2\/pages"}],"about":[{"href":"https:\/\/exceladvisor.org\/de\/wp-json\/wp\/v2\/types\/page"}],"author":[{"embeddable":true,"href":"https:\/\/exceladvisor.org\/de\/wp-json\/wp\/v2\/users\/1"}],"replies":[{"embeddable":true,"href":"https:\/\/exceladvisor.org\/de\/wp-json\/wp\/v2\/comments?post=3100"}],"version-history":[{"count":1,"href":"https:\/\/exceladvisor.org\/de\/wp-json\/wp\/v2\/pages\/3100\/revisions"}],"predecessor-version":[{"id":3836,"href":"https:\/\/exceladvisor.org\/de\/wp-json\/wp\/v2\/pages\/3100\/revisions\/3836"}],"wp:attachment":[{"href":"https:\/\/exceladvisor.org\/de\/wp-json\/wp\/v2\/media?parent=3100"}],"curies":[{"name":"wp","href":"https:\/\/api.w.org\/{rel}","templated":true}]}}