{"id":3101,"date":"2023-11-15T11:48:49","date_gmt":"2023-11-15T11:48:49","guid":{"rendered":"https:\/\/exceladvisor.org\/de\/wenn-negativ-dann-null\/"},"modified":"2023-12-03T11:22:16","modified_gmt":"2023-12-03T11:22:16","slug":"wenn-negativ-dann-null","status":"publish","type":"page","link":"https:\/\/exceladvisor.org\/de\/wenn-negativ-dann-null\/","title":{"rendered":"Wie kann man negative werte in excel auf null setzen?"},"content":{"rendered":"<div class=\"excel-vor-dem-inhalt\" id=\"excel-517733138\"><script type=\"text\/javascript\">\r\n\tatOptions = {\r\n\t\t'key' : 'c1158f160081d6540a8409e6925dab94',\r\n\t\t'format' : 'iframe',\r\n\t\t'height' : 250,\r\n\t\t'width' : 300,\r\n\t\t'params' : {}\r\n\t};\r\n<\/script>\r\n<script type=\"text\/javascript\" src=\"\/\/www.highperformanceformat.com\/c1158f160081d6540a8409e6925dab94\/invoke.js\"><\/script><\/div> <p>Lassen Sie mich ein Beispiel mit Ihnen teilen. In der folgenden Tabelle haben Sie eine Tabelle mit den beiden Listen der Zahlen in den Spalten A und B. Und in Spalte C sehen Sie einen Unterschied zwischen den beiden. <\/p><div class=\"wp-block-image\"><figure class=\"aligncenter size-full is-resized\"><img loading=\"lazy\" decoding=\"async\" class=\"wp-image-64144\" src=\"https:\/\/exceladvisor.org\/wp-content\/uploads\/2023\/08\/1-tableau-avec-des-valeurs-negatives.png\" sizes=\"auto, \" srcset=\"\" alt=\"Tabelle mit negativen Werten\" width=\"381\" height=\"298\"><\/figure><\/div><p> Hier m\u00fcssen wir nun eine Formel verwenden, um negative Werte in Nullen umzuwandeln. In diesem Tutorial betrachten wir die verschiedenen M\u00f6glichkeiten, eine Formel zu schreiben, um negative Zahlen in Nullen umzuwandeln.<\/p><h2 id=\"convert-negative-numbers-using-if\" class=\"wp-block-heading\"> Konvertieren Sie negative Zahlen mit IF<\/h2><p> Die erste Methode besteht darin, die IF-Funktion zu verwenden, mit der Sie eine Bedingung erstellen k\u00f6nnen, um zu pr\u00fcfen, ob eine Zahl negativ ist, und diese Zahl dann in Null umzuwandeln. <\/p><div class=\"wp-block-image\"><figure class=\"aligncenter size-full is-resized\"><img loading=\"lazy\" decoding=\"async\" class=\"wp-image-64145\" src=\"https:\/\/exceladvisor.org\/wp-content\/uploads\/2023\/08\/convertir-un-nombre-negatif.png\" sizes=\"auto, \" srcset=\"\" alt=\"negative-zahl umwandeln\" width=\"372\" height=\"293\"><\/figure><\/div><p> F\u00fchren Sie die folgenden Schritte aus.<\/p><ol type=\"1\"><li> Geben Sie die IF-Funktion in Zelle C2 ein.<\/li><li> Geben Sie die Subtraktionsformel f\u00fcr Zelle A1 von B1 an.<\/li><li> Verwenden Sie das gr\u00f6\u00dfere Vorzeichen mit der Null, um eine Bedingung zu erstellen.<\/li><li> Geben Sie f\u00fcr value_if_true Null an.<\/li><li> Geben Sie f\u00fcr value_if_false die Subtraktionsformel ein, die Sie in der Bedingung verwendet haben.<\/li><li> Geben Sie die schlie\u00dfenden Klammern ein und dr\u00fccken Sie die Eingabetaste, um das Ergebnis zu erhalten.<\/li><\/ol><p> Indem Sie die obigen Schritte ausf\u00fchren, haben Sie eine Formel geschrieben, die zwei Werte subtrahiert und das Ergebnis testet. Wenn das Ergebnis eine negative Zahl ist, konvertieren Sie diese negative Zahl in Null oder das normale Ergebnis. <\/p><pre class=\"wp-block-code\"> <code class=\"language-excel-formula\" lang=\"excel-formula\">=IF(A2-B2&lt;0,0,A2-B2)<\/code><\/pre><h2 id=\"change-negative-numbers-into-a-zero-with-max-function\" class=\"wp-block-heading\"> Wandeln Sie negative Zahlen mit der MAX-Funktion in Null um<\/h2><p> Sie k\u00f6nnen auch die MAX-Funktion verwenden, um eine negative Zahl in Null zu \u00e4ndern. Nehmen wir das gleiche Beispiel. <\/p><div class=\"wp-block-image\"><figure class=\"aligncenter size-full is-resized\"><img loading=\"lazy\" decoding=\"async\" class=\"wp-image-64147\" src=\"https:\/\/exceladvisor.org\/wp-content\/uploads\/2023\/08\/3-changer-les-nombres-negatifs-en-zero.png\" sizes=\"auto, \" srcset=\"\" alt=\"Negative-Zahlen-in-Null \u00e4ndern\" width=\"401\" height=\"321\"><\/figure><\/div><pre class=\"wp-block-code\"> <code class=\"language-excel-formula\" lang=\"excel-formula\">=MAX(A2-B2,0)<\/code><\/pre><p> In der obigen Formel haben Sie die Max-Funktion verwendet, wobei ein Argument die Formel zum Subtrahieren von A2 von B2 ist und das zweite eine Null ist.<\/p><p> Lassen Sie es uns so verstehen: Die Max-Funktion gibt die Maximalwerte aus mehreren Werten zur\u00fcck. Wenn das Subtraktionsergebnis eine positive Zahl ist, wird diese Zahl zur\u00fcckgegeben. Wenn das Ergebnis jedoch eine negative Zahl ist, wird Null zur\u00fcckgegeben.<\/p><h2 id=\"show-a-zero-for-negative-number\" class=\"wp-block-heading\"> Zeigen Sie eine Null f\u00fcr eine negative Zahl an<\/h2><p> Sie k\u00f6nnen auch eine benutzerdefinierte Formatierung verwenden, um eine Null f\u00fcr eine negative Zahl anzuzeigen. F\u00fchren Sie die folgenden Schritte aus, um es anzuwenden.<\/p><ol type=\"1\"><li> W\u00e4hlen Sie eine Zelle oder einen Zellbereich aus.<\/li><li> Dr\u00fccken Sie die Tastenkombination Strg + 1 (Befehl +1 bei Mac), um das Dialogfeld \u201eZellen formatieren\u201c zu \u00f6ffnen.<\/li><li> Klicken Sie auf die benutzerdefinierte Option und geben Sie 0 ein; \u201e0\u201c; 0 im Eingabefeld.<\/li><li> Klicken Sie auf OK, um die Einstellungen zu \u00fcbernehmen. <\/li><\/ol><div class=\"wp-block-image\"><figure class=\"aligncenter size-full is-resized\"><img loading=\"lazy\" decoding=\"async\" class=\"wp-image-64148\" src=\"https:\/\/exceladvisor.org\/wp-content\/uploads\/2023\/08\/4-zero-pour-les-nombres-negatifs.png\" sizes=\"auto, \" srcset=\"\" alt=\"Null f\u00fcr negative Zahlen\" width=\"535\" height=\"324\"><\/figure><\/div><p> Diese Methode \u00e4ndert nicht den Wert, sondern die Formatierung. Der urspr\u00fcngliche Wert bleibt erhalten. <\/p><div class=\"gb-container gb-container-52dfcee1 gb-container-sample-file\"><h2 class=\"gb-headline gb-headline-e289c143 gb-headline-text gb-headline-4f7959c2\"> Holen Sie sich die Excel-Datei<\/h2> <a class=\"gb-button gb-button-e88d6bee gb-button-text gb-button-button1\" href=\"https:\/\/exceladvisor.org\/wp-content\/uploads\/2023\/08\/si-negatif-alors-zero-2.xlsx\" rel=\"nofollow\">Herunterladen<\/a><\/div><div class=\"gb-container gb-container-0df56012 gb-container-mt\"> <a class=\"gb-button gb-button-f9f432f4 gb-button-text gb-button-mt-button\" href=\"https:\/\/exceladvisor.org\/de\/formeln\/\">Liste der Excel-Formeln<\/a><h2 class=\"gb-headline gb-headline-233444e8 gb-headline-text gb-headline-mt-heading\"> Verwandte Formeln <\/h2><div class=\"gb-grid-wrapper gb-grid-wrapper-a16fa65c gb-grid-wrapper-mt-grid\"><div class=\"gb-grid-column gb-grid-column-50d07e0d\"><div class=\"gb-container gb-container-50d07e0d\"><ul><li> <a href=\"https:\/\/exceladvisor.org\/de\/wenn-null-dann-leer\/\">\u00dcberpr\u00fcfen Sie, ob 0 (Null) ist, und leeren Sie es dann in Excel<\/a><\/li><li> <a href=\"https:\/\/exceladvisor.org\/de\/uberprufen-sie-ob-ein-wert-in-einem-bereich-vorhanden-ist\/\">\u00dcberpr\u00fcfen Sie, ob in einem Bereich in Excel ein Wert vorhanden ist<\/a><\/li><li> <a href=\"https:\/\/exceladvisor.org\/de\/wenn-und-1\/\">Kombinieren Sie WENN- und UND-Funktionen in Excel<\/a><\/li><li> <a href=\"https:\/\/exceladvisor.org\/de\/wenn-oder-1\/\">Kombinieren Sie WENN- und ODER-Funktionen in Excel<\/a><\/li><li> <a href=\"https:\/\/exceladvisor.org\/de\/wenn-die-zelle-leer-ist\/\">IF Zelle ist leer (blank) mit IF + ISBLANK in Excel<\/a> <\/li><\/ul><\/div><\/div><div class=\"gb-grid-column gb-grid-column-5b4a0cf9\"><div class=\"gb-container gb-container-5b4a0cf9\"><\/div><\/div><\/div><\/div>","protected":false},"excerpt":{"rendered":"","protected":false},"author":1,"featured_media":0,"parent":0,"menu_order":0,"comment_status":"open","ping_status":"closed","template":"","meta":{"ub_ctt_via":"","footnotes":""},"class_list":["post-3101","page","type-page","status-publish","hentry"],"featured_image_src":null,"yoast_head":"<!-- This site is optimized with the Yoast SEO plugin v25.4 - https:\/\/yoast.com\/wordpress\/plugins\/seo\/ -->\n<title>Wie kann man negative Werte in Excel auf Null setzen?<\/title>\n<meta name=\"description\" content=\"In diesem Formel-Tutorial erfahren Sie, wie Sie mit der IF-Funktion eine Formel erstellen, die Null zur\u00fcckgibt, wenn ein Wert vorhanden ist\" \/>\n<meta name=\"robots\" content=\"index, follow, max-snippet:-1, max-image-preview:large, max-video-preview:-1\" \/>\n<link rel=\"canonical\" href=\"https:\/\/exceladvisor.org\/de\/wenn-negativ-dann-null\/\" \/>\n<meta property=\"og:locale\" content=\"de_DE\" \/>\n<meta property=\"og:type\" content=\"article\" \/>\n<meta property=\"og:title\" content=\"Wie kann man negative Werte in Excel auf Null setzen?\" \/>\n<meta property=\"og:description\" content=\"In diesem Formel-Tutorial erfahren Sie, wie Sie mit der IF-Funktion eine Formel erstellen, die Null zur\u00fcckgibt, wenn ein Wert vorhanden ist\" \/>\n<meta property=\"og:url\" content=\"https:\/\/exceladvisor.org\/de\/wenn-negativ-dann-null\/\" \/>\n<meta property=\"og:site_name\" content=\"Excel Advisor\" \/>\n<meta property=\"article:modified_time\" content=\"2023-12-03T11:22:16+00:00\" \/>\n<meta property=\"og:image\" content=\"https:\/\/exceladvisor.org\/wp-content\/uploads\/2023\/08\/1-tableau-avec-des-valeurs-negatives.png\" \/>\n<meta name=\"twitter:card\" content=\"summary_large_image\" \/>\n<meta name=\"twitter:label1\" content=\"Gesch\u00e4tzte Lesezeit\" \/>\n\t<meta name=\"twitter:data1\" content=\"2\u00a0Minuten\" \/>\n<script type=\"application\/ld+json\" class=\"yoast-schema-graph\">{\"@context\":\"https:\/\/schema.org\",\"@graph\":[{\"@type\":\"WebPage\",\"@id\":\"https:\/\/exceladvisor.org\/de\/wenn-negativ-dann-null\/\",\"url\":\"https:\/\/exceladvisor.org\/de\/wenn-negativ-dann-null\/\",\"name\":\"Wie kann man negative Werte in Excel auf Null setzen?\",\"isPartOf\":{\"@id\":\"https:\/\/exceladvisor.org\/de\/#website\"},\"primaryImageOfPage\":{\"@id\":\"https:\/\/exceladvisor.org\/de\/wenn-negativ-dann-null\/#primaryimage\"},\"image\":{\"@id\":\"https:\/\/exceladvisor.org\/de\/wenn-negativ-dann-null\/#primaryimage\"},\"thumbnailUrl\":\"https:\/\/exceladvisor.org\/wp-content\/uploads\/2023\/08\/1-tableau-avec-des-valeurs-negatives.png\",\"datePublished\":\"2023-11-15T11:48:49+00:00\",\"dateModified\":\"2023-12-03T11:22:16+00:00\",\"description\":\"In diesem Formel-Tutorial erfahren Sie, wie Sie mit der IF-Funktion eine Formel erstellen, die Null zur\u00fcckgibt, wenn ein Wert vorhanden ist\",\"breadcrumb\":{\"@id\":\"https:\/\/exceladvisor.org\/de\/wenn-negativ-dann-null\/#breadcrumb\"},\"inLanguage\":\"de\",\"potentialAction\":[{\"@type\":\"ReadAction\",\"target\":[\"https:\/\/exceladvisor.org\/de\/wenn-negativ-dann-null\/\"]}]},{\"@type\":\"ImageObject\",\"inLanguage\":\"de\",\"@id\":\"https:\/\/exceladvisor.org\/de\/wenn-negativ-dann-null\/#primaryimage\",\"url\":\"https:\/\/exceladvisor.org\/wp-content\/uploads\/2023\/08\/1-tableau-avec-des-valeurs-negatives.png\",\"contentUrl\":\"https:\/\/exceladvisor.org\/wp-content\/uploads\/2023\/08\/1-tableau-avec-des-valeurs-negatives.png\"},{\"@type\":\"BreadcrumbList\",\"@id\":\"https:\/\/exceladvisor.org\/de\/wenn-negativ-dann-null\/#breadcrumb\",\"itemListElement\":[{\"@type\":\"ListItem\",\"position\":1,\"name\":\"Accueil\",\"item\":\"https:\/\/exceladvisor.org\/de\/\"},{\"@type\":\"ListItem\",\"position\":2,\"name\":\"Wie kann man negative werte in excel auf null setzen?\"}]},{\"@type\":\"WebSite\",\"@id\":\"https:\/\/exceladvisor.org\/de\/#website\",\"url\":\"https:\/\/exceladvisor.org\/de\/\",\"name\":\"Excel Advisor\",\"description\":\"Ihr Leitfaden zur Datendominanz\",\"publisher\":{\"@id\":\"https:\/\/exceladvisor.org\/de\/#organization\"},\"potentialAction\":[{\"@type\":\"SearchAction\",\"target\":{\"@type\":\"EntryPoint\",\"urlTemplate\":\"https:\/\/exceladvisor.org\/de\/?s={search_term_string}\"},\"query-input\":{\"@type\":\"PropertyValueSpecification\",\"valueRequired\":true,\"valueName\":\"search_term_string\"}}],\"inLanguage\":\"de\"},{\"@type\":\"Organization\",\"@id\":\"https:\/\/exceladvisor.org\/de\/#organization\",\"name\":\"Excel Advisor\",\"url\":\"https:\/\/exceladvisor.org\/de\/\",\"logo\":{\"@type\":\"ImageObject\",\"inLanguage\":\"de\",\"@id\":\"https:\/\/exceladvisor.org\/de\/#\/schema\/logo\/image\/\",\"url\":\"https:\/\/exceladvisor.org\/de\/wp-content\/uploads\/2023\/11\/exceladvisor.org_.png\",\"contentUrl\":\"https:\/\/exceladvisor.org\/de\/wp-content\/uploads\/2023\/11\/exceladvisor.org_.png\",\"width\":105,\"height\":36,\"caption\":\"Excel Advisor\"},\"image\":{\"@id\":\"https:\/\/exceladvisor.org\/de\/#\/schema\/logo\/image\/\"}}]}<\/script>\n<!-- \/ Yoast SEO plugin. -->","yoast_head_json":{"title":"Wie kann man negative Werte in Excel auf Null setzen?","description":"In diesem Formel-Tutorial erfahren Sie, wie Sie mit der IF-Funktion eine Formel erstellen, die Null zur\u00fcckgibt, wenn ein Wert vorhanden ist","robots":{"index":"index","follow":"follow","max-snippet":"max-snippet:-1","max-image-preview":"max-image-preview:large","max-video-preview":"max-video-preview:-1"},"canonical":"https:\/\/exceladvisor.org\/de\/wenn-negativ-dann-null\/","og_locale":"de_DE","og_type":"article","og_title":"Wie kann man negative Werte in Excel auf Null setzen?","og_description":"In diesem Formel-Tutorial erfahren Sie, wie Sie mit der IF-Funktion eine Formel erstellen, die Null zur\u00fcckgibt, wenn ein Wert vorhanden ist","og_url":"https:\/\/exceladvisor.org\/de\/wenn-negativ-dann-null\/","og_site_name":"Excel Advisor","article_modified_time":"2023-12-03T11:22:16+00:00","og_image":[{"url":"https:\/\/exceladvisor.org\/wp-content\/uploads\/2023\/08\/1-tableau-avec-des-valeurs-negatives.png","type":"","width":"","height":""}],"twitter_card":"summary_large_image","twitter_misc":{"Gesch\u00e4tzte Lesezeit":"2\u00a0Minuten"},"schema":{"@context":"https:\/\/schema.org","@graph":[{"@type":"WebPage","@id":"https:\/\/exceladvisor.org\/de\/wenn-negativ-dann-null\/","url":"https:\/\/exceladvisor.org\/de\/wenn-negativ-dann-null\/","name":"Wie kann man negative Werte in Excel auf Null setzen?","isPartOf":{"@id":"https:\/\/exceladvisor.org\/de\/#website"},"primaryImageOfPage":{"@id":"https:\/\/exceladvisor.org\/de\/wenn-negativ-dann-null\/#primaryimage"},"image":{"@id":"https:\/\/exceladvisor.org\/de\/wenn-negativ-dann-null\/#primaryimage"},"thumbnailUrl":"https:\/\/exceladvisor.org\/wp-content\/uploads\/2023\/08\/1-tableau-avec-des-valeurs-negatives.png","datePublished":"2023-11-15T11:48:49+00:00","dateModified":"2023-12-03T11:22:16+00:00","description":"In diesem Formel-Tutorial erfahren Sie, wie Sie mit der IF-Funktion eine Formel erstellen, die Null zur\u00fcckgibt, wenn ein Wert vorhanden ist","breadcrumb":{"@id":"https:\/\/exceladvisor.org\/de\/wenn-negativ-dann-null\/#breadcrumb"},"inLanguage":"de","potentialAction":[{"@type":"ReadAction","target":["https:\/\/exceladvisor.org\/de\/wenn-negativ-dann-null\/"]}]},{"@type":"ImageObject","inLanguage":"de","@id":"https:\/\/exceladvisor.org\/de\/wenn-negativ-dann-null\/#primaryimage","url":"https:\/\/exceladvisor.org\/wp-content\/uploads\/2023\/08\/1-tableau-avec-des-valeurs-negatives.png","contentUrl":"https:\/\/exceladvisor.org\/wp-content\/uploads\/2023\/08\/1-tableau-avec-des-valeurs-negatives.png"},{"@type":"BreadcrumbList","@id":"https:\/\/exceladvisor.org\/de\/wenn-negativ-dann-null\/#breadcrumb","itemListElement":[{"@type":"ListItem","position":1,"name":"Accueil","item":"https:\/\/exceladvisor.org\/de\/"},{"@type":"ListItem","position":2,"name":"Wie kann man negative werte in excel auf null setzen?"}]},{"@type":"WebSite","@id":"https:\/\/exceladvisor.org\/de\/#website","url":"https:\/\/exceladvisor.org\/de\/","name":"Excel Advisor","description":"Ihr Leitfaden zur Datendominanz","publisher":{"@id":"https:\/\/exceladvisor.org\/de\/#organization"},"potentialAction":[{"@type":"SearchAction","target":{"@type":"EntryPoint","urlTemplate":"https:\/\/exceladvisor.org\/de\/?s={search_term_string}"},"query-input":{"@type":"PropertyValueSpecification","valueRequired":true,"valueName":"search_term_string"}}],"inLanguage":"de"},{"@type":"Organization","@id":"https:\/\/exceladvisor.org\/de\/#organization","name":"Excel Advisor","url":"https:\/\/exceladvisor.org\/de\/","logo":{"@type":"ImageObject","inLanguage":"de","@id":"https:\/\/exceladvisor.org\/de\/#\/schema\/logo\/image\/","url":"https:\/\/exceladvisor.org\/de\/wp-content\/uploads\/2023\/11\/exceladvisor.org_.png","contentUrl":"https:\/\/exceladvisor.org\/de\/wp-content\/uploads\/2023\/11\/exceladvisor.org_.png","width":105,"height":36,"caption":"Excel Advisor"},"image":{"@id":"https:\/\/exceladvisor.org\/de\/#\/schema\/logo\/image\/"}}]}},"yoast_meta":{"yoast_wpseo_title":"","yoast_wpseo_metadesc":"","yoast_wpseo_canonical":""},"_links":{"self":[{"href":"https:\/\/exceladvisor.org\/de\/wp-json\/wp\/v2\/pages\/3101","targetHints":{"allow":["GET"]}}],"collection":[{"href":"https:\/\/exceladvisor.org\/de\/wp-json\/wp\/v2\/pages"}],"about":[{"href":"https:\/\/exceladvisor.org\/de\/wp-json\/wp\/v2\/types\/page"}],"author":[{"embeddable":true,"href":"https:\/\/exceladvisor.org\/de\/wp-json\/wp\/v2\/users\/1"}],"replies":[{"embeddable":true,"href":"https:\/\/exceladvisor.org\/de\/wp-json\/wp\/v2\/comments?post=3101"}],"version-history":[{"count":1,"href":"https:\/\/exceladvisor.org\/de\/wp-json\/wp\/v2\/pages\/3101\/revisions"}],"predecessor-version":[{"id":4110,"href":"https:\/\/exceladvisor.org\/de\/wp-json\/wp\/v2\/pages\/3101\/revisions\/4110"}],"wp:attachment":[{"href":"https:\/\/exceladvisor.org\/de\/wp-json\/wp\/v2\/media?parent=3101"}],"curies":[{"name":"wp","href":"https:\/\/api.w.org\/{rel}","templated":true}]}}