{"id":3102,"date":"2023-11-15T11:37:07","date_gmt":"2023-11-15T11:37:07","guid":{"rendered":"https:\/\/exceladvisor.org\/de\/referenz-3d\/"},"modified":"2023-12-03T11:19:36","modified_gmt":"2023-12-03T11:19:36","slug":"referenz-3d","status":"publish","type":"page","link":"https:\/\/exceladvisor.org\/de\/referenz-3d\/","title":{"rendered":"Wie erstelle ich eine 3d-referenz in excel?"},"content":{"rendered":"<div class=\"excel-vor-dem-inhalt\" id=\"excel-1890495652\"><script type=\"text\/javascript\">\r\n\tatOptions = {\r\n\t\t'key' : 'c1158f160081d6540a8409e6925dab94',\r\n\t\t'format' : 'iframe',\r\n\t\t'height' : 250,\r\n\t\t'width' : 300,\r\n\t\t'params' : {}\r\n\t};\r\n<\/script>\r\n<script type=\"text\/javascript\" src=\"\/\/www.highperformanceformat.com\/c1158f160081d6540a8409e6925dab94\/invoke.js\"><\/script><\/div> <p>Wir alle wollen Zeit sparen. Dar\u00fcber hinaus kann die Verwendung von 3D Reference in Excel viel Zeit sparen.<\/p><p> Es ist wie ein dreidimensionaler Graph oder ein Bild mit mehr als einer Phase. <span style=\"font-size: 1em;\">Ein normaler Bereich ist f\u00fcr eine Gruppe von Zellen auf einem einzelnen Arbeitsblatt.<\/span><\/p><p> Beispielsweise ist in =SUM(Sheet1!A1:A10) \u201eA1:A10\u201c eine Gruppe von Zellen, auf die von Sheet1 aus verwiesen wird.<\/p><p> Eine 3D-Referenz ist jedoch ein Zellbereich, in dem Sie mit einer einzigen Referenz auf dieselben Zellen aus mehreren Arbeitsbl\u00e4ttern verweisen k\u00f6nnen. In einfachen Worten: Beziehen Sie sich auf dieselbe Zelle oder denselben Bereich \u00fcber mehrere Bl\u00e4tter hinweg.<\/p><h2 id=\"h-create-a-3d-reference\" class=\"wp-block-heading\"> Erstellen Sie eine 3D-Referenz<\/h2><p> Das Einzige, was Sie vor der Verwendung einer 3D-Referenz beachten m\u00fcssen, ist, dass alle Arbeitsbl\u00e4tter in einer Reihenfolge vorliegen m\u00fcssen. Lassen Sie mich Ihnen ein Beispiel zeigen. <\/p><div class=\"wp-block-image\"><figure class=\"aligncenter\"><img decoding=\"async\" src=\"https:\/\/exceladvisor.org\/wp-content\/uploads\/2023\/08\/Ajouter-des-feuilles-de-calcul-pour-utiliser-la-plage-Excel-3D.png\" sizes=\"\" srcset=\"\" alt=\"F\u00fcgen Sie Arbeitsbl\u00e4tter hinzu, um den Excel-3D-Bereich zu verwenden\"><\/figure><\/div><p> Jetzt haben Sie hier 5 Arbeitsbl\u00e4tter in einer Arbeitsmappe. Wenn Sie also eine Summe des Bereichs C5:D6 aus allen 5 Arbeitsbl\u00e4ttern berechnen m\u00f6chten, m\u00fcssen Sie eine Formel wie die folgende verwenden.<\/p><pre class=\"wp-block-code\"> <code class=\"language-excel-formula\" lang=\"excel-formula\">=('2009'!A1:A10,'2010'!A1:A10,'2011'!A1:A10,'2012'!A1:A10,'2013'!A1:A10)<\/code><\/pre><p> Wenn Sie jedoch eine 3D-Formel mit einer 3D-Referenz erstellen m\u00f6chten, sieht das in etwa so aus.<\/p><pre class=\"wp-block-code\"> <code class=\"language-excel-formula\" lang=\"excel-formula\">=SUM('2009:2013'!A1:A10)<\/code><\/pre><h2 id=\"h-how-3d-reference-works-in-excel\" class=\"wp-block-heading\"> So funktioniert die 3D-Referenz in Excel<\/h2><p> Eine 3D-Reichweitenformel funktioniert immer in zwei verschiedenen Teilen. <\/p><div class=\"wp-block-image\"><figure class=\"aligncenter\"><img decoding=\"async\" src=\"https:\/\/exceladvisor.org\/wp-content\/uploads\/2023\/08\/Comment-fonctionne-la-gamme-Excel-3D-1.png\" sizes=\"\" srcset=\"\" alt=\"So funktioniert der Excel 3D-Bereich\"><\/figure><\/div><ul><li> <strong>Erstens:<\/strong> Ein Arbeitsblattbereich: Wie bei einem Zellbereich m\u00fcssen Sie einen Arbeitsblattbereich erstellen, aus dem Sie auf Zellen verweisen m\u00f6chten. Der Arbeitsblattbereich muss ein kontinuierlicher Bereich sein. Im obigen Beispiel habe ich 5 Tabellenkalkulationen von 2009 bis 2013.<\/li><li> <strong>Zweitens<\/strong> : Eine Reihe von Zellen. Ein normaler Zellbereich, auf den <span style=\"font-size: revert;\">Sie in allen Arbeitsbl\u00e4ttern verweisen m\u00f6chten.<\/span><\/li><\/ul><h2 id=\"h-adding-a-new-worksheet\" class=\"wp-block-heading\"> Hinzuf\u00fcgen einer neuen Tabelle<\/h2><p> Nehmen wir an, Sie f\u00fcgen zwischen 2009 und 2013 ein Arbeitsblatt ein. Es wird automatisch den Wert des Bereichs A1:A10 aus dem neuen Blatt in die von Ihnen verwendete Funktion einbeziehen. <\/p><div class=\"wp-block-image\"><figure class=\"aligncenter\"><img decoding=\"async\" src=\"https:\/\/exceladvisor.org\/wp-content\/uploads\/2023\/08\/Comment-creer-une-plage-3D5-1.png\" sizes=\"\" srcset=\"\" alt=\"Weitere Informationen zum Hinzuf\u00fcgen neuer Arbeitsbl\u00e4tter zum 3D-Bereich\"><\/figure><\/div><h2 id=\"h-deleting-a-worksheet\" class=\"wp-block-heading\"> Eine Tabelle l\u00f6schen:<\/h2><p> Wenn Sie ein Arbeitsblatt aus den Jahren 2009 bis 2013 l\u00f6schen, wird der Wert in Zelle C4 automatisch von der von Ihnen verwendeten Funktion ausgeschlossen.<\/p><h2 id=\"h-the-sequence-of-worksheets\" class=\"wp-block-heading\"> Die Arbeitsblattfolge:<\/h2><p> Hier in diesem Beispiel beginnt der Arbeitsblattbereich bei \u201eBlatt 2009\u201c und endet bei \u201eBlatt 2013\u201c. Der Punkt ist, dass, wenn Sie ein Blatt aus diesem Bereich verschieben, dieses Blatt von der Formelberechnung ausgeschlossen wird.<\/p><h2 id=\"h-conclusion\" class=\"wp-block-heading\"> Abschluss<\/h2><p> Einer der wichtigsten Vorteile von 3D-Referenzen besteht darin, dass sie Ihre komplexen Formeln verk\u00fcrzen k\u00f6nnen. Sie m\u00fcssen nicht alle Arbeitsbl\u00e4tter einzeln in Formeln referenzieren. Und ich hoffe, dass diese Methode Ihnen hilft, bessere Formeln zu schreiben.<\/p><p> Jetzt sag mir eins. Haben Sie das schon einmal probiert? Bitte teilen Sie mir Ihre Gedanken im Kommentarbereich mit, ich w\u00fcrde mich freuen, von Ihnen zu h\u00f6ren. Und vergessen Sie nicht, es mit Ihren Freunden zu teilen. <\/p><div class=\"gb-container gb-container-bafb25cc gb-container-download-2\"><div class=\"gb-grid-wrapper gb-grid-wrapper-91201309\"><div class=\"gb-grid-column gb-grid-column-15a917ef\"><div class=\"gb-container gb-container-15a917ef\"><h2 class=\"gb-headline gb-headline-f2deb261 gb-headline-text gb-headline-download-2\"> Holen Sie sich die Excel-Datei <\/h2><\/div><\/div><div class=\"gb-grid-column gb-grid-column-18357188\"><div class=\"gb-container gb-container-18357188\"><div class=\"gb-container gb-container-76cbe15e\"> <a class=\"gb-button gb-button-cb63d00a gb-button-text gb-button-download-2\" href=\"https:\/\/exceladvisor.org\/wp-content\/uploads\/2023\/08\/gamme-3d.xlsx\" rel=\"nofollow\">Herunterladen<\/a><\/div><\/div><\/div><\/div><\/div><div class=\"gb-container gb-container-0df56012 gb-container-mt\"> <a class=\"gb-button gb-button-f9f432f4 gb-button-text gb-button-mt-button\" href=\"https:\/\/exceladvisor.org\/de\/formeln\/\">Liste der Excel-Formeln<\/a><h2 class=\"gb-headline gb-headline-233444e8 gb-headline-text gb-headline-mt-heading\"> Verwandte Formeln <\/h2><div class=\"gb-grid-wrapper gb-grid-wrapper-a16fa65c gb-grid-wrapper-mt-grid\"><div class=\"gb-grid-column gb-grid-column-50d07e0d\"><div class=\"gb-container gb-container-50d07e0d\"><ul><li> <a href=\"https:\/\/exceladvisor.org\/de\/platzhalter-2\/\">Platzhalter in Excel<\/a><\/li><li> <a href=\"https:\/\/exceladvisor.org\/de\/formel-ausblenden\/\">Formel in Excel ausblenden<\/a><\/li><li> <a href=\"https:\/\/exceladvisor.org\/de\/r1c1\/\">R1C1-Referenzstil in Excel<\/a> <\/li><\/ul><\/div><\/div><div class=\"gb-grid-column gb-grid-column-5b4a0cf9\"><div class=\"gb-container gb-container-5b4a0cf9\"><\/div><\/div><\/div><\/div>","protected":false},"excerpt":{"rendered":"","protected":false},"author":1,"featured_media":0,"parent":0,"menu_order":0,"comment_status":"open","ping_status":"closed","template":"","meta":{"ub_ctt_via":"","footnotes":""},"class_list":["post-3102","page","type-page","status-publish","hentry"],"featured_image_src":null,"yoast_head":"<!-- This site is optimized with the Yoast SEO plugin v25.4 - https:\/\/yoast.com\/wordpress\/plugins\/seo\/ -->\n<title>Wie erstelle ich eine 3D-Referenz in Excel? (Tutorial 2023)<\/title>\n<meta name=\"description\" content=\"Mit der Excel-3D-Referenz k\u00f6nnen Sie auf denselben Zellbereich aus verschiedenen Arbeitsbl\u00e4ttern verweisen. Es kann\" \/>\n<meta name=\"robots\" content=\"index, follow, max-snippet:-1, max-image-preview:large, max-video-preview:-1\" \/>\n<link rel=\"canonical\" href=\"https:\/\/exceladvisor.org\/de\/referenz-3d\/\" \/>\n<meta property=\"og:locale\" content=\"de_DE\" \/>\n<meta property=\"og:type\" content=\"article\" \/>\n<meta property=\"og:title\" content=\"Wie erstelle ich eine 3D-Referenz in Excel? (Tutorial 2023)\" \/>\n<meta property=\"og:description\" content=\"Mit der Excel-3D-Referenz k\u00f6nnen Sie auf denselben Zellbereich aus verschiedenen Arbeitsbl\u00e4ttern verweisen. Es kann\" \/>\n<meta property=\"og:url\" content=\"https:\/\/exceladvisor.org\/de\/referenz-3d\/\" \/>\n<meta property=\"og:site_name\" content=\"Excel Advisor\" \/>\n<meta property=\"article:modified_time\" content=\"2023-12-03T11:19:36+00:00\" \/>\n<meta property=\"og:image\" content=\"https:\/\/exceladvisor.org\/wp-content\/uploads\/2023\/08\/Ajouter-des-feuilles-de-calcul-pour-utiliser-la-plage-Excel-3D.png\" \/>\n<meta name=\"twitter:card\" content=\"summary_large_image\" \/>\n<meta name=\"twitter:label1\" content=\"Gesch\u00e4tzte Lesezeit\" \/>\n\t<meta name=\"twitter:data1\" content=\"2\u00a0Minuten\" \/>\n<script type=\"application\/ld+json\" class=\"yoast-schema-graph\">{\"@context\":\"https:\/\/schema.org\",\"@graph\":[{\"@type\":\"WebPage\",\"@id\":\"https:\/\/exceladvisor.org\/de\/referenz-3d\/\",\"url\":\"https:\/\/exceladvisor.org\/de\/referenz-3d\/\",\"name\":\"Wie erstelle ich eine 3D-Referenz in Excel? (Tutorial 2023)\",\"isPartOf\":{\"@id\":\"https:\/\/exceladvisor.org\/de\/#website\"},\"primaryImageOfPage\":{\"@id\":\"https:\/\/exceladvisor.org\/de\/referenz-3d\/#primaryimage\"},\"image\":{\"@id\":\"https:\/\/exceladvisor.org\/de\/referenz-3d\/#primaryimage\"},\"thumbnailUrl\":\"https:\/\/exceladvisor.org\/wp-content\/uploads\/2023\/08\/Ajouter-des-feuilles-de-calcul-pour-utiliser-la-plage-Excel-3D.png\",\"datePublished\":\"2023-11-15T11:37:07+00:00\",\"dateModified\":\"2023-12-03T11:19:36+00:00\",\"description\":\"Mit der Excel-3D-Referenz k\u00f6nnen Sie auf denselben Zellbereich aus verschiedenen Arbeitsbl\u00e4ttern verweisen. Es kann\",\"breadcrumb\":{\"@id\":\"https:\/\/exceladvisor.org\/de\/referenz-3d\/#breadcrumb\"},\"inLanguage\":\"de\",\"potentialAction\":[{\"@type\":\"ReadAction\",\"target\":[\"https:\/\/exceladvisor.org\/de\/referenz-3d\/\"]}]},{\"@type\":\"ImageObject\",\"inLanguage\":\"de\",\"@id\":\"https:\/\/exceladvisor.org\/de\/referenz-3d\/#primaryimage\",\"url\":\"https:\/\/exceladvisor.org\/wp-content\/uploads\/2023\/08\/Ajouter-des-feuilles-de-calcul-pour-utiliser-la-plage-Excel-3D.png\",\"contentUrl\":\"https:\/\/exceladvisor.org\/wp-content\/uploads\/2023\/08\/Ajouter-des-feuilles-de-calcul-pour-utiliser-la-plage-Excel-3D.png\"},{\"@type\":\"BreadcrumbList\",\"@id\":\"https:\/\/exceladvisor.org\/de\/referenz-3d\/#breadcrumb\",\"itemListElement\":[{\"@type\":\"ListItem\",\"position\":1,\"name\":\"Accueil\",\"item\":\"https:\/\/exceladvisor.org\/de\/\"},{\"@type\":\"ListItem\",\"position\":2,\"name\":\"Wie erstelle ich eine 3d-referenz in excel?\"}]},{\"@type\":\"WebSite\",\"@id\":\"https:\/\/exceladvisor.org\/de\/#website\",\"url\":\"https:\/\/exceladvisor.org\/de\/\",\"name\":\"Excel Advisor\",\"description\":\"Ihr Leitfaden zur Datendominanz\",\"publisher\":{\"@id\":\"https:\/\/exceladvisor.org\/de\/#organization\"},\"potentialAction\":[{\"@type\":\"SearchAction\",\"target\":{\"@type\":\"EntryPoint\",\"urlTemplate\":\"https:\/\/exceladvisor.org\/de\/?s={search_term_string}\"},\"query-input\":{\"@type\":\"PropertyValueSpecification\",\"valueRequired\":true,\"valueName\":\"search_term_string\"}}],\"inLanguage\":\"de\"},{\"@type\":\"Organization\",\"@id\":\"https:\/\/exceladvisor.org\/de\/#organization\",\"name\":\"Excel Advisor\",\"url\":\"https:\/\/exceladvisor.org\/de\/\",\"logo\":{\"@type\":\"ImageObject\",\"inLanguage\":\"de\",\"@id\":\"https:\/\/exceladvisor.org\/de\/#\/schema\/logo\/image\/\",\"url\":\"https:\/\/exceladvisor.org\/de\/wp-content\/uploads\/2023\/11\/exceladvisor.org_.png\",\"contentUrl\":\"https:\/\/exceladvisor.org\/de\/wp-content\/uploads\/2023\/11\/exceladvisor.org_.png\",\"width\":105,\"height\":36,\"caption\":\"Excel Advisor\"},\"image\":{\"@id\":\"https:\/\/exceladvisor.org\/de\/#\/schema\/logo\/image\/\"}}]}<\/script>\n<!-- \/ Yoast SEO plugin. -->","yoast_head_json":{"title":"Wie erstelle ich eine 3D-Referenz in Excel? (Tutorial 2023)","description":"Mit der Excel-3D-Referenz k\u00f6nnen Sie auf denselben Zellbereich aus verschiedenen Arbeitsbl\u00e4ttern verweisen. Es kann","robots":{"index":"index","follow":"follow","max-snippet":"max-snippet:-1","max-image-preview":"max-image-preview:large","max-video-preview":"max-video-preview:-1"},"canonical":"https:\/\/exceladvisor.org\/de\/referenz-3d\/","og_locale":"de_DE","og_type":"article","og_title":"Wie erstelle ich eine 3D-Referenz in Excel? (Tutorial 2023)","og_description":"Mit der Excel-3D-Referenz k\u00f6nnen Sie auf denselben Zellbereich aus verschiedenen Arbeitsbl\u00e4ttern verweisen. Es kann","og_url":"https:\/\/exceladvisor.org\/de\/referenz-3d\/","og_site_name":"Excel Advisor","article_modified_time":"2023-12-03T11:19:36+00:00","og_image":[{"url":"https:\/\/exceladvisor.org\/wp-content\/uploads\/2023\/08\/Ajouter-des-feuilles-de-calcul-pour-utiliser-la-plage-Excel-3D.png","type":"","width":"","height":""}],"twitter_card":"summary_large_image","twitter_misc":{"Gesch\u00e4tzte Lesezeit":"2\u00a0Minuten"},"schema":{"@context":"https:\/\/schema.org","@graph":[{"@type":"WebPage","@id":"https:\/\/exceladvisor.org\/de\/referenz-3d\/","url":"https:\/\/exceladvisor.org\/de\/referenz-3d\/","name":"Wie erstelle ich eine 3D-Referenz in Excel? (Tutorial 2023)","isPartOf":{"@id":"https:\/\/exceladvisor.org\/de\/#website"},"primaryImageOfPage":{"@id":"https:\/\/exceladvisor.org\/de\/referenz-3d\/#primaryimage"},"image":{"@id":"https:\/\/exceladvisor.org\/de\/referenz-3d\/#primaryimage"},"thumbnailUrl":"https:\/\/exceladvisor.org\/wp-content\/uploads\/2023\/08\/Ajouter-des-feuilles-de-calcul-pour-utiliser-la-plage-Excel-3D.png","datePublished":"2023-11-15T11:37:07+00:00","dateModified":"2023-12-03T11:19:36+00:00","description":"Mit der Excel-3D-Referenz k\u00f6nnen Sie auf denselben Zellbereich aus verschiedenen Arbeitsbl\u00e4ttern verweisen. Es kann","breadcrumb":{"@id":"https:\/\/exceladvisor.org\/de\/referenz-3d\/#breadcrumb"},"inLanguage":"de","potentialAction":[{"@type":"ReadAction","target":["https:\/\/exceladvisor.org\/de\/referenz-3d\/"]}]},{"@type":"ImageObject","inLanguage":"de","@id":"https:\/\/exceladvisor.org\/de\/referenz-3d\/#primaryimage","url":"https:\/\/exceladvisor.org\/wp-content\/uploads\/2023\/08\/Ajouter-des-feuilles-de-calcul-pour-utiliser-la-plage-Excel-3D.png","contentUrl":"https:\/\/exceladvisor.org\/wp-content\/uploads\/2023\/08\/Ajouter-des-feuilles-de-calcul-pour-utiliser-la-plage-Excel-3D.png"},{"@type":"BreadcrumbList","@id":"https:\/\/exceladvisor.org\/de\/referenz-3d\/#breadcrumb","itemListElement":[{"@type":"ListItem","position":1,"name":"Accueil","item":"https:\/\/exceladvisor.org\/de\/"},{"@type":"ListItem","position":2,"name":"Wie erstelle ich eine 3d-referenz in excel?"}]},{"@type":"WebSite","@id":"https:\/\/exceladvisor.org\/de\/#website","url":"https:\/\/exceladvisor.org\/de\/","name":"Excel Advisor","description":"Ihr Leitfaden zur Datendominanz","publisher":{"@id":"https:\/\/exceladvisor.org\/de\/#organization"},"potentialAction":[{"@type":"SearchAction","target":{"@type":"EntryPoint","urlTemplate":"https:\/\/exceladvisor.org\/de\/?s={search_term_string}"},"query-input":{"@type":"PropertyValueSpecification","valueRequired":true,"valueName":"search_term_string"}}],"inLanguage":"de"},{"@type":"Organization","@id":"https:\/\/exceladvisor.org\/de\/#organization","name":"Excel Advisor","url":"https:\/\/exceladvisor.org\/de\/","logo":{"@type":"ImageObject","inLanguage":"de","@id":"https:\/\/exceladvisor.org\/de\/#\/schema\/logo\/image\/","url":"https:\/\/exceladvisor.org\/de\/wp-content\/uploads\/2023\/11\/exceladvisor.org_.png","contentUrl":"https:\/\/exceladvisor.org\/de\/wp-content\/uploads\/2023\/11\/exceladvisor.org_.png","width":105,"height":36,"caption":"Excel Advisor"},"image":{"@id":"https:\/\/exceladvisor.org\/de\/#\/schema\/logo\/image\/"}}]}},"yoast_meta":{"yoast_wpseo_title":"","yoast_wpseo_metadesc":"","yoast_wpseo_canonical":""},"_links":{"self":[{"href":"https:\/\/exceladvisor.org\/de\/wp-json\/wp\/v2\/pages\/3102","targetHints":{"allow":["GET"]}}],"collection":[{"href":"https:\/\/exceladvisor.org\/de\/wp-json\/wp\/v2\/pages"}],"about":[{"href":"https:\/\/exceladvisor.org\/de\/wp-json\/wp\/v2\/types\/page"}],"author":[{"embeddable":true,"href":"https:\/\/exceladvisor.org\/de\/wp-json\/wp\/v2\/users\/1"}],"replies":[{"embeddable":true,"href":"https:\/\/exceladvisor.org\/de\/wp-json\/wp\/v2\/comments?post=3102"}],"version-history":[{"count":1,"href":"https:\/\/exceladvisor.org\/de\/wp-json\/wp\/v2\/pages\/3102\/revisions"}],"predecessor-version":[{"id":3949,"href":"https:\/\/exceladvisor.org\/de\/wp-json\/wp\/v2\/pages\/3102\/revisions\/3949"}],"wp:attachment":[{"href":"https:\/\/exceladvisor.org\/de\/wp-json\/wp\/v2\/media?parent=3102"}],"curies":[{"name":"wp","href":"https:\/\/api.w.org\/{rel}","templated":true}]}}