{"id":3104,"date":"2023-11-15T11:10:08","date_gmt":"2023-11-15T11:10:08","guid":{"rendered":"https:\/\/exceladvisor.org\/de\/holen-sie-sich-die-nummer-des-tages-des-jahres\/"},"modified":"2023-12-03T11:20:04","modified_gmt":"2023-12-03T11:20:04","slug":"holen-sie-sich-die-nummer-des-tages-des-jahres","status":"publish","type":"page","link":"https:\/\/exceladvisor.org\/de\/holen-sie-sich-die-nummer-des-tages-des-jahres\/","title":{"rendered":"Wie extrahiere ich tage aus einem datum in excel?"},"content":{"rendered":"<div class=\"excel-vor-dem-inhalt\" id=\"excel-4023244028\"><script type=\"text\/javascript\">\r\n\tatOptions = {\r\n\t\t'key' : 'c1158f160081d6540a8409e6925dab94',\r\n\t\t'format' : 'iframe',\r\n\t\t'height' : 250,\r\n\t\t'width' : 300,\r\n\t\t'params' : {}\r\n\t};\r\n<\/script>\r\n<script type=\"text\/javascript\" src=\"\/\/www.highperformanceformat.com\/c1158f160081d6540a8409e6925dab94\/invoke.js\"><\/script><\/div> <p>Ein Jahr hat 365 bzw. 366 Tage (Schaltjahr). Und in diesem Tutorial erfahren Sie, wie Sie die Tageszahl im Jahr f\u00fcr ein Datum ermitteln. Dies bedeutet, wie viele Tage 365 oder 366 Tage haben.<\/p><h2 class=\"wp-block-heading\"> Berechnen Sie die Anzahl der Tage f\u00fcr ein Datum<\/h2><p> Um eine Formel zu schreiben, um eine Tagesnummer zu erhalten, f\u00fchren Sie die folgenden Schritte aus.<\/p><ol type=\"1\"><li> Sehen Sie sich Zelle A1 an, in der sich das Datum befindet.<\/li><li> Geben Sie nun das Minuszeichen (-) ein und geben Sie dann die Datumsfunktion ein.<\/li><li> Verwenden Sie in der Datumsfunktion weiterhin die Jahresfunktion und beziehen Sie sich dann auf Zelle A1.<\/li><li> Geben Sie im zweiten Argument 1 und im letzten Argument 0 ein.<\/li><li> Geben Sie die schlie\u00dfenden Klammern ein und dr\u00fccken Sie die Eingabetaste.<\/li><\/ol><pre class=\"wp-block-code\"> <code class=\"language-excel-formula\" lang=\"excel-formula\">=A1-DATE(YEAR(A1),1,0)<\/code><\/pre><p> Wie Sie sehen k\u00f6nnen, haben wir in Zelle A1 den 2. April 2022 und die von uns verwendete Formel hat im Ergebnis 92 zur\u00fcckgegeben. <\/p><div class=\"wp-block-image\"><figure class=\"aligncenter size-full is-resized\"><img loading=\"lazy\" decoding=\"async\" class=\"wp-image-64202\" src=\"https:\/\/exceladvisor.org\/wp-content\/uploads\/2023\/08\/1-calculer-date-numero-de-date.png\" sizes=\"auto, \" srcset=\"\" alt=\"Berechnen Sie die Anzahl der Tage des Datums\" width=\"416\" height=\"250\"><\/figure><\/div><p> Lassen Sie uns nun diese Formel verstehen. <\/p><div class=\"wp-block-image\"><figure class=\"aligncenter size-full is-resized\"><img loading=\"lazy\" decoding=\"async\" class=\"wp-image-64203\" src=\"https:\/\/exceladvisor.org\/wp-content\/uploads\/2023\/08\/2-formule-pour-obtenir-le-numero-de-date.png\" sizes=\"auto, \" srcset=\"\" alt=\"Formel, um die Zahl des Tages zu ermitteln\" width=\"598\" height=\"217\"><\/figure><\/div><p> Im ersten Teil haben wir die von Ihnen verwendete Datumsfunktion, die das letzte Datum des Vorjahres zur\u00fcckgibt. Da wir also das Datum des Jahres 2022 haben, gibt die Datumsfunktion den 31. Dezember 2021 zur\u00fcck. <\/p><div class=\"wp-block-image\"><figure class=\"aligncenter size-full is-resized\"><img loading=\"lazy\" decoding=\"async\" class=\"wp-image-64204\" src=\"https:\/\/exceladvisor.org\/wp-content\/uploads\/2023\/08\/3-premiere-partie-de-la-formule-du-numero-de-date.png\" sizes=\"auto, \" srcset=\"\" alt=\"Nummerierungsformel f\u00fcr den ersten Teil des Tages\" width=\"522\" height=\"262\"><\/figure><\/div><p> Wenn Sie den 31. Dezember 2021 vom 2. April 2022 subtrahieren, erhalten Sie als Ergebnis 92, was der Tageszahl des 2. April 2022 des Jahres 2022 entspricht.<\/p><p> Es gibt einen Punkt, den Sie beachten m\u00fcssen: Excel speichert ein Datum als Zahl. Wenn Sie 1 in eine Zelle eingeben und diese als Datum formatieren, zeigt Excel sie als 01.01.1990 an.<\/p><p> Nun lautet die Zahl f\u00fcr das Datum 02. April 2022 44653 und f\u00fcr den 31. Dezember 2021 44561, und die Differenz zwischen den beiden Zahlen betr\u00e4gt 92. <\/p><div class=\"gb-container gb-container-52dfcee1 gb-container-sample-file\"><h2 class=\"gb-headline gb-headline-e289c143 gb-headline-text gb-headline-4f7959c2\"> Holen Sie sich die Excel-Datei<\/h2><p> <a class=\"gb-button gb-button-e88d6bee gb-button-text gb-button-button1\" href=\"https:\/\/exceladvisor.org\/wp-content\/uploads\/2023\/08\/obtenir-le-numero-du-jour.xlsx\" rel=\"nofollow\">Herunterladen<\/a><\/p><\/div><div class=\"gb-container gb-container-0df56012 gb-container-mt\"> <a class=\"gb-button gb-button-f9f432f4 gb-button-text gb-button-mt-button\" href=\"https:\/\/exceladvisor.org\/de\/formeln\/\">Liste der Excel-Formeln<\/a><h2 class=\"gb-headline gb-headline-233444e8 gb-headline-text gb-headline-mt-heading\"> Verwandte Formeln <\/h2><div class=\"gb-grid-wrapper gb-grid-wrapper-a16fa65c gb-grid-wrapper-mt-grid\"><div class=\"gb-grid-column gb-grid-column-50d07e0d\"><div class=\"gb-container gb-container-50d07e0d\"><ul><li> <a href=\"https:\/\/exceladvisor.org\/de\/fugen-sie-die-bisherigen-jahre-hinzu\/\">F\u00fcgen Sie die bisherigen Jahre in Excel hinzu<\/a><\/li><li> <a href=\"https:\/\/exceladvisor.org\/de\/zahlen-sie-die-jahre-zwischen-zwei-daten\/\">Z\u00e4hlen Sie die Jahre zwischen zwei Daten in Excel<\/a><\/li><li> <a href=\"https:\/\/exceladvisor.org\/de\/erhalten-sie-2-dienstjahre\/\">Erhalten Sie jahrelangen Service in Excel<\/a> <\/li><\/ul><\/div><\/div><div class=\"gb-grid-column gb-grid-column-5b4a0cf9\"><div class=\"gb-container gb-container-5b4a0cf9\"><ul><li> <a href=\"https:\/\/exceladvisor.org\/de\/jahre-zwischen-daten\/\">Jahre zwischen Datumsangaben in Excel<\/a><\/li><li> <a href=\"https:\/\/exceladvisor.org\/de\/jahr-und-monat-extrahieren\/\">Extrahieren (Get) Sie das Jahr oder den Monat aus einem Datum in Excel<\/a><\/li><\/ul><\/div><\/div><\/div><\/div>","protected":false},"excerpt":{"rendered":"","protected":false},"author":1,"featured_media":0,"parent":0,"menu_order":0,"comment_status":"open","ping_status":"closed","template":"","meta":{"ub_ctt_via":"","footnotes":""},"class_list":["post-3104","page","type-page","status-publish","hentry"],"featured_image_src":null,"yoast_head":"<!-- This site is optimized with the Yoast SEO plugin v25.4 - https:\/\/yoast.com\/wordpress\/plugins\/seo\/ -->\n<title>Wie extrahiere ich Tage aus einem Datum in Excel? - Excel-Berater<\/title>\n<meta name=\"description\" content=\"In diesem Tutorial zu Excel-Formeln erfahren Sie, wie Sie die Tagesnummer eines Datums aus allen Tagen eines Datums ermitteln (extrahieren).\" \/>\n<meta name=\"robots\" content=\"index, follow, max-snippet:-1, max-image-preview:large, max-video-preview:-1\" \/>\n<link rel=\"canonical\" href=\"https:\/\/exceladvisor.org\/de\/holen-sie-sich-die-nummer-des-tages-des-jahres\/\" \/>\n<meta property=\"og:locale\" content=\"de_DE\" \/>\n<meta property=\"og:type\" content=\"article\" \/>\n<meta property=\"og:title\" content=\"Wie extrahiere ich Tage aus einem Datum in Excel? - Excel-Berater\" \/>\n<meta property=\"og:description\" content=\"In diesem Tutorial zu Excel-Formeln erfahren Sie, wie Sie die Tagesnummer eines Datums aus allen Tagen eines Datums ermitteln (extrahieren).\" \/>\n<meta property=\"og:url\" content=\"https:\/\/exceladvisor.org\/de\/holen-sie-sich-die-nummer-des-tages-des-jahres\/\" \/>\n<meta property=\"og:site_name\" content=\"Excel Advisor\" \/>\n<meta property=\"article:modified_time\" content=\"2023-12-03T11:20:04+00:00\" \/>\n<meta property=\"og:image\" content=\"https:\/\/exceladvisor.org\/wp-content\/uploads\/2023\/08\/1-calculer-date-numero-de-date.png\" \/>\n<meta name=\"twitter:card\" content=\"summary_large_image\" \/>\n<meta name=\"twitter:label1\" content=\"Gesch\u00e4tzte Lesezeit\" \/>\n\t<meta name=\"twitter:data1\" content=\"2\u00a0Minuten\" \/>\n<script type=\"application\/ld+json\" class=\"yoast-schema-graph\">{\"@context\":\"https:\/\/schema.org\",\"@graph\":[{\"@type\":\"WebPage\",\"@id\":\"https:\/\/exceladvisor.org\/de\/holen-sie-sich-die-nummer-des-tages-des-jahres\/\",\"url\":\"https:\/\/exceladvisor.org\/de\/holen-sie-sich-die-nummer-des-tages-des-jahres\/\",\"name\":\"Wie extrahiere ich Tage aus einem Datum in Excel? - Excel-Berater\",\"isPartOf\":{\"@id\":\"https:\/\/exceladvisor.org\/de\/#website\"},\"primaryImageOfPage\":{\"@id\":\"https:\/\/exceladvisor.org\/de\/holen-sie-sich-die-nummer-des-tages-des-jahres\/#primaryimage\"},\"image\":{\"@id\":\"https:\/\/exceladvisor.org\/de\/holen-sie-sich-die-nummer-des-tages-des-jahres\/#primaryimage\"},\"thumbnailUrl\":\"https:\/\/exceladvisor.org\/wp-content\/uploads\/2023\/08\/1-calculer-date-numero-de-date.png\",\"datePublished\":\"2023-11-15T11:10:08+00:00\",\"dateModified\":\"2023-12-03T11:20:04+00:00\",\"description\":\"In diesem Tutorial zu Excel-Formeln erfahren Sie, wie Sie die Tagesnummer eines Datums aus allen Tagen eines Datums ermitteln (extrahieren).\",\"breadcrumb\":{\"@id\":\"https:\/\/exceladvisor.org\/de\/holen-sie-sich-die-nummer-des-tages-des-jahres\/#breadcrumb\"},\"inLanguage\":\"de\",\"potentialAction\":[{\"@type\":\"ReadAction\",\"target\":[\"https:\/\/exceladvisor.org\/de\/holen-sie-sich-die-nummer-des-tages-des-jahres\/\"]}]},{\"@type\":\"ImageObject\",\"inLanguage\":\"de\",\"@id\":\"https:\/\/exceladvisor.org\/de\/holen-sie-sich-die-nummer-des-tages-des-jahres\/#primaryimage\",\"url\":\"https:\/\/exceladvisor.org\/wp-content\/uploads\/2023\/08\/1-calculer-date-numero-de-date.png\",\"contentUrl\":\"https:\/\/exceladvisor.org\/wp-content\/uploads\/2023\/08\/1-calculer-date-numero-de-date.png\"},{\"@type\":\"BreadcrumbList\",\"@id\":\"https:\/\/exceladvisor.org\/de\/holen-sie-sich-die-nummer-des-tages-des-jahres\/#breadcrumb\",\"itemListElement\":[{\"@type\":\"ListItem\",\"position\":1,\"name\":\"Accueil\",\"item\":\"https:\/\/exceladvisor.org\/de\/\"},{\"@type\":\"ListItem\",\"position\":2,\"name\":\"Wie extrahiere ich tage aus einem datum in excel?\"}]},{\"@type\":\"WebSite\",\"@id\":\"https:\/\/exceladvisor.org\/de\/#website\",\"url\":\"https:\/\/exceladvisor.org\/de\/\",\"name\":\"Excel Advisor\",\"description\":\"Ihr Leitfaden zur Datendominanz\",\"publisher\":{\"@id\":\"https:\/\/exceladvisor.org\/de\/#organization\"},\"potentialAction\":[{\"@type\":\"SearchAction\",\"target\":{\"@type\":\"EntryPoint\",\"urlTemplate\":\"https:\/\/exceladvisor.org\/de\/?s={search_term_string}\"},\"query-input\":{\"@type\":\"PropertyValueSpecification\",\"valueRequired\":true,\"valueName\":\"search_term_string\"}}],\"inLanguage\":\"de\"},{\"@type\":\"Organization\",\"@id\":\"https:\/\/exceladvisor.org\/de\/#organization\",\"name\":\"Excel Advisor\",\"url\":\"https:\/\/exceladvisor.org\/de\/\",\"logo\":{\"@type\":\"ImageObject\",\"inLanguage\":\"de\",\"@id\":\"https:\/\/exceladvisor.org\/de\/#\/schema\/logo\/image\/\",\"url\":\"https:\/\/exceladvisor.org\/de\/wp-content\/uploads\/2023\/11\/exceladvisor.org_.png\",\"contentUrl\":\"https:\/\/exceladvisor.org\/de\/wp-content\/uploads\/2023\/11\/exceladvisor.org_.png\",\"width\":105,\"height\":36,\"caption\":\"Excel Advisor\"},\"image\":{\"@id\":\"https:\/\/exceladvisor.org\/de\/#\/schema\/logo\/image\/\"}}]}<\/script>\n<!-- \/ Yoast SEO plugin. -->","yoast_head_json":{"title":"Wie extrahiere ich Tage aus einem Datum in Excel? - Excel-Berater","description":"In diesem Tutorial zu Excel-Formeln erfahren Sie, wie Sie die Tagesnummer eines Datums aus allen Tagen eines Datums ermitteln (extrahieren).","robots":{"index":"index","follow":"follow","max-snippet":"max-snippet:-1","max-image-preview":"max-image-preview:large","max-video-preview":"max-video-preview:-1"},"canonical":"https:\/\/exceladvisor.org\/de\/holen-sie-sich-die-nummer-des-tages-des-jahres\/","og_locale":"de_DE","og_type":"article","og_title":"Wie extrahiere ich Tage aus einem Datum in Excel? - Excel-Berater","og_description":"In diesem Tutorial zu Excel-Formeln erfahren Sie, wie Sie die Tagesnummer eines Datums aus allen Tagen eines Datums ermitteln (extrahieren).","og_url":"https:\/\/exceladvisor.org\/de\/holen-sie-sich-die-nummer-des-tages-des-jahres\/","og_site_name":"Excel Advisor","article_modified_time":"2023-12-03T11:20:04+00:00","og_image":[{"url":"https:\/\/exceladvisor.org\/wp-content\/uploads\/2023\/08\/1-calculer-date-numero-de-date.png","type":"","width":"","height":""}],"twitter_card":"summary_large_image","twitter_misc":{"Gesch\u00e4tzte Lesezeit":"2\u00a0Minuten"},"schema":{"@context":"https:\/\/schema.org","@graph":[{"@type":"WebPage","@id":"https:\/\/exceladvisor.org\/de\/holen-sie-sich-die-nummer-des-tages-des-jahres\/","url":"https:\/\/exceladvisor.org\/de\/holen-sie-sich-die-nummer-des-tages-des-jahres\/","name":"Wie extrahiere ich Tage aus einem Datum in Excel? - Excel-Berater","isPartOf":{"@id":"https:\/\/exceladvisor.org\/de\/#website"},"primaryImageOfPage":{"@id":"https:\/\/exceladvisor.org\/de\/holen-sie-sich-die-nummer-des-tages-des-jahres\/#primaryimage"},"image":{"@id":"https:\/\/exceladvisor.org\/de\/holen-sie-sich-die-nummer-des-tages-des-jahres\/#primaryimage"},"thumbnailUrl":"https:\/\/exceladvisor.org\/wp-content\/uploads\/2023\/08\/1-calculer-date-numero-de-date.png","datePublished":"2023-11-15T11:10:08+00:00","dateModified":"2023-12-03T11:20:04+00:00","description":"In diesem Tutorial zu Excel-Formeln erfahren Sie, wie Sie die Tagesnummer eines Datums aus allen Tagen eines Datums ermitteln (extrahieren).","breadcrumb":{"@id":"https:\/\/exceladvisor.org\/de\/holen-sie-sich-die-nummer-des-tages-des-jahres\/#breadcrumb"},"inLanguage":"de","potentialAction":[{"@type":"ReadAction","target":["https:\/\/exceladvisor.org\/de\/holen-sie-sich-die-nummer-des-tages-des-jahres\/"]}]},{"@type":"ImageObject","inLanguage":"de","@id":"https:\/\/exceladvisor.org\/de\/holen-sie-sich-die-nummer-des-tages-des-jahres\/#primaryimage","url":"https:\/\/exceladvisor.org\/wp-content\/uploads\/2023\/08\/1-calculer-date-numero-de-date.png","contentUrl":"https:\/\/exceladvisor.org\/wp-content\/uploads\/2023\/08\/1-calculer-date-numero-de-date.png"},{"@type":"BreadcrumbList","@id":"https:\/\/exceladvisor.org\/de\/holen-sie-sich-die-nummer-des-tages-des-jahres\/#breadcrumb","itemListElement":[{"@type":"ListItem","position":1,"name":"Accueil","item":"https:\/\/exceladvisor.org\/de\/"},{"@type":"ListItem","position":2,"name":"Wie extrahiere ich tage aus einem datum in excel?"}]},{"@type":"WebSite","@id":"https:\/\/exceladvisor.org\/de\/#website","url":"https:\/\/exceladvisor.org\/de\/","name":"Excel Advisor","description":"Ihr Leitfaden zur Datendominanz","publisher":{"@id":"https:\/\/exceladvisor.org\/de\/#organization"},"potentialAction":[{"@type":"SearchAction","target":{"@type":"EntryPoint","urlTemplate":"https:\/\/exceladvisor.org\/de\/?s={search_term_string}"},"query-input":{"@type":"PropertyValueSpecification","valueRequired":true,"valueName":"search_term_string"}}],"inLanguage":"de"},{"@type":"Organization","@id":"https:\/\/exceladvisor.org\/de\/#organization","name":"Excel Advisor","url":"https:\/\/exceladvisor.org\/de\/","logo":{"@type":"ImageObject","inLanguage":"de","@id":"https:\/\/exceladvisor.org\/de\/#\/schema\/logo\/image\/","url":"https:\/\/exceladvisor.org\/de\/wp-content\/uploads\/2023\/11\/exceladvisor.org_.png","contentUrl":"https:\/\/exceladvisor.org\/de\/wp-content\/uploads\/2023\/11\/exceladvisor.org_.png","width":105,"height":36,"caption":"Excel Advisor"},"image":{"@id":"https:\/\/exceladvisor.org\/de\/#\/schema\/logo\/image\/"}}]}},"yoast_meta":{"yoast_wpseo_title":"","yoast_wpseo_metadesc":"","yoast_wpseo_canonical":""},"_links":{"self":[{"href":"https:\/\/exceladvisor.org\/de\/wp-json\/wp\/v2\/pages\/3104","targetHints":{"allow":["GET"]}}],"collection":[{"href":"https:\/\/exceladvisor.org\/de\/wp-json\/wp\/v2\/pages"}],"about":[{"href":"https:\/\/exceladvisor.org\/de\/wp-json\/wp\/v2\/types\/page"}],"author":[{"embeddable":true,"href":"https:\/\/exceladvisor.org\/de\/wp-json\/wp\/v2\/users\/1"}],"replies":[{"embeddable":true,"href":"https:\/\/exceladvisor.org\/de\/wp-json\/wp\/v2\/comments?post=3104"}],"version-history":[{"count":1,"href":"https:\/\/exceladvisor.org\/de\/wp-json\/wp\/v2\/pages\/3104\/revisions"}],"predecessor-version":[{"id":3984,"href":"https:\/\/exceladvisor.org\/de\/wp-json\/wp\/v2\/pages\/3104\/revisions\/3984"}],"wp:attachment":[{"href":"https:\/\/exceladvisor.org\/de\/wp-json\/wp\/v2\/media?parent=3104"}],"curies":[{"name":"wp","href":"https:\/\/api.w.org\/{rel}","templated":true}]}}