{"id":3106,"date":"2023-11-15T10:51:02","date_gmt":"2023-11-15T10:51:02","guid":{"rendered":"https:\/\/exceladvisor.org\/de\/zwischen-zwei-zahlen-zahlen\/"},"modified":"2023-12-03T13:06:04","modified_gmt":"2023-12-03T13:06:04","slug":"zwischen-zwei-zahlen-zahlen","status":"publish","type":"page","link":"https:\/\/exceladvisor.org\/de\/zwischen-zwei-zahlen-zahlen\/","title":{"rendered":"Wie z\u00e4hlt man zwischen zwei zahlen?"},"content":{"rendered":"<div class=\"excel-vor-dem-inhalt\" id=\"excel-360883731\"><script type=\"text\/javascript\">\r\n\tatOptions = {\r\n\t\t'key' : 'c1158f160081d6540a8409e6925dab94',\r\n\t\t'format' : 'iframe',\r\n\t\t'height' : 250,\r\n\t\t'width' : 300,\r\n\t\t'params' : {}\r\n\t};\r\n<\/script>\r\n<script type=\"text\/javascript\" src=\"\/\/www.highperformanceformat.com\/c1158f160081d6540a8409e6925dab94\/invoke.js\"><\/script><\/div> <div class=\"adthrive-video-player in-post\" data-video-id=\"ss6mCvLf\" data-player-type=\"default\"><\/div><p> In Excel k\u00f6nnen Sie mit der Z\u00c4HLENWENN-Funktion zwischen zwei Zahlen z\u00e4hlen. Mit der COUNTIFS-Funktion k\u00f6nnen Sie eine Obergrenze f\u00fcr Zahlen und eine Untergrenze angeben, um einen Bereich von zu z\u00e4hlenden Zahlen zu erstellen. Im folgenden Beispiel haben wir eine Liste von Namen mit Altersangabe. Jetzt m\u00fcssen wir Menschen zweier Altersstufen, also zweier Zahlen, z\u00e4hlen. <\/p><div class=\"gb-container gb-container-52dfcee1 gb-container-sample-file\"><h2 class=\"gb-headline gb-headline-e289c143 gb-headline-text gb-headline-4f7959c2\"> Holen Sie sich die Excel-Datei<\/h2> <a class=\"gb-button gb-button-e88d6bee gb-button-text gb-button-button1\" href=\"https:\/\/exceladvisor.org\/wp-content\/uploads\/2023\/08\/compter-entre-deux-nombres-2.xlsx\" rel=\"nofollow\">Herunterladen<\/a> <\/div><div class=\"wp-block-image\"><figure class=\"aligncenter size-full is-resized\"><img loading=\"lazy\" decoding=\"async\" class=\"wp-image-63808\" src=\"https:\/\/exceladvisor.org\/wp-content\/uploads\/2023\/08\/1-liste-de-noms-et-dage.png\" sizes=\"auto, \" srcset=\"\" alt=\"Liste mit Namen und Alter\" width=\"491\" height=\"515\"><\/figure><\/div><h2 id=\"using-countifs-to-count-between-two-numbers\" class=\"wp-block-heading\"> Verwenden Sie COUNTIFS, um zwischen zwei Zahlen zu z\u00e4hlen<\/h2><p> Mit den folgenden Schritten k\u00f6nnen Sie Formeln mit Z\u00c4HLENWEGEN erstellen, um Zahlen zwischen 10 und 25 zu z\u00e4hlen.<\/p><ol><li> Geben Sie zun\u00e4chst \u201e=COUNTIS(\u201c in Zelle C1 ein. <br><img loading=\"lazy\" decoding=\"async\" title=\"Funktion 2-use-counts\" src=\"https:\/\/exceladvisor.org\/wp-content\/uploads\/2023\/08\/2-utiliser-la-fonction-countifs.png\" sizes=\"auto, \" srcset=\"\" alt=\"use-countifs-function\" width=\"530\" height=\"193\"><\/li><li> Beziehen Sie sich anschlie\u00dfend auf den Bereich, aus dem Sie die Werte z\u00e4hlen m\u00f6chten. <br><img loading=\"lazy\" decoding=\"async\" title=\"3-beziehen-sich-auf-einen-Bereich\" src=\"https:\/\/exceladvisor.org\/wp-content\/uploads\/2023\/08\/3-font-reference-a-une-gamme.png\" sizes=\"auto, \" srcset=\"\" alt=\"refer-to-a-range\" width=\"483\" height=\"273\"><\/li><li> Dann m\u00fcssen Sie die oberste Zahl mithilfe des Ober- und Gleichheitszeichens angeben. <br><img loading=\"lazy\" decoding=\"async\" title=\"4-geben Sie die obere Zahl an\" src=\"https:\/\/exceladvisor.org\/wp-content\/uploads\/2023\/08\/4-specifiez-le-chiffre-superieur.png\" sizes=\"auto, \" srcset=\"\" alt=\"specify-the-upper-number\" width=\"574\" height=\"267\"><\/li><li> Auch hier m\u00fcssen Sie sich auf den Zahlenbereich in Kriterium2 beziehen. <br><img loading=\"lazy\" decoding=\"async\" title=\"5-beziehen-sich-auf-den-Bereich\" src=\"https:\/\/exceladvisor.org\/wp-content\/uploads\/2023\/08\/5-se-referer-a-la-gamme.png\" sizes=\"auto, \" srcset=\"\" alt=\"refer-to-the-range\" width=\"653\" height=\"284\"><\/li><li> Verwenden Sie am Ende das Kleiner- und Gleichheitszeichen, um eine Zahl kleiner als 10 im Z\u00e4hlbereich anzugeben. <br><img loading=\"lazy\" decoding=\"async\" title=\"6-Nummer unten angeben\" src=\"https:\/\/exceladvisor.org\/wp-content\/uploads\/2023\/08\/6-precisez-le-nombre-ci-dessous.png\" sizes=\"auto, \" srcset=\"\" alt=\"specify-the-number-below\" width=\"560\" height=\"260\"><\/li><\/ol><pre class=\"wp-block-code\"> <code class=\"language-excel-formula\" lang=\"excel-formula\">=COUNTIFS(B2:B26,\"&lt;=25\",B2:B26,\"&gt;=10\")<\/code><\/pre><p> COUNTIFS kann mehrere Kriterien \u00fcbernehmen und darauf basierend Werte z\u00e4hlen. Um diese Formel zu verstehen, m\u00fcssen wir sie in zwei Teile teilen. <\/p><div class=\"wp-block-image\"><figure class=\"aligncenter size-full is-resized\"><img loading=\"lazy\" decoding=\"async\" class=\"wp-image-63814\" src=\"https:\/\/exceladvisor.org\/wp-content\/uploads\/2023\/08\/7-diviser-la-fonction-countifs.png\" sizes=\"auto, \" srcset=\"\" alt=\"Split-the-countifs-Funktion\" width=\"614\" height=\"177\"><\/figure><\/div><ol type=\"1\"><li> Zun\u00e4chst geben Sie den Bereich, aus dem Sie Zahlen z\u00e4hlen m\u00f6chten, und die oberste Zahl mithilfe der Gr\u00f6\u00dfer- und Gleichheitszeichen an.<\/li><li> Anschlie\u00dfend legen Sie die untere Zahl und den Zahlenbereich fest. <\/li><\/ol><div class=\"gb-container gb-container-1b09ec6c gb-container-sample-file\"><h2 class=\"gb-headline gb-headline-176a8592 gb-headline-text gb-headline-4f7959c2\"> Holen Sie sich die Excel-Datei<\/h2> <a class=\"gb-button gb-button-c9e1c226 gb-button-text gb-button-button1\" href=\"https:\/\/exceladvisor.org\/wp-content\/uploads\/2023\/08\/compter-entre-deux-nombres-2.xlsx\" rel=\"nofollow\">Herunterladen<\/a><\/div><h2 id=\"using-sumproduct-to-count-cells-between-two-numbers\" class=\"wp-block-heading\"> Verwenden von SUMPRODUCT zum Z\u00e4hlen von Zellen zwischen zwei Zahlen<\/h2><p> Sie k\u00f6nnen die Funktion SUMPRODUCT auch verwenden, um die Anzahl der Zellen zwischen zwei Zahlen zu z\u00e4hlen. In dieser Formel m\u00fcssen wir die INT-Funktion mit SUMPRODUCT verwenden. Siehe die Formel unten: <\/p><pre class=\"wp-block-code\"> <code class=\"language-excel-formula\" lang=\"excel-formula\">=SUMPRODUCT(INT(B2:B26&gt;=10), INT(B2:B26&lt;=25))<\/code><\/pre><div class=\"wp-block-image\"><figure class=\"aligncenter size-full is-resized\"><img loading=\"lazy\" decoding=\"async\" class=\"wp-image-63815\" src=\"https:\/\/exceladvisor.org\/wp-content\/uploads\/2023\/08\/8-sumproduct-pour-compter-les-cellules.png\" sizes=\"auto, \" srcset=\"\" alt=\"Summenprodukt-zu-Z\u00e4hlung-Zellen\" width=\"571\" height=\"264\"><\/figure><\/div><p> <strong>Um die Formel zu verstehen, m\u00fcssen wir sie dividieren:<\/strong><\/p><p> In der ersten INT-Funktion haben wir den Zellbereich verwendet, aus dem wir Zahlen z\u00e4hlen m\u00f6chten. Und &gt;=-Zeichen beziehen sich nur auf Zahlen gr\u00f6\u00dfer oder gleich 10. Und es wird ein Array zur\u00fcckgegeben, das alle Zahlen gr\u00f6\u00dfer als 10 mit 1 zeigt. <\/p><div class=\"wp-block-image\"><figure class=\"aligncenter size-full is-resized\"><img loading=\"lazy\" decoding=\"async\" class=\"wp-image-63816\" src=\"https:\/\/exceladvisor.org\/wp-content\/uploads\/2023\/08\/9-formule-de-produit-de-somme-divisee.png\" sizes=\"auto, \" srcset=\"\" alt=\"Bruchsummenproduktformel\" width=\"577\" height=\"280\"><\/figure><\/div><p> Und in der zweiten INT-Funktion haben Sie wieder denselben Bereich, der Zahlen kleiner und gleich 25 ber\u00fccksichtigt. <\/p><div class=\"wp-block-image\"><figure class=\"aligncenter size-full is-resized\"><img loading=\"lazy\" decoding=\"async\" class=\"wp-image-63817\" src=\"https:\/\/exceladvisor.org\/wp-content\/uploads\/2023\/08\/10-sumproduct-avec-differents-tableaux.png\" sizes=\"auto, \" srcset=\"\" alt=\"Summenprodukt-mit-verschiedenen-Arrays\" width=\"593\" height=\"299\"><\/figure><\/div><p> Mit den beiden INT-Funktionen haben Sie zwei verschiedene Arrays. Im ersten Fall haben Sie 1 f\u00fcr jede Zahl gr\u00f6\u00dfer oder gleich 10 und im zweiten Fall 1 f\u00fcr Werte kleiner oder gleich 25. <\/p><div class=\"wp-block-image\"><figure class=\"aligncenter size-full is-resized\"><img loading=\"lazy\" decoding=\"async\" class=\"wp-image-63818\" src=\"https:\/\/exceladvisor.org\/wp-content\/uploads\/2023\/08\/11-int-avec-deux-tableaux-differents.png\" sizes=\"auto, \" srcset=\"\" alt=\"int-mit-zwei-verschiedenen-Arrays\" width=\"633\" height=\"84\"><\/figure><\/div><p> Am Ende,<\/p><ul><li> SUMPRODUCT multipliziert jeden Wert im ersten Array mit dem Wert im zweiten Array und Sie erhalten ein Wertearray, das Zahlen zwischen 10 und 25 darstellt.<\/li><li> Und danach die Summe dieser Werte aus dem Array zur\u00fcckgeben. <\/li><\/ul><div class=\"gb-container gb-container-6d5b6d9c gb-container-sample-file\"><h2 class=\"gb-headline gb-headline-acbdb120 gb-headline-text gb-headline-4f7959c2\"> Holen Sie sich die Excel-Datei<\/h2> <a class=\"gb-button gb-button-b1d8e62f gb-button-text gb-button-button1\" href=\"https:\/\/exceladvisor.org\/wp-content\/uploads\/2023\/08\/compter-entre-deux-nombres-2.xlsx\" rel=\"nofollow\">Herunterladen<\/a><\/div><div class=\"gb-container gb-container-0df56012 gb-container-mt\"> <a class=\"gb-button gb-button-f9f432f4 gb-button-text gb-button-mt-button\" href=\"https:\/\/exceladvisor.org\/de\/formeln\/\">Liste der Excel-Formeln<\/a><h2 class=\"gb-headline gb-headline-233444e8 gb-headline-text gb-headline-mt-heading\"> Verwandte Formeln <\/h2><div class=\"gb-grid-wrapper gb-grid-wrapper-a16fa65c gb-grid-wrapper-mt-grid\"><div class=\"gb-grid-column gb-grid-column-50d07e0d\"><div class=\"gb-container gb-container-50d07e0d\"><ul><li> <a href=\"https:\/\/exceladvisor.org\/de\/anzahl-leerer-zellen\/\">Z\u00e4hlen Sie leere (leere) Zellen mit COUNTIF in Excel<\/a><\/li><li> <a href=\"https:\/\/exceladvisor.org\/de\/zahlen-wenn-kleiner-als\/\">Z\u00e4hlen Sie in Excel Zellen, die kleiner als ein bestimmter Wert (COUNTIF) sind<\/a><\/li><li> <a href=\"https:\/\/exceladvisor.org\/de\/anzahl-der-zellen-ungleich\/\">Zellen z\u00e4hlen, die in Excel ungleich sind (COUNTIF)<\/a><\/li><li> <a href=\"https:\/\/exceladvisor.org\/de\/zahlen-sie-nicht-leere-zellen\/\">Z\u00e4hlen Sie Zellen, die in Excel nicht leer sind<\/a><\/li><li> <a href=\"https:\/\/exceladvisor.org\/de\/konto-grosser-als-null\/\">Anzahl gr\u00f6\u00dfer als 0 (COUNTIF) in Excel<\/a> <\/li><\/ul><\/div><\/div><div class=\"gb-grid-column gb-grid-column-5b4a0cf9\"><div class=\"gb-container gb-container-5b4a0cf9\"><\/div><\/div><\/div><\/div>","protected":false},"excerpt":{"rendered":"","protected":false},"author":1,"featured_media":0,"parent":0,"menu_order":0,"comment_status":"open","ping_status":"closed","template":"","meta":{"ub_ctt_via":"","footnotes":""},"class_list":["post-3106","page","type-page","status-publish","hentry"],"featured_image_src":null,"yoast_head":"<!-- This site is optimized with the Yoast SEO plugin v25.4 - https:\/\/yoast.com\/wordpress\/plugins\/seo\/ -->\n<title>Wie z\u00e4hlt man zwischen zwei Zahlen? (2023 Methoden)<\/title>\n<meta name=\"description\" content=\"In diesem Formel-Tutorial erfahren Sie, wie Sie die Werte zwischen zwei Zahlen mithilfe der Z\u00c4HLENWENN-Funktion in Excel z\u00e4hlen.\" \/>\n<meta name=\"robots\" content=\"index, follow, max-snippet:-1, max-image-preview:large, max-video-preview:-1\" \/>\n<link rel=\"canonical\" href=\"https:\/\/exceladvisor.org\/de\/zwischen-zwei-zahlen-zahlen\/\" \/>\n<meta property=\"og:locale\" content=\"de_DE\" \/>\n<meta property=\"og:type\" content=\"article\" \/>\n<meta property=\"og:title\" content=\"Wie z\u00e4hlt man zwischen zwei Zahlen? (2023 Methoden)\" \/>\n<meta property=\"og:description\" content=\"In diesem Formel-Tutorial erfahren Sie, wie Sie die Werte zwischen zwei Zahlen mithilfe der Z\u00c4HLENWENN-Funktion in Excel z\u00e4hlen.\" \/>\n<meta property=\"og:url\" content=\"https:\/\/exceladvisor.org\/de\/zwischen-zwei-zahlen-zahlen\/\" \/>\n<meta property=\"og:site_name\" content=\"Excel Advisor\" \/>\n<meta property=\"article:modified_time\" content=\"2023-12-03T13:06:04+00:00\" \/>\n<meta property=\"og:image\" content=\"https:\/\/exceladvisor.org\/wp-content\/uploads\/2023\/08\/1-liste-de-noms-et-dage.png\" \/>\n<meta name=\"twitter:card\" content=\"summary_large_image\" \/>\n<meta name=\"twitter:label1\" content=\"Gesch\u00e4tzte Lesezeit\" \/>\n\t<meta name=\"twitter:data1\" content=\"2\u00a0Minuten\" \/>\n<script type=\"application\/ld+json\" class=\"yoast-schema-graph\">{\"@context\":\"https:\/\/schema.org\",\"@graph\":[{\"@type\":\"WebPage\",\"@id\":\"https:\/\/exceladvisor.org\/de\/zwischen-zwei-zahlen-zahlen\/\",\"url\":\"https:\/\/exceladvisor.org\/de\/zwischen-zwei-zahlen-zahlen\/\",\"name\":\"Wie z\u00e4hlt man zwischen zwei Zahlen? (2023 Methoden)\",\"isPartOf\":{\"@id\":\"https:\/\/exceladvisor.org\/de\/#website\"},\"primaryImageOfPage\":{\"@id\":\"https:\/\/exceladvisor.org\/de\/zwischen-zwei-zahlen-zahlen\/#primaryimage\"},\"image\":{\"@id\":\"https:\/\/exceladvisor.org\/de\/zwischen-zwei-zahlen-zahlen\/#primaryimage\"},\"thumbnailUrl\":\"https:\/\/exceladvisor.org\/wp-content\/uploads\/2023\/08\/1-liste-de-noms-et-dage.png\",\"datePublished\":\"2023-11-15T10:51:02+00:00\",\"dateModified\":\"2023-12-03T13:06:04+00:00\",\"description\":\"In diesem Formel-Tutorial erfahren Sie, wie Sie die Werte zwischen zwei Zahlen mithilfe der Z\u00c4HLENWENN-Funktion in Excel z\u00e4hlen.\",\"breadcrumb\":{\"@id\":\"https:\/\/exceladvisor.org\/de\/zwischen-zwei-zahlen-zahlen\/#breadcrumb\"},\"inLanguage\":\"de\",\"potentialAction\":[{\"@type\":\"ReadAction\",\"target\":[\"https:\/\/exceladvisor.org\/de\/zwischen-zwei-zahlen-zahlen\/\"]}]},{\"@type\":\"ImageObject\",\"inLanguage\":\"de\",\"@id\":\"https:\/\/exceladvisor.org\/de\/zwischen-zwei-zahlen-zahlen\/#primaryimage\",\"url\":\"https:\/\/exceladvisor.org\/wp-content\/uploads\/2023\/08\/1-liste-de-noms-et-dage.png\",\"contentUrl\":\"https:\/\/exceladvisor.org\/wp-content\/uploads\/2023\/08\/1-liste-de-noms-et-dage.png\"},{\"@type\":\"BreadcrumbList\",\"@id\":\"https:\/\/exceladvisor.org\/de\/zwischen-zwei-zahlen-zahlen\/#breadcrumb\",\"itemListElement\":[{\"@type\":\"ListItem\",\"position\":1,\"name\":\"Accueil\",\"item\":\"https:\/\/exceladvisor.org\/de\/\"},{\"@type\":\"ListItem\",\"position\":2,\"name\":\"Wie z\u00e4hlt man zwischen zwei zahlen?\"}]},{\"@type\":\"WebSite\",\"@id\":\"https:\/\/exceladvisor.org\/de\/#website\",\"url\":\"https:\/\/exceladvisor.org\/de\/\",\"name\":\"Excel Advisor\",\"description\":\"Ihr Leitfaden zur Datendominanz\",\"publisher\":{\"@id\":\"https:\/\/exceladvisor.org\/de\/#organization\"},\"potentialAction\":[{\"@type\":\"SearchAction\",\"target\":{\"@type\":\"EntryPoint\",\"urlTemplate\":\"https:\/\/exceladvisor.org\/de\/?s={search_term_string}\"},\"query-input\":{\"@type\":\"PropertyValueSpecification\",\"valueRequired\":true,\"valueName\":\"search_term_string\"}}],\"inLanguage\":\"de\"},{\"@type\":\"Organization\",\"@id\":\"https:\/\/exceladvisor.org\/de\/#organization\",\"name\":\"Excel Advisor\",\"url\":\"https:\/\/exceladvisor.org\/de\/\",\"logo\":{\"@type\":\"ImageObject\",\"inLanguage\":\"de\",\"@id\":\"https:\/\/exceladvisor.org\/de\/#\/schema\/logo\/image\/\",\"url\":\"https:\/\/exceladvisor.org\/de\/wp-content\/uploads\/2023\/11\/exceladvisor.org_.png\",\"contentUrl\":\"https:\/\/exceladvisor.org\/de\/wp-content\/uploads\/2023\/11\/exceladvisor.org_.png\",\"width\":105,\"height\":36,\"caption\":\"Excel Advisor\"},\"image\":{\"@id\":\"https:\/\/exceladvisor.org\/de\/#\/schema\/logo\/image\/\"}}]}<\/script>\n<!-- \/ Yoast SEO plugin. -->","yoast_head_json":{"title":"Wie z\u00e4hlt man zwischen zwei Zahlen? (2023 Methoden)","description":"In diesem Formel-Tutorial erfahren Sie, wie Sie die Werte zwischen zwei Zahlen mithilfe der Z\u00c4HLENWENN-Funktion in Excel z\u00e4hlen.","robots":{"index":"index","follow":"follow","max-snippet":"max-snippet:-1","max-image-preview":"max-image-preview:large","max-video-preview":"max-video-preview:-1"},"canonical":"https:\/\/exceladvisor.org\/de\/zwischen-zwei-zahlen-zahlen\/","og_locale":"de_DE","og_type":"article","og_title":"Wie z\u00e4hlt man zwischen zwei Zahlen? (2023 Methoden)","og_description":"In diesem Formel-Tutorial erfahren Sie, wie Sie die Werte zwischen zwei Zahlen mithilfe der Z\u00c4HLENWENN-Funktion in Excel z\u00e4hlen.","og_url":"https:\/\/exceladvisor.org\/de\/zwischen-zwei-zahlen-zahlen\/","og_site_name":"Excel Advisor","article_modified_time":"2023-12-03T13:06:04+00:00","og_image":[{"url":"https:\/\/exceladvisor.org\/wp-content\/uploads\/2023\/08\/1-liste-de-noms-et-dage.png","type":"","width":"","height":""}],"twitter_card":"summary_large_image","twitter_misc":{"Gesch\u00e4tzte Lesezeit":"2\u00a0Minuten"},"schema":{"@context":"https:\/\/schema.org","@graph":[{"@type":"WebPage","@id":"https:\/\/exceladvisor.org\/de\/zwischen-zwei-zahlen-zahlen\/","url":"https:\/\/exceladvisor.org\/de\/zwischen-zwei-zahlen-zahlen\/","name":"Wie z\u00e4hlt man zwischen zwei Zahlen? (2023 Methoden)","isPartOf":{"@id":"https:\/\/exceladvisor.org\/de\/#website"},"primaryImageOfPage":{"@id":"https:\/\/exceladvisor.org\/de\/zwischen-zwei-zahlen-zahlen\/#primaryimage"},"image":{"@id":"https:\/\/exceladvisor.org\/de\/zwischen-zwei-zahlen-zahlen\/#primaryimage"},"thumbnailUrl":"https:\/\/exceladvisor.org\/wp-content\/uploads\/2023\/08\/1-liste-de-noms-et-dage.png","datePublished":"2023-11-15T10:51:02+00:00","dateModified":"2023-12-03T13:06:04+00:00","description":"In diesem Formel-Tutorial erfahren Sie, wie Sie die Werte zwischen zwei Zahlen mithilfe der Z\u00c4HLENWENN-Funktion in Excel z\u00e4hlen.","breadcrumb":{"@id":"https:\/\/exceladvisor.org\/de\/zwischen-zwei-zahlen-zahlen\/#breadcrumb"},"inLanguage":"de","potentialAction":[{"@type":"ReadAction","target":["https:\/\/exceladvisor.org\/de\/zwischen-zwei-zahlen-zahlen\/"]}]},{"@type":"ImageObject","inLanguage":"de","@id":"https:\/\/exceladvisor.org\/de\/zwischen-zwei-zahlen-zahlen\/#primaryimage","url":"https:\/\/exceladvisor.org\/wp-content\/uploads\/2023\/08\/1-liste-de-noms-et-dage.png","contentUrl":"https:\/\/exceladvisor.org\/wp-content\/uploads\/2023\/08\/1-liste-de-noms-et-dage.png"},{"@type":"BreadcrumbList","@id":"https:\/\/exceladvisor.org\/de\/zwischen-zwei-zahlen-zahlen\/#breadcrumb","itemListElement":[{"@type":"ListItem","position":1,"name":"Accueil","item":"https:\/\/exceladvisor.org\/de\/"},{"@type":"ListItem","position":2,"name":"Wie z\u00e4hlt man zwischen zwei zahlen?"}]},{"@type":"WebSite","@id":"https:\/\/exceladvisor.org\/de\/#website","url":"https:\/\/exceladvisor.org\/de\/","name":"Excel Advisor","description":"Ihr Leitfaden zur Datendominanz","publisher":{"@id":"https:\/\/exceladvisor.org\/de\/#organization"},"potentialAction":[{"@type":"SearchAction","target":{"@type":"EntryPoint","urlTemplate":"https:\/\/exceladvisor.org\/de\/?s={search_term_string}"},"query-input":{"@type":"PropertyValueSpecification","valueRequired":true,"valueName":"search_term_string"}}],"inLanguage":"de"},{"@type":"Organization","@id":"https:\/\/exceladvisor.org\/de\/#organization","name":"Excel Advisor","url":"https:\/\/exceladvisor.org\/de\/","logo":{"@type":"ImageObject","inLanguage":"de","@id":"https:\/\/exceladvisor.org\/de\/#\/schema\/logo\/image\/","url":"https:\/\/exceladvisor.org\/de\/wp-content\/uploads\/2023\/11\/exceladvisor.org_.png","contentUrl":"https:\/\/exceladvisor.org\/de\/wp-content\/uploads\/2023\/11\/exceladvisor.org_.png","width":105,"height":36,"caption":"Excel Advisor"},"image":{"@id":"https:\/\/exceladvisor.org\/de\/#\/schema\/logo\/image\/"}}]}},"yoast_meta":{"yoast_wpseo_title":"","yoast_wpseo_metadesc":"","yoast_wpseo_canonical":""},"_links":{"self":[{"href":"https:\/\/exceladvisor.org\/de\/wp-json\/wp\/v2\/pages\/3106","targetHints":{"allow":["GET"]}}],"collection":[{"href":"https:\/\/exceladvisor.org\/de\/wp-json\/wp\/v2\/pages"}],"about":[{"href":"https:\/\/exceladvisor.org\/de\/wp-json\/wp\/v2\/types\/page"}],"author":[{"embeddable":true,"href":"https:\/\/exceladvisor.org\/de\/wp-json\/wp\/v2\/users\/1"}],"replies":[{"embeddable":true,"href":"https:\/\/exceladvisor.org\/de\/wp-json\/wp\/v2\/comments?post=3106"}],"version-history":[{"count":1,"href":"https:\/\/exceladvisor.org\/de\/wp-json\/wp\/v2\/pages\/3106\/revisions"}],"predecessor-version":[{"id":4431,"href":"https:\/\/exceladvisor.org\/de\/wp-json\/wp\/v2\/pages\/3106\/revisions\/4431"}],"wp:attachment":[{"href":"https:\/\/exceladvisor.org\/de\/wp-json\/wp\/v2\/media?parent=3106"}],"curies":[{"name":"wp","href":"https:\/\/api.w.org\/{rel}","templated":true}]}}