{"id":3110,"date":"2023-11-15T09:18:53","date_gmt":"2023-11-15T09:18:53","guid":{"rendered":"https:\/\/exceladvisor.org\/de\/timeline-filter\/"},"modified":"2023-12-03T13:06:17","modified_gmt":"2023-12-03T13:06:17","slug":"timeline-filter","status":"publish","type":"page","link":"https:\/\/exceladvisor.org\/de\/timeline-filter\/","title":{"rendered":"Zeitleiste der pivot-tabelle"},"content":{"rendered":"<div class=\"excel-vor-dem-inhalt\" id=\"excel-24222031\"><script type=\"text\/javascript\">\r\n\tatOptions = {\r\n\t\t'key' : 'c1158f160081d6540a8409e6925dab94',\r\n\t\t'format' : 'iframe',\r\n\t\t'height' : 250,\r\n\t\t'width' : 300,\r\n\t\t'params' : {}\r\n\t};\r\n<\/script>\r\n<script type=\"text\/javascript\" src=\"\/\/www.highperformanceformat.com\/c1158f160081d6540a8409e6925dab94\/invoke.js\"><\/script><\/div> <p>Die Zeitleistenfunktion wurde erstmals in Excel 2013 eingef\u00fchrt und die gute Nachricht ist, dass Sie sie auch mit einer Pivot-Tabelle verwenden k\u00f6nnen. Es kann f\u00fcr Sie von entscheidender Bedeutung sein, Daten in einer Pivot-Tabelle zu filtern.<\/p><p> Denn das Problem mit der Standardfilteroption besteht darin, dass es sehr schwierig ist, nach Monaten, Quartalen und Jahren zu filtern, wenn Sie einfache Datumsangaben haben.<\/p><p> Bei einem Zeitleistenfilter m\u00fcssen Sie den Filter jedoch nicht immer wieder \u00f6ffnen, sondern erledigen dies einfach mit einem Klick. Aus diesem Grund hat Microsoft die Timeline-Filteroption eingef\u00fchrt. <\/p><div class=\"wp-block-image\"><figure class=\"aligncenter\"><img decoding=\"async\" src=\"https:\/\/exceladvisor.org\/wp-content\/uploads\/2023\/08\/Remplacer-le-filtre-normal-par-la-chronologie-du-tableau-croise-dynamique-1.png\" sizes=\"\" srcset=\"\" alt=\"Ersetzen Sie den normalen Filter durch die PivotTable-Zeitleiste\"><\/figure><\/div><p> Eine Zeitleiste ist <a style=\"outline: none;\" href=\"https:\/\/exceladvisor.org\/de\/verknupfen-sie-den-slicer-mit-mehreren-pivot-tabellen\/\" data-wpel-link=\"internal\">wie ein Segment<\/a> , der Unterschied besteht darin, dass die Zeitleiste nur Datumsangaben filtert. Deshalb m\u00f6chte ich Ihnen heute in diesem Artikel einfache Schritte zum Hinzuf\u00fcgen eines Zeitleistenfilters zum Filtern von Daten in der Pivot-Tabelle mitteilen.<\/p><p class=\"qt-tip\"> HINWEIS: Pivot-Tabellen sind Teil der <a style=\"outline: none;\" href=\"https:\/\/exceladvisor.org\/de\/hervorragende-fahigkeiten\/\">INTERMEDIATE EXCEL SKILLS<\/a> .<\/p><h2 id=\"tab-con-1\" class=\"wp-block-heading\"> Schritte zum Einf\u00fcgen einer Zeitleiste in eine Pivot-Tabelle<\/h2><p> <a style=\"outline: none;\" href=\"https:\/\/exceladvisor.org\/wp-content\/uploads\/2023\/11\/utiliser-la-chronologie-du-tableau-croise-dynamique.xlsx\" rel=\"nofollow\">Beispieldatei<\/a> <\/p><ol id=\"block-67eca96c-43a3-4ad9-b21e-127f3a0dca02\" class=\"block-editor-rich-text__editable block-editor-block-list__block wp-block is-selected rich-text\" tabindex=\"0\" role=\"group\" contenteditable=\"true\" aria-multiline=\"true\" aria-label=\"Block: List\" data-block=\"67eca96c-43a3-4ad9-b21e-127f3a0dca02\" data-type=\"core\/list\" data-title=\"List\"><li> W\u00e4hlen Sie eine der Zellen in Ihrer Pivot-Tabelle aus. <br><img decoding=\"async\" title=\"nt\/uploads\/2016\/05\/Select-Pivot-Table-To-Add-Pivot-Table-Timeline\" src=\"https:\/\/exceladvisor.org\/wp-content\/uploads\/2023\/08\/Selectionnez-le-tableau-croise-dynamique-pour-ajouter-une-chronologie-de-tableau-croise-dynamique.png\" sizes=\"\" srcset=\"\" alt=\"nt\/uploads\/2016\/05\/select-pivot-table-to-add-pivot-table-timeline\"><\/li><li> Gehen Sie zu PivotTable-Tools \u2192 Analysieren \u2192 Filter \u2192 Zeitleiste einf\u00fcgen. <br><img decoding=\"async\" title=\"nt\/uploads\/2016\/05\/Add-Pivot-Table-Timeline\" src=\"https:\/\/exceladvisor.org\/wp-content\/uploads\/2023\/08\/Ajouter-une-chronologie-de-tableau-croise-dynamique-1.png\" sizes=\"\" srcset=\"\" alt=\"nt\/uploads\/2016\/05\/add-pivot-table-timeline\"><\/li><li> Klicken Sie auf \u201eZeitleiste einf\u00fcgen\u201c und Sie erhalten ein Dialogfeld.<\/li><li> W\u00e4hlen Sie im Popup-Fenster die Datumsspalten aus, die Sie in Ihren Daten haben.<\/li><li> OK klicken. <br><img decoding=\"async\" title=\"nt\/uploads\/2016\/05\/Select-Date-To-Insert-Pivot-Table-Timeline\" src=\"https:\/\/exceladvisor.org\/wp-content\/uploads\/2023\/08\/Selectionnez-la-date-pour-inserer-la-chronologie-du-tableau-croise-dynamique.png\" sizes=\"\" srcset=\"\" alt=\"nt\/uploads\/2016\/05\/select-date-to-insert-pivot-table-timeline\"><\/li><\/ol><p> Sie haben jetzt einen Zeitleistenfilter in Ihrem Arbeitsblatt und k\u00f6nnen damit Ihre Pivot-Tabelle filtern. <\/p><div class=\"wp-block-image\"><figure class=\"aligncenter\"><img decoding=\"async\" src=\"https:\/\/exceladvisor.org\/wp-content\/uploads\/2023\/08\/25.png\" sizes=\"\" srcset=\"\" alt=\"Zeitleiste der Pivot-Tabelle\"><\/figure><\/div><p> Verwandt: <a href=\"https:\/\/exceladvisor.org\/de\/excel-slicer\/\"><strong>Excel Slicer<\/strong><\/a><\/p><h2 class=\"wp-block-heading\"> Komponenten eines Timeline-Filters<\/h2><p> Hier sind einige wichtige Komponenten, mit denen Sie Zeitpl\u00e4ne meistern k\u00f6nnen. <\/p><div class=\"wp-block-image\"><figure class=\"aligncenter\"><img decoding=\"async\" src=\"https:\/\/exceladvisor.org\/wp-content\/uploads\/2023\/08\/Chronologie-du-tableau-croise-dynamique-des-composants-1.png\" sizes=\"\" srcset=\"\" alt=\"Komponenten-PivotTable-Zeitleiste\"><\/figure><\/div><ol><li> <strong>Filter l\u00f6schen:<\/strong> Mit dieser Schaltfl\u00e4che k\u00f6nnen Sie alle Filter l\u00f6schen.<\/li><li> <strong>Zeitebene:<\/strong> Mit der Option \u201eZeitebene\u201c k\u00f6nnen Sie vier verschiedene Zeitebenen verwenden. Als Zeitebene stehen Ihnen Tage, Monate, Quartale und Jahre zur Verf\u00fcgung.<\/li><li> <strong>Zeitleiste:<\/strong> Verwenden Sie die Zeitleiste, um Daten f\u00fcr den gew\u00fcnschten Zeitraum zu filtern. Sie k\u00f6nnen Daten nach Tagen, Monaten, Quartalen und Jahren filtern. Sie k\u00f6nnen auch mehr als einen Tag, einen Monat, ein Quartal und ein Jahr ausw\u00e4hlen, jedoch nur der Reihe nach.<\/li><li> <strong>Bildlaufleiste:<\/strong> Verwenden Sie die Bildlaufleiste, um durch Tage, Monate, Quartale und Jahre zu scrollen.<\/li><\/ol><h2 id=\"tab-con-3\" class=\"wp-block-heading\"> Passen Sie eine Zeitleiste an<\/h2><p> Sie haben auch die M\u00f6glichkeit, Ihre Zeitleiste anzupassen. Sie k\u00f6nnen die folgenden \u00c4nderungen daran vornehmen.<\/p><h3 id=\"tab-con-4\" class=\"wp-block-heading\"> 1. Gr\u00f6\u00dfe \u00e4ndern<\/h3><p> Sie k\u00f6nnen die Gr\u00f6\u00dfe einer PivotTable-Zeitleiste \u00e4ndern, indem Sie die folgenden Schritte ausf\u00fchren.<\/p><ul><li> W\u00e4hlen Sie Ihre Zeitleiste aus.<\/li><li> Gehen Sie zu Timeline-Tools \u2192 Optionen \u2192 Gr\u00f6\u00dfe.<\/li><li> \u00c4ndern Sie die H\u00f6he und Breite Ihrer Timeline. <\/li><\/ul><div class=\"wp-block-image\"><figure class=\"aligncenter\"><img decoding=\"async\" src=\"https:\/\/exceladvisor.org\/wp-content\/uploads\/2023\/08\/Chronologie-du-tableau-croise-dynamique-de-la-taille-du-changement.png\" sizes=\"\" srcset=\"\" alt=\"\u00c4ndern Sie die Gr\u00f6\u00dfe der PivotTable-Zeitleiste\"><\/figure><\/div><p> Und eine weitere beste M\u00f6glichkeit besteht darin, die Gr\u00f6\u00dfe einer Zeitleiste anhand ihrer R\u00e4nder zu \u00e4ndern.<\/p><h3 id=\"tab-con-5\" class=\"wp-block-heading\"> 2. \u00c4ndern Sie den Namen der Beschriftung<\/h3><p> Standardm\u00e4\u00dfig wird Ihnen derselbe Beschriftungsname angezeigt wie der Spaltenname, den Sie zum Einf\u00fcgen einer Zeitleiste ausgew\u00e4hlt haben. Sie k\u00f6nnen es jedoch jederzeit wie folgt \u00e4ndern.<\/p><ul><li> W\u00e4hlen Sie Ihre Zeitleiste aus.<\/li><li> Gehen Sie zu Timeline-Tools \u2192 Optionen \u2192 Timeline \u2192 Timeline-Legende.<\/li><li> Geben Sie einen neuen Namen ein.<\/li><li> Dr\u00fccken Sie Enter. <\/li><\/ul><div class=\"wp-block-image\"><figure class=\"aligncenter\"><img decoding=\"async\" src=\"https:\/\/exceladvisor.org\/wp-content\/uploads\/2023\/08\/Modifier-le-nom-de-la-legende-Tableau-croise-dynamique-Chronologie.png\" sizes=\"\" srcset=\"\" alt=\"\u00c4ndern Sie den Legendennamen PivotTable Timeline\"><\/figure><\/div><h3 id=\"tab-con-6\" class=\"wp-block-heading\"> 3. Wenden Sie Zeitleistenstile an<\/h3><p> Ja, Sie k\u00f6nnen f\u00fcr Ihre Zeitleiste in der Pivot-Tabelle verschiedene Stile verwenden. Es gibt insgesamt 12 verschiedene Themenstile, die Sie f\u00fcr die Zeitleiste der Pivot-Tabelle verwenden k\u00f6nnen. <\/p><div class=\"wp-block-image\"><figure class=\"aligncenter\"><img decoding=\"async\" src=\"https:\/\/exceladvisor.org\/wp-content\/uploads\/2023\/08\/Differents-styles-a-utiliser-dans-la-chronologie-du-tableau-croise-dynamique-1.png\" sizes=\"\" srcset=\"\" alt=\"Verschiedene Stile zur Verwendung in der PivotTable-Zeitleiste\"><\/figure><\/div><p> Sie k\u00f6nnen auch ein benutzerdefiniertes Thema f\u00fcr Ihre Timeline erstellen, indem Sie einen neuen Timeline-Stil erstellen. <\/p><div class=\"wp-block-image\"><figure class=\"aligncenter\"><img decoding=\"async\" src=\"https:\/\/exceladvisor.org\/wp-content\/uploads\/2023\/08\/Creer-un-nouveau-style-pour-la-chronologie-du-tableau-croise-dynamique-1.png\" sizes=\"\" srcset=\"\" alt=\"Erstellen Sie einen neuen Stil f\u00fcr die PivotTable-Zeitleiste\"><\/figure><\/div><p> Sie haben die folgenden M\u00f6glichkeiten, Ihre Zeitleiste anzupassen. <\/p><div class=\"wp-block-image\"><figure class=\"aligncenter\"><img decoding=\"async\" src=\"https:\/\/exceladvisor.org\/wp-content\/uploads\/2023\/08\/Personnaliser-le-style-de-chronologie-du-nouveau-tableau-croise-dynamique.png\" sizes=\"\" srcset=\"\" alt=\"Passen Sie den Zeitleistenstil der neuen Pivot-Tabelle an\"><\/figure><\/div><h3 id=\"tab-con-7\" class=\"wp-block-heading\"> 4. Verkn\u00fcpfen Sie eine Zeitleiste mit mehreren Pivot-Tabellen<\/h3><p> <a style=\"outline: none;\" href=\"https:\/\/exceladvisor.org\/de\/verknupfen-sie-den-slicer-mit-mehreren-pivot-tabellen\/\">Wie bei einem Slicer<\/a> k\u00f6nnen Sie auch eine Zeitleiste mit mehreren Pivot-Tabellen verkn\u00fcpfen. Befolgen Sie dazu einfach diese einfachen Schritte. <\/p><ol id=\"block-e8e85b1b-1b94-4023-96d4-7c6c30c5236e\" class=\"block-editor-rich-text__editable block-editor-block-list__block wp-block is-selected rich-text\" tabindex=\"0\" role=\"group\" contenteditable=\"true\" aria-multiline=\"true\" aria-label=\"Block: List\" data-block=\"e8e85b1b-1b94-4023-96d4-7c6c30c5236e\" data-type=\"core\/list\" data-title=\"List\"><li> W\u00e4hlen Sie Ihre Zeitleiste aus und klicken Sie mit der rechten Maustaste darauf.<\/li><li> Klicken Sie nun auf Verbindungen melden. <br><img decoding=\"async\" title=\"nt\/uploads\/2016\/05\/Click-Report-Connections-ToLink-Pivot-Table-Timeline\" src=\"https:\/\/exceladvisor.org\/wp-content\/uploads\/2023\/08\/Cliquez-sur-Rapporter-les-connexions-pour-lier-la-chronologie-du-tableau-croise-dynamique.png\" sizes=\"\" srcset=\"\" alt=\"nt\/uploads\/2016\/05\/click-report-connections-tolink-pivot-table-timeline\"><\/li><li> Nun erhalten Sie ein Popup-Fenster mit der Liste der Pivot-Tabellen.<\/li><li> \u00dcberpr\u00fcfen Sie die Pivot-Tabellen, die Sie mit der Zeitleiste verkn\u00fcpfen m\u00f6chten. <br><img decoding=\"async\" title=\"nt\/uploads\/2016\/05\/Tick-Mark-All-Pivot-Table-To-Link-Pivot-Tables-Timeline\" src=\"https:\/\/exceladvisor.org\/wp-content\/uploads\/2023\/08\/Cochez-Marquer-tous-les-tableaux-croises-dynamiques-pour-lier-la-chronologie-des-tableaux-croises-dynamiques.png\" sizes=\"\" srcset=\"\" alt=\"nt\/uploads\/2016\/05\/tick-mark-all-pivot-table-to-link-pivot-tables-timeline\"><\/li><li> Und klicken Sie auf OK.<\/li><\/ol><h2 class=\"wp-block-heading\"> Erfahren Sie mehr \u00fcber Pivot-Tabellen<\/h2><ol><li> <a style=\"outline: none;\" href=\"https:\/\/exceladvisor.org\/de\/verknupfen-sie-den-slicer-mit-mehreren-pivot-tabellen\/\">Verbinden Sie Slicer mit mehreren Pivot-Tabellen<\/a><\/li><li> <a style=\"outline: none;\" href=\"https:\/\/exceladvisor.org\/de\/dynamische-tabellen-verweisen-auf-mehrere-dateien\/\">Erstellen Sie eine Pivot-Tabelle mit mehreren Arbeitsmappen<\/a><\/li><li> <a style=\"outline: none;\" href=\"https:\/\/exceladvisor.org\/de\/spalte-der-range\/\" data-wpel-link=\"internal\">So klassifizieren Sie in einer Pivot-Tabelle in Excel<\/a><\/li><li> <a style=\"outline: none;\" href=\"https:\/\/exceladvisor.org\/de\/kumulative-gesamt\/\" data-wpel-link=\"internal\">F\u00fcgen Sie die laufende Summe zur Pivot-Tabelle hinzu<\/a><\/li><li> <a style=\"outline: none;\" href=\"https:\/\/exceladvisor.org\/de\/automatischer-aktualisierungsbereich\/\">Aktualisieren Sie einen Pivot-Tabellenbereich automatisch<\/a><\/li><\/ol>","protected":false},"excerpt":{"rendered":"","protected":false},"author":1,"featured_media":0,"parent":0,"menu_order":0,"comment_status":"open","ping_status":"closed","template":"","meta":{"ub_ctt_via":"","footnotes":""},"class_list":["post-3110","page","type-page","status-publish","hentry"],"featured_image_src":null,"yoast_head":"<!-- This site is optimized with the Yoast SEO plugin v25.4 - https:\/\/yoast.com\/wordpress\/plugins\/seo\/ -->\n<title>Chronologischer Filter | Excel-Pivot-Tabellen-Tutorial<\/title>\n<meta name=\"description\" content=\"M\u00f6chten Sie ein fortgeschrittener Pivot-Table-Benutzer sein? Sie m\u00fcssen mehr \u00fcber die Pivot-Table-Timeline erfahren\" \/>\n<meta name=\"robots\" content=\"index, follow, max-snippet:-1, max-image-preview:large, max-video-preview:-1\" \/>\n<link rel=\"canonical\" href=\"https:\/\/exceladvisor.org\/de\/timeline-filter\/\" \/>\n<meta property=\"og:locale\" content=\"de_DE\" \/>\n<meta property=\"og:type\" content=\"article\" \/>\n<meta property=\"og:title\" content=\"Chronologischer Filter | Excel-Pivot-Tabellen-Tutorial\" \/>\n<meta property=\"og:description\" content=\"M\u00f6chten Sie ein fortgeschrittener Pivot-Table-Benutzer sein? Sie m\u00fcssen mehr \u00fcber die Pivot-Table-Timeline erfahren\" \/>\n<meta property=\"og:url\" content=\"https:\/\/exceladvisor.org\/de\/timeline-filter\/\" \/>\n<meta property=\"og:site_name\" content=\"Excel Advisor\" \/>\n<meta property=\"article:modified_time\" content=\"2023-12-03T13:06:17+00:00\" \/>\n<meta property=\"og:image\" content=\"https:\/\/exceladvisor.org\/wp-content\/uploads\/2023\/08\/Remplacer-le-filtre-normal-par-la-chronologie-du-tableau-croise-dynamique-1.png\" \/>\n<meta name=\"twitter:card\" content=\"summary_large_image\" \/>\n<meta name=\"twitter:label1\" content=\"Gesch\u00e4tzte Lesezeit\" \/>\n\t<meta name=\"twitter:data1\" content=\"3\u00a0Minuten\" \/>\n<script type=\"application\/ld+json\" class=\"yoast-schema-graph\">{\"@context\":\"https:\/\/schema.org\",\"@graph\":[{\"@type\":\"WebPage\",\"@id\":\"https:\/\/exceladvisor.org\/de\/timeline-filter\/\",\"url\":\"https:\/\/exceladvisor.org\/de\/timeline-filter\/\",\"name\":\"Chronologischer Filter | Excel-Pivot-Tabellen-Tutorial\",\"isPartOf\":{\"@id\":\"https:\/\/exceladvisor.org\/de\/#website\"},\"primaryImageOfPage\":{\"@id\":\"https:\/\/exceladvisor.org\/de\/timeline-filter\/#primaryimage\"},\"image\":{\"@id\":\"https:\/\/exceladvisor.org\/de\/timeline-filter\/#primaryimage\"},\"thumbnailUrl\":\"https:\/\/exceladvisor.org\/wp-content\/uploads\/2023\/08\/Remplacer-le-filtre-normal-par-la-chronologie-du-tableau-croise-dynamique-1.png\",\"datePublished\":\"2023-11-15T09:18:53+00:00\",\"dateModified\":\"2023-12-03T13:06:17+00:00\",\"description\":\"M\u00f6chten Sie ein fortgeschrittener Pivot-Table-Benutzer sein? Sie m\u00fcssen mehr \u00fcber die Pivot-Table-Timeline erfahren\",\"breadcrumb\":{\"@id\":\"https:\/\/exceladvisor.org\/de\/timeline-filter\/#breadcrumb\"},\"inLanguage\":\"de\",\"potentialAction\":[{\"@type\":\"ReadAction\",\"target\":[\"https:\/\/exceladvisor.org\/de\/timeline-filter\/\"]}]},{\"@type\":\"ImageObject\",\"inLanguage\":\"de\",\"@id\":\"https:\/\/exceladvisor.org\/de\/timeline-filter\/#primaryimage\",\"url\":\"https:\/\/exceladvisor.org\/wp-content\/uploads\/2023\/08\/Remplacer-le-filtre-normal-par-la-chronologie-du-tableau-croise-dynamique-1.png\",\"contentUrl\":\"https:\/\/exceladvisor.org\/wp-content\/uploads\/2023\/08\/Remplacer-le-filtre-normal-par-la-chronologie-du-tableau-croise-dynamique-1.png\"},{\"@type\":\"BreadcrumbList\",\"@id\":\"https:\/\/exceladvisor.org\/de\/timeline-filter\/#breadcrumb\",\"itemListElement\":[{\"@type\":\"ListItem\",\"position\":1,\"name\":\"Accueil\",\"item\":\"https:\/\/exceladvisor.org\/de\/\"},{\"@type\":\"ListItem\",\"position\":2,\"name\":\"Zeitleiste der pivot-tabelle\"}]},{\"@type\":\"WebSite\",\"@id\":\"https:\/\/exceladvisor.org\/de\/#website\",\"url\":\"https:\/\/exceladvisor.org\/de\/\",\"name\":\"Excel Advisor\",\"description\":\"Ihr Leitfaden zur Datendominanz\",\"publisher\":{\"@id\":\"https:\/\/exceladvisor.org\/de\/#organization\"},\"potentialAction\":[{\"@type\":\"SearchAction\",\"target\":{\"@type\":\"EntryPoint\",\"urlTemplate\":\"https:\/\/exceladvisor.org\/de\/?s={search_term_string}\"},\"query-input\":{\"@type\":\"PropertyValueSpecification\",\"valueRequired\":true,\"valueName\":\"search_term_string\"}}],\"inLanguage\":\"de\"},{\"@type\":\"Organization\",\"@id\":\"https:\/\/exceladvisor.org\/de\/#organization\",\"name\":\"Excel Advisor\",\"url\":\"https:\/\/exceladvisor.org\/de\/\",\"logo\":{\"@type\":\"ImageObject\",\"inLanguage\":\"de\",\"@id\":\"https:\/\/exceladvisor.org\/de\/#\/schema\/logo\/image\/\",\"url\":\"https:\/\/exceladvisor.org\/de\/wp-content\/uploads\/2023\/11\/exceladvisor.org_.png\",\"contentUrl\":\"https:\/\/exceladvisor.org\/de\/wp-content\/uploads\/2023\/11\/exceladvisor.org_.png\",\"width\":105,\"height\":36,\"caption\":\"Excel Advisor\"},\"image\":{\"@id\":\"https:\/\/exceladvisor.org\/de\/#\/schema\/logo\/image\/\"}}]}<\/script>\n<!-- \/ Yoast SEO plugin. -->","yoast_head_json":{"title":"Chronologischer Filter | Excel-Pivot-Tabellen-Tutorial","description":"M\u00f6chten Sie ein fortgeschrittener Pivot-Table-Benutzer sein? Sie m\u00fcssen mehr \u00fcber die Pivot-Table-Timeline erfahren","robots":{"index":"index","follow":"follow","max-snippet":"max-snippet:-1","max-image-preview":"max-image-preview:large","max-video-preview":"max-video-preview:-1"},"canonical":"https:\/\/exceladvisor.org\/de\/timeline-filter\/","og_locale":"de_DE","og_type":"article","og_title":"Chronologischer Filter | Excel-Pivot-Tabellen-Tutorial","og_description":"M\u00f6chten Sie ein fortgeschrittener Pivot-Table-Benutzer sein? Sie m\u00fcssen mehr \u00fcber die Pivot-Table-Timeline erfahren","og_url":"https:\/\/exceladvisor.org\/de\/timeline-filter\/","og_site_name":"Excel Advisor","article_modified_time":"2023-12-03T13:06:17+00:00","og_image":[{"url":"https:\/\/exceladvisor.org\/wp-content\/uploads\/2023\/08\/Remplacer-le-filtre-normal-par-la-chronologie-du-tableau-croise-dynamique-1.png","type":"","width":"","height":""}],"twitter_card":"summary_large_image","twitter_misc":{"Gesch\u00e4tzte Lesezeit":"3\u00a0Minuten"},"schema":{"@context":"https:\/\/schema.org","@graph":[{"@type":"WebPage","@id":"https:\/\/exceladvisor.org\/de\/timeline-filter\/","url":"https:\/\/exceladvisor.org\/de\/timeline-filter\/","name":"Chronologischer Filter | Excel-Pivot-Tabellen-Tutorial","isPartOf":{"@id":"https:\/\/exceladvisor.org\/de\/#website"},"primaryImageOfPage":{"@id":"https:\/\/exceladvisor.org\/de\/timeline-filter\/#primaryimage"},"image":{"@id":"https:\/\/exceladvisor.org\/de\/timeline-filter\/#primaryimage"},"thumbnailUrl":"https:\/\/exceladvisor.org\/wp-content\/uploads\/2023\/08\/Remplacer-le-filtre-normal-par-la-chronologie-du-tableau-croise-dynamique-1.png","datePublished":"2023-11-15T09:18:53+00:00","dateModified":"2023-12-03T13:06:17+00:00","description":"M\u00f6chten Sie ein fortgeschrittener Pivot-Table-Benutzer sein? Sie m\u00fcssen mehr \u00fcber die Pivot-Table-Timeline erfahren","breadcrumb":{"@id":"https:\/\/exceladvisor.org\/de\/timeline-filter\/#breadcrumb"},"inLanguage":"de","potentialAction":[{"@type":"ReadAction","target":["https:\/\/exceladvisor.org\/de\/timeline-filter\/"]}]},{"@type":"ImageObject","inLanguage":"de","@id":"https:\/\/exceladvisor.org\/de\/timeline-filter\/#primaryimage","url":"https:\/\/exceladvisor.org\/wp-content\/uploads\/2023\/08\/Remplacer-le-filtre-normal-par-la-chronologie-du-tableau-croise-dynamique-1.png","contentUrl":"https:\/\/exceladvisor.org\/wp-content\/uploads\/2023\/08\/Remplacer-le-filtre-normal-par-la-chronologie-du-tableau-croise-dynamique-1.png"},{"@type":"BreadcrumbList","@id":"https:\/\/exceladvisor.org\/de\/timeline-filter\/#breadcrumb","itemListElement":[{"@type":"ListItem","position":1,"name":"Accueil","item":"https:\/\/exceladvisor.org\/de\/"},{"@type":"ListItem","position":2,"name":"Zeitleiste der pivot-tabelle"}]},{"@type":"WebSite","@id":"https:\/\/exceladvisor.org\/de\/#website","url":"https:\/\/exceladvisor.org\/de\/","name":"Excel Advisor","description":"Ihr Leitfaden zur Datendominanz","publisher":{"@id":"https:\/\/exceladvisor.org\/de\/#organization"},"potentialAction":[{"@type":"SearchAction","target":{"@type":"EntryPoint","urlTemplate":"https:\/\/exceladvisor.org\/de\/?s={search_term_string}"},"query-input":{"@type":"PropertyValueSpecification","valueRequired":true,"valueName":"search_term_string"}}],"inLanguage":"de"},{"@type":"Organization","@id":"https:\/\/exceladvisor.org\/de\/#organization","name":"Excel Advisor","url":"https:\/\/exceladvisor.org\/de\/","logo":{"@type":"ImageObject","inLanguage":"de","@id":"https:\/\/exceladvisor.org\/de\/#\/schema\/logo\/image\/","url":"https:\/\/exceladvisor.org\/de\/wp-content\/uploads\/2023\/11\/exceladvisor.org_.png","contentUrl":"https:\/\/exceladvisor.org\/de\/wp-content\/uploads\/2023\/11\/exceladvisor.org_.png","width":105,"height":36,"caption":"Excel Advisor"},"image":{"@id":"https:\/\/exceladvisor.org\/de\/#\/schema\/logo\/image\/"}}]}},"yoast_meta":{"yoast_wpseo_title":"","yoast_wpseo_metadesc":"","yoast_wpseo_canonical":""},"_links":{"self":[{"href":"https:\/\/exceladvisor.org\/de\/wp-json\/wp\/v2\/pages\/3110","targetHints":{"allow":["GET"]}}],"collection":[{"href":"https:\/\/exceladvisor.org\/de\/wp-json\/wp\/v2\/pages"}],"about":[{"href":"https:\/\/exceladvisor.org\/de\/wp-json\/wp\/v2\/types\/page"}],"author":[{"embeddable":true,"href":"https:\/\/exceladvisor.org\/de\/wp-json\/wp\/v2\/users\/1"}],"replies":[{"embeddable":true,"href":"https:\/\/exceladvisor.org\/de\/wp-json\/wp\/v2\/comments?post=3110"}],"version-history":[{"count":1,"href":"https:\/\/exceladvisor.org\/de\/wp-json\/wp\/v2\/pages\/3110\/revisions"}],"predecessor-version":[{"id":4445,"href":"https:\/\/exceladvisor.org\/de\/wp-json\/wp\/v2\/pages\/3110\/revisions\/4445"}],"wp:attachment":[{"href":"https:\/\/exceladvisor.org\/de\/wp-json\/wp\/v2\/media?parent=3110"}],"curies":[{"name":"wp","href":"https:\/\/api.w.org\/{rel}","templated":true}]}}