{"id":3111,"date":"2023-11-15T08:44:03","date_gmt":"2023-11-15T08:44:03","guid":{"rendered":"https:\/\/exceladvisor.org\/de\/gruppentermine\/"},"modified":"2023-12-03T11:21:39","modified_gmt":"2023-12-03T11:21:39","slug":"gruppentermine","status":"publish","type":"page","link":"https:\/\/exceladvisor.org\/de\/gruppentermine\/","title":{"rendered":"Wie gruppiere ich daten in einer pivot-tabelle?"},"content":{"rendered":"<div class=\"excel-vor-dem-inhalt\" id=\"excel-4082672375\"><script type=\"text\/javascript\">\r\n\tatOptions = {\r\n\t\t'key' : 'c1158f160081d6540a8409e6925dab94',\r\n\t\t'format' : 'iframe',\r\n\t\t'height' : 250,\r\n\t\t'width' : 300,\r\n\t\t'params' : {}\r\n\t};\r\n<\/script>\r\n<script type=\"text\/javascript\" src=\"\/\/www.highperformanceformat.com\/c1158f160081d6540a8409e6925dab94\/invoke.js\"><\/script><\/div> <p>Durch Gruppieren von Daten in einer Pivot-Tabelle k\u00f6nnen Sie Sofortberichte erstellen.<\/p><p> Hier ist der Punkt: Angenommen, Sie m\u00f6chten alle Daten nach Monaten gruppieren, anstatt Ihren Daten eine andere Spalte hinzuzuf\u00fcgen. Es ist besser, die Daten zu gruppieren.<\/p><p> Es ist super einfach. Hier die gute Nachricht: Zus\u00e4tzlich zu den Monaten k\u00f6nnen Sie f\u00fcr die Gruppierung auch Jahre, Quartale, Uhrzeiten und sogar einen benutzerdefinierten Datumsbereich verwenden. Und heute m\u00f6chte ich Ihnen in diesem Artikel die genauen Schritte daf\u00fcr zeigen.<\/p><h2 class=\"wp-block-heading\"> Gruppiert Daten in einer Pivot-Tabelle nach Monat<\/h2><p> Nachfolgend finden Sie die Schritte zum Gruppieren von Daten in einer Pivot-Tabelle. <\/p><div class=\"wp-block-image\"><figure class=\"aligncenter\"><img decoding=\"async\" src=\"https:\/\/exceladvisor.org\/wp-content\/uploads\/2023\/08\/Regrouper-les-dates-dans-le-tableau-croise-dynamique-par-mois-1.gif\" sizes=\"\" srcset=\"\" alt=\"Gruppieren Sie Daten in der Pivot-Tabelle nach Monat\"><\/figure><\/div><ol><li> W\u00e4hlen Sie eine der Zellen in der Datumsspalte aus.<\/li><li> Klicken Sie mit der rechten Maustaste darauf und w\u00e4hlen Sie die Gruppe aus.<\/li><li> Sie erhalten ein Popup zum Gruppieren der Daten.<\/li><li> W\u00e4hlen Sie \u201eMonat\u201c in der Option \u201eGruppieren nach\u201c und klicken Sie dann auf \u201eOK\u201c.<\/li><\/ol><p> Sie k\u00f6nnen die obigen Schritte auch verwenden, um Daten in einer Pivot-Tabelle nach Jahren, Quartalen und Tagen zu gruppieren.<\/p><h2 class=\"wp-block-heading\"> W\u00f6chentliche Zusammenfassung<\/h2><p> Sie k\u00f6nnen auch eine Gruppe von 7 Tagen erstellen, um eine Zusammenfassung pro Woche zu erhalten. Bitte befolgen Sie dazu die folgenden Schritte. <\/p><ol id=\"block-26cc26a7-05d3-44b1-8868-96e4a0adf65d\" class=\"block-editor-rich-text__editable block-editor-block-list__block wp-block is-selected rich-text\" tabindex=\"0\" role=\"group\" contenteditable=\"true\" aria-multiline=\"true\" aria-label=\"Block: List\" data-block=\"26cc26a7-05d3-44b1-8868-96e4a0adf65d\" data-type=\"core\/list\" data-title=\"List\"><li> W\u00e4hlen Sie in der Option \u201eGruppieren nach\u201c die Option \u201eTage\u201c.<\/li><li> Geben Sie 7 in einer Anzahl von Tagen ein. <br><img decoding=\"async\" title=\"nt\/uploads\/2016\/06\/Pivot-Table-With-Group-Dates-In-Pivot-Table-By-Week\" src=\"https:\/\/exceladvisor.org\/wp-content\/uploads\/2023\/08\/Tableau-croise-dynamique-avec-dates-de-groupe-dans-le-tableau-croise-dynamique-par-semaine.png\" sizes=\"\" srcset=\"\" alt=\"nt\/uploads\/2016\/06\/pivot-table-with-group-dates-in-pivot-table-by-week\"><\/li><li> OK klicken.<\/li><\/ol><p> Mit den oben genannten Schritten k\u00f6nnen Sie eine Datumsgruppe f\u00fcr eine beliebige Anzahl von Tagen erstellen. Bitte beachten Sie, dass die von der Pivot-Tabelle erstellte Woche nicht auf Montag bis Sonntag basiert.<\/p><h2 class=\"wp-block-heading\"> St\u00fcndliche Zusammenfassung<\/h2><p> Sie haben auch die M\u00f6glichkeit, Termine nach Zeitraum zu gruppieren. Nehmen wir an, Sie haben Termine mit Uhrzeit und m\u00f6chten eine st\u00fcndliche Zusammenfassung erhalten. Befolgen Sie dazu einfach diese einfachen Schritte. <\/p><ol id=\"block-d9624e32-6e69-4d48-b573-17a41bd63acb\" class=\"block-editor-rich-text__editable block-editor-block-list__block wp-block is-selected rich-text\" tabindex=\"0\" role=\"group\" contenteditable=\"true\" aria-multiline=\"true\" aria-label=\"Block: List\" data-block=\"d9624e32-6e69-4d48-b573-17a41bd63acb\" data-type=\"core\/list\" data-title=\"List\"><li> W\u00e4hlen Sie eine der Zellen mit einem Datum aus.<\/li><li> Klicken Sie mit der rechten Maustaste darauf und w\u00e4hlen Sie die Gruppe aus.<\/li><li> W\u00e4hlen Sie die Zeit aus der Option \u201eGruppieren nach\u201c aus. <br><img decoding=\"async\" title=\"nt\/uploads\/2016\/06\/Group-Dates-In-Pivot-Table-By-Hour\" src=\"https:\/\/exceladvisor.org\/wp-content\/uploads\/2023\/08\/Regrouper-les-dates-dans-le-tableau-croise-dynamique-par-heure.png\" sizes=\"\" srcset=\"\" alt=\"nt\/uploads\/2016\/06\/group-dates-in-pivot-table-by-hour\"><\/li><li> OK klicken. <br><img decoding=\"async\" title=\"nt\/uploads\/2016\/06\/Pivot-Table-With-Group-Dates-In-Pivot-Table-By-Hour\" src=\"https:\/\/exceladvisor.org\/wp-content\/uploads\/2023\/08\/Tableau-croise-dynamique-avec-dates-de-groupe-dans-le-tableau-croise-dynamique-par-heure.png\" sizes=\"\" srcset=\"\" alt=\"nt\/uploads\/2016\/06\/pivot-table-with-group-dates-in-pivot-table-by-hour\"><\/li><\/ol><p> Sie k\u00f6nnen die obigen Schritte auch verwenden, um Daten in der Pivot-Tabelle nach Minuten und Sekunden zu gruppieren.<\/p><h2 class=\"wp-block-heading\"> Benutzerdefinierte Zusammenfassung des Datumsbereichs<\/h2><p> In der Pivot-Tabelle unten finden Sie Daten vom 1. Oktober 2014 bis zum 31. Juni 2015. <\/p><div class=\"wp-block-image\"><figure class=\"aligncenter\"><img decoding=\"async\" src=\"https:\/\/exceladvisor.org\/wp-content\/uploads\/2023\/08\/Regrouper-les-dates-dans-le-tableau-croise-dynamique-par-personnalise.png\" sizes=\"\" srcset=\"\" alt=\"Gruppieren Sie Daten in der Pivot-Tabelle nach Anpassung\"><\/figure><\/div><p> Und Sie m\u00f6chten eine Gruppe von Daten pro Monat erstellen, jedoch nur f\u00fcr 6 Monate des Jahres 2015 und alle Monate des Jahres 2014 in einer Gruppe. Nun, Sie k\u00f6nnen auch eine Datumsgruppe mithilfe eines benutzerdefinierten Bereichs erstellen. Befolgen Sie dazu diese einfachen Schritte. <\/p><ol id=\"block-4fad4bd4-b65d-4e5c-8791-abcc5781503e\" class=\"block-editor-rich-text__editable block-editor-block-list__block wp-block is-selected rich-text\" tabindex=\"0\" role=\"group\" contenteditable=\"true\" aria-multiline=\"true\" aria-label=\"Block: List\" data-block=\"4fad4bd4-b65d-4e5c-8791-abcc5781503e\" data-type=\"core\/list\" data-title=\"List\"><li> Klicken Sie mit der rechten Maustaste auf die Datumsspalte und w\u00e4hlen Sie \u201eGruppe\u201c.<\/li><li> Deaktivieren Sie das Start- und Enddatum in der automatischen Option. Und geben Sie Ihre individuellen Daten ein.<\/li><li> W\u00e4hlen Sie den Monat aus der Gruppenoption aus. <br><img decoding=\"async\" title=\"nt\/uploads\/2016\/06\/Group-Dates-In-Pivot-Table-With-Custom-Dates\" src=\"https:\/\/exceladvisor.org\/wp-content\/uploads\/2023\/08\/Regrouper-les-dates-dans-un-tableau-croise-dynamique-avec-des-dates-personnalisees-1.png\" sizes=\"\" srcset=\"\" alt=\"nt\/uploads\/2016\/06\/group-dates-in-pivot-table-with-custom-dates\"><\/li><li> Klicken Sie am Ende auf OK. <br><img decoding=\"async\" title=\"nt\/uploads\/2016\/06\/Group-Dates-In-Pivot-Table-By-Custom-Dates\" src=\"https:\/\/exceladvisor.org\/wp-content\/uploads\/2023\/08\/Regrouper-les-dates-dans-le-tableau-croise-dynamique-par-personnalise.png\" sizes=\"\" srcset=\"\" alt=\"nt\/uploads\/2016\/06\/group-dates-in-pivot-table-by-custom-dates\"><\/li><\/ol><p> Im obigen Pivot haben Sie jetzt Daten in einer Gruppe pro Monat f\u00fcr den von Ihnen genannten Datumsbereich und die \u00fcbrigen Daten, die nicht im Datumsbereich liegen, befinden sich in einer Kategorie.<\/p><p> <strong>Verwandt: <a style=\"outline: none;\" href=\"https:\/\/exceladvisor.org\/de\/excel-slicer\/\">Excel Slicer<\/a><\/strong><\/p><h2 class=\"wp-block-heading\"> Gruppieren Sie zwei verschiedene Felder<\/h2><p> Manchmal m\u00fcssen Sie mehrere Zeitr\u00e4ume verwenden, um Daten in einer Pivot-Tabelle zu gruppieren. Nehmen wir an, Sie m\u00f6chten in der Pivot-Tabelle unten Daten nach Quartalen und Monaten gruppieren. <\/p><div class=\"wp-block-image\"><figure class=\"aligncenter\"><img decoding=\"async\" src=\"https:\/\/exceladvisor.org\/wp-content\/uploads\/2023\/08\/Regrouper-les-dates-dans-le-tableau-croise-dynamique-par-plusieurs-fois-1.png\" sizes=\"\" srcset=\"\" alt=\"Gruppieren Sie Daten in der Pivot-Tabelle mehrmals\"><\/figure><\/div><ol><li> W\u00e4hlen Sie zun\u00e4chst die Gruppenoption aus dem rechten Men\u00fc aus.<\/li><li> W\u00e4hlen Sie anschlie\u00dfend Quartale und Monate aus.<\/li><li> Klicken Sie am Ende auf OK. <\/li><\/ol><div class=\"wp-block-image\"><figure class=\"aligncenter\"><img decoding=\"async\" src=\"https:\/\/exceladvisor.org\/wp-content\/uploads\/2023\/08\/Utiliser-deux-periodes-pour-regrouper-les-dates-dans-les-tableaux-croises-dynamiques-1.png\" sizes=\"\" srcset=\"\" alt=\"Verwenden Sie zwei Zeitr\u00e4ume, um Daten in Pivot-Tabellen zu gruppieren\"><\/figure><\/div><p> Sobald Sie in der Pivot-Tabelle mehrere Datumsgruppen erstellen, erhalten Sie auch eine Option zum Erweitern und Reduzieren.<\/p><h2 class=\"wp-block-heading\"> Entb\u00fcndelung<\/h2><p> Wenn Sie Ihre Daten wiederherstellen oder die Verkn\u00fcpfung von Daten aufheben m\u00f6chten, k\u00f6nnen Sie dies mit der Option \u201eVerkn\u00fcpfung aufheben\u201c tun.<\/p><ol><li> W\u00e4hlen Sie eine Zelle in der Datenspalte aus.<\/li><li> Rechtsklick.<\/li><li> W\u00e4hlen Sie \u201eGruppierung aufheben\u201c. <\/li><\/ol><div class=\"wp-block-image\"><figure class=\"aligncenter\"><img decoding=\"async\" src=\"https:\/\/exceladvisor.org\/wp-content\/uploads\/2023\/08\/Regrouper-les-dates-dans-le-degroupement-du-tableau-croise-dynamique.gif\" sizes=\"\" srcset=\"\" alt=\"Gruppendaten in der Pivot-Tabelle\"><\/figure><\/div><h2 id=\"tab-con-3\" class=\"wp-block-heading\"> Beispieldatei<\/h2><p> <a href=\"https:\/\/exceladvisor.org\/wp-content\/uploads\/2023\/08\/tableau-croise-dynamique-des-dates-de-groupe.xlsx\" rel=\"nofollow\" data-wpel-link=\"internal\">herunterladen<\/a> <\/p><div class=\"wp-block-group main-page-bottom is-layout-flow\"><div class=\"wp-block-group__inner-container\"><h2 class=\"wp-block-heading\"> Erfahren Sie mehr \u00fcber Pivot-Tabellen<\/h2><ul><li> <a href=\"https:\/\/exceladvisor.org\/de\/berechnung-in-der-pivot-tabelle\/\">Ein berechnetes Feld und Element hinzuf\u00fcgen (Formeln in einer Pivot-Tabelle)<\/a><\/li><li> <a href=\"https:\/\/exceladvisor.org\/de\/zahlen-sie-eindeutige-werte\/\">Z\u00e4hlen Sie eindeutige Werte in einer Pivot-Tabelle in Excel<\/a><\/li><li> <a href=\"https:\/\/exceladvisor.org\/de\/spalte-der-range\/\">F\u00fcgen Sie Zeilen in der Pivot-Tabelle in Excel hinzu<\/a><\/li><\/ul><\/div><\/div>","protected":false},"excerpt":{"rendered":"","protected":false},"author":1,"featured_media":0,"parent":0,"menu_order":0,"comment_status":"open","ping_status":"closed","template":"","meta":{"ub_ctt_via":"","footnotes":""},"class_list":["post-3111","page","type-page","status-publish","hentry"],"featured_image_src":null,"yoast_head":"<!-- This site is optimized with the Yoast SEO plugin v25.4 - https:\/\/yoast.com\/wordpress\/plugins\/seo\/ -->\n<title>Wie gruppiere ich Daten in einer Pivot-Tabelle?<\/title>\n<meta name=\"description\" content=\"In diesem Tutorial erfahren Sie, wie Sie Daten zur besseren Datenanalyse in einer Pivot-Tabelle gruppieren.\" \/>\n<meta name=\"robots\" content=\"index, follow, max-snippet:-1, max-image-preview:large, max-video-preview:-1\" \/>\n<link rel=\"canonical\" href=\"https:\/\/exceladvisor.org\/de\/gruppentermine\/\" \/>\n<meta property=\"og:locale\" content=\"de_DE\" \/>\n<meta property=\"og:type\" content=\"article\" \/>\n<meta property=\"og:title\" content=\"Wie gruppiere ich Daten in einer Pivot-Tabelle?\" \/>\n<meta property=\"og:description\" content=\"In diesem Tutorial erfahren Sie, wie Sie Daten zur besseren Datenanalyse in einer Pivot-Tabelle gruppieren.\" \/>\n<meta property=\"og:url\" content=\"https:\/\/exceladvisor.org\/de\/gruppentermine\/\" \/>\n<meta property=\"og:site_name\" content=\"Excel Advisor\" \/>\n<meta property=\"article:modified_time\" content=\"2023-12-03T11:21:39+00:00\" \/>\n<meta property=\"og:image\" content=\"https:\/\/exceladvisor.org\/wp-content\/uploads\/2023\/08\/Regrouper-les-dates-dans-le-tableau-croise-dynamique-par-mois-1.gif\" \/>\n<meta name=\"twitter:card\" content=\"summary_large_image\" \/>\n<meta name=\"twitter:label1\" content=\"Gesch\u00e4tzte Lesezeit\" \/>\n\t<meta name=\"twitter:data1\" content=\"3\u00a0Minuten\" \/>\n<script type=\"application\/ld+json\" class=\"yoast-schema-graph\">{\"@context\":\"https:\/\/schema.org\",\"@graph\":[{\"@type\":\"WebPage\",\"@id\":\"https:\/\/exceladvisor.org\/de\/gruppentermine\/\",\"url\":\"https:\/\/exceladvisor.org\/de\/gruppentermine\/\",\"name\":\"Wie gruppiere ich Daten in einer Pivot-Tabelle?\",\"isPartOf\":{\"@id\":\"https:\/\/exceladvisor.org\/de\/#website\"},\"primaryImageOfPage\":{\"@id\":\"https:\/\/exceladvisor.org\/de\/gruppentermine\/#primaryimage\"},\"image\":{\"@id\":\"https:\/\/exceladvisor.org\/de\/gruppentermine\/#primaryimage\"},\"thumbnailUrl\":\"https:\/\/exceladvisor.org\/wp-content\/uploads\/2023\/08\/Regrouper-les-dates-dans-le-tableau-croise-dynamique-par-mois-1.gif\",\"datePublished\":\"2023-11-15T08:44:03+00:00\",\"dateModified\":\"2023-12-03T11:21:39+00:00\",\"description\":\"In diesem Tutorial erfahren Sie, wie Sie Daten zur besseren Datenanalyse in einer Pivot-Tabelle gruppieren.\",\"breadcrumb\":{\"@id\":\"https:\/\/exceladvisor.org\/de\/gruppentermine\/#breadcrumb\"},\"inLanguage\":\"de\",\"potentialAction\":[{\"@type\":\"ReadAction\",\"target\":[\"https:\/\/exceladvisor.org\/de\/gruppentermine\/\"]}]},{\"@type\":\"ImageObject\",\"inLanguage\":\"de\",\"@id\":\"https:\/\/exceladvisor.org\/de\/gruppentermine\/#primaryimage\",\"url\":\"https:\/\/exceladvisor.org\/wp-content\/uploads\/2023\/08\/Regrouper-les-dates-dans-le-tableau-croise-dynamique-par-mois-1.gif\",\"contentUrl\":\"https:\/\/exceladvisor.org\/wp-content\/uploads\/2023\/08\/Regrouper-les-dates-dans-le-tableau-croise-dynamique-par-mois-1.gif\"},{\"@type\":\"BreadcrumbList\",\"@id\":\"https:\/\/exceladvisor.org\/de\/gruppentermine\/#breadcrumb\",\"itemListElement\":[{\"@type\":\"ListItem\",\"position\":1,\"name\":\"Accueil\",\"item\":\"https:\/\/exceladvisor.org\/de\/\"},{\"@type\":\"ListItem\",\"position\":2,\"name\":\"Wie gruppiere ich daten in einer pivot-tabelle?\"}]},{\"@type\":\"WebSite\",\"@id\":\"https:\/\/exceladvisor.org\/de\/#website\",\"url\":\"https:\/\/exceladvisor.org\/de\/\",\"name\":\"Excel Advisor\",\"description\":\"Ihr Leitfaden zur Datendominanz\",\"publisher\":{\"@id\":\"https:\/\/exceladvisor.org\/de\/#organization\"},\"potentialAction\":[{\"@type\":\"SearchAction\",\"target\":{\"@type\":\"EntryPoint\",\"urlTemplate\":\"https:\/\/exceladvisor.org\/de\/?s={search_term_string}\"},\"query-input\":{\"@type\":\"PropertyValueSpecification\",\"valueRequired\":true,\"valueName\":\"search_term_string\"}}],\"inLanguage\":\"de\"},{\"@type\":\"Organization\",\"@id\":\"https:\/\/exceladvisor.org\/de\/#organization\",\"name\":\"Excel Advisor\",\"url\":\"https:\/\/exceladvisor.org\/de\/\",\"logo\":{\"@type\":\"ImageObject\",\"inLanguage\":\"de\",\"@id\":\"https:\/\/exceladvisor.org\/de\/#\/schema\/logo\/image\/\",\"url\":\"https:\/\/exceladvisor.org\/de\/wp-content\/uploads\/2023\/11\/exceladvisor.org_.png\",\"contentUrl\":\"https:\/\/exceladvisor.org\/de\/wp-content\/uploads\/2023\/11\/exceladvisor.org_.png\",\"width\":105,\"height\":36,\"caption\":\"Excel Advisor\"},\"image\":{\"@id\":\"https:\/\/exceladvisor.org\/de\/#\/schema\/logo\/image\/\"}}]}<\/script>\n<!-- \/ Yoast SEO plugin. -->","yoast_head_json":{"title":"Wie gruppiere ich Daten in einer Pivot-Tabelle?","description":"In diesem Tutorial erfahren Sie, wie Sie Daten zur besseren Datenanalyse in einer Pivot-Tabelle gruppieren.","robots":{"index":"index","follow":"follow","max-snippet":"max-snippet:-1","max-image-preview":"max-image-preview:large","max-video-preview":"max-video-preview:-1"},"canonical":"https:\/\/exceladvisor.org\/de\/gruppentermine\/","og_locale":"de_DE","og_type":"article","og_title":"Wie gruppiere ich Daten in einer Pivot-Tabelle?","og_description":"In diesem Tutorial erfahren Sie, wie Sie Daten zur besseren Datenanalyse in einer Pivot-Tabelle gruppieren.","og_url":"https:\/\/exceladvisor.org\/de\/gruppentermine\/","og_site_name":"Excel Advisor","article_modified_time":"2023-12-03T11:21:39+00:00","og_image":[{"url":"https:\/\/exceladvisor.org\/wp-content\/uploads\/2023\/08\/Regrouper-les-dates-dans-le-tableau-croise-dynamique-par-mois-1.gif","type":"","width":"","height":""}],"twitter_card":"summary_large_image","twitter_misc":{"Gesch\u00e4tzte Lesezeit":"3\u00a0Minuten"},"schema":{"@context":"https:\/\/schema.org","@graph":[{"@type":"WebPage","@id":"https:\/\/exceladvisor.org\/de\/gruppentermine\/","url":"https:\/\/exceladvisor.org\/de\/gruppentermine\/","name":"Wie gruppiere ich Daten in einer Pivot-Tabelle?","isPartOf":{"@id":"https:\/\/exceladvisor.org\/de\/#website"},"primaryImageOfPage":{"@id":"https:\/\/exceladvisor.org\/de\/gruppentermine\/#primaryimage"},"image":{"@id":"https:\/\/exceladvisor.org\/de\/gruppentermine\/#primaryimage"},"thumbnailUrl":"https:\/\/exceladvisor.org\/wp-content\/uploads\/2023\/08\/Regrouper-les-dates-dans-le-tableau-croise-dynamique-par-mois-1.gif","datePublished":"2023-11-15T08:44:03+00:00","dateModified":"2023-12-03T11:21:39+00:00","description":"In diesem Tutorial erfahren Sie, wie Sie Daten zur besseren Datenanalyse in einer Pivot-Tabelle gruppieren.","breadcrumb":{"@id":"https:\/\/exceladvisor.org\/de\/gruppentermine\/#breadcrumb"},"inLanguage":"de","potentialAction":[{"@type":"ReadAction","target":["https:\/\/exceladvisor.org\/de\/gruppentermine\/"]}]},{"@type":"ImageObject","inLanguage":"de","@id":"https:\/\/exceladvisor.org\/de\/gruppentermine\/#primaryimage","url":"https:\/\/exceladvisor.org\/wp-content\/uploads\/2023\/08\/Regrouper-les-dates-dans-le-tableau-croise-dynamique-par-mois-1.gif","contentUrl":"https:\/\/exceladvisor.org\/wp-content\/uploads\/2023\/08\/Regrouper-les-dates-dans-le-tableau-croise-dynamique-par-mois-1.gif"},{"@type":"BreadcrumbList","@id":"https:\/\/exceladvisor.org\/de\/gruppentermine\/#breadcrumb","itemListElement":[{"@type":"ListItem","position":1,"name":"Accueil","item":"https:\/\/exceladvisor.org\/de\/"},{"@type":"ListItem","position":2,"name":"Wie gruppiere ich daten in einer pivot-tabelle?"}]},{"@type":"WebSite","@id":"https:\/\/exceladvisor.org\/de\/#website","url":"https:\/\/exceladvisor.org\/de\/","name":"Excel Advisor","description":"Ihr Leitfaden zur Datendominanz","publisher":{"@id":"https:\/\/exceladvisor.org\/de\/#organization"},"potentialAction":[{"@type":"SearchAction","target":{"@type":"EntryPoint","urlTemplate":"https:\/\/exceladvisor.org\/de\/?s={search_term_string}"},"query-input":{"@type":"PropertyValueSpecification","valueRequired":true,"valueName":"search_term_string"}}],"inLanguage":"de"},{"@type":"Organization","@id":"https:\/\/exceladvisor.org\/de\/#organization","name":"Excel Advisor","url":"https:\/\/exceladvisor.org\/de\/","logo":{"@type":"ImageObject","inLanguage":"de","@id":"https:\/\/exceladvisor.org\/de\/#\/schema\/logo\/image\/","url":"https:\/\/exceladvisor.org\/de\/wp-content\/uploads\/2023\/11\/exceladvisor.org_.png","contentUrl":"https:\/\/exceladvisor.org\/de\/wp-content\/uploads\/2023\/11\/exceladvisor.org_.png","width":105,"height":36,"caption":"Excel Advisor"},"image":{"@id":"https:\/\/exceladvisor.org\/de\/#\/schema\/logo\/image\/"}}]}},"yoast_meta":{"yoast_wpseo_title":"","yoast_wpseo_metadesc":"","yoast_wpseo_canonical":""},"_links":{"self":[{"href":"https:\/\/exceladvisor.org\/de\/wp-json\/wp\/v2\/pages\/3111","targetHints":{"allow":["GET"]}}],"collection":[{"href":"https:\/\/exceladvisor.org\/de\/wp-json\/wp\/v2\/pages"}],"about":[{"href":"https:\/\/exceladvisor.org\/de\/wp-json\/wp\/v2\/types\/page"}],"author":[{"embeddable":true,"href":"https:\/\/exceladvisor.org\/de\/wp-json\/wp\/v2\/users\/1"}],"replies":[{"embeddable":true,"href":"https:\/\/exceladvisor.org\/de\/wp-json\/wp\/v2\/comments?post=3111"}],"version-history":[{"count":1,"href":"https:\/\/exceladvisor.org\/de\/wp-json\/wp\/v2\/pages\/3111\/revisions"}],"predecessor-version":[{"id":4077,"href":"https:\/\/exceladvisor.org\/de\/wp-json\/wp\/v2\/pages\/3111\/revisions\/4077"}],"wp:attachment":[{"href":"https:\/\/exceladvisor.org\/de\/wp-json\/wp\/v2\/media?parent=3111"}],"curies":[{"name":"wp","href":"https:\/\/api.w.org\/{rel}","templated":true}]}}