{"id":3112,"date":"2023-11-15T08:08:27","date_gmt":"2023-11-15T08:08:27","guid":{"rendered":"https:\/\/exceladvisor.org\/de\/sortieren-sie-eine-pivot-tabelle\/"},"modified":"2023-12-03T13:04:58","modified_gmt":"2023-12-03T13:04:58","slug":"sortieren-sie-eine-pivot-tabelle","status":"publish","type":"page","link":"https:\/\/exceladvisor.org\/de\/sortieren-sie-eine-pivot-tabelle\/","title":{"rendered":"Wie sortiere ich eine pivot-tabelle in excel?"},"content":{"rendered":"<div class=\"excel-vor-dem-inhalt\" id=\"excel-1513744966\"><script type=\"text\/javascript\">\r\n\tatOptions = {\r\n\t\t'key' : 'c1158f160081d6540a8409e6925dab94',\r\n\t\t'format' : 'iframe',\r\n\t\t'height' : 250,\r\n\t\t'width' : 300,\r\n\t\t'params' : {}\r\n\t};\r\n<\/script>\r\n<script type=\"text\/javascript\" src=\"\/\/www.highperformanceformat.com\/c1158f160081d6540a8409e6925dab94\/invoke.js\"><\/script><\/div> <p>Ja, Sie k\u00f6nnen eine Pivot-Tabelle in Excel sortieren. Die Sortierung kann je nach Ihren spezifischen Anforderungen auf unterschiedliche Weise erfolgen. Hier sind die allgemeinen Schritte zum Sortieren einer Pivot-Tabelle:<\/p><h2 class=\"wp-block-heading\"> <strong>Nach Werten sortieren<\/strong><\/h2><p> Lassen Sie uns eine sehr einfache Pivot-Tabelle kl\u00e4ren. Hier wollten wir die Gesamtsumme vom kleinsten zum gr\u00f6\u00dften sortieren, um das meistverkaufte Produkt herauszufinden. <\/p><div class=\"wp-block-image\"><figure class=\"aligncenter size-large is-resized\"><img loading=\"lazy\" decoding=\"async\" class=\"wp-image-59372\" src=\"https:\/\/exceladvisor.org\/wp-content\/uploads\/2023\/08\/1-tri-base-sur-les-valeurs.png\" sizes=\"auto, \" srcset=\"\" alt=\"nach Werten sortieren\" width=\"526\" height=\"186\"><\/figure><\/div><ol><li> W\u00e4hlen Sie zun\u00e4chst eine beliebige Zelle in der Gesamtsummenspalte aus und wechseln Sie zur Registerkarte \u201eStartseite\u201c. <br><img loading=\"lazy\" decoding=\"async\" title=\"Tab 2-gehe nach Hause\" src=\"https:\/\/exceladvisor.org\/wp-content\/uploads\/2023\/08\/2-aller-a-longlet-daccueil.png\" sizes=\"auto, \" srcset=\"\" alt=\"go-to-home-tab\" width=\"858\" height=\"111\"><\/li><li> Klicken Sie anschlie\u00dfend unter Bearbeiten auf Sortieren und Filtern. <br><img loading=\"lazy\" decoding=\"async\" title=\"3-fach sortieren und filtern w\u00e4hrend der Bearbeitung\" src=\"https:\/\/exceladvisor.org\/wp-content\/uploads\/2023\/08\/3-trier-et-filtrer-sous-edition.png\" sizes=\"auto, \" srcset=\"\" alt=\"sort-and-filter-under-editing\" width=\"835\" height=\"108\"><\/li><li> Nachdem Sie auf die Option \u201eSortieren und Filtern\u201c geklickt haben, wird eine Dropdown-Liste angezeigt. <br><img loading=\"lazy\" decoding=\"async\" title=\"4 Sortier- und Filteroptionen\" src=\"https:\/\/exceladvisor.org\/wp-content\/uploads\/2023\/08\/4-options-de-tri-et-de-filtrage.png\" sizes=\"auto, \" srcset=\"\" alt=\"sort-and-filter-option\" width=\"187\" height=\"233\"><\/li><li> Hier finden Sie die gew\u00fcnschte Option \u201eSortieren vom gr\u00f6\u00dften zum kleinsten\u201c. Mit nur einem Klick k\u00f6nnen Sie Ihre Daten sortieren. <br><img loading=\"lazy\" decoding=\"async\" title=\"5 Zauber vom gr\u00f6\u00dften zum kleinsten\" src=\"https:\/\/exceladvisor.org\/wp-content\/uploads\/2023\/08\/5-trier-du-plus-grand-au-plus-petit.png\" sizes=\"auto, \" srcset=\"\" alt=\"sort-largest-to-smallest\" width=\"187\" height=\"232\"><\/li><li> Abschlie\u00dfend werden die Daten sortiert. <br><img loading=\"lazy\" decoding=\"async\" title=\"6-Daten-sortiert\" src=\"https:\/\/exceladvisor.org\/wp-content\/uploads\/2023\/08\/6-donnees-triees.png\" sizes=\"auto, \" srcset=\"\" alt=\"sorted-data\" width=\"517\" height=\"180\"><\/li><\/ol><p> Ebenso k\u00f6nnen Sie die Daten vom kleinsten zum gr\u00f6\u00dften Wert sortieren, indem Sie die gleichen Schritte ausf\u00fchren.<\/p><ol><li> Klicken Sie zun\u00e4chst erneut auf eine beliebige Zelle in der Gesamtzeile. <br><img loading=\"lazy\" decoding=\"async\" title=\"7 Klicks auf eine beliebige Zelle in der Gesamtzeile\" src=\"https:\/\/exceladvisor.org\/wp-content\/uploads\/2023\/08\/7-cliquez-sur-nimporte-quelle-cellule-dans-la-ligne-totale.png\" sizes=\"auto, \" srcset=\"\" alt=\"click-any-cell-in-total-row\" width=\"513\" height=\"182\"><\/li><li> Gehen Sie nun zu Start \u2192 Sortieren und Filtern. <br><img loading=\"lazy\" decoding=\"async\" title=\"Sortieren und filtern Sie mit 8 Klicks\" src=\"https:\/\/exceladvisor.org\/wp-content\/uploads\/2023\/08\/Trier-et-filtrer-en-8-clics.png\" sizes=\"auto, \" srcset=\"\" alt=\"click-sort-and-filter\" width=\"882\" height=\"114\"><\/li><li> Klicken Sie dort auf \u201eVom Gr\u00f6\u00dften zum Kleinsten\u201c. <br><img loading=\"lazy\" decoding=\"async\" title=\"9 Sortieren Sie vom gr\u00f6\u00dften zum kleinsten\" src=\"https:\/\/exceladvisor.org\/wp-content\/uploads\/2023\/08\/9-trier-du-plus-grand-au-plus-petit.png\" sizes=\"auto, \" srcset=\"\" alt=\"sort-largest-to-smallest\" width=\"197\" height=\"245\"><\/li><li> Die gesamte Zeile ist vom gr\u00f6\u00dften zum kleinsten sortiert. <br><img loading=\"lazy\" decoding=\"async\" title=\"Insgesamt 10 Reihen sortiert\" src=\"https:\/\/exceladvisor.org\/wp-content\/uploads\/2023\/08\/10-lignes-au-total-triees.png\" sizes=\"auto, \" srcset=\"\" alt=\"total-row-sorted\" width=\"499\" height=\"170\"><\/li><\/ol><p> Hier in der Pivot-Tabelle oben sind die Gesamtsummenspalten und -zeilen vom gr\u00f6\u00dften zum kleinsten Wert sortiert.<\/p><h2 class=\"wp-block-heading\"> <strong>Benutzerdefinierte Sortierung einer Pivot-Tabelle<\/strong><\/h2><p> Stellen Sie sich vor, Sie m\u00fcssen den Produktkuchen jetzt vom \u201ekleinsten zum gr\u00f6\u00dften\u201c oder umgekehrt sortieren. Sie k\u00f6nnen dies mithilfe einer benutzerdefinierten Sortieroption tun.<\/p><ol><li> Klicken Sie in der Zeile \u201eKuchen\u201c auf einen beliebigen Wert mit Ausnahme der Gesamtsumme, da die Gesamtsummen nicht sortiert werden. <br><img loading=\"lazy\" decoding=\"async\" title=\"11-Sort-Custom-a-Wirbel\" src=\"https:\/\/exceladvisor.org\/wp-content\/uploads\/2023\/08\/11-tri-personnalise-dun-tableau-croise-dynamique.png\" sizes=\"auto, \" srcset=\"\" alt=\"custom-sort-a-pivot-table\" width=\"516\" height=\"180\"><\/li><li> Klicken Sie nun auf Start \u2192 Sortieren und Bearbeiten. <br><img loading=\"lazy\" decoding=\"async\" title=\"12-sortieren und bearbeiten\" src=\"https:\/\/exceladvisor.org\/wp-content\/uploads\/2023\/08\/12-trier-et-editer.png\" sizes=\"auto, \" srcset=\"\" alt=\"sort-and-editing\" width=\"896\" height=\"114\"><\/li><li> Nachdem Sie auf den Dropdown-Pfeil geklickt haben, klicken Sie auf \u201eBenutzerdefinierte Sortierung\u201c. <br><img loading=\"lazy\" decoding=\"async\" title=\"Personalisierte Sortierung mit 13 Klicks\" src=\"https:\/\/exceladvisor.org\/wp-content\/uploads\/2023\/08\/Tri-personnalise-en-13-clics.png\" sizes=\"auto, \" srcset=\"\" alt=\"click-custom-sort\" width=\"194\" height=\"236\"><\/li><li> Hier \u00f6ffnet sich das Fenster \u201eNach Wert sortieren\u201c. <br><img loading=\"lazy\" decoding=\"async\" title=\"14 Sortieroptionen nach Wert\" src=\"https:\/\/exceladvisor.org\/wp-content\/uploads\/2023\/08\/14-option-de-tri-par-valeur.png\" sizes=\"auto, \" srcset=\"\" alt=\"sort-by-value-option\" width=\"360\" height=\"263\"><\/li><li> W\u00e4hlen Sie nun unter Sortieroption die Option \u201eVon gr\u00f6\u00dfter zu kleinster Gr\u00f6\u00dfe\u201c aus. <br><img loading=\"lazy\" decoding=\"async\" title=\"15 Auswahlm\u00f6glichkeiten vom gr\u00f6\u00dften bis zum kleinsten\" src=\"https:\/\/exceladvisor.org\/wp-content\/uploads\/2023\/08\/15-selectionner-du-plus-grand-au-plus-petit.png\" sizes=\"auto, \" srcset=\"\" alt=\"select-largest-to-smallest\" width=\"360\" height=\"263\"><\/li><li> W\u00e4hlen Sie ebenfalls die Sortierrichtung. Wie hier m\u00f6chten wir von links nach rechts sortieren, also w\u00e4hlen wir \u201eLinks nach rechts\u201c aus. <br><img loading=\"lazy\" decoding=\"async\" title=\"16-Sortierrichtung ausw\u00e4hlen\" src=\"https:\/\/exceladvisor.org\/wp-content\/uploads\/2023\/08\/16-selectionner-le-sens-du-tri.png\" sizes=\"auto, \" srcset=\"\" alt=\"select-the-sort-direction\" width=\"360\" height=\"263\"><\/li><li> Hier sind wir. Jetzt k\u00f6nnen Sie ganz einfach herausfinden, in welchem Monat die h\u00f6chsten und niedrigsten Ums\u00e4tze erzielt wurden. <br><img loading=\"lazy\" decoding=\"async\" title=\"Daten sortiert nach 17 Monaten\" src=\"https:\/\/exceladvisor.org\/wp-content\/uploads\/2023\/08\/Donnees-triees-sur-17-mois.png\" sizes=\"auto, \" srcset=\"\" alt=\"month-wise-sorted-data\" width=\"518\" height=\"180\"><\/li><\/ol><p> Was passiert nun, wenn Sie neben dem in Ihrem Pivot ausgew\u00e4hlten Modell eine geringf\u00fcgige \u00c4nderung vornehmen m\u00fcssen?<\/p><p> Beispielsweise liegen Ihnen Verkaufsdaten von Januar bis Dezember vor. Angenommen, Sie w\u00fcrden den aktuellen Monat, beispielsweise August, nach oben bringen? Dies passt in kein definiertes Modell.<\/p><p> Keine Sorge, es ist m\u00f6glich. In solchen F\u00e4llen k\u00f6nnen Sie die Pivot-Tabelle manuell sortieren. Hier ist ein einfaches Beispiel. <\/p><div class=\"wp-block-image\"><figure class=\"aligncenter size-large is-resized\"><img loading=\"lazy\" decoding=\"async\" class=\"wp-image-59409\" src=\"https:\/\/exceladvisor.org\/wp-content\/uploads\/2023\/08\/18-trier-le-tableau-croise-dynamique-manuellement.png\" sizes=\"auto, \" srcset=\"\" alt=\"Pivot-Array manuell sortieren\" width=\"481\" height=\"301\"><\/figure><\/div><p> In der obigen Tabelle sind nun die Daten von Januar bis Dezember in Spalten und die L\u00e4nder alphabetisch sortiert. F\u00fchren Sie die folgenden Schritte aus, um \u201eAugust\u201c in die erste Spalte und \u201eIndien\u201c in die oberste Zeile zu bringen.<\/p><ol><li> W\u00e4hlen Sie zun\u00e4chst die Spalten\u00fcberschrift aus, zu der Sie wechseln m\u00f6chten. Wie hier wollen wir den Monat August verschieben. Wir w\u00e4hlen also die Zelle Aug aus. <br><img loading=\"lazy\" decoding=\"async\" title=\"19 Spalten\u00fcberschriften ausw\u00e4hlen\" src=\"https:\/\/exceladvisor.org\/wp-content\/uploads\/2023\/08\/19-selectionner-len-tete-de-colonne.png\" sizes=\"auto, \" srcset=\"\" alt=\"select-the-header-of-column\" width=\"675\" height=\"280\"><\/li><li> Denken Sie daran, dass wir nur die Kopfzelle ausw\u00e4hlen m\u00fcssen.<\/li><li> Sobald Sie nun Ihren Cursor an den Rand der ausgew\u00e4hlten Zelle bewegen, erscheint ein Objektbewegungscursor. <br><img loading=\"lazy\" decoding=\"async\" title=\"20-Header-Zelle ausw\u00e4hlen\" src=\"https:\/\/exceladvisor.org\/wp-content\/uploads\/2023\/08\/20-selectionnez-la-cellule-den-tete.png\" sizes=\"auto, \" srcset=\"\" alt=\"select-the-header-cell\" width=\"450\" height=\"279\"><\/li><li> Klicken Sie anschlie\u00dfend mit der Maus und ziehen Sie die Spalte an die Position, an die Sie sie verschieben m\u00f6chten. Hier ziehen wir es in die erste Spalte. <br><img loading=\"lazy\" decoding=\"async\" title=\"21-Slide-Spalte-zu-Position\" src=\"https:\/\/exceladvisor.org\/wp-content\/uploads\/2023\/08\/21-faites-glisser-la-colonne-vers-la-position.png\" sizes=\"auto, \" srcset=\"\" alt=\"drag-the-column-to-the-position\" width=\"684\" height=\"284\"><\/li><li> Wiederholen Sie die Schritte ebenfalls mit dem Land.<\/li><li> W\u00e4hlen Sie \u201eIndien\u201c und bewegen Sie den Cursor \u00fcber den Rand, um den Verschiebecursor zu erhalten, und ziehen Sie ihn einfach an die erste Position. <br><img loading=\"lazy\" decoding=\"async\" title=\"22-Rutsche in die erste Position\" src=\"https:\/\/exceladvisor.org\/wp-content\/uploads\/2023\/08\/22-glisser-vers-la-premiere-position.png\" sizes=\"auto, \" srcset=\"\" alt=\"drag-to-first-position\" width=\"484\" height=\"311\"><\/li><\/ol><h2 class=\"wp-block-heading\"> <strong>Alphabetisch sortieren<\/strong><\/h2><p> Lassen Sie uns nun die L\u00e4nder alphabetisch sortieren, um es unserem Publikum zu erleichtern. Dies kann auf zwei verschiedene Arten erfolgen. <\/p><div class=\"wp-block-image\"><figure class=\"aligncenter size-large is-resized\"><img loading=\"lazy\" decoding=\"async\" class=\"wp-image-59418\" src=\"https:\/\/exceladvisor.org\/wp-content\/uploads\/2023\/08\/23-trier-par-ordre-alphabetique.png\" sizes=\"auto, \" srcset=\"\" alt=\"alphabetisch sortieren\" width=\"296\" height=\"227\"><\/figure><\/div><ol><li> Um zu beginnen, klicken Sie in diesem Beispiel auf die oberste Zelle \u201eIndien\u201c. <br><img loading=\"lazy\" decoding=\"async\" title=\"24 Klicks auf die oberste Zelle\" src=\"https:\/\/exceladvisor.org\/wp-content\/uploads\/2023\/08\/24-cliquez-sur-la-cellule-du-haut.png\" sizes=\"auto, \" srcset=\"\" alt=\"click-the-top-cell\" width=\"281\" height=\"213\"><\/li><li> Klicken Sie nun auf die Registerkarte \u201eStartseite\u201c und gehen Sie zur Schaltfl\u00e4che \u201eSortieren und Filtern\u201c. <br><img loading=\"lazy\" decoding=\"async\" title=\"Sortieren und filtern Sie in 25 Schritten\" src=\"https:\/\/exceladvisor.org\/wp-content\/uploads\/2023\/08\/25-aller-pour-trier-et-filtrer.png\" sizes=\"auto, \" srcset=\"\" alt=\"go-to-sort-and-filter\" width=\"135\" height=\"227\"><\/li><li> Klicken Sie hier auf die Option \u201eSortieren von A bis Z\u201c. <br><img loading=\"lazy\" decoding=\"async\" title=\"26 Zauberspr\u00fcche von A bis Z\" src=\"https:\/\/exceladvisor.org\/wp-content\/uploads\/2023\/08\/26-trier-de-a-a-z.png\" sizes=\"auto, \" srcset=\"\" alt=\"sort-A-to-Z\" width=\"134\" height=\"154\"><\/li><li> Die Daten werden sortiert. Sie sehen nun, dass die L\u00e4nder alphabetisch von A bis Z sortiert sind. <br><img loading=\"lazy\" decoding=\"async\" title=\"27-Daten-sortiert\" src=\"https:\/\/exceladvisor.org\/wp-content\/uploads\/2023\/08\/27-donnees-triees.png\" sizes=\"auto, \" srcset=\"\" alt=\"sorted-data\" width=\"290\" height=\"222\"><\/li><\/ol><p> Sie k\u00f6nnen die folgenden Schritte auch verwenden, um eine andere Methode der alphabetischen Sortierung zu verwenden.<\/p><ol><li> W\u00e4hlen Sie in der Pivot-Tabelle die Kopfzelle aus, z. B. \u201eLand\u201c. <br><img loading=\"lazy\" decoding=\"async\" title=\"28-Header-Zelle ausw\u00e4hlen\" src=\"https:\/\/exceladvisor.org\/wp-content\/uploads\/2023\/08\/28-selectionner-la-cellule-den-tete.png\" sizes=\"auto, \" srcset=\"\" alt=\"select-the-header-cell\" width=\"292\" height=\"222\"><\/li><li> Klicken Sie nun auf den kleinen Dropdown-Pfeil neben \u201eLand\u201c. <br><img loading=\"lazy\" decoding=\"async\" title=\"29 Klicks auf Dropdown-Liste\" src=\"https:\/\/exceladvisor.org\/wp-content\/uploads\/2023\/08\/29-cliquez-sur-le-menu-deroulant.png\" sizes=\"auto, \" srcset=\"\" alt=\"click-on-drop-down\" width=\"228\" height=\"341\"><\/li><li> Klicken Sie nun auf die erste Option, also \u201eSortieren von A bis Z\u201c. <br><img loading=\"lazy\" decoding=\"async\" title=\"30 Zauberspr\u00fcche von A bis Z\" src=\"https:\/\/exceladvisor.org\/wp-content\/uploads\/2023\/08\/30-trier-de-a-a-z.png\" sizes=\"auto, \" srcset=\"\" alt=\"sort-A-to-Z\" width=\"226\" height=\"337\"><\/li><li> Hier sind wir. Die L\u00e4nder sind alphabetisch von A bis Z aufgelistet. <br><img loading=\"lazy\" decoding=\"async\" title=\"31 Daten sortiert von A bis Z\" src=\"https:\/\/exceladvisor.org\/wp-content\/uploads\/2023\/08\/31-donnees-triees-de-a-a-z.png\" sizes=\"auto, \" srcset=\"\" alt=\"sorted-data-A-to-Z\" width=\"281\" height=\"216\"><\/li><\/ol>","protected":false},"excerpt":{"rendered":"","protected":false},"author":1,"featured_media":0,"parent":0,"menu_order":0,"comment_status":"open","ping_status":"closed","template":"","meta":{"ub_ctt_via":"","footnotes":""},"class_list":["post-3112","page","type-page","status-publish","hentry"],"featured_image_src":null,"yoast_head":"<!-- This site is optimized with the Yoast SEO plugin v25.4 - https:\/\/yoast.com\/wordpress\/plugins\/seo\/ -->\n<title>Wie sortiere ich eine Pivot-Tabelle in Excel?<\/title>\n<meta name=\"description\" content=\"In diesem Tutorial erfahren Sie, wie Sie eine Pivot-Tabelle mit verschiedenen Methoden sortieren, die Ihnen beim Sortieren helfen k\u00f6nnen\" \/>\n<meta name=\"robots\" content=\"index, follow, max-snippet:-1, max-image-preview:large, max-video-preview:-1\" \/>\n<link rel=\"canonical\" href=\"https:\/\/exceladvisor.org\/de\/sortieren-sie-eine-pivot-tabelle\/\" \/>\n<meta property=\"og:locale\" content=\"de_DE\" \/>\n<meta property=\"og:type\" content=\"article\" \/>\n<meta property=\"og:title\" content=\"Wie sortiere ich eine Pivot-Tabelle in Excel?\" \/>\n<meta property=\"og:description\" content=\"In diesem Tutorial erfahren Sie, wie Sie eine Pivot-Tabelle mit verschiedenen Methoden sortieren, die Ihnen beim Sortieren helfen k\u00f6nnen\" \/>\n<meta property=\"og:url\" content=\"https:\/\/exceladvisor.org\/de\/sortieren-sie-eine-pivot-tabelle\/\" \/>\n<meta property=\"og:site_name\" content=\"Excel Advisor\" \/>\n<meta property=\"article:modified_time\" content=\"2023-12-03T13:04:58+00:00\" \/>\n<meta property=\"og:image\" content=\"https:\/\/exceladvisor.org\/wp-content\/uploads\/2023\/08\/1-tri-base-sur-les-valeurs.png\" \/>\n<meta name=\"twitter:card\" content=\"summary_large_image\" \/>\n<meta name=\"twitter:label1\" content=\"Gesch\u00e4tzte Lesezeit\" \/>\n\t<meta name=\"twitter:data1\" content=\"4\u00a0Minuten\" \/>\n<script type=\"application\/ld+json\" class=\"yoast-schema-graph\">{\"@context\":\"https:\/\/schema.org\",\"@graph\":[{\"@type\":\"WebPage\",\"@id\":\"https:\/\/exceladvisor.org\/de\/sortieren-sie-eine-pivot-tabelle\/\",\"url\":\"https:\/\/exceladvisor.org\/de\/sortieren-sie-eine-pivot-tabelle\/\",\"name\":\"Wie sortiere ich eine Pivot-Tabelle in Excel?\",\"isPartOf\":{\"@id\":\"https:\/\/exceladvisor.org\/de\/#website\"},\"primaryImageOfPage\":{\"@id\":\"https:\/\/exceladvisor.org\/de\/sortieren-sie-eine-pivot-tabelle\/#primaryimage\"},\"image\":{\"@id\":\"https:\/\/exceladvisor.org\/de\/sortieren-sie-eine-pivot-tabelle\/#primaryimage\"},\"thumbnailUrl\":\"https:\/\/exceladvisor.org\/wp-content\/uploads\/2023\/08\/1-tri-base-sur-les-valeurs.png\",\"datePublished\":\"2023-11-15T08:08:27+00:00\",\"dateModified\":\"2023-12-03T13:04:58+00:00\",\"description\":\"In diesem Tutorial erfahren Sie, wie Sie eine Pivot-Tabelle mit verschiedenen Methoden sortieren, die Ihnen beim Sortieren helfen k\u00f6nnen\",\"breadcrumb\":{\"@id\":\"https:\/\/exceladvisor.org\/de\/sortieren-sie-eine-pivot-tabelle\/#breadcrumb\"},\"inLanguage\":\"de\",\"potentialAction\":[{\"@type\":\"ReadAction\",\"target\":[\"https:\/\/exceladvisor.org\/de\/sortieren-sie-eine-pivot-tabelle\/\"]}]},{\"@type\":\"ImageObject\",\"inLanguage\":\"de\",\"@id\":\"https:\/\/exceladvisor.org\/de\/sortieren-sie-eine-pivot-tabelle\/#primaryimage\",\"url\":\"https:\/\/exceladvisor.org\/wp-content\/uploads\/2023\/08\/1-tri-base-sur-les-valeurs.png\",\"contentUrl\":\"https:\/\/exceladvisor.org\/wp-content\/uploads\/2023\/08\/1-tri-base-sur-les-valeurs.png\"},{\"@type\":\"BreadcrumbList\",\"@id\":\"https:\/\/exceladvisor.org\/de\/sortieren-sie-eine-pivot-tabelle\/#breadcrumb\",\"itemListElement\":[{\"@type\":\"ListItem\",\"position\":1,\"name\":\"Accueil\",\"item\":\"https:\/\/exceladvisor.org\/de\/\"},{\"@type\":\"ListItem\",\"position\":2,\"name\":\"Wie sortiere ich eine pivot-tabelle in excel?\"}]},{\"@type\":\"WebSite\",\"@id\":\"https:\/\/exceladvisor.org\/de\/#website\",\"url\":\"https:\/\/exceladvisor.org\/de\/\",\"name\":\"Excel Advisor\",\"description\":\"Ihr Leitfaden zur Datendominanz\",\"publisher\":{\"@id\":\"https:\/\/exceladvisor.org\/de\/#organization\"},\"potentialAction\":[{\"@type\":\"SearchAction\",\"target\":{\"@type\":\"EntryPoint\",\"urlTemplate\":\"https:\/\/exceladvisor.org\/de\/?s={search_term_string}\"},\"query-input\":{\"@type\":\"PropertyValueSpecification\",\"valueRequired\":true,\"valueName\":\"search_term_string\"}}],\"inLanguage\":\"de\"},{\"@type\":\"Organization\",\"@id\":\"https:\/\/exceladvisor.org\/de\/#organization\",\"name\":\"Excel Advisor\",\"url\":\"https:\/\/exceladvisor.org\/de\/\",\"logo\":{\"@type\":\"ImageObject\",\"inLanguage\":\"de\",\"@id\":\"https:\/\/exceladvisor.org\/de\/#\/schema\/logo\/image\/\",\"url\":\"https:\/\/exceladvisor.org\/de\/wp-content\/uploads\/2023\/11\/exceladvisor.org_.png\",\"contentUrl\":\"https:\/\/exceladvisor.org\/de\/wp-content\/uploads\/2023\/11\/exceladvisor.org_.png\",\"width\":105,\"height\":36,\"caption\":\"Excel Advisor\"},\"image\":{\"@id\":\"https:\/\/exceladvisor.org\/de\/#\/schema\/logo\/image\/\"}}]}<\/script>\n<!-- \/ Yoast SEO plugin. -->","yoast_head_json":{"title":"Wie sortiere ich eine Pivot-Tabelle in Excel?","description":"In diesem Tutorial erfahren Sie, wie Sie eine Pivot-Tabelle mit verschiedenen Methoden sortieren, die Ihnen beim Sortieren helfen k\u00f6nnen","robots":{"index":"index","follow":"follow","max-snippet":"max-snippet:-1","max-image-preview":"max-image-preview:large","max-video-preview":"max-video-preview:-1"},"canonical":"https:\/\/exceladvisor.org\/de\/sortieren-sie-eine-pivot-tabelle\/","og_locale":"de_DE","og_type":"article","og_title":"Wie sortiere ich eine Pivot-Tabelle in Excel?","og_description":"In diesem Tutorial erfahren Sie, wie Sie eine Pivot-Tabelle mit verschiedenen Methoden sortieren, die Ihnen beim Sortieren helfen k\u00f6nnen","og_url":"https:\/\/exceladvisor.org\/de\/sortieren-sie-eine-pivot-tabelle\/","og_site_name":"Excel Advisor","article_modified_time":"2023-12-03T13:04:58+00:00","og_image":[{"url":"https:\/\/exceladvisor.org\/wp-content\/uploads\/2023\/08\/1-tri-base-sur-les-valeurs.png","type":"","width":"","height":""}],"twitter_card":"summary_large_image","twitter_misc":{"Gesch\u00e4tzte Lesezeit":"4\u00a0Minuten"},"schema":{"@context":"https:\/\/schema.org","@graph":[{"@type":"WebPage","@id":"https:\/\/exceladvisor.org\/de\/sortieren-sie-eine-pivot-tabelle\/","url":"https:\/\/exceladvisor.org\/de\/sortieren-sie-eine-pivot-tabelle\/","name":"Wie sortiere ich eine Pivot-Tabelle in Excel?","isPartOf":{"@id":"https:\/\/exceladvisor.org\/de\/#website"},"primaryImageOfPage":{"@id":"https:\/\/exceladvisor.org\/de\/sortieren-sie-eine-pivot-tabelle\/#primaryimage"},"image":{"@id":"https:\/\/exceladvisor.org\/de\/sortieren-sie-eine-pivot-tabelle\/#primaryimage"},"thumbnailUrl":"https:\/\/exceladvisor.org\/wp-content\/uploads\/2023\/08\/1-tri-base-sur-les-valeurs.png","datePublished":"2023-11-15T08:08:27+00:00","dateModified":"2023-12-03T13:04:58+00:00","description":"In diesem Tutorial erfahren Sie, wie Sie eine Pivot-Tabelle mit verschiedenen Methoden sortieren, die Ihnen beim Sortieren helfen k\u00f6nnen","breadcrumb":{"@id":"https:\/\/exceladvisor.org\/de\/sortieren-sie-eine-pivot-tabelle\/#breadcrumb"},"inLanguage":"de","potentialAction":[{"@type":"ReadAction","target":["https:\/\/exceladvisor.org\/de\/sortieren-sie-eine-pivot-tabelle\/"]}]},{"@type":"ImageObject","inLanguage":"de","@id":"https:\/\/exceladvisor.org\/de\/sortieren-sie-eine-pivot-tabelle\/#primaryimage","url":"https:\/\/exceladvisor.org\/wp-content\/uploads\/2023\/08\/1-tri-base-sur-les-valeurs.png","contentUrl":"https:\/\/exceladvisor.org\/wp-content\/uploads\/2023\/08\/1-tri-base-sur-les-valeurs.png"},{"@type":"BreadcrumbList","@id":"https:\/\/exceladvisor.org\/de\/sortieren-sie-eine-pivot-tabelle\/#breadcrumb","itemListElement":[{"@type":"ListItem","position":1,"name":"Accueil","item":"https:\/\/exceladvisor.org\/de\/"},{"@type":"ListItem","position":2,"name":"Wie sortiere ich eine pivot-tabelle in excel?"}]},{"@type":"WebSite","@id":"https:\/\/exceladvisor.org\/de\/#website","url":"https:\/\/exceladvisor.org\/de\/","name":"Excel Advisor","description":"Ihr Leitfaden zur Datendominanz","publisher":{"@id":"https:\/\/exceladvisor.org\/de\/#organization"},"potentialAction":[{"@type":"SearchAction","target":{"@type":"EntryPoint","urlTemplate":"https:\/\/exceladvisor.org\/de\/?s={search_term_string}"},"query-input":{"@type":"PropertyValueSpecification","valueRequired":true,"valueName":"search_term_string"}}],"inLanguage":"de"},{"@type":"Organization","@id":"https:\/\/exceladvisor.org\/de\/#organization","name":"Excel Advisor","url":"https:\/\/exceladvisor.org\/de\/","logo":{"@type":"ImageObject","inLanguage":"de","@id":"https:\/\/exceladvisor.org\/de\/#\/schema\/logo\/image\/","url":"https:\/\/exceladvisor.org\/de\/wp-content\/uploads\/2023\/11\/exceladvisor.org_.png","contentUrl":"https:\/\/exceladvisor.org\/de\/wp-content\/uploads\/2023\/11\/exceladvisor.org_.png","width":105,"height":36,"caption":"Excel Advisor"},"image":{"@id":"https:\/\/exceladvisor.org\/de\/#\/schema\/logo\/image\/"}}]}},"yoast_meta":{"yoast_wpseo_title":"","yoast_wpseo_metadesc":"","yoast_wpseo_canonical":""},"_links":{"self":[{"href":"https:\/\/exceladvisor.org\/de\/wp-json\/wp\/v2\/pages\/3112","targetHints":{"allow":["GET"]}}],"collection":[{"href":"https:\/\/exceladvisor.org\/de\/wp-json\/wp\/v2\/pages"}],"about":[{"href":"https:\/\/exceladvisor.org\/de\/wp-json\/wp\/v2\/types\/page"}],"author":[{"embeddable":true,"href":"https:\/\/exceladvisor.org\/de\/wp-json\/wp\/v2\/users\/1"}],"replies":[{"embeddable":true,"href":"https:\/\/exceladvisor.org\/de\/wp-json\/wp\/v2\/comments?post=3112"}],"version-history":[{"count":1,"href":"https:\/\/exceladvisor.org\/de\/wp-json\/wp\/v2\/pages\/3112\/revisions"}],"predecessor-version":[{"id":4188,"href":"https:\/\/exceladvisor.org\/de\/wp-json\/wp\/v2\/pages\/3112\/revisions\/4188"}],"wp:attachment":[{"href":"https:\/\/exceladvisor.org\/de\/wp-json\/wp\/v2\/media?parent=3112"}],"curies":[{"name":"wp","href":"https:\/\/api.w.org\/{rel}","templated":true}]}}