{"id":3113,"date":"2023-11-15T07:48:42","date_gmt":"2023-11-15T07:48:42","guid":{"rendered":"https:\/\/exceladvisor.org\/de\/textzone\/"},"modified":"2023-12-03T11:20:30","modified_gmt":"2023-12-03T11:20:30","slug":"textzone","status":"publish","type":"page","link":"https:\/\/exceladvisor.org\/de\/textzone\/","title":{"rendered":"Wie f\u00fcge ich ein textfeld in excel ein?"},"content":{"rendered":"<div class=\"excel-vor-dem-inhalt\" id=\"excel-3214953644\"><script type=\"text\/javascript\">\r\n\tatOptions = {\r\n\t\t'key' : 'c1158f160081d6540a8409e6925dab94',\r\n\t\t'format' : 'iframe',\r\n\t\t'height' : 250,\r\n\t\t'width' : 300,\r\n\t\t'params' : {}\r\n\t};\r\n<\/script>\r\n<script type=\"text\/javascript\" src=\"\/\/www.highperformanceformat.com\/c1158f160081d6540a8409e6925dab94\/invoke.js\"><\/script><\/div> <p>Durch Einf\u00fcgen eines Textfelds in Excel k\u00f6nnen Sie Text hinzuf\u00fcgen und ihn an eine beliebige Stelle in der Tabelle verschieben. Sie k\u00f6nnen es auch anpassen, indem Sie den Schriftstil, die Kontur, die Farbe usw. \u00e4ndern.<\/p><p> In diesem Tutorial lernen Sie alle Methoden zum Einf\u00fcgen sowie die damit verbundenen Eigenschaften und Optionen kennen. Lass uns anfangen.<\/p><h2 class=\"wp-block-heading\"> Schritte zum Einf\u00fcgen eines Textfelds in Excel<\/h2><p> Um Ihrer Tabelle ein Textfeld hinzuzuf\u00fcgen, f\u00fchren Sie die folgenden Schritte aus:<\/p><ol><li> Gehen Sie zun\u00e4chst zur Registerkarte \u201eEinf\u00fcgen\u201c und klicken Sie auf \u201eText\u201c und w\u00e4hlen Sie dann \u201eTextfeld\u201c aus dem Men\u00fcband aus. <br><img loading=\"lazy\" decoding=\"async\" title=\"1-Text-Textbereich einf\u00fcgen\" src=\"https:\/\/exceladvisor.org\/wp-content\/uploads\/2023\/08\/1-zone-de-texte-dinsertion-de-texte.png\" sizes=\"auto, \" srcset=\"\" alt=\"insert-text-textbox\" width=\"946\" height=\"186\"><\/li><li> Platzieren Sie anschlie\u00dfend in der Excel-Tabelle den Cursor an der Stelle, von der aus Sie das Textfeld hinzuf\u00fcgen m\u00f6chten, und ziehen Sie es mit gedr\u00fcckter linker Maustaste nach unten. <br><img loading=\"lazy\" decoding=\"async\" title=\"2-F\u00fcge-einen-Textbereich-im-Arbeitsblatt hinzu\" src=\"https:\/\/exceladvisor.org\/wp-content\/uploads\/2023\/08\/2-ajouter-une-zone-de-texte-dans-la-feuille-de-calcul.png\" sizes=\"auto, \" srcset=\"\" alt=\"add-text-box-in-worksheet\" width=\"491\" height=\"305\"><\/li><li> Jetzt sehen Sie den Cursor im Textfeld, um dort etwas zu schreiben.<\/li><li> Beginnen Sie einfach mit der Eingabe und geben Sie den Text ein, den Sie einf\u00fcgen m\u00f6chten. <br><img loading=\"lazy\" decoding=\"async\" title=\"3-Text-in-Text-Bereich hinzuf\u00fcgen\" src=\"https:\/\/exceladvisor.org\/wp-content\/uploads\/2023\/08\/3-ajouter-du-texte-dans-la-zone-de-texte.png\" sizes=\"auto, \" srcset=\"\" alt=\"add-text-into-the-textbox\" width=\"514\" height=\"318\"><\/li><\/ol><p class=\"mytip\"> Es gibt eine <a href=\"https:\/\/exceladvisor.org\/de\/tastaturkurzel\/\">Tastenkombination, mit<\/a> der Sie ein Textfeld in Excel einf\u00fcgen k\u00f6nnen <kbd>: Alt<\/kbd> \u21e2 <kbd>N<\/kbd> \u21e2 <kbd>X.<\/kbd><\/p><h2 class=\"wp-block-heading\"> F\u00fcgen Sie ein Textfeld aus Formen hinzu<\/h2><ol><li> Gehen Sie zun\u00e4chst zur Registerkarte \u201eEinf\u00fcgen\u201c, klicken Sie auf \u201eIllustrationen\u201c und w\u00e4hlen Sie dann \u201eFormen\u201c. <br><img loading=\"lazy\" decoding=\"async\" title=\"4-f\u00fcge dann ein Bild ein und w\u00e4hle Formen aus\" src=\"https:\/\/exceladvisor.org\/wp-content\/uploads\/2023\/08\/4-inserez-ensuite-des-illustrations-et-selectionnez-des-formes.png\" sizes=\"auto, \" srcset=\"\" alt=\"insert-then-illustrations-and-select-shapes\" width=\"405\" height=\"222\"><\/li><li> W\u00e4hlen Sie nun das Textfeld aus der Liste der Formen aus. <br><img loading=\"lazy\" decoding=\"async\" title=\"5 W\u00e4hlen Sie ein Textfeld aus Formen aus\" src=\"https:\/\/exceladvisor.org\/wp-content\/uploads\/2023\/08\/5-selectionner-une-zone-de-texte-a-partir-de-formes.png\" sizes=\"auto, \" srcset=\"\" alt=\"select-text-box-from-shapes\" width=\"323\" height=\"509\"><\/li><li> Klicken Sie anschlie\u00dfend auf die Stelle in der Tabelle, an der Sie es einf\u00fcgen m\u00f6chten.<\/li><li> F\u00fcgen Sie am Ende den gew\u00fcnschten Text in das Textfeld ein. <br><img loading=\"lazy\" decoding=\"async\" title=\"6-Textfeld-mit-Text-ist-fertig\" src=\"https:\/\/exceladvisor.org\/wp-content\/uploads\/2023\/08\/6-zone-de-texte-avec-le-texte-est-pret.png\" sizes=\"auto, \" srcset=\"\" alt=\"text-box-with-text-is-ready\" width=\"361\" height=\"170\"><\/li><\/ol><h2 class=\"wp-block-heading\"> Formatieren des Textfelds<\/h2><p> Nachdem Sie das Textfeld hinzugef\u00fcgt haben, k\u00f6nnen Sie dessen Formatierung \u00e4ndern, indem Sie Form, Schriftart, Schriftstil, Gr\u00f6\u00dfe, Farbe usw. \u00e4ndern. Wenn Sie das Textfeld ausw\u00e4hlen, wird im Men\u00fcband eine neue Registerkarte mit dem Namen \u201e <strong>Formformat<\/strong> \u201c angezeigt. <\/p><div class=\"wp-block-image\"><figure class=\"aligncenter size-full is-resized\"><img loading=\"lazy\" decoding=\"async\" class=\"wp-image-72878\" src=\"https:\/\/exceladvisor.org\/wp-content\/uploads\/2023\/08\/7-nouveau-format-de-forme-donglet-dans-le-ruban.png\" sizes=\"auto, \" srcset=\"\" alt=\"Neues Tab-Shape-Format im Men\u00fcband\" width=\"455\" height=\"385\"><\/figure><\/div><h3 class=\"wp-block-heading\"> Bearbeiten von Formen und Bearbeiten von Punkten<\/h3><p> In der Dropdown-Liste stehen verschiedene Formen zum Hinzuf\u00fcgen des Textes zur Verf\u00fcgung. <\/p><div class=\"wp-block-image\"><figure class=\"aligncenter size-full is-resized\"><img loading=\"lazy\" decoding=\"async\" class=\"wp-image-72879\" src=\"https:\/\/exceladvisor.org\/wp-content\/uploads\/2023\/08\/8-formes-dinsertion-du-groupe-de-formes-1.png\" sizes=\"auto, \" srcset=\"\" alt=\"Formen aus der Formgruppe einf\u00fcgen\" width=\"353\" height=\"141\"><\/figure><\/div><ul><li> W\u00e4hlen Sie zun\u00e4chst die bestimmte Form aus, die Sie hinzuf\u00fcgen m\u00f6chten, und markieren Sie Ihren Text.<\/li><li> Klicken Sie dann auf die Stelle, an der Sie es hinzuf\u00fcgen m\u00f6chten.<\/li><li> Ziehen Sie anschlie\u00dfend den Cursor und halten Sie ihn gedr\u00fcckt, um dieselbe Form auf dem Arbeitsblatt zu zeichnen. <\/li><\/ul><div class=\"wp-block-image\"><figure class=\"aligncenter size-full is-resized\"><img loading=\"lazy\" decoding=\"async\" class=\"wp-image-72880\" src=\"https:\/\/exceladvisor.org\/wp-content\/uploads\/2023\/08\/9-faites-glisser-et-maintenez-le-curseur-pour-dessiner-la-meme-forme.png\" sizes=\"auto, \" srcset=\"\" alt=\"Ziehen und halten Sie den Cursor, um dieselbe Form zu zeichnen\" width=\"748\" height=\"431\"><\/figure><\/div><ul><li> Nun k\u00f6nnen Sie dort per Doppelklick einen beliebigen Text eingeben. <\/li><\/ul><div class=\"wp-block-image\"><figure class=\"aligncenter size-full is-resized\"><img loading=\"lazy\" decoding=\"async\" class=\"wp-image-72881\" src=\"https:\/\/exceladvisor.org\/wp-content\/uploads\/2023\/08\/10-double-cliquez-sur-la-forme-pour-entrer-du-texte.png\" sizes=\"auto, \" srcset=\"\" alt=\"Doppelklicken Sie auf die Form, um Text einzugeben\" width=\"366\" height=\"249\"><\/figure><\/div><p> <strong>Form \u00e4ndern \u2013<\/strong> Wenn Sie dieselbe Form in eine andere \u00e4ndern m\u00f6chten, klicken Sie auf den Dropdown-Pfeil \u201eForm \u00e4ndern\u201c und w\u00e4hlen Sie die alternative Form aus der Option \u201e <strong>Form bearbeiten<\/strong> \u201c aus. <\/p><div class=\"wp-block-image\"><figure class=\"aligncenter size-full is-resized\"><img loading=\"lazy\" decoding=\"async\" class=\"wp-image-72882\" src=\"https:\/\/exceladvisor.org\/wp-content\/uploads\/2023\/08\/11-modifier-la-forme-puis-changer-en-une-autre.png\" sizes=\"auto, \" srcset=\"\" alt=\"Form \u00e4ndern und dann in eine andere \u00e4ndern\" width=\"497\" height=\"485\"><\/figure><\/div><p> Sobald Sie auf die endg\u00fcltige Form klicken, wird die vorherige Form in die neue umgewandelt. <\/p><div class=\"wp-block-image\"><figure class=\"aligncenter size-full is-resized\"><img loading=\"lazy\" decoding=\"async\" class=\"wp-image-72883\" src=\"https:\/\/exceladvisor.org\/wp-content\/uploads\/2023\/08\/12-clic-simple-sur-la-nouvelle-forme-a-convertir.png\" sizes=\"auto, \" srcset=\"\" alt=\"Nur ein Klick auf ein neues Formular zum Konvertieren\" width=\"434\" height=\"243\"><\/figure><\/div><p> <strong>Punkte bearbeiten \u2013<\/strong> Es hilft Ihnen, das Textfeld in einen freien Text umzuwandeln. Wenn Sie auf diese Option klicken, wird das vorhandene Textfeld durch kleine K\u00e4stchen hervorgehoben. Klicken Sie anschlie\u00dfend auf einen beliebigen Punkt, von dem aus Sie ihn in eine beliebige Richtung verl\u00e4ngern m\u00f6chten. <\/p><div class=\"wp-block-image\"><figure class=\"aligncenter size-full is-resized\"><img loading=\"lazy\" decoding=\"async\" class=\"wp-image-73152\" src=\"https:\/\/exceladvisor.org\/wp-content\/uploads\/2023\/08\/13-a-partir-des-points-de-modification-modifier-la-zone-de-texte.png\" sizes=\"auto, \" srcset=\"\" alt=\"Von-Bearbeitungspunkten-Bearbeitungstextfeld\" width=\"492\" height=\"290\"><\/figure><\/div><h3 class=\"wp-block-heading\"> Formstile<\/h3><p> In der Gruppe \u201eFormstile\u201c k\u00f6nnen Sie zun\u00e4chst den Themenstil der Form im Arbeitsblatt ausw\u00e4hlen. <\/p><div class=\"wp-block-image\"><figure class=\"aligncenter size-full is-resized\"><img loading=\"lazy\" decoding=\"async\" class=\"wp-image-73154\" src=\"https:\/\/exceladvisor.org\/wp-content\/uploads\/2023\/08\/14-selectionner-le-style-de-theme.png\" sizes=\"auto, \" srcset=\"\" alt=\"W\u00e4hlen Sie den Themenstil\" width=\"651\" height=\"339\"><\/figure><\/div><p> \u00dcber \u201e <strong>Formf\u00fcllung<\/strong> \u201c k\u00f6nnen Sie sogar eine beliebige Textur- oder Verlaufsoption ausw\u00e4hlen, die dunkle und schwache Farbvariationen enth\u00e4lt. <\/p><div class=\"wp-block-image\"><figure class=\"aligncenter size-full is-resized\"><img loading=\"lazy\" decoding=\"async\" class=\"wp-image-73155\" src=\"https:\/\/exceladvisor.org\/wp-content\/uploads\/2023\/08\/15-options-de-remplissage-de-forme.png\" sizes=\"auto, \" srcset=\"\" alt=\"Formf\u00fclloptionen\" width=\"606\" height=\"440\"><\/figure><\/div><p> <strong>Mit \u201eFormumriss\u201c<\/strong> k\u00f6nnen Sie die Farbe des Formumrisses \u00e4ndern. Wenn Sie die Breite und den Linienstil Ihres Texts \u00e4ndern m\u00f6chten, klicken Sie auf die Optionen \u201eSt\u00e4rke\u201c und \u201eStrich\u201c. <\/p><div class=\"wp-block-image\"><figure class=\"aligncenter size-full is-resized\"><img loading=\"lazy\" decoding=\"async\" class=\"wp-image-73156\" src=\"https:\/\/exceladvisor.org\/wp-content\/uploads\/2023\/08\/16-zone-de-texte-de-contour-de-forme.png\" sizes=\"auto, \" srcset=\"\" alt=\"Form-Kontur-Textfeld\" width=\"579\" height=\"523\"><\/figure><\/div><p> Mit \u201e <strong>Formeffekten<\/strong> \u201c k\u00f6nnen Sie visuelle Effekte wie Schatten, Reflexionen usw. anwenden. um Ihrem Text ein anderes Aussehen zu verleihen. <\/p><div class=\"wp-block-image\"><figure class=\"aligncenter size-full is-resized\"><img loading=\"lazy\" decoding=\"async\" class=\"wp-image-73157\" src=\"https:\/\/exceladvisor.org\/wp-content\/uploads\/2023\/08\/Zone-de-texte-17-effets-de-forme.png\" sizes=\"auto, \" srcset=\"\" alt=\"Form-Effekte-Textfeld\" width=\"609\" height=\"425\"><\/figure><\/div><h3 class=\"wp-block-heading\"> Rand entfernen<\/h3><p> Dazu m\u00fcssen Sie in der Formstilgruppe zur Dropdown-Liste \u201eFormkontur\u201c gehen. W\u00e4hlen Sie dann die Option \u201e <strong>Keine Kontur<\/strong> \u201c aus. <\/p><div class=\"wp-block-image\"><figure class=\"aligncenter size-full is-resized\"><img loading=\"lazy\" decoding=\"async\" class=\"wp-image-73158\" src=\"https:\/\/exceladvisor.org\/wp-content\/uploads\/2023\/08\/18-selectionner-aucun-contour-a-partir-du-contour-de-la-forme.png\" sizes=\"auto, \" srcset=\"\" alt=\"select-no-outline-shape-outline\" width=\"491\" height=\"571\"><\/figure><\/div><p> Sobald Sie darauf klicken, werden die R\u00e4nder der ausgew\u00e4hlten Form entfernt und es sieht wie folgt aus. <\/p><div class=\"wp-block-image\"><figure class=\"aligncenter size-full is-resized\"><img loading=\"lazy\" decoding=\"async\" class=\"wp-image-73159\" src=\"https:\/\/exceladvisor.org\/wp-content\/uploads\/2023\/08\/19-zone-de-texte-sans-bordure.png\" sizes=\"auto, \" srcset=\"\" alt=\"randloses Textfeld\" width=\"315\" height=\"209\"><\/figure><\/div><h3 class=\"wp-block-heading\"> Schriftgr\u00f6\u00dfe, -stil und -farbe<\/h3><p> Sobald Sie das Textfeld ausgew\u00e4hlt haben, k\u00f6nnen Sie Text hinzuf\u00fcgen, indem Sie einfach darauf doppelklicken. Viele Schriftformate sind direkt neben der Formstilgruppe verf\u00fcgbar, in der Sie den Schriftstil ausw\u00e4hlen k\u00f6nnen. <\/p><div class=\"wp-block-image\"><figure class=\"aligncenter size-full is-resized\"><img loading=\"lazy\" decoding=\"async\" class=\"wp-image-72892\" src=\"https:\/\/exceladvisor.org\/wp-content\/uploads\/2023\/08\/20-options-de-styles-de-police-de-surbrillance.png\" sizes=\"auto, \" srcset=\"\" alt=\"Optionen f\u00fcr hervorgehobene Schriftarten\" width=\"545\" height=\"344\"><\/figure><\/div><p> Hier in der Option \u201e <strong>Textf\u00fcllung<\/strong> \u201c k\u00f6nnen Sie die Farbe des Textes \u00e4ndern, indem Sie ihn ausw\u00e4hlen. <\/p><div class=\"wp-block-image\"><figure class=\"aligncenter size-full is-resized\"><img loading=\"lazy\" decoding=\"async\" class=\"wp-image-73160\" src=\"https:\/\/exceladvisor.org\/wp-content\/uploads\/2023\/08\/21-changer-la-couleur-de-la-police-1.png\" sizes=\"auto, \" srcset=\"\" alt=\"Schriftfarbe \u00e4ndern\" width=\"559\" height=\"517\"><\/figure><\/div><p> Textumrisse und Texteffekte helfen Ihnen beim Bearbeiten von Text, indem Sie Rahmen und Effekte hinzuf\u00fcgen. <\/p><div class=\"wp-block-image\"><figure class=\"aligncenter size-full is-resized\"><img loading=\"lazy\" decoding=\"async\" class=\"wp-image-72894\" src=\"https:\/\/exceladvisor.org\/wp-content\/uploads\/2023\/08\/22-contours-de-texte-et-ajouter-des-effets.png\" sizes=\"auto, \" srcset=\"\" alt=\"Textgliederung und Effekte hinzuf\u00fcgen\" width=\"621\" height=\"485\"><\/figure><\/div><h3 class=\"wp-block-heading\"> Drehen des Textfelds<\/h3><p> Die Option zum Drehen befindet sich in der Gruppe \u201eAnordnen\u201c. Klicken Sie einfach auf das Dropdown-Men\u00fc und Sie erhalten die Unteroptionen zum Drehen des Textfelds um 90 Grad nach links und rechts. Au\u00dferdem k\u00f6nnen Sie es horizontal oder vertikal spiegeln. <\/p><div class=\"wp-block-image\"><figure class=\"aligncenter size-full is-resized\"><img loading=\"lazy\" decoding=\"async\" class=\"wp-image-72895\" src=\"https:\/\/exceladvisor.org\/wp-content\/uploads\/2023\/08\/23-faire-pivoter-la-zone-de-texte.png\" sizes=\"auto, \" srcset=\"\" alt=\"Textfeld drehen\" width=\"508\" height=\"388\"><\/figure><\/div><h3 class=\"wp-block-heading\"> Gr\u00f6\u00dfe des Textfelds \u00e4ndern<\/h3><p> Es ist sehr einfach, die H\u00f6he und Breite des Textfelds zu \u00e4ndern. Sie k\u00f6nnen dies auf zwei verschiedene Arten tun:<\/p><ul><li> Sobald Sie das Textfeld ausw\u00e4hlen, erhalten Sie zun\u00e4chst kleine Kreise. Durch Erweitern dieser Kreise k\u00f6nnen Sie deren Gr\u00f6\u00dfe nach Ihren W\u00fcnschen anpassen. <\/li><\/ul><div class=\"wp-block-image\"><figure class=\"aligncenter size-full is-resized\"><img loading=\"lazy\" decoding=\"async\" class=\"wp-image-72897\" src=\"https:\/\/exceladvisor.org\/wp-content\/uploads\/2023\/08\/24-redimensionner-la-zone-de-texte-a-travers-de-petits-cercles.png\" sizes=\"auto, \" srcset=\"\" alt=\"Gr\u00f6\u00dfe des Textbereichs um kleine Kreise \u00e4ndern\" width=\"384\" height=\"230\"><\/figure><\/div><ul><li> Die zweite Methode besteht darin, die Gr\u00f6\u00dfengruppe in der oberen rechten Ecke des Men\u00fcbands zu verwenden. <\/li><\/ul><div class=\"wp-block-image\"><figure class=\"aligncenter size-full is-resized\"><img loading=\"lazy\" decoding=\"async\" class=\"wp-image-72896\" src=\"https:\/\/exceladvisor.org\/wp-content\/uploads\/2023\/08\/25-changer-la-hauteur-de-la-largeur-par-loption-de-taille.png\" sizes=\"auto, \" srcset=\"\" alt=\"Option \u201eBreite-H\u00f6he-nach-Gr\u00f6\u00dfe \u00e4ndern\u201c.\" width=\"434\" height=\"408\"><\/figure><\/div><div class=\"gb-container gb-container-4db6181c gb-container-mt\"> <a class=\"gb-button gb-button-c5897111 gb-button-text gb-button-mt-button\" href=\"https:\/\/exceladvisor.org\/de\/excel-grundlagen\/\">Microsoft Excel-Grundlagen (Komponenten, Teile und Wissenshinweise)<\/a><h2 class=\"gb-headline gb-headline-665e5f6b gb-headline-text gb-headline-mt-heading\"> Verwandte Tutorials <\/h2><div class=\"gb-grid-wrapper gb-grid-wrapper-a20baf7c gb-grid-wrapper-mt-grid\"><div class=\"gb-grid-column gb-grid-column-65ddf67e\"><div class=\"gb-container gb-container-65ddf67e\"><ul><li> <a href=\"https:\/\/exceladvisor.org\/de\/vollig-rechtfertigen\/\">F\u00fcllen Sie \u201eAusrichten\u201c in Excel aus<\/a><\/li><li> <a href=\"https:\/\/exceladvisor.org\/de\/excel-formelleiste\/\">Formelleiste in Excel<\/a><\/li><li> <a href=\"https:\/\/exceladvisor.org\/de\/fugen-sie-eine-fusszeile-hinzu\/\">F\u00fcgen Sie in Excel eine Kopf- und Fu\u00dfzeile hinzu<\/a><\/li><li> <a href=\"https:\/\/exceladvisor.org\/de\/herrscher\/\">Lineal in Excel anzeigen<\/a><\/li><li> <a href=\"https:\/\/exceladvisor.org\/de\/fullgriff\/\">Handle in Excel ausf\u00fcllen<\/a> <\/li><\/ul><\/div><\/div><div class=\"gb-grid-column gb-grid-column-50067b57\"><div class=\"gb-container gb-container-50067b57\"><\/div><\/div><\/div><\/div>","protected":false},"excerpt":{"rendered":"","protected":false},"author":1,"featured_media":0,"parent":0,"menu_order":0,"comment_status":"open","ping_status":"closed","template":"","meta":{"ub_ctt_via":"","footnotes":""},"class_list":["post-3113","page","type-page","status-publish","hentry"],"featured_image_src":null,"yoast_head":"<!-- This site is optimized with the Yoast SEO plugin v25.4 - https:\/\/yoast.com\/wordpress\/plugins\/seo\/ -->\n<title>Wie f\u00fcge ich ein Textfeld in Excel ein? (Tutorial 2023)<\/title>\n<meta name=\"description\" content=\"In diesem Tutorial erfahren Sie, wie Sie ein Textfeld und alle anderen Eigenschaften einf\u00fcgen, um sein Erscheinungsbild zu \u00e4ndern.\" \/>\n<meta name=\"robots\" content=\"index, follow, max-snippet:-1, max-image-preview:large, max-video-preview:-1\" \/>\n<link rel=\"canonical\" href=\"https:\/\/exceladvisor.org\/de\/textzone\/\" \/>\n<meta property=\"og:locale\" content=\"de_DE\" \/>\n<meta property=\"og:type\" content=\"article\" \/>\n<meta property=\"og:title\" content=\"Wie f\u00fcge ich ein Textfeld in Excel ein? (Tutorial 2023)\" \/>\n<meta property=\"og:description\" content=\"In diesem Tutorial erfahren Sie, wie Sie ein Textfeld und alle anderen Eigenschaften einf\u00fcgen, um sein Erscheinungsbild zu \u00e4ndern.\" \/>\n<meta property=\"og:url\" content=\"https:\/\/exceladvisor.org\/de\/textzone\/\" \/>\n<meta property=\"og:site_name\" content=\"Excel Advisor\" \/>\n<meta property=\"article:modified_time\" content=\"2023-12-03T11:20:30+00:00\" \/>\n<meta property=\"og:image\" content=\"https:\/\/exceladvisor.org\/wp-content\/uploads\/2023\/08\/1-zone-de-texte-dinsertion-de-texte.png\" \/>\n<meta name=\"twitter:card\" content=\"summary_large_image\" \/>\n<meta name=\"twitter:label1\" content=\"Gesch\u00e4tzte Lesezeit\" \/>\n\t<meta name=\"twitter:data1\" content=\"4\u00a0Minuten\" \/>\n<script type=\"application\/ld+json\" class=\"yoast-schema-graph\">{\"@context\":\"https:\/\/schema.org\",\"@graph\":[{\"@type\":\"WebPage\",\"@id\":\"https:\/\/exceladvisor.org\/de\/textzone\/\",\"url\":\"https:\/\/exceladvisor.org\/de\/textzone\/\",\"name\":\"Wie f\u00fcge ich ein Textfeld in Excel ein? (Tutorial 2023)\",\"isPartOf\":{\"@id\":\"https:\/\/exceladvisor.org\/de\/#website\"},\"primaryImageOfPage\":{\"@id\":\"https:\/\/exceladvisor.org\/de\/textzone\/#primaryimage\"},\"image\":{\"@id\":\"https:\/\/exceladvisor.org\/de\/textzone\/#primaryimage\"},\"thumbnailUrl\":\"https:\/\/exceladvisor.org\/wp-content\/uploads\/2023\/08\/1-zone-de-texte-dinsertion-de-texte.png\",\"datePublished\":\"2023-11-15T07:48:42+00:00\",\"dateModified\":\"2023-12-03T11:20:30+00:00\",\"description\":\"In diesem Tutorial erfahren Sie, wie Sie ein Textfeld und alle anderen Eigenschaften einf\u00fcgen, um sein Erscheinungsbild zu \u00e4ndern.\",\"breadcrumb\":{\"@id\":\"https:\/\/exceladvisor.org\/de\/textzone\/#breadcrumb\"},\"inLanguage\":\"de\",\"potentialAction\":[{\"@type\":\"ReadAction\",\"target\":[\"https:\/\/exceladvisor.org\/de\/textzone\/\"]}]},{\"@type\":\"ImageObject\",\"inLanguage\":\"de\",\"@id\":\"https:\/\/exceladvisor.org\/de\/textzone\/#primaryimage\",\"url\":\"https:\/\/exceladvisor.org\/wp-content\/uploads\/2023\/08\/1-zone-de-texte-dinsertion-de-texte.png\",\"contentUrl\":\"https:\/\/exceladvisor.org\/wp-content\/uploads\/2023\/08\/1-zone-de-texte-dinsertion-de-texte.png\"},{\"@type\":\"BreadcrumbList\",\"@id\":\"https:\/\/exceladvisor.org\/de\/textzone\/#breadcrumb\",\"itemListElement\":[{\"@type\":\"ListItem\",\"position\":1,\"name\":\"Accueil\",\"item\":\"https:\/\/exceladvisor.org\/de\/\"},{\"@type\":\"ListItem\",\"position\":2,\"name\":\"Wie f\u00fcge ich ein textfeld in excel ein?\"}]},{\"@type\":\"WebSite\",\"@id\":\"https:\/\/exceladvisor.org\/de\/#website\",\"url\":\"https:\/\/exceladvisor.org\/de\/\",\"name\":\"Excel Advisor\",\"description\":\"Ihr Leitfaden zur Datendominanz\",\"publisher\":{\"@id\":\"https:\/\/exceladvisor.org\/de\/#organization\"},\"potentialAction\":[{\"@type\":\"SearchAction\",\"target\":{\"@type\":\"EntryPoint\",\"urlTemplate\":\"https:\/\/exceladvisor.org\/de\/?s={search_term_string}\"},\"query-input\":{\"@type\":\"PropertyValueSpecification\",\"valueRequired\":true,\"valueName\":\"search_term_string\"}}],\"inLanguage\":\"de\"},{\"@type\":\"Organization\",\"@id\":\"https:\/\/exceladvisor.org\/de\/#organization\",\"name\":\"Excel Advisor\",\"url\":\"https:\/\/exceladvisor.org\/de\/\",\"logo\":{\"@type\":\"ImageObject\",\"inLanguage\":\"de\",\"@id\":\"https:\/\/exceladvisor.org\/de\/#\/schema\/logo\/image\/\",\"url\":\"https:\/\/exceladvisor.org\/de\/wp-content\/uploads\/2023\/11\/exceladvisor.org_.png\",\"contentUrl\":\"https:\/\/exceladvisor.org\/de\/wp-content\/uploads\/2023\/11\/exceladvisor.org_.png\",\"width\":105,\"height\":36,\"caption\":\"Excel Advisor\"},\"image\":{\"@id\":\"https:\/\/exceladvisor.org\/de\/#\/schema\/logo\/image\/\"}}]}<\/script>\n<!-- \/ Yoast SEO plugin. -->","yoast_head_json":{"title":"Wie f\u00fcge ich ein Textfeld in Excel ein? (Tutorial 2023)","description":"In diesem Tutorial erfahren Sie, wie Sie ein Textfeld und alle anderen Eigenschaften einf\u00fcgen, um sein Erscheinungsbild zu \u00e4ndern.","robots":{"index":"index","follow":"follow","max-snippet":"max-snippet:-1","max-image-preview":"max-image-preview:large","max-video-preview":"max-video-preview:-1"},"canonical":"https:\/\/exceladvisor.org\/de\/textzone\/","og_locale":"de_DE","og_type":"article","og_title":"Wie f\u00fcge ich ein Textfeld in Excel ein? (Tutorial 2023)","og_description":"In diesem Tutorial erfahren Sie, wie Sie ein Textfeld und alle anderen Eigenschaften einf\u00fcgen, um sein Erscheinungsbild zu \u00e4ndern.","og_url":"https:\/\/exceladvisor.org\/de\/textzone\/","og_site_name":"Excel Advisor","article_modified_time":"2023-12-03T11:20:30+00:00","og_image":[{"url":"https:\/\/exceladvisor.org\/wp-content\/uploads\/2023\/08\/1-zone-de-texte-dinsertion-de-texte.png","type":"","width":"","height":""}],"twitter_card":"summary_large_image","twitter_misc":{"Gesch\u00e4tzte Lesezeit":"4\u00a0Minuten"},"schema":{"@context":"https:\/\/schema.org","@graph":[{"@type":"WebPage","@id":"https:\/\/exceladvisor.org\/de\/textzone\/","url":"https:\/\/exceladvisor.org\/de\/textzone\/","name":"Wie f\u00fcge ich ein Textfeld in Excel ein? (Tutorial 2023)","isPartOf":{"@id":"https:\/\/exceladvisor.org\/de\/#website"},"primaryImageOfPage":{"@id":"https:\/\/exceladvisor.org\/de\/textzone\/#primaryimage"},"image":{"@id":"https:\/\/exceladvisor.org\/de\/textzone\/#primaryimage"},"thumbnailUrl":"https:\/\/exceladvisor.org\/wp-content\/uploads\/2023\/08\/1-zone-de-texte-dinsertion-de-texte.png","datePublished":"2023-11-15T07:48:42+00:00","dateModified":"2023-12-03T11:20:30+00:00","description":"In diesem Tutorial erfahren Sie, wie Sie ein Textfeld und alle anderen Eigenschaften einf\u00fcgen, um sein Erscheinungsbild zu \u00e4ndern.","breadcrumb":{"@id":"https:\/\/exceladvisor.org\/de\/textzone\/#breadcrumb"},"inLanguage":"de","potentialAction":[{"@type":"ReadAction","target":["https:\/\/exceladvisor.org\/de\/textzone\/"]}]},{"@type":"ImageObject","inLanguage":"de","@id":"https:\/\/exceladvisor.org\/de\/textzone\/#primaryimage","url":"https:\/\/exceladvisor.org\/wp-content\/uploads\/2023\/08\/1-zone-de-texte-dinsertion-de-texte.png","contentUrl":"https:\/\/exceladvisor.org\/wp-content\/uploads\/2023\/08\/1-zone-de-texte-dinsertion-de-texte.png"},{"@type":"BreadcrumbList","@id":"https:\/\/exceladvisor.org\/de\/textzone\/#breadcrumb","itemListElement":[{"@type":"ListItem","position":1,"name":"Accueil","item":"https:\/\/exceladvisor.org\/de\/"},{"@type":"ListItem","position":2,"name":"Wie f\u00fcge ich ein textfeld in excel ein?"}]},{"@type":"WebSite","@id":"https:\/\/exceladvisor.org\/de\/#website","url":"https:\/\/exceladvisor.org\/de\/","name":"Excel Advisor","description":"Ihr Leitfaden zur Datendominanz","publisher":{"@id":"https:\/\/exceladvisor.org\/de\/#organization"},"potentialAction":[{"@type":"SearchAction","target":{"@type":"EntryPoint","urlTemplate":"https:\/\/exceladvisor.org\/de\/?s={search_term_string}"},"query-input":{"@type":"PropertyValueSpecification","valueRequired":true,"valueName":"search_term_string"}}],"inLanguage":"de"},{"@type":"Organization","@id":"https:\/\/exceladvisor.org\/de\/#organization","name":"Excel Advisor","url":"https:\/\/exceladvisor.org\/de\/","logo":{"@type":"ImageObject","inLanguage":"de","@id":"https:\/\/exceladvisor.org\/de\/#\/schema\/logo\/image\/","url":"https:\/\/exceladvisor.org\/de\/wp-content\/uploads\/2023\/11\/exceladvisor.org_.png","contentUrl":"https:\/\/exceladvisor.org\/de\/wp-content\/uploads\/2023\/11\/exceladvisor.org_.png","width":105,"height":36,"caption":"Excel Advisor"},"image":{"@id":"https:\/\/exceladvisor.org\/de\/#\/schema\/logo\/image\/"}}]}},"yoast_meta":{"yoast_wpseo_title":"","yoast_wpseo_metadesc":"","yoast_wpseo_canonical":""},"_links":{"self":[{"href":"https:\/\/exceladvisor.org\/de\/wp-json\/wp\/v2\/pages\/3113","targetHints":{"allow":["GET"]}}],"collection":[{"href":"https:\/\/exceladvisor.org\/de\/wp-json\/wp\/v2\/pages"}],"about":[{"href":"https:\/\/exceladvisor.org\/de\/wp-json\/wp\/v2\/types\/page"}],"author":[{"embeddable":true,"href":"https:\/\/exceladvisor.org\/de\/wp-json\/wp\/v2\/users\/1"}],"replies":[{"embeddable":true,"href":"https:\/\/exceladvisor.org\/de\/wp-json\/wp\/v2\/comments?post=3113"}],"version-history":[{"count":1,"href":"https:\/\/exceladvisor.org\/de\/wp-json\/wp\/v2\/pages\/3113\/revisions"}],"predecessor-version":[{"id":4011,"href":"https:\/\/exceladvisor.org\/de\/wp-json\/wp\/v2\/pages\/3113\/revisions\/4011"}],"wp:attachment":[{"href":"https:\/\/exceladvisor.org\/de\/wp-json\/wp\/v2\/media?parent=3113"}],"curies":[{"name":"wp","href":"https:\/\/api.w.org\/{rel}","templated":true}]}}