{"id":3114,"date":"2023-11-15T07:23:20","date_gmt":"2023-11-15T07:23:20","guid":{"rendered":"https:\/\/exceladvisor.org\/de\/bewegen-sie-den-pivot-tisch\/"},"modified":"2023-12-03T13:05:30","modified_gmt":"2023-12-03T13:05:30","slug":"bewegen-sie-den-pivot-tisch","status":"publish","type":"page","link":"https:\/\/exceladvisor.org\/de\/bewegen-sie-den-pivot-tisch\/","title":{"rendered":"Wie verschiebe ich eine pivot-tabelle in excel?"},"content":{"rendered":"<div class=\"excel-vor-dem-inhalt\" id=\"excel-3345272546\"><script type=\"text\/javascript\">\r\n\tatOptions = {\r\n\t\t'key' : 'c1158f160081d6540a8409e6925dab94',\r\n\t\t'format' : 'iframe',\r\n\t\t'height' : 250,\r\n\t\t'width' : 300,\r\n\t\t'params' : {}\r\n\t};\r\n<\/script>\r\n<script type=\"text\/javascript\" src=\"\/\/www.highperformanceformat.com\/c1158f160081d6540a8409e6925dab94\/invoke.js\"><\/script><\/div> <p>Sie k\u00f6nnen die gesamte Pivot-Baugruppe in eine andere Zelle oder ein anderes Arbeitsblatt verschieben.<\/p><ol><li> Nachdem Sie eine Pivot-Tabelle erstellt haben, klicken Sie auf eine beliebige Stelle in der Pivot-Tabelle, um die Registerkarte \u201eAnalysieren\u201c zu aktivieren. <br><img loading=\"lazy\" decoding=\"async\" title=\"1-Unteranalyse-Tab-Klick-Verschieben-Pivottable\" src=\"https:\/\/exceladvisor.org\/wp-content\/uploads\/2023\/08\/1-sous-longlet-analyser-cliquez-sur-deplacer-le-tableau-croise-dynamique.png\" sizes=\"auto, \" srcset=\"\" alt=\"under-analyze-tab-click-move-pivot-table\" width=\"886\" height=\"142\"><\/li><li> Suchen Sie hier unter \u201eAktionen\u201c im Men\u00fcband nach der Option \u201ePivotTable verschieben\u201c.<\/li><li> Klicken Sie nun auf die Pivot-Tabelle verschieben und ein Dialogfeld erscheint. <br><img loading=\"lazy\" decoding=\"async\" title=\"2-Wege-Pivot-Tabellendialog\" src=\"https:\/\/exceladvisor.org\/wp-content\/uploads\/2023\/08\/2-boite-de-dialogue-de-deplacement-du-tableau-croise-dynamique.png\" sizes=\"auto, \" srcset=\"\" alt=\"move-pivot-table-dialogue-box\" width=\"421\" height=\"180\"><\/li><li> Danach haben Sie zwei M\u00f6glichkeiten<ol><li> <strong>Neues Arbeitsblatt<\/strong> : W\u00e4hlen Sie diese Option, wenn Sie Ihren Pivot in ein neues Arbeitsblatt verschieben m\u00f6chten. Excel erstellt automatisch ein neues Arbeitsblatt und verschiebt den Pivot.<\/li><li> <strong>Vorhandenes Arbeitsblatt<\/strong> : Mit dieser Option k\u00f6nnen Sie den Pivot auf die aktuell verf\u00fcgbaren Arbeitsbl\u00e4tter in der Arbeitsmappe verschieben. Sobald Sie diese Option ausgew\u00e4hlt haben, m\u00fcssen Sie nur noch die Zelle ausw\u00e4hlen, in der Sie Ihre Pivot-Tabelle ben\u00f6tigen. <br><img loading=\"lazy\" decoding=\"async\" title=\"3-move-new-existing-worksheet-worksheet\" src=\"https:\/\/exceladvisor.org\/wp-content\/uploads\/2023\/08\/3-deplacer-une-nouvelle-feuille-de-calcul-feuille-de-calcul-existante.png\" sizes=\"auto, \" srcset=\"\" alt=\"move-new-worksheet-existing-worksheet\" width=\"419\" height=\"179\"><\/li><\/ol><\/li><\/ol><p> Das war&#8217;s, jetzt ist die Pivot-Tabelle an ihren neuen Platz verschoben. <\/p><div class=\"wp-block-group main-page-bottom is-layout-flow\"><div class=\"wp-block-group__inner-container\"><h2 class=\"wp-block-heading\"> Erfahren Sie mehr \u00fcber Pivot-Tabellen<\/h2><ul><li> <a href=\"https:\/\/exceladvisor.org\/de\/pivot-tabelle-loschen\/\">L\u00f6schen Sie eine PivotTable in Excel<\/a><\/li><li> <a href=\"https:\/\/exceladvisor.org\/de\/tastaturkurzel-1\/\">Tastenkombinationen f\u00fcr die Pivot-Tabelle<\/a><\/li><li> <a href=\"https:\/\/exceladvisor.org\/de\/pivot-aus-mehreren-arbeitsblattern\/\" data-wpil=\"url\">Pivot-Tabelle aus mehreren Arbeitsbl\u00e4ttern<\/a><\/li><li> <a href=\"https:\/\/exceladvisor.org\/de\/pivot-tabelle-2\/\" data-wpil=\"url\">Pivot-Tabelle in Excel<\/a><\/li><\/ul><p> \u21e0 Zur\u00fcck zum <a href=\"https:\/\/exceladvisor.org\/de\/pivot-tisch\/\">Pivot-Table-Tutorial<\/a><\/p><\/div><\/div>","protected":false},"excerpt":{"rendered":"","protected":false},"author":1,"featured_media":0,"parent":0,"menu_order":0,"comment_status":"open","ping_status":"closed","template":"","meta":{"ub_ctt_via":"","footnotes":""},"class_list":["post-3114","page","type-page","status-publish","hentry"],"featured_image_src":null,"yoast_head":"<!-- This site is optimized with the Yoast SEO plugin v25.4 - https:\/\/yoast.com\/wordpress\/plugins\/seo\/ -->\n<title>Wie verschiebe ich eine Pivot-Tabelle in Excel?<\/title>\n<meta name=\"description\" content=\"In diesem Tutorial erfahren Sie, wie Sie eine Pivot-Tabelle von einem Ort an einen anderen oder ein Arbeitsblatt verschieben\" \/>\n<meta name=\"robots\" content=\"index, follow, max-snippet:-1, max-image-preview:large, max-video-preview:-1\" \/>\n<link rel=\"canonical\" href=\"https:\/\/exceladvisor.org\/de\/bewegen-sie-den-pivot-tisch\/\" \/>\n<meta property=\"og:locale\" content=\"de_DE\" \/>\n<meta property=\"og:type\" content=\"article\" \/>\n<meta property=\"og:title\" content=\"Wie verschiebe ich eine Pivot-Tabelle in Excel?\" \/>\n<meta property=\"og:description\" content=\"In diesem Tutorial erfahren Sie, wie Sie eine Pivot-Tabelle von einem Ort an einen anderen oder ein Arbeitsblatt verschieben\" \/>\n<meta property=\"og:url\" content=\"https:\/\/exceladvisor.org\/de\/bewegen-sie-den-pivot-tisch\/\" \/>\n<meta property=\"og:site_name\" content=\"Excel Advisor\" \/>\n<meta property=\"article:modified_time\" content=\"2023-12-03T13:05:30+00:00\" \/>\n<meta property=\"og:image\" content=\"https:\/\/exceladvisor.org\/wp-content\/uploads\/2023\/08\/1-sous-longlet-analyser-cliquez-sur-deplacer-le-tableau-croise-dynamique.png\" \/>\n<meta name=\"twitter:card\" content=\"summary_large_image\" \/>\n<meta name=\"twitter:label1\" content=\"Gesch\u00e4tzte Lesezeit\" \/>\n\t<meta name=\"twitter:data1\" content=\"1\u00a0Minute\" \/>\n<script type=\"application\/ld+json\" class=\"yoast-schema-graph\">{\"@context\":\"https:\/\/schema.org\",\"@graph\":[{\"@type\":\"WebPage\",\"@id\":\"https:\/\/exceladvisor.org\/de\/bewegen-sie-den-pivot-tisch\/\",\"url\":\"https:\/\/exceladvisor.org\/de\/bewegen-sie-den-pivot-tisch\/\",\"name\":\"Wie verschiebe ich eine Pivot-Tabelle in Excel?\",\"isPartOf\":{\"@id\":\"https:\/\/exceladvisor.org\/de\/#website\"},\"primaryImageOfPage\":{\"@id\":\"https:\/\/exceladvisor.org\/de\/bewegen-sie-den-pivot-tisch\/#primaryimage\"},\"image\":{\"@id\":\"https:\/\/exceladvisor.org\/de\/bewegen-sie-den-pivot-tisch\/#primaryimage\"},\"thumbnailUrl\":\"https:\/\/exceladvisor.org\/wp-content\/uploads\/2023\/08\/1-sous-longlet-analyser-cliquez-sur-deplacer-le-tableau-croise-dynamique.png\",\"datePublished\":\"2023-11-15T07:23:20+00:00\",\"dateModified\":\"2023-12-03T13:05:30+00:00\",\"description\":\"In diesem Tutorial erfahren Sie, wie Sie eine Pivot-Tabelle von einem Ort an einen anderen oder ein Arbeitsblatt verschieben\",\"breadcrumb\":{\"@id\":\"https:\/\/exceladvisor.org\/de\/bewegen-sie-den-pivot-tisch\/#breadcrumb\"},\"inLanguage\":\"de\",\"potentialAction\":[{\"@type\":\"ReadAction\",\"target\":[\"https:\/\/exceladvisor.org\/de\/bewegen-sie-den-pivot-tisch\/\"]}]},{\"@type\":\"ImageObject\",\"inLanguage\":\"de\",\"@id\":\"https:\/\/exceladvisor.org\/de\/bewegen-sie-den-pivot-tisch\/#primaryimage\",\"url\":\"https:\/\/exceladvisor.org\/wp-content\/uploads\/2023\/08\/1-sous-longlet-analyser-cliquez-sur-deplacer-le-tableau-croise-dynamique.png\",\"contentUrl\":\"https:\/\/exceladvisor.org\/wp-content\/uploads\/2023\/08\/1-sous-longlet-analyser-cliquez-sur-deplacer-le-tableau-croise-dynamique.png\"},{\"@type\":\"BreadcrumbList\",\"@id\":\"https:\/\/exceladvisor.org\/de\/bewegen-sie-den-pivot-tisch\/#breadcrumb\",\"itemListElement\":[{\"@type\":\"ListItem\",\"position\":1,\"name\":\"Accueil\",\"item\":\"https:\/\/exceladvisor.org\/de\/\"},{\"@type\":\"ListItem\",\"position\":2,\"name\":\"Wie verschiebe ich eine pivot-tabelle in excel?\"}]},{\"@type\":\"WebSite\",\"@id\":\"https:\/\/exceladvisor.org\/de\/#website\",\"url\":\"https:\/\/exceladvisor.org\/de\/\",\"name\":\"Excel Advisor\",\"description\":\"Ihr Leitfaden zur Datendominanz\",\"publisher\":{\"@id\":\"https:\/\/exceladvisor.org\/de\/#organization\"},\"potentialAction\":[{\"@type\":\"SearchAction\",\"target\":{\"@type\":\"EntryPoint\",\"urlTemplate\":\"https:\/\/exceladvisor.org\/de\/?s={search_term_string}\"},\"query-input\":{\"@type\":\"PropertyValueSpecification\",\"valueRequired\":true,\"valueName\":\"search_term_string\"}}],\"inLanguage\":\"de\"},{\"@type\":\"Organization\",\"@id\":\"https:\/\/exceladvisor.org\/de\/#organization\",\"name\":\"Excel Advisor\",\"url\":\"https:\/\/exceladvisor.org\/de\/\",\"logo\":{\"@type\":\"ImageObject\",\"inLanguage\":\"de\",\"@id\":\"https:\/\/exceladvisor.org\/de\/#\/schema\/logo\/image\/\",\"url\":\"https:\/\/exceladvisor.org\/de\/wp-content\/uploads\/2023\/11\/exceladvisor.org_.png\",\"contentUrl\":\"https:\/\/exceladvisor.org\/de\/wp-content\/uploads\/2023\/11\/exceladvisor.org_.png\",\"width\":105,\"height\":36,\"caption\":\"Excel Advisor\"},\"image\":{\"@id\":\"https:\/\/exceladvisor.org\/de\/#\/schema\/logo\/image\/\"}}]}<\/script>\n<!-- \/ Yoast SEO plugin. -->","yoast_head_json":{"title":"Wie verschiebe ich eine Pivot-Tabelle in Excel?","description":"In diesem Tutorial erfahren Sie, wie Sie eine Pivot-Tabelle von einem Ort an einen anderen oder ein Arbeitsblatt verschieben","robots":{"index":"index","follow":"follow","max-snippet":"max-snippet:-1","max-image-preview":"max-image-preview:large","max-video-preview":"max-video-preview:-1"},"canonical":"https:\/\/exceladvisor.org\/de\/bewegen-sie-den-pivot-tisch\/","og_locale":"de_DE","og_type":"article","og_title":"Wie verschiebe ich eine Pivot-Tabelle in Excel?","og_description":"In diesem Tutorial erfahren Sie, wie Sie eine Pivot-Tabelle von einem Ort an einen anderen oder ein Arbeitsblatt verschieben","og_url":"https:\/\/exceladvisor.org\/de\/bewegen-sie-den-pivot-tisch\/","og_site_name":"Excel Advisor","article_modified_time":"2023-12-03T13:05:30+00:00","og_image":[{"url":"https:\/\/exceladvisor.org\/wp-content\/uploads\/2023\/08\/1-sous-longlet-analyser-cliquez-sur-deplacer-le-tableau-croise-dynamique.png","type":"","width":"","height":""}],"twitter_card":"summary_large_image","twitter_misc":{"Gesch\u00e4tzte Lesezeit":"1\u00a0Minute"},"schema":{"@context":"https:\/\/schema.org","@graph":[{"@type":"WebPage","@id":"https:\/\/exceladvisor.org\/de\/bewegen-sie-den-pivot-tisch\/","url":"https:\/\/exceladvisor.org\/de\/bewegen-sie-den-pivot-tisch\/","name":"Wie verschiebe ich eine Pivot-Tabelle in Excel?","isPartOf":{"@id":"https:\/\/exceladvisor.org\/de\/#website"},"primaryImageOfPage":{"@id":"https:\/\/exceladvisor.org\/de\/bewegen-sie-den-pivot-tisch\/#primaryimage"},"image":{"@id":"https:\/\/exceladvisor.org\/de\/bewegen-sie-den-pivot-tisch\/#primaryimage"},"thumbnailUrl":"https:\/\/exceladvisor.org\/wp-content\/uploads\/2023\/08\/1-sous-longlet-analyser-cliquez-sur-deplacer-le-tableau-croise-dynamique.png","datePublished":"2023-11-15T07:23:20+00:00","dateModified":"2023-12-03T13:05:30+00:00","description":"In diesem Tutorial erfahren Sie, wie Sie eine Pivot-Tabelle von einem Ort an einen anderen oder ein Arbeitsblatt verschieben","breadcrumb":{"@id":"https:\/\/exceladvisor.org\/de\/bewegen-sie-den-pivot-tisch\/#breadcrumb"},"inLanguage":"de","potentialAction":[{"@type":"ReadAction","target":["https:\/\/exceladvisor.org\/de\/bewegen-sie-den-pivot-tisch\/"]}]},{"@type":"ImageObject","inLanguage":"de","@id":"https:\/\/exceladvisor.org\/de\/bewegen-sie-den-pivot-tisch\/#primaryimage","url":"https:\/\/exceladvisor.org\/wp-content\/uploads\/2023\/08\/1-sous-longlet-analyser-cliquez-sur-deplacer-le-tableau-croise-dynamique.png","contentUrl":"https:\/\/exceladvisor.org\/wp-content\/uploads\/2023\/08\/1-sous-longlet-analyser-cliquez-sur-deplacer-le-tableau-croise-dynamique.png"},{"@type":"BreadcrumbList","@id":"https:\/\/exceladvisor.org\/de\/bewegen-sie-den-pivot-tisch\/#breadcrumb","itemListElement":[{"@type":"ListItem","position":1,"name":"Accueil","item":"https:\/\/exceladvisor.org\/de\/"},{"@type":"ListItem","position":2,"name":"Wie verschiebe ich eine pivot-tabelle in excel?"}]},{"@type":"WebSite","@id":"https:\/\/exceladvisor.org\/de\/#website","url":"https:\/\/exceladvisor.org\/de\/","name":"Excel Advisor","description":"Ihr Leitfaden zur Datendominanz","publisher":{"@id":"https:\/\/exceladvisor.org\/de\/#organization"},"potentialAction":[{"@type":"SearchAction","target":{"@type":"EntryPoint","urlTemplate":"https:\/\/exceladvisor.org\/de\/?s={search_term_string}"},"query-input":{"@type":"PropertyValueSpecification","valueRequired":true,"valueName":"search_term_string"}}],"inLanguage":"de"},{"@type":"Organization","@id":"https:\/\/exceladvisor.org\/de\/#organization","name":"Excel Advisor","url":"https:\/\/exceladvisor.org\/de\/","logo":{"@type":"ImageObject","inLanguage":"de","@id":"https:\/\/exceladvisor.org\/de\/#\/schema\/logo\/image\/","url":"https:\/\/exceladvisor.org\/de\/wp-content\/uploads\/2023\/11\/exceladvisor.org_.png","contentUrl":"https:\/\/exceladvisor.org\/de\/wp-content\/uploads\/2023\/11\/exceladvisor.org_.png","width":105,"height":36,"caption":"Excel Advisor"},"image":{"@id":"https:\/\/exceladvisor.org\/de\/#\/schema\/logo\/image\/"}}]}},"yoast_meta":{"yoast_wpseo_title":"","yoast_wpseo_metadesc":"","yoast_wpseo_canonical":""},"_links":{"self":[{"href":"https:\/\/exceladvisor.org\/de\/wp-json\/wp\/v2\/pages\/3114","targetHints":{"allow":["GET"]}}],"collection":[{"href":"https:\/\/exceladvisor.org\/de\/wp-json\/wp\/v2\/pages"}],"about":[{"href":"https:\/\/exceladvisor.org\/de\/wp-json\/wp\/v2\/types\/page"}],"author":[{"embeddable":true,"href":"https:\/\/exceladvisor.org\/de\/wp-json\/wp\/v2\/users\/1"}],"replies":[{"embeddable":true,"href":"https:\/\/exceladvisor.org\/de\/wp-json\/wp\/v2\/comments?post=3114"}],"version-history":[{"count":1,"href":"https:\/\/exceladvisor.org\/de\/wp-json\/wp\/v2\/pages\/3114\/revisions"}],"predecessor-version":[{"id":4220,"href":"https:\/\/exceladvisor.org\/de\/wp-json\/wp\/v2\/pages\/3114\/revisions\/4220"}],"wp:attachment":[{"href":"https:\/\/exceladvisor.org\/de\/wp-json\/wp\/v2\/media?parent=3114"}],"curies":[{"name":"wp","href":"https:\/\/api.w.org\/{rel}","templated":true}]}}