{"id":3115,"date":"2023-11-15T06:29:39","date_gmt":"2023-11-15T06:29:39","guid":{"rendered":"https:\/\/exceladvisor.org\/de\/pivot-tabelle-loschen\/"},"modified":"2023-12-03T13:04:16","modified_gmt":"2023-12-03T13:04:16","slug":"pivot-tabelle-loschen","status":"publish","type":"page","link":"https:\/\/exceladvisor.org\/de\/pivot-tabelle-loschen\/","title":{"rendered":"Wie l\u00f6sche ich eine pivot-tabelle in excel?"},"content":{"rendered":"<div class=\"excel-vor-dem-inhalt\" id=\"excel-3477307190\"><script type=\"text\/javascript\">\r\n\tatOptions = {\r\n\t\t'key' : 'c1158f160081d6540a8409e6925dab94',\r\n\t\t'format' : 'iframe',\r\n\t\t'height' : 250,\r\n\t\t'width' : 300,\r\n\t\t'params' : {}\r\n\t};\r\n<\/script>\r\n<script type=\"text\/javascript\" src=\"\/\/www.highperformanceformat.com\/c1158f160081d6540a8409e6925dab94\/invoke.js\"><\/script><\/div> <h2 class=\"wp-block-heading\">Schritte zum L\u00f6schen einer Pivot-Tabelle in Excel<\/h2><p> F\u00fchren Sie die folgenden Schritte aus, um eine Pivot-Tabelle zu l\u00f6schen.<\/p><ol><li> Klicken Sie zun\u00e4chst auf eine beliebige Stelle der Pivot-Tabelle, die Sie l\u00f6schen m\u00f6chten, und aktivieren Sie die Registerkarte \u201eAnalyse\u201c. <br><img loading=\"lazy\" decoding=\"async\" title=\"1-enable-analyze-tab\" src=\"https:\/\/exceladvisor.org\/wp-content\/uploads\/2023\/08\/1-activer-longlet-analyse.png\" sizes=\"auto, \" srcset=\"\" alt=\"activate-analyze-tab\" width=\"957\" height=\"97\"><\/li><li> Suchen Sie nun unter \u201eAktionen\u201c nach der Option \u201eAusw\u00e4hlen\u201c. <br><img loading=\"lazy\" decoding=\"async\" title=\"2-Auswahl-unter-Aktionen\" src=\"https:\/\/exceladvisor.org\/wp-content\/uploads\/2023\/08\/2-selectionnez-sous-actions.png\" sizes=\"auto, \" srcset=\"\" alt=\"select-under-actions\" width=\"947\" height=\"96\"><\/li><li> Klicken Sie anschlie\u00dfend auf das kleine Dropdown-Men\u00fc, um \u201eGesamte PivotTable\u201c auszuw\u00e4hlen. <br><img loading=\"lazy\" decoding=\"async\" title=\"3-Alle-Pivot-Tabelle ausw\u00e4hlen\" src=\"https:\/\/exceladvisor.org\/wp-content\/uploads\/2023\/08\/3-selectionner-lintegralite-du-tableau-croise-dynamique.png\" sizes=\"auto, \" srcset=\"\" alt=\"select-entire-pivot-table\" width=\"197\" height=\"170\"><\/li><li> Dadurch wird Ihr gesamter Wirbel ausgew\u00e4hlt.<\/li><li> Dr\u00fccken Sie abschlie\u00dfend die Entf-Taste in der oberen rechten Ecke Ihrer Tastatur.<\/li><\/ol><h2 class=\"wp-block-heading\"> PivotTable zur\u00fccksetzen<\/h2><p> Befolgen Sie einfach die folgenden kurzen Schritte, um alle Felder in einer Pivot-Tabelle zur\u00fcckzusetzen.<\/p><ol><li> Klicken Sie zun\u00e4chst irgendwo auf die Pivot-Tabelle.<\/li><li> Gehen Sie nun zur Registerkarte Analysieren. <br><img loading=\"lazy\" decoding=\"async\" title=\"4-Go-to-analyze-Registerkarte\" src=\"https:\/\/exceladvisor.org\/wp-content\/uploads\/2023\/08\/4-aller-a-longlet-analyser.png\" sizes=\"auto, \" srcset=\"\" alt=\"go-to-analyze-tab\" width=\"257\" height=\"140\"><\/li><li> Klicken Sie hier auf den kleinen Button neben dem L\u00f6schen. <br><img loading=\"lazy\" decoding=\"async\" title=\"5 kleine Schaltfl\u00e4chen zum L\u00f6schen\" src=\"https:\/\/exceladvisor.org\/wp-content\/uploads\/2023\/08\/5-petit-bouton-a-cote-de-clear.png\" sizes=\"auto, \" srcset=\"\" alt=\"little-button-next-to-clear\" width=\"208\" height=\"153\"><\/li><li> Klicken Sie abschlie\u00dfend auf \u201eAlle l\u00f6schen\u201c. <br><img loading=\"lazy\" decoding=\"async\" title=\"6-Klick-Alles l\u00f6schen\" src=\"https:\/\/exceladvisor.org\/wp-content\/uploads\/2023\/08\/6-cliquez-sur-tout-effacer.png\" sizes=\"auto, \" srcset=\"\" alt=\"click-on-clear-all\" width=\"205\" height=\"151\"><\/li><\/ol><p> Als Ergebnis erhalten Sie eine leere Pivot-Tabelle. Alle Zeilen- und Spaltenwerte werden zur\u00fcckgesetzt. <\/p><div class=\"wp-block-group main-page-bottom is-layout-flow\"><div class=\"wp-block-group__inner-container\"><h2 class=\"wp-block-heading\"> Erfahren Sie mehr \u00fcber Pivot-Tabellen<\/h2><ul><li> <a href=\"https:\/\/exceladvisor.org\/de\/pivot-tabelle-loschen\/\">L\u00f6schen Sie eine PivotTable in Excel<\/a><\/li><li> <a href=\"https:\/\/exceladvisor.org\/de\/bewegen-sie-den-pivot-tisch\/\">Verschieben Sie eine Pivot-Tabelle<\/a><\/li><li> <a href=\"https:\/\/exceladvisor.org\/de\/tastaturkurzel-1\/\">Tastenkombinationen f\u00fcr die Pivot-Tabelle<\/a><\/li><li> <a href=\"https:\/\/exceladvisor.org\/de\/pivot-aus-mehreren-arbeitsblattern\/\" data-wpil=\"url\">Pivot-Tabelle aus mehreren Arbeitsbl\u00e4ttern<\/a><\/li><li> <a href=\"https:\/\/exceladvisor.org\/de\/pivot-tabelle-2\/\" data-wpil=\"url\">Pivot-Tabelle in Excel<\/a><\/li><\/ul><p> \u21e0 Zur\u00fcck zum <a href=\"https:\/\/exceladvisor.org\/de\/pivot-tisch\/\">Pivot-Table-Tutorial<\/a><\/p><\/div><\/div>","protected":false},"excerpt":{"rendered":"","protected":false},"author":1,"featured_media":0,"parent":0,"menu_order":0,"comment_status":"open","ping_status":"closed","template":"","meta":{"ub_ctt_via":"","footnotes":""},"class_list":["post-3115","page","type-page","status-publish","hentry"],"featured_image_src":null,"yoast_head":"<!-- This site is optimized with the Yoast SEO plugin v25.4 - https:\/\/yoast.com\/wordpress\/plugins\/seo\/ -->\n<title>Wie l\u00f6sche ich eine Pivot-Tabelle in Excel?<\/title>\n<meta name=\"description\" content=\"Das L\u00f6schen einer Pivot-Tabelle in Excel ist eine einfache Aufgabe. Hier ist die Schritt-f\u00fcr-Schritt-Anleitung zum einfachen Entfernen der Platine\" \/>\n<meta name=\"robots\" content=\"index, follow, max-snippet:-1, max-image-preview:large, max-video-preview:-1\" \/>\n<link rel=\"canonical\" href=\"https:\/\/exceladvisor.org\/de\/pivot-tabelle-loschen\/\" \/>\n<meta property=\"og:locale\" content=\"de_DE\" \/>\n<meta property=\"og:type\" content=\"article\" \/>\n<meta property=\"og:title\" content=\"Wie l\u00f6sche ich eine Pivot-Tabelle in Excel?\" \/>\n<meta property=\"og:description\" content=\"Das L\u00f6schen einer Pivot-Tabelle in Excel ist eine einfache Aufgabe. Hier ist die Schritt-f\u00fcr-Schritt-Anleitung zum einfachen Entfernen der Platine\" \/>\n<meta property=\"og:url\" content=\"https:\/\/exceladvisor.org\/de\/pivot-tabelle-loschen\/\" \/>\n<meta property=\"og:site_name\" content=\"Excel Advisor\" \/>\n<meta property=\"article:modified_time\" content=\"2023-12-03T13:04:16+00:00\" \/>\n<meta property=\"og:image\" content=\"https:\/\/exceladvisor.org\/wp-content\/uploads\/2023\/08\/1-activer-longlet-analyse.png\" \/>\n<meta name=\"twitter:card\" content=\"summary_large_image\" \/>\n<meta name=\"twitter:label1\" content=\"Gesch\u00e4tzte Lesezeit\" \/>\n\t<meta name=\"twitter:data1\" content=\"1\u00a0Minute\" \/>\n<script type=\"application\/ld+json\" class=\"yoast-schema-graph\">{\"@context\":\"https:\/\/schema.org\",\"@graph\":[{\"@type\":\"WebPage\",\"@id\":\"https:\/\/exceladvisor.org\/de\/pivot-tabelle-loschen\/\",\"url\":\"https:\/\/exceladvisor.org\/de\/pivot-tabelle-loschen\/\",\"name\":\"Wie l\u00f6sche ich eine Pivot-Tabelle in Excel?\",\"isPartOf\":{\"@id\":\"https:\/\/exceladvisor.org\/de\/#website\"},\"primaryImageOfPage\":{\"@id\":\"https:\/\/exceladvisor.org\/de\/pivot-tabelle-loschen\/#primaryimage\"},\"image\":{\"@id\":\"https:\/\/exceladvisor.org\/de\/pivot-tabelle-loschen\/#primaryimage\"},\"thumbnailUrl\":\"https:\/\/exceladvisor.org\/wp-content\/uploads\/2023\/08\/1-activer-longlet-analyse.png\",\"datePublished\":\"2023-11-15T06:29:39+00:00\",\"dateModified\":\"2023-12-03T13:04:16+00:00\",\"description\":\"Das L\u00f6schen einer Pivot-Tabelle in Excel ist eine einfache Aufgabe. Hier ist die Schritt-f\u00fcr-Schritt-Anleitung zum einfachen Entfernen der Platine\",\"breadcrumb\":{\"@id\":\"https:\/\/exceladvisor.org\/de\/pivot-tabelle-loschen\/#breadcrumb\"},\"inLanguage\":\"de\",\"potentialAction\":[{\"@type\":\"ReadAction\",\"target\":[\"https:\/\/exceladvisor.org\/de\/pivot-tabelle-loschen\/\"]}]},{\"@type\":\"ImageObject\",\"inLanguage\":\"de\",\"@id\":\"https:\/\/exceladvisor.org\/de\/pivot-tabelle-loschen\/#primaryimage\",\"url\":\"https:\/\/exceladvisor.org\/wp-content\/uploads\/2023\/08\/1-activer-longlet-analyse.png\",\"contentUrl\":\"https:\/\/exceladvisor.org\/wp-content\/uploads\/2023\/08\/1-activer-longlet-analyse.png\"},{\"@type\":\"BreadcrumbList\",\"@id\":\"https:\/\/exceladvisor.org\/de\/pivot-tabelle-loschen\/#breadcrumb\",\"itemListElement\":[{\"@type\":\"ListItem\",\"position\":1,\"name\":\"Accueil\",\"item\":\"https:\/\/exceladvisor.org\/de\/\"},{\"@type\":\"ListItem\",\"position\":2,\"name\":\"Wie l\u00f6sche ich eine pivot-tabelle in excel?\"}]},{\"@type\":\"WebSite\",\"@id\":\"https:\/\/exceladvisor.org\/de\/#website\",\"url\":\"https:\/\/exceladvisor.org\/de\/\",\"name\":\"Excel Advisor\",\"description\":\"Ihr Leitfaden zur Datendominanz\",\"publisher\":{\"@id\":\"https:\/\/exceladvisor.org\/de\/#organization\"},\"potentialAction\":[{\"@type\":\"SearchAction\",\"target\":{\"@type\":\"EntryPoint\",\"urlTemplate\":\"https:\/\/exceladvisor.org\/de\/?s={search_term_string}\"},\"query-input\":{\"@type\":\"PropertyValueSpecification\",\"valueRequired\":true,\"valueName\":\"search_term_string\"}}],\"inLanguage\":\"de\"},{\"@type\":\"Organization\",\"@id\":\"https:\/\/exceladvisor.org\/de\/#organization\",\"name\":\"Excel Advisor\",\"url\":\"https:\/\/exceladvisor.org\/de\/\",\"logo\":{\"@type\":\"ImageObject\",\"inLanguage\":\"de\",\"@id\":\"https:\/\/exceladvisor.org\/de\/#\/schema\/logo\/image\/\",\"url\":\"https:\/\/exceladvisor.org\/de\/wp-content\/uploads\/2023\/11\/exceladvisor.org_.png\",\"contentUrl\":\"https:\/\/exceladvisor.org\/de\/wp-content\/uploads\/2023\/11\/exceladvisor.org_.png\",\"width\":105,\"height\":36,\"caption\":\"Excel Advisor\"},\"image\":{\"@id\":\"https:\/\/exceladvisor.org\/de\/#\/schema\/logo\/image\/\"}}]}<\/script>\n<!-- \/ Yoast SEO plugin. -->","yoast_head_json":{"title":"Wie l\u00f6sche ich eine Pivot-Tabelle in Excel?","description":"Das L\u00f6schen einer Pivot-Tabelle in Excel ist eine einfache Aufgabe. Hier ist die Schritt-f\u00fcr-Schritt-Anleitung zum einfachen Entfernen der Platine","robots":{"index":"index","follow":"follow","max-snippet":"max-snippet:-1","max-image-preview":"max-image-preview:large","max-video-preview":"max-video-preview:-1"},"canonical":"https:\/\/exceladvisor.org\/de\/pivot-tabelle-loschen\/","og_locale":"de_DE","og_type":"article","og_title":"Wie l\u00f6sche ich eine Pivot-Tabelle in Excel?","og_description":"Das L\u00f6schen einer Pivot-Tabelle in Excel ist eine einfache Aufgabe. Hier ist die Schritt-f\u00fcr-Schritt-Anleitung zum einfachen Entfernen der Platine","og_url":"https:\/\/exceladvisor.org\/de\/pivot-tabelle-loschen\/","og_site_name":"Excel Advisor","article_modified_time":"2023-12-03T13:04:16+00:00","og_image":[{"url":"https:\/\/exceladvisor.org\/wp-content\/uploads\/2023\/08\/1-activer-longlet-analyse.png","type":"","width":"","height":""}],"twitter_card":"summary_large_image","twitter_misc":{"Gesch\u00e4tzte Lesezeit":"1\u00a0Minute"},"schema":{"@context":"https:\/\/schema.org","@graph":[{"@type":"WebPage","@id":"https:\/\/exceladvisor.org\/de\/pivot-tabelle-loschen\/","url":"https:\/\/exceladvisor.org\/de\/pivot-tabelle-loschen\/","name":"Wie l\u00f6sche ich eine Pivot-Tabelle in Excel?","isPartOf":{"@id":"https:\/\/exceladvisor.org\/de\/#website"},"primaryImageOfPage":{"@id":"https:\/\/exceladvisor.org\/de\/pivot-tabelle-loschen\/#primaryimage"},"image":{"@id":"https:\/\/exceladvisor.org\/de\/pivot-tabelle-loschen\/#primaryimage"},"thumbnailUrl":"https:\/\/exceladvisor.org\/wp-content\/uploads\/2023\/08\/1-activer-longlet-analyse.png","datePublished":"2023-11-15T06:29:39+00:00","dateModified":"2023-12-03T13:04:16+00:00","description":"Das L\u00f6schen einer Pivot-Tabelle in Excel ist eine einfache Aufgabe. Hier ist die Schritt-f\u00fcr-Schritt-Anleitung zum einfachen Entfernen der Platine","breadcrumb":{"@id":"https:\/\/exceladvisor.org\/de\/pivot-tabelle-loschen\/#breadcrumb"},"inLanguage":"de","potentialAction":[{"@type":"ReadAction","target":["https:\/\/exceladvisor.org\/de\/pivot-tabelle-loschen\/"]}]},{"@type":"ImageObject","inLanguage":"de","@id":"https:\/\/exceladvisor.org\/de\/pivot-tabelle-loschen\/#primaryimage","url":"https:\/\/exceladvisor.org\/wp-content\/uploads\/2023\/08\/1-activer-longlet-analyse.png","contentUrl":"https:\/\/exceladvisor.org\/wp-content\/uploads\/2023\/08\/1-activer-longlet-analyse.png"},{"@type":"BreadcrumbList","@id":"https:\/\/exceladvisor.org\/de\/pivot-tabelle-loschen\/#breadcrumb","itemListElement":[{"@type":"ListItem","position":1,"name":"Accueil","item":"https:\/\/exceladvisor.org\/de\/"},{"@type":"ListItem","position":2,"name":"Wie l\u00f6sche ich eine pivot-tabelle in excel?"}]},{"@type":"WebSite","@id":"https:\/\/exceladvisor.org\/de\/#website","url":"https:\/\/exceladvisor.org\/de\/","name":"Excel Advisor","description":"Ihr Leitfaden zur Datendominanz","publisher":{"@id":"https:\/\/exceladvisor.org\/de\/#organization"},"potentialAction":[{"@type":"SearchAction","target":{"@type":"EntryPoint","urlTemplate":"https:\/\/exceladvisor.org\/de\/?s={search_term_string}"},"query-input":{"@type":"PropertyValueSpecification","valueRequired":true,"valueName":"search_term_string"}}],"inLanguage":"de"},{"@type":"Organization","@id":"https:\/\/exceladvisor.org\/de\/#organization","name":"Excel Advisor","url":"https:\/\/exceladvisor.org\/de\/","logo":{"@type":"ImageObject","inLanguage":"de","@id":"https:\/\/exceladvisor.org\/de\/#\/schema\/logo\/image\/","url":"https:\/\/exceladvisor.org\/de\/wp-content\/uploads\/2023\/11\/exceladvisor.org_.png","contentUrl":"https:\/\/exceladvisor.org\/de\/wp-content\/uploads\/2023\/11\/exceladvisor.org_.png","width":105,"height":36,"caption":"Excel Advisor"},"image":{"@id":"https:\/\/exceladvisor.org\/de\/#\/schema\/logo\/image\/"}}]}},"yoast_meta":{"yoast_wpseo_title":"","yoast_wpseo_metadesc":"","yoast_wpseo_canonical":""},"_links":{"self":[{"href":"https:\/\/exceladvisor.org\/de\/wp-json\/wp\/v2\/pages\/3115","targetHints":{"allow":["GET"]}}],"collection":[{"href":"https:\/\/exceladvisor.org\/de\/wp-json\/wp\/v2\/pages"}],"about":[{"href":"https:\/\/exceladvisor.org\/de\/wp-json\/wp\/v2\/types\/page"}],"author":[{"embeddable":true,"href":"https:\/\/exceladvisor.org\/de\/wp-json\/wp\/v2\/users\/1"}],"replies":[{"embeddable":true,"href":"https:\/\/exceladvisor.org\/de\/wp-json\/wp\/v2\/comments?post=3115"}],"version-history":[{"count":1,"href":"https:\/\/exceladvisor.org\/de\/wp-json\/wp\/v2\/pages\/3115\/revisions"}],"predecessor-version":[{"id":4146,"href":"https:\/\/exceladvisor.org\/de\/wp-json\/wp\/v2\/pages\/3115\/revisions\/4146"}],"wp:attachment":[{"href":"https:\/\/exceladvisor.org\/de\/wp-json\/wp\/v2\/media?parent=3115"}],"curies":[{"name":"wp","href":"https:\/\/api.w.org\/{rel}","templated":true}]}}