{"id":3117,"date":"2023-11-15T05:22:32","date_gmt":"2023-11-15T05:22:32","guid":{"rendered":"https:\/\/exceladvisor.org\/de\/zahlen-sie-eindeutige-werte\/"},"modified":"2023-12-03T13:06:15","modified_gmt":"2023-12-03T13:06:15","slug":"zahlen-sie-eindeutige-werte","status":"publish","type":"page","link":"https:\/\/exceladvisor.org\/de\/zahlen-sie-eindeutige-werte\/","title":{"rendered":"Z\u00e4hlen sie eindeutige werte in einer pivot-tabelle"},"content":{"rendered":"<div class=\"excel-vor-dem-inhalt\" id=\"excel-4245560501\"><script type=\"text\/javascript\">\r\n\tatOptions = {\r\n\t\t'key' : 'c1158f160081d6540a8409e6925dab94',\r\n\t\t'format' : 'iframe',\r\n\t\t'height' : 250,\r\n\t\t'width' : 300,\r\n\t\t'params' : {}\r\n\t};\r\n<\/script>\r\n<script type=\"text\/javascript\" src=\"\/\/www.highperformanceformat.com\/c1158f160081d6540a8409e6925dab94\/invoke.js\"><\/script><\/div> <h2 class=\"wp-block-heading\">Verwenden eines Datenmodells mit einer PivotTable<\/h2><p> Das Datenmodell ist eine weitere Sache, die mir an den neuen Versionen von Microsoft Excel gef\u00e4llt. Wenn Sie Excel f\u00fcr Microsoft 365, Excel 2019, Excel 2016 und Excel 2013 verwenden, haben Sie Zugriff auf das Datenmodell.<\/p><ol><li> Klicken Sie zun\u00e4chst auf eine beliebige Zelle in den Daten und navigieren Sie zur Registerkarte \u201eEinf\u00fcgen\u201c in Ihrem Men\u00fcband. <br><img loading=\"lazy\" decoding=\"async\" title=\"1-Gehe-zur-Einf\u00fcgen-Registerkarte\" src=\"https:\/\/exceladvisor.org\/wp-content\/uploads\/2023\/08\/1-aller-a-longlet-inserer.png\" sizes=\"auto, \" srcset=\"\" alt=\"go-to-insert-tab\" width=\"457\" height=\"151\"><\/li><li> Klicken Sie hier auf die Pivot-Tabelle und ein Dialogfeld erscheint. <br><img loading=\"lazy\" decoding=\"async\" title=\"2-Klick-auf-Pivot-Tabellendialog-1\" src=\"https:\/\/exceladvisor.org\/wp-content\/uploads\/2023\/08\/2-cliquez-sur-la-boite-de-dialogue-du-tableau-croise-dynamique-2.png\" sizes=\"auto, \" srcset=\"\" alt=\"click-on-pivot-table-dialogue-box\" width=\"437\" height=\"392\"><\/li><li> Aktivieren Sie nun das Kontrollk\u00e4stchen unten im Dialogfeld \u201eDiese Daten zum Datenmodell hinzuf\u00fcgen\u201c und klicken Sie auf \u201eOK\u201c.<\/li><li> Danach erhalten Sie eine normale Pivot-Tabelle und organisieren Ihre Daten wie zuvor in den Pivot-Tabellenfeldern. Dadurch erhalten Sie dieselbe Pivot-Tabelle wie zuvor, die Felder der Pivot-Tabelle sind jedoch etwas anders. <br><img loading=\"lazy\" decoding=\"async\" title=\"3-\u00fcbliches-Pivot-Array-1\" src=\"https:\/\/exceladvisor.org\/wp-content\/uploads\/2023\/08\/3-tableau-croise-dynamique-habituel-2.png\" sizes=\"auto, \" srcset=\"\" alt=\"usual-pivot-table\" width=\"599\" height=\"370\"><\/li><li> Hier ist der Trick: Klicken Sie in den PivotTable-Feldern auf den kleinen Pfeil neben \u201eAnzahl der Dienstanbieter\u201c. <br><img loading=\"lazy\" decoding=\"async\" title=\"4-Anzahl-Dienstleister-1\" src=\"https:\/\/exceladvisor.org\/wp-content\/uploads\/2023\/08\/4-nombre-de-fournisseur-de-services-2.png\" sizes=\"auto, \" srcset=\"\" alt=\"count-of-service-provider\" width=\"335\" height=\"199\"><\/li><li> Klicken Sie anschlie\u00dfend auf \u201eWertfeldeinstellungen\u201c. <br><img loading=\"lazy\" decoding=\"async\" title=\"5-wertige Feldparameter -1\" src=\"https:\/\/exceladvisor.org\/wp-content\/uploads\/2023\/08\/5-parametres-de-champ-de-valeur-3.png\" sizes=\"auto, \" srcset=\"\" alt=\"value-field-settings\" width=\"194\" height=\"260\"><\/li><li> Scrollen Sie nun bis zum Ende, um \u201eSeparates Konto\u201c zu erhalten, und klicken Sie auf \u201eOK\u201c. <br><img loading=\"lazy\" decoding=\"async\" title=\"6-distinct-count-click-ok-1\" src=\"https:\/\/exceladvisor.org\/wp-content\/uploads\/2023\/08\/6-compte-distinct-cliquez-sur-ok-2.png\" sizes=\"auto, \" srcset=\"\" alt=\"distinct-count-click-ok\" width=\"396\" height=\"357\"><\/li><li> Los geht&#8217;s: Sie haben f\u00fcr jede Region in der Pivot-Tabelle eine eindeutige\/eindeutige Nummer. <br><img loading=\"lazy\" decoding=\"async\" title=\"7-unterschiedliche-Anzahl-von-jedem-Grund-1\" src=\"https:\/\/exceladvisor.org\/wp-content\/uploads\/2023\/08\/7-nombre-distinct-de-chaque-raison-2.png\" sizes=\"auto, \" srcset=\"\" alt=\"distinct-count-of-each-reason\" width=\"293\" height=\"117\"><\/li><\/ol><p> Daher haben wir im Land nur 18 einzigartige Dienstleister.<\/p><h2 class=\"wp-block-heading\"> Verwendung der Z\u00c4HLENWENN-Funktion<\/h2><p> Ein anderer Ansatz zur Berechnung eindeutiger Eintr\u00e4ge besteht darin, einfach die Z\u00c4HLENWENN-Formel in Ihrem Datenblatt zu verwenden.<\/p><ul><li> Beginnen wir damit, Ihren Daten eine Spalte mit einer \u00dcberschrift Ihrer Wahl hinzuzuf\u00fcgen. Hier nennen wir es \u201eCount No\u201c.<\/li><li> F\u00fcgen Sie diese Formel (=IF (COUNTIF ($B$2:B2,B2)&gt;1,0,1)) zur Zelle D2 hinzu und ziehen Sie sie an das Ende. <\/li><\/ul><div class=\"wp-block-image\"><figure class=\"aligncenter size-large is-resized\"><img loading=\"lazy\" decoding=\"async\" class=\"wp-image-59147\" src=\"https:\/\/exceladvisor.org\/wp-content\/uploads\/2023\/08\/8-en-utilisant-la-fonction-countif-2.png\" sizes=\"auto, \" srcset=\"\" alt=\"Verwendung der Countif-Funktion\" width=\"310\" height=\"120\"><\/figure><\/div><h3 class=\"wp-block-heading\"> <strong>Wie funktioniert diese Formel?<\/strong><\/h3><p> Zuerst legen wir den Startpunkt des Bereichs fest, auch Absolut genannt, also $B$2. Dies bedeutet, dass sich die Formel auch dann nicht \u00e4ndert, wenn Sie sie nach unten ziehen. Wenn Sie nun die Formel nach D3 ziehen, wird diese Formel zu IF(COUNTIF($B$2:B3,B3)&gt;1,0,1)<\/p><p> Lesen Sie es gerne<\/p><p> <strong>Countif<\/strong> ( <strong>$B$2:B3<\/strong> , <strong>B3<\/strong> ) gibt Ihnen an, wie oft <strong>B3<\/strong> im Bereich <strong>$B$2:B3 existiert.<\/strong> Die IF-Funktion wird verwendet, um eine Bedingung hinzuzuf\u00fcgen: IF (( <strong>die H\u00e4ufigkeit, mit der B3 in einem bestimmten Bereich existiert<\/strong> ) ist gr\u00f6\u00dfer als 1, dann geben Sie 0 ein, andernfalls geben Sie 1 zur\u00fcck)<\/p><p> Wenn nun der Name in der angegebenen Spalte mehr als einmal vorkommt, gibt die Formel 0 zur\u00fcck, andernfalls erhalten Sie 1. Daher erhalten Sie f\u00fcr alle diese wiederholten Namen 0 in der Spalte \u201eAnzahl Nr.\u201c.<\/p><ol><li> Erstellen Sie nun eine Pivot-Tabelle mit Ihren Daten. <br><img loading=\"lazy\" decoding=\"async\" title=\"9-ein-Pivot-Board-erstellen-1\" src=\"https:\/\/exceladvisor.org\/wp-content\/uploads\/2023\/08\/9-creer-un-tableau-croise-dynamique-2.png\" sizes=\"auto, \" srcset=\"\" alt=\"create-a-pivot-table\" width=\"433\" height=\"143\"><\/li><li> Hier m\u00fcssen Sie \u201eLocation\u201c zu \u201eROWS\u201c und \u201eCount No\u201c zu den Werten hinzuf\u00fcgen. <br><img loading=\"lazy\" decoding=\"async\" title=\"10-Standorte-zu-Linie-1 hinzuf\u00fcgen\" src=\"https:\/\/exceladvisor.org\/wp-content\/uploads\/2023\/08\/10-ajouter-des-emplacements-a-la-rangee-2.png\" sizes=\"auto, \" srcset=\"\" alt=\"add-locations-to-the-row\" width=\"310\" height=\"386\"><\/li><li> Boom!! Die Pivot-Tabelle ist fertig mit eindeutigen Eintr\u00e4gen in jeder Pivot-Tabelle. <br><img loading=\"lazy\" decoding=\"async\" title=\"11 Pivot-Tabellen mit eindeutigen Eintr\u00e4gen\" src=\"https:\/\/exceladvisor.org\/wp-content\/uploads\/2023\/08\/11-tableau-croise-dynamique-avec-des-entrees-uniques-2.png\" sizes=\"auto, \" srcset=\"\" alt=\"pivot-table-with-unique-entries\" width=\"156\" height=\"141\"><\/li><\/ol><h2 class=\"wp-block-heading\"> Verwenden Sie Power Pivot, um eindeutige Werte zu z\u00e4hlen<\/h2><p> Dies ist die leistungsst\u00e4rkste Methode zur Identifizierung eindeutiger Eintr\u00e4ge. Kraftdrehpunkt. Stellen Sie sicher, dass sich in Ihrem Men\u00fcband die Registerkarte \u201ePower Pivot\u201c befindet. Wenn Sie die Registerkarte nicht finden k\u00f6nnen, <a href=\"https:\/\/exceladvisor.org\/de\/power-pivot-aktivieren\/\" data-wpil=\"url\">schauen Sie sich dieses Tutorial an<\/a> .<\/p><ol><li> Stellen Sie, wie bereits erw\u00e4hnt, zun\u00e4chst sicher, dass die Registerkarte \u201ePower Pivot\u201c aktiviert ist. <br><img loading=\"lazy\" decoding=\"async\" title=\"12-Power-Pivot-to-Count-Unique-Values\" src=\"https:\/\/exceladvisor.org\/wp-content\/uploads\/2023\/08\/12-pivots-de-puissance-pour-compter-les-valeurs-uniques.png\" sizes=\"auto, \" srcset=\"\" alt=\"power-pivot-to-count-unique-values\" width=\"612\" height=\"155\"><\/li><li> Gehen Sie anschlie\u00dfend zum Datenmodell und klicken Sie auf die <strong>Schaltfl\u00e4che Verwalten<\/strong> . <br><img loading=\"lazy\" decoding=\"async\" title=\"13-Datenmodell-Klicken Sie auf die Schaltfl\u00e4che \u201eVerwalten\u201c.\" src=\"https:\/\/exceladvisor.org\/wp-content\/uploads\/2023\/08\/13-modele-de-donnees-cliquez-sur-le-bouton-gerer.png\" sizes=\"auto, \" srcset=\"\" alt=\"data-model-click-manage-button\" width=\"608\" height=\"154\"><\/li><li> Hier \u00f6ffnet sich ein Fenster, das sicherlich leer sein wird, wenn Sie die Daten zum ersten Mal importieren. <br><img loading=\"lazy\" decoding=\"async\" title=\"14-leeres-Fenster-offen\" src=\"https:\/\/exceladvisor.org\/wp-content\/uploads\/2023\/08\/14-fenetre-vierge-ouverte.png\" sizes=\"auto, \" srcset=\"\" alt=\"blank-window-opened\" width=\"652\" height=\"694\"><\/li><li> Klicken Sie auf Startseite \u2192 Externe Daten abrufen <br><img loading=\"lazy\" decoding=\"async\" title=\"15-go-home-click-externe-daten\" src=\"https:\/\/exceladvisor.org\/wp-content\/uploads\/2023\/08\/15-aller-a-la-maison-cliquer-sur-les-donnees-externes.png\" sizes=\"auto, \" srcset=\"\" alt=\"go-home-click-external-data\" width=\"564\" height=\"228\"><\/li><li> Hier finden Sie verschiedene M\u00f6glichkeiten und Quellen zum Herunterladen der Daten. Aber wir m\u00fcssen ein einfaches Excel herunterladen. Folgen Sie also den Schritten und Screenshots und klicken Sie auf \u201eAus anderen Quellen\u201c. <br><img loading=\"lazy\" decoding=\"async\" title=\"16-mehrere-Optionen-zum-Hochladen-von-Daten\" src=\"https:\/\/exceladvisor.org\/wp-content\/uploads\/2023\/08\/16-options-multiples-pour-telecharger-des-donnees.png\" sizes=\"auto, \" srcset=\"\" alt=\"multiple-options-to-upload-data\" width=\"576\" height=\"233\"><\/li><li> Nun erhalten Sie erneut ein ge\u00f6ffnetes Dialogfeld. Scrollen Sie bis zum Ende, um die Option \u201eExcel-Datei\u201c zu erhalten, und klicken Sie auf \u201eWeiter\u201c. <br><img loading=\"lazy\" decoding=\"async\" title=\"17-Dialog\" src=\"https:\/\/exceladvisor.org\/wp-content\/uploads\/2023\/08\/17-boite-de-dialogue.png\" sizes=\"auto, \" srcset=\"\" alt=\"dialogue-box\" width=\"655\" height=\"528\"><\/li><li> Hier k\u00f6nnen Sie die Verbindung vom Standardnamen \u201eExcel\u201c umbenennen. Klicken Sie auf Durchsuchen, um einen Pfad zu Ihrer Datendatei auszuw\u00e4hlen. <br><img loading=\"lazy\" decoding=\"async\" title=\"18-Umbenennen-Verbindung\" src=\"https:\/\/exceladvisor.org\/wp-content\/uploads\/2023\/08\/18-renommer-la-connexion-2.png\" sizes=\"auto, \" srcset=\"\" alt=\"rename-the-connection\" width=\"649\" height=\"524\"><\/li><li> Wenn die oberste Spalte au\u00dferdem die Kopfzeile sein soll, aktivieren Sie die Option \u201eErste Zeile als Spalten\u00fcberschrift verwenden\u201c und klicken Sie auf \u201eWeiter\u201c. <br><img loading=\"lazy\" decoding=\"async\" title=\"Zuk\u00fcnftige Kopfzeile mit 19 Spalten\" src=\"https:\/\/exceladvisor.org\/wp-content\/uploads\/2023\/08\/19-colonne-pour-etre-la-ligne-den-tete.png\" sizes=\"auto, \" srcset=\"\" alt=\"column-to-be-header-row\" width=\"625\" height=\"504\"><\/li><li> Am Ende wird die Datei in das Datenmodell importiert und auf Fertig stellen geklickt. <br><img loading=\"lazy\" decoding=\"async\" title=\"20-in-Daten importierte Dateien\" src=\"https:\/\/exceladvisor.org\/wp-content\/uploads\/2023\/08\/20-fichier-importe-dans-les-donnees.png\" sizes=\"auto, \" srcset=\"\" alt=\"file-imported-to-the-data\" width=\"622\" height=\"502\"><\/li><li> Los geht&#8217;s: Es ist erfolgreich, alle 28 Zeilen wurden importiert. Jetzt hautnah zuschlagen. <br><img loading=\"lazy\" decoding=\"async\" title=\"21-rows-imported-hit-close\" src=\"https:\/\/exceladvisor.org\/wp-content\/uploads\/2023\/08\/21-lignes-importees-cloturees.png\" sizes=\"auto, \" srcset=\"\" alt=\"rows-imported-hit-close\" width=\"644\" height=\"519\"><\/li><li> Nun sieht es so aus. <br><img loading=\"lazy\" decoding=\"async\" title=\"Sieht aus wie 22 Proben\" src=\"https:\/\/exceladvisor.org\/wp-content\/uploads\/2023\/08\/22-echantillon-ressemble.png\" sizes=\"auto, \" srcset=\"\" alt=\"sample-looks-like\" width=\"428\" height=\"468\"><\/li><li> Von hier aus erstellen wir eine Pivot-Tabelle \u00fcber Start \u2192 Pivot-Tabelle <br><img loading=\"lazy\" decoding=\"async\" title=\"23-erstelle-ein-Pivot-Board-pro-Haus\" src=\"https:\/\/exceladvisor.org\/wp-content\/uploads\/2023\/08\/23-creer-un-tableau-croise-dynamique-par-maison.png\" sizes=\"auto, \" srcset=\"\" alt=\"create-pivot-table-by-home\" width=\"692\" height=\"223\"><\/li><li> Da wir die Daten in Blatt 1 haben, erweitern wir die Spalten, indem wir auf das kleine Dreieck daneben klicken. <br><img loading=\"lazy\" decoding=\"async\" title=\"24-erweitern-die-Spalten\" src=\"https:\/\/exceladvisor.org\/wp-content\/uploads\/2023\/08\/24-developper-les-colonnes-2.png\" sizes=\"auto, \" srcset=\"\" alt=\"expand-the-columns\" width=\"585\" height=\"371\"><\/li><li> Setzen Sie nun den Standort auf die Linien und die Dienstleister auf die Werte, wie wir es zuvor getan haben. Dadurch entsteht eine einfache Pivot-Tabelle mit der Gesamtzahl der Dienstanbieter. <br><img loading=\"lazy\" decoding=\"async\" title=\"Lage von 25 Pl\u00e4tzen in den Reihen\" src=\"https:\/\/exceladvisor.org\/wp-content\/uploads\/2023\/08\/Emplacement-de-25-places-sur-les-rangs.png\" sizes=\"auto, \" srcset=\"\" alt=\"place-location-on-the-rows\" width=\"194\" height=\"135\"><\/li><li> Hier ist der Trick. Gehen Sie nun zum PowerPivot-Fenster und klicken Sie auf <strong>\u201eMessen\u201c<\/strong> , um die Option <strong>\u201eNeue Messung\u201c<\/strong> zu erhalten. <br><img loading=\"lazy\" decoding=\"async\" title=\"26 Power-Pivot-Fenster\" src=\"https:\/\/exceladvisor.org\/wp-content\/uploads\/2023\/08\/26-vitres-a-pivot-electrique.png\" sizes=\"auto, \" srcset=\"\" alt=\"power-pivot-window\" width=\"556\" height=\"347\"><\/li><li> F\u00fcgen Sie nun eine Beschreibung des gew\u00fcnschten Namens hinzu und beginnen Sie mit der Eingabe der Formel im Abschnitt \u201eFormeln\u201c. <br><img loading=\"lazy\" decoding=\"async\" title=\"27-Wunschname-und-Formel\" src=\"https:\/\/exceladvisor.org\/wp-content\/uploads\/2023\/08\/27-nom-et-formule-souhaites.png\" sizes=\"auto, \" srcset=\"\" alt=\"desired-name-and-formula\" width=\"502\" height=\"364\"><\/li><li> Sobald Sie mit der Eingabe beginnen, erhalten Sie automatisch Vorschl\u00e4ge. Hier ben\u00f6tigen wir die Funktion \u201eDistinct Count\u201c. W\u00e4hlen Sie die eindeutige Z\u00e4hlfunktion. <br><img loading=\"lazy\" decoding=\"async\" title=\"28-Select-Distinct-Count-Funktion\" src=\"https:\/\/exceladvisor.org\/wp-content\/uploads\/2023\/08\/28-selectionner-la-fonction-de-comptage-distinct.png\" sizes=\"auto, \" srcset=\"\" alt=\"select-distinct-count-function\" width=\"564\" height=\"410\"><\/li><li> Dr\u00fccken Sie anschlie\u00dfend die Tabulatortaste oder starten Sie eine Klammer ( und w\u00e4hlen Sie die Spalte aus, f\u00fcr die wir die eindeutige Nummer ben\u00f6tigen. Wie hier ben\u00f6tigen wir die eindeutige Anzahl der Dienstanbieter. Daher sieht unsere Formel folgenderma\u00dfen aus = DISTINCTCOUNT(Sheet1[Dienstanbieter]) ) <br><img loading=\"lazy\" decoding=\"async\" title=\"29-Dr\u00fccken Sie die Tab-Taste\" src=\"https:\/\/exceladvisor.org\/wp-content\/uploads\/2023\/08\/29-appuyez-sur-le-bouton-de-tabulation.png\" sizes=\"auto, \" srcset=\"\" alt=\"press-the-tab-button\" width=\"567\" height=\"412\"><\/li><li> W\u00e4hlen Sie am Ende die Kategorie aus. Da wir die eindeutige Anzahl der Dienstleister ermitteln, w\u00e4hlen wir die Kategorie \u201eNummern\u201c aus. <br><img loading=\"lazy\" decoding=\"async\" title=\"30-Kategorie ausw\u00e4hlen\" src=\"https:\/\/exceladvisor.org\/wp-content\/uploads\/2023\/08\/30-selectionner-la-categorie.png\" sizes=\"auto, \" srcset=\"\" alt=\"select-the-category\" width=\"497\" height=\"361\"><\/li><li> \u00c4ndern Sie das Format in \u201eInteger\u201c und dr\u00fccken Sie OK. Der Pivot-Tabelle wird eine weitere Spalte hinzugef\u00fcgt, die Ihnen die eindeutigen Eintr\u00e4ge liefert. <br><img loading=\"lazy\" decoding=\"async\" title=\"31-Format-in-Integer-Zahl \u00e4ndern\" src=\"https:\/\/exceladvisor.org\/wp-content\/uploads\/2023\/08\/31-changer-le-format-en-nombre-entier.png\" sizes=\"auto, \" srcset=\"\" alt=\"change-format-to-whole-number\" width=\"263\" height=\"120\"><\/li><\/ol><div class=\"wp-block-group more-tutorials is-layout-flow\"><div class=\"wp-block-group__inner-container\"><h2 class=\"wp-block-heading\"> Erfahren Sie mehr \u00fcber Pivot-Tabellen <\/h2><div class=\"wp-block-columns is-layout-flex wp-container-3\"><div class=\"wp-block-column is-layout-flow\"><ul><li> <a href=\"https:\/\/exceladvisor.org\/de\/berechnung-in-der-pivot-tabelle\/\">Ein berechnetes Feld und Element hinzuf\u00fcgen (Formeln in einer Pivot-Tabelle)<\/a><\/li><li> <a href=\"https:\/\/exceladvisor.org\/de\/spalte-der-range\/\">F\u00fcgen Sie Zeilen in der Pivot-Tabelle in Excel hinzu<\/a><\/li><\/ul><\/div><div class=\"wp-block-column is-layout-flow\"><ul><li> <a href=\"https:\/\/exceladvisor.org\/de\/gruppentermine\/\">Gruppieren Sie Termine in einer Pivot-Tabelle<\/a><\/li><\/ul><\/div><\/div><p> \u21e0 Zur\u00fcck zum <a href=\"https:\/\/exceladvisor.org\/de\/pivot-tisch\/\">Pivot-Table-Tutorial<\/a><\/p><\/div><\/div>","protected":false},"excerpt":{"rendered":"","protected":false},"author":1,"featured_media":0,"parent":0,"menu_order":0,"comment_status":"open","ping_status":"closed","template":"","meta":{"ub_ctt_via":"","footnotes":""},"class_list":["post-3117","page","type-page","status-publish","hentry"],"featured_image_src":null,"yoast_head":"<!-- This site is optimized with the Yoast SEO plugin v25.4 - https:\/\/yoast.com\/wordpress\/plugins\/seo\/ -->\n<title>Z\u00e4hlen Sie eindeutige Werte in einer Pivot-Tabelle<\/title>\n<meta name=\"description\" content=\"In diesem Tutorial erfahren Sie, wie Sie mit verschiedenen Methoden eindeutige Werte in einer Pivot-Tabelle z\u00e4hlen.\" \/>\n<meta name=\"robots\" content=\"index, follow, max-snippet:-1, max-image-preview:large, max-video-preview:-1\" \/>\n<link rel=\"canonical\" href=\"https:\/\/exceladvisor.org\/de\/zahlen-sie-eindeutige-werte\/\" \/>\n<meta property=\"og:locale\" content=\"de_DE\" \/>\n<meta property=\"og:type\" content=\"article\" \/>\n<meta property=\"og:title\" content=\"Z\u00e4hlen Sie eindeutige Werte in einer Pivot-Tabelle\" \/>\n<meta property=\"og:description\" content=\"In diesem Tutorial erfahren Sie, wie Sie mit verschiedenen Methoden eindeutige Werte in einer Pivot-Tabelle z\u00e4hlen.\" \/>\n<meta property=\"og:url\" content=\"https:\/\/exceladvisor.org\/de\/zahlen-sie-eindeutige-werte\/\" \/>\n<meta property=\"og:site_name\" content=\"Excel Advisor\" \/>\n<meta property=\"article:modified_time\" content=\"2023-12-03T13:06:15+00:00\" \/>\n<meta property=\"og:image\" content=\"https:\/\/exceladvisor.org\/wp-content\/uploads\/2023\/08\/1-aller-a-longlet-inserer.png\" \/>\n<meta name=\"twitter:card\" content=\"summary_large_image\" \/>\n<meta name=\"twitter:label1\" content=\"Gesch\u00e4tzte Lesezeit\" \/>\n\t<meta name=\"twitter:data1\" content=\"5\u00a0Minuten\" \/>\n<script type=\"application\/ld+json\" class=\"yoast-schema-graph\">{\"@context\":\"https:\/\/schema.org\",\"@graph\":[{\"@type\":\"WebPage\",\"@id\":\"https:\/\/exceladvisor.org\/de\/zahlen-sie-eindeutige-werte\/\",\"url\":\"https:\/\/exceladvisor.org\/de\/zahlen-sie-eindeutige-werte\/\",\"name\":\"Z\u00e4hlen Sie eindeutige Werte in einer Pivot-Tabelle\",\"isPartOf\":{\"@id\":\"https:\/\/exceladvisor.org\/de\/#website\"},\"primaryImageOfPage\":{\"@id\":\"https:\/\/exceladvisor.org\/de\/zahlen-sie-eindeutige-werte\/#primaryimage\"},\"image\":{\"@id\":\"https:\/\/exceladvisor.org\/de\/zahlen-sie-eindeutige-werte\/#primaryimage\"},\"thumbnailUrl\":\"https:\/\/exceladvisor.org\/wp-content\/uploads\/2023\/08\/1-aller-a-longlet-inserer.png\",\"datePublished\":\"2023-11-15T05:22:32+00:00\",\"dateModified\":\"2023-12-03T13:06:15+00:00\",\"description\":\"In diesem Tutorial erfahren Sie, wie Sie mit verschiedenen Methoden eindeutige Werte in einer Pivot-Tabelle z\u00e4hlen.\",\"breadcrumb\":{\"@id\":\"https:\/\/exceladvisor.org\/de\/zahlen-sie-eindeutige-werte\/#breadcrumb\"},\"inLanguage\":\"de\",\"potentialAction\":[{\"@type\":\"ReadAction\",\"target\":[\"https:\/\/exceladvisor.org\/de\/zahlen-sie-eindeutige-werte\/\"]}]},{\"@type\":\"ImageObject\",\"inLanguage\":\"de\",\"@id\":\"https:\/\/exceladvisor.org\/de\/zahlen-sie-eindeutige-werte\/#primaryimage\",\"url\":\"https:\/\/exceladvisor.org\/wp-content\/uploads\/2023\/08\/1-aller-a-longlet-inserer.png\",\"contentUrl\":\"https:\/\/exceladvisor.org\/wp-content\/uploads\/2023\/08\/1-aller-a-longlet-inserer.png\"},{\"@type\":\"BreadcrumbList\",\"@id\":\"https:\/\/exceladvisor.org\/de\/zahlen-sie-eindeutige-werte\/#breadcrumb\",\"itemListElement\":[{\"@type\":\"ListItem\",\"position\":1,\"name\":\"Accueil\",\"item\":\"https:\/\/exceladvisor.org\/de\/\"},{\"@type\":\"ListItem\",\"position\":2,\"name\":\"Z\u00e4hlen sie eindeutige werte in einer pivot-tabelle\"}]},{\"@type\":\"WebSite\",\"@id\":\"https:\/\/exceladvisor.org\/de\/#website\",\"url\":\"https:\/\/exceladvisor.org\/de\/\",\"name\":\"Excel Advisor\",\"description\":\"Ihr Leitfaden zur Datendominanz\",\"publisher\":{\"@id\":\"https:\/\/exceladvisor.org\/de\/#organization\"},\"potentialAction\":[{\"@type\":\"SearchAction\",\"target\":{\"@type\":\"EntryPoint\",\"urlTemplate\":\"https:\/\/exceladvisor.org\/de\/?s={search_term_string}\"},\"query-input\":{\"@type\":\"PropertyValueSpecification\",\"valueRequired\":true,\"valueName\":\"search_term_string\"}}],\"inLanguage\":\"de\"},{\"@type\":\"Organization\",\"@id\":\"https:\/\/exceladvisor.org\/de\/#organization\",\"name\":\"Excel Advisor\",\"url\":\"https:\/\/exceladvisor.org\/de\/\",\"logo\":{\"@type\":\"ImageObject\",\"inLanguage\":\"de\",\"@id\":\"https:\/\/exceladvisor.org\/de\/#\/schema\/logo\/image\/\",\"url\":\"https:\/\/exceladvisor.org\/de\/wp-content\/uploads\/2023\/11\/exceladvisor.org_.png\",\"contentUrl\":\"https:\/\/exceladvisor.org\/de\/wp-content\/uploads\/2023\/11\/exceladvisor.org_.png\",\"width\":105,\"height\":36,\"caption\":\"Excel Advisor\"},\"image\":{\"@id\":\"https:\/\/exceladvisor.org\/de\/#\/schema\/logo\/image\/\"}}]}<\/script>\n<!-- \/ Yoast SEO plugin. -->","yoast_head_json":{"title":"Z\u00e4hlen Sie eindeutige Werte in einer Pivot-Tabelle","description":"In diesem Tutorial erfahren Sie, wie Sie mit verschiedenen Methoden eindeutige Werte in einer Pivot-Tabelle z\u00e4hlen.","robots":{"index":"index","follow":"follow","max-snippet":"max-snippet:-1","max-image-preview":"max-image-preview:large","max-video-preview":"max-video-preview:-1"},"canonical":"https:\/\/exceladvisor.org\/de\/zahlen-sie-eindeutige-werte\/","og_locale":"de_DE","og_type":"article","og_title":"Z\u00e4hlen Sie eindeutige Werte in einer Pivot-Tabelle","og_description":"In diesem Tutorial erfahren Sie, wie Sie mit verschiedenen Methoden eindeutige Werte in einer Pivot-Tabelle z\u00e4hlen.","og_url":"https:\/\/exceladvisor.org\/de\/zahlen-sie-eindeutige-werte\/","og_site_name":"Excel Advisor","article_modified_time":"2023-12-03T13:06:15+00:00","og_image":[{"url":"https:\/\/exceladvisor.org\/wp-content\/uploads\/2023\/08\/1-aller-a-longlet-inserer.png","type":"","width":"","height":""}],"twitter_card":"summary_large_image","twitter_misc":{"Gesch\u00e4tzte Lesezeit":"5\u00a0Minuten"},"schema":{"@context":"https:\/\/schema.org","@graph":[{"@type":"WebPage","@id":"https:\/\/exceladvisor.org\/de\/zahlen-sie-eindeutige-werte\/","url":"https:\/\/exceladvisor.org\/de\/zahlen-sie-eindeutige-werte\/","name":"Z\u00e4hlen Sie eindeutige Werte in einer Pivot-Tabelle","isPartOf":{"@id":"https:\/\/exceladvisor.org\/de\/#website"},"primaryImageOfPage":{"@id":"https:\/\/exceladvisor.org\/de\/zahlen-sie-eindeutige-werte\/#primaryimage"},"image":{"@id":"https:\/\/exceladvisor.org\/de\/zahlen-sie-eindeutige-werte\/#primaryimage"},"thumbnailUrl":"https:\/\/exceladvisor.org\/wp-content\/uploads\/2023\/08\/1-aller-a-longlet-inserer.png","datePublished":"2023-11-15T05:22:32+00:00","dateModified":"2023-12-03T13:06:15+00:00","description":"In diesem Tutorial erfahren Sie, wie Sie mit verschiedenen Methoden eindeutige Werte in einer Pivot-Tabelle z\u00e4hlen.","breadcrumb":{"@id":"https:\/\/exceladvisor.org\/de\/zahlen-sie-eindeutige-werte\/#breadcrumb"},"inLanguage":"de","potentialAction":[{"@type":"ReadAction","target":["https:\/\/exceladvisor.org\/de\/zahlen-sie-eindeutige-werte\/"]}]},{"@type":"ImageObject","inLanguage":"de","@id":"https:\/\/exceladvisor.org\/de\/zahlen-sie-eindeutige-werte\/#primaryimage","url":"https:\/\/exceladvisor.org\/wp-content\/uploads\/2023\/08\/1-aller-a-longlet-inserer.png","contentUrl":"https:\/\/exceladvisor.org\/wp-content\/uploads\/2023\/08\/1-aller-a-longlet-inserer.png"},{"@type":"BreadcrumbList","@id":"https:\/\/exceladvisor.org\/de\/zahlen-sie-eindeutige-werte\/#breadcrumb","itemListElement":[{"@type":"ListItem","position":1,"name":"Accueil","item":"https:\/\/exceladvisor.org\/de\/"},{"@type":"ListItem","position":2,"name":"Z\u00e4hlen sie eindeutige werte in einer pivot-tabelle"}]},{"@type":"WebSite","@id":"https:\/\/exceladvisor.org\/de\/#website","url":"https:\/\/exceladvisor.org\/de\/","name":"Excel Advisor","description":"Ihr Leitfaden zur Datendominanz","publisher":{"@id":"https:\/\/exceladvisor.org\/de\/#organization"},"potentialAction":[{"@type":"SearchAction","target":{"@type":"EntryPoint","urlTemplate":"https:\/\/exceladvisor.org\/de\/?s={search_term_string}"},"query-input":{"@type":"PropertyValueSpecification","valueRequired":true,"valueName":"search_term_string"}}],"inLanguage":"de"},{"@type":"Organization","@id":"https:\/\/exceladvisor.org\/de\/#organization","name":"Excel Advisor","url":"https:\/\/exceladvisor.org\/de\/","logo":{"@type":"ImageObject","inLanguage":"de","@id":"https:\/\/exceladvisor.org\/de\/#\/schema\/logo\/image\/","url":"https:\/\/exceladvisor.org\/de\/wp-content\/uploads\/2023\/11\/exceladvisor.org_.png","contentUrl":"https:\/\/exceladvisor.org\/de\/wp-content\/uploads\/2023\/11\/exceladvisor.org_.png","width":105,"height":36,"caption":"Excel Advisor"},"image":{"@id":"https:\/\/exceladvisor.org\/de\/#\/schema\/logo\/image\/"}}]}},"yoast_meta":{"yoast_wpseo_title":"","yoast_wpseo_metadesc":"","yoast_wpseo_canonical":""},"_links":{"self":[{"href":"https:\/\/exceladvisor.org\/de\/wp-json\/wp\/v2\/pages\/3117","targetHints":{"allow":["GET"]}}],"collection":[{"href":"https:\/\/exceladvisor.org\/de\/wp-json\/wp\/v2\/pages"}],"about":[{"href":"https:\/\/exceladvisor.org\/de\/wp-json\/wp\/v2\/types\/page"}],"author":[{"embeddable":true,"href":"https:\/\/exceladvisor.org\/de\/wp-json\/wp\/v2\/users\/1"}],"replies":[{"embeddable":true,"href":"https:\/\/exceladvisor.org\/de\/wp-json\/wp\/v2\/comments?post=3117"}],"version-history":[{"count":1,"href":"https:\/\/exceladvisor.org\/de\/wp-json\/wp\/v2\/pages\/3117\/revisions"}],"predecessor-version":[{"id":4443,"href":"https:\/\/exceladvisor.org\/de\/wp-json\/wp\/v2\/pages\/3117\/revisions\/4443"}],"wp:attachment":[{"href":"https:\/\/exceladvisor.org\/de\/wp-json\/wp\/v2\/media?parent=3117"}],"curies":[{"name":"wp","href":"https:\/\/api.w.org\/{rel}","templated":true}]}}