{"id":3119,"date":"2023-11-15T02:07:04","date_gmt":"2023-11-15T02:07:04","guid":{"rendered":"https:\/\/exceladvisor.org\/de\/wenn-die-zelle-leer-ist\/"},"modified":"2023-12-03T13:05:19","modified_gmt":"2023-12-03T13:05:19","slug":"wenn-die-zelle-leer-ist","status":"publish","type":"page","link":"https:\/\/exceladvisor.org\/de\/wenn-die-zelle-leer-ist\/","title":{"rendered":"Wie \u00fcberpr\u00fcfe ich, ob eine zelle in excel leer ist?"},"content":{"rendered":"<div class=\"excel-vor-dem-inhalt\" id=\"excel-3282788724\"><script type=\"text\/javascript\">\r\n\tatOptions = {\r\n\t\t'key' : 'c1158f160081d6540a8409e6925dab94',\r\n\t\t'format' : 'iframe',\r\n\t\t'height' : 250,\r\n\t\t'width' : 300,\r\n\t\t'params' : {}\r\n\t};\r\n<\/script>\r\n<script type=\"text\/javascript\" src=\"\/\/www.highperformanceformat.com\/c1158f160081d6540a8409e6925dab94\/invoke.js\"><\/script><\/div> <p>Wenn Sie in Excel \u00fcberpr\u00fcfen m\u00f6chten, ob eine Zelle leer ist oder nicht, k\u00f6nnen Sie eine kombinierte Formel aus IF und ISBLANK verwenden. Beide Formeln funktionieren so, dass ISBLANK den Zellenwert \u00fcberpr\u00fcft und IF dann im Gegenzug eine aussagekr\u00e4ftige vollst\u00e4ndige Nachricht (von Ihnen angegeben) zur\u00fcckgibt.<\/p><p> Im folgenden Beispiel haben Sie eine Liste mit Zahlen, in der einige leere Zellen vorhanden sind. <\/p><div class=\"wp-block-image\"><figure class=\"aligncenter size-full is-resized\"><img loading=\"lazy\" decoding=\"async\" class=\"wp-image-69839\" src=\"https:\/\/exceladvisor.org\/wp-content\/uploads\/2023\/08\/1-liste-avec-quelques-cellules-vides.png\" sizes=\"auto, \" srcset=\"\" alt=\"Liste mit einigen leeren Zellen\" width=\"313\" height=\"357\"><\/figure><\/div><h2 class=\"wp-block-heading\"> Formel zur \u00dcberpr\u00fcfung, ob eine Zelle leer ist oder nicht (leer)<\/h2><ol type=\"1\"><li> Geben Sie zun\u00e4chst in Zelle B1 IF ein.<\/li><li> Geben Sie nun im ersten Argument ISBLANK ein, verweisen Sie auf Zelle A1 und geben Sie die schlie\u00dfenden Klammern ein.<\/li><li> Verwenden Sie dann im zweiten Argument den Wert \u201eEmpty\u201c.<\/li><li> Danach verwenden Sie im dritten Argument \u201eNon-Blank\u201c.<\/li><li> Schlie\u00dfen Sie am Ende die Funktion, dr\u00fccken Sie die Eingabetaste und ziehen Sie die Formel auf den letzten Wert, den Sie in der Liste haben. <\/li><\/ol><div class=\"wp-block-image\"><figure class=\"aligncenter size-full is-resized\"><img loading=\"lazy\" decoding=\"async\" class=\"wp-image-69840\" src=\"https:\/\/exceladvisor.org\/wp-content\/uploads\/2023\/08\/2-si-formule-pour-trouver-vide.png\" sizes=\"auto, \" srcset=\"\" alt=\"Wenn-Formel-zu-finden-leer\" width=\"545\" height=\"385\"><\/figure><\/div><p> Wie Sie sehen, haben wir f\u00fcr die Zelle, in der die Zelle in Spalte A leer ist, den Wert \u201eLeer\u201c.<\/p><pre class=\"wp-block-code\"> <code class=\"language-excel-formula\" lang=\"excel-formula\">=IF(ISBLANK(A1),\"Blank\",\"Non-Blank\")<\/code><\/pre><p> Lassen Sie uns nun diese Formel verstehen. Im ersten Teil haben wir ISBLANK, das pr\u00fcft, ob die Zellen leer sind oder nicht. <\/p><div class=\"wp-block-image\"><figure class=\"aligncenter size-full is-resized\"><img loading=\"lazy\" decoding=\"async\" class=\"wp-image-69841\" src=\"https:\/\/exceladvisor.org\/wp-content\/uploads\/2023\/08\/3-est-la-fonction-vide.png\" sizes=\"auto, \" srcset=\"\" alt=\"isblank-Funktion\" width=\"532\" height=\"395\"><\/figure><\/div><p> Und wenn danach der von ISBLANK zur\u00fcckgegebene Wert TRUE ist, gibt IF \u201eBlank\u201c zur\u00fcck, und wenn der von ISBLANK zur\u00fcckgegebene Wert FALSE ist, gibt IF \u201eNon_Blank\u201c zur\u00fcck. <\/p><div class=\"wp-block-image\"><figure class=\"aligncenter size-full is-resized\"><img loading=\"lazy\" decoding=\"async\" class=\"wp-image-69842\" src=\"https:\/\/exceladvisor.org\/wp-content\/uploads\/2023\/08\/4-est-une-valeur-de-resultat-vide.png\" sizes=\"auto, \" srcset=\"\" alt=\"ist leerer Ergebniswert\" width=\"509\" height=\"358\"><\/figure><\/div><h2 class=\"wp-block-heading\"> Alternative Formel<\/h2><p> Sie k\u00f6nnen auch eine andere Formel verwenden, bei der Sie nur die WENN-Funktion verwenden m\u00fcssen.<\/p><p> Jetzt m\u00fcssen Sie in der Funktion nur noch die Zelle angeben, in der Sie die Bedingung testen m\u00f6chten, und dann einen Gleichheitsoperator mit dem leeren Wert verwenden, um eine zu testende Bedingung zu erstellen.<\/p><p> Und Sie m\u00fcssen nur zwei Werte angeben, f\u00fcr die Sie die Bedingung TRUE oder FALSE erhalten m\u00f6chten. <\/p><div class=\"wp-block-image\"><figure class=\"aligncenter size-full is-resized\"><img loading=\"lazy\" decoding=\"async\" class=\"wp-image-69843\" src=\"https:\/\/exceladvisor.org\/wp-content\/uploads\/2023\/08\/5-si-formule-avec-blanc-et-non-blanc.png\" sizes=\"auto, \" srcset=\"\" alt=\"Wenn-Formel-mit-Leerzeichen-und-Nicht-Leerzeichen\" width=\"484\" height=\"385\"><\/figure><\/div><div class=\"gb-container gb-container-52dfcee1 gb-container-sample-file\"><h2 class=\"gb-headline gb-headline-e289c143 gb-headline-text gb-headline-4f7959c2\"> Holen Sie sich die Excel-Datei<\/h2> <a class=\"gb-button gb-button-e88d6bee gb-button-text gb-button-button1\" href=\"https:\/\/exceladvisor.org\/wp-content\/uploads\/2023\/08\/si-la-cellule-est-vide-2.xlsx\" rel=\"nofollow\">Herunterladen<\/a><\/div><div class=\"gb-container gb-container-0df56012 gb-container-mt\"> <a class=\"gb-button gb-button-f9f432f4 gb-button-text gb-button-mt-button\" href=\"https:\/\/exceladvisor.org\/de\/formeln\/\">Liste der Excel-Formeln<\/a><h2 class=\"gb-headline gb-headline-233444e8 gb-headline-text gb-headline-mt-heading\"> Verwandte Formeln <\/h2><div class=\"gb-grid-wrapper gb-grid-wrapper-a16fa65c gb-grid-wrapper-mt-grid\"><div class=\"gb-grid-column gb-grid-column-50d07e0d\"><div class=\"gb-container gb-container-50d07e0d\"><ul><li> <a href=\"https:\/\/exceladvisor.org\/de\/wenn-null-dann-leer\/\">\u00dcberpr\u00fcfen Sie, ob 0 (Null) ist, und leeren Sie es dann in Excel<\/a><\/li><li> <a href=\"https:\/\/exceladvisor.org\/de\/uberprufen-sie-ob-ein-wert-in-einem-bereich-vorhanden-ist\/\">\u00dcberpr\u00fcfen Sie, ob in einem Bereich in Excel ein Wert vorhanden ist<\/a><\/li><li> <a href=\"https:\/\/exceladvisor.org\/de\/wenn-und-1\/\">Kombinieren Sie WENN- und UND-Funktionen in Excel<\/a><\/li><li> <a href=\"https:\/\/exceladvisor.org\/de\/wenn-oder-1\/\">Kombinieren Sie WENN- und ODER-Funktionen in Excel<\/a><\/li><li> <a href=\"https:\/\/exceladvisor.org\/de\/wenn-negativ-dann-null\/\">WENN negativ, dann Null (0) in Excel<\/a> <\/li><\/ul><\/div><\/div><div class=\"gb-grid-column gb-grid-column-5b4a0cf9\"><div class=\"gb-container gb-container-5b4a0cf9\"><\/div><\/div><\/div><\/div>","protected":false},"excerpt":{"rendered":"","protected":false},"author":1,"featured_media":0,"parent":0,"menu_order":0,"comment_status":"open","ping_status":"closed","template":"","meta":{"ub_ctt_via":"","footnotes":""},"class_list":["post-3119","page","type-page","status-publish","hentry"],"featured_image_src":null,"yoast_head":"<!-- This site is optimized with the Yoast SEO plugin v25.4 - https:\/\/yoast.com\/wordpress\/plugins\/seo\/ -->\n<title>Wie \u00fcberpr\u00fcfe ich, ob eine Zelle in Excel leer ist? (Leitfaden 2023)<\/title>\n<meta name=\"description\" content=\"In diesem Tutorial lernen wir, wie man eine Formel schreibt, um zu \u00fcberpr\u00fcfen, ob eine Zelle leer ist oder nicht. Wir werden das verwenden\" \/>\n<meta name=\"robots\" content=\"index, follow, max-snippet:-1, max-image-preview:large, max-video-preview:-1\" \/>\n<link rel=\"canonical\" href=\"https:\/\/exceladvisor.org\/de\/wenn-die-zelle-leer-ist\/\" \/>\n<meta property=\"og:locale\" content=\"de_DE\" \/>\n<meta property=\"og:type\" content=\"article\" \/>\n<meta property=\"og:title\" content=\"Wie \u00fcberpr\u00fcfe ich, ob eine Zelle in Excel leer ist? (Leitfaden 2023)\" \/>\n<meta property=\"og:description\" content=\"In diesem Tutorial lernen wir, wie man eine Formel schreibt, um zu \u00fcberpr\u00fcfen, ob eine Zelle leer ist oder nicht. Wir werden das verwenden\" \/>\n<meta property=\"og:url\" content=\"https:\/\/exceladvisor.org\/de\/wenn-die-zelle-leer-ist\/\" \/>\n<meta property=\"og:site_name\" content=\"Excel Advisor\" \/>\n<meta property=\"article:modified_time\" content=\"2023-12-03T13:05:19+00:00\" \/>\n<meta property=\"og:image\" content=\"https:\/\/exceladvisor.org\/wp-content\/uploads\/2023\/08\/1-liste-avec-quelques-cellules-vides.png\" \/>\n<meta name=\"twitter:card\" content=\"summary_large_image\" \/>\n<meta name=\"twitter:label1\" content=\"Gesch\u00e4tzte Lesezeit\" \/>\n\t<meta name=\"twitter:data1\" content=\"2\u00a0Minuten\" \/>\n<script type=\"application\/ld+json\" class=\"yoast-schema-graph\">{\"@context\":\"https:\/\/schema.org\",\"@graph\":[{\"@type\":\"WebPage\",\"@id\":\"https:\/\/exceladvisor.org\/de\/wenn-die-zelle-leer-ist\/\",\"url\":\"https:\/\/exceladvisor.org\/de\/wenn-die-zelle-leer-ist\/\",\"name\":\"Wie \u00fcberpr\u00fcfe ich, ob eine Zelle in Excel leer ist? (Leitfaden 2023)\",\"isPartOf\":{\"@id\":\"https:\/\/exceladvisor.org\/de\/#website\"},\"primaryImageOfPage\":{\"@id\":\"https:\/\/exceladvisor.org\/de\/wenn-die-zelle-leer-ist\/#primaryimage\"},\"image\":{\"@id\":\"https:\/\/exceladvisor.org\/de\/wenn-die-zelle-leer-ist\/#primaryimage\"},\"thumbnailUrl\":\"https:\/\/exceladvisor.org\/wp-content\/uploads\/2023\/08\/1-liste-avec-quelques-cellules-vides.png\",\"datePublished\":\"2023-11-15T02:07:04+00:00\",\"dateModified\":\"2023-12-03T13:05:19+00:00\",\"description\":\"In diesem Tutorial lernen wir, wie man eine Formel schreibt, um zu \u00fcberpr\u00fcfen, ob eine Zelle leer ist oder nicht. Wir werden das verwenden\",\"breadcrumb\":{\"@id\":\"https:\/\/exceladvisor.org\/de\/wenn-die-zelle-leer-ist\/#breadcrumb\"},\"inLanguage\":\"de\",\"potentialAction\":[{\"@type\":\"ReadAction\",\"target\":[\"https:\/\/exceladvisor.org\/de\/wenn-die-zelle-leer-ist\/\"]}]},{\"@type\":\"ImageObject\",\"inLanguage\":\"de\",\"@id\":\"https:\/\/exceladvisor.org\/de\/wenn-die-zelle-leer-ist\/#primaryimage\",\"url\":\"https:\/\/exceladvisor.org\/wp-content\/uploads\/2023\/08\/1-liste-avec-quelques-cellules-vides.png\",\"contentUrl\":\"https:\/\/exceladvisor.org\/wp-content\/uploads\/2023\/08\/1-liste-avec-quelques-cellules-vides.png\"},{\"@type\":\"BreadcrumbList\",\"@id\":\"https:\/\/exceladvisor.org\/de\/wenn-die-zelle-leer-ist\/#breadcrumb\",\"itemListElement\":[{\"@type\":\"ListItem\",\"position\":1,\"name\":\"Accueil\",\"item\":\"https:\/\/exceladvisor.org\/de\/\"},{\"@type\":\"ListItem\",\"position\":2,\"name\":\"Wie \u00fcberpr\u00fcfe ich, ob eine zelle in excel leer ist?\"}]},{\"@type\":\"WebSite\",\"@id\":\"https:\/\/exceladvisor.org\/de\/#website\",\"url\":\"https:\/\/exceladvisor.org\/de\/\",\"name\":\"Excel Advisor\",\"description\":\"Ihr Leitfaden zur Datendominanz\",\"publisher\":{\"@id\":\"https:\/\/exceladvisor.org\/de\/#organization\"},\"potentialAction\":[{\"@type\":\"SearchAction\",\"target\":{\"@type\":\"EntryPoint\",\"urlTemplate\":\"https:\/\/exceladvisor.org\/de\/?s={search_term_string}\"},\"query-input\":{\"@type\":\"PropertyValueSpecification\",\"valueRequired\":true,\"valueName\":\"search_term_string\"}}],\"inLanguage\":\"de\"},{\"@type\":\"Organization\",\"@id\":\"https:\/\/exceladvisor.org\/de\/#organization\",\"name\":\"Excel Advisor\",\"url\":\"https:\/\/exceladvisor.org\/de\/\",\"logo\":{\"@type\":\"ImageObject\",\"inLanguage\":\"de\",\"@id\":\"https:\/\/exceladvisor.org\/de\/#\/schema\/logo\/image\/\",\"url\":\"https:\/\/exceladvisor.org\/de\/wp-content\/uploads\/2023\/11\/exceladvisor.org_.png\",\"contentUrl\":\"https:\/\/exceladvisor.org\/de\/wp-content\/uploads\/2023\/11\/exceladvisor.org_.png\",\"width\":105,\"height\":36,\"caption\":\"Excel Advisor\"},\"image\":{\"@id\":\"https:\/\/exceladvisor.org\/de\/#\/schema\/logo\/image\/\"}}]}<\/script>\n<!-- \/ Yoast SEO plugin. -->","yoast_head_json":{"title":"Wie \u00fcberpr\u00fcfe ich, ob eine Zelle in Excel leer ist? (Leitfaden 2023)","description":"In diesem Tutorial lernen wir, wie man eine Formel schreibt, um zu \u00fcberpr\u00fcfen, ob eine Zelle leer ist oder nicht. Wir werden das verwenden","robots":{"index":"index","follow":"follow","max-snippet":"max-snippet:-1","max-image-preview":"max-image-preview:large","max-video-preview":"max-video-preview:-1"},"canonical":"https:\/\/exceladvisor.org\/de\/wenn-die-zelle-leer-ist\/","og_locale":"de_DE","og_type":"article","og_title":"Wie \u00fcberpr\u00fcfe ich, ob eine Zelle in Excel leer ist? (Leitfaden 2023)","og_description":"In diesem Tutorial lernen wir, wie man eine Formel schreibt, um zu \u00fcberpr\u00fcfen, ob eine Zelle leer ist oder nicht. Wir werden das verwenden","og_url":"https:\/\/exceladvisor.org\/de\/wenn-die-zelle-leer-ist\/","og_site_name":"Excel Advisor","article_modified_time":"2023-12-03T13:05:19+00:00","og_image":[{"url":"https:\/\/exceladvisor.org\/wp-content\/uploads\/2023\/08\/1-liste-avec-quelques-cellules-vides.png","type":"","width":"","height":""}],"twitter_card":"summary_large_image","twitter_misc":{"Gesch\u00e4tzte Lesezeit":"2\u00a0Minuten"},"schema":{"@context":"https:\/\/schema.org","@graph":[{"@type":"WebPage","@id":"https:\/\/exceladvisor.org\/de\/wenn-die-zelle-leer-ist\/","url":"https:\/\/exceladvisor.org\/de\/wenn-die-zelle-leer-ist\/","name":"Wie \u00fcberpr\u00fcfe ich, ob eine Zelle in Excel leer ist? (Leitfaden 2023)","isPartOf":{"@id":"https:\/\/exceladvisor.org\/de\/#website"},"primaryImageOfPage":{"@id":"https:\/\/exceladvisor.org\/de\/wenn-die-zelle-leer-ist\/#primaryimage"},"image":{"@id":"https:\/\/exceladvisor.org\/de\/wenn-die-zelle-leer-ist\/#primaryimage"},"thumbnailUrl":"https:\/\/exceladvisor.org\/wp-content\/uploads\/2023\/08\/1-liste-avec-quelques-cellules-vides.png","datePublished":"2023-11-15T02:07:04+00:00","dateModified":"2023-12-03T13:05:19+00:00","description":"In diesem Tutorial lernen wir, wie man eine Formel schreibt, um zu \u00fcberpr\u00fcfen, ob eine Zelle leer ist oder nicht. Wir werden das verwenden","breadcrumb":{"@id":"https:\/\/exceladvisor.org\/de\/wenn-die-zelle-leer-ist\/#breadcrumb"},"inLanguage":"de","potentialAction":[{"@type":"ReadAction","target":["https:\/\/exceladvisor.org\/de\/wenn-die-zelle-leer-ist\/"]}]},{"@type":"ImageObject","inLanguage":"de","@id":"https:\/\/exceladvisor.org\/de\/wenn-die-zelle-leer-ist\/#primaryimage","url":"https:\/\/exceladvisor.org\/wp-content\/uploads\/2023\/08\/1-liste-avec-quelques-cellules-vides.png","contentUrl":"https:\/\/exceladvisor.org\/wp-content\/uploads\/2023\/08\/1-liste-avec-quelques-cellules-vides.png"},{"@type":"BreadcrumbList","@id":"https:\/\/exceladvisor.org\/de\/wenn-die-zelle-leer-ist\/#breadcrumb","itemListElement":[{"@type":"ListItem","position":1,"name":"Accueil","item":"https:\/\/exceladvisor.org\/de\/"},{"@type":"ListItem","position":2,"name":"Wie \u00fcberpr\u00fcfe ich, ob eine zelle in excel leer ist?"}]},{"@type":"WebSite","@id":"https:\/\/exceladvisor.org\/de\/#website","url":"https:\/\/exceladvisor.org\/de\/","name":"Excel Advisor","description":"Ihr Leitfaden zur Datendominanz","publisher":{"@id":"https:\/\/exceladvisor.org\/de\/#organization"},"potentialAction":[{"@type":"SearchAction","target":{"@type":"EntryPoint","urlTemplate":"https:\/\/exceladvisor.org\/de\/?s={search_term_string}"},"query-input":{"@type":"PropertyValueSpecification","valueRequired":true,"valueName":"search_term_string"}}],"inLanguage":"de"},{"@type":"Organization","@id":"https:\/\/exceladvisor.org\/de\/#organization","name":"Excel Advisor","url":"https:\/\/exceladvisor.org\/de\/","logo":{"@type":"ImageObject","inLanguage":"de","@id":"https:\/\/exceladvisor.org\/de\/#\/schema\/logo\/image\/","url":"https:\/\/exceladvisor.org\/de\/wp-content\/uploads\/2023\/11\/exceladvisor.org_.png","contentUrl":"https:\/\/exceladvisor.org\/de\/wp-content\/uploads\/2023\/11\/exceladvisor.org_.png","width":105,"height":36,"caption":"Excel Advisor"},"image":{"@id":"https:\/\/exceladvisor.org\/de\/#\/schema\/logo\/image\/"}}]}},"yoast_meta":{"yoast_wpseo_title":"","yoast_wpseo_metadesc":"","yoast_wpseo_canonical":""},"_links":{"self":[{"href":"https:\/\/exceladvisor.org\/de\/wp-json\/wp\/v2\/pages\/3119","targetHints":{"allow":["GET"]}}],"collection":[{"href":"https:\/\/exceladvisor.org\/de\/wp-json\/wp\/v2\/pages"}],"about":[{"href":"https:\/\/exceladvisor.org\/de\/wp-json\/wp\/v2\/types\/page"}],"author":[{"embeddable":true,"href":"https:\/\/exceladvisor.org\/de\/wp-json\/wp\/v2\/users\/1"}],"replies":[{"embeddable":true,"href":"https:\/\/exceladvisor.org\/de\/wp-json\/wp\/v2\/comments?post=3119"}],"version-history":[{"count":1,"href":"https:\/\/exceladvisor.org\/de\/wp-json\/wp\/v2\/pages\/3119\/revisions"}],"predecessor-version":[{"id":4209,"href":"https:\/\/exceladvisor.org\/de\/wp-json\/wp\/v2\/pages\/3119\/revisions\/4209"}],"wp:attachment":[{"href":"https:\/\/exceladvisor.org\/de\/wp-json\/wp\/v2\/media?parent=3119"}],"curies":[{"name":"wp","href":"https:\/\/api.w.org\/{rel}","templated":true}]}}