{"id":3120,"date":"2023-11-15T01:08:57","date_gmt":"2023-11-15T01:08:57","guid":{"rendered":"https:\/\/exceladvisor.org\/de\/malerformat\/"},"modified":"2023-12-03T13:04:56","modified_gmt":"2023-12-03T13:04:56","slug":"malerformat","status":"publish","type":"page","link":"https:\/\/exceladvisor.org\/de\/malerformat\/","title":{"rendered":"Wie verwende ich format painter in excel?"},"content":{"rendered":"<div class=\"excel-vor-dem-inhalt\" id=\"excel-126563371\"><script type=\"text\/javascript\">\r\n\tatOptions = {\r\n\t\t'key' : 'c1158f160081d6540a8409e6925dab94',\r\n\t\t'format' : 'iframe',\r\n\t\t'height' : 250,\r\n\t\t'width' : 300,\r\n\t\t'params' : {}\r\n\t};\r\n<\/script>\r\n<script type=\"text\/javascript\" src=\"\/\/www.highperformanceformat.com\/c1158f160081d6540a8409e6925dab94\/invoke.js\"><\/script><\/div> <p>Ich kann nicht berechnen, wie viele Stunden ich gespart habe, seit ich \u201eFormat Painter\u201c entdeckt habe. Ja, es ist wahr.<\/p><p> Bei der Arbeit in Excel kommt es vor, dass Sie manchmal die Formatierung von einer Zelle (oder einem Bereich) in eine andere kopieren m\u00f6chten.<\/p><p> Format Painter ist f\u00fcr Sie da. Nehmen wir an, Sie m\u00f6chten diese Formatierung aus Zelle A1 (die einen bestimmten Schriftstil und eine bestimmte Hintergrundfarbe hat) nach B1 kopieren. Nun, alles, was Sie brauchen, ist ein Klick.<\/p><h2 class=\"wp-block-heading\"> Wo ist die Schaltfl\u00e4che \u201eFormat Painter\u201c?<\/h2><p> Es befindet sich dort auf der Registerkarte \u201eStartseite\u201c. Wenn Sie sich den Zwischenablagebereich (linke Seite) Ihrer Registerkarte \u201eStartseite\u201c ansehen, k\u00f6nnen Sie ihn finden. <\/p><div class=\"wp-block-image\"><figure class=\"aligncenter\"><img decoding=\"async\" src=\"https:\/\/exceladvisor.org\/wp-content\/uploads\/2023\/08\/format-peintre-bouton-onglet-accueil-1.png\" sizes=\"\" srcset=\"\" alt=\"Schaltfl\u00e4che \u201eHome\u201c im Painter-Format\"><\/figure><\/div><h2 class=\"wp-block-heading\"> Wie es funktioniert<\/h2><ol><li> Wenn Sie eine Zelle oder einen Bereich ausw\u00e4hlen und auf die Schaltfl\u00e4che \u201eFormat \u00fcbertragen\u201c klicken, wird die Formatierung kopiert.<\/li><li> Wenn Sie danach eine andere Zelle oder einen anderen Bereich ausw\u00e4hlen, wird die Formatierung dort eingef\u00fcgt.<\/li><\/ol><h2 class=\"wp-block-heading\"> So verwenden Sie Format Painter<\/h2><p> Wie gesagt, es ist ein Ein-Klick-Prozess. <\/p><div class=\"wp-block-image\"><figure class=\"aligncenter\"><img decoding=\"async\" src=\"https:\/\/exceladvisor.org\/wp-content\/uploads\/2023\/08\/utiliser-format-peintre-excel-1.gif\" sizes=\"\" srcset=\"\" alt=\"Verwenden Sie das Excel-Painter-Format\"><\/figure><\/div><ol><li> W\u00e4hlen Sie zun\u00e4chst den Bereich oder den Bereich aus, aus dem Sie die Formatierung kopieren m\u00f6chten.<\/li><li> Klicken Sie anschlie\u00dfend auf die Schaltfl\u00e4che Format Painter.<\/li><li> Sobald Sie auf die Schaltfl\u00e4che klicken, verwandelt sich Ihr Cursor in einen Pinsel.<\/li><li> W\u00e4hlen Sie nun den Bereich aus, auf den Sie die Formatierung anwenden m\u00f6chten.<\/li><\/ol><p> Es ist fertig.<\/p><h3 class=\"wp-block-heading\"> Kann ich <a href=\"https:\/\/exceladvisor.org\/de\/tastaturkurzel\/\">die Tastenkombination<\/a> verwenden?<\/h3><p> Ja, Sie k\u00f6nnen <strong>Alt+H+F+P<\/strong> f\u00fcr Format Painter verwenden. W\u00e4hlen Sie einfach den Bereich oder die Zelle aus, aus der Sie das Format kopieren m\u00f6chten, und verwenden Sie die Tastenkombination.<\/p><h2 class=\"wp-block-heading\"> Wenden Sie die Formatierung mehrmals an<\/h2><p> Ja, Sie k\u00f6nnen damit die Formatierung mehrmals einf\u00fcgen. <\/p><div class=\"wp-block-image\"><figure class=\"aligncenter\"><img decoding=\"async\" src=\"https:\/\/exceladvisor.org\/wp-content\/uploads\/2023\/08\/utiliser-le-peintre-de-format-plusieurs-fois-excel-1.gif\" sizes=\"\" srcset=\"\" alt=\"Verwenden Sie Format Painter mehrmals in Excel\"><\/figure><\/div><ol><li> W\u00e4hlen Sie zun\u00e4chst den Bereich aus, aus dem Sie die Formatierung kopieren m\u00f6chten.<\/li><li> Gehen Sie danach zur Registerkarte \u201eStartseite\u201c \u2192 \u201eZwischenablage\u201c \u2192 \u201eFormat Painter\u201c.<\/li><li> Doppelklicken Sie nun auf die Schaltfl\u00e4che Format Painter.<\/li><li> Von dort aus k\u00f6nnen Sie die Formatierung mehrmals einf\u00fcgen.<\/li><\/ol><h2 class=\"wp-block-heading\"> <span style=\"color: #ff0000;\">Bonus-Tipp:<\/span> Kopieren Sie die Spaltenbreite mit Format Painter <\/h2><div class=\"wp-block-image\"><figure class=\"aligncenter\"><img decoding=\"async\" src=\"https:\/\/exceladvisor.org\/wp-content\/uploads\/2023\/08\/peintre-de-format-appliquer-la-largeur-de-colonne-excel-1.gif\" sizes=\"\" srcset=\"\" alt=\"Format Painter wendet Excel-Spaltenbreite an\"><\/figure><\/div><ol><li> W\u00e4hlen Sie zun\u00e4chst die gesamte Spalte aus, aus der Sie die Spaltenbreite kopieren m\u00f6chten.<\/li><li> Klicken Sie anschlie\u00dfend auf die Schaltfl\u00e4che Format Painter.<\/li><li> Klicken Sie auf die Spalten\u00fcberschrift der Zielspalte.<\/li><\/ol><p> <strong>Wussten Sie von dieser Option, bevor Sie diesen Artikel gelesen haben?<\/strong><\/p><p> Bitte teilen Sie mir Ihre Meinung im Kommentarbereich mit. Ich w\u00fcrde gerne von Ihnen h\u00f6ren und vergessen Sie nicht, es mit Ihren Freunden zu teilen. Ich bin sicher, sie werden es zu sch\u00e4tzen wissen.<\/p><div class=\"gb-container gb-container-4db6181c gb-container-mt\"> <a class=\"gb-button gb-button-c5897111 gb-button-text gb-button-mt-button\" href=\"https:\/\/exceladvisor.org\/de\/excel-grundlagen\/\">Microsoft Excel-Grundlagen (Komponenten, Teile und Wissenshinweise)<\/a><h2 class=\"gb-headline gb-headline-665e5f6b gb-headline-text gb-headline-mt-heading\"> Verwandte Tutorials <\/h2><div class=\"gb-grid-wrapper gb-grid-wrapper-a20baf7c gb-grid-wrapper-mt-grid\"><div class=\"gb-grid-column gb-grid-column-65ddf67e\"><div class=\"gb-container gb-container-65ddf67e\"><ul><li> <a href=\"https:\/\/exceladvisor.org\/de\/vollig-rechtfertigen\/\">F\u00fcllen Sie \u201eAusrichten\u201c in Excel aus<\/a><\/li><li> <a href=\"https:\/\/exceladvisor.org\/de\/excel-formelleiste\/\">Formelleiste in Excel<\/a><\/li><li> <a href=\"https:\/\/exceladvisor.org\/de\/fugen-sie-eine-fusszeile-hinzu\/\">F\u00fcgen Sie in Excel eine Kopf- und Fu\u00dfzeile hinzu<\/a><\/li><li> <a href=\"https:\/\/exceladvisor.org\/de\/herrscher\/\">Lineal in Excel anzeigen<\/a><\/li><li> <a href=\"https:\/\/exceladvisor.org\/de\/fullgriff\/\">Handle in Excel ausf\u00fcllen<\/a> <\/li><\/ul><\/div><\/div><div class=\"gb-grid-column gb-grid-column-50067b57\"><div class=\"gb-container gb-container-50067b57\"><\/div><\/div><\/div><\/div>","protected":false},"excerpt":{"rendered":"","protected":false},"author":1,"featured_media":0,"parent":0,"menu_order":0,"comment_status":"open","ping_status":"closed","template":"","meta":{"ub_ctt_via":"","footnotes":""},"class_list":["post-3120","page","type-page","status-publish","hentry"],"featured_image_src":null,"yoast_head":"<!-- This site is optimized with the Yoast SEO plugin v25.4 - https:\/\/yoast.com\/wordpress\/plugins\/seo\/ -->\n<title>Wie verwende ich Format Painter in Excel? (Geheime Methode)<\/title>\n<meta name=\"description\" content=\"Sie m\u00f6chten nicht immer wieder Zeit mit der Formatierung verschwenden. Erfahren Sie, wie Sie Format Painter in Excel zum Kopieren und Anwenden verwenden\" \/>\n<meta name=\"robots\" content=\"index, follow, max-snippet:-1, max-image-preview:large, max-video-preview:-1\" \/>\n<link rel=\"canonical\" href=\"https:\/\/exceladvisor.org\/de\/malerformat\/\" \/>\n<meta property=\"og:locale\" content=\"de_DE\" \/>\n<meta property=\"og:type\" content=\"article\" \/>\n<meta property=\"og:title\" content=\"Wie verwende ich Format Painter in Excel? (Geheime Methode)\" \/>\n<meta property=\"og:description\" content=\"Sie m\u00f6chten nicht immer wieder Zeit mit der Formatierung verschwenden. Erfahren Sie, wie Sie Format Painter in Excel zum Kopieren und Anwenden verwenden\" \/>\n<meta property=\"og:url\" content=\"https:\/\/exceladvisor.org\/de\/malerformat\/\" \/>\n<meta property=\"og:site_name\" content=\"Excel Advisor\" \/>\n<meta property=\"article:modified_time\" content=\"2023-12-03T13:04:56+00:00\" \/>\n<meta property=\"og:image\" content=\"https:\/\/exceladvisor.org\/wp-content\/uploads\/2023\/08\/format-peintre-bouton-onglet-accueil-1.png\" \/>\n<meta name=\"twitter:card\" content=\"summary_large_image\" \/>\n<meta name=\"twitter:label1\" content=\"Gesch\u00e4tzte Lesezeit\" \/>\n\t<meta name=\"twitter:data1\" content=\"2\u00a0Minuten\" \/>\n<script type=\"application\/ld+json\" class=\"yoast-schema-graph\">{\"@context\":\"https:\/\/schema.org\",\"@graph\":[{\"@type\":\"WebPage\",\"@id\":\"https:\/\/exceladvisor.org\/de\/malerformat\/\",\"url\":\"https:\/\/exceladvisor.org\/de\/malerformat\/\",\"name\":\"Wie verwende ich Format Painter in Excel? (Geheime Methode)\",\"isPartOf\":{\"@id\":\"https:\/\/exceladvisor.org\/de\/#website\"},\"primaryImageOfPage\":{\"@id\":\"https:\/\/exceladvisor.org\/de\/malerformat\/#primaryimage\"},\"image\":{\"@id\":\"https:\/\/exceladvisor.org\/de\/malerformat\/#primaryimage\"},\"thumbnailUrl\":\"https:\/\/exceladvisor.org\/wp-content\/uploads\/2023\/08\/format-peintre-bouton-onglet-accueil-1.png\",\"datePublished\":\"2023-11-15T01:08:57+00:00\",\"dateModified\":\"2023-12-03T13:04:56+00:00\",\"description\":\"Sie m\u00f6chten nicht immer wieder Zeit mit der Formatierung verschwenden. Erfahren Sie, wie Sie Format Painter in Excel zum Kopieren und Anwenden verwenden\",\"breadcrumb\":{\"@id\":\"https:\/\/exceladvisor.org\/de\/malerformat\/#breadcrumb\"},\"inLanguage\":\"de\",\"potentialAction\":[{\"@type\":\"ReadAction\",\"target\":[\"https:\/\/exceladvisor.org\/de\/malerformat\/\"]}]},{\"@type\":\"ImageObject\",\"inLanguage\":\"de\",\"@id\":\"https:\/\/exceladvisor.org\/de\/malerformat\/#primaryimage\",\"url\":\"https:\/\/exceladvisor.org\/wp-content\/uploads\/2023\/08\/format-peintre-bouton-onglet-accueil-1.png\",\"contentUrl\":\"https:\/\/exceladvisor.org\/wp-content\/uploads\/2023\/08\/format-peintre-bouton-onglet-accueil-1.png\"},{\"@type\":\"BreadcrumbList\",\"@id\":\"https:\/\/exceladvisor.org\/de\/malerformat\/#breadcrumb\",\"itemListElement\":[{\"@type\":\"ListItem\",\"position\":1,\"name\":\"Accueil\",\"item\":\"https:\/\/exceladvisor.org\/de\/\"},{\"@type\":\"ListItem\",\"position\":2,\"name\":\"Wie verwende ich format painter in excel?\"}]},{\"@type\":\"WebSite\",\"@id\":\"https:\/\/exceladvisor.org\/de\/#website\",\"url\":\"https:\/\/exceladvisor.org\/de\/\",\"name\":\"Excel Advisor\",\"description\":\"Ihr Leitfaden zur Datendominanz\",\"publisher\":{\"@id\":\"https:\/\/exceladvisor.org\/de\/#organization\"},\"potentialAction\":[{\"@type\":\"SearchAction\",\"target\":{\"@type\":\"EntryPoint\",\"urlTemplate\":\"https:\/\/exceladvisor.org\/de\/?s={search_term_string}\"},\"query-input\":{\"@type\":\"PropertyValueSpecification\",\"valueRequired\":true,\"valueName\":\"search_term_string\"}}],\"inLanguage\":\"de\"},{\"@type\":\"Organization\",\"@id\":\"https:\/\/exceladvisor.org\/de\/#organization\",\"name\":\"Excel Advisor\",\"url\":\"https:\/\/exceladvisor.org\/de\/\",\"logo\":{\"@type\":\"ImageObject\",\"inLanguage\":\"de\",\"@id\":\"https:\/\/exceladvisor.org\/de\/#\/schema\/logo\/image\/\",\"url\":\"https:\/\/exceladvisor.org\/de\/wp-content\/uploads\/2023\/11\/exceladvisor.org_.png\",\"contentUrl\":\"https:\/\/exceladvisor.org\/de\/wp-content\/uploads\/2023\/11\/exceladvisor.org_.png\",\"width\":105,\"height\":36,\"caption\":\"Excel Advisor\"},\"image\":{\"@id\":\"https:\/\/exceladvisor.org\/de\/#\/schema\/logo\/image\/\"}}]}<\/script>\n<!-- \/ Yoast SEO plugin. -->","yoast_head_json":{"title":"Wie verwende ich Format Painter in Excel? (Geheime Methode)","description":"Sie m\u00f6chten nicht immer wieder Zeit mit der Formatierung verschwenden. Erfahren Sie, wie Sie Format Painter in Excel zum Kopieren und Anwenden verwenden","robots":{"index":"index","follow":"follow","max-snippet":"max-snippet:-1","max-image-preview":"max-image-preview:large","max-video-preview":"max-video-preview:-1"},"canonical":"https:\/\/exceladvisor.org\/de\/malerformat\/","og_locale":"de_DE","og_type":"article","og_title":"Wie verwende ich Format Painter in Excel? (Geheime Methode)","og_description":"Sie m\u00f6chten nicht immer wieder Zeit mit der Formatierung verschwenden. Erfahren Sie, wie Sie Format Painter in Excel zum Kopieren und Anwenden verwenden","og_url":"https:\/\/exceladvisor.org\/de\/malerformat\/","og_site_name":"Excel Advisor","article_modified_time":"2023-12-03T13:04:56+00:00","og_image":[{"url":"https:\/\/exceladvisor.org\/wp-content\/uploads\/2023\/08\/format-peintre-bouton-onglet-accueil-1.png","type":"","width":"","height":""}],"twitter_card":"summary_large_image","twitter_misc":{"Gesch\u00e4tzte Lesezeit":"2\u00a0Minuten"},"schema":{"@context":"https:\/\/schema.org","@graph":[{"@type":"WebPage","@id":"https:\/\/exceladvisor.org\/de\/malerformat\/","url":"https:\/\/exceladvisor.org\/de\/malerformat\/","name":"Wie verwende ich Format Painter in Excel? (Geheime Methode)","isPartOf":{"@id":"https:\/\/exceladvisor.org\/de\/#website"},"primaryImageOfPage":{"@id":"https:\/\/exceladvisor.org\/de\/malerformat\/#primaryimage"},"image":{"@id":"https:\/\/exceladvisor.org\/de\/malerformat\/#primaryimage"},"thumbnailUrl":"https:\/\/exceladvisor.org\/wp-content\/uploads\/2023\/08\/format-peintre-bouton-onglet-accueil-1.png","datePublished":"2023-11-15T01:08:57+00:00","dateModified":"2023-12-03T13:04:56+00:00","description":"Sie m\u00f6chten nicht immer wieder Zeit mit der Formatierung verschwenden. Erfahren Sie, wie Sie Format Painter in Excel zum Kopieren und Anwenden verwenden","breadcrumb":{"@id":"https:\/\/exceladvisor.org\/de\/malerformat\/#breadcrumb"},"inLanguage":"de","potentialAction":[{"@type":"ReadAction","target":["https:\/\/exceladvisor.org\/de\/malerformat\/"]}]},{"@type":"ImageObject","inLanguage":"de","@id":"https:\/\/exceladvisor.org\/de\/malerformat\/#primaryimage","url":"https:\/\/exceladvisor.org\/wp-content\/uploads\/2023\/08\/format-peintre-bouton-onglet-accueil-1.png","contentUrl":"https:\/\/exceladvisor.org\/wp-content\/uploads\/2023\/08\/format-peintre-bouton-onglet-accueil-1.png"},{"@type":"BreadcrumbList","@id":"https:\/\/exceladvisor.org\/de\/malerformat\/#breadcrumb","itemListElement":[{"@type":"ListItem","position":1,"name":"Accueil","item":"https:\/\/exceladvisor.org\/de\/"},{"@type":"ListItem","position":2,"name":"Wie verwende ich format painter in excel?"}]},{"@type":"WebSite","@id":"https:\/\/exceladvisor.org\/de\/#website","url":"https:\/\/exceladvisor.org\/de\/","name":"Excel Advisor","description":"Ihr Leitfaden zur Datendominanz","publisher":{"@id":"https:\/\/exceladvisor.org\/de\/#organization"},"potentialAction":[{"@type":"SearchAction","target":{"@type":"EntryPoint","urlTemplate":"https:\/\/exceladvisor.org\/de\/?s={search_term_string}"},"query-input":{"@type":"PropertyValueSpecification","valueRequired":true,"valueName":"search_term_string"}}],"inLanguage":"de"},{"@type":"Organization","@id":"https:\/\/exceladvisor.org\/de\/#organization","name":"Excel Advisor","url":"https:\/\/exceladvisor.org\/de\/","logo":{"@type":"ImageObject","inLanguage":"de","@id":"https:\/\/exceladvisor.org\/de\/#\/schema\/logo\/image\/","url":"https:\/\/exceladvisor.org\/de\/wp-content\/uploads\/2023\/11\/exceladvisor.org_.png","contentUrl":"https:\/\/exceladvisor.org\/de\/wp-content\/uploads\/2023\/11\/exceladvisor.org_.png","width":105,"height":36,"caption":"Excel Advisor"},"image":{"@id":"https:\/\/exceladvisor.org\/de\/#\/schema\/logo\/image\/"}}]}},"yoast_meta":{"yoast_wpseo_title":"","yoast_wpseo_metadesc":"","yoast_wpseo_canonical":""},"_links":{"self":[{"href":"https:\/\/exceladvisor.org\/de\/wp-json\/wp\/v2\/pages\/3120","targetHints":{"allow":["GET"]}}],"collection":[{"href":"https:\/\/exceladvisor.org\/de\/wp-json\/wp\/v2\/pages"}],"about":[{"href":"https:\/\/exceladvisor.org\/de\/wp-json\/wp\/v2\/types\/page"}],"author":[{"embeddable":true,"href":"https:\/\/exceladvisor.org\/de\/wp-json\/wp\/v2\/users\/1"}],"replies":[{"embeddable":true,"href":"https:\/\/exceladvisor.org\/de\/wp-json\/wp\/v2\/comments?post=3120"}],"version-history":[{"count":1,"href":"https:\/\/exceladvisor.org\/de\/wp-json\/wp\/v2\/pages\/3120\/revisions"}],"predecessor-version":[{"id":4364,"href":"https:\/\/exceladvisor.org\/de\/wp-json\/wp\/v2\/pages\/3120\/revisions\/4364"}],"wp:attachment":[{"href":"https:\/\/exceladvisor.org\/de\/wp-json\/wp\/v2\/media?parent=3120"}],"curies":[{"name":"wp","href":"https:\/\/api.w.org\/{rel}","templated":true}]}}