{"id":3121,"date":"2023-11-14T19:39:30","date_gmt":"2023-11-14T19:39:30","guid":{"rendered":"https:\/\/exceladvisor.org\/de\/entfernen-sie-ausgeblendete-zeilenspalten\/"},"modified":"2023-12-03T11:19:12","modified_gmt":"2023-12-03T11:19:12","slug":"entfernen-sie-ausgeblendete-zeilenspalten","status":"publish","type":"page","link":"https:\/\/exceladvisor.org\/de\/entfernen-sie-ausgeblendete-zeilenspalten\/","title":{"rendered":"Wie entferne ich versteckte zeilen in excel?"},"content":{"rendered":"<div class=\"excel-vor-dem-inhalt\" id=\"excel-2214468979\"><script type=\"text\/javascript\">\r\n\tatOptions = {\r\n\t\t'key' : 'c1158f160081d6540a8409e6925dab94',\r\n\t\t'format' : 'iframe',\r\n\t\t'height' : 250,\r\n\t\t'width' : 300,\r\n\t\t'params' : {}\r\n\t};\r\n<\/script>\r\n<script type=\"text\/javascript\" src=\"\/\/www.highperformanceformat.com\/c1158f160081d6540a8409e6925dab94\/invoke.js\"><\/script><\/div> <p>Bei der Arbeit an Excel-Daten blenden Benutzer manchmal mehrere Zeilen und Spalten aus, die sie nicht sehen m\u00f6chten, und sp\u00e4ter nach der Vorbereitung der Daten ist das Entfernen dieser mehreren ausgeblendeten Zeilen und Spalten in den Daten eine m\u00fchsame Aufgabe.<\/p><p> Um dieses Problem zu l\u00f6sen, verf\u00fcgt Excel \u00fcber eine integrierte Funktion, mit der versteckte Zeilen und Spalten auf einmal gefunden und entfernt werden k\u00f6nnen. Hier sind einige schnelle und einfache Schritte zum Entfernen aller ausgeblendeten Zeilen oder Spalten in Excel. <\/p><h2 id=\"delete-all-hidden-rows-or-columns-in-excel-using-inspect-document\" class=\"wp-block-heading\">Entfernen Sie alle ausgeblendeten Zeilen oder Spalten in Excel mit \u201eDokument pr\u00fcfen\u201c.<\/h2><ol><li> Klicken Sie zun\u00e4chst auf die Registerkarte \u201eDatei\u201c. <br><img loading=\"lazy\" decoding=\"async\" title=\"1-Datei-Registerkarte\" src=\"https:\/\/exceladvisor.org\/wp-content\/uploads\/2023\/08\/1-onglet-fichier.png\" sizes=\"auto, \" srcset=\"\" alt=\"file-tab\" width=\"544\" height=\"120\"><\/li><li> Klicken Sie anschlie\u00dfend im Kontextmen\u00fc auf \u201eInfo\u201c, dann auf \u201eAuf Probleme pr\u00fcfen\u201c und dann auf \u201eDokument pr\u00fcfen\u201c. <br><img loading=\"lazy\" decoding=\"async\" title=\"2-inspect-document\" src=\"https:\/\/exceladvisor.org\/wp-content\/uploads\/2023\/08\/2-inspecter-le-document.png\" sizes=\"auto, \" srcset=\"\" alt=\"inspect-document\" width=\"602\" height=\"506\"><\/li><li> Sobald Sie auf \u201eDokument pr\u00fcfen\u201c klicken, \u00f6ffnet Excel das Men\u00fc \u201eDokumentpr\u00fcfung\u201c.<\/li><li> Jetzt m\u00fcssen Sie nur noch auf die Schaltfl\u00e4che \u201eInspizieren\u201c klicken. <br><img loading=\"lazy\" decoding=\"async\" title=\"3-Dokumenten-Inspektor\" src=\"https:\/\/exceladvisor.org\/wp-content\/uploads\/2023\/08\/3-inspecteur-de-documents.png\" sizes=\"auto, \" srcset=\"\" alt=\"document-inspector\" width=\"450\" height=\"417\"><\/li><li> Klicken Sie abschlie\u00dfend in der Auswahl \u201eAusgeblendete Zeilen und Spalten\u201c auf \u201eAlle l\u00f6schen\u201c. <br><img loading=\"lazy\" decoding=\"async\" title=\"4-alles l\u00f6schen\" src=\"https:\/\/exceladvisor.org\/wp-content\/uploads\/2023\/08\/4-supprimer-tout.png\" sizes=\"auto, \" srcset=\"\" alt=\"remove-all\" width=\"452\" height=\"421\"><\/li><li> Zu diesem Zeitpunkt wurden alle ausgeblendeten Zeilen oder Spalten in Excel gel\u00f6scht. <br><img loading=\"lazy\" decoding=\"async\" title=\"5-versteckte-Zeilen-und-Spalten\" src=\"https:\/\/exceladvisor.org\/wp-content\/uploads\/2023\/08\/5-lignes-et-colonnes-masquees.png\" sizes=\"auto, \" srcset=\"\" alt=\"hidden-rows-and-columns\" width=\"451\" height=\"415\"><\/li><\/ol><h2 id=\"delete-all-hidden-rows-or-column-using-vba-macros\" class=\"wp-block-heading\"> Entfernen Sie alle ausgeblendeten Zeilen oder Spalten mit VBA<\/h2><p> In den folgenden beiden Codes k\u00f6nnen Sie die ausgeblendeten Zeilen und Spalten aus dem verwendeten Bereich entfernen.<\/p><pre class=\"wp-block-code\"> <code class=\"language-visual-basic line-numbers\" lang=\"visual-basic\">Sub delete_hidden_columns() Dim ws As Worksheet Dim iCol As Integer Set ws = ActiveSheet iCol = ws.UsedRange.Columns(ws.UsedRange.Columns.Count).Column For i = iCol To 1 Step -1 If Columns(i).Hidden = True Then Columns(i).EntireColumn.Delete Next End Sub '------------------------------------------------- Sub delete_hidden_rows() Dim ws As Worksheet Dim iRow As Integer Set ws = ActiveSheet iRow = ws.UsedRange.Columns(ws.UsedRange.Rows.Count).Row For i = iRow To 1 Step -1 If Rows(i).Hidden = True Then Rows(i).EntireRow.Delete Next End Sub<\/code><\/pre><div class=\"gb-container gb-container-4db6181c gb-container-mt\"> <a class=\"gb-button gb-button-c5897111 gb-button-text gb-button-mt-button\" href=\"https:\/\/exceladvisor.org\/de\/excel-grundlagen\/\">Microsoft Excel-Grundlagen (Komponenten, Teile und Wissenshinweise)<\/a><h2 class=\"gb-headline gb-headline-665e5f6b gb-headline-text gb-headline-mt-heading\"> Verwandte Tutorials <\/h2><div class=\"gb-grid-wrapper gb-grid-wrapper-a20baf7c gb-grid-wrapper-mt-grid\"><div class=\"gb-grid-column gb-grid-column-65ddf67e\"><div class=\"gb-container gb-container-65ddf67e\"><ul><li> <a href=\"https:\/\/exceladvisor.org\/de\/hyperlinks-hinzufugen-und-entfernen\/\">F\u00fcgen Sie Hyperlinks in Excel hinzu und entfernen Sie sie<\/a><\/li><li> <a href=\"https:\/\/exceladvisor.org\/de\/wasserzeichen-hinzufugen\/\">F\u00fcgen Sie in Excel ein Wasserzeichen hinzu<\/a><\/li><li> <a href=\"https:\/\/exceladvisor.org\/de\/zellen-abwahlen\/\">Zellen in Excel abw\u00e4hlen<\/a><\/li><li> <a href=\"https:\/\/exceladvisor.org\/de\/fugen-sie-eine-spalte-hinzu\/\">F\u00fcgen Sie eine Spalte in Excel hinzu<\/a> <\/li><\/ul><\/div><\/div><div class=\"gb-grid-column gb-grid-column-50067b57\"><div class=\"gb-container gb-container-50067b57\"><ul><li> <a href=\"https:\/\/exceladvisor.org\/de\/zeilen-loschen\/\">L\u00f6schen Sie eine Zeile oder mehrere Zeilen in Excel<\/a><\/li><li> <a href=\"https:\/\/exceladvisor.org\/de\/spalte-kopieren\/\">Kopieren Sie eine Spalte und f\u00fcgen Sie sie in Excel ein<\/a><\/li><li> <a href=\"https:\/\/exceladvisor.org\/de\/zeilenspalte-verschieben\/\">Verschieben Sie eine Zeile und Spalte in Excel<\/a><\/li><li> <a href=\"https:\/\/exceladvisor.org\/de\/spaltenbreite\/\">So \u00e4ndern Sie die Spaltenbreite in Excel<\/a><\/li><\/ul><\/div><\/div><\/div><\/div>","protected":false},"excerpt":{"rendered":"","protected":false},"author":1,"featured_media":0,"parent":0,"menu_order":0,"comment_status":"open","ping_status":"closed","template":"","meta":{"ub_ctt_via":"","footnotes":""},"class_list":["post-3121","page","type-page","status-publish","hentry"],"featured_image_src":null,"yoast_head":"<!-- This site is optimized with the Yoast SEO plugin v25.4 - https:\/\/yoast.com\/wordpress\/plugins\/seo\/ -->\n<title>\u25b7 Wie entferne ich ausgeblendete Zeilen in Excel?<\/title>\n<meta name=\"description\" content=\"In diesem Tutorial erfahren Sie, wie Sie mit zwei verschiedenen Methoden alle ausgeblendeten Zeilen und Spalten entfernen.\" \/>\n<meta name=\"robots\" content=\"index, follow, max-snippet:-1, max-image-preview:large, max-video-preview:-1\" \/>\n<link rel=\"canonical\" href=\"https:\/\/exceladvisor.org\/de\/entfernen-sie-ausgeblendete-zeilenspalten\/\" \/>\n<meta property=\"og:locale\" content=\"de_DE\" \/>\n<meta property=\"og:type\" content=\"article\" \/>\n<meta property=\"og:title\" content=\"\u25b7 Wie entferne ich ausgeblendete Zeilen in Excel?\" \/>\n<meta property=\"og:description\" content=\"In diesem Tutorial erfahren Sie, wie Sie mit zwei verschiedenen Methoden alle ausgeblendeten Zeilen und Spalten entfernen.\" \/>\n<meta property=\"og:url\" content=\"https:\/\/exceladvisor.org\/de\/entfernen-sie-ausgeblendete-zeilenspalten\/\" \/>\n<meta property=\"og:site_name\" content=\"Excel Advisor\" \/>\n<meta property=\"article:modified_time\" content=\"2023-12-03T11:19:12+00:00\" \/>\n<meta property=\"og:image\" content=\"https:\/\/exceladvisor.org\/wp-content\/uploads\/2023\/08\/1-onglet-fichier.png\" \/>\n<meta name=\"twitter:card\" content=\"summary_large_image\" \/>\n<meta name=\"twitter:label1\" content=\"Gesch\u00e4tzte Lesezeit\" \/>\n\t<meta name=\"twitter:data1\" content=\"2\u00a0Minuten\" \/>\n<script type=\"application\/ld+json\" class=\"yoast-schema-graph\">{\"@context\":\"https:\/\/schema.org\",\"@graph\":[{\"@type\":\"WebPage\",\"@id\":\"https:\/\/exceladvisor.org\/de\/entfernen-sie-ausgeblendete-zeilenspalten\/\",\"url\":\"https:\/\/exceladvisor.org\/de\/entfernen-sie-ausgeblendete-zeilenspalten\/\",\"name\":\"\u25b7 Wie entferne ich ausgeblendete Zeilen in Excel?\",\"isPartOf\":{\"@id\":\"https:\/\/exceladvisor.org\/de\/#website\"},\"primaryImageOfPage\":{\"@id\":\"https:\/\/exceladvisor.org\/de\/entfernen-sie-ausgeblendete-zeilenspalten\/#primaryimage\"},\"image\":{\"@id\":\"https:\/\/exceladvisor.org\/de\/entfernen-sie-ausgeblendete-zeilenspalten\/#primaryimage\"},\"thumbnailUrl\":\"https:\/\/exceladvisor.org\/wp-content\/uploads\/2023\/08\/1-onglet-fichier.png\",\"datePublished\":\"2023-11-14T19:39:30+00:00\",\"dateModified\":\"2023-12-03T11:19:12+00:00\",\"description\":\"In diesem Tutorial erfahren Sie, wie Sie mit zwei verschiedenen Methoden alle ausgeblendeten Zeilen und Spalten entfernen.\",\"breadcrumb\":{\"@id\":\"https:\/\/exceladvisor.org\/de\/entfernen-sie-ausgeblendete-zeilenspalten\/#breadcrumb\"},\"inLanguage\":\"de\",\"potentialAction\":[{\"@type\":\"ReadAction\",\"target\":[\"https:\/\/exceladvisor.org\/de\/entfernen-sie-ausgeblendete-zeilenspalten\/\"]}]},{\"@type\":\"ImageObject\",\"inLanguage\":\"de\",\"@id\":\"https:\/\/exceladvisor.org\/de\/entfernen-sie-ausgeblendete-zeilenspalten\/#primaryimage\",\"url\":\"https:\/\/exceladvisor.org\/wp-content\/uploads\/2023\/08\/1-onglet-fichier.png\",\"contentUrl\":\"https:\/\/exceladvisor.org\/wp-content\/uploads\/2023\/08\/1-onglet-fichier.png\"},{\"@type\":\"BreadcrumbList\",\"@id\":\"https:\/\/exceladvisor.org\/de\/entfernen-sie-ausgeblendete-zeilenspalten\/#breadcrumb\",\"itemListElement\":[{\"@type\":\"ListItem\",\"position\":1,\"name\":\"Accueil\",\"item\":\"https:\/\/exceladvisor.org\/de\/\"},{\"@type\":\"ListItem\",\"position\":2,\"name\":\"Wie entferne ich versteckte zeilen in excel?\"}]},{\"@type\":\"WebSite\",\"@id\":\"https:\/\/exceladvisor.org\/de\/#website\",\"url\":\"https:\/\/exceladvisor.org\/de\/\",\"name\":\"Excel Advisor\",\"description\":\"Ihr Leitfaden zur Datendominanz\",\"publisher\":{\"@id\":\"https:\/\/exceladvisor.org\/de\/#organization\"},\"potentialAction\":[{\"@type\":\"SearchAction\",\"target\":{\"@type\":\"EntryPoint\",\"urlTemplate\":\"https:\/\/exceladvisor.org\/de\/?s={search_term_string}\"},\"query-input\":{\"@type\":\"PropertyValueSpecification\",\"valueRequired\":true,\"valueName\":\"search_term_string\"}}],\"inLanguage\":\"de\"},{\"@type\":\"Organization\",\"@id\":\"https:\/\/exceladvisor.org\/de\/#organization\",\"name\":\"Excel Advisor\",\"url\":\"https:\/\/exceladvisor.org\/de\/\",\"logo\":{\"@type\":\"ImageObject\",\"inLanguage\":\"de\",\"@id\":\"https:\/\/exceladvisor.org\/de\/#\/schema\/logo\/image\/\",\"url\":\"https:\/\/exceladvisor.org\/de\/wp-content\/uploads\/2023\/11\/exceladvisor.org_.png\",\"contentUrl\":\"https:\/\/exceladvisor.org\/de\/wp-content\/uploads\/2023\/11\/exceladvisor.org_.png\",\"width\":105,\"height\":36,\"caption\":\"Excel Advisor\"},\"image\":{\"@id\":\"https:\/\/exceladvisor.org\/de\/#\/schema\/logo\/image\/\"}}]}<\/script>\n<!-- \/ Yoast SEO plugin. -->","yoast_head_json":{"title":"\u25b7 Wie entferne ich ausgeblendete Zeilen in Excel?","description":"In diesem Tutorial erfahren Sie, wie Sie mit zwei verschiedenen Methoden alle ausgeblendeten Zeilen und Spalten entfernen.","robots":{"index":"index","follow":"follow","max-snippet":"max-snippet:-1","max-image-preview":"max-image-preview:large","max-video-preview":"max-video-preview:-1"},"canonical":"https:\/\/exceladvisor.org\/de\/entfernen-sie-ausgeblendete-zeilenspalten\/","og_locale":"de_DE","og_type":"article","og_title":"\u25b7 Wie entferne ich ausgeblendete Zeilen in Excel?","og_description":"In diesem Tutorial erfahren Sie, wie Sie mit zwei verschiedenen Methoden alle ausgeblendeten Zeilen und Spalten entfernen.","og_url":"https:\/\/exceladvisor.org\/de\/entfernen-sie-ausgeblendete-zeilenspalten\/","og_site_name":"Excel Advisor","article_modified_time":"2023-12-03T11:19:12+00:00","og_image":[{"url":"https:\/\/exceladvisor.org\/wp-content\/uploads\/2023\/08\/1-onglet-fichier.png","type":"","width":"","height":""}],"twitter_card":"summary_large_image","twitter_misc":{"Gesch\u00e4tzte Lesezeit":"2\u00a0Minuten"},"schema":{"@context":"https:\/\/schema.org","@graph":[{"@type":"WebPage","@id":"https:\/\/exceladvisor.org\/de\/entfernen-sie-ausgeblendete-zeilenspalten\/","url":"https:\/\/exceladvisor.org\/de\/entfernen-sie-ausgeblendete-zeilenspalten\/","name":"\u25b7 Wie entferne ich ausgeblendete Zeilen in Excel?","isPartOf":{"@id":"https:\/\/exceladvisor.org\/de\/#website"},"primaryImageOfPage":{"@id":"https:\/\/exceladvisor.org\/de\/entfernen-sie-ausgeblendete-zeilenspalten\/#primaryimage"},"image":{"@id":"https:\/\/exceladvisor.org\/de\/entfernen-sie-ausgeblendete-zeilenspalten\/#primaryimage"},"thumbnailUrl":"https:\/\/exceladvisor.org\/wp-content\/uploads\/2023\/08\/1-onglet-fichier.png","datePublished":"2023-11-14T19:39:30+00:00","dateModified":"2023-12-03T11:19:12+00:00","description":"In diesem Tutorial erfahren Sie, wie Sie mit zwei verschiedenen Methoden alle ausgeblendeten Zeilen und Spalten entfernen.","breadcrumb":{"@id":"https:\/\/exceladvisor.org\/de\/entfernen-sie-ausgeblendete-zeilenspalten\/#breadcrumb"},"inLanguage":"de","potentialAction":[{"@type":"ReadAction","target":["https:\/\/exceladvisor.org\/de\/entfernen-sie-ausgeblendete-zeilenspalten\/"]}]},{"@type":"ImageObject","inLanguage":"de","@id":"https:\/\/exceladvisor.org\/de\/entfernen-sie-ausgeblendete-zeilenspalten\/#primaryimage","url":"https:\/\/exceladvisor.org\/wp-content\/uploads\/2023\/08\/1-onglet-fichier.png","contentUrl":"https:\/\/exceladvisor.org\/wp-content\/uploads\/2023\/08\/1-onglet-fichier.png"},{"@type":"BreadcrumbList","@id":"https:\/\/exceladvisor.org\/de\/entfernen-sie-ausgeblendete-zeilenspalten\/#breadcrumb","itemListElement":[{"@type":"ListItem","position":1,"name":"Accueil","item":"https:\/\/exceladvisor.org\/de\/"},{"@type":"ListItem","position":2,"name":"Wie entferne ich versteckte zeilen in excel?"}]},{"@type":"WebSite","@id":"https:\/\/exceladvisor.org\/de\/#website","url":"https:\/\/exceladvisor.org\/de\/","name":"Excel Advisor","description":"Ihr Leitfaden zur Datendominanz","publisher":{"@id":"https:\/\/exceladvisor.org\/de\/#organization"},"potentialAction":[{"@type":"SearchAction","target":{"@type":"EntryPoint","urlTemplate":"https:\/\/exceladvisor.org\/de\/?s={search_term_string}"},"query-input":{"@type":"PropertyValueSpecification","valueRequired":true,"valueName":"search_term_string"}}],"inLanguage":"de"},{"@type":"Organization","@id":"https:\/\/exceladvisor.org\/de\/#organization","name":"Excel Advisor","url":"https:\/\/exceladvisor.org\/de\/","logo":{"@type":"ImageObject","inLanguage":"de","@id":"https:\/\/exceladvisor.org\/de\/#\/schema\/logo\/image\/","url":"https:\/\/exceladvisor.org\/de\/wp-content\/uploads\/2023\/11\/exceladvisor.org_.png","contentUrl":"https:\/\/exceladvisor.org\/de\/wp-content\/uploads\/2023\/11\/exceladvisor.org_.png","width":105,"height":36,"caption":"Excel Advisor"},"image":{"@id":"https:\/\/exceladvisor.org\/de\/#\/schema\/logo\/image\/"}}]}},"yoast_meta":{"yoast_wpseo_title":"","yoast_wpseo_metadesc":"","yoast_wpseo_canonical":""},"_links":{"self":[{"href":"https:\/\/exceladvisor.org\/de\/wp-json\/wp\/v2\/pages\/3121","targetHints":{"allow":["GET"]}}],"collection":[{"href":"https:\/\/exceladvisor.org\/de\/wp-json\/wp\/v2\/pages"}],"about":[{"href":"https:\/\/exceladvisor.org\/de\/wp-json\/wp\/v2\/types\/page"}],"author":[{"embeddable":true,"href":"https:\/\/exceladvisor.org\/de\/wp-json\/wp\/v2\/users\/1"}],"replies":[{"embeddable":true,"href":"https:\/\/exceladvisor.org\/de\/wp-json\/wp\/v2\/comments?post=3121"}],"version-history":[{"count":1,"href":"https:\/\/exceladvisor.org\/de\/wp-json\/wp\/v2\/pages\/3121\/revisions"}],"predecessor-version":[{"id":3917,"href":"https:\/\/exceladvisor.org\/de\/wp-json\/wp\/v2\/pages\/3121\/revisions\/3917"}],"wp:attachment":[{"href":"https:\/\/exceladvisor.org\/de\/wp-json\/wp\/v2\/media?parent=3121"}],"curies":[{"name":"wp","href":"https:\/\/api.w.org\/{rel}","templated":true}]}}